{"id":163369,"date":"2023-03-28T15:19:24","date_gmt":"2023-03-28T13:19:24","guid":{"rendered":"https:\/\/shop.bantam.ch\/produit\/abstandhalter-bike-block\/"},"modified":"2026-04-19T00:19:39","modified_gmt":"2026-04-18T22:19:39","slug":"abstandhalter-bike-block","status":"publish","type":"product","link":"https:\/\/shop.bantam.ch\/de\/produkt\/abstandhalter-bike-block\/","title":{"rendered":"Abstandhalter Bike Block"},"content":{"rendered":"<p>Zur sicheren Arretierung von Fahrr\u00e4dern an Fahrrad\u00adtr\u00e4ger von 2,8 bis 3,5 cm Rohrdurchmesser. Passend f\u00fcr Fahrr\u00e4der mit einem Rahmendurchmesser von 2,5 bis 8,0 cm. Geeignet f\u00fcr alle Carry Bike Modelle und Fahrradtr\u00e4ger anderer Hersteller (Rohrdurchmesser beachten). Befestigungsk\u00f6pfe um 360\u00b0 drehbar. Massives Alu-Rohr (\u00d8 3 cm).<\/p>\n","protected":false},"excerpt":{"rendered":"<p>Zur sicheren Arretierung von Fahrr\u00e4dern an Fahrrad\u00adtr\u00e4ger von 2,8 bis 3,5 cm Rohrdurchmesser. Passend f\u00fcr Fahrr\u00e4der mit einem Rahmendurchmesser von 2,5 bis 8,0 cm. Geeignet f\u00fcr alle Carry Bike Modelle und Fahrradtr\u00e4ger anderer Hersteller (Rohrdurchmesser beachten). Befestigungsk\u00f6pfe um 360\u00b0 drehbar. Massives Alu-Rohr (\u00d8 3 cm).<\/p>\n","protected":false},"featured_media":163340,"template":"","meta":{"_acf_changed":false},"product_featured_cat":[],"product_brand":[3035],"product_cat":[4690],"product_tag":[],"class_list":{"0":"post-163369","1":"product","2":"type-product","3":"status-publish","4":"has-post-thumbnail","6":"product_brand-fiamma-de","7":"product_cat-fahrradhalter-schienen","9":"first","10":"instock","11":"taxable","12":"shipping-taxable","13":"purchasable","14":"product-type-variable"},"acf":[],"yoast_head":"<!-- This site is optimized with the Yoast SEO plugin v27.4 - https:\/\/yoast.com\/product\/yoast-seo-wordpress\/ -->\n<title>Abstandhalter Bike Block - Bantam Camping AG<\/title>\n<meta name=\"robots\" content=\"index, follow, max-snippet:-1, max-image-preview:large, max-video-preview:-1\" \/>\n<link rel=\"canonical\" href=\"https:\/\/shop.bantam.ch\/de\/produkt\/abstandhalter-bike-block\/\" \/>\n<meta property=\"og:locale\" content=\"de_DE\" \/>\n<meta property=\"og:type\" content=\"article\" \/>\n<meta property=\"og:title\" content=\"Abstandhalter Bike Block - Bantam Camping AG\" \/>\n<meta property=\"og:description\" content=\"Zur sicheren Arretierung von Fahrr\u00e4dern an Fahrrad\u00adtr\u00e4ger von 2,8 bis 3,5 cm Rohrdurchmesser. Passend f\u00fcr Fahrr\u00e4der mit einem Rahmendurchmesser von 2,5 bis 8,0 cm. Geeignet f\u00fcr alle Carry Bike Modelle und Fahrradtr\u00e4ger anderer Hersteller (Rohrdurchmesser beachten). Befestigungsk\u00f6pfe um 360\u00b0 drehbar. Massives Alu-Rohr (\u00d8 3 cm).\" \/>\n<meta property=\"og:url\" content=\"https:\/\/shop.bantam.ch\/de\/produkt\/abstandhalter-bike-block\/\" \/>\n<meta property=\"og:site_name\" content=\"Bantam Camping AG\" \/>\n<meta property=\"article:modified_time\" content=\"2026-04-18T22:19:39+00:00\" \/>\n<meta property=\"og:image\" content=\"https:\/\/shop.bantam.ch\/wp-content\/uploads\/2023\/03\/9987241-Bike_Block_PRO_2_rot-Standard-01-2.jpg\" \/>\n\t<meta property=\"og:image:width\" content=\"1000\" \/>\n\t<meta property=\"og:image:height\" content=\"390\" \/>\n\t<meta property=\"og:image:type\" content=\"image\/jpeg\" \/>\n<meta name=\"twitter:card\" content=\"summary_large_image\" \/>\n<script type=\"application\/ld+json\" class=\"yoast-schema-graph\">{\"@context\":\"https:\\\/\\\/schema.org\",\"@graph\":[{\"@type\":\"WebPage\",\"@id\":\"https:\\\/\\\/shop.bantam.ch\\\/de\\\/produkt\\\/abstandhalter-bike-block\\\/\",\"url\":\"https:\\\/\\\/shop.bantam.ch\\\/de\\\/produkt\\\/abstandhalter-bike-block\\\/\",\"name\":\"Abstandhalter Bike Block - Bantam Camping AG\",\"isPartOf\":{\"@id\":\"https:\\\/\\\/shop.bantam.ch\\\/de\\\/#website\"},\"primaryImageOfPage\":{\"@id\":\"https:\\\/\\\/shop.bantam.ch\\\/de\\\/produkt\\\/abstandhalter-bike-block\\\/#primaryimage\"},\"image\":{\"@id\":\"https:\\\/\\\/shop.bantam.ch\\\/de\\\/produkt\\\/abstandhalter-bike-block\\\/#primaryimage\"},\"thumbnailUrl\":\"https:\\\/\\\/shop.bantam.ch\\\/wp-content\\\/uploads\\\/2023\\\/03\\\/9987241-Bike_Block_PRO_2_rot-Standard-01-2.jpg\",\"datePublished\":\"2023-03-28T13:19:24+00:00\",\"dateModified\":\"2026-04-18T22:19:39+00:00\",\"breadcrumb\":{\"@id\":\"https:\\\/\\\/shop.bantam.ch\\\/de\\\/produkt\\\/abstandhalter-bike-block\\\/#breadcrumb\"},\"inLanguage\":\"de\",\"potentialAction\":[{\"@type\":\"ReadAction\",\"target\":[\"https:\\\/\\\/shop.bantam.ch\\\/de\\\/produkt\\\/abstandhalter-bike-block\\\/\"]}]},{\"@type\":\"ImageObject\",\"inLanguage\":\"de\",\"@id\":\"https:\\\/\\\/shop.bantam.ch\\\/de\\\/produkt\\\/abstandhalter-bike-block\\\/#primaryimage\",\"url\":\"https:\\\/\\\/shop.bantam.ch\\\/wp-content\\\/uploads\\\/2023\\\/03\\\/9987241-Bike_Block_PRO_2_rot-Standard-01-2.jpg\",\"contentUrl\":\"https:\\\/\\\/shop.bantam.ch\\\/wp-content\\\/uploads\\\/2023\\\/03\\\/9987241-Bike_Block_PRO_2_rot-Standard-01-2.jpg\",\"width\":1000,\"height\":390},{\"@type\":\"BreadcrumbList\",\"@id\":\"https:\\\/\\\/shop.bantam.ch\\\/de\\\/produkt\\\/abstandhalter-bike-block\\\/#breadcrumb\",\"itemListElement\":[{\"@type\":\"ListItem\",\"position\":1,\"name\":\"Accueil\",\"item\":\"https:\\\/\\\/shop.bantam.ch\\\/de\\\/\"},{\"@type\":\"ListItem\",\"position\":2,\"name\":\"Shop\",\"item\":\"https:\\\/\\\/shop.bantam.ch\\\/de\\\/shop\\\/\"},{\"@type\":\"ListItem\",\"position\":3,\"name\":\"Abstandhalter Bike Block\"}]},{\"@type\":\"WebSite\",\"@id\":\"https:\\\/\\\/shop.bantam.ch\\\/de\\\/#website\",\"url\":\"https:\\\/\\\/shop.bantam.ch\\\/de\\\/\",\"name\":\"Bantam Camping AG\",\"description\":\"\",\"publisher\":{\"@id\":\"https:\\\/\\\/shop.bantam.ch\\\/de\\\/#organization\"},\"inLanguage\":\"de\"},{\"@type\":\"Organization\",\"@id\":\"https:\\\/\\\/shop.bantam.ch\\\/de\\\/#organization\",\"name\":\"Bantam Camping AG\",\"url\":\"https:\\\/\\\/shop.bantam.ch\\\/de\\\/\",\"logo\":{\"@type\":\"ImageObject\",\"inLanguage\":\"de\",\"@id\":\"https:\\\/\\\/shop.bantam.ch\\\/de\\\/#\\\/schema\\\/logo\\\/image\\\/\",\"url\":\"https:\\\/\\\/shop.bantam.ch\\\/wp-content\\\/uploads\\\/2022\\\/12\\\/bantam-logo.png\",\"contentUrl\":\"https:\\\/\\\/shop.bantam.ch\\\/wp-content\\\/uploads\\\/2022\\\/12\\\/bantam-logo.png\",\"width\":320,\"height\":71,\"caption\":\"Bantam Camping AG\"},\"image\":{\"@id\":\"https:\\\/\\\/shop.bantam.ch\\\/de\\\/#\\\/schema\\\/logo\\\/image\\\/\"}}]}<\/script>\n<!-- \/ Yoast SEO plugin. -->","yoast_head_json":{"title":"Abstandhalter Bike Block - Bantam Camping AG","robots":{"index":"index","follow":"follow","max-snippet":"max-snippet:-1","max-image-preview":"max-image-preview:large","max-video-preview":"max-video-preview:-1"},"canonical":"https:\/\/shop.bantam.ch\/de\/produkt\/abstandhalter-bike-block\/","og_locale":"de_DE","og_type":"article","og_title":"Abstandhalter Bike Block - Bantam Camping AG","og_description":"Zur sicheren Arretierung von Fahrr\u00e4dern an Fahrrad\u00adtr\u00e4ger von 2,8 bis 3,5 cm Rohrdurchmesser. Passend f\u00fcr Fahrr\u00e4der mit einem Rahmendurchmesser von 2,5 bis 8,0 cm. Geeignet f\u00fcr alle Carry Bike Modelle und Fahrradtr\u00e4ger anderer Hersteller (Rohrdurchmesser beachten). Befestigungsk\u00f6pfe um 360\u00b0 drehbar. Massives Alu-Rohr (\u00d8 3 cm).","og_url":"https:\/\/shop.bantam.ch\/de\/produkt\/abstandhalter-bike-block\/","og_site_name":"Bantam Camping AG","article_modified_time":"2026-04-18T22:19:39+00:00","og_image":[{"width":1000,"height":390,"url":"https:\/\/shop.bantam.ch\/wp-content\/uploads\/2023\/03\/9987241-Bike_Block_PRO_2_rot-Standard-01-2.jpg","type":"image\/jpeg"}],"twitter_card":"summary_large_image","schema":{"@context":"https:\/\/schema.org","@graph":[{"@type":"WebPage","@id":"https:\/\/shop.bantam.ch\/de\/produkt\/abstandhalter-bike-block\/","url":"https:\/\/shop.bantam.ch\/de\/produkt\/abstandhalter-bike-block\/","name":"Abstandhalter Bike Block - Bantam Camping AG","isPartOf":{"@id":"https:\/\/shop.bantam.ch\/de\/#website"},"primaryImageOfPage":{"@id":"https:\/\/shop.bantam.ch\/de\/produkt\/abstandhalter-bike-block\/#primaryimage"},"image":{"@id":"https:\/\/shop.bantam.ch\/de\/produkt\/abstandhalter-bike-block\/#primaryimage"},"thumbnailUrl":"https:\/\/shop.bantam.ch\/wp-content\/uploads\/2023\/03\/9987241-Bike_Block_PRO_2_rot-Standard-01-2.jpg","datePublished":"2023-03-28T13:19:24+00:00","dateModified":"2026-04-18T22:19:39+00:00","breadcrumb":{"@id":"https:\/\/shop.bantam.ch\/de\/produkt\/abstandhalter-bike-block\/#breadcrumb"},"inLanguage":"de","potentialAction":[{"@type":"ReadAction","target":["https:\/\/shop.bantam.ch\/de\/produkt\/abstandhalter-bike-block\/"]}]},{"@type":"ImageObject","inLanguage":"de","@id":"https:\/\/shop.bantam.ch\/de\/produkt\/abstandhalter-bike-block\/#primaryimage","url":"https:\/\/shop.bantam.ch\/wp-content\/uploads\/2023\/03\/9987241-Bike_Block_PRO_2_rot-Standard-01-2.jpg","contentUrl":"https:\/\/shop.bantam.ch\/wp-content\/uploads\/2023\/03\/9987241-Bike_Block_PRO_2_rot-Standard-01-2.jpg","width":1000,"height":390},{"@type":"BreadcrumbList","@id":"https:\/\/shop.bantam.ch\/de\/produkt\/abstandhalter-bike-block\/#breadcrumb","itemListElement":[{"@type":"ListItem","position":1,"name":"Accueil","item":"https:\/\/shop.bantam.ch\/de\/"},{"@type":"ListItem","position":2,"name":"Shop","item":"https:\/\/shop.bantam.ch\/de\/shop\/"},{"@type":"ListItem","position":3,"name":"Abstandhalter Bike Block"}]},{"@type":"WebSite","@id":"https:\/\/shop.bantam.ch\/de\/#website","url":"https:\/\/shop.bantam.ch\/de\/","name":"Bantam Camping AG","description":"","publisher":{"@id":"https:\/\/shop.bantam.ch\/de\/#organization"},"inLanguage":"de"},{"@type":"Organization","@id":"https:\/\/shop.bantam.ch\/de\/#organization","name":"Bantam Camping AG","url":"https:\/\/shop.bantam.ch\/de\/","logo":{"@type":"ImageObject","inLanguage":"de","@id":"https:\/\/shop.bantam.ch\/de\/#\/schema\/logo\/image\/","url":"https:\/\/shop.bantam.ch\/wp-content\/uploads\/2022\/12\/bantam-logo.png","contentUrl":"https:\/\/shop.bantam.ch\/wp-content\/uploads\/2022\/12\/bantam-logo.png","width":320,"height":71,"caption":"Bantam Camping AG"},"image":{"@id":"https:\/\/shop.bantam.ch\/de\/#\/schema\/logo\/image\/"}}]}},"_links":{"self":[{"href":"https:\/\/shop.bantam.ch\/de\/wp-json\/wp\/v2\/product\/163369","targetHints":{"allow":["GET"]}}],"collection":[{"href":"https:\/\/shop.bantam.ch\/de\/wp-json\/wp\/v2\/product"}],"about":[{"href":"https:\/\/shop.bantam.ch\/de\/wp-json\/wp\/v2\/types\/product"}],"wp:featuredmedia":[{"embeddable":true,"href":"https:\/\/shop.bantam.ch\/de\/wp-json\/wp\/v2\/media\/163340"}],"wp:attachment":[{"href":"https:\/\/shop.bantam.ch\/de\/wp-json\/wp\/v2\/media?parent=163369"}],"wp:term":[{"taxonomy":"product_featured_cat","embeddable":true,"href":"https:\/\/shop.bantam.ch\/de\/wp-json\/wp\/v2\/product_featured_cat?post=163369"},{"taxonomy":"product_brand","embeddable":true,"href":"https:\/\/shop.bantam.ch\/de\/wp-json\/wp\/v2\/product_brand?post=163369"},{"taxonomy":"product_cat","embeddable":true,"href":"https:\/\/shop.bantam.ch\/de\/wp-json\/wp\/v2\/product_cat?post=163369"},{"taxonomy":"product_tag","embeddable":true,"href":"https:\/\/shop.bantam.ch\/de\/wp-json\/wp\/v2\/product_tag?post=163369"}],"curies":[{"name":"wp","href":"https:\/\/api.w.org\/{rel}","templated":true}]}}