{"id":163309,"date":"2023-03-28T15:17:01","date_gmt":"2023-03-28T13:17:01","guid":{"rendered":"https:\/\/shop.bantam.ch\/produit\/kinderbett-fuer-jedes-fahrerhaus-mit-drehsitzen\/"},"modified":"2026-05-02T00:09:38","modified_gmt":"2026-05-01T22:09:38","slug":"kinderbett-fuer-jedes-fahrerhaus-mit-drehsitzen","status":"publish","type":"product","link":"https:\/\/shop.bantam.ch\/de\/produkt\/kinderbett-fuer-jedes-fahrerhaus-mit-drehsitzen\/","title":{"rendered":"Kinderbett f\u00fcr jedes Fahrerhaus mit Drehsitzen"},"content":{"rendered":"<p>Das Cabbunksystem ist sehr leicht in der Handhabung, schnell anzubringen und l\u00e4sst die Sitzgruppe unber\u00fchrt.<\/p>\n<p>Viele Gro\u00dfeltern m\u00fcssen sich entscheiden: zwischen einem gro\u00dfen und schweren Reisemobil oder einem Eleganten f\u00fcr zwei wobei man seinen Enkeln dann den Spa\u00df am Campen nehmen w\u00fcrde. Jetzt gibt es einen besseren Weg &#8211; Cabbunk!<\/p>\n<p>Material: 100 % Polyester<\/p>\n","protected":false},"excerpt":{"rendered":"<p>Das Cabbunksystem ist sehr leicht in der Handhabung, schnell anzubringen und l\u00e4sst die Sitzgruppe unber\u00fchrt. Viele Gro\u00dfeltern m\u00fcssen sich entscheiden: zwischen einem gro\u00dfen und schweren Reisemobil oder einem Eleganten f\u00fcr zwei wobei man seinen Enkeln dann den Spa\u00df am Campen nehmen w\u00fcrde. Jetzt gibt es einen besseren Weg &#8211; Cabbunk! Material: 100 % Polyester<\/p>\n","protected":false},"featured_media":163269,"template":"","meta":{"_acf_changed":false},"product_featured_cat":[],"product_brand":[3479],"product_cat":[4684],"product_tag":[],"class_list":{"0":"post-163309","1":"product","2":"type-product","3":"status-publish","4":"has-post-thumbnail","6":"product_brand-cabbunk-de","7":"product_cat-fahrerhaus-betten","9":"first","10":"instock","11":"taxable","12":"shipping-taxable","13":"purchasable","14":"product-type-variable"},"acf":[],"yoast_head":"<!-- This site is optimized with the Yoast SEO plugin v27.5 - https:\/\/yoast.com\/product\/yoast-seo-wordpress\/ -->\n<title>Kinderbett f\u00fcr jedes Fahrerhaus mit Drehsitzen - Bantam<\/title>\n<meta name=\"robots\" content=\"index, follow, max-snippet:-1, max-image-preview:large, max-video-preview:-1\" \/>\n<link rel=\"canonical\" href=\"https:\/\/shop.bantam.ch\/de\/produkt\/kinderbett-fuer-jedes-fahrerhaus-mit-drehsitzen\/\" \/>\n<meta property=\"og:locale\" content=\"de_DE\" \/>\n<meta property=\"og:type\" content=\"article\" \/>\n<meta property=\"og:title\" content=\"Kinderbett f\u00fcr jedes Fahrerhaus mit Drehsitzen - Bantam\" \/>\n<meta property=\"og:description\" content=\"Das Cabbunksystem ist sehr leicht in der Handhabung, schnell anzubringen und l\u00e4sst die Sitzgruppe unber\u00fchrt. Viele Gro\u00dfeltern m\u00fcssen sich entscheiden: zwischen einem gro\u00dfen und schweren Reisemobil oder einem Eleganten f\u00fcr zwei wobei man seinen Enkeln dann den Spa\u00df am Campen nehmen w\u00fcrde. Jetzt gibt es einen besseren Weg &#8211; Cabbunk! Material: 100 % Polyester\" \/>\n<meta property=\"og:url\" content=\"https:\/\/shop.bantam.ch\/de\/produkt\/kinderbett-fuer-jedes-fahrerhaus-mit-drehsitzen\/\" \/>\n<meta property=\"og:site_name\" content=\"Bantam\" \/>\n<meta property=\"article:modified_time\" content=\"2026-05-01T22:09:38+00:00\" \/>\n<meta property=\"og:image\" content=\"https:\/\/shop.bantam.ch\/wp-content\/uploads\/2023\/03\/995104112.jpg\" \/>\n\t<meta property=\"og:image:width\" content=\"1000\" \/>\n\t<meta property=\"og:image:height\" content=\"563\" \/>\n\t<meta property=\"og:image:type\" content=\"image\/jpeg\" \/>\n<meta name=\"twitter:card\" content=\"summary_large_image\" \/>\n<script type=\"application\/ld+json\" class=\"yoast-schema-graph\">{\"@context\":\"https:\\\/\\\/schema.org\",\"@graph\":[{\"@type\":\"WebPage\",\"@id\":\"https:\\\/\\\/shop.bantam.ch\\\/de\\\/produkt\\\/kinderbett-fuer-jedes-fahrerhaus-mit-drehsitzen\\\/\",\"url\":\"https:\\\/\\\/shop.bantam.ch\\\/de\\\/produkt\\\/kinderbett-fuer-jedes-fahrerhaus-mit-drehsitzen\\\/\",\"name\":\"Kinderbett f\u00fcr jedes Fahrerhaus mit Drehsitzen - Bantam\",\"isPartOf\":{\"@id\":\"https:\\\/\\\/shop.bantam.ch\\\/de\\\/#website\"},\"primaryImageOfPage\":{\"@id\":\"https:\\\/\\\/shop.bantam.ch\\\/de\\\/produkt\\\/kinderbett-fuer-jedes-fahrerhaus-mit-drehsitzen\\\/#primaryimage\"},\"image\":{\"@id\":\"https:\\\/\\\/shop.bantam.ch\\\/de\\\/produkt\\\/kinderbett-fuer-jedes-fahrerhaus-mit-drehsitzen\\\/#primaryimage\"},\"thumbnailUrl\":\"https:\\\/\\\/shop.bantam.ch\\\/wp-content\\\/uploads\\\/2023\\\/03\\\/995104112.jpg\",\"datePublished\":\"2023-03-28T13:17:01+00:00\",\"dateModified\":\"2026-05-01T22:09:38+00:00\",\"breadcrumb\":{\"@id\":\"https:\\\/\\\/shop.bantam.ch\\\/de\\\/produkt\\\/kinderbett-fuer-jedes-fahrerhaus-mit-drehsitzen\\\/#breadcrumb\"},\"inLanguage\":\"de\",\"potentialAction\":[{\"@type\":\"ReadAction\",\"target\":[\"https:\\\/\\\/shop.bantam.ch\\\/de\\\/produkt\\\/kinderbett-fuer-jedes-fahrerhaus-mit-drehsitzen\\\/\"]}]},{\"@type\":\"ImageObject\",\"inLanguage\":\"de\",\"@id\":\"https:\\\/\\\/shop.bantam.ch\\\/de\\\/produkt\\\/kinderbett-fuer-jedes-fahrerhaus-mit-drehsitzen\\\/#primaryimage\",\"url\":\"https:\\\/\\\/shop.bantam.ch\\\/wp-content\\\/uploads\\\/2023\\\/03\\\/995104112.jpg\",\"contentUrl\":\"https:\\\/\\\/shop.bantam.ch\\\/wp-content\\\/uploads\\\/2023\\\/03\\\/995104112.jpg\",\"width\":1000,\"height\":563},{\"@type\":\"BreadcrumbList\",\"@id\":\"https:\\\/\\\/shop.bantam.ch\\\/de\\\/produkt\\\/kinderbett-fuer-jedes-fahrerhaus-mit-drehsitzen\\\/#breadcrumb\",\"itemListElement\":[{\"@type\":\"ListItem\",\"position\":1,\"name\":\"Accueil\",\"item\":\"https:\\\/\\\/shop.bantam.ch\\\/de\\\/\"},{\"@type\":\"ListItem\",\"position\":2,\"name\":\"Shop\",\"item\":\"https:\\\/\\\/shop.bantam.ch\\\/de\\\/shop\\\/\"},{\"@type\":\"ListItem\",\"position\":3,\"name\":\"Kinderbett f\u00fcr jedes Fahrerhaus mit Drehsitzen\"}]},{\"@type\":\"WebSite\",\"@id\":\"https:\\\/\\\/shop.bantam.ch\\\/de\\\/#website\",\"url\":\"https:\\\/\\\/shop.bantam.ch\\\/de\\\/\",\"name\":\"Bantam\",\"description\":\"\",\"publisher\":{\"@id\":\"https:\\\/\\\/shop.bantam.ch\\\/de\\\/#organization\"},\"inLanguage\":\"de\"},{\"@type\":\"Organization\",\"@id\":\"https:\\\/\\\/shop.bantam.ch\\\/de\\\/#organization\",\"name\":\"Bantam\",\"url\":\"https:\\\/\\\/shop.bantam.ch\\\/de\\\/\",\"logo\":{\"@type\":\"ImageObject\",\"inLanguage\":\"de\",\"@id\":\"https:\\\/\\\/shop.bantam.ch\\\/de\\\/#\\\/schema\\\/logo\\\/image\\\/\",\"url\":\"https:\\\/\\\/shop.bantam.ch\\\/wp-content\\\/uploads\\\/2022\\\/12\\\/bantam-logo.png\",\"contentUrl\":\"https:\\\/\\\/shop.bantam.ch\\\/wp-content\\\/uploads\\\/2022\\\/12\\\/bantam-logo.png\",\"width\":320,\"height\":71,\"caption\":\"Bantam\"},\"image\":{\"@id\":\"https:\\\/\\\/shop.bantam.ch\\\/de\\\/#\\\/schema\\\/logo\\\/image\\\/\"}}]}<\/script>\n<!-- \/ Yoast SEO plugin. -->","yoast_head_json":{"title":"Kinderbett f\u00fcr jedes Fahrerhaus mit Drehsitzen - Bantam","robots":{"index":"index","follow":"follow","max-snippet":"max-snippet:-1","max-image-preview":"max-image-preview:large","max-video-preview":"max-video-preview:-1"},"canonical":"https:\/\/shop.bantam.ch\/de\/produkt\/kinderbett-fuer-jedes-fahrerhaus-mit-drehsitzen\/","og_locale":"de_DE","og_type":"article","og_title":"Kinderbett f\u00fcr jedes Fahrerhaus mit Drehsitzen - Bantam","og_description":"Das Cabbunksystem ist sehr leicht in der Handhabung, schnell anzubringen und l\u00e4sst die Sitzgruppe unber\u00fchrt. Viele Gro\u00dfeltern m\u00fcssen sich entscheiden: zwischen einem gro\u00dfen und schweren Reisemobil oder einem Eleganten f\u00fcr zwei wobei man seinen Enkeln dann den Spa\u00df am Campen nehmen w\u00fcrde. Jetzt gibt es einen besseren Weg &#8211; Cabbunk! Material: 100 % Polyester","og_url":"https:\/\/shop.bantam.ch\/de\/produkt\/kinderbett-fuer-jedes-fahrerhaus-mit-drehsitzen\/","og_site_name":"Bantam","article_modified_time":"2026-05-01T22:09:38+00:00","og_image":[{"width":1000,"height":563,"url":"https:\/\/shop.bantam.ch\/wp-content\/uploads\/2023\/03\/995104112.jpg","type":"image\/jpeg"}],"twitter_card":"summary_large_image","schema":{"@context":"https:\/\/schema.org","@graph":[{"@type":"WebPage","@id":"https:\/\/shop.bantam.ch\/de\/produkt\/kinderbett-fuer-jedes-fahrerhaus-mit-drehsitzen\/","url":"https:\/\/shop.bantam.ch\/de\/produkt\/kinderbett-fuer-jedes-fahrerhaus-mit-drehsitzen\/","name":"Kinderbett f\u00fcr jedes Fahrerhaus mit Drehsitzen - Bantam","isPartOf":{"@id":"https:\/\/shop.bantam.ch\/de\/#website"},"primaryImageOfPage":{"@id":"https:\/\/shop.bantam.ch\/de\/produkt\/kinderbett-fuer-jedes-fahrerhaus-mit-drehsitzen\/#primaryimage"},"image":{"@id":"https:\/\/shop.bantam.ch\/de\/produkt\/kinderbett-fuer-jedes-fahrerhaus-mit-drehsitzen\/#primaryimage"},"thumbnailUrl":"https:\/\/shop.bantam.ch\/wp-content\/uploads\/2023\/03\/995104112.jpg","datePublished":"2023-03-28T13:17:01+00:00","dateModified":"2026-05-01T22:09:38+00:00","breadcrumb":{"@id":"https:\/\/shop.bantam.ch\/de\/produkt\/kinderbett-fuer-jedes-fahrerhaus-mit-drehsitzen\/#breadcrumb"},"inLanguage":"de","potentialAction":[{"@type":"ReadAction","target":["https:\/\/shop.bantam.ch\/de\/produkt\/kinderbett-fuer-jedes-fahrerhaus-mit-drehsitzen\/"]}]},{"@type":"ImageObject","inLanguage":"de","@id":"https:\/\/shop.bantam.ch\/de\/produkt\/kinderbett-fuer-jedes-fahrerhaus-mit-drehsitzen\/#primaryimage","url":"https:\/\/shop.bantam.ch\/wp-content\/uploads\/2023\/03\/995104112.jpg","contentUrl":"https:\/\/shop.bantam.ch\/wp-content\/uploads\/2023\/03\/995104112.jpg","width":1000,"height":563},{"@type":"BreadcrumbList","@id":"https:\/\/shop.bantam.ch\/de\/produkt\/kinderbett-fuer-jedes-fahrerhaus-mit-drehsitzen\/#breadcrumb","itemListElement":[{"@type":"ListItem","position":1,"name":"Accueil","item":"https:\/\/shop.bantam.ch\/de\/"},{"@type":"ListItem","position":2,"name":"Shop","item":"https:\/\/shop.bantam.ch\/de\/shop\/"},{"@type":"ListItem","position":3,"name":"Kinderbett f\u00fcr jedes Fahrerhaus mit Drehsitzen"}]},{"@type":"WebSite","@id":"https:\/\/shop.bantam.ch\/de\/#website","url":"https:\/\/shop.bantam.ch\/de\/","name":"Bantam","description":"","publisher":{"@id":"https:\/\/shop.bantam.ch\/de\/#organization"},"inLanguage":"de"},{"@type":"Organization","@id":"https:\/\/shop.bantam.ch\/de\/#organization","name":"Bantam","url":"https:\/\/shop.bantam.ch\/de\/","logo":{"@type":"ImageObject","inLanguage":"de","@id":"https:\/\/shop.bantam.ch\/de\/#\/schema\/logo\/image\/","url":"https:\/\/shop.bantam.ch\/wp-content\/uploads\/2022\/12\/bantam-logo.png","contentUrl":"https:\/\/shop.bantam.ch\/wp-content\/uploads\/2022\/12\/bantam-logo.png","width":320,"height":71,"caption":"Bantam"},"image":{"@id":"https:\/\/shop.bantam.ch\/de\/#\/schema\/logo\/image\/"}}]}},"_links":{"self":[{"href":"https:\/\/shop.bantam.ch\/de\/wp-json\/wp\/v2\/product\/163309","targetHints":{"allow":["GET"]}}],"collection":[{"href":"https:\/\/shop.bantam.ch\/de\/wp-json\/wp\/v2\/product"}],"about":[{"href":"https:\/\/shop.bantam.ch\/de\/wp-json\/wp\/v2\/types\/product"}],"wp:featuredmedia":[{"embeddable":true,"href":"https:\/\/shop.bantam.ch\/de\/wp-json\/wp\/v2\/media\/163269"}],"wp:attachment":[{"href":"https:\/\/shop.bantam.ch\/de\/wp-json\/wp\/v2\/media?parent=163309"}],"wp:term":[{"taxonomy":"product_featured_cat","embeddable":true,"href":"https:\/\/shop.bantam.ch\/de\/wp-json\/wp\/v2\/product_featured_cat?post=163309"},{"taxonomy":"product_brand","embeddable":true,"href":"https:\/\/shop.bantam.ch\/de\/wp-json\/wp\/v2\/product_brand?post=163309"},{"taxonomy":"product_cat","embeddable":true,"href":"https:\/\/shop.bantam.ch\/de\/wp-json\/wp\/v2\/product_cat?post=163309"},{"taxonomy":"product_tag","embeddable":true,"href":"https:\/\/shop.bantam.ch\/de\/wp-json\/wp\/v2\/product_tag?post=163309"}],"curies":[{"name":"wp","href":"https:\/\/api.w.org\/{rel}","templated":true}]}}