{"id":163023,"date":"2023-03-28T15:07:39","date_gmt":"2023-03-28T13:07:39","guid":{"rendered":"https:\/\/shop.bantam.ch\/produit\/schuessel-set-collaps-3-tlg-faltbar\/"},"modified":"2026-05-03T00:31:41","modified_gmt":"2026-05-02T22:31:41","slug":"schuessel-set-collaps-3-tlg-faltbar","status":"publish","type":"product","link":"https:\/\/shop.bantam.ch\/de\/produkt\/schuessel-set-collaps-3-tlg-faltbar\/","title":{"rendered":"Sch\u00fcssel Set Collaps 3-tlg. faltbar"},"content":{"rendered":"<p>Das Collaps Sch\u00fcsselset l\u00e4sst sich nach Gebrauch vollst\u00e4ndig zusammenfalten und eignet sich ideal f\u00fcr kalte Speisen. Die Sch\u00fcssel besteht aus bruchsicherem Material, l\u00e4sst sich leicht reinigen und in k\u00fcrzester Zeit zusammenfalten.<\/p>\n<ul>\n<li>Kleines Packma\u00df<\/li>\n<li>Einfach zu \u00f6ffnen und zu falten<\/li>\n<li>BPA-frei<\/li>\n<\/ul>\n<p>Small: 20,5 x 8,5 cm (\u00d8 x H)<\/p>\n<p>Medium: 23,5 x 9 cm (\u00d8 x H)<\/p>\n<p>Large: 28 x 10 cm (\u00d8 x H)<\/p>\n<p>Zusammengeklappt: 28 x 6 cm (\u00d8 x H)<\/p>\n","protected":false},"excerpt":{"rendered":"<p>Das Collaps Sch\u00fcsselset l\u00e4sst sich nach Gebrauch vollst\u00e4ndig zusammenfalten und eignet sich ideal f\u00fcr kalte Speisen. Die Sch\u00fcssel besteht aus bruchsicherem Material, l\u00e4sst sich leicht reinigen und in k\u00fcrzester Zeit zusammenfalten. Kleines Packma\u00df Einfach zu \u00f6ffnen und zu falten BPA-frei Small: 20,5 x 8,5 cm (\u00d8 x H) Medium: 23,5 x 9 cm (\u00d8 x [&hellip;]<\/p>\n","protected":false},"featured_media":163009,"template":"","meta":{"_acf_changed":false},"product_featured_cat":[],"product_brand":[3297],"product_cat":[4276],"product_tag":[],"class_list":{"0":"post-163023","1":"product","2":"type-product","3":"status-publish","4":"has-post-thumbnail","6":"product_brand-outwell-de","7":"product_cat-schuesseln-schalen","9":"first","10":"instock","11":"taxable","12":"shipping-taxable","13":"purchasable","14":"product-type-variable"},"acf":[],"yoast_head":"<!-- This site is optimized with the Yoast SEO plugin v27.5 - https:\/\/yoast.com\/product\/yoast-seo-wordpress\/ -->\n<title>Sch\u00fcssel Set Collaps 3-tlg. faltbar - Bantam<\/title>\n<meta name=\"robots\" content=\"index, follow, max-snippet:-1, max-image-preview:large, max-video-preview:-1\" \/>\n<link rel=\"canonical\" href=\"https:\/\/shop.bantam.ch\/de\/produkt\/schuessel-set-collaps-3-tlg-faltbar\/\" \/>\n<meta property=\"og:locale\" content=\"de_DE\" \/>\n<meta property=\"og:type\" content=\"article\" \/>\n<meta property=\"og:title\" content=\"Sch\u00fcssel Set Collaps 3-tlg. faltbar - Bantam\" \/>\n<meta property=\"og:description\" content=\"Das Collaps Sch\u00fcsselset l\u00e4sst sich nach Gebrauch vollst\u00e4ndig zusammenfalten und eignet sich ideal f\u00fcr kalte Speisen. Die Sch\u00fcssel besteht aus bruchsicherem Material, l\u00e4sst sich leicht reinigen und in k\u00fcrzester Zeit zusammenfalten. Kleines Packma\u00df Einfach zu \u00f6ffnen und zu falten BPA-frei Small: 20,5 x 8,5 cm (\u00d8 x H) Medium: 23,5 x 9 cm (\u00d8 x [&hellip;]\" \/>\n<meta property=\"og:url\" content=\"https:\/\/shop.bantam.ch\/de\/produkt\/schuessel-set-collaps-3-tlg-faltbar\/\" \/>\n<meta property=\"og:site_name\" content=\"Bantam\" \/>\n<meta property=\"article:modified_time\" content=\"2026-05-02T22:31:41+00:00\" \/>\n<meta property=\"og:image\" content=\"https:\/\/shop.bantam.ch\/wp-content\/uploads\/2023\/03\/995676711-2.jpg\" \/>\n\t<meta property=\"og:image:width\" content=\"1000\" \/>\n\t<meta property=\"og:image:height\" content=\"474\" \/>\n\t<meta property=\"og:image:type\" content=\"image\/jpeg\" \/>\n<meta name=\"twitter:card\" content=\"summary_large_image\" \/>\n<script type=\"application\/ld+json\" class=\"yoast-schema-graph\">{\"@context\":\"https:\\\/\\\/schema.org\",\"@graph\":[{\"@type\":\"WebPage\",\"@id\":\"https:\\\/\\\/shop.bantam.ch\\\/de\\\/produkt\\\/schuessel-set-collaps-3-tlg-faltbar\\\/\",\"url\":\"https:\\\/\\\/shop.bantam.ch\\\/de\\\/produkt\\\/schuessel-set-collaps-3-tlg-faltbar\\\/\",\"name\":\"Sch\u00fcssel Set Collaps 3-tlg. faltbar - Bantam\",\"isPartOf\":{\"@id\":\"https:\\\/\\\/shop.bantam.ch\\\/de\\\/#website\"},\"primaryImageOfPage\":{\"@id\":\"https:\\\/\\\/shop.bantam.ch\\\/de\\\/produkt\\\/schuessel-set-collaps-3-tlg-faltbar\\\/#primaryimage\"},\"image\":{\"@id\":\"https:\\\/\\\/shop.bantam.ch\\\/de\\\/produkt\\\/schuessel-set-collaps-3-tlg-faltbar\\\/#primaryimage\"},\"thumbnailUrl\":\"https:\\\/\\\/shop.bantam.ch\\\/wp-content\\\/uploads\\\/2023\\\/03\\\/995676711-2.jpg\",\"datePublished\":\"2023-03-28T13:07:39+00:00\",\"dateModified\":\"2026-05-02T22:31:41+00:00\",\"breadcrumb\":{\"@id\":\"https:\\\/\\\/shop.bantam.ch\\\/de\\\/produkt\\\/schuessel-set-collaps-3-tlg-faltbar\\\/#breadcrumb\"},\"inLanguage\":\"de\",\"potentialAction\":[{\"@type\":\"ReadAction\",\"target\":[\"https:\\\/\\\/shop.bantam.ch\\\/de\\\/produkt\\\/schuessel-set-collaps-3-tlg-faltbar\\\/\"]}]},{\"@type\":\"ImageObject\",\"inLanguage\":\"de\",\"@id\":\"https:\\\/\\\/shop.bantam.ch\\\/de\\\/produkt\\\/schuessel-set-collaps-3-tlg-faltbar\\\/#primaryimage\",\"url\":\"https:\\\/\\\/shop.bantam.ch\\\/wp-content\\\/uploads\\\/2023\\\/03\\\/995676711-2.jpg\",\"contentUrl\":\"https:\\\/\\\/shop.bantam.ch\\\/wp-content\\\/uploads\\\/2023\\\/03\\\/995676711-2.jpg\",\"width\":1000,\"height\":474},{\"@type\":\"BreadcrumbList\",\"@id\":\"https:\\\/\\\/shop.bantam.ch\\\/de\\\/produkt\\\/schuessel-set-collaps-3-tlg-faltbar\\\/#breadcrumb\",\"itemListElement\":[{\"@type\":\"ListItem\",\"position\":1,\"name\":\"Accueil\",\"item\":\"https:\\\/\\\/shop.bantam.ch\\\/de\\\/\"},{\"@type\":\"ListItem\",\"position\":2,\"name\":\"Shop\",\"item\":\"https:\\\/\\\/shop.bantam.ch\\\/de\\\/shop\\\/\"},{\"@type\":\"ListItem\",\"position\":3,\"name\":\"Sch\u00fcssel Set Collaps 3-tlg. faltbar\"}]},{\"@type\":\"WebSite\",\"@id\":\"https:\\\/\\\/shop.bantam.ch\\\/de\\\/#website\",\"url\":\"https:\\\/\\\/shop.bantam.ch\\\/de\\\/\",\"name\":\"Bantam\",\"description\":\"\",\"publisher\":{\"@id\":\"https:\\\/\\\/shop.bantam.ch\\\/de\\\/#organization\"},\"inLanguage\":\"de\"},{\"@type\":\"Organization\",\"@id\":\"https:\\\/\\\/shop.bantam.ch\\\/de\\\/#organization\",\"name\":\"Bantam\",\"url\":\"https:\\\/\\\/shop.bantam.ch\\\/de\\\/\",\"logo\":{\"@type\":\"ImageObject\",\"inLanguage\":\"de\",\"@id\":\"https:\\\/\\\/shop.bantam.ch\\\/de\\\/#\\\/schema\\\/logo\\\/image\\\/\",\"url\":\"https:\\\/\\\/shop.bantam.ch\\\/wp-content\\\/uploads\\\/2022\\\/12\\\/bantam-logo.png\",\"contentUrl\":\"https:\\\/\\\/shop.bantam.ch\\\/wp-content\\\/uploads\\\/2022\\\/12\\\/bantam-logo.png\",\"width\":320,\"height\":71,\"caption\":\"Bantam\"},\"image\":{\"@id\":\"https:\\\/\\\/shop.bantam.ch\\\/de\\\/#\\\/schema\\\/logo\\\/image\\\/\"}}]}<\/script>\n<!-- \/ Yoast SEO plugin. -->","yoast_head_json":{"title":"Sch\u00fcssel Set Collaps 3-tlg. faltbar - Bantam","robots":{"index":"index","follow":"follow","max-snippet":"max-snippet:-1","max-image-preview":"max-image-preview:large","max-video-preview":"max-video-preview:-1"},"canonical":"https:\/\/shop.bantam.ch\/de\/produkt\/schuessel-set-collaps-3-tlg-faltbar\/","og_locale":"de_DE","og_type":"article","og_title":"Sch\u00fcssel Set Collaps 3-tlg. faltbar - Bantam","og_description":"Das Collaps Sch\u00fcsselset l\u00e4sst sich nach Gebrauch vollst\u00e4ndig zusammenfalten und eignet sich ideal f\u00fcr kalte Speisen. Die Sch\u00fcssel besteht aus bruchsicherem Material, l\u00e4sst sich leicht reinigen und in k\u00fcrzester Zeit zusammenfalten. Kleines Packma\u00df Einfach zu \u00f6ffnen und zu falten BPA-frei Small: 20,5 x 8,5 cm (\u00d8 x H) Medium: 23,5 x 9 cm (\u00d8 x [&hellip;]","og_url":"https:\/\/shop.bantam.ch\/de\/produkt\/schuessel-set-collaps-3-tlg-faltbar\/","og_site_name":"Bantam","article_modified_time":"2026-05-02T22:31:41+00:00","og_image":[{"width":1000,"height":474,"url":"https:\/\/shop.bantam.ch\/wp-content\/uploads\/2023\/03\/995676711-2.jpg","type":"image\/jpeg"}],"twitter_card":"summary_large_image","schema":{"@context":"https:\/\/schema.org","@graph":[{"@type":"WebPage","@id":"https:\/\/shop.bantam.ch\/de\/produkt\/schuessel-set-collaps-3-tlg-faltbar\/","url":"https:\/\/shop.bantam.ch\/de\/produkt\/schuessel-set-collaps-3-tlg-faltbar\/","name":"Sch\u00fcssel Set Collaps 3-tlg. faltbar - Bantam","isPartOf":{"@id":"https:\/\/shop.bantam.ch\/de\/#website"},"primaryImageOfPage":{"@id":"https:\/\/shop.bantam.ch\/de\/produkt\/schuessel-set-collaps-3-tlg-faltbar\/#primaryimage"},"image":{"@id":"https:\/\/shop.bantam.ch\/de\/produkt\/schuessel-set-collaps-3-tlg-faltbar\/#primaryimage"},"thumbnailUrl":"https:\/\/shop.bantam.ch\/wp-content\/uploads\/2023\/03\/995676711-2.jpg","datePublished":"2023-03-28T13:07:39+00:00","dateModified":"2026-05-02T22:31:41+00:00","breadcrumb":{"@id":"https:\/\/shop.bantam.ch\/de\/produkt\/schuessel-set-collaps-3-tlg-faltbar\/#breadcrumb"},"inLanguage":"de","potentialAction":[{"@type":"ReadAction","target":["https:\/\/shop.bantam.ch\/de\/produkt\/schuessel-set-collaps-3-tlg-faltbar\/"]}]},{"@type":"ImageObject","inLanguage":"de","@id":"https:\/\/shop.bantam.ch\/de\/produkt\/schuessel-set-collaps-3-tlg-faltbar\/#primaryimage","url":"https:\/\/shop.bantam.ch\/wp-content\/uploads\/2023\/03\/995676711-2.jpg","contentUrl":"https:\/\/shop.bantam.ch\/wp-content\/uploads\/2023\/03\/995676711-2.jpg","width":1000,"height":474},{"@type":"BreadcrumbList","@id":"https:\/\/shop.bantam.ch\/de\/produkt\/schuessel-set-collaps-3-tlg-faltbar\/#breadcrumb","itemListElement":[{"@type":"ListItem","position":1,"name":"Accueil","item":"https:\/\/shop.bantam.ch\/de\/"},{"@type":"ListItem","position":2,"name":"Shop","item":"https:\/\/shop.bantam.ch\/de\/shop\/"},{"@type":"ListItem","position":3,"name":"Sch\u00fcssel Set Collaps 3-tlg. faltbar"}]},{"@type":"WebSite","@id":"https:\/\/shop.bantam.ch\/de\/#website","url":"https:\/\/shop.bantam.ch\/de\/","name":"Bantam","description":"","publisher":{"@id":"https:\/\/shop.bantam.ch\/de\/#organization"},"inLanguage":"de"},{"@type":"Organization","@id":"https:\/\/shop.bantam.ch\/de\/#organization","name":"Bantam","url":"https:\/\/shop.bantam.ch\/de\/","logo":{"@type":"ImageObject","inLanguage":"de","@id":"https:\/\/shop.bantam.ch\/de\/#\/schema\/logo\/image\/","url":"https:\/\/shop.bantam.ch\/wp-content\/uploads\/2022\/12\/bantam-logo.png","contentUrl":"https:\/\/shop.bantam.ch\/wp-content\/uploads\/2022\/12\/bantam-logo.png","width":320,"height":71,"caption":"Bantam"},"image":{"@id":"https:\/\/shop.bantam.ch\/de\/#\/schema\/logo\/image\/"}}]}},"_links":{"self":[{"href":"https:\/\/shop.bantam.ch\/de\/wp-json\/wp\/v2\/product\/163023","targetHints":{"allow":["GET"]}}],"collection":[{"href":"https:\/\/shop.bantam.ch\/de\/wp-json\/wp\/v2\/product"}],"about":[{"href":"https:\/\/shop.bantam.ch\/de\/wp-json\/wp\/v2\/types\/product"}],"wp:featuredmedia":[{"embeddable":true,"href":"https:\/\/shop.bantam.ch\/de\/wp-json\/wp\/v2\/media\/163009"}],"wp:attachment":[{"href":"https:\/\/shop.bantam.ch\/de\/wp-json\/wp\/v2\/media?parent=163023"}],"wp:term":[{"taxonomy":"product_featured_cat","embeddable":true,"href":"https:\/\/shop.bantam.ch\/de\/wp-json\/wp\/v2\/product_featured_cat?post=163023"},{"taxonomy":"product_brand","embeddable":true,"href":"https:\/\/shop.bantam.ch\/de\/wp-json\/wp\/v2\/product_brand?post=163023"},{"taxonomy":"product_cat","embeddable":true,"href":"https:\/\/shop.bantam.ch\/de\/wp-json\/wp\/v2\/product_cat?post=163023"},{"taxonomy":"product_tag","embeddable":true,"href":"https:\/\/shop.bantam.ch\/de\/wp-json\/wp\/v2\/product_tag?post=163023"}],"curies":[{"name":"wp","href":"https:\/\/api.w.org\/{rel}","templated":true}]}}