{"id":162841,"date":"2023-03-28T14:58:30","date_gmt":"2023-03-28T12:58:30","guid":{"rendered":"https:\/\/shop.bantam.ch\/produit\/stuhl-be-smart-pioneer\/"},"modified":"2026-04-21T00:27:27","modified_gmt":"2026-04-20T22:27:27","slug":"stuhl-be-smart-pioneer","status":"publish","type":"product","link":"https:\/\/shop.bantam.ch\/de\/produkt\/stuhl-be-smart-pioneer\/","title":{"rendered":"Stuhl Be-Smart Pioneer"},"content":{"rendered":"<p>Der Pioneer Stuhl wurde weiter verbessert. Der verl\u00e4ngerte Sitzbezug bietet zus\u00e4tzlichen Halt und noch mehr Komfort. Sowohl Sitzbezug als auch R\u00fcckenlehnen Bezug sind mit einem gepolsterten Duradore Soft Touch Gewebe 2D-Mesh ausgestattet. Ein in der Dicke verstellbares Kopfkissen ist in die R\u00fcckenlehne integriert. Der innen verst\u00e4rkte Aluminiumrahmen ist vollst\u00e4ndig eloxiert und macht diesen Stuhl nicht nur bequem, sondern auch stark und haltbar. Die R\u00fcckenlehne ist 7-fach verstellbar, die Sitzfl\u00e4che verl\u00e4ngert.<\/p>\n<p>Material:<br \/>Bezug: 100 % Polyester<br \/>Gestell: Aluminium<\/p>\n","protected":false},"excerpt":{"rendered":"<p>Der Pioneer Stuhl wurde weiter verbessert. Der verl\u00e4ngerte Sitzbezug bietet zus\u00e4tzlichen Halt und noch mehr Komfort. Sowohl Sitzbezug als auch R\u00fcckenlehnen Bezug sind mit einem gepolsterten Duradore Soft Touch Gewebe 2D-Mesh ausgestattet. Ein in der Dicke verstellbares Kopfkissen ist in die R\u00fcckenlehne integriert. Der innen verst\u00e4rkte Aluminiumrahmen ist vollst\u00e4ndig eloxiert und macht diesen Stuhl nicht [&hellip;]<\/p>\n","protected":false},"featured_media":162833,"template":"","meta":{"_acf_changed":false},"product_featured_cat":[],"product_brand":[3093],"product_cat":[4972],"product_tag":[],"class_list":{"0":"post-162841","1":"product","2":"type-product","3":"status-publish","4":"has-post-thumbnail","6":"product_brand-westfield-outdoors-de","7":"product_cat-campingstuehle","9":"first","10":"instock","11":"taxable","12":"shipping-taxable","13":"purchasable","14":"product-type-variable"},"acf":[],"yoast_head":"<!-- This site is optimized with the Yoast SEO plugin v27.4 - https:\/\/yoast.com\/product\/yoast-seo-wordpress\/ -->\n<title>Stuhl Be-Smart Pioneer - Bantam Camping AG<\/title>\n<meta name=\"robots\" content=\"index, follow, max-snippet:-1, max-image-preview:large, max-video-preview:-1\" \/>\n<link rel=\"canonical\" href=\"https:\/\/shop.bantam.ch\/de\/produkt\/stuhl-be-smart-pioneer\/\" \/>\n<meta property=\"og:locale\" content=\"de_DE\" \/>\n<meta property=\"og:type\" content=\"article\" \/>\n<meta property=\"og:title\" content=\"Stuhl Be-Smart Pioneer - Bantam Camping AG\" \/>\n<meta property=\"og:description\" content=\"Der Pioneer Stuhl wurde weiter verbessert. Der verl\u00e4ngerte Sitzbezug bietet zus\u00e4tzlichen Halt und noch mehr Komfort. Sowohl Sitzbezug als auch R\u00fcckenlehnen Bezug sind mit einem gepolsterten Duradore Soft Touch Gewebe 2D-Mesh ausgestattet. Ein in der Dicke verstellbares Kopfkissen ist in die R\u00fcckenlehne integriert. Der innen verst\u00e4rkte Aluminiumrahmen ist vollst\u00e4ndig eloxiert und macht diesen Stuhl nicht [&hellip;]\" \/>\n<meta property=\"og:url\" content=\"https:\/\/shop.bantam.ch\/de\/produkt\/stuhl-be-smart-pioneer\/\" \/>\n<meta property=\"og:site_name\" content=\"Bantam Camping AG\" \/>\n<meta property=\"article:modified_time\" content=\"2026-04-20T22:27:27+00:00\" \/>\n<meta property=\"og:image\" content=\"https:\/\/shop.bantam.ch\/wp-content\/uploads\/2023\/03\/993192411.jpg\" \/>\n\t<meta property=\"og:image:width\" content=\"810\" \/>\n\t<meta property=\"og:image:height\" content=\"1000\" \/>\n\t<meta property=\"og:image:type\" content=\"image\/jpeg\" \/>\n<meta name=\"twitter:card\" content=\"summary_large_image\" \/>\n<script type=\"application\/ld+json\" class=\"yoast-schema-graph\">{\"@context\":\"https:\\\/\\\/schema.org\",\"@graph\":[{\"@type\":\"WebPage\",\"@id\":\"https:\\\/\\\/shop.bantam.ch\\\/de\\\/produkt\\\/stuhl-be-smart-pioneer\\\/\",\"url\":\"https:\\\/\\\/shop.bantam.ch\\\/de\\\/produkt\\\/stuhl-be-smart-pioneer\\\/\",\"name\":\"Stuhl Be-Smart Pioneer - Bantam Camping AG\",\"isPartOf\":{\"@id\":\"https:\\\/\\\/shop.bantam.ch\\\/de\\\/#website\"},\"primaryImageOfPage\":{\"@id\":\"https:\\\/\\\/shop.bantam.ch\\\/de\\\/produkt\\\/stuhl-be-smart-pioneer\\\/#primaryimage\"},\"image\":{\"@id\":\"https:\\\/\\\/shop.bantam.ch\\\/de\\\/produkt\\\/stuhl-be-smart-pioneer\\\/#primaryimage\"},\"thumbnailUrl\":\"https:\\\/\\\/shop.bantam.ch\\\/wp-content\\\/uploads\\\/2023\\\/03\\\/993192411.jpg\",\"datePublished\":\"2023-03-28T12:58:30+00:00\",\"dateModified\":\"2026-04-20T22:27:27+00:00\",\"breadcrumb\":{\"@id\":\"https:\\\/\\\/shop.bantam.ch\\\/de\\\/produkt\\\/stuhl-be-smart-pioneer\\\/#breadcrumb\"},\"inLanguage\":\"de\",\"potentialAction\":[{\"@type\":\"ReadAction\",\"target\":[\"https:\\\/\\\/shop.bantam.ch\\\/de\\\/produkt\\\/stuhl-be-smart-pioneer\\\/\"]}]},{\"@type\":\"ImageObject\",\"inLanguage\":\"de\",\"@id\":\"https:\\\/\\\/shop.bantam.ch\\\/de\\\/produkt\\\/stuhl-be-smart-pioneer\\\/#primaryimage\",\"url\":\"https:\\\/\\\/shop.bantam.ch\\\/wp-content\\\/uploads\\\/2023\\\/03\\\/993192411.jpg\",\"contentUrl\":\"https:\\\/\\\/shop.bantam.ch\\\/wp-content\\\/uploads\\\/2023\\\/03\\\/993192411.jpg\",\"width\":810,\"height\":1000},{\"@type\":\"BreadcrumbList\",\"@id\":\"https:\\\/\\\/shop.bantam.ch\\\/de\\\/produkt\\\/stuhl-be-smart-pioneer\\\/#breadcrumb\",\"itemListElement\":[{\"@type\":\"ListItem\",\"position\":1,\"name\":\"Accueil\",\"item\":\"https:\\\/\\\/shop.bantam.ch\\\/de\\\/\"},{\"@type\":\"ListItem\",\"position\":2,\"name\":\"Shop\",\"item\":\"https:\\\/\\\/shop.bantam.ch\\\/de\\\/shop\\\/\"},{\"@type\":\"ListItem\",\"position\":3,\"name\":\"Stuhl Be-Smart Pioneer\"}]},{\"@type\":\"WebSite\",\"@id\":\"https:\\\/\\\/shop.bantam.ch\\\/de\\\/#website\",\"url\":\"https:\\\/\\\/shop.bantam.ch\\\/de\\\/\",\"name\":\"Bantam Camping AG\",\"description\":\"\",\"publisher\":{\"@id\":\"https:\\\/\\\/shop.bantam.ch\\\/de\\\/#organization\"},\"inLanguage\":\"de\"},{\"@type\":\"Organization\",\"@id\":\"https:\\\/\\\/shop.bantam.ch\\\/de\\\/#organization\",\"name\":\"Bantam Camping AG\",\"url\":\"https:\\\/\\\/shop.bantam.ch\\\/de\\\/\",\"logo\":{\"@type\":\"ImageObject\",\"inLanguage\":\"de\",\"@id\":\"https:\\\/\\\/shop.bantam.ch\\\/de\\\/#\\\/schema\\\/logo\\\/image\\\/\",\"url\":\"https:\\\/\\\/shop.bantam.ch\\\/wp-content\\\/uploads\\\/2022\\\/12\\\/bantam-logo.png\",\"contentUrl\":\"https:\\\/\\\/shop.bantam.ch\\\/wp-content\\\/uploads\\\/2022\\\/12\\\/bantam-logo.png\",\"width\":320,\"height\":71,\"caption\":\"Bantam Camping AG\"},\"image\":{\"@id\":\"https:\\\/\\\/shop.bantam.ch\\\/de\\\/#\\\/schema\\\/logo\\\/image\\\/\"}}]}<\/script>\n<!-- \/ Yoast SEO plugin. -->","yoast_head_json":{"title":"Stuhl Be-Smart Pioneer - Bantam Camping AG","robots":{"index":"index","follow":"follow","max-snippet":"max-snippet:-1","max-image-preview":"max-image-preview:large","max-video-preview":"max-video-preview:-1"},"canonical":"https:\/\/shop.bantam.ch\/de\/produkt\/stuhl-be-smart-pioneer\/","og_locale":"de_DE","og_type":"article","og_title":"Stuhl Be-Smart Pioneer - Bantam Camping AG","og_description":"Der Pioneer Stuhl wurde weiter verbessert. Der verl\u00e4ngerte Sitzbezug bietet zus\u00e4tzlichen Halt und noch mehr Komfort. Sowohl Sitzbezug als auch R\u00fcckenlehnen Bezug sind mit einem gepolsterten Duradore Soft Touch Gewebe 2D-Mesh ausgestattet. Ein in der Dicke verstellbares Kopfkissen ist in die R\u00fcckenlehne integriert. Der innen verst\u00e4rkte Aluminiumrahmen ist vollst\u00e4ndig eloxiert und macht diesen Stuhl nicht [&hellip;]","og_url":"https:\/\/shop.bantam.ch\/de\/produkt\/stuhl-be-smart-pioneer\/","og_site_name":"Bantam Camping AG","article_modified_time":"2026-04-20T22:27:27+00:00","og_image":[{"width":810,"height":1000,"url":"https:\/\/shop.bantam.ch\/wp-content\/uploads\/2023\/03\/993192411.jpg","type":"image\/jpeg"}],"twitter_card":"summary_large_image","schema":{"@context":"https:\/\/schema.org","@graph":[{"@type":"WebPage","@id":"https:\/\/shop.bantam.ch\/de\/produkt\/stuhl-be-smart-pioneer\/","url":"https:\/\/shop.bantam.ch\/de\/produkt\/stuhl-be-smart-pioneer\/","name":"Stuhl Be-Smart Pioneer - Bantam Camping AG","isPartOf":{"@id":"https:\/\/shop.bantam.ch\/de\/#website"},"primaryImageOfPage":{"@id":"https:\/\/shop.bantam.ch\/de\/produkt\/stuhl-be-smart-pioneer\/#primaryimage"},"image":{"@id":"https:\/\/shop.bantam.ch\/de\/produkt\/stuhl-be-smart-pioneer\/#primaryimage"},"thumbnailUrl":"https:\/\/shop.bantam.ch\/wp-content\/uploads\/2023\/03\/993192411.jpg","datePublished":"2023-03-28T12:58:30+00:00","dateModified":"2026-04-20T22:27:27+00:00","breadcrumb":{"@id":"https:\/\/shop.bantam.ch\/de\/produkt\/stuhl-be-smart-pioneer\/#breadcrumb"},"inLanguage":"de","potentialAction":[{"@type":"ReadAction","target":["https:\/\/shop.bantam.ch\/de\/produkt\/stuhl-be-smart-pioneer\/"]}]},{"@type":"ImageObject","inLanguage":"de","@id":"https:\/\/shop.bantam.ch\/de\/produkt\/stuhl-be-smart-pioneer\/#primaryimage","url":"https:\/\/shop.bantam.ch\/wp-content\/uploads\/2023\/03\/993192411.jpg","contentUrl":"https:\/\/shop.bantam.ch\/wp-content\/uploads\/2023\/03\/993192411.jpg","width":810,"height":1000},{"@type":"BreadcrumbList","@id":"https:\/\/shop.bantam.ch\/de\/produkt\/stuhl-be-smart-pioneer\/#breadcrumb","itemListElement":[{"@type":"ListItem","position":1,"name":"Accueil","item":"https:\/\/shop.bantam.ch\/de\/"},{"@type":"ListItem","position":2,"name":"Shop","item":"https:\/\/shop.bantam.ch\/de\/shop\/"},{"@type":"ListItem","position":3,"name":"Stuhl Be-Smart Pioneer"}]},{"@type":"WebSite","@id":"https:\/\/shop.bantam.ch\/de\/#website","url":"https:\/\/shop.bantam.ch\/de\/","name":"Bantam Camping AG","description":"","publisher":{"@id":"https:\/\/shop.bantam.ch\/de\/#organization"},"inLanguage":"de"},{"@type":"Organization","@id":"https:\/\/shop.bantam.ch\/de\/#organization","name":"Bantam Camping AG","url":"https:\/\/shop.bantam.ch\/de\/","logo":{"@type":"ImageObject","inLanguage":"de","@id":"https:\/\/shop.bantam.ch\/de\/#\/schema\/logo\/image\/","url":"https:\/\/shop.bantam.ch\/wp-content\/uploads\/2022\/12\/bantam-logo.png","contentUrl":"https:\/\/shop.bantam.ch\/wp-content\/uploads\/2022\/12\/bantam-logo.png","width":320,"height":71,"caption":"Bantam Camping AG"},"image":{"@id":"https:\/\/shop.bantam.ch\/de\/#\/schema\/logo\/image\/"}}]}},"_links":{"self":[{"href":"https:\/\/shop.bantam.ch\/de\/wp-json\/wp\/v2\/product\/162841","targetHints":{"allow":["GET"]}}],"collection":[{"href":"https:\/\/shop.bantam.ch\/de\/wp-json\/wp\/v2\/product"}],"about":[{"href":"https:\/\/shop.bantam.ch\/de\/wp-json\/wp\/v2\/types\/product"}],"wp:featuredmedia":[{"embeddable":true,"href":"https:\/\/shop.bantam.ch\/de\/wp-json\/wp\/v2\/media\/162833"}],"wp:attachment":[{"href":"https:\/\/shop.bantam.ch\/de\/wp-json\/wp\/v2\/media?parent=162841"}],"wp:term":[{"taxonomy":"product_featured_cat","embeddable":true,"href":"https:\/\/shop.bantam.ch\/de\/wp-json\/wp\/v2\/product_featured_cat?post=162841"},{"taxonomy":"product_brand","embeddable":true,"href":"https:\/\/shop.bantam.ch\/de\/wp-json\/wp\/v2\/product_brand?post=162841"},{"taxonomy":"product_cat","embeddable":true,"href":"https:\/\/shop.bantam.ch\/de\/wp-json\/wp\/v2\/product_cat?post=162841"},{"taxonomy":"product_tag","embeddable":true,"href":"https:\/\/shop.bantam.ch\/de\/wp-json\/wp\/v2\/product_tag?post=162841"}],"curies":[{"name":"wp","href":"https:\/\/api.w.org\/{rel}","templated":true}]}}