{"id":162748,"date":"2023-03-28T14:52:04","date_gmt":"2023-03-28T12:52:04","guid":{"rendered":"https:\/\/shop.bantam.ch\/produit\/satanlage-activsat\/"},"modified":"2026-04-18T00:25:48","modified_gmt":"2026-04-17T22:25:48","slug":"satanlage-activsat","status":"publish","type":"product","link":"https:\/\/shop.bantam.ch\/de\/produkt\/satanlage-activsat\/","title":{"rendered":"Satanlage ActivSat"},"content":{"rendered":"<p>Sie k\u00f6nnen Ihren Caravan oder Ihr Wohnmobil im Schatten eines Baums parken und Ihre Sat-Anlage ACTIVSAT an jedem beliebigen Ort installieren. \u00d6ffnen Sie einfach nur das Stativ, fixieren Sie die Motoreinheit darauf , schieben Sie die Parabolsch\u00fcssel ein und schlie\u00dfen Sie das Kabel (15 m) an die externe Activsat-Steckdose des Fahrzeugs an. Die Montage l\u00e4sst sich sehr schnell und einfach ohne jegliches Werkzeug ausf\u00fchren. Richten Sie den Satelliten in Sekundenschnelle mit Ihrem Smartphone \u00fcber Bluetooth oder durch einfaches Dr\u00fccken einer im Schaltschrank Ihres Caravans befindlichen Taste aus. Zur einfachen Auswahl stehen Ihnen 2 Suchmodi zur Verf\u00fcgung: Schnellsuche (auf 120\u00b0 begrenzte Suche der Sch\u00fcssel, neben einer schnelleren Suche wird auch noch eine 70 %ige Energieeinsparung der Batterie bewirkt). Richten Sie die Parabolsch\u00fcssel f\u00fcr die Schnellsuche zun\u00e4chst in S\u00fcdrichtung aus, durch den mitgeliefertem Kompass. Wenn die S\u00fcdrichtung nicht zu finden ist, kann man die Schnellsuche Option deaktivieren und die Anlage wird automatisch auf Gesamtsuche gehen (360\u00b0-Bewegung der Sch\u00fcssel ). Jeder von ACTIV-SAT angepeilte Satellit wird im System gespeichert, um zuk\u00fcnftige Suchvorg\u00e4nge noch schneller zu gestalten.<\/p>\n<ul>\n<li>16 gespeicherte Satelliten<\/li>\n<li>Blaues LED-Grafikdisplay mit Kristallanzeige<\/li>\n<li>SAT-Taste \/ Schnellsuch-Taste \/ Parken-Taste<\/li>\n<li>Integriertes Bluetooth f\u00fcr eine einfache Bedienung von ACTIV-SAT \u00fcber Ihr Smartphone<\/li>\n<li>Alarmmeldung durch sehr lauten Piepton ( 91 dB) im Inneren und EIN-\/AUS-Schalter<\/li>\n<li>Zus\u00e4tzlicher Alarmausgang f\u00fcr den Anschluss an eine sehr leistungsstarke Au\u00dfensirene oder an eine externe Leuchte<\/li>\n<li>Sofortige Software-Aktualisierung per Bluetooth \u00fcber Ihr Smartphone <\/li>\n<\/ul>\n","protected":false},"excerpt":{"rendered":"<p>Sie k\u00f6nnen Ihren Caravan oder Ihr Wohnmobil im Schatten eines Baums parken und Ihre Sat-Anlage ACTIVSAT an jedem beliebigen Ort installieren. \u00d6ffnen Sie einfach nur das Stativ, fixieren Sie die Motoreinheit darauf , schieben Sie die Parabolsch\u00fcssel ein und schlie\u00dfen Sie das Kabel (15 m) an die externe Activsat-Steckdose des Fahrzeugs an. Die Montage l\u00e4sst [&hellip;]<\/p>\n","protected":false},"featured_media":162729,"template":"","meta":{"_acf_changed":false},"product_featured_cat":[],"product_brand":[3231],"product_cat":[4524],"product_tag":[],"class_list":{"0":"post-162748","1":"product","2":"type-product","3":"status-publish","4":"has-post-thumbnail","6":"product_brand-teleco-de","7":"product_cat-sat-anlagen","9":"first","10":"instock","11":"taxable","12":"shipping-taxable","13":"purchasable","14":"product-type-variable"},"acf":[],"yoast_head":"<!-- This site is optimized with the Yoast SEO plugin v27.4 - https:\/\/yoast.com\/product\/yoast-seo-wordpress\/ -->\n<title>Satanlage ActivSat - Bantam Camping AG<\/title>\n<meta name=\"robots\" content=\"index, follow, max-snippet:-1, max-image-preview:large, max-video-preview:-1\" \/>\n<link rel=\"canonical\" href=\"https:\/\/shop.bantam.ch\/de\/produkt\/satanlage-activsat\/\" \/>\n<meta property=\"og:locale\" content=\"de_DE\" \/>\n<meta property=\"og:type\" content=\"article\" \/>\n<meta property=\"og:title\" content=\"Satanlage ActivSat - Bantam Camping AG\" \/>\n<meta property=\"og:description\" content=\"Sie k\u00f6nnen Ihren Caravan oder Ihr Wohnmobil im Schatten eines Baums parken und Ihre Sat-Anlage ACTIVSAT an jedem beliebigen Ort installieren. \u00d6ffnen Sie einfach nur das Stativ, fixieren Sie die Motoreinheit darauf , schieben Sie die Parabolsch\u00fcssel ein und schlie\u00dfen Sie das Kabel (15 m) an die externe Activsat-Steckdose des Fahrzeugs an. Die Montage l\u00e4sst [&hellip;]\" \/>\n<meta property=\"og:url\" content=\"https:\/\/shop.bantam.ch\/de\/produkt\/satanlage-activsat\/\" \/>\n<meta property=\"og:site_name\" content=\"Bantam Camping AG\" \/>\n<meta property=\"article:modified_time\" content=\"2026-04-17T22:25:48+00:00\" \/>\n<meta property=\"og:image\" content=\"https:\/\/shop.bantam.ch\/wp-content\/uploads\/2023\/03\/995354511.jpg\" \/>\n\t<meta property=\"og:image:width\" content=\"645\" \/>\n\t<meta property=\"og:image:height\" content=\"1000\" \/>\n\t<meta property=\"og:image:type\" content=\"image\/jpeg\" \/>\n<meta name=\"twitter:card\" content=\"summary_large_image\" \/>\n<meta name=\"twitter:label1\" content=\"Gesch\u00e4tzte Lesezeit\" \/>\n\t<meta name=\"twitter:data1\" content=\"1\u00a0Minute\" \/>\n<script type=\"application\/ld+json\" class=\"yoast-schema-graph\">{\"@context\":\"https:\\\/\\\/schema.org\",\"@graph\":[{\"@type\":\"WebPage\",\"@id\":\"https:\\\/\\\/shop.bantam.ch\\\/de\\\/produkt\\\/satanlage-activsat\\\/\",\"url\":\"https:\\\/\\\/shop.bantam.ch\\\/de\\\/produkt\\\/satanlage-activsat\\\/\",\"name\":\"Satanlage ActivSat - Bantam Camping AG\",\"isPartOf\":{\"@id\":\"https:\\\/\\\/shop.bantam.ch\\\/de\\\/#website\"},\"primaryImageOfPage\":{\"@id\":\"https:\\\/\\\/shop.bantam.ch\\\/de\\\/produkt\\\/satanlage-activsat\\\/#primaryimage\"},\"image\":{\"@id\":\"https:\\\/\\\/shop.bantam.ch\\\/de\\\/produkt\\\/satanlage-activsat\\\/#primaryimage\"},\"thumbnailUrl\":\"https:\\\/\\\/shop.bantam.ch\\\/wp-content\\\/uploads\\\/2023\\\/03\\\/995354511.jpg\",\"datePublished\":\"2023-03-28T12:52:04+00:00\",\"dateModified\":\"2026-04-17T22:25:48+00:00\",\"breadcrumb\":{\"@id\":\"https:\\\/\\\/shop.bantam.ch\\\/de\\\/produkt\\\/satanlage-activsat\\\/#breadcrumb\"},\"inLanguage\":\"de\",\"potentialAction\":[{\"@type\":\"ReadAction\",\"target\":[\"https:\\\/\\\/shop.bantam.ch\\\/de\\\/produkt\\\/satanlage-activsat\\\/\"]}]},{\"@type\":\"ImageObject\",\"inLanguage\":\"de\",\"@id\":\"https:\\\/\\\/shop.bantam.ch\\\/de\\\/produkt\\\/satanlage-activsat\\\/#primaryimage\",\"url\":\"https:\\\/\\\/shop.bantam.ch\\\/wp-content\\\/uploads\\\/2023\\\/03\\\/995354511.jpg\",\"contentUrl\":\"https:\\\/\\\/shop.bantam.ch\\\/wp-content\\\/uploads\\\/2023\\\/03\\\/995354511.jpg\",\"width\":645,\"height\":1000},{\"@type\":\"BreadcrumbList\",\"@id\":\"https:\\\/\\\/shop.bantam.ch\\\/de\\\/produkt\\\/satanlage-activsat\\\/#breadcrumb\",\"itemListElement\":[{\"@type\":\"ListItem\",\"position\":1,\"name\":\"Accueil\",\"item\":\"https:\\\/\\\/shop.bantam.ch\\\/de\\\/\"},{\"@type\":\"ListItem\",\"position\":2,\"name\":\"Shop\",\"item\":\"https:\\\/\\\/shop.bantam.ch\\\/de\\\/shop\\\/\"},{\"@type\":\"ListItem\",\"position\":3,\"name\":\"Satanlage ActivSat\"}]},{\"@type\":\"WebSite\",\"@id\":\"https:\\\/\\\/shop.bantam.ch\\\/de\\\/#website\",\"url\":\"https:\\\/\\\/shop.bantam.ch\\\/de\\\/\",\"name\":\"Bantam Camping AG\",\"description\":\"\",\"publisher\":{\"@id\":\"https:\\\/\\\/shop.bantam.ch\\\/de\\\/#organization\"},\"inLanguage\":\"de\"},{\"@type\":\"Organization\",\"@id\":\"https:\\\/\\\/shop.bantam.ch\\\/de\\\/#organization\",\"name\":\"Bantam Camping AG\",\"url\":\"https:\\\/\\\/shop.bantam.ch\\\/de\\\/\",\"logo\":{\"@type\":\"ImageObject\",\"inLanguage\":\"de\",\"@id\":\"https:\\\/\\\/shop.bantam.ch\\\/de\\\/#\\\/schema\\\/logo\\\/image\\\/\",\"url\":\"https:\\\/\\\/shop.bantam.ch\\\/wp-content\\\/uploads\\\/2022\\\/12\\\/bantam-logo.png\",\"contentUrl\":\"https:\\\/\\\/shop.bantam.ch\\\/wp-content\\\/uploads\\\/2022\\\/12\\\/bantam-logo.png\",\"width\":320,\"height\":71,\"caption\":\"Bantam Camping AG\"},\"image\":{\"@id\":\"https:\\\/\\\/shop.bantam.ch\\\/de\\\/#\\\/schema\\\/logo\\\/image\\\/\"}}]}<\/script>\n<!-- \/ Yoast SEO plugin. -->","yoast_head_json":{"title":"Satanlage ActivSat - Bantam Camping AG","robots":{"index":"index","follow":"follow","max-snippet":"max-snippet:-1","max-image-preview":"max-image-preview:large","max-video-preview":"max-video-preview:-1"},"canonical":"https:\/\/shop.bantam.ch\/de\/produkt\/satanlage-activsat\/","og_locale":"de_DE","og_type":"article","og_title":"Satanlage ActivSat - Bantam Camping AG","og_description":"Sie k\u00f6nnen Ihren Caravan oder Ihr Wohnmobil im Schatten eines Baums parken und Ihre Sat-Anlage ACTIVSAT an jedem beliebigen Ort installieren. \u00d6ffnen Sie einfach nur das Stativ, fixieren Sie die Motoreinheit darauf , schieben Sie die Parabolsch\u00fcssel ein und schlie\u00dfen Sie das Kabel (15 m) an die externe Activsat-Steckdose des Fahrzeugs an. Die Montage l\u00e4sst [&hellip;]","og_url":"https:\/\/shop.bantam.ch\/de\/produkt\/satanlage-activsat\/","og_site_name":"Bantam Camping AG","article_modified_time":"2026-04-17T22:25:48+00:00","og_image":[{"width":645,"height":1000,"url":"https:\/\/shop.bantam.ch\/wp-content\/uploads\/2023\/03\/995354511.jpg","type":"image\/jpeg"}],"twitter_card":"summary_large_image","twitter_misc":{"Gesch\u00e4tzte Lesezeit":"1\u00a0Minute"},"schema":{"@context":"https:\/\/schema.org","@graph":[{"@type":"WebPage","@id":"https:\/\/shop.bantam.ch\/de\/produkt\/satanlage-activsat\/","url":"https:\/\/shop.bantam.ch\/de\/produkt\/satanlage-activsat\/","name":"Satanlage ActivSat - Bantam Camping AG","isPartOf":{"@id":"https:\/\/shop.bantam.ch\/de\/#website"},"primaryImageOfPage":{"@id":"https:\/\/shop.bantam.ch\/de\/produkt\/satanlage-activsat\/#primaryimage"},"image":{"@id":"https:\/\/shop.bantam.ch\/de\/produkt\/satanlage-activsat\/#primaryimage"},"thumbnailUrl":"https:\/\/shop.bantam.ch\/wp-content\/uploads\/2023\/03\/995354511.jpg","datePublished":"2023-03-28T12:52:04+00:00","dateModified":"2026-04-17T22:25:48+00:00","breadcrumb":{"@id":"https:\/\/shop.bantam.ch\/de\/produkt\/satanlage-activsat\/#breadcrumb"},"inLanguage":"de","potentialAction":[{"@type":"ReadAction","target":["https:\/\/shop.bantam.ch\/de\/produkt\/satanlage-activsat\/"]}]},{"@type":"ImageObject","inLanguage":"de","@id":"https:\/\/shop.bantam.ch\/de\/produkt\/satanlage-activsat\/#primaryimage","url":"https:\/\/shop.bantam.ch\/wp-content\/uploads\/2023\/03\/995354511.jpg","contentUrl":"https:\/\/shop.bantam.ch\/wp-content\/uploads\/2023\/03\/995354511.jpg","width":645,"height":1000},{"@type":"BreadcrumbList","@id":"https:\/\/shop.bantam.ch\/de\/produkt\/satanlage-activsat\/#breadcrumb","itemListElement":[{"@type":"ListItem","position":1,"name":"Accueil","item":"https:\/\/shop.bantam.ch\/de\/"},{"@type":"ListItem","position":2,"name":"Shop","item":"https:\/\/shop.bantam.ch\/de\/shop\/"},{"@type":"ListItem","position":3,"name":"Satanlage ActivSat"}]},{"@type":"WebSite","@id":"https:\/\/shop.bantam.ch\/de\/#website","url":"https:\/\/shop.bantam.ch\/de\/","name":"Bantam Camping AG","description":"","publisher":{"@id":"https:\/\/shop.bantam.ch\/de\/#organization"},"inLanguage":"de"},{"@type":"Organization","@id":"https:\/\/shop.bantam.ch\/de\/#organization","name":"Bantam Camping AG","url":"https:\/\/shop.bantam.ch\/de\/","logo":{"@type":"ImageObject","inLanguage":"de","@id":"https:\/\/shop.bantam.ch\/de\/#\/schema\/logo\/image\/","url":"https:\/\/shop.bantam.ch\/wp-content\/uploads\/2022\/12\/bantam-logo.png","contentUrl":"https:\/\/shop.bantam.ch\/wp-content\/uploads\/2022\/12\/bantam-logo.png","width":320,"height":71,"caption":"Bantam Camping AG"},"image":{"@id":"https:\/\/shop.bantam.ch\/de\/#\/schema\/logo\/image\/"}}]}},"_links":{"self":[{"href":"https:\/\/shop.bantam.ch\/de\/wp-json\/wp\/v2\/product\/162748","targetHints":{"allow":["GET"]}}],"collection":[{"href":"https:\/\/shop.bantam.ch\/de\/wp-json\/wp\/v2\/product"}],"about":[{"href":"https:\/\/shop.bantam.ch\/de\/wp-json\/wp\/v2\/types\/product"}],"wp:featuredmedia":[{"embeddable":true,"href":"https:\/\/shop.bantam.ch\/de\/wp-json\/wp\/v2\/media\/162729"}],"wp:attachment":[{"href":"https:\/\/shop.bantam.ch\/de\/wp-json\/wp\/v2\/media?parent=162748"}],"wp:term":[{"taxonomy":"product_featured_cat","embeddable":true,"href":"https:\/\/shop.bantam.ch\/de\/wp-json\/wp\/v2\/product_featured_cat?post=162748"},{"taxonomy":"product_brand","embeddable":true,"href":"https:\/\/shop.bantam.ch\/de\/wp-json\/wp\/v2\/product_brand?post=162748"},{"taxonomy":"product_cat","embeddable":true,"href":"https:\/\/shop.bantam.ch\/de\/wp-json\/wp\/v2\/product_cat?post=162748"},{"taxonomy":"product_tag","embeddable":true,"href":"https:\/\/shop.bantam.ch\/de\/wp-json\/wp\/v2\/product_tag?post=162748"}],"curies":[{"name":"wp","href":"https:\/\/api.w.org\/{rel}","templated":true}]}}