{"id":162542,"date":"2023-03-28T14:35:44","date_gmt":"2023-03-28T12:35:44","guid":{"rendered":"https:\/\/shop.bantam.ch\/produit\/doppelkamera-perfectview-cam-44\/"},"modified":"2026-04-19T00:24:09","modified_gmt":"2026-04-18T22:24:09","slug":"doppelkamera-perfectview-cam-44","status":"publish","type":"product","link":"https:\/\/shop.bantam.ch\/de\/produkt\/doppelkamera-perfectview-cam-44\/","title":{"rendered":"Doppelkamera PerfectView CAM 44"},"content":{"rendered":"<p>Kleinste Farb-Doppelkamera mit Shutter und extrabreitem Bildwinkel.<\/p>\n<p>\u00a0<\/p>\n<ul>\n<li>1\/3&#8243; CMOS-Bildsensor (PAL)<\/li>\n<li>Gro\u00dfer Bildwinkel im Nahbereich (140\u00b0 diagonal)<\/li>\n<li>Telefunktion im Fernbereich (50\u00b0 diagonal)<\/li>\n<li>Betrieb \u00fcber Anschlussbox AMP 100<\/li>\n<li>Automatische, motorbetriebene Kameraabdeckung<\/li>\n<li>Dank motorbetriebener Kameraabdeckung ideal f\u00fcr hoch gelegene bzw. schlecht zug\u00e4ngliche Montagebereiche<\/li>\n<li>Mikrofon<\/li>\n<li>Abstandsmarken im R\u00fcckfahrmodus<\/li>\n<li>Vorbereitet f\u00fcr den Anschluss an Navigationssysteme<\/li>\n<\/ul>\n<p>\u00a0<\/p>\n","protected":false},"excerpt":{"rendered":"<p>Kleinste Farb-Doppelkamera mit Shutter und extrabreitem Bildwinkel. \u00a0 1\/3&#8243; CMOS-Bildsensor (PAL) Gro\u00dfer Bildwinkel im Nahbereich (140\u00b0 diagonal) Telefunktion im Fernbereich (50\u00b0 diagonal) Betrieb \u00fcber Anschlussbox AMP 100 Automatische, motorbetriebene Kameraabdeckung Dank motorbetriebener Kameraabdeckung ideal f\u00fcr hoch gelegene bzw. schlecht zug\u00e4ngliche Montagebereiche Mikrofon Abstandsmarken im R\u00fcckfahrmodus Vorbereitet f\u00fcr den Anschluss an Navigationssysteme \u00a0<\/p>\n","protected":false},"featured_media":162534,"template":"","meta":{"_acf_changed":false},"product_featured_cat":[],"product_brand":[3029],"product_cat":[5002],"product_tag":[],"class_list":{"0":"post-162542","1":"product","2":"type-product","3":"status-publish","4":"has-post-thumbnail","6":"product_brand-dometic-de","7":"product_cat-kameras","9":"first","10":"instock","11":"taxable","12":"shipping-taxable","13":"purchasable","14":"product-type-variable"},"acf":[],"yoast_head":"<!-- This site is optimized with the Yoast SEO plugin v27.4 - https:\/\/yoast.com\/product\/yoast-seo-wordpress\/ -->\n<title>Doppelkamera PerfectView CAM 44 - Bantam Camping AG<\/title>\n<meta name=\"robots\" content=\"index, follow, max-snippet:-1, max-image-preview:large, max-video-preview:-1\" \/>\n<link rel=\"canonical\" href=\"https:\/\/shop.bantam.ch\/de\/produkt\/doppelkamera-perfectview-cam-44\/\" \/>\n<meta property=\"og:locale\" content=\"de_DE\" \/>\n<meta property=\"og:type\" content=\"article\" \/>\n<meta property=\"og:title\" content=\"Doppelkamera PerfectView CAM 44 - Bantam Camping AG\" \/>\n<meta property=\"og:description\" content=\"Kleinste Farb-Doppelkamera mit Shutter und extrabreitem Bildwinkel. \u00a0 1\/3&#8243; CMOS-Bildsensor (PAL) Gro\u00dfer Bildwinkel im Nahbereich (140\u00b0 diagonal) Telefunktion im Fernbereich (50\u00b0 diagonal) Betrieb \u00fcber Anschlussbox AMP 100 Automatische, motorbetriebene Kameraabdeckung Dank motorbetriebener Kameraabdeckung ideal f\u00fcr hoch gelegene bzw. schlecht zug\u00e4ngliche Montagebereiche Mikrofon Abstandsmarken im R\u00fcckfahrmodus Vorbereitet f\u00fcr den Anschluss an Navigationssysteme \u00a0\" \/>\n<meta property=\"og:url\" content=\"https:\/\/shop.bantam.ch\/de\/produkt\/doppelkamera-perfectview-cam-44\/\" \/>\n<meta property=\"og:site_name\" content=\"Bantam Camping AG\" \/>\n<meta property=\"article:modified_time\" content=\"2026-04-18T22:24:09+00:00\" \/>\n<meta property=\"og:image\" content=\"https:\/\/shop.bantam.ch\/wp-content\/uploads\/2023\/03\/9940674-100-1-3.jpg\" \/>\n\t<meta property=\"og:image:width\" content=\"1000\" \/>\n\t<meta property=\"og:image:height\" content=\"1000\" \/>\n\t<meta property=\"og:image:type\" content=\"image\/jpeg\" \/>\n<meta name=\"twitter:card\" content=\"summary_large_image\" \/>\n<script type=\"application\/ld+json\" class=\"yoast-schema-graph\">{\"@context\":\"https:\\\/\\\/schema.org\",\"@graph\":[{\"@type\":\"WebPage\",\"@id\":\"https:\\\/\\\/shop.bantam.ch\\\/de\\\/produkt\\\/doppelkamera-perfectview-cam-44\\\/\",\"url\":\"https:\\\/\\\/shop.bantam.ch\\\/de\\\/produkt\\\/doppelkamera-perfectview-cam-44\\\/\",\"name\":\"Doppelkamera PerfectView CAM 44 - Bantam Camping AG\",\"isPartOf\":{\"@id\":\"https:\\\/\\\/shop.bantam.ch\\\/de\\\/#website\"},\"primaryImageOfPage\":{\"@id\":\"https:\\\/\\\/shop.bantam.ch\\\/de\\\/produkt\\\/doppelkamera-perfectview-cam-44\\\/#primaryimage\"},\"image\":{\"@id\":\"https:\\\/\\\/shop.bantam.ch\\\/de\\\/produkt\\\/doppelkamera-perfectview-cam-44\\\/#primaryimage\"},\"thumbnailUrl\":\"https:\\\/\\\/shop.bantam.ch\\\/wp-content\\\/uploads\\\/2023\\\/03\\\/9940674-100-1-3.jpg\",\"datePublished\":\"2023-03-28T12:35:44+00:00\",\"dateModified\":\"2026-04-18T22:24:09+00:00\",\"breadcrumb\":{\"@id\":\"https:\\\/\\\/shop.bantam.ch\\\/de\\\/produkt\\\/doppelkamera-perfectview-cam-44\\\/#breadcrumb\"},\"inLanguage\":\"de\",\"potentialAction\":[{\"@type\":\"ReadAction\",\"target\":[\"https:\\\/\\\/shop.bantam.ch\\\/de\\\/produkt\\\/doppelkamera-perfectview-cam-44\\\/\"]}]},{\"@type\":\"ImageObject\",\"inLanguage\":\"de\",\"@id\":\"https:\\\/\\\/shop.bantam.ch\\\/de\\\/produkt\\\/doppelkamera-perfectview-cam-44\\\/#primaryimage\",\"url\":\"https:\\\/\\\/shop.bantam.ch\\\/wp-content\\\/uploads\\\/2023\\\/03\\\/9940674-100-1-3.jpg\",\"contentUrl\":\"https:\\\/\\\/shop.bantam.ch\\\/wp-content\\\/uploads\\\/2023\\\/03\\\/9940674-100-1-3.jpg\",\"width\":1000,\"height\":1000},{\"@type\":\"BreadcrumbList\",\"@id\":\"https:\\\/\\\/shop.bantam.ch\\\/de\\\/produkt\\\/doppelkamera-perfectview-cam-44\\\/#breadcrumb\",\"itemListElement\":[{\"@type\":\"ListItem\",\"position\":1,\"name\":\"Accueil\",\"item\":\"https:\\\/\\\/shop.bantam.ch\\\/de\\\/\"},{\"@type\":\"ListItem\",\"position\":2,\"name\":\"Shop\",\"item\":\"https:\\\/\\\/shop.bantam.ch\\\/de\\\/shop\\\/\"},{\"@type\":\"ListItem\",\"position\":3,\"name\":\"Doppelkamera PerfectView CAM 44\"}]},{\"@type\":\"WebSite\",\"@id\":\"https:\\\/\\\/shop.bantam.ch\\\/de\\\/#website\",\"url\":\"https:\\\/\\\/shop.bantam.ch\\\/de\\\/\",\"name\":\"Bantam Camping AG\",\"description\":\"\",\"publisher\":{\"@id\":\"https:\\\/\\\/shop.bantam.ch\\\/de\\\/#organization\"},\"inLanguage\":\"de\"},{\"@type\":\"Organization\",\"@id\":\"https:\\\/\\\/shop.bantam.ch\\\/de\\\/#organization\",\"name\":\"Bantam Camping AG\",\"url\":\"https:\\\/\\\/shop.bantam.ch\\\/de\\\/\",\"logo\":{\"@type\":\"ImageObject\",\"inLanguage\":\"de\",\"@id\":\"https:\\\/\\\/shop.bantam.ch\\\/de\\\/#\\\/schema\\\/logo\\\/image\\\/\",\"url\":\"https:\\\/\\\/shop.bantam.ch\\\/wp-content\\\/uploads\\\/2022\\\/12\\\/bantam-logo.png\",\"contentUrl\":\"https:\\\/\\\/shop.bantam.ch\\\/wp-content\\\/uploads\\\/2022\\\/12\\\/bantam-logo.png\",\"width\":320,\"height\":71,\"caption\":\"Bantam Camping AG\"},\"image\":{\"@id\":\"https:\\\/\\\/shop.bantam.ch\\\/de\\\/#\\\/schema\\\/logo\\\/image\\\/\"}}]}<\/script>\n<!-- \/ Yoast SEO plugin. -->","yoast_head_json":{"title":"Doppelkamera PerfectView CAM 44 - Bantam Camping AG","robots":{"index":"index","follow":"follow","max-snippet":"max-snippet:-1","max-image-preview":"max-image-preview:large","max-video-preview":"max-video-preview:-1"},"canonical":"https:\/\/shop.bantam.ch\/de\/produkt\/doppelkamera-perfectview-cam-44\/","og_locale":"de_DE","og_type":"article","og_title":"Doppelkamera PerfectView CAM 44 - Bantam Camping AG","og_description":"Kleinste Farb-Doppelkamera mit Shutter und extrabreitem Bildwinkel. \u00a0 1\/3&#8243; CMOS-Bildsensor (PAL) Gro\u00dfer Bildwinkel im Nahbereich (140\u00b0 diagonal) Telefunktion im Fernbereich (50\u00b0 diagonal) Betrieb \u00fcber Anschlussbox AMP 100 Automatische, motorbetriebene Kameraabdeckung Dank motorbetriebener Kameraabdeckung ideal f\u00fcr hoch gelegene bzw. schlecht zug\u00e4ngliche Montagebereiche Mikrofon Abstandsmarken im R\u00fcckfahrmodus Vorbereitet f\u00fcr den Anschluss an Navigationssysteme \u00a0","og_url":"https:\/\/shop.bantam.ch\/de\/produkt\/doppelkamera-perfectview-cam-44\/","og_site_name":"Bantam Camping AG","article_modified_time":"2026-04-18T22:24:09+00:00","og_image":[{"width":1000,"height":1000,"url":"https:\/\/shop.bantam.ch\/wp-content\/uploads\/2023\/03\/9940674-100-1-3.jpg","type":"image\/jpeg"}],"twitter_card":"summary_large_image","schema":{"@context":"https:\/\/schema.org","@graph":[{"@type":"WebPage","@id":"https:\/\/shop.bantam.ch\/de\/produkt\/doppelkamera-perfectview-cam-44\/","url":"https:\/\/shop.bantam.ch\/de\/produkt\/doppelkamera-perfectview-cam-44\/","name":"Doppelkamera PerfectView CAM 44 - Bantam Camping AG","isPartOf":{"@id":"https:\/\/shop.bantam.ch\/de\/#website"},"primaryImageOfPage":{"@id":"https:\/\/shop.bantam.ch\/de\/produkt\/doppelkamera-perfectview-cam-44\/#primaryimage"},"image":{"@id":"https:\/\/shop.bantam.ch\/de\/produkt\/doppelkamera-perfectview-cam-44\/#primaryimage"},"thumbnailUrl":"https:\/\/shop.bantam.ch\/wp-content\/uploads\/2023\/03\/9940674-100-1-3.jpg","datePublished":"2023-03-28T12:35:44+00:00","dateModified":"2026-04-18T22:24:09+00:00","breadcrumb":{"@id":"https:\/\/shop.bantam.ch\/de\/produkt\/doppelkamera-perfectview-cam-44\/#breadcrumb"},"inLanguage":"de","potentialAction":[{"@type":"ReadAction","target":["https:\/\/shop.bantam.ch\/de\/produkt\/doppelkamera-perfectview-cam-44\/"]}]},{"@type":"ImageObject","inLanguage":"de","@id":"https:\/\/shop.bantam.ch\/de\/produkt\/doppelkamera-perfectview-cam-44\/#primaryimage","url":"https:\/\/shop.bantam.ch\/wp-content\/uploads\/2023\/03\/9940674-100-1-3.jpg","contentUrl":"https:\/\/shop.bantam.ch\/wp-content\/uploads\/2023\/03\/9940674-100-1-3.jpg","width":1000,"height":1000},{"@type":"BreadcrumbList","@id":"https:\/\/shop.bantam.ch\/de\/produkt\/doppelkamera-perfectview-cam-44\/#breadcrumb","itemListElement":[{"@type":"ListItem","position":1,"name":"Accueil","item":"https:\/\/shop.bantam.ch\/de\/"},{"@type":"ListItem","position":2,"name":"Shop","item":"https:\/\/shop.bantam.ch\/de\/shop\/"},{"@type":"ListItem","position":3,"name":"Doppelkamera PerfectView CAM 44"}]},{"@type":"WebSite","@id":"https:\/\/shop.bantam.ch\/de\/#website","url":"https:\/\/shop.bantam.ch\/de\/","name":"Bantam Camping AG","description":"","publisher":{"@id":"https:\/\/shop.bantam.ch\/de\/#organization"},"inLanguage":"de"},{"@type":"Organization","@id":"https:\/\/shop.bantam.ch\/de\/#organization","name":"Bantam Camping AG","url":"https:\/\/shop.bantam.ch\/de\/","logo":{"@type":"ImageObject","inLanguage":"de","@id":"https:\/\/shop.bantam.ch\/de\/#\/schema\/logo\/image\/","url":"https:\/\/shop.bantam.ch\/wp-content\/uploads\/2022\/12\/bantam-logo.png","contentUrl":"https:\/\/shop.bantam.ch\/wp-content\/uploads\/2022\/12\/bantam-logo.png","width":320,"height":71,"caption":"Bantam Camping AG"},"image":{"@id":"https:\/\/shop.bantam.ch\/de\/#\/schema\/logo\/image\/"}}]}},"_links":{"self":[{"href":"https:\/\/shop.bantam.ch\/de\/wp-json\/wp\/v2\/product\/162542","targetHints":{"allow":["GET"]}}],"collection":[{"href":"https:\/\/shop.bantam.ch\/de\/wp-json\/wp\/v2\/product"}],"about":[{"href":"https:\/\/shop.bantam.ch\/de\/wp-json\/wp\/v2\/types\/product"}],"wp:featuredmedia":[{"embeddable":true,"href":"https:\/\/shop.bantam.ch\/de\/wp-json\/wp\/v2\/media\/162534"}],"wp:attachment":[{"href":"https:\/\/shop.bantam.ch\/de\/wp-json\/wp\/v2\/media?parent=162542"}],"wp:term":[{"taxonomy":"product_featured_cat","embeddable":true,"href":"https:\/\/shop.bantam.ch\/de\/wp-json\/wp\/v2\/product_featured_cat?post=162542"},{"taxonomy":"product_brand","embeddable":true,"href":"https:\/\/shop.bantam.ch\/de\/wp-json\/wp\/v2\/product_brand?post=162542"},{"taxonomy":"product_cat","embeddable":true,"href":"https:\/\/shop.bantam.ch\/de\/wp-json\/wp\/v2\/product_cat?post=162542"},{"taxonomy":"product_tag","embeddable":true,"href":"https:\/\/shop.bantam.ch\/de\/wp-json\/wp\/v2\/product_tag?post=162542"}],"curies":[{"name":"wp","href":"https:\/\/api.w.org\/{rel}","templated":true}]}}