{"id":161833,"date":"2023-03-28T13:31:05","date_gmt":"2023-03-28T11:31:05","guid":{"rendered":"https:\/\/shop.bantam.ch\/produit\/kuehlakkku-flexi-freez-pack\/"},"modified":"2026-04-20T00:16:43","modified_gmt":"2026-04-19T22:16:43","slug":"kuehlakkku-flexi-freez-pack","status":"publish","type":"product","link":"https:\/\/shop.bantam.ch\/de\/produkt\/kuehlakkku-flexi-freez-pack\/","title":{"rendered":"K\u00fchlakkku Flexi Freez Pack"},"content":{"rendered":"<p>Mit diesem flachen K\u00fchlelement l\u00e4sst sich der Innenraum jeder K\u00fchlbox perfekt ausnutzen. Das K\u00fchlelement mit seinen 12 einzelnen K\u00fchlsegmenten l\u00e4sst sich auch in gefrorenem Zustand um K\u00fchlgut wickeln oder f\u00fcllt Zwischenr\u00e4ume aus. Es ist vielseitig einsetzbar, sowohl in K\u00fchlboxen als auch f\u00fcr Erste Hilfe im medizinischen Bereich.<\/p>\n<p>Speziell geeignet f\u00fcr K\u00fchlboxen und -taschen mit einem Fassungsvolumen zwischen 11 und 18 Litern.<\/p>\n<p>Material:<br \/>PVC Polyvinylchlorid<\/p>\n","protected":false},"excerpt":{"rendered":"<p>Mit diesem flachen K\u00fchlelement l\u00e4sst sich der Innenraum jeder K\u00fchlbox perfekt ausnutzen. Das K\u00fchlelement mit seinen 12 einzelnen K\u00fchlsegmenten l\u00e4sst sich auch in gefrorenem Zustand um K\u00fchlgut wickeln oder f\u00fcllt Zwischenr\u00e4ume aus. Es ist vielseitig einsetzbar, sowohl in K\u00fchlboxen als auch f\u00fcr Erste Hilfe im medizinischen Bereich. Speziell geeignet f\u00fcr K\u00fchlboxen und -taschen mit einem [&hellip;]<\/p>\n","protected":false},"featured_media":161822,"template":"","meta":{"_acf_changed":false},"product_featured_cat":[],"product_brand":[3197],"product_cat":[4554],"product_tag":[],"class_list":{"0":"post-161833","1":"product","2":"type-product","3":"status-publish","4":"has-post-thumbnail","6":"product_brand-campingaz-de","7":"product_cat-zubehoer-fuer-kuehlboxen","9":"first","10":"instock","11":"taxable","12":"shipping-taxable","13":"purchasable","14":"product-type-variable"},"acf":[],"yoast_head":"<!-- This site is optimized with the Yoast SEO plugin v27.4 - https:\/\/yoast.com\/product\/yoast-seo-wordpress\/ -->\n<title>K\u00fchlakkku Flexi Freez Pack - Bantam Camping AG<\/title>\n<meta name=\"robots\" content=\"index, follow, max-snippet:-1, max-image-preview:large, max-video-preview:-1\" \/>\n<link rel=\"canonical\" href=\"https:\/\/shop.bantam.ch\/de\/produkt\/kuehlakkku-flexi-freez-pack\/\" \/>\n<meta property=\"og:locale\" content=\"de_DE\" \/>\n<meta property=\"og:type\" content=\"article\" \/>\n<meta property=\"og:title\" content=\"K\u00fchlakkku Flexi Freez Pack - Bantam Camping AG\" \/>\n<meta property=\"og:description\" content=\"Mit diesem flachen K\u00fchlelement l\u00e4sst sich der Innenraum jeder K\u00fchlbox perfekt ausnutzen. Das K\u00fchlelement mit seinen 12 einzelnen K\u00fchlsegmenten l\u00e4sst sich auch in gefrorenem Zustand um K\u00fchlgut wickeln oder f\u00fcllt Zwischenr\u00e4ume aus. Es ist vielseitig einsetzbar, sowohl in K\u00fchlboxen als auch f\u00fcr Erste Hilfe im medizinischen Bereich. Speziell geeignet f\u00fcr K\u00fchlboxen und -taschen mit einem [&hellip;]\" \/>\n<meta property=\"og:url\" content=\"https:\/\/shop.bantam.ch\/de\/produkt\/kuehlakkku-flexi-freez-pack\/\" \/>\n<meta property=\"og:site_name\" content=\"Bantam Camping AG\" \/>\n<meta property=\"article:modified_time\" content=\"2026-04-19T22:16:43+00:00\" \/>\n<meta property=\"og:image\" content=\"https:\/\/shop.bantam.ch\/wp-content\/uploads\/2023\/03\/9902506-Flexi_Freez_Pack_M-Standard-01.jpg\" \/>\n\t<meta property=\"og:image:width\" content=\"1000\" \/>\n\t<meta property=\"og:image:height\" content=\"1000\" \/>\n\t<meta property=\"og:image:type\" content=\"image\/jpeg\" \/>\n<meta name=\"twitter:card\" content=\"summary_large_image\" \/>\n<script type=\"application\/ld+json\" class=\"yoast-schema-graph\">{\"@context\":\"https:\\\/\\\/schema.org\",\"@graph\":[{\"@type\":\"WebPage\",\"@id\":\"https:\\\/\\\/shop.bantam.ch\\\/de\\\/produkt\\\/kuehlakkku-flexi-freez-pack\\\/\",\"url\":\"https:\\\/\\\/shop.bantam.ch\\\/de\\\/produkt\\\/kuehlakkku-flexi-freez-pack\\\/\",\"name\":\"K\u00fchlakkku Flexi Freez Pack - Bantam Camping AG\",\"isPartOf\":{\"@id\":\"https:\\\/\\\/shop.bantam.ch\\\/de\\\/#website\"},\"primaryImageOfPage\":{\"@id\":\"https:\\\/\\\/shop.bantam.ch\\\/de\\\/produkt\\\/kuehlakkku-flexi-freez-pack\\\/#primaryimage\"},\"image\":{\"@id\":\"https:\\\/\\\/shop.bantam.ch\\\/de\\\/produkt\\\/kuehlakkku-flexi-freez-pack\\\/#primaryimage\"},\"thumbnailUrl\":\"https:\\\/\\\/shop.bantam.ch\\\/wp-content\\\/uploads\\\/2023\\\/03\\\/9902506-Flexi_Freez_Pack_M-Standard-01.jpg\",\"datePublished\":\"2023-03-28T11:31:05+00:00\",\"dateModified\":\"2026-04-19T22:16:43+00:00\",\"breadcrumb\":{\"@id\":\"https:\\\/\\\/shop.bantam.ch\\\/de\\\/produkt\\\/kuehlakkku-flexi-freez-pack\\\/#breadcrumb\"},\"inLanguage\":\"de\",\"potentialAction\":[{\"@type\":\"ReadAction\",\"target\":[\"https:\\\/\\\/shop.bantam.ch\\\/de\\\/produkt\\\/kuehlakkku-flexi-freez-pack\\\/\"]}]},{\"@type\":\"ImageObject\",\"inLanguage\":\"de\",\"@id\":\"https:\\\/\\\/shop.bantam.ch\\\/de\\\/produkt\\\/kuehlakkku-flexi-freez-pack\\\/#primaryimage\",\"url\":\"https:\\\/\\\/shop.bantam.ch\\\/wp-content\\\/uploads\\\/2023\\\/03\\\/9902506-Flexi_Freez_Pack_M-Standard-01.jpg\",\"contentUrl\":\"https:\\\/\\\/shop.bantam.ch\\\/wp-content\\\/uploads\\\/2023\\\/03\\\/9902506-Flexi_Freez_Pack_M-Standard-01.jpg\",\"width\":1000,\"height\":1000},{\"@type\":\"BreadcrumbList\",\"@id\":\"https:\\\/\\\/shop.bantam.ch\\\/de\\\/produkt\\\/kuehlakkku-flexi-freez-pack\\\/#breadcrumb\",\"itemListElement\":[{\"@type\":\"ListItem\",\"position\":1,\"name\":\"Accueil\",\"item\":\"https:\\\/\\\/shop.bantam.ch\\\/de\\\/\"},{\"@type\":\"ListItem\",\"position\":2,\"name\":\"Shop\",\"item\":\"https:\\\/\\\/shop.bantam.ch\\\/de\\\/shop\\\/\"},{\"@type\":\"ListItem\",\"position\":3,\"name\":\"K\u00fchlakkku Flexi Freez Pack\"}]},{\"@type\":\"WebSite\",\"@id\":\"https:\\\/\\\/shop.bantam.ch\\\/de\\\/#website\",\"url\":\"https:\\\/\\\/shop.bantam.ch\\\/de\\\/\",\"name\":\"Bantam Camping AG\",\"description\":\"\",\"publisher\":{\"@id\":\"https:\\\/\\\/shop.bantam.ch\\\/de\\\/#organization\"},\"inLanguage\":\"de\"},{\"@type\":\"Organization\",\"@id\":\"https:\\\/\\\/shop.bantam.ch\\\/de\\\/#organization\",\"name\":\"Bantam Camping AG\",\"url\":\"https:\\\/\\\/shop.bantam.ch\\\/de\\\/\",\"logo\":{\"@type\":\"ImageObject\",\"inLanguage\":\"de\",\"@id\":\"https:\\\/\\\/shop.bantam.ch\\\/de\\\/#\\\/schema\\\/logo\\\/image\\\/\",\"url\":\"https:\\\/\\\/shop.bantam.ch\\\/wp-content\\\/uploads\\\/2022\\\/12\\\/bantam-logo.png\",\"contentUrl\":\"https:\\\/\\\/shop.bantam.ch\\\/wp-content\\\/uploads\\\/2022\\\/12\\\/bantam-logo.png\",\"width\":320,\"height\":71,\"caption\":\"Bantam Camping AG\"},\"image\":{\"@id\":\"https:\\\/\\\/shop.bantam.ch\\\/de\\\/#\\\/schema\\\/logo\\\/image\\\/\"}}]}<\/script>\n<!-- \/ Yoast SEO plugin. -->","yoast_head_json":{"title":"K\u00fchlakkku Flexi Freez Pack - Bantam Camping AG","robots":{"index":"index","follow":"follow","max-snippet":"max-snippet:-1","max-image-preview":"max-image-preview:large","max-video-preview":"max-video-preview:-1"},"canonical":"https:\/\/shop.bantam.ch\/de\/produkt\/kuehlakkku-flexi-freez-pack\/","og_locale":"de_DE","og_type":"article","og_title":"K\u00fchlakkku Flexi Freez Pack - Bantam Camping AG","og_description":"Mit diesem flachen K\u00fchlelement l\u00e4sst sich der Innenraum jeder K\u00fchlbox perfekt ausnutzen. Das K\u00fchlelement mit seinen 12 einzelnen K\u00fchlsegmenten l\u00e4sst sich auch in gefrorenem Zustand um K\u00fchlgut wickeln oder f\u00fcllt Zwischenr\u00e4ume aus. Es ist vielseitig einsetzbar, sowohl in K\u00fchlboxen als auch f\u00fcr Erste Hilfe im medizinischen Bereich. Speziell geeignet f\u00fcr K\u00fchlboxen und -taschen mit einem [&hellip;]","og_url":"https:\/\/shop.bantam.ch\/de\/produkt\/kuehlakkku-flexi-freez-pack\/","og_site_name":"Bantam Camping AG","article_modified_time":"2026-04-19T22:16:43+00:00","og_image":[{"width":1000,"height":1000,"url":"https:\/\/shop.bantam.ch\/wp-content\/uploads\/2023\/03\/9902506-Flexi_Freez_Pack_M-Standard-01.jpg","type":"image\/jpeg"}],"twitter_card":"summary_large_image","schema":{"@context":"https:\/\/schema.org","@graph":[{"@type":"WebPage","@id":"https:\/\/shop.bantam.ch\/de\/produkt\/kuehlakkku-flexi-freez-pack\/","url":"https:\/\/shop.bantam.ch\/de\/produkt\/kuehlakkku-flexi-freez-pack\/","name":"K\u00fchlakkku Flexi Freez Pack - Bantam Camping AG","isPartOf":{"@id":"https:\/\/shop.bantam.ch\/de\/#website"},"primaryImageOfPage":{"@id":"https:\/\/shop.bantam.ch\/de\/produkt\/kuehlakkku-flexi-freez-pack\/#primaryimage"},"image":{"@id":"https:\/\/shop.bantam.ch\/de\/produkt\/kuehlakkku-flexi-freez-pack\/#primaryimage"},"thumbnailUrl":"https:\/\/shop.bantam.ch\/wp-content\/uploads\/2023\/03\/9902506-Flexi_Freez_Pack_M-Standard-01.jpg","datePublished":"2023-03-28T11:31:05+00:00","dateModified":"2026-04-19T22:16:43+00:00","breadcrumb":{"@id":"https:\/\/shop.bantam.ch\/de\/produkt\/kuehlakkku-flexi-freez-pack\/#breadcrumb"},"inLanguage":"de","potentialAction":[{"@type":"ReadAction","target":["https:\/\/shop.bantam.ch\/de\/produkt\/kuehlakkku-flexi-freez-pack\/"]}]},{"@type":"ImageObject","inLanguage":"de","@id":"https:\/\/shop.bantam.ch\/de\/produkt\/kuehlakkku-flexi-freez-pack\/#primaryimage","url":"https:\/\/shop.bantam.ch\/wp-content\/uploads\/2023\/03\/9902506-Flexi_Freez_Pack_M-Standard-01.jpg","contentUrl":"https:\/\/shop.bantam.ch\/wp-content\/uploads\/2023\/03\/9902506-Flexi_Freez_Pack_M-Standard-01.jpg","width":1000,"height":1000},{"@type":"BreadcrumbList","@id":"https:\/\/shop.bantam.ch\/de\/produkt\/kuehlakkku-flexi-freez-pack\/#breadcrumb","itemListElement":[{"@type":"ListItem","position":1,"name":"Accueil","item":"https:\/\/shop.bantam.ch\/de\/"},{"@type":"ListItem","position":2,"name":"Shop","item":"https:\/\/shop.bantam.ch\/de\/shop\/"},{"@type":"ListItem","position":3,"name":"K\u00fchlakkku Flexi Freez Pack"}]},{"@type":"WebSite","@id":"https:\/\/shop.bantam.ch\/de\/#website","url":"https:\/\/shop.bantam.ch\/de\/","name":"Bantam Camping AG","description":"","publisher":{"@id":"https:\/\/shop.bantam.ch\/de\/#organization"},"inLanguage":"de"},{"@type":"Organization","@id":"https:\/\/shop.bantam.ch\/de\/#organization","name":"Bantam Camping AG","url":"https:\/\/shop.bantam.ch\/de\/","logo":{"@type":"ImageObject","inLanguage":"de","@id":"https:\/\/shop.bantam.ch\/de\/#\/schema\/logo\/image\/","url":"https:\/\/shop.bantam.ch\/wp-content\/uploads\/2022\/12\/bantam-logo.png","contentUrl":"https:\/\/shop.bantam.ch\/wp-content\/uploads\/2022\/12\/bantam-logo.png","width":320,"height":71,"caption":"Bantam Camping AG"},"image":{"@id":"https:\/\/shop.bantam.ch\/de\/#\/schema\/logo\/image\/"}}]}},"_links":{"self":[{"href":"https:\/\/shop.bantam.ch\/de\/wp-json\/wp\/v2\/product\/161833","targetHints":{"allow":["GET"]}}],"collection":[{"href":"https:\/\/shop.bantam.ch\/de\/wp-json\/wp\/v2\/product"}],"about":[{"href":"https:\/\/shop.bantam.ch\/de\/wp-json\/wp\/v2\/types\/product"}],"wp:featuredmedia":[{"embeddable":true,"href":"https:\/\/shop.bantam.ch\/de\/wp-json\/wp\/v2\/media\/161822"}],"wp:attachment":[{"href":"https:\/\/shop.bantam.ch\/de\/wp-json\/wp\/v2\/media?parent=161833"}],"wp:term":[{"taxonomy":"product_featured_cat","embeddable":true,"href":"https:\/\/shop.bantam.ch\/de\/wp-json\/wp\/v2\/product_featured_cat?post=161833"},{"taxonomy":"product_brand","embeddable":true,"href":"https:\/\/shop.bantam.ch\/de\/wp-json\/wp\/v2\/product_brand?post=161833"},{"taxonomy":"product_cat","embeddable":true,"href":"https:\/\/shop.bantam.ch\/de\/wp-json\/wp\/v2\/product_cat?post=161833"},{"taxonomy":"product_tag","embeddable":true,"href":"https:\/\/shop.bantam.ch\/de\/wp-json\/wp\/v2\/product_tag?post=161833"}],"curies":[{"name":"wp","href":"https:\/\/api.w.org\/{rel}","templated":true}]}}