{"id":161658,"date":"2023-03-28T11:35:29","date_gmt":"2023-03-28T09:35:29","guid":{"rendered":"https:\/\/shop.bantam.ch\/produit\/leichtmetallfelge-gsm-4\/"},"modified":"2026-05-10T00:08:21","modified_gmt":"2026-05-09T22:08:21","slug":"leichtmetallfelge-gsm-4","status":"publish","type":"product","link":"https:\/\/shop.bantam.ch\/de\/produkt\/leichtmetallfelge-gsm-4\/","title":{"rendered":"Leichtmetallfelge GSM 4"},"content":{"rendered":"<p>Mit den hochwertigen Aluminiumfelgen von Goldschmitt werten Sie Ihr Fahrzeug nicht nur in Sachen Sicherheit, sondern zudem optisch auf und machen es mit geringstem Aufwand zum Schmuckst\u00fcck. Es sind jedoch nicht nur die optischen, sondern vor allem die technischen Finessen, die den Unterscheid ausmachen &#8211; denn im Vergleich zu den Pkw-Alu-R\u00e4dern m\u00fcssen Felgen f\u00fcr Reisemobile eine wesentlich h\u00f6here Traglast aufweisen. Diese Aufgaben erf\u00fcllen die Goldschmitt-Felgen seit jeher mit Bravour. So verwundert es nicht, dass die hochwertigen Felgen aus dem Odenwald seit vielen Jahren sowohl bei Reisemobilisten aus auch bei Aufbauherstellern sehr beliebt ist.<\/p>\n","protected":false},"excerpt":{"rendered":"<p>Mit den hochwertigen Aluminiumfelgen von Goldschmitt werten Sie Ihr Fahrzeug nicht nur in Sachen Sicherheit, sondern zudem optisch auf und machen es mit geringstem Aufwand zum Schmuckst\u00fcck. Es sind jedoch nicht nur die optischen, sondern vor allem die technischen Finessen, die den Unterscheid ausmachen &#8211; denn im Vergleich zu den Pkw-Alu-R\u00e4dern m\u00fcssen Felgen f\u00fcr Reisemobile [&hellip;]<\/p>\n","protected":false},"featured_media":161644,"template":"","meta":{"_acf_changed":false},"product_featured_cat":[],"product_brand":[3271],"product_cat":[4810],"product_tag":[],"class_list":{"0":"post-161658","1":"product","2":"type-product","3":"status-publish","4":"has-post-thumbnail","6":"product_brand-goldschmitt-de","7":"product_cat-raeder-felgen","9":"first","10":"instock","11":"taxable","12":"shipping-taxable","13":"purchasable","14":"product-type-variable"},"acf":[],"yoast_head":"<!-- This site is optimized with the Yoast SEO plugin v27.5 - https:\/\/yoast.com\/product\/yoast-seo-wordpress\/ -->\n<title>Leichtmetallfelge GSM 4 - Bantam<\/title>\n<meta name=\"robots\" content=\"index, follow, max-snippet:-1, max-image-preview:large, max-video-preview:-1\" \/>\n<link rel=\"canonical\" href=\"https:\/\/shop.bantam.ch\/de\/produkt\/leichtmetallfelge-gsm-4\/\" \/>\n<meta property=\"og:locale\" content=\"de_DE\" \/>\n<meta property=\"og:type\" content=\"article\" \/>\n<meta property=\"og:title\" content=\"Leichtmetallfelge GSM 4 - Bantam\" \/>\n<meta property=\"og:description\" content=\"Mit den hochwertigen Aluminiumfelgen von Goldschmitt werten Sie Ihr Fahrzeug nicht nur in Sachen Sicherheit, sondern zudem optisch auf und machen es mit geringstem Aufwand zum Schmuckst\u00fcck. Es sind jedoch nicht nur die optischen, sondern vor allem die technischen Finessen, die den Unterscheid ausmachen &#8211; denn im Vergleich zu den Pkw-Alu-R\u00e4dern m\u00fcssen Felgen f\u00fcr Reisemobile [&hellip;]\" \/>\n<meta property=\"og:url\" content=\"https:\/\/shop.bantam.ch\/de\/produkt\/leichtmetallfelge-gsm-4\/\" \/>\n<meta property=\"og:site_name\" content=\"Bantam\" \/>\n<meta property=\"article:modified_time\" content=\"2026-05-09T22:08:21+00:00\" \/>\n<meta property=\"og:image\" content=\"https:\/\/shop.bantam.ch\/wp-content\/uploads\/2023\/03\/9919788-Leichtmetallfelge_GSM4_Fb_darc_chrome_Gr_6_0x15_LK_5x118_ET_68_Max_load_1150_kg-Standard-01.jpg\" \/>\n\t<meta property=\"og:image:width\" content=\"1000\" \/>\n\t<meta property=\"og:image:height\" content=\"1000\" \/>\n\t<meta property=\"og:image:type\" content=\"image\/jpeg\" \/>\n<meta name=\"twitter:card\" content=\"summary_large_image\" \/>\n<script type=\"application\/ld+json\" class=\"yoast-schema-graph\">{\"@context\":\"https:\\\/\\\/schema.org\",\"@graph\":[{\"@type\":\"WebPage\",\"@id\":\"https:\\\/\\\/shop.bantam.ch\\\/de\\\/produkt\\\/leichtmetallfelge-gsm-4\\\/\",\"url\":\"https:\\\/\\\/shop.bantam.ch\\\/de\\\/produkt\\\/leichtmetallfelge-gsm-4\\\/\",\"name\":\"Leichtmetallfelge GSM 4 - Bantam\",\"isPartOf\":{\"@id\":\"https:\\\/\\\/shop.bantam.ch\\\/de\\\/#website\"},\"primaryImageOfPage\":{\"@id\":\"https:\\\/\\\/shop.bantam.ch\\\/de\\\/produkt\\\/leichtmetallfelge-gsm-4\\\/#primaryimage\"},\"image\":{\"@id\":\"https:\\\/\\\/shop.bantam.ch\\\/de\\\/produkt\\\/leichtmetallfelge-gsm-4\\\/#primaryimage\"},\"thumbnailUrl\":\"https:\\\/\\\/shop.bantam.ch\\\/wp-content\\\/uploads\\\/2023\\\/03\\\/9919788-Leichtmetallfelge_GSM4_Fb_darc_chrome_Gr_6_0x15_LK_5x118_ET_68_Max_load_1150_kg-Standard-01.jpg\",\"datePublished\":\"2023-03-28T09:35:29+00:00\",\"dateModified\":\"2026-05-09T22:08:21+00:00\",\"breadcrumb\":{\"@id\":\"https:\\\/\\\/shop.bantam.ch\\\/de\\\/produkt\\\/leichtmetallfelge-gsm-4\\\/#breadcrumb\"},\"inLanguage\":\"de\",\"potentialAction\":[{\"@type\":\"ReadAction\",\"target\":[\"https:\\\/\\\/shop.bantam.ch\\\/de\\\/produkt\\\/leichtmetallfelge-gsm-4\\\/\"]}]},{\"@type\":\"ImageObject\",\"inLanguage\":\"de\",\"@id\":\"https:\\\/\\\/shop.bantam.ch\\\/de\\\/produkt\\\/leichtmetallfelge-gsm-4\\\/#primaryimage\",\"url\":\"https:\\\/\\\/shop.bantam.ch\\\/wp-content\\\/uploads\\\/2023\\\/03\\\/9919788-Leichtmetallfelge_GSM4_Fb_darc_chrome_Gr_6_0x15_LK_5x118_ET_68_Max_load_1150_kg-Standard-01.jpg\",\"contentUrl\":\"https:\\\/\\\/shop.bantam.ch\\\/wp-content\\\/uploads\\\/2023\\\/03\\\/9919788-Leichtmetallfelge_GSM4_Fb_darc_chrome_Gr_6_0x15_LK_5x118_ET_68_Max_load_1150_kg-Standard-01.jpg\",\"width\":1000,\"height\":1000},{\"@type\":\"BreadcrumbList\",\"@id\":\"https:\\\/\\\/shop.bantam.ch\\\/de\\\/produkt\\\/leichtmetallfelge-gsm-4\\\/#breadcrumb\",\"itemListElement\":[{\"@type\":\"ListItem\",\"position\":1,\"name\":\"Accueil\",\"item\":\"https:\\\/\\\/shop.bantam.ch\\\/de\\\/\"},{\"@type\":\"ListItem\",\"position\":2,\"name\":\"Shop\",\"item\":\"https:\\\/\\\/shop.bantam.ch\\\/de\\\/shop\\\/\"},{\"@type\":\"ListItem\",\"position\":3,\"name\":\"Leichtmetallfelge GSM 4\"}]},{\"@type\":\"WebSite\",\"@id\":\"https:\\\/\\\/shop.bantam.ch\\\/de\\\/#website\",\"url\":\"https:\\\/\\\/shop.bantam.ch\\\/de\\\/\",\"name\":\"Bantam\",\"description\":\"\",\"publisher\":{\"@id\":\"https:\\\/\\\/shop.bantam.ch\\\/de\\\/#organization\"},\"inLanguage\":\"de\"},{\"@type\":\"Organization\",\"@id\":\"https:\\\/\\\/shop.bantam.ch\\\/de\\\/#organization\",\"name\":\"Bantam\",\"url\":\"https:\\\/\\\/shop.bantam.ch\\\/de\\\/\",\"logo\":{\"@type\":\"ImageObject\",\"inLanguage\":\"de\",\"@id\":\"https:\\\/\\\/shop.bantam.ch\\\/de\\\/#\\\/schema\\\/logo\\\/image\\\/\",\"url\":\"https:\\\/\\\/shop.bantam.ch\\\/wp-content\\\/uploads\\\/2022\\\/12\\\/bantam-logo.png\",\"contentUrl\":\"https:\\\/\\\/shop.bantam.ch\\\/wp-content\\\/uploads\\\/2022\\\/12\\\/bantam-logo.png\",\"width\":320,\"height\":71,\"caption\":\"Bantam\"},\"image\":{\"@id\":\"https:\\\/\\\/shop.bantam.ch\\\/de\\\/#\\\/schema\\\/logo\\\/image\\\/\"}}]}<\/script>\n<!-- \/ Yoast SEO plugin. -->","yoast_head_json":{"title":"Leichtmetallfelge GSM 4 - Bantam","robots":{"index":"index","follow":"follow","max-snippet":"max-snippet:-1","max-image-preview":"max-image-preview:large","max-video-preview":"max-video-preview:-1"},"canonical":"https:\/\/shop.bantam.ch\/de\/produkt\/leichtmetallfelge-gsm-4\/","og_locale":"de_DE","og_type":"article","og_title":"Leichtmetallfelge GSM 4 - Bantam","og_description":"Mit den hochwertigen Aluminiumfelgen von Goldschmitt werten Sie Ihr Fahrzeug nicht nur in Sachen Sicherheit, sondern zudem optisch auf und machen es mit geringstem Aufwand zum Schmuckst\u00fcck. Es sind jedoch nicht nur die optischen, sondern vor allem die technischen Finessen, die den Unterscheid ausmachen &#8211; denn im Vergleich zu den Pkw-Alu-R\u00e4dern m\u00fcssen Felgen f\u00fcr Reisemobile [&hellip;]","og_url":"https:\/\/shop.bantam.ch\/de\/produkt\/leichtmetallfelge-gsm-4\/","og_site_name":"Bantam","article_modified_time":"2026-05-09T22:08:21+00:00","og_image":[{"width":1000,"height":1000,"url":"https:\/\/shop.bantam.ch\/wp-content\/uploads\/2023\/03\/9919788-Leichtmetallfelge_GSM4_Fb_darc_chrome_Gr_6_0x15_LK_5x118_ET_68_Max_load_1150_kg-Standard-01.jpg","type":"image\/jpeg"}],"twitter_card":"summary_large_image","schema":{"@context":"https:\/\/schema.org","@graph":[{"@type":"WebPage","@id":"https:\/\/shop.bantam.ch\/de\/produkt\/leichtmetallfelge-gsm-4\/","url":"https:\/\/shop.bantam.ch\/de\/produkt\/leichtmetallfelge-gsm-4\/","name":"Leichtmetallfelge GSM 4 - Bantam","isPartOf":{"@id":"https:\/\/shop.bantam.ch\/de\/#website"},"primaryImageOfPage":{"@id":"https:\/\/shop.bantam.ch\/de\/produkt\/leichtmetallfelge-gsm-4\/#primaryimage"},"image":{"@id":"https:\/\/shop.bantam.ch\/de\/produkt\/leichtmetallfelge-gsm-4\/#primaryimage"},"thumbnailUrl":"https:\/\/shop.bantam.ch\/wp-content\/uploads\/2023\/03\/9919788-Leichtmetallfelge_GSM4_Fb_darc_chrome_Gr_6_0x15_LK_5x118_ET_68_Max_load_1150_kg-Standard-01.jpg","datePublished":"2023-03-28T09:35:29+00:00","dateModified":"2026-05-09T22:08:21+00:00","breadcrumb":{"@id":"https:\/\/shop.bantam.ch\/de\/produkt\/leichtmetallfelge-gsm-4\/#breadcrumb"},"inLanguage":"de","potentialAction":[{"@type":"ReadAction","target":["https:\/\/shop.bantam.ch\/de\/produkt\/leichtmetallfelge-gsm-4\/"]}]},{"@type":"ImageObject","inLanguage":"de","@id":"https:\/\/shop.bantam.ch\/de\/produkt\/leichtmetallfelge-gsm-4\/#primaryimage","url":"https:\/\/shop.bantam.ch\/wp-content\/uploads\/2023\/03\/9919788-Leichtmetallfelge_GSM4_Fb_darc_chrome_Gr_6_0x15_LK_5x118_ET_68_Max_load_1150_kg-Standard-01.jpg","contentUrl":"https:\/\/shop.bantam.ch\/wp-content\/uploads\/2023\/03\/9919788-Leichtmetallfelge_GSM4_Fb_darc_chrome_Gr_6_0x15_LK_5x118_ET_68_Max_load_1150_kg-Standard-01.jpg","width":1000,"height":1000},{"@type":"BreadcrumbList","@id":"https:\/\/shop.bantam.ch\/de\/produkt\/leichtmetallfelge-gsm-4\/#breadcrumb","itemListElement":[{"@type":"ListItem","position":1,"name":"Accueil","item":"https:\/\/shop.bantam.ch\/de\/"},{"@type":"ListItem","position":2,"name":"Shop","item":"https:\/\/shop.bantam.ch\/de\/shop\/"},{"@type":"ListItem","position":3,"name":"Leichtmetallfelge GSM 4"}]},{"@type":"WebSite","@id":"https:\/\/shop.bantam.ch\/de\/#website","url":"https:\/\/shop.bantam.ch\/de\/","name":"Bantam","description":"","publisher":{"@id":"https:\/\/shop.bantam.ch\/de\/#organization"},"inLanguage":"de"},{"@type":"Organization","@id":"https:\/\/shop.bantam.ch\/de\/#organization","name":"Bantam","url":"https:\/\/shop.bantam.ch\/de\/","logo":{"@type":"ImageObject","inLanguage":"de","@id":"https:\/\/shop.bantam.ch\/de\/#\/schema\/logo\/image\/","url":"https:\/\/shop.bantam.ch\/wp-content\/uploads\/2022\/12\/bantam-logo.png","contentUrl":"https:\/\/shop.bantam.ch\/wp-content\/uploads\/2022\/12\/bantam-logo.png","width":320,"height":71,"caption":"Bantam"},"image":{"@id":"https:\/\/shop.bantam.ch\/de\/#\/schema\/logo\/image\/"}}]}},"_links":{"self":[{"href":"https:\/\/shop.bantam.ch\/de\/wp-json\/wp\/v2\/product\/161658","targetHints":{"allow":["GET"]}}],"collection":[{"href":"https:\/\/shop.bantam.ch\/de\/wp-json\/wp\/v2\/product"}],"about":[{"href":"https:\/\/shop.bantam.ch\/de\/wp-json\/wp\/v2\/types\/product"}],"wp:featuredmedia":[{"embeddable":true,"href":"https:\/\/shop.bantam.ch\/de\/wp-json\/wp\/v2\/media\/161644"}],"wp:attachment":[{"href":"https:\/\/shop.bantam.ch\/de\/wp-json\/wp\/v2\/media?parent=161658"}],"wp:term":[{"taxonomy":"product_featured_cat","embeddable":true,"href":"https:\/\/shop.bantam.ch\/de\/wp-json\/wp\/v2\/product_featured_cat?post=161658"},{"taxonomy":"product_brand","embeddable":true,"href":"https:\/\/shop.bantam.ch\/de\/wp-json\/wp\/v2\/product_brand?post=161658"},{"taxonomy":"product_cat","embeddable":true,"href":"https:\/\/shop.bantam.ch\/de\/wp-json\/wp\/v2\/product_cat?post=161658"},{"taxonomy":"product_tag","embeddable":true,"href":"https:\/\/shop.bantam.ch\/de\/wp-json\/wp\/v2\/product_tag?post=161658"}],"curies":[{"name":"wp","href":"https:\/\/api.w.org\/{rel}","templated":true}]}}