{"id":161450,"date":"2023-03-28T10:05:18","date_gmt":"2023-03-28T08:05:18","guid":{"rendered":"https:\/\/shop.bantam.ch\/produit\/verdunklungssystem-frontscheibe-mit-innenspiegel-ducato-x-250-beige\/"},"modified":"2026-05-09T00:01:54","modified_gmt":"2026-05-08T22:01:54","slug":"verdunklungssystem-frontscheibe-mit-innenspiegel-ducato-x-250-beige","status":"publish","type":"product","link":"https:\/\/shop.bantam.ch\/de\/produkt\/verdunklungssystem-frontscheibe-mit-innenspiegel-ducato-x-250-beige\/","title":{"rendered":"Verdunklungssystem, Frontscheibe, mit Innenspiegel, Ducato X 250, beige"},"content":{"rendered":"<p>Verdunkelungssystem f\u00fcr Fiat Ducato Typ X250 \/ X290 sowie baugleiche Peugeot Boxer und Citro\u00e9n Jumper Modelle (ohne Dachtr\u00e4ger). <br \/>Vertikal zu \u00f6ffnender Faltstore, der je nach Bedarf Licht ins Fahrzeug l\u00e4sst oder die Kabine komplett verdunkelt. <br \/>Sch\u00fctzen Sie sich vor UV-Strahlung, Hitze, K\u00e4lte und neugierigen Blicken! Dieses aluminiumbeschichtete Wabensystem f\u00fcr drinnen ist ein Top-Produkt unter den hochwertigen Dometic Verdunkelungssystemen f\u00fcr Frontscheiben und Seitenfenster.<br \/> Es absorbiert bis zu 99 % der sch\u00e4dlichen ultravioletten Strahlung, sch\u00fctzt die Haut vor Sonne und h\u00e4lt Hitze und K\u00e4lte drau\u00dfen. Das leicht zu montierende Verdunkelungssystem bietet Privatsph\u00e4re und Komfort, w\u00e4hrend Sie sich im Fahrzeug befinden.<\/p>\n<p>Eigenschaften und Funktionen:<\/p>\n<ul>\n<li>Doppelt plissiertes Duette-Wabenmaterial f\u00fcr maximale thermische Isolation und Verdunkelung<\/li>\n<li>Perfekt auf die Fiat Ducato-Modelle X250 \/ X290 abgestimmt<\/li>\n<li>Bestm\u00f6gliche Isolation und Verdunkelung im unteren Bereich (Armaturenbrett) sowie im oberen Bereich (Abschlussblende) und seitlich<\/li>\n<li>Stufenlose Verstellung m\u00f6glich, ganz nach Belieben<\/li>\n<li>Nicht geeignet f\u00fcr Fahrzeuge mit Klappbetten, Dachgep\u00e4cktr\u00e4ger oder nachger\u00fcsteten Kopf-Airbags<\/li>\n<\/ul>\n","protected":false},"excerpt":{"rendered":"<p>Verdunkelungssystem f\u00fcr Fiat Ducato Typ X250 \/ X290 sowie baugleiche Peugeot Boxer und Citro\u00e9n Jumper Modelle (ohne Dachtr\u00e4ger). Vertikal zu \u00f6ffnender Faltstore, der je nach Bedarf Licht ins Fahrzeug l\u00e4sst oder die Kabine komplett verdunkelt. Sch\u00fctzen Sie sich vor UV-Strahlung, Hitze, K\u00e4lte und neugierigen Blicken! Dieses aluminiumbeschichtete Wabensystem f\u00fcr drinnen ist ein Top-Produkt unter den [&hellip;]<\/p>\n","protected":false},"featured_media":161440,"template":"","meta":{"_acf_changed":false},"product_featured_cat":[],"product_brand":[3029],"product_cat":[4714],"product_tag":[],"class_list":{"0":"post-161450","1":"product","2":"type-product","3":"status-publish","4":"has-post-thumbnail","6":"product_brand-dometic-de","7":"product_cat-fahrerhausverdunkelung","9":"first","10":"instock","11":"taxable","12":"shipping-taxable","13":"purchasable","14":"product-type-variable"},"acf":[],"yoast_head":"<!-- This site is optimized with the Yoast SEO plugin v27.5 - https:\/\/yoast.com\/product\/yoast-seo-wordpress\/ -->\n<title>Verdunklungssystem, Frontscheibe, mit Innenspiegel, Ducato X 250, beige - Bantam<\/title>\n<meta name=\"robots\" content=\"index, follow, max-snippet:-1, max-image-preview:large, max-video-preview:-1\" \/>\n<link rel=\"canonical\" href=\"https:\/\/shop.bantam.ch\/de\/produkt\/verdunklungssystem-frontscheibe-mit-innenspiegel-ducato-x-250-beige\/\" \/>\n<meta property=\"og:locale\" content=\"de_DE\" \/>\n<meta property=\"og:type\" content=\"article\" \/>\n<meta property=\"og:title\" content=\"Verdunklungssystem, Frontscheibe, mit Innenspiegel, Ducato X 250, beige - Bantam\" \/>\n<meta property=\"og:description\" content=\"Verdunkelungssystem f\u00fcr Fiat Ducato Typ X250 \/ X290 sowie baugleiche Peugeot Boxer und Citro\u00e9n Jumper Modelle (ohne Dachtr\u00e4ger). Vertikal zu \u00f6ffnender Faltstore, der je nach Bedarf Licht ins Fahrzeug l\u00e4sst oder die Kabine komplett verdunkelt. Sch\u00fctzen Sie sich vor UV-Strahlung, Hitze, K\u00e4lte und neugierigen Blicken! Dieses aluminiumbeschichtete Wabensystem f\u00fcr drinnen ist ein Top-Produkt unter den [&hellip;]\" \/>\n<meta property=\"og:url\" content=\"https:\/\/shop.bantam.ch\/de\/produkt\/verdunklungssystem-frontscheibe-mit-innenspiegel-ducato-x-250-beige\/\" \/>\n<meta property=\"og:site_name\" content=\"Bantam\" \/>\n<meta property=\"article:modified_time\" content=\"2026-05-08T22:01:54+00:00\" \/>\n<meta property=\"og:image\" content=\"https:\/\/shop.bantam.ch\/wp-content\/uploads\/2023\/03\/994425711.jpg\" \/>\n\t<meta property=\"og:image:width\" content=\"1000\" \/>\n\t<meta property=\"og:image:height\" content=\"1000\" \/>\n\t<meta property=\"og:image:type\" content=\"image\/jpeg\" \/>\n<meta name=\"twitter:card\" content=\"summary_large_image\" \/>\n<meta name=\"twitter:label1\" content=\"Gesch\u00e4tzte Lesezeit\" \/>\n\t<meta name=\"twitter:data1\" content=\"1\u00a0Minute\" \/>\n<script type=\"application\/ld+json\" class=\"yoast-schema-graph\">{\"@context\":\"https:\\\/\\\/schema.org\",\"@graph\":[{\"@type\":\"WebPage\",\"@id\":\"https:\\\/\\\/shop.bantam.ch\\\/de\\\/produkt\\\/verdunklungssystem-frontscheibe-mit-innenspiegel-ducato-x-250-beige\\\/\",\"url\":\"https:\\\/\\\/shop.bantam.ch\\\/de\\\/produkt\\\/verdunklungssystem-frontscheibe-mit-innenspiegel-ducato-x-250-beige\\\/\",\"name\":\"Verdunklungssystem, Frontscheibe, mit Innenspiegel, Ducato X 250, beige - Bantam\",\"isPartOf\":{\"@id\":\"https:\\\/\\\/shop.bantam.ch\\\/de\\\/#website\"},\"primaryImageOfPage\":{\"@id\":\"https:\\\/\\\/shop.bantam.ch\\\/de\\\/produkt\\\/verdunklungssystem-frontscheibe-mit-innenspiegel-ducato-x-250-beige\\\/#primaryimage\"},\"image\":{\"@id\":\"https:\\\/\\\/shop.bantam.ch\\\/de\\\/produkt\\\/verdunklungssystem-frontscheibe-mit-innenspiegel-ducato-x-250-beige\\\/#primaryimage\"},\"thumbnailUrl\":\"https:\\\/\\\/shop.bantam.ch\\\/wp-content\\\/uploads\\\/2023\\\/03\\\/994425711.jpg\",\"datePublished\":\"2023-03-28T08:05:18+00:00\",\"dateModified\":\"2026-05-08T22:01:54+00:00\",\"breadcrumb\":{\"@id\":\"https:\\\/\\\/shop.bantam.ch\\\/de\\\/produkt\\\/verdunklungssystem-frontscheibe-mit-innenspiegel-ducato-x-250-beige\\\/#breadcrumb\"},\"inLanguage\":\"de\",\"potentialAction\":[{\"@type\":\"ReadAction\",\"target\":[\"https:\\\/\\\/shop.bantam.ch\\\/de\\\/produkt\\\/verdunklungssystem-frontscheibe-mit-innenspiegel-ducato-x-250-beige\\\/\"]}]},{\"@type\":\"ImageObject\",\"inLanguage\":\"de\",\"@id\":\"https:\\\/\\\/shop.bantam.ch\\\/de\\\/produkt\\\/verdunklungssystem-frontscheibe-mit-innenspiegel-ducato-x-250-beige\\\/#primaryimage\",\"url\":\"https:\\\/\\\/shop.bantam.ch\\\/wp-content\\\/uploads\\\/2023\\\/03\\\/994425711.jpg\",\"contentUrl\":\"https:\\\/\\\/shop.bantam.ch\\\/wp-content\\\/uploads\\\/2023\\\/03\\\/994425711.jpg\",\"width\":1000,\"height\":1000},{\"@type\":\"BreadcrumbList\",\"@id\":\"https:\\\/\\\/shop.bantam.ch\\\/de\\\/produkt\\\/verdunklungssystem-frontscheibe-mit-innenspiegel-ducato-x-250-beige\\\/#breadcrumb\",\"itemListElement\":[{\"@type\":\"ListItem\",\"position\":1,\"name\":\"Accueil\",\"item\":\"https:\\\/\\\/shop.bantam.ch\\\/de\\\/\"},{\"@type\":\"ListItem\",\"position\":2,\"name\":\"Shop\",\"item\":\"https:\\\/\\\/shop.bantam.ch\\\/de\\\/shop\\\/\"},{\"@type\":\"ListItem\",\"position\":3,\"name\":\"Verdunklungssystem, Frontscheibe, mit Innenspiegel, Ducato X 250, beige\"}]},{\"@type\":\"WebSite\",\"@id\":\"https:\\\/\\\/shop.bantam.ch\\\/de\\\/#website\",\"url\":\"https:\\\/\\\/shop.bantam.ch\\\/de\\\/\",\"name\":\"Bantam\",\"description\":\"\",\"publisher\":{\"@id\":\"https:\\\/\\\/shop.bantam.ch\\\/de\\\/#organization\"},\"inLanguage\":\"de\"},{\"@type\":\"Organization\",\"@id\":\"https:\\\/\\\/shop.bantam.ch\\\/de\\\/#organization\",\"name\":\"Bantam\",\"url\":\"https:\\\/\\\/shop.bantam.ch\\\/de\\\/\",\"logo\":{\"@type\":\"ImageObject\",\"inLanguage\":\"de\",\"@id\":\"https:\\\/\\\/shop.bantam.ch\\\/de\\\/#\\\/schema\\\/logo\\\/image\\\/\",\"url\":\"https:\\\/\\\/shop.bantam.ch\\\/wp-content\\\/uploads\\\/2022\\\/12\\\/bantam-logo.png\",\"contentUrl\":\"https:\\\/\\\/shop.bantam.ch\\\/wp-content\\\/uploads\\\/2022\\\/12\\\/bantam-logo.png\",\"width\":320,\"height\":71,\"caption\":\"Bantam\"},\"image\":{\"@id\":\"https:\\\/\\\/shop.bantam.ch\\\/de\\\/#\\\/schema\\\/logo\\\/image\\\/\"}}]}<\/script>\n<!-- \/ Yoast SEO plugin. -->","yoast_head_json":{"title":"Verdunklungssystem, Frontscheibe, mit Innenspiegel, Ducato X 250, beige - Bantam","robots":{"index":"index","follow":"follow","max-snippet":"max-snippet:-1","max-image-preview":"max-image-preview:large","max-video-preview":"max-video-preview:-1"},"canonical":"https:\/\/shop.bantam.ch\/de\/produkt\/verdunklungssystem-frontscheibe-mit-innenspiegel-ducato-x-250-beige\/","og_locale":"de_DE","og_type":"article","og_title":"Verdunklungssystem, Frontscheibe, mit Innenspiegel, Ducato X 250, beige - Bantam","og_description":"Verdunkelungssystem f\u00fcr Fiat Ducato Typ X250 \/ X290 sowie baugleiche Peugeot Boxer und Citro\u00e9n Jumper Modelle (ohne Dachtr\u00e4ger). Vertikal zu \u00f6ffnender Faltstore, der je nach Bedarf Licht ins Fahrzeug l\u00e4sst oder die Kabine komplett verdunkelt. Sch\u00fctzen Sie sich vor UV-Strahlung, Hitze, K\u00e4lte und neugierigen Blicken! Dieses aluminiumbeschichtete Wabensystem f\u00fcr drinnen ist ein Top-Produkt unter den [&hellip;]","og_url":"https:\/\/shop.bantam.ch\/de\/produkt\/verdunklungssystem-frontscheibe-mit-innenspiegel-ducato-x-250-beige\/","og_site_name":"Bantam","article_modified_time":"2026-05-08T22:01:54+00:00","og_image":[{"width":1000,"height":1000,"url":"https:\/\/shop.bantam.ch\/wp-content\/uploads\/2023\/03\/994425711.jpg","type":"image\/jpeg"}],"twitter_card":"summary_large_image","twitter_misc":{"Gesch\u00e4tzte Lesezeit":"1\u00a0Minute"},"schema":{"@context":"https:\/\/schema.org","@graph":[{"@type":"WebPage","@id":"https:\/\/shop.bantam.ch\/de\/produkt\/verdunklungssystem-frontscheibe-mit-innenspiegel-ducato-x-250-beige\/","url":"https:\/\/shop.bantam.ch\/de\/produkt\/verdunklungssystem-frontscheibe-mit-innenspiegel-ducato-x-250-beige\/","name":"Verdunklungssystem, Frontscheibe, mit Innenspiegel, Ducato X 250, beige - Bantam","isPartOf":{"@id":"https:\/\/shop.bantam.ch\/de\/#website"},"primaryImageOfPage":{"@id":"https:\/\/shop.bantam.ch\/de\/produkt\/verdunklungssystem-frontscheibe-mit-innenspiegel-ducato-x-250-beige\/#primaryimage"},"image":{"@id":"https:\/\/shop.bantam.ch\/de\/produkt\/verdunklungssystem-frontscheibe-mit-innenspiegel-ducato-x-250-beige\/#primaryimage"},"thumbnailUrl":"https:\/\/shop.bantam.ch\/wp-content\/uploads\/2023\/03\/994425711.jpg","datePublished":"2023-03-28T08:05:18+00:00","dateModified":"2026-05-08T22:01:54+00:00","breadcrumb":{"@id":"https:\/\/shop.bantam.ch\/de\/produkt\/verdunklungssystem-frontscheibe-mit-innenspiegel-ducato-x-250-beige\/#breadcrumb"},"inLanguage":"de","potentialAction":[{"@type":"ReadAction","target":["https:\/\/shop.bantam.ch\/de\/produkt\/verdunklungssystem-frontscheibe-mit-innenspiegel-ducato-x-250-beige\/"]}]},{"@type":"ImageObject","inLanguage":"de","@id":"https:\/\/shop.bantam.ch\/de\/produkt\/verdunklungssystem-frontscheibe-mit-innenspiegel-ducato-x-250-beige\/#primaryimage","url":"https:\/\/shop.bantam.ch\/wp-content\/uploads\/2023\/03\/994425711.jpg","contentUrl":"https:\/\/shop.bantam.ch\/wp-content\/uploads\/2023\/03\/994425711.jpg","width":1000,"height":1000},{"@type":"BreadcrumbList","@id":"https:\/\/shop.bantam.ch\/de\/produkt\/verdunklungssystem-frontscheibe-mit-innenspiegel-ducato-x-250-beige\/#breadcrumb","itemListElement":[{"@type":"ListItem","position":1,"name":"Accueil","item":"https:\/\/shop.bantam.ch\/de\/"},{"@type":"ListItem","position":2,"name":"Shop","item":"https:\/\/shop.bantam.ch\/de\/shop\/"},{"@type":"ListItem","position":3,"name":"Verdunklungssystem, Frontscheibe, mit Innenspiegel, Ducato X 250, beige"}]},{"@type":"WebSite","@id":"https:\/\/shop.bantam.ch\/de\/#website","url":"https:\/\/shop.bantam.ch\/de\/","name":"Bantam","description":"","publisher":{"@id":"https:\/\/shop.bantam.ch\/de\/#organization"},"inLanguage":"de"},{"@type":"Organization","@id":"https:\/\/shop.bantam.ch\/de\/#organization","name":"Bantam","url":"https:\/\/shop.bantam.ch\/de\/","logo":{"@type":"ImageObject","inLanguage":"de","@id":"https:\/\/shop.bantam.ch\/de\/#\/schema\/logo\/image\/","url":"https:\/\/shop.bantam.ch\/wp-content\/uploads\/2022\/12\/bantam-logo.png","contentUrl":"https:\/\/shop.bantam.ch\/wp-content\/uploads\/2022\/12\/bantam-logo.png","width":320,"height":71,"caption":"Bantam"},"image":{"@id":"https:\/\/shop.bantam.ch\/de\/#\/schema\/logo\/image\/"}}]}},"_links":{"self":[{"href":"https:\/\/shop.bantam.ch\/de\/wp-json\/wp\/v2\/product\/161450","targetHints":{"allow":["GET"]}}],"collection":[{"href":"https:\/\/shop.bantam.ch\/de\/wp-json\/wp\/v2\/product"}],"about":[{"href":"https:\/\/shop.bantam.ch\/de\/wp-json\/wp\/v2\/types\/product"}],"wp:featuredmedia":[{"embeddable":true,"href":"https:\/\/shop.bantam.ch\/de\/wp-json\/wp\/v2\/media\/161440"}],"wp:attachment":[{"href":"https:\/\/shop.bantam.ch\/de\/wp-json\/wp\/v2\/media?parent=161450"}],"wp:term":[{"taxonomy":"product_featured_cat","embeddable":true,"href":"https:\/\/shop.bantam.ch\/de\/wp-json\/wp\/v2\/product_featured_cat?post=161450"},{"taxonomy":"product_brand","embeddable":true,"href":"https:\/\/shop.bantam.ch\/de\/wp-json\/wp\/v2\/product_brand?post=161450"},{"taxonomy":"product_cat","embeddable":true,"href":"https:\/\/shop.bantam.ch\/de\/wp-json\/wp\/v2\/product_cat?post=161450"},{"taxonomy":"product_tag","embeddable":true,"href":"https:\/\/shop.bantam.ch\/de\/wp-json\/wp\/v2\/product_tag?post=161450"}],"curies":[{"name":"wp","href":"https:\/\/api.w.org\/{rel}","templated":true}]}}