{"id":160615,"date":"2023-03-23T17:29:15","date_gmt":"2023-03-23T16:29:15","guid":{"rendered":"https:\/\/shop.bantam.ch\/produit\/abdeckung-fuer-sicherheitsgriff-kit-security-grip\/"},"modified":"2026-04-17T22:21:07","modified_gmt":"2026-04-17T20:21:07","slug":"abdeckung-fuer-sicherheitsgriff-kit-security-grip","status":"publish","type":"product","link":"https:\/\/shop.bantam.ch\/de\/produkt\/abdeckung-fuer-sicherheitsgriff-kit-security-grip\/","title":{"rendered":"Abdeckung f\u00fcr Sicherheitsgriff Kit Security Grip"},"content":{"rendered":"<p>Praktische Abdeckung aus rutschfestem Polyester zum Schutz des Sicherheitsgriffes des Security. Serienm\u00e4\u00dfig beim Erwerb des Sicherheitsb\u00fcgels, auch f\u00fcr die Vorg\u00e4ngermodelle optimal erh\u00e4tlich.<\/p>\n","protected":false},"excerpt":{"rendered":"<p>Praktische Abdeckung aus rutschfestem Polyester zum Schutz des Sicherheitsgriffes des Security. Serienm\u00e4\u00dfig beim Erwerb des Sicherheitsb\u00fcgels, auch f\u00fcr die Vorg\u00e4ngermodelle optimal erh\u00e4tlich.<\/p>\n","protected":false},"featured_media":160613,"template":"","meta":{"_acf_changed":false},"product_featured_cat":[],"product_brand":[3035],"product_cat":[4130],"product_tag":[],"class_list":{"0":"post-160615","1":"product","2":"type-product","3":"status-publish","4":"has-post-thumbnail","6":"product_brand-fiamma-de","7":"product_cat-sicherheit-komfort","9":"first","10":"instock","11":"taxable","12":"shipping-taxable","13":"purchasable","14":"product-type-simple"},"acf":[],"yoast_head":"<!-- This site is optimized with the Yoast SEO plugin v27.4 - https:\/\/yoast.com\/product\/yoast-seo-wordpress\/ -->\n<title>Abdeckung f\u00fcr Sicherheitsgriff Kit Security Grip - Bantam Camping AG<\/title>\n<meta name=\"robots\" content=\"index, follow, max-snippet:-1, max-image-preview:large, max-video-preview:-1\" \/>\n<link rel=\"canonical\" href=\"https:\/\/shop.bantam.ch\/de\/produkt\/abdeckung-fuer-sicherheitsgriff-kit-security-grip\/\" \/>\n<meta property=\"og:locale\" content=\"de_DE\" \/>\n<meta property=\"og:type\" content=\"article\" \/>\n<meta property=\"og:title\" content=\"Abdeckung f\u00fcr Sicherheitsgriff Kit Security Grip - Bantam Camping AG\" \/>\n<meta property=\"og:description\" content=\"Praktische Abdeckung aus rutschfestem Polyester zum Schutz des Sicherheitsgriffes des Security. Serienm\u00e4\u00dfig beim Erwerb des Sicherheitsb\u00fcgels, auch f\u00fcr die Vorg\u00e4ngermodelle optimal erh\u00e4tlich.\" \/>\n<meta property=\"og:url\" content=\"https:\/\/shop.bantam.ch\/de\/produkt\/abdeckung-fuer-sicherheitsgriff-kit-security-grip\/\" \/>\n<meta property=\"og:site_name\" content=\"Bantam Camping AG\" \/>\n<meta property=\"article:modified_time\" content=\"2026-04-17T20:21:07+00:00\" \/>\n<meta property=\"og:image\" content=\"https:\/\/shop.bantam.ch\/wp-content\/uploads\/2023\/03\/9917111-Kit_Security_Grip-Standard-01.jpg\" \/>\n\t<meta property=\"og:image:width\" content=\"1000\" \/>\n\t<meta property=\"og:image:height\" content=\"892\" \/>\n\t<meta property=\"og:image:type\" content=\"image\/jpeg\" \/>\n<meta name=\"twitter:card\" content=\"summary_large_image\" \/>\n<script type=\"application\/ld+json\" class=\"yoast-schema-graph\">{\"@context\":\"https:\\\/\\\/schema.org\",\"@graph\":[{\"@type\":\"WebPage\",\"@id\":\"https:\\\/\\\/shop.bantam.ch\\\/de\\\/produkt\\\/abdeckung-fuer-sicherheitsgriff-kit-security-grip\\\/\",\"url\":\"https:\\\/\\\/shop.bantam.ch\\\/de\\\/produkt\\\/abdeckung-fuer-sicherheitsgriff-kit-security-grip\\\/\",\"name\":\"Abdeckung f\u00fcr Sicherheitsgriff Kit Security Grip - Bantam Camping AG\",\"isPartOf\":{\"@id\":\"https:\\\/\\\/shop.bantam.ch\\\/de\\\/#website\"},\"primaryImageOfPage\":{\"@id\":\"https:\\\/\\\/shop.bantam.ch\\\/de\\\/produkt\\\/abdeckung-fuer-sicherheitsgriff-kit-security-grip\\\/#primaryimage\"},\"image\":{\"@id\":\"https:\\\/\\\/shop.bantam.ch\\\/de\\\/produkt\\\/abdeckung-fuer-sicherheitsgriff-kit-security-grip\\\/#primaryimage\"},\"thumbnailUrl\":\"https:\\\/\\\/shop.bantam.ch\\\/wp-content\\\/uploads\\\/2023\\\/03\\\/9917111-Kit_Security_Grip-Standard-01.jpg\",\"datePublished\":\"2023-03-23T16:29:15+00:00\",\"dateModified\":\"2026-04-17T20:21:07+00:00\",\"breadcrumb\":{\"@id\":\"https:\\\/\\\/shop.bantam.ch\\\/de\\\/produkt\\\/abdeckung-fuer-sicherheitsgriff-kit-security-grip\\\/#breadcrumb\"},\"inLanguage\":\"de\",\"potentialAction\":[{\"@type\":\"ReadAction\",\"target\":[\"https:\\\/\\\/shop.bantam.ch\\\/de\\\/produkt\\\/abdeckung-fuer-sicherheitsgriff-kit-security-grip\\\/\"]}]},{\"@type\":\"ImageObject\",\"inLanguage\":\"de\",\"@id\":\"https:\\\/\\\/shop.bantam.ch\\\/de\\\/produkt\\\/abdeckung-fuer-sicherheitsgriff-kit-security-grip\\\/#primaryimage\",\"url\":\"https:\\\/\\\/shop.bantam.ch\\\/wp-content\\\/uploads\\\/2023\\\/03\\\/9917111-Kit_Security_Grip-Standard-01.jpg\",\"contentUrl\":\"https:\\\/\\\/shop.bantam.ch\\\/wp-content\\\/uploads\\\/2023\\\/03\\\/9917111-Kit_Security_Grip-Standard-01.jpg\",\"width\":1000,\"height\":892},{\"@type\":\"BreadcrumbList\",\"@id\":\"https:\\\/\\\/shop.bantam.ch\\\/de\\\/produkt\\\/abdeckung-fuer-sicherheitsgriff-kit-security-grip\\\/#breadcrumb\",\"itemListElement\":[{\"@type\":\"ListItem\",\"position\":1,\"name\":\"Accueil\",\"item\":\"https:\\\/\\\/shop.bantam.ch\\\/de\\\/\"},{\"@type\":\"ListItem\",\"position\":2,\"name\":\"Shop\",\"item\":\"https:\\\/\\\/shop.bantam.ch\\\/de\\\/shop\\\/\"},{\"@type\":\"ListItem\",\"position\":3,\"name\":\"Abdeckung f\u00fcr Sicherheitsgriff Kit Security Grip\"}]},{\"@type\":\"WebSite\",\"@id\":\"https:\\\/\\\/shop.bantam.ch\\\/de\\\/#website\",\"url\":\"https:\\\/\\\/shop.bantam.ch\\\/de\\\/\",\"name\":\"Bantam Camping AG\",\"description\":\"\",\"publisher\":{\"@id\":\"https:\\\/\\\/shop.bantam.ch\\\/de\\\/#organization\"},\"inLanguage\":\"de\"},{\"@type\":\"Organization\",\"@id\":\"https:\\\/\\\/shop.bantam.ch\\\/de\\\/#organization\",\"name\":\"Bantam Camping AG\",\"url\":\"https:\\\/\\\/shop.bantam.ch\\\/de\\\/\",\"logo\":{\"@type\":\"ImageObject\",\"inLanguage\":\"de\",\"@id\":\"https:\\\/\\\/shop.bantam.ch\\\/de\\\/#\\\/schema\\\/logo\\\/image\\\/\",\"url\":\"https:\\\/\\\/shop.bantam.ch\\\/wp-content\\\/uploads\\\/2022\\\/12\\\/bantam-logo.png\",\"contentUrl\":\"https:\\\/\\\/shop.bantam.ch\\\/wp-content\\\/uploads\\\/2022\\\/12\\\/bantam-logo.png\",\"width\":320,\"height\":71,\"caption\":\"Bantam Camping AG\"},\"image\":{\"@id\":\"https:\\\/\\\/shop.bantam.ch\\\/de\\\/#\\\/schema\\\/logo\\\/image\\\/\"}}]}<\/script>\n<!-- \/ Yoast SEO plugin. -->","yoast_head_json":{"title":"Abdeckung f\u00fcr Sicherheitsgriff Kit Security Grip - Bantam Camping AG","robots":{"index":"index","follow":"follow","max-snippet":"max-snippet:-1","max-image-preview":"max-image-preview:large","max-video-preview":"max-video-preview:-1"},"canonical":"https:\/\/shop.bantam.ch\/de\/produkt\/abdeckung-fuer-sicherheitsgriff-kit-security-grip\/","og_locale":"de_DE","og_type":"article","og_title":"Abdeckung f\u00fcr Sicherheitsgriff Kit Security Grip - Bantam Camping AG","og_description":"Praktische Abdeckung aus rutschfestem Polyester zum Schutz des Sicherheitsgriffes des Security. Serienm\u00e4\u00dfig beim Erwerb des Sicherheitsb\u00fcgels, auch f\u00fcr die Vorg\u00e4ngermodelle optimal erh\u00e4tlich.","og_url":"https:\/\/shop.bantam.ch\/de\/produkt\/abdeckung-fuer-sicherheitsgriff-kit-security-grip\/","og_site_name":"Bantam Camping AG","article_modified_time":"2026-04-17T20:21:07+00:00","og_image":[{"width":1000,"height":892,"url":"https:\/\/shop.bantam.ch\/wp-content\/uploads\/2023\/03\/9917111-Kit_Security_Grip-Standard-01.jpg","type":"image\/jpeg"}],"twitter_card":"summary_large_image","schema":{"@context":"https:\/\/schema.org","@graph":[{"@type":"WebPage","@id":"https:\/\/shop.bantam.ch\/de\/produkt\/abdeckung-fuer-sicherheitsgriff-kit-security-grip\/","url":"https:\/\/shop.bantam.ch\/de\/produkt\/abdeckung-fuer-sicherheitsgriff-kit-security-grip\/","name":"Abdeckung f\u00fcr Sicherheitsgriff Kit Security Grip - Bantam Camping AG","isPartOf":{"@id":"https:\/\/shop.bantam.ch\/de\/#website"},"primaryImageOfPage":{"@id":"https:\/\/shop.bantam.ch\/de\/produkt\/abdeckung-fuer-sicherheitsgriff-kit-security-grip\/#primaryimage"},"image":{"@id":"https:\/\/shop.bantam.ch\/de\/produkt\/abdeckung-fuer-sicherheitsgriff-kit-security-grip\/#primaryimage"},"thumbnailUrl":"https:\/\/shop.bantam.ch\/wp-content\/uploads\/2023\/03\/9917111-Kit_Security_Grip-Standard-01.jpg","datePublished":"2023-03-23T16:29:15+00:00","dateModified":"2026-04-17T20:21:07+00:00","breadcrumb":{"@id":"https:\/\/shop.bantam.ch\/de\/produkt\/abdeckung-fuer-sicherheitsgriff-kit-security-grip\/#breadcrumb"},"inLanguage":"de","potentialAction":[{"@type":"ReadAction","target":["https:\/\/shop.bantam.ch\/de\/produkt\/abdeckung-fuer-sicherheitsgriff-kit-security-grip\/"]}]},{"@type":"ImageObject","inLanguage":"de","@id":"https:\/\/shop.bantam.ch\/de\/produkt\/abdeckung-fuer-sicherheitsgriff-kit-security-grip\/#primaryimage","url":"https:\/\/shop.bantam.ch\/wp-content\/uploads\/2023\/03\/9917111-Kit_Security_Grip-Standard-01.jpg","contentUrl":"https:\/\/shop.bantam.ch\/wp-content\/uploads\/2023\/03\/9917111-Kit_Security_Grip-Standard-01.jpg","width":1000,"height":892},{"@type":"BreadcrumbList","@id":"https:\/\/shop.bantam.ch\/de\/produkt\/abdeckung-fuer-sicherheitsgriff-kit-security-grip\/#breadcrumb","itemListElement":[{"@type":"ListItem","position":1,"name":"Accueil","item":"https:\/\/shop.bantam.ch\/de\/"},{"@type":"ListItem","position":2,"name":"Shop","item":"https:\/\/shop.bantam.ch\/de\/shop\/"},{"@type":"ListItem","position":3,"name":"Abdeckung f\u00fcr Sicherheitsgriff Kit Security Grip"}]},{"@type":"WebSite","@id":"https:\/\/shop.bantam.ch\/de\/#website","url":"https:\/\/shop.bantam.ch\/de\/","name":"Bantam Camping AG","description":"","publisher":{"@id":"https:\/\/shop.bantam.ch\/de\/#organization"},"inLanguage":"de"},{"@type":"Organization","@id":"https:\/\/shop.bantam.ch\/de\/#organization","name":"Bantam Camping AG","url":"https:\/\/shop.bantam.ch\/de\/","logo":{"@type":"ImageObject","inLanguage":"de","@id":"https:\/\/shop.bantam.ch\/de\/#\/schema\/logo\/image\/","url":"https:\/\/shop.bantam.ch\/wp-content\/uploads\/2022\/12\/bantam-logo.png","contentUrl":"https:\/\/shop.bantam.ch\/wp-content\/uploads\/2022\/12\/bantam-logo.png","width":320,"height":71,"caption":"Bantam Camping AG"},"image":{"@id":"https:\/\/shop.bantam.ch\/de\/#\/schema\/logo\/image\/"}}]}},"_links":{"self":[{"href":"https:\/\/shop.bantam.ch\/de\/wp-json\/wp\/v2\/product\/160615","targetHints":{"allow":["GET"]}}],"collection":[{"href":"https:\/\/shop.bantam.ch\/de\/wp-json\/wp\/v2\/product"}],"about":[{"href":"https:\/\/shop.bantam.ch\/de\/wp-json\/wp\/v2\/types\/product"}],"wp:featuredmedia":[{"embeddable":true,"href":"https:\/\/shop.bantam.ch\/de\/wp-json\/wp\/v2\/media\/160613"}],"wp:attachment":[{"href":"https:\/\/shop.bantam.ch\/de\/wp-json\/wp\/v2\/media?parent=160615"}],"wp:term":[{"taxonomy":"product_featured_cat","embeddable":true,"href":"https:\/\/shop.bantam.ch\/de\/wp-json\/wp\/v2\/product_featured_cat?post=160615"},{"taxonomy":"product_brand","embeddable":true,"href":"https:\/\/shop.bantam.ch\/de\/wp-json\/wp\/v2\/product_brand?post=160615"},{"taxonomy":"product_cat","embeddable":true,"href":"https:\/\/shop.bantam.ch\/de\/wp-json\/wp\/v2\/product_cat?post=160615"},{"taxonomy":"product_tag","embeddable":true,"href":"https:\/\/shop.bantam.ch\/de\/wp-json\/wp\/v2\/product_tag?post=160615"}],"curies":[{"name":"wp","href":"https:\/\/api.w.org\/{rel}","templated":true}]}}