{"id":159844,"date":"2023-03-23T16:58:29","date_gmt":"2023-03-23T15:58:29","guid":{"rendered":"https:\/\/shop.bantam.ch\/produit\/comfort-210-brennstoffzelle\/"},"modified":"2026-04-19T22:12:06","modified_gmt":"2026-04-19T20:12:06","slug":"comfort-210-brennstoffzelle","status":"publish","type":"product","link":"https:\/\/shop.bantam.ch\/de\/produkt\/comfort-210-brennstoffzelle\/","title":{"rendered":"COMFORT 210 Brennstoffzelle"},"content":{"rendered":"<p>Die Brennstoffzelle liefert \u00fcber das Jahr verteilt 3-10 mal so viel Strom wie eine Solaranlage mit gleicher Leistung. Bei allen Modellen sind 2 Jahre Garantie inklusive. Sie haben jedoch die M\u00f6glichkeit die Garantiezeit auf 5 Jahre zu verl\u00e4ngern. Ganzj\u00e4hrig nutzbar, durch die neue Isolierung und das D\u00e4mpfungssystem ist sie superleise, Reinigung und Wartung entf\u00e4llt, die Brennstoffzelle arbeitet sparsam und frei von st\u00f6renden Emissionen das ist maximal umweltfreundlich. Einfacher Einbau durch kompakte Bauart und geringem Gewicht. .<\/p>\n<p>Ein l\u00e4ngerer Tankanschluss, sowie technische Weiterentwicklungen der Brennstoffzelle erm\u00f6glichen es die M5 und M10 Tankpatronen auf unterschiedlichen Ebenen zum Ger\u00e4t zu platzieren.<br \/>Somit kann die Tankpatrone \u00fcber oder unter der Brennstoffzelle eingebaut<br \/>werden. Dies ist vor allem in engen Einbausituationen, wie in kleinen<br \/>Campingbusse oder im Segelboot sehr hilfreich.<\/p>\n<p>Set bestehend aus: <br \/>Bedienpanel wei\u00df mit Aufputzdose und Datenkabel DL2<br \/>Montageplatte<br \/>Tankpatronenhalterung<br \/>Befestigungsgurte<br \/>Ladekabel<br \/>Abw\u00e4rmerohr<br \/>Abgasschlauch<br \/>Abw\u00e4rmeflansch <br \/>Bedienungsanleitung<\/p>\n","protected":false},"excerpt":{"rendered":"<p>Die Brennstoffzelle liefert \u00fcber das Jahr verteilt 3-10 mal so viel Strom wie eine Solaranlage mit gleicher Leistung. Bei allen Modellen sind 2 Jahre Garantie inklusive. Sie haben jedoch die M\u00f6glichkeit die Garantiezeit auf 5 Jahre zu verl\u00e4ngern. Ganzj\u00e4hrig nutzbar, durch die neue Isolierung und das D\u00e4mpfungssystem ist sie superleise, Reinigung und Wartung entf\u00e4llt, die [&hellip;]<\/p>\n","protected":false},"featured_media":159838,"template":"","meta":{"_acf_changed":false},"product_featured_cat":[],"product_brand":[3289],"product_cat":[4856],"product_tag":[],"class_list":{"0":"post-159844","1":"product","2":"type-product","3":"status-publish","4":"has-post-thumbnail","6":"product_brand-efoy-de","7":"product_cat-benzin-generatoren","9":"first","10":"instock","11":"taxable","12":"shipping-taxable","13":"purchasable","14":"product-type-simple"},"acf":[],"yoast_head":"<!-- This site is optimized with the Yoast SEO plugin v27.4 - https:\/\/yoast.com\/product\/yoast-seo-wordpress\/ -->\n<title>COMFORT 210 Brennstoffzelle - Bantam Camping AG<\/title>\n<meta name=\"robots\" content=\"index, follow, max-snippet:-1, max-image-preview:large, max-video-preview:-1\" \/>\n<link rel=\"canonical\" href=\"https:\/\/shop.bantam.ch\/de\/produkt\/comfort-210-brennstoffzelle\/\" \/>\n<meta property=\"og:locale\" content=\"de_DE\" \/>\n<meta property=\"og:type\" content=\"article\" \/>\n<meta property=\"og:title\" content=\"COMFORT 210 Brennstoffzelle - Bantam Camping AG\" \/>\n<meta property=\"og:description\" content=\"Die Brennstoffzelle liefert \u00fcber das Jahr verteilt 3-10 mal so viel Strom wie eine Solaranlage mit gleicher Leistung. Bei allen Modellen sind 2 Jahre Garantie inklusive. Sie haben jedoch die M\u00f6glichkeit die Garantiezeit auf 5 Jahre zu verl\u00e4ngern. Ganzj\u00e4hrig nutzbar, durch die neue Isolierung und das D\u00e4mpfungssystem ist sie superleise, Reinigung und Wartung entf\u00e4llt, die [&hellip;]\" \/>\n<meta property=\"og:url\" content=\"https:\/\/shop.bantam.ch\/de\/produkt\/comfort-210-brennstoffzelle\/\" \/>\n<meta property=\"og:site_name\" content=\"Bantam Camping AG\" \/>\n<meta property=\"article:modified_time\" content=\"2026-04-19T20:12:06+00:00\" \/>\n<meta property=\"og:image\" content=\"https:\/\/shop.bantam.ch\/wp-content\/uploads\/2023\/03\/9985072-Brennstoffzelle_EFOY_Comfort_210i-Standard-01-1.jpg\" \/>\n\t<meta property=\"og:image:width\" content=\"1000\" \/>\n\t<meta property=\"og:image:height\" content=\"715\" \/>\n\t<meta property=\"og:image:type\" content=\"image\/jpeg\" \/>\n<meta name=\"twitter:card\" content=\"summary_large_image\" \/>\n<meta name=\"twitter:label1\" content=\"Gesch\u00e4tzte Lesezeit\" \/>\n\t<meta name=\"twitter:data1\" content=\"1\u00a0Minute\" \/>\n<script type=\"application\/ld+json\" class=\"yoast-schema-graph\">{\"@context\":\"https:\\\/\\\/schema.org\",\"@graph\":[{\"@type\":\"WebPage\",\"@id\":\"https:\\\/\\\/shop.bantam.ch\\\/de\\\/produkt\\\/comfort-210-brennstoffzelle\\\/\",\"url\":\"https:\\\/\\\/shop.bantam.ch\\\/de\\\/produkt\\\/comfort-210-brennstoffzelle\\\/\",\"name\":\"COMFORT 210 Brennstoffzelle - Bantam Camping AG\",\"isPartOf\":{\"@id\":\"https:\\\/\\\/shop.bantam.ch\\\/de\\\/#website\"},\"primaryImageOfPage\":{\"@id\":\"https:\\\/\\\/shop.bantam.ch\\\/de\\\/produkt\\\/comfort-210-brennstoffzelle\\\/#primaryimage\"},\"image\":{\"@id\":\"https:\\\/\\\/shop.bantam.ch\\\/de\\\/produkt\\\/comfort-210-brennstoffzelle\\\/#primaryimage\"},\"thumbnailUrl\":\"https:\\\/\\\/shop.bantam.ch\\\/wp-content\\\/uploads\\\/2023\\\/03\\\/9985072-Brennstoffzelle_EFOY_Comfort_210i-Standard-01-1.jpg\",\"datePublished\":\"2023-03-23T15:58:29+00:00\",\"dateModified\":\"2026-04-19T20:12:06+00:00\",\"breadcrumb\":{\"@id\":\"https:\\\/\\\/shop.bantam.ch\\\/de\\\/produkt\\\/comfort-210-brennstoffzelle\\\/#breadcrumb\"},\"inLanguage\":\"de\",\"potentialAction\":[{\"@type\":\"ReadAction\",\"target\":[\"https:\\\/\\\/shop.bantam.ch\\\/de\\\/produkt\\\/comfort-210-brennstoffzelle\\\/\"]}]},{\"@type\":\"ImageObject\",\"inLanguage\":\"de\",\"@id\":\"https:\\\/\\\/shop.bantam.ch\\\/de\\\/produkt\\\/comfort-210-brennstoffzelle\\\/#primaryimage\",\"url\":\"https:\\\/\\\/shop.bantam.ch\\\/wp-content\\\/uploads\\\/2023\\\/03\\\/9985072-Brennstoffzelle_EFOY_Comfort_210i-Standard-01-1.jpg\",\"contentUrl\":\"https:\\\/\\\/shop.bantam.ch\\\/wp-content\\\/uploads\\\/2023\\\/03\\\/9985072-Brennstoffzelle_EFOY_Comfort_210i-Standard-01-1.jpg\",\"width\":1000,\"height\":715},{\"@type\":\"BreadcrumbList\",\"@id\":\"https:\\\/\\\/shop.bantam.ch\\\/de\\\/produkt\\\/comfort-210-brennstoffzelle\\\/#breadcrumb\",\"itemListElement\":[{\"@type\":\"ListItem\",\"position\":1,\"name\":\"Accueil\",\"item\":\"https:\\\/\\\/shop.bantam.ch\\\/de\\\/\"},{\"@type\":\"ListItem\",\"position\":2,\"name\":\"Shop\",\"item\":\"https:\\\/\\\/shop.bantam.ch\\\/de\\\/shop\\\/\"},{\"@type\":\"ListItem\",\"position\":3,\"name\":\"COMFORT 210 Brennstoffzelle\"}]},{\"@type\":\"WebSite\",\"@id\":\"https:\\\/\\\/shop.bantam.ch\\\/de\\\/#website\",\"url\":\"https:\\\/\\\/shop.bantam.ch\\\/de\\\/\",\"name\":\"Bantam Camping AG\",\"description\":\"\",\"publisher\":{\"@id\":\"https:\\\/\\\/shop.bantam.ch\\\/de\\\/#organization\"},\"inLanguage\":\"de\"},{\"@type\":\"Organization\",\"@id\":\"https:\\\/\\\/shop.bantam.ch\\\/de\\\/#organization\",\"name\":\"Bantam Camping AG\",\"url\":\"https:\\\/\\\/shop.bantam.ch\\\/de\\\/\",\"logo\":{\"@type\":\"ImageObject\",\"inLanguage\":\"de\",\"@id\":\"https:\\\/\\\/shop.bantam.ch\\\/de\\\/#\\\/schema\\\/logo\\\/image\\\/\",\"url\":\"https:\\\/\\\/shop.bantam.ch\\\/wp-content\\\/uploads\\\/2022\\\/12\\\/bantam-logo.png\",\"contentUrl\":\"https:\\\/\\\/shop.bantam.ch\\\/wp-content\\\/uploads\\\/2022\\\/12\\\/bantam-logo.png\",\"width\":320,\"height\":71,\"caption\":\"Bantam Camping AG\"},\"image\":{\"@id\":\"https:\\\/\\\/shop.bantam.ch\\\/de\\\/#\\\/schema\\\/logo\\\/image\\\/\"}}]}<\/script>\n<!-- \/ Yoast SEO plugin. -->","yoast_head_json":{"title":"COMFORT 210 Brennstoffzelle - Bantam Camping AG","robots":{"index":"index","follow":"follow","max-snippet":"max-snippet:-1","max-image-preview":"max-image-preview:large","max-video-preview":"max-video-preview:-1"},"canonical":"https:\/\/shop.bantam.ch\/de\/produkt\/comfort-210-brennstoffzelle\/","og_locale":"de_DE","og_type":"article","og_title":"COMFORT 210 Brennstoffzelle - Bantam Camping AG","og_description":"Die Brennstoffzelle liefert \u00fcber das Jahr verteilt 3-10 mal so viel Strom wie eine Solaranlage mit gleicher Leistung. Bei allen Modellen sind 2 Jahre Garantie inklusive. Sie haben jedoch die M\u00f6glichkeit die Garantiezeit auf 5 Jahre zu verl\u00e4ngern. Ganzj\u00e4hrig nutzbar, durch die neue Isolierung und das D\u00e4mpfungssystem ist sie superleise, Reinigung und Wartung entf\u00e4llt, die [&hellip;]","og_url":"https:\/\/shop.bantam.ch\/de\/produkt\/comfort-210-brennstoffzelle\/","og_site_name":"Bantam Camping AG","article_modified_time":"2026-04-19T20:12:06+00:00","og_image":[{"width":1000,"height":715,"url":"https:\/\/shop.bantam.ch\/wp-content\/uploads\/2023\/03\/9985072-Brennstoffzelle_EFOY_Comfort_210i-Standard-01-1.jpg","type":"image\/jpeg"}],"twitter_card":"summary_large_image","twitter_misc":{"Gesch\u00e4tzte Lesezeit":"1\u00a0Minute"},"schema":{"@context":"https:\/\/schema.org","@graph":[{"@type":"WebPage","@id":"https:\/\/shop.bantam.ch\/de\/produkt\/comfort-210-brennstoffzelle\/","url":"https:\/\/shop.bantam.ch\/de\/produkt\/comfort-210-brennstoffzelle\/","name":"COMFORT 210 Brennstoffzelle - Bantam Camping AG","isPartOf":{"@id":"https:\/\/shop.bantam.ch\/de\/#website"},"primaryImageOfPage":{"@id":"https:\/\/shop.bantam.ch\/de\/produkt\/comfort-210-brennstoffzelle\/#primaryimage"},"image":{"@id":"https:\/\/shop.bantam.ch\/de\/produkt\/comfort-210-brennstoffzelle\/#primaryimage"},"thumbnailUrl":"https:\/\/shop.bantam.ch\/wp-content\/uploads\/2023\/03\/9985072-Brennstoffzelle_EFOY_Comfort_210i-Standard-01-1.jpg","datePublished":"2023-03-23T15:58:29+00:00","dateModified":"2026-04-19T20:12:06+00:00","breadcrumb":{"@id":"https:\/\/shop.bantam.ch\/de\/produkt\/comfort-210-brennstoffzelle\/#breadcrumb"},"inLanguage":"de","potentialAction":[{"@type":"ReadAction","target":["https:\/\/shop.bantam.ch\/de\/produkt\/comfort-210-brennstoffzelle\/"]}]},{"@type":"ImageObject","inLanguage":"de","@id":"https:\/\/shop.bantam.ch\/de\/produkt\/comfort-210-brennstoffzelle\/#primaryimage","url":"https:\/\/shop.bantam.ch\/wp-content\/uploads\/2023\/03\/9985072-Brennstoffzelle_EFOY_Comfort_210i-Standard-01-1.jpg","contentUrl":"https:\/\/shop.bantam.ch\/wp-content\/uploads\/2023\/03\/9985072-Brennstoffzelle_EFOY_Comfort_210i-Standard-01-1.jpg","width":1000,"height":715},{"@type":"BreadcrumbList","@id":"https:\/\/shop.bantam.ch\/de\/produkt\/comfort-210-brennstoffzelle\/#breadcrumb","itemListElement":[{"@type":"ListItem","position":1,"name":"Accueil","item":"https:\/\/shop.bantam.ch\/de\/"},{"@type":"ListItem","position":2,"name":"Shop","item":"https:\/\/shop.bantam.ch\/de\/shop\/"},{"@type":"ListItem","position":3,"name":"COMFORT 210 Brennstoffzelle"}]},{"@type":"WebSite","@id":"https:\/\/shop.bantam.ch\/de\/#website","url":"https:\/\/shop.bantam.ch\/de\/","name":"Bantam Camping AG","description":"","publisher":{"@id":"https:\/\/shop.bantam.ch\/de\/#organization"},"inLanguage":"de"},{"@type":"Organization","@id":"https:\/\/shop.bantam.ch\/de\/#organization","name":"Bantam Camping AG","url":"https:\/\/shop.bantam.ch\/de\/","logo":{"@type":"ImageObject","inLanguage":"de","@id":"https:\/\/shop.bantam.ch\/de\/#\/schema\/logo\/image\/","url":"https:\/\/shop.bantam.ch\/wp-content\/uploads\/2022\/12\/bantam-logo.png","contentUrl":"https:\/\/shop.bantam.ch\/wp-content\/uploads\/2022\/12\/bantam-logo.png","width":320,"height":71,"caption":"Bantam Camping AG"},"image":{"@id":"https:\/\/shop.bantam.ch\/de\/#\/schema\/logo\/image\/"}}]}},"_links":{"self":[{"href":"https:\/\/shop.bantam.ch\/de\/wp-json\/wp\/v2\/product\/159844","targetHints":{"allow":["GET"]}}],"collection":[{"href":"https:\/\/shop.bantam.ch\/de\/wp-json\/wp\/v2\/product"}],"about":[{"href":"https:\/\/shop.bantam.ch\/de\/wp-json\/wp\/v2\/types\/product"}],"wp:featuredmedia":[{"embeddable":true,"href":"https:\/\/shop.bantam.ch\/de\/wp-json\/wp\/v2\/media\/159838"}],"wp:attachment":[{"href":"https:\/\/shop.bantam.ch\/de\/wp-json\/wp\/v2\/media?parent=159844"}],"wp:term":[{"taxonomy":"product_featured_cat","embeddable":true,"href":"https:\/\/shop.bantam.ch\/de\/wp-json\/wp\/v2\/product_featured_cat?post=159844"},{"taxonomy":"product_brand","embeddable":true,"href":"https:\/\/shop.bantam.ch\/de\/wp-json\/wp\/v2\/product_brand?post=159844"},{"taxonomy":"product_cat","embeddable":true,"href":"https:\/\/shop.bantam.ch\/de\/wp-json\/wp\/v2\/product_cat?post=159844"},{"taxonomy":"product_tag","embeddable":true,"href":"https:\/\/shop.bantam.ch\/de\/wp-json\/wp\/v2\/product_tag?post=159844"}],"curies":[{"name":"wp","href":"https:\/\/api.w.org\/{rel}","templated":true}]}}