{"id":159430,"date":"2023-03-23T16:39:32","date_gmt":"2023-03-23T15:39:32","guid":{"rendered":"https:\/\/shop.bantam.ch\/produit\/vordach-touring-shelter\/"},"modified":"2026-04-19T22:35:49","modified_gmt":"2026-04-19T20:35:49","slug":"vordach-touring-shelter","status":"publish","type":"product","link":"https:\/\/shop.bantam.ch\/de\/produkt\/vordach-touring-shelter\/","title":{"rendered":"Vordach Touring Shelter"},"content":{"rendered":"<ul>\n<li>Universell einsetzbares Vordach f\u00fcr Wohnmobile, Kleinbusse und Wohnwagen mit einer Anbauh\u00f6he von 180 cm bis 205 cm<\/li>\n<li>Schafft einen sch\u00f6nen, schattigen Platz neben dem Fahrzeug<\/li>\n<li>Robuste Stahlstangen f\u00fcr maximale Kopffreiheit<\/li>\n<li>\u00dcberzelt mit komplett versiegelten N\u00e4hten f\u00fcr maximalen Schutz vor Wettereinfl\u00fcssen<\/li>\n<li>Bereits montierte selbstleuchtende Abspannleinen sorgen f\u00fcr mehr Komfort und einen schnellen Aufbau<\/li>\n<li>Verstellbare Abspannpunkte f\u00fcr einen flexiblen Zeltaufbau<\/li>\n<li>L\u00e4sst sich m\u00fchelos und schnell anbringen und entfernen<\/li>\n<li>Gro\u00dfe get\u00f6nte Fenstern<\/li>\n<li>Aufrollbare Seitenw\u00e4nde<\/li>\n<\/ul>\n<p>Material: <br \/>100 % Polyester<\/p>\n","protected":false},"excerpt":{"rendered":"<p>Universell einsetzbares Vordach f\u00fcr Wohnmobile, Kleinbusse und Wohnwagen mit einer Anbauh\u00f6he von 180 cm bis 205 cm Schafft einen sch\u00f6nen, schattigen Platz neben dem Fahrzeug Robuste Stahlstangen f\u00fcr maximale Kopffreiheit \u00dcberzelt mit komplett versiegelten N\u00e4hten f\u00fcr maximalen Schutz vor Wettereinfl\u00fcssen Bereits montierte selbstleuchtende Abspannleinen sorgen f\u00fcr mehr Komfort und einen schnellen Aufbau Verstellbare Abspannpunkte f\u00fcr [&hellip;]<\/p>\n","protected":false},"featured_media":159422,"template":"","meta":{"_acf_changed":false},"product_featured_cat":[],"product_brand":[3297],"product_cat":[4248],"product_tag":[],"class_list":{"0":"post-159430","1":"product","2":"type-product","3":"status-publish","4":"has-post-thumbnail","6":"product_brand-outwell-de","7":"product_cat-vorzelte-zelte","9":"first","10":"instock","11":"taxable","12":"shipping-taxable","13":"purchasable","14":"product-type-simple"},"acf":[],"yoast_head":"<!-- This site is optimized with the Yoast SEO plugin v27.4 - https:\/\/yoast.com\/product\/yoast-seo-wordpress\/ -->\n<title>Vordach Touring Shelter - Bantam Camping AG<\/title>\n<meta name=\"robots\" content=\"index, follow, max-snippet:-1, max-image-preview:large, max-video-preview:-1\" \/>\n<link rel=\"canonical\" href=\"https:\/\/shop.bantam.ch\/de\/produkt\/vordach-touring-shelter\/\" \/>\n<meta property=\"og:locale\" content=\"de_DE\" \/>\n<meta property=\"og:type\" content=\"article\" \/>\n<meta property=\"og:title\" content=\"Vordach Touring Shelter - Bantam Camping AG\" \/>\n<meta property=\"og:description\" content=\"Universell einsetzbares Vordach f\u00fcr Wohnmobile, Kleinbusse und Wohnwagen mit einer Anbauh\u00f6he von 180 cm bis 205 cm Schafft einen sch\u00f6nen, schattigen Platz neben dem Fahrzeug Robuste Stahlstangen f\u00fcr maximale Kopffreiheit \u00dcberzelt mit komplett versiegelten N\u00e4hten f\u00fcr maximalen Schutz vor Wettereinfl\u00fcssen Bereits montierte selbstleuchtende Abspannleinen sorgen f\u00fcr mehr Komfort und einen schnellen Aufbau Verstellbare Abspannpunkte f\u00fcr [&hellip;]\" \/>\n<meta property=\"og:url\" content=\"https:\/\/shop.bantam.ch\/de\/produkt\/vordach-touring-shelter\/\" \/>\n<meta property=\"og:site_name\" content=\"Bantam Camping AG\" \/>\n<meta property=\"article:modified_time\" content=\"2026-04-19T20:35:49+00:00\" \/>\n<meta property=\"og:image\" content=\"https:\/\/shop.bantam.ch\/wp-content\/uploads\/2023\/03\/995672512.jpg\" \/>\n\t<meta property=\"og:image:width\" content=\"1000\" \/>\n\t<meta property=\"og:image:height\" content=\"563\" \/>\n\t<meta property=\"og:image:type\" content=\"image\/jpeg\" \/>\n<meta name=\"twitter:card\" content=\"summary_large_image\" \/>\n<script type=\"application\/ld+json\" class=\"yoast-schema-graph\">{\"@context\":\"https:\\\/\\\/schema.org\",\"@graph\":[{\"@type\":\"WebPage\",\"@id\":\"https:\\\/\\\/shop.bantam.ch\\\/de\\\/produkt\\\/vordach-touring-shelter\\\/\",\"url\":\"https:\\\/\\\/shop.bantam.ch\\\/de\\\/produkt\\\/vordach-touring-shelter\\\/\",\"name\":\"Vordach Touring Shelter - Bantam Camping AG\",\"isPartOf\":{\"@id\":\"https:\\\/\\\/shop.bantam.ch\\\/de\\\/#website\"},\"primaryImageOfPage\":{\"@id\":\"https:\\\/\\\/shop.bantam.ch\\\/de\\\/produkt\\\/vordach-touring-shelter\\\/#primaryimage\"},\"image\":{\"@id\":\"https:\\\/\\\/shop.bantam.ch\\\/de\\\/produkt\\\/vordach-touring-shelter\\\/#primaryimage\"},\"thumbnailUrl\":\"https:\\\/\\\/shop.bantam.ch\\\/wp-content\\\/uploads\\\/2023\\\/03\\\/995672512.jpg\",\"datePublished\":\"2023-03-23T15:39:32+00:00\",\"dateModified\":\"2026-04-19T20:35:49+00:00\",\"breadcrumb\":{\"@id\":\"https:\\\/\\\/shop.bantam.ch\\\/de\\\/produkt\\\/vordach-touring-shelter\\\/#breadcrumb\"},\"inLanguage\":\"de\",\"potentialAction\":[{\"@type\":\"ReadAction\",\"target\":[\"https:\\\/\\\/shop.bantam.ch\\\/de\\\/produkt\\\/vordach-touring-shelter\\\/\"]}]},{\"@type\":\"ImageObject\",\"inLanguage\":\"de\",\"@id\":\"https:\\\/\\\/shop.bantam.ch\\\/de\\\/produkt\\\/vordach-touring-shelter\\\/#primaryimage\",\"url\":\"https:\\\/\\\/shop.bantam.ch\\\/wp-content\\\/uploads\\\/2023\\\/03\\\/995672512.jpg\",\"contentUrl\":\"https:\\\/\\\/shop.bantam.ch\\\/wp-content\\\/uploads\\\/2023\\\/03\\\/995672512.jpg\",\"width\":1000,\"height\":563},{\"@type\":\"BreadcrumbList\",\"@id\":\"https:\\\/\\\/shop.bantam.ch\\\/de\\\/produkt\\\/vordach-touring-shelter\\\/#breadcrumb\",\"itemListElement\":[{\"@type\":\"ListItem\",\"position\":1,\"name\":\"Accueil\",\"item\":\"https:\\\/\\\/shop.bantam.ch\\\/de\\\/\"},{\"@type\":\"ListItem\",\"position\":2,\"name\":\"Shop\",\"item\":\"https:\\\/\\\/shop.bantam.ch\\\/de\\\/shop\\\/\"},{\"@type\":\"ListItem\",\"position\":3,\"name\":\"Vordach Touring Shelter\"}]},{\"@type\":\"WebSite\",\"@id\":\"https:\\\/\\\/shop.bantam.ch\\\/de\\\/#website\",\"url\":\"https:\\\/\\\/shop.bantam.ch\\\/de\\\/\",\"name\":\"Bantam Camping AG\",\"description\":\"\",\"publisher\":{\"@id\":\"https:\\\/\\\/shop.bantam.ch\\\/de\\\/#organization\"},\"inLanguage\":\"de\"},{\"@type\":\"Organization\",\"@id\":\"https:\\\/\\\/shop.bantam.ch\\\/de\\\/#organization\",\"name\":\"Bantam Camping AG\",\"url\":\"https:\\\/\\\/shop.bantam.ch\\\/de\\\/\",\"logo\":{\"@type\":\"ImageObject\",\"inLanguage\":\"de\",\"@id\":\"https:\\\/\\\/shop.bantam.ch\\\/de\\\/#\\\/schema\\\/logo\\\/image\\\/\",\"url\":\"https:\\\/\\\/shop.bantam.ch\\\/wp-content\\\/uploads\\\/2022\\\/12\\\/bantam-logo.png\",\"contentUrl\":\"https:\\\/\\\/shop.bantam.ch\\\/wp-content\\\/uploads\\\/2022\\\/12\\\/bantam-logo.png\",\"width\":320,\"height\":71,\"caption\":\"Bantam Camping AG\"},\"image\":{\"@id\":\"https:\\\/\\\/shop.bantam.ch\\\/de\\\/#\\\/schema\\\/logo\\\/image\\\/\"}}]}<\/script>\n<!-- \/ Yoast SEO plugin. -->","yoast_head_json":{"title":"Vordach Touring Shelter - Bantam Camping AG","robots":{"index":"index","follow":"follow","max-snippet":"max-snippet:-1","max-image-preview":"max-image-preview:large","max-video-preview":"max-video-preview:-1"},"canonical":"https:\/\/shop.bantam.ch\/de\/produkt\/vordach-touring-shelter\/","og_locale":"de_DE","og_type":"article","og_title":"Vordach Touring Shelter - Bantam Camping AG","og_description":"Universell einsetzbares Vordach f\u00fcr Wohnmobile, Kleinbusse und Wohnwagen mit einer Anbauh\u00f6he von 180 cm bis 205 cm Schafft einen sch\u00f6nen, schattigen Platz neben dem Fahrzeug Robuste Stahlstangen f\u00fcr maximale Kopffreiheit \u00dcberzelt mit komplett versiegelten N\u00e4hten f\u00fcr maximalen Schutz vor Wettereinfl\u00fcssen Bereits montierte selbstleuchtende Abspannleinen sorgen f\u00fcr mehr Komfort und einen schnellen Aufbau Verstellbare Abspannpunkte f\u00fcr [&hellip;]","og_url":"https:\/\/shop.bantam.ch\/de\/produkt\/vordach-touring-shelter\/","og_site_name":"Bantam Camping AG","article_modified_time":"2026-04-19T20:35:49+00:00","og_image":[{"width":1000,"height":563,"url":"https:\/\/shop.bantam.ch\/wp-content\/uploads\/2023\/03\/995672512.jpg","type":"image\/jpeg"}],"twitter_card":"summary_large_image","schema":{"@context":"https:\/\/schema.org","@graph":[{"@type":"WebPage","@id":"https:\/\/shop.bantam.ch\/de\/produkt\/vordach-touring-shelter\/","url":"https:\/\/shop.bantam.ch\/de\/produkt\/vordach-touring-shelter\/","name":"Vordach Touring Shelter - Bantam Camping AG","isPartOf":{"@id":"https:\/\/shop.bantam.ch\/de\/#website"},"primaryImageOfPage":{"@id":"https:\/\/shop.bantam.ch\/de\/produkt\/vordach-touring-shelter\/#primaryimage"},"image":{"@id":"https:\/\/shop.bantam.ch\/de\/produkt\/vordach-touring-shelter\/#primaryimage"},"thumbnailUrl":"https:\/\/shop.bantam.ch\/wp-content\/uploads\/2023\/03\/995672512.jpg","datePublished":"2023-03-23T15:39:32+00:00","dateModified":"2026-04-19T20:35:49+00:00","breadcrumb":{"@id":"https:\/\/shop.bantam.ch\/de\/produkt\/vordach-touring-shelter\/#breadcrumb"},"inLanguage":"de","potentialAction":[{"@type":"ReadAction","target":["https:\/\/shop.bantam.ch\/de\/produkt\/vordach-touring-shelter\/"]}]},{"@type":"ImageObject","inLanguage":"de","@id":"https:\/\/shop.bantam.ch\/de\/produkt\/vordach-touring-shelter\/#primaryimage","url":"https:\/\/shop.bantam.ch\/wp-content\/uploads\/2023\/03\/995672512.jpg","contentUrl":"https:\/\/shop.bantam.ch\/wp-content\/uploads\/2023\/03\/995672512.jpg","width":1000,"height":563},{"@type":"BreadcrumbList","@id":"https:\/\/shop.bantam.ch\/de\/produkt\/vordach-touring-shelter\/#breadcrumb","itemListElement":[{"@type":"ListItem","position":1,"name":"Accueil","item":"https:\/\/shop.bantam.ch\/de\/"},{"@type":"ListItem","position":2,"name":"Shop","item":"https:\/\/shop.bantam.ch\/de\/shop\/"},{"@type":"ListItem","position":3,"name":"Vordach Touring Shelter"}]},{"@type":"WebSite","@id":"https:\/\/shop.bantam.ch\/de\/#website","url":"https:\/\/shop.bantam.ch\/de\/","name":"Bantam Camping AG","description":"","publisher":{"@id":"https:\/\/shop.bantam.ch\/de\/#organization"},"inLanguage":"de"},{"@type":"Organization","@id":"https:\/\/shop.bantam.ch\/de\/#organization","name":"Bantam Camping AG","url":"https:\/\/shop.bantam.ch\/de\/","logo":{"@type":"ImageObject","inLanguage":"de","@id":"https:\/\/shop.bantam.ch\/de\/#\/schema\/logo\/image\/","url":"https:\/\/shop.bantam.ch\/wp-content\/uploads\/2022\/12\/bantam-logo.png","contentUrl":"https:\/\/shop.bantam.ch\/wp-content\/uploads\/2022\/12\/bantam-logo.png","width":320,"height":71,"caption":"Bantam Camping AG"},"image":{"@id":"https:\/\/shop.bantam.ch\/de\/#\/schema\/logo\/image\/"}}]}},"_links":{"self":[{"href":"https:\/\/shop.bantam.ch\/de\/wp-json\/wp\/v2\/product\/159430","targetHints":{"allow":["GET"]}}],"collection":[{"href":"https:\/\/shop.bantam.ch\/de\/wp-json\/wp\/v2\/product"}],"about":[{"href":"https:\/\/shop.bantam.ch\/de\/wp-json\/wp\/v2\/types\/product"}],"wp:featuredmedia":[{"embeddable":true,"href":"https:\/\/shop.bantam.ch\/de\/wp-json\/wp\/v2\/media\/159422"}],"wp:attachment":[{"href":"https:\/\/shop.bantam.ch\/de\/wp-json\/wp\/v2\/media?parent=159430"}],"wp:term":[{"taxonomy":"product_featured_cat","embeddable":true,"href":"https:\/\/shop.bantam.ch\/de\/wp-json\/wp\/v2\/product_featured_cat?post=159430"},{"taxonomy":"product_brand","embeddable":true,"href":"https:\/\/shop.bantam.ch\/de\/wp-json\/wp\/v2\/product_brand?post=159430"},{"taxonomy":"product_cat","embeddable":true,"href":"https:\/\/shop.bantam.ch\/de\/wp-json\/wp\/v2\/product_cat?post=159430"},{"taxonomy":"product_tag","embeddable":true,"href":"https:\/\/shop.bantam.ch\/de\/wp-json\/wp\/v2\/product_tag?post=159430"}],"curies":[{"name":"wp","href":"https:\/\/api.w.org\/{rel}","templated":true}]}}