{"id":159250,"date":"2023-03-23T16:37:07","date_gmt":"2023-03-23T15:37:07","guid":{"rendered":"https:\/\/shop.bantam.ch\/produit\/reifendruck-kontrollsystem-2link-tpms\/"},"modified":"2026-05-06T22:30:42","modified_gmt":"2026-05-06T20:30:42","slug":"reifendruck-kontrollsystem-2link-tpms","status":"publish","type":"product","link":"https:\/\/shop.bantam.ch\/de\/produkt\/reifendruck-kontrollsystem-2link-tpms\/","title":{"rendered":"Reifendruck-Kontrollsystem 2Link TPMS"},"content":{"rendered":"<\/p>\n<ul>\n<li>TPMS ist ein eingebautes \u00dcberwachungssystem f\u00fcr den Reifendruck an Ihrem Anh\u00e4nger.<\/li>\n<li>TPMS steht f\u00fcr Fahrsicherheit f\u00fcr und mit Ihrem Anh\u00e4nger. Es ist ein unterst\u00fctzendes Sicherheitssystem. Immer im Blick der optimale Reifendruck und somit ein besserer Bremsweg.<\/li>\n<li>Der wirtschaftliche Aspekt des geringeren Spritverbrauchs und geringere Reifenabnutzung bei optimalem Reifendruck wird hier erf\u00fcllt.<\/li>\n<li>Automatische und direkte Anzeige eines eventuellen Druckverlustes am Reifen wird unmittelbar auf Ihrem mobilen Telefon angezeigt.<\/li>\n<li>Das TPMS System kann in der Regel an allen g\u00e4ngigen Anh\u00e4ngerfelgentypen 14&#8243; und 15 &#8220; verwendet werden.<\/li>\n<li>Mit einer Genauigkeit von 0,1 bar (Druck wird in 0,1 bar-Schritten angezeigt).<\/li>\n<li>Zusatz f\u00fcr Tandem separat erh\u00e4ltlich.<\/li>\n<\/ul>\n","protected":false},"excerpt":{"rendered":"<p>TPMS ist ein eingebautes \u00dcberwachungssystem f\u00fcr den Reifendruck an Ihrem Anh\u00e4nger. TPMS steht f\u00fcr Fahrsicherheit f\u00fcr und mit Ihrem Anh\u00e4nger. Es ist ein unterst\u00fctzendes Sicherheitssystem. Immer im Blick der optimale Reifendruck und somit ein besserer Bremsweg. Der wirtschaftliche Aspekt des geringeren Spritverbrauchs und geringere Reifenabnutzung bei optimalem Reifendruck wird hier erf\u00fcllt. Automatische und direkte Anzeige [&hellip;]<\/p>\n","protected":false},"featured_media":159246,"template":"","meta":{"_acf_changed":false},"product_featured_cat":[],"product_brand":[3135],"product_cat":[5100],"product_tag":[],"class_list":{"0":"post-159250","1":"product","2":"type-product","3":"status-publish","4":"has-post-thumbnail","6":"product_brand-al-ko-de","7":"product_cat-reifendruckmessgeraete","9":"first","10":"instock","11":"taxable","12":"shipping-taxable","13":"purchasable","14":"product-type-simple"},"acf":[],"yoast_head":"<!-- This site is optimized with the Yoast SEO plugin v27.5 - https:\/\/yoast.com\/product\/yoast-seo-wordpress\/ -->\n<title>Reifendruck-Kontrollsystem 2Link TPMS - Bantam<\/title>\n<meta name=\"robots\" content=\"index, follow, max-snippet:-1, max-image-preview:large, max-video-preview:-1\" \/>\n<link rel=\"canonical\" href=\"https:\/\/shop.bantam.ch\/de\/produkt\/reifendruck-kontrollsystem-2link-tpms\/\" \/>\n<meta property=\"og:locale\" content=\"de_DE\" \/>\n<meta property=\"og:type\" content=\"article\" \/>\n<meta property=\"og:title\" content=\"Reifendruck-Kontrollsystem 2Link TPMS - Bantam\" \/>\n<meta property=\"og:description\" content=\"TPMS ist ein eingebautes \u00dcberwachungssystem f\u00fcr den Reifendruck an Ihrem Anh\u00e4nger. TPMS steht f\u00fcr Fahrsicherheit f\u00fcr und mit Ihrem Anh\u00e4nger. Es ist ein unterst\u00fctzendes Sicherheitssystem. Immer im Blick der optimale Reifendruck und somit ein besserer Bremsweg. Der wirtschaftliche Aspekt des geringeren Spritverbrauchs und geringere Reifenabnutzung bei optimalem Reifendruck wird hier erf\u00fcllt. Automatische und direkte Anzeige [&hellip;]\" \/>\n<meta property=\"og:url\" content=\"https:\/\/shop.bantam.ch\/de\/produkt\/reifendruck-kontrollsystem-2link-tpms\/\" \/>\n<meta property=\"og:site_name\" content=\"Bantam\" \/>\n<meta property=\"article:modified_time\" content=\"2026-05-06T20:30:42+00:00\" \/>\n<meta property=\"og:image\" content=\"https:\/\/shop.bantam.ch\/wp-content\/uploads\/2023\/03\/992988611.jpg\" \/>\n\t<meta property=\"og:image:width\" content=\"1000\" \/>\n\t<meta property=\"og:image:height\" content=\"750\" \/>\n\t<meta property=\"og:image:type\" content=\"image\/jpeg\" \/>\n<meta name=\"twitter:card\" content=\"summary_large_image\" \/>\n<meta name=\"twitter:label1\" content=\"Gesch\u00e4tzte Lesezeit\" \/>\n\t<meta name=\"twitter:data1\" content=\"1\u00a0Minute\" \/>\n<script type=\"application\/ld+json\" class=\"yoast-schema-graph\">{\"@context\":\"https:\\\/\\\/schema.org\",\"@graph\":[{\"@type\":\"WebPage\",\"@id\":\"https:\\\/\\\/shop.bantam.ch\\\/de\\\/produkt\\\/reifendruck-kontrollsystem-2link-tpms\\\/\",\"url\":\"https:\\\/\\\/shop.bantam.ch\\\/de\\\/produkt\\\/reifendruck-kontrollsystem-2link-tpms\\\/\",\"name\":\"Reifendruck-Kontrollsystem 2Link TPMS - Bantam\",\"isPartOf\":{\"@id\":\"https:\\\/\\\/shop.bantam.ch\\\/de\\\/#website\"},\"primaryImageOfPage\":{\"@id\":\"https:\\\/\\\/shop.bantam.ch\\\/de\\\/produkt\\\/reifendruck-kontrollsystem-2link-tpms\\\/#primaryimage\"},\"image\":{\"@id\":\"https:\\\/\\\/shop.bantam.ch\\\/de\\\/produkt\\\/reifendruck-kontrollsystem-2link-tpms\\\/#primaryimage\"},\"thumbnailUrl\":\"https:\\\/\\\/shop.bantam.ch\\\/wp-content\\\/uploads\\\/2023\\\/03\\\/992988611.jpg\",\"datePublished\":\"2023-03-23T15:37:07+00:00\",\"dateModified\":\"2026-05-06T20:30:42+00:00\",\"breadcrumb\":{\"@id\":\"https:\\\/\\\/shop.bantam.ch\\\/de\\\/produkt\\\/reifendruck-kontrollsystem-2link-tpms\\\/#breadcrumb\"},\"inLanguage\":\"de\",\"potentialAction\":[{\"@type\":\"ReadAction\",\"target\":[\"https:\\\/\\\/shop.bantam.ch\\\/de\\\/produkt\\\/reifendruck-kontrollsystem-2link-tpms\\\/\"]}]},{\"@type\":\"ImageObject\",\"inLanguage\":\"de\",\"@id\":\"https:\\\/\\\/shop.bantam.ch\\\/de\\\/produkt\\\/reifendruck-kontrollsystem-2link-tpms\\\/#primaryimage\",\"url\":\"https:\\\/\\\/shop.bantam.ch\\\/wp-content\\\/uploads\\\/2023\\\/03\\\/992988611.jpg\",\"contentUrl\":\"https:\\\/\\\/shop.bantam.ch\\\/wp-content\\\/uploads\\\/2023\\\/03\\\/992988611.jpg\",\"width\":1000,\"height\":750},{\"@type\":\"BreadcrumbList\",\"@id\":\"https:\\\/\\\/shop.bantam.ch\\\/de\\\/produkt\\\/reifendruck-kontrollsystem-2link-tpms\\\/#breadcrumb\",\"itemListElement\":[{\"@type\":\"ListItem\",\"position\":1,\"name\":\"Accueil\",\"item\":\"https:\\\/\\\/shop.bantam.ch\\\/de\\\/\"},{\"@type\":\"ListItem\",\"position\":2,\"name\":\"Shop\",\"item\":\"https:\\\/\\\/shop.bantam.ch\\\/de\\\/shop\\\/\"},{\"@type\":\"ListItem\",\"position\":3,\"name\":\"Reifendruck-Kontrollsystem 2Link TPMS\"}]},{\"@type\":\"WebSite\",\"@id\":\"https:\\\/\\\/shop.bantam.ch\\\/de\\\/#website\",\"url\":\"https:\\\/\\\/shop.bantam.ch\\\/de\\\/\",\"name\":\"Bantam\",\"description\":\"\",\"publisher\":{\"@id\":\"https:\\\/\\\/shop.bantam.ch\\\/de\\\/#organization\"},\"inLanguage\":\"de\"},{\"@type\":\"Organization\",\"@id\":\"https:\\\/\\\/shop.bantam.ch\\\/de\\\/#organization\",\"name\":\"Bantam\",\"url\":\"https:\\\/\\\/shop.bantam.ch\\\/de\\\/\",\"logo\":{\"@type\":\"ImageObject\",\"inLanguage\":\"de\",\"@id\":\"https:\\\/\\\/shop.bantam.ch\\\/de\\\/#\\\/schema\\\/logo\\\/image\\\/\",\"url\":\"https:\\\/\\\/shop.bantam.ch\\\/wp-content\\\/uploads\\\/2022\\\/12\\\/bantam-logo.png\",\"contentUrl\":\"https:\\\/\\\/shop.bantam.ch\\\/wp-content\\\/uploads\\\/2022\\\/12\\\/bantam-logo.png\",\"width\":320,\"height\":71,\"caption\":\"Bantam\"},\"image\":{\"@id\":\"https:\\\/\\\/shop.bantam.ch\\\/de\\\/#\\\/schema\\\/logo\\\/image\\\/\"}}]}<\/script>\n<!-- \/ Yoast SEO plugin. -->","yoast_head_json":{"title":"Reifendruck-Kontrollsystem 2Link TPMS - Bantam","robots":{"index":"index","follow":"follow","max-snippet":"max-snippet:-1","max-image-preview":"max-image-preview:large","max-video-preview":"max-video-preview:-1"},"canonical":"https:\/\/shop.bantam.ch\/de\/produkt\/reifendruck-kontrollsystem-2link-tpms\/","og_locale":"de_DE","og_type":"article","og_title":"Reifendruck-Kontrollsystem 2Link TPMS - Bantam","og_description":"TPMS ist ein eingebautes \u00dcberwachungssystem f\u00fcr den Reifendruck an Ihrem Anh\u00e4nger. TPMS steht f\u00fcr Fahrsicherheit f\u00fcr und mit Ihrem Anh\u00e4nger. Es ist ein unterst\u00fctzendes Sicherheitssystem. Immer im Blick der optimale Reifendruck und somit ein besserer Bremsweg. Der wirtschaftliche Aspekt des geringeren Spritverbrauchs und geringere Reifenabnutzung bei optimalem Reifendruck wird hier erf\u00fcllt. Automatische und direkte Anzeige [&hellip;]","og_url":"https:\/\/shop.bantam.ch\/de\/produkt\/reifendruck-kontrollsystem-2link-tpms\/","og_site_name":"Bantam","article_modified_time":"2026-05-06T20:30:42+00:00","og_image":[{"width":1000,"height":750,"url":"https:\/\/shop.bantam.ch\/wp-content\/uploads\/2023\/03\/992988611.jpg","type":"image\/jpeg"}],"twitter_card":"summary_large_image","twitter_misc":{"Gesch\u00e4tzte Lesezeit":"1\u00a0Minute"},"schema":{"@context":"https:\/\/schema.org","@graph":[{"@type":"WebPage","@id":"https:\/\/shop.bantam.ch\/de\/produkt\/reifendruck-kontrollsystem-2link-tpms\/","url":"https:\/\/shop.bantam.ch\/de\/produkt\/reifendruck-kontrollsystem-2link-tpms\/","name":"Reifendruck-Kontrollsystem 2Link TPMS - Bantam","isPartOf":{"@id":"https:\/\/shop.bantam.ch\/de\/#website"},"primaryImageOfPage":{"@id":"https:\/\/shop.bantam.ch\/de\/produkt\/reifendruck-kontrollsystem-2link-tpms\/#primaryimage"},"image":{"@id":"https:\/\/shop.bantam.ch\/de\/produkt\/reifendruck-kontrollsystem-2link-tpms\/#primaryimage"},"thumbnailUrl":"https:\/\/shop.bantam.ch\/wp-content\/uploads\/2023\/03\/992988611.jpg","datePublished":"2023-03-23T15:37:07+00:00","dateModified":"2026-05-06T20:30:42+00:00","breadcrumb":{"@id":"https:\/\/shop.bantam.ch\/de\/produkt\/reifendruck-kontrollsystem-2link-tpms\/#breadcrumb"},"inLanguage":"de","potentialAction":[{"@type":"ReadAction","target":["https:\/\/shop.bantam.ch\/de\/produkt\/reifendruck-kontrollsystem-2link-tpms\/"]}]},{"@type":"ImageObject","inLanguage":"de","@id":"https:\/\/shop.bantam.ch\/de\/produkt\/reifendruck-kontrollsystem-2link-tpms\/#primaryimage","url":"https:\/\/shop.bantam.ch\/wp-content\/uploads\/2023\/03\/992988611.jpg","contentUrl":"https:\/\/shop.bantam.ch\/wp-content\/uploads\/2023\/03\/992988611.jpg","width":1000,"height":750},{"@type":"BreadcrumbList","@id":"https:\/\/shop.bantam.ch\/de\/produkt\/reifendruck-kontrollsystem-2link-tpms\/#breadcrumb","itemListElement":[{"@type":"ListItem","position":1,"name":"Accueil","item":"https:\/\/shop.bantam.ch\/de\/"},{"@type":"ListItem","position":2,"name":"Shop","item":"https:\/\/shop.bantam.ch\/de\/shop\/"},{"@type":"ListItem","position":3,"name":"Reifendruck-Kontrollsystem 2Link TPMS"}]},{"@type":"WebSite","@id":"https:\/\/shop.bantam.ch\/de\/#website","url":"https:\/\/shop.bantam.ch\/de\/","name":"Bantam","description":"","publisher":{"@id":"https:\/\/shop.bantam.ch\/de\/#organization"},"inLanguage":"de"},{"@type":"Organization","@id":"https:\/\/shop.bantam.ch\/de\/#organization","name":"Bantam","url":"https:\/\/shop.bantam.ch\/de\/","logo":{"@type":"ImageObject","inLanguage":"de","@id":"https:\/\/shop.bantam.ch\/de\/#\/schema\/logo\/image\/","url":"https:\/\/shop.bantam.ch\/wp-content\/uploads\/2022\/12\/bantam-logo.png","contentUrl":"https:\/\/shop.bantam.ch\/wp-content\/uploads\/2022\/12\/bantam-logo.png","width":320,"height":71,"caption":"Bantam"},"image":{"@id":"https:\/\/shop.bantam.ch\/de\/#\/schema\/logo\/image\/"}}]}},"_links":{"self":[{"href":"https:\/\/shop.bantam.ch\/de\/wp-json\/wp\/v2\/product\/159250","targetHints":{"allow":["GET"]}}],"collection":[{"href":"https:\/\/shop.bantam.ch\/de\/wp-json\/wp\/v2\/product"}],"about":[{"href":"https:\/\/shop.bantam.ch\/de\/wp-json\/wp\/v2\/types\/product"}],"wp:featuredmedia":[{"embeddable":true,"href":"https:\/\/shop.bantam.ch\/de\/wp-json\/wp\/v2\/media\/159246"}],"wp:attachment":[{"href":"https:\/\/shop.bantam.ch\/de\/wp-json\/wp\/v2\/media?parent=159250"}],"wp:term":[{"taxonomy":"product_featured_cat","embeddable":true,"href":"https:\/\/shop.bantam.ch\/de\/wp-json\/wp\/v2\/product_featured_cat?post=159250"},{"taxonomy":"product_brand","embeddable":true,"href":"https:\/\/shop.bantam.ch\/de\/wp-json\/wp\/v2\/product_brand?post=159250"},{"taxonomy":"product_cat","embeddable":true,"href":"https:\/\/shop.bantam.ch\/de\/wp-json\/wp\/v2\/product_cat?post=159250"},{"taxonomy":"product_tag","embeddable":true,"href":"https:\/\/shop.bantam.ch\/de\/wp-json\/wp\/v2\/product_tag?post=159250"}],"curies":[{"name":"wp","href":"https:\/\/api.w.org\/{rel}","templated":true}]}}