{"id":159170,"date":"2023-03-23T16:35:47","date_gmt":"2023-03-23T15:35:47","guid":{"rendered":"https:\/\/shop.bantam.ch\/produit\/buch-great-adventure-cooking\/"},"modified":"2026-05-10T22:29:10","modified_gmt":"2026-05-10T20:29:10","slug":"buch-great-adventure-cooking","status":"publish","type":"product","link":"https:\/\/shop.bantam.ch\/de\/produkt\/buch-great-adventure-cooking\/","title":{"rendered":"Buch Great Adventure Cooking"},"content":{"rendered":"<p>Ob Zuhause, unterwegs oder beim Camping: genial leckere, vegetarische Rezepte einfach zubereiten ohne viel Zubeh\u00f6r!<br \/>Reisen, kochen, leben! Mit Land Rover und zwei Pfannen unterwegs durch Neuseeland<\/p>\n<p>Iwan und Yves waren wieder unterwegs! 48 neue Gerichte haben sie von ihrer Offroad-Reise mit dem Gel\u00e4ndewagen durch Neuseeland mitgebracht. Alle Rezepte lassen sich ohne viele Ger\u00e4tschaften auch zuhause zubereiten, sind ideal f\u00fcr den Alltag und stecken doch voller Vielf\u00e4ltigkeit und Geschmack. Dokumentarische Reisebilder und stimmungsvolle Landschaftsaufnahmen von Neuseelands gro\u00dfartiger Natur machen Lust aufs Nachkochen und vermitteln gleichzeitig ein unvergleichliches Gef\u00fchl von Freiheit.<br \/>Alle Rezepte haben die beiden on the road auf Gasgrill, Gaskocher oder auf offenem Feuer zubereitet, sie lassen sich aber auch zuhause problemlos nachkochen. Serviert werden so kreative Gerichte wie Fladenbrot mit Tofu, Tomaten, Oliven und Kokosdip, Mungobohnen-S\u00fc\u00dfkartoffel-Salat mit Aprikosen, Stangensellerie und Limette oder waldig w\u00fcrziges K\u00fcrbis-Pastinaken Gulasch mit frischen Kr\u00e4utern.<\/p>\n<p>Auf der Reise quer durch Neuseeland entstanden nicht nur tolle Food-Fotografien. Das Buch steckt auch voller stimmungsvoller Landschaftsaufnahmen, Aquarell-Illustrationen sowie On-the-Road-Fotos und kleiner Reiseerz\u00e4hlungen, durch die man beim Kochen auch in die Reiseerlebnisse der beiden Autoren eintaucht.<\/p>\n<p>Ob beim Kochen oder im Alltag: Iwan und Yves inspirieren dazu, Neues zu wagen und das Leben in vollen Z\u00fcgen zu genie\u00dfen!<\/p>\n","protected":false},"excerpt":{"rendered":"<p>Ob Zuhause, unterwegs oder beim Camping: genial leckere, vegetarische Rezepte einfach zubereiten ohne viel Zubeh\u00f6r!Reisen, kochen, leben! Mit Land Rover und zwei Pfannen unterwegs durch Neuseeland Iwan und Yves waren wieder unterwegs! 48 neue Gerichte haben sie von ihrer Offroad-Reise mit dem Gel\u00e4ndewagen durch Neuseeland mitgebracht. Alle Rezepte lassen sich ohne viele Ger\u00e4tschaften auch zuhause [&hellip;]<\/p>\n","protected":false},"featured_media":159168,"template":"","meta":{"_acf_changed":false},"product_featured_cat":[],"product_brand":[3033],"product_cat":[4348],"product_tag":[],"class_list":{"0":"post-159170","1":"product","2":"type-product","3":"status-publish","4":"has-post-thumbnail","6":"product_brand-standard-de","7":"product_cat-kochbuecher","9":"first","10":"instock","11":"taxable","12":"shipping-taxable","13":"purchasable","14":"product-type-simple"},"acf":[],"yoast_head":"<!-- This site is optimized with the Yoast SEO plugin v27.5 - https:\/\/yoast.com\/product\/yoast-seo-wordpress\/ -->\n<title>Buch Great Adventure Cooking - Bantam<\/title>\n<meta name=\"robots\" content=\"index, follow, max-snippet:-1, max-image-preview:large, max-video-preview:-1\" \/>\n<link rel=\"canonical\" href=\"https:\/\/shop.bantam.ch\/de\/produkt\/buch-great-adventure-cooking\/\" \/>\n<meta property=\"og:locale\" content=\"de_DE\" \/>\n<meta property=\"og:type\" content=\"article\" \/>\n<meta property=\"og:title\" content=\"Buch Great Adventure Cooking - Bantam\" \/>\n<meta property=\"og:description\" content=\"Ob Zuhause, unterwegs oder beim Camping: genial leckere, vegetarische Rezepte einfach zubereiten ohne viel Zubeh\u00f6r!Reisen, kochen, leben! Mit Land Rover und zwei Pfannen unterwegs durch Neuseeland Iwan und Yves waren wieder unterwegs! 48 neue Gerichte haben sie von ihrer Offroad-Reise mit dem Gel\u00e4ndewagen durch Neuseeland mitgebracht. Alle Rezepte lassen sich ohne viele Ger\u00e4tschaften auch zuhause [&hellip;]\" \/>\n<meta property=\"og:url\" content=\"https:\/\/shop.bantam.ch\/de\/produkt\/buch-great-adventure-cooking\/\" \/>\n<meta property=\"og:site_name\" content=\"Bantam\" \/>\n<meta property=\"article:modified_time\" content=\"2026-05-10T20:29:10+00:00\" \/>\n<meta property=\"og:image\" content=\"https:\/\/shop.bantam.ch\/wp-content\/uploads\/2023\/03\/996022111.jpg\" \/>\n\t<meta property=\"og:image:width\" content=\"742\" \/>\n\t<meta property=\"og:image:height\" content=\"1000\" \/>\n\t<meta property=\"og:image:type\" content=\"image\/jpeg\" \/>\n<meta name=\"twitter:card\" content=\"summary_large_image\" \/>\n<meta name=\"twitter:label1\" content=\"Gesch\u00e4tzte Lesezeit\" \/>\n\t<meta name=\"twitter:data1\" content=\"1\u00a0Minute\" \/>\n<script type=\"application\/ld+json\" class=\"yoast-schema-graph\">{\"@context\":\"https:\\\/\\\/schema.org\",\"@graph\":[{\"@type\":\"WebPage\",\"@id\":\"https:\\\/\\\/shop.bantam.ch\\\/de\\\/produkt\\\/buch-great-adventure-cooking\\\/\",\"url\":\"https:\\\/\\\/shop.bantam.ch\\\/de\\\/produkt\\\/buch-great-adventure-cooking\\\/\",\"name\":\"Buch Great Adventure Cooking - Bantam\",\"isPartOf\":{\"@id\":\"https:\\\/\\\/shop.bantam.ch\\\/de\\\/#website\"},\"primaryImageOfPage\":{\"@id\":\"https:\\\/\\\/shop.bantam.ch\\\/de\\\/produkt\\\/buch-great-adventure-cooking\\\/#primaryimage\"},\"image\":{\"@id\":\"https:\\\/\\\/shop.bantam.ch\\\/de\\\/produkt\\\/buch-great-adventure-cooking\\\/#primaryimage\"},\"thumbnailUrl\":\"https:\\\/\\\/shop.bantam.ch\\\/wp-content\\\/uploads\\\/2023\\\/03\\\/996022111.jpg\",\"datePublished\":\"2023-03-23T15:35:47+00:00\",\"dateModified\":\"2026-05-10T20:29:10+00:00\",\"breadcrumb\":{\"@id\":\"https:\\\/\\\/shop.bantam.ch\\\/de\\\/produkt\\\/buch-great-adventure-cooking\\\/#breadcrumb\"},\"inLanguage\":\"de\",\"potentialAction\":[{\"@type\":\"ReadAction\",\"target\":[\"https:\\\/\\\/shop.bantam.ch\\\/de\\\/produkt\\\/buch-great-adventure-cooking\\\/\"]}]},{\"@type\":\"ImageObject\",\"inLanguage\":\"de\",\"@id\":\"https:\\\/\\\/shop.bantam.ch\\\/de\\\/produkt\\\/buch-great-adventure-cooking\\\/#primaryimage\",\"url\":\"https:\\\/\\\/shop.bantam.ch\\\/wp-content\\\/uploads\\\/2023\\\/03\\\/996022111.jpg\",\"contentUrl\":\"https:\\\/\\\/shop.bantam.ch\\\/wp-content\\\/uploads\\\/2023\\\/03\\\/996022111.jpg\",\"width\":742,\"height\":1000},{\"@type\":\"BreadcrumbList\",\"@id\":\"https:\\\/\\\/shop.bantam.ch\\\/de\\\/produkt\\\/buch-great-adventure-cooking\\\/#breadcrumb\",\"itemListElement\":[{\"@type\":\"ListItem\",\"position\":1,\"name\":\"Accueil\",\"item\":\"https:\\\/\\\/shop.bantam.ch\\\/de\\\/\"},{\"@type\":\"ListItem\",\"position\":2,\"name\":\"Shop\",\"item\":\"https:\\\/\\\/shop.bantam.ch\\\/de\\\/shop\\\/\"},{\"@type\":\"ListItem\",\"position\":3,\"name\":\"Buch Great Adventure Cooking\"}]},{\"@type\":\"WebSite\",\"@id\":\"https:\\\/\\\/shop.bantam.ch\\\/de\\\/#website\",\"url\":\"https:\\\/\\\/shop.bantam.ch\\\/de\\\/\",\"name\":\"Bantam\",\"description\":\"\",\"publisher\":{\"@id\":\"https:\\\/\\\/shop.bantam.ch\\\/de\\\/#organization\"},\"inLanguage\":\"de\"},{\"@type\":\"Organization\",\"@id\":\"https:\\\/\\\/shop.bantam.ch\\\/de\\\/#organization\",\"name\":\"Bantam\",\"url\":\"https:\\\/\\\/shop.bantam.ch\\\/de\\\/\",\"logo\":{\"@type\":\"ImageObject\",\"inLanguage\":\"de\",\"@id\":\"https:\\\/\\\/shop.bantam.ch\\\/de\\\/#\\\/schema\\\/logo\\\/image\\\/\",\"url\":\"https:\\\/\\\/shop.bantam.ch\\\/wp-content\\\/uploads\\\/2022\\\/12\\\/bantam-logo.png\",\"contentUrl\":\"https:\\\/\\\/shop.bantam.ch\\\/wp-content\\\/uploads\\\/2022\\\/12\\\/bantam-logo.png\",\"width\":320,\"height\":71,\"caption\":\"Bantam\"},\"image\":{\"@id\":\"https:\\\/\\\/shop.bantam.ch\\\/de\\\/#\\\/schema\\\/logo\\\/image\\\/\"}}]}<\/script>\n<!-- \/ Yoast SEO plugin. -->","yoast_head_json":{"title":"Buch Great Adventure Cooking - Bantam","robots":{"index":"index","follow":"follow","max-snippet":"max-snippet:-1","max-image-preview":"max-image-preview:large","max-video-preview":"max-video-preview:-1"},"canonical":"https:\/\/shop.bantam.ch\/de\/produkt\/buch-great-adventure-cooking\/","og_locale":"de_DE","og_type":"article","og_title":"Buch Great Adventure Cooking - Bantam","og_description":"Ob Zuhause, unterwegs oder beim Camping: genial leckere, vegetarische Rezepte einfach zubereiten ohne viel Zubeh\u00f6r!Reisen, kochen, leben! Mit Land Rover und zwei Pfannen unterwegs durch Neuseeland Iwan und Yves waren wieder unterwegs! 48 neue Gerichte haben sie von ihrer Offroad-Reise mit dem Gel\u00e4ndewagen durch Neuseeland mitgebracht. Alle Rezepte lassen sich ohne viele Ger\u00e4tschaften auch zuhause [&hellip;]","og_url":"https:\/\/shop.bantam.ch\/de\/produkt\/buch-great-adventure-cooking\/","og_site_name":"Bantam","article_modified_time":"2026-05-10T20:29:10+00:00","og_image":[{"width":742,"height":1000,"url":"https:\/\/shop.bantam.ch\/wp-content\/uploads\/2023\/03\/996022111.jpg","type":"image\/jpeg"}],"twitter_card":"summary_large_image","twitter_misc":{"Gesch\u00e4tzte Lesezeit":"1\u00a0Minute"},"schema":{"@context":"https:\/\/schema.org","@graph":[{"@type":"WebPage","@id":"https:\/\/shop.bantam.ch\/de\/produkt\/buch-great-adventure-cooking\/","url":"https:\/\/shop.bantam.ch\/de\/produkt\/buch-great-adventure-cooking\/","name":"Buch Great Adventure Cooking - Bantam","isPartOf":{"@id":"https:\/\/shop.bantam.ch\/de\/#website"},"primaryImageOfPage":{"@id":"https:\/\/shop.bantam.ch\/de\/produkt\/buch-great-adventure-cooking\/#primaryimage"},"image":{"@id":"https:\/\/shop.bantam.ch\/de\/produkt\/buch-great-adventure-cooking\/#primaryimage"},"thumbnailUrl":"https:\/\/shop.bantam.ch\/wp-content\/uploads\/2023\/03\/996022111.jpg","datePublished":"2023-03-23T15:35:47+00:00","dateModified":"2026-05-10T20:29:10+00:00","breadcrumb":{"@id":"https:\/\/shop.bantam.ch\/de\/produkt\/buch-great-adventure-cooking\/#breadcrumb"},"inLanguage":"de","potentialAction":[{"@type":"ReadAction","target":["https:\/\/shop.bantam.ch\/de\/produkt\/buch-great-adventure-cooking\/"]}]},{"@type":"ImageObject","inLanguage":"de","@id":"https:\/\/shop.bantam.ch\/de\/produkt\/buch-great-adventure-cooking\/#primaryimage","url":"https:\/\/shop.bantam.ch\/wp-content\/uploads\/2023\/03\/996022111.jpg","contentUrl":"https:\/\/shop.bantam.ch\/wp-content\/uploads\/2023\/03\/996022111.jpg","width":742,"height":1000},{"@type":"BreadcrumbList","@id":"https:\/\/shop.bantam.ch\/de\/produkt\/buch-great-adventure-cooking\/#breadcrumb","itemListElement":[{"@type":"ListItem","position":1,"name":"Accueil","item":"https:\/\/shop.bantam.ch\/de\/"},{"@type":"ListItem","position":2,"name":"Shop","item":"https:\/\/shop.bantam.ch\/de\/shop\/"},{"@type":"ListItem","position":3,"name":"Buch Great Adventure Cooking"}]},{"@type":"WebSite","@id":"https:\/\/shop.bantam.ch\/de\/#website","url":"https:\/\/shop.bantam.ch\/de\/","name":"Bantam","description":"","publisher":{"@id":"https:\/\/shop.bantam.ch\/de\/#organization"},"inLanguage":"de"},{"@type":"Organization","@id":"https:\/\/shop.bantam.ch\/de\/#organization","name":"Bantam","url":"https:\/\/shop.bantam.ch\/de\/","logo":{"@type":"ImageObject","inLanguage":"de","@id":"https:\/\/shop.bantam.ch\/de\/#\/schema\/logo\/image\/","url":"https:\/\/shop.bantam.ch\/wp-content\/uploads\/2022\/12\/bantam-logo.png","contentUrl":"https:\/\/shop.bantam.ch\/wp-content\/uploads\/2022\/12\/bantam-logo.png","width":320,"height":71,"caption":"Bantam"},"image":{"@id":"https:\/\/shop.bantam.ch\/de\/#\/schema\/logo\/image\/"}}]}},"_links":{"self":[{"href":"https:\/\/shop.bantam.ch\/de\/wp-json\/wp\/v2\/product\/159170","targetHints":{"allow":["GET"]}}],"collection":[{"href":"https:\/\/shop.bantam.ch\/de\/wp-json\/wp\/v2\/product"}],"about":[{"href":"https:\/\/shop.bantam.ch\/de\/wp-json\/wp\/v2\/types\/product"}],"wp:featuredmedia":[{"embeddable":true,"href":"https:\/\/shop.bantam.ch\/de\/wp-json\/wp\/v2\/media\/159168"}],"wp:attachment":[{"href":"https:\/\/shop.bantam.ch\/de\/wp-json\/wp\/v2\/media?parent=159170"}],"wp:term":[{"taxonomy":"product_featured_cat","embeddable":true,"href":"https:\/\/shop.bantam.ch\/de\/wp-json\/wp\/v2\/product_featured_cat?post=159170"},{"taxonomy":"product_brand","embeddable":true,"href":"https:\/\/shop.bantam.ch\/de\/wp-json\/wp\/v2\/product_brand?post=159170"},{"taxonomy":"product_cat","embeddable":true,"href":"https:\/\/shop.bantam.ch\/de\/wp-json\/wp\/v2\/product_cat?post=159170"},{"taxonomy":"product_tag","embeddable":true,"href":"https:\/\/shop.bantam.ch\/de\/wp-json\/wp\/v2\/product_tag?post=159170"}],"curies":[{"name":"wp","href":"https:\/\/api.w.org\/{rel}","templated":true}]}}