{"id":159118,"date":"2023-03-23T16:35:05","date_gmt":"2023-03-23T15:35:05","guid":{"rendered":"https:\/\/shop.bantam.ch\/produit\/kinder-geschirrset-animal-friends-5-tlg\/"},"modified":"2026-04-20T22:31:11","modified_gmt":"2026-04-20T20:31:11","slug":"kinder-geschirrset-animal-friends-5-tlg","status":"publish","type":"product","link":"https:\/\/shop.bantam.ch\/de\/produkt\/kinder-geschirrset-animal-friends-5-tlg\/","title":{"rendered":"Kinder Geschirrset Animal Friends 5-tlg."},"content":{"rendered":"<p>Das erste F\u00fcttern, der erste Brei, das erste Mal Obst oder der erste (eigene) Schluck: Jedes erste Mal ist etwas ganz Besonderes. Mit dem Kindergeschirr von Mepal k\u00f6nnen abenteuerlustige Kinderh\u00e4nde auf Erkundungstour gehen und gemeinsam mit den Tieren von Animal Friends neue Geschm\u00e4cker entdecken. Das Set enth\u00e4lt je einen flachen Essteller, eine Schale, ein Kinder-Trinkglas, eine Gabel und einen L\u00f6ffel.<\/p>\n","protected":false},"excerpt":{"rendered":"<p>Das erste F\u00fcttern, der erste Brei, das erste Mal Obst oder der erste (eigene) Schluck: Jedes erste Mal ist etwas ganz Besonderes. Mit dem Kindergeschirr von Mepal k\u00f6nnen abenteuerlustige Kinderh\u00e4nde auf Erkundungstour gehen und gemeinsam mit den Tieren von Animal Friends neue Geschm\u00e4cker entdecken. Das Set enth\u00e4lt je einen flachen Essteller, eine Schale, ein Kinder-Trinkglas, [&hellip;]<\/p>\n","protected":false},"featured_media":159114,"template":"","meta":{"_acf_changed":false},"product_featured_cat":[],"product_brand":[3327],"product_cat":[3994],"product_tag":[],"class_list":{"0":"post-159118","1":"product","2":"type-product","3":"status-publish","4":"has-post-thumbnail","6":"product_brand-mepal-de","7":"product_cat-campinggeschirr","9":"first","10":"instock","11":"taxable","12":"shipping-taxable","13":"purchasable","14":"product-type-simple"},"acf":[],"yoast_head":"<!-- This site is optimized with the Yoast SEO plugin v27.4 - https:\/\/yoast.com\/product\/yoast-seo-wordpress\/ -->\n<title>Kinder Geschirrset Animal Friends 5-tlg. - Bantam Camping AG<\/title>\n<meta name=\"robots\" content=\"index, follow, max-snippet:-1, max-image-preview:large, max-video-preview:-1\" \/>\n<link rel=\"canonical\" href=\"https:\/\/shop.bantam.ch\/de\/produkt\/kinder-geschirrset-animal-friends-5-tlg\/\" \/>\n<meta property=\"og:locale\" content=\"de_DE\" \/>\n<meta property=\"og:type\" content=\"article\" \/>\n<meta property=\"og:title\" content=\"Kinder Geschirrset Animal Friends 5-tlg. - Bantam Camping AG\" \/>\n<meta property=\"og:description\" content=\"Das erste F\u00fcttern, der erste Brei, das erste Mal Obst oder der erste (eigene) Schluck: Jedes erste Mal ist etwas ganz Besonderes. Mit dem Kindergeschirr von Mepal k\u00f6nnen abenteuerlustige Kinderh\u00e4nde auf Erkundungstour gehen und gemeinsam mit den Tieren von Animal Friends neue Geschm\u00e4cker entdecken. Das Set enth\u00e4lt je einen flachen Essteller, eine Schale, ein Kinder-Trinkglas, [&hellip;]\" \/>\n<meta property=\"og:url\" content=\"https:\/\/shop.bantam.ch\/de\/produkt\/kinder-geschirrset-animal-friends-5-tlg\/\" \/>\n<meta property=\"og:site_name\" content=\"Bantam Camping AG\" \/>\n<meta property=\"article:modified_time\" content=\"2026-04-20T20:31:11+00:00\" \/>\n<meta property=\"og:image\" content=\"https:\/\/shop.bantam.ch\/wp-content\/uploads\/2023\/03\/995555311.jpg\" \/>\n\t<meta property=\"og:image:width\" content=\"1000\" \/>\n\t<meta property=\"og:image:height\" content=\"667\" \/>\n\t<meta property=\"og:image:type\" content=\"image\/jpeg\" \/>\n<meta name=\"twitter:card\" content=\"summary_large_image\" \/>\n<script type=\"application\/ld+json\" class=\"yoast-schema-graph\">{\"@context\":\"https:\\\/\\\/schema.org\",\"@graph\":[{\"@type\":\"WebPage\",\"@id\":\"https:\\\/\\\/shop.bantam.ch\\\/de\\\/produkt\\\/kinder-geschirrset-animal-friends-5-tlg\\\/\",\"url\":\"https:\\\/\\\/shop.bantam.ch\\\/de\\\/produkt\\\/kinder-geschirrset-animal-friends-5-tlg\\\/\",\"name\":\"Kinder Geschirrset Animal Friends 5-tlg. - Bantam Camping AG\",\"isPartOf\":{\"@id\":\"https:\\\/\\\/shop.bantam.ch\\\/de\\\/#website\"},\"primaryImageOfPage\":{\"@id\":\"https:\\\/\\\/shop.bantam.ch\\\/de\\\/produkt\\\/kinder-geschirrset-animal-friends-5-tlg\\\/#primaryimage\"},\"image\":{\"@id\":\"https:\\\/\\\/shop.bantam.ch\\\/de\\\/produkt\\\/kinder-geschirrset-animal-friends-5-tlg\\\/#primaryimage\"},\"thumbnailUrl\":\"https:\\\/\\\/shop.bantam.ch\\\/wp-content\\\/uploads\\\/2023\\\/03\\\/995555311.jpg\",\"datePublished\":\"2023-03-23T15:35:05+00:00\",\"dateModified\":\"2026-04-20T20:31:11+00:00\",\"breadcrumb\":{\"@id\":\"https:\\\/\\\/shop.bantam.ch\\\/de\\\/produkt\\\/kinder-geschirrset-animal-friends-5-tlg\\\/#breadcrumb\"},\"inLanguage\":\"de\",\"potentialAction\":[{\"@type\":\"ReadAction\",\"target\":[\"https:\\\/\\\/shop.bantam.ch\\\/de\\\/produkt\\\/kinder-geschirrset-animal-friends-5-tlg\\\/\"]}]},{\"@type\":\"ImageObject\",\"inLanguage\":\"de\",\"@id\":\"https:\\\/\\\/shop.bantam.ch\\\/de\\\/produkt\\\/kinder-geschirrset-animal-friends-5-tlg\\\/#primaryimage\",\"url\":\"https:\\\/\\\/shop.bantam.ch\\\/wp-content\\\/uploads\\\/2023\\\/03\\\/995555311.jpg\",\"contentUrl\":\"https:\\\/\\\/shop.bantam.ch\\\/wp-content\\\/uploads\\\/2023\\\/03\\\/995555311.jpg\",\"width\":1000,\"height\":667},{\"@type\":\"BreadcrumbList\",\"@id\":\"https:\\\/\\\/shop.bantam.ch\\\/de\\\/produkt\\\/kinder-geschirrset-animal-friends-5-tlg\\\/#breadcrumb\",\"itemListElement\":[{\"@type\":\"ListItem\",\"position\":1,\"name\":\"Accueil\",\"item\":\"https:\\\/\\\/shop.bantam.ch\\\/de\\\/\"},{\"@type\":\"ListItem\",\"position\":2,\"name\":\"Shop\",\"item\":\"https:\\\/\\\/shop.bantam.ch\\\/de\\\/shop\\\/\"},{\"@type\":\"ListItem\",\"position\":3,\"name\":\"Kinder Geschirrset Animal Friends 5-tlg.\"}]},{\"@type\":\"WebSite\",\"@id\":\"https:\\\/\\\/shop.bantam.ch\\\/de\\\/#website\",\"url\":\"https:\\\/\\\/shop.bantam.ch\\\/de\\\/\",\"name\":\"Bantam Camping AG\",\"description\":\"\",\"publisher\":{\"@id\":\"https:\\\/\\\/shop.bantam.ch\\\/de\\\/#organization\"},\"inLanguage\":\"de\"},{\"@type\":\"Organization\",\"@id\":\"https:\\\/\\\/shop.bantam.ch\\\/de\\\/#organization\",\"name\":\"Bantam Camping AG\",\"url\":\"https:\\\/\\\/shop.bantam.ch\\\/de\\\/\",\"logo\":{\"@type\":\"ImageObject\",\"inLanguage\":\"de\",\"@id\":\"https:\\\/\\\/shop.bantam.ch\\\/de\\\/#\\\/schema\\\/logo\\\/image\\\/\",\"url\":\"https:\\\/\\\/shop.bantam.ch\\\/wp-content\\\/uploads\\\/2022\\\/12\\\/bantam-logo.png\",\"contentUrl\":\"https:\\\/\\\/shop.bantam.ch\\\/wp-content\\\/uploads\\\/2022\\\/12\\\/bantam-logo.png\",\"width\":320,\"height\":71,\"caption\":\"Bantam Camping AG\"},\"image\":{\"@id\":\"https:\\\/\\\/shop.bantam.ch\\\/de\\\/#\\\/schema\\\/logo\\\/image\\\/\"}}]}<\/script>\n<!-- \/ Yoast SEO plugin. -->","yoast_head_json":{"title":"Kinder Geschirrset Animal Friends 5-tlg. - Bantam Camping AG","robots":{"index":"index","follow":"follow","max-snippet":"max-snippet:-1","max-image-preview":"max-image-preview:large","max-video-preview":"max-video-preview:-1"},"canonical":"https:\/\/shop.bantam.ch\/de\/produkt\/kinder-geschirrset-animal-friends-5-tlg\/","og_locale":"de_DE","og_type":"article","og_title":"Kinder Geschirrset Animal Friends 5-tlg. - Bantam Camping AG","og_description":"Das erste F\u00fcttern, der erste Brei, das erste Mal Obst oder der erste (eigene) Schluck: Jedes erste Mal ist etwas ganz Besonderes. Mit dem Kindergeschirr von Mepal k\u00f6nnen abenteuerlustige Kinderh\u00e4nde auf Erkundungstour gehen und gemeinsam mit den Tieren von Animal Friends neue Geschm\u00e4cker entdecken. Das Set enth\u00e4lt je einen flachen Essteller, eine Schale, ein Kinder-Trinkglas, [&hellip;]","og_url":"https:\/\/shop.bantam.ch\/de\/produkt\/kinder-geschirrset-animal-friends-5-tlg\/","og_site_name":"Bantam Camping AG","article_modified_time":"2026-04-20T20:31:11+00:00","og_image":[{"width":1000,"height":667,"url":"https:\/\/shop.bantam.ch\/wp-content\/uploads\/2023\/03\/995555311.jpg","type":"image\/jpeg"}],"twitter_card":"summary_large_image","schema":{"@context":"https:\/\/schema.org","@graph":[{"@type":"WebPage","@id":"https:\/\/shop.bantam.ch\/de\/produkt\/kinder-geschirrset-animal-friends-5-tlg\/","url":"https:\/\/shop.bantam.ch\/de\/produkt\/kinder-geschirrset-animal-friends-5-tlg\/","name":"Kinder Geschirrset Animal Friends 5-tlg. - Bantam Camping AG","isPartOf":{"@id":"https:\/\/shop.bantam.ch\/de\/#website"},"primaryImageOfPage":{"@id":"https:\/\/shop.bantam.ch\/de\/produkt\/kinder-geschirrset-animal-friends-5-tlg\/#primaryimage"},"image":{"@id":"https:\/\/shop.bantam.ch\/de\/produkt\/kinder-geschirrset-animal-friends-5-tlg\/#primaryimage"},"thumbnailUrl":"https:\/\/shop.bantam.ch\/wp-content\/uploads\/2023\/03\/995555311.jpg","datePublished":"2023-03-23T15:35:05+00:00","dateModified":"2026-04-20T20:31:11+00:00","breadcrumb":{"@id":"https:\/\/shop.bantam.ch\/de\/produkt\/kinder-geschirrset-animal-friends-5-tlg\/#breadcrumb"},"inLanguage":"de","potentialAction":[{"@type":"ReadAction","target":["https:\/\/shop.bantam.ch\/de\/produkt\/kinder-geschirrset-animal-friends-5-tlg\/"]}]},{"@type":"ImageObject","inLanguage":"de","@id":"https:\/\/shop.bantam.ch\/de\/produkt\/kinder-geschirrset-animal-friends-5-tlg\/#primaryimage","url":"https:\/\/shop.bantam.ch\/wp-content\/uploads\/2023\/03\/995555311.jpg","contentUrl":"https:\/\/shop.bantam.ch\/wp-content\/uploads\/2023\/03\/995555311.jpg","width":1000,"height":667},{"@type":"BreadcrumbList","@id":"https:\/\/shop.bantam.ch\/de\/produkt\/kinder-geschirrset-animal-friends-5-tlg\/#breadcrumb","itemListElement":[{"@type":"ListItem","position":1,"name":"Accueil","item":"https:\/\/shop.bantam.ch\/de\/"},{"@type":"ListItem","position":2,"name":"Shop","item":"https:\/\/shop.bantam.ch\/de\/shop\/"},{"@type":"ListItem","position":3,"name":"Kinder Geschirrset Animal Friends 5-tlg."}]},{"@type":"WebSite","@id":"https:\/\/shop.bantam.ch\/de\/#website","url":"https:\/\/shop.bantam.ch\/de\/","name":"Bantam Camping AG","description":"","publisher":{"@id":"https:\/\/shop.bantam.ch\/de\/#organization"},"inLanguage":"de"},{"@type":"Organization","@id":"https:\/\/shop.bantam.ch\/de\/#organization","name":"Bantam Camping AG","url":"https:\/\/shop.bantam.ch\/de\/","logo":{"@type":"ImageObject","inLanguage":"de","@id":"https:\/\/shop.bantam.ch\/de\/#\/schema\/logo\/image\/","url":"https:\/\/shop.bantam.ch\/wp-content\/uploads\/2022\/12\/bantam-logo.png","contentUrl":"https:\/\/shop.bantam.ch\/wp-content\/uploads\/2022\/12\/bantam-logo.png","width":320,"height":71,"caption":"Bantam Camping AG"},"image":{"@id":"https:\/\/shop.bantam.ch\/de\/#\/schema\/logo\/image\/"}}]}},"_links":{"self":[{"href":"https:\/\/shop.bantam.ch\/de\/wp-json\/wp\/v2\/product\/159118","targetHints":{"allow":["GET"]}}],"collection":[{"href":"https:\/\/shop.bantam.ch\/de\/wp-json\/wp\/v2\/product"}],"about":[{"href":"https:\/\/shop.bantam.ch\/de\/wp-json\/wp\/v2\/types\/product"}],"wp:featuredmedia":[{"embeddable":true,"href":"https:\/\/shop.bantam.ch\/de\/wp-json\/wp\/v2\/media\/159114"}],"wp:attachment":[{"href":"https:\/\/shop.bantam.ch\/de\/wp-json\/wp\/v2\/media?parent=159118"}],"wp:term":[{"taxonomy":"product_featured_cat","embeddable":true,"href":"https:\/\/shop.bantam.ch\/de\/wp-json\/wp\/v2\/product_featured_cat?post=159118"},{"taxonomy":"product_brand","embeddable":true,"href":"https:\/\/shop.bantam.ch\/de\/wp-json\/wp\/v2\/product_brand?post=159118"},{"taxonomy":"product_cat","embeddable":true,"href":"https:\/\/shop.bantam.ch\/de\/wp-json\/wp\/v2\/product_cat?post=159118"},{"taxonomy":"product_tag","embeddable":true,"href":"https:\/\/shop.bantam.ch\/de\/wp-json\/wp\/v2\/product_tag?post=159118"}],"curies":[{"name":"wp","href":"https:\/\/api.w.org\/{rel}","templated":true}]}}