{"id":159064,"date":"2023-03-23T16:33:58","date_gmt":"2023-03-23T15:33:58","guid":{"rendered":"https:\/\/shop.bantam.ch\/produit\/kompressorkuehlbox-mr040f\/"},"modified":"2026-04-19T22:33:56","modified_gmt":"2026-04-19T20:33:56","slug":"kompressorkuehlbox-mr040f","status":"publish","type":"product","link":"https:\/\/shop.bantam.ch\/de\/produkt\/kompressorkuehlbox-mr040f\/","title":{"rendered":"Kompressork\u00fchlbox ENGEL MR040F 12 &#8211; 230 V 40 l Farbe grau"},"content":{"rendered":"<p>Kompressork\u00fchlboxen<br \/>Au\u00dfergew\u00f6hnliche Technik macht sich einfach bezahlt! Denn nur Engel Systeme arbeiten mit dem Schwingkompressor. Dieses Aggregat ist nicht etwa ein abgewandelter Haushaltskompressor, es ist das einzige am Markt, das ausschlie\u00dflich f\u00fcr den mobilen Einsatz entwickelt wurde. Ein klarer Vorsprung, der Auswirkungen in allen Bereichen hat! Die neueste Generation der Engel-Schwingkompressoren pr\u00e4sentiert sich noch leiser, noch effizienter und noch geringer im Stromverbrauch.<\/p>\n<p>Ihre Vorteile:<\/p>\n<p>Hoher Wirkungsgrad:<br \/>Das Frequenz-Ph\u00e4nomen wird mittels des Schwingkompressors vorteilhaft angewendet. Es ergibt einen g\u00fcnstigeren Leistungsfaktor von 1,4. Zus\u00e4tzlich wirken sich alle Vorteile eines hermetisch, mit Wechselstrom betriebenen Systems aus. Die gew\u00fcnschte Temperatur wird konstant gehalten (wichtig f\u00fcr den Transport von Arzneimittel).<\/p>\n<p>Minimaler Stromverbrauch:<br \/>Wegen des hohen Wirkungsgrades des elektro-dynamischen Systems einerseits und der optimierten, in Abh\u00e4ngigkeit verschiedener Betriebszust\u00e4nde arbeitenden Steuerelektronik andererseits, verbrauchen Schwingkompressor-K\u00fchlger\u00e4te der 4. Generation 1\/4 weniger Strom als ihre Vorg\u00e4nger und 1\/3 weniger Strom als alle anderen am Markt befindlichen Kompressor Ger\u00e4te.<\/p>\n<p>Geringer Anlaufstrom:<br \/>Der niedrige, kaum erh\u00f6hte Anlaufstrom schlie\u00dft bei Batteriebetrieb eine \u00dcberlastung aus und verbessert gegen\u00fcber herk\u00f6mmlichen Kompressoren die Energiebilanz wesentlich (bei Normalk\u00fchlung + 5 \u00b0 C mindestens 30 % l\u00e4ngere Laufzeit bei gleichen Bedingungen an der Batterie).<\/p>\n<p>Hohe Produktsicherheit:<br \/>Wegen der konstruktiv gegebenen Einfachheit einerseits und durch strenge Qualit\u00e4tsanforderungen und langj\u00e4hrige Erfahrung andererseits ist die St\u00f6ranf\u00e4lligkeit ungew\u00f6hnlich niedrig. Der Schwingkompressor ist v\u00f6llig wartungsfrei. Einfachste Reinigungsm\u00f6glichkeit durch glatte Oberfl\u00e4chen.<\/p>\n<p>Lageunabh\u00e4ngig:<br \/>Bei Schr\u00e4glagen bis zu 60\u00b0 arbeitet der Schwingkompressor einwandfrei und mit voller Leistung.<\/p>\n<p>Leicht und ger\u00e4uscharm:<br \/>Im Rahmen der neuen K2-Technologie konnten Ger\u00e4uschpegel und Gewicht weiter reduziert werden.<\/p>\n<p>Hohe Lebensdauer:<br \/>Bis zu 30 Jahre und l\u00e4nger. Ersatzteilversorgung auch f\u00fcr \u00e4ltere Ger\u00e4te weitgehendst gesichert. 3 Jahre Vollgarantie.<\/p>\n<p>Umweltfreundlich:<br \/>F\u00fcr Solarbetrieb bestens geeignet. 100 % wartungsfrei.<\/p>\n<ul>\n<li>Temperaturbereich: &#8211; 18 \u00b0 C bis + 7 \u00b0 C<\/li>\n<li>Maximale Leistung: 32 W<\/li>\n<\/ul>\n","protected":false},"excerpt":{"rendered":"<p>Kompressork\u00fchlboxenAu\u00dfergew\u00f6hnliche Technik macht sich einfach bezahlt! Denn nur Engel Systeme arbeiten mit dem Schwingkompressor. Dieses Aggregat ist nicht etwa ein abgewandelter Haushaltskompressor, es ist das einzige am Markt, das ausschlie\u00dflich f\u00fcr den mobilen Einsatz entwickelt wurde. Ein klarer Vorsprung, der Auswirkungen in allen Bereichen hat! Die neueste Generation der Engel-Schwingkompressoren pr\u00e4sentiert sich noch leiser, noch [&hellip;]<\/p>\n","protected":false},"featured_media":159062,"template":"","meta":{"_acf_changed":false},"product_featured_cat":[5301],"product_brand":[3773],"product_cat":[4546],"product_tag":[],"class_list":{"0":"post-159064","1":"product","2":"type-product","3":"status-publish","4":"has-post-thumbnail","6":"product_featured_cat-promotions-etagnieres-fr","7":"product_brand-engel-de","8":"product_cat-kompressor-kuehlboxen-kuehlboxen","10":"first","11":"instock","12":"sale","13":"taxable","14":"shipping-taxable","15":"purchasable","16":"product-type-simple"},"acf":[],"yoast_head":"<!-- This site is optimized with the Yoast SEO plugin v27.4 - https:\/\/yoast.com\/product\/yoast-seo-wordpress\/ -->\n<title>Kompressork\u00fchlbox ENGEL MR040F 12 - 230 V 40 l Farbe grau - Bantam Camping AG<\/title>\n<meta name=\"robots\" content=\"index, follow, max-snippet:-1, max-image-preview:large, max-video-preview:-1\" \/>\n<link rel=\"canonical\" href=\"https:\/\/shop.bantam.ch\/de\/produkt\/kompressorkuehlbox-mr040f\/\" \/>\n<meta property=\"og:locale\" content=\"de_DE\" \/>\n<meta property=\"og:type\" content=\"article\" \/>\n<meta property=\"og:title\" content=\"Kompressork\u00fchlbox ENGEL MR040F 12 - 230 V 40 l Farbe grau - Bantam Camping AG\" \/>\n<meta property=\"og:description\" content=\"Kompressork\u00fchlboxenAu\u00dfergew\u00f6hnliche Technik macht sich einfach bezahlt! Denn nur Engel Systeme arbeiten mit dem Schwingkompressor. Dieses Aggregat ist nicht etwa ein abgewandelter Haushaltskompressor, es ist das einzige am Markt, das ausschlie\u00dflich f\u00fcr den mobilen Einsatz entwickelt wurde. Ein klarer Vorsprung, der Auswirkungen in allen Bereichen hat! Die neueste Generation der Engel-Schwingkompressoren pr\u00e4sentiert sich noch leiser, noch [&hellip;]\" \/>\n<meta property=\"og:url\" content=\"https:\/\/shop.bantam.ch\/de\/produkt\/kompressorkuehlbox-mr040f\/\" \/>\n<meta property=\"og:site_name\" content=\"Bantam Camping AG\" \/>\n<meta property=\"article:modified_time\" content=\"2026-04-19T20:33:56+00:00\" \/>\n<meta property=\"og:image\" content=\"https:\/\/shop.bantam.ch\/wp-content\/uploads\/2023\/03\/995083411.jpg\" \/>\n\t<meta property=\"og:image:width\" content=\"1000\" \/>\n\t<meta property=\"og:image:height\" content=\"842\" \/>\n\t<meta property=\"og:image:type\" content=\"image\/jpeg\" \/>\n<meta name=\"twitter:card\" content=\"summary_large_image\" \/>\n<meta name=\"twitter:label1\" content=\"Gesch\u00e4tzte Lesezeit\" \/>\n\t<meta name=\"twitter:data1\" content=\"2\u00a0Minuten\" \/>\n<script type=\"application\/ld+json\" class=\"yoast-schema-graph\">{\"@context\":\"https:\\\/\\\/schema.org\",\"@graph\":[{\"@type\":\"WebPage\",\"@id\":\"https:\\\/\\\/shop.bantam.ch\\\/de\\\/produkt\\\/kompressorkuehlbox-mr040f\\\/\",\"url\":\"https:\\\/\\\/shop.bantam.ch\\\/de\\\/produkt\\\/kompressorkuehlbox-mr040f\\\/\",\"name\":\"Kompressork\u00fchlbox ENGEL MR040F 12 - 230 V 40 l Farbe grau - Bantam Camping AG\",\"isPartOf\":{\"@id\":\"https:\\\/\\\/shop.bantam.ch\\\/de\\\/#website\"},\"primaryImageOfPage\":{\"@id\":\"https:\\\/\\\/shop.bantam.ch\\\/de\\\/produkt\\\/kompressorkuehlbox-mr040f\\\/#primaryimage\"},\"image\":{\"@id\":\"https:\\\/\\\/shop.bantam.ch\\\/de\\\/produkt\\\/kompressorkuehlbox-mr040f\\\/#primaryimage\"},\"thumbnailUrl\":\"https:\\\/\\\/shop.bantam.ch\\\/wp-content\\\/uploads\\\/2023\\\/03\\\/995083411.jpg\",\"datePublished\":\"2023-03-23T15:33:58+00:00\",\"dateModified\":\"2026-04-19T20:33:56+00:00\",\"breadcrumb\":{\"@id\":\"https:\\\/\\\/shop.bantam.ch\\\/de\\\/produkt\\\/kompressorkuehlbox-mr040f\\\/#breadcrumb\"},\"inLanguage\":\"de\",\"potentialAction\":[{\"@type\":\"ReadAction\",\"target\":[\"https:\\\/\\\/shop.bantam.ch\\\/de\\\/produkt\\\/kompressorkuehlbox-mr040f\\\/\"]}]},{\"@type\":\"ImageObject\",\"inLanguage\":\"de\",\"@id\":\"https:\\\/\\\/shop.bantam.ch\\\/de\\\/produkt\\\/kompressorkuehlbox-mr040f\\\/#primaryimage\",\"url\":\"https:\\\/\\\/shop.bantam.ch\\\/wp-content\\\/uploads\\\/2023\\\/03\\\/995083411.jpg\",\"contentUrl\":\"https:\\\/\\\/shop.bantam.ch\\\/wp-content\\\/uploads\\\/2023\\\/03\\\/995083411.jpg\",\"width\":1000,\"height\":842},{\"@type\":\"BreadcrumbList\",\"@id\":\"https:\\\/\\\/shop.bantam.ch\\\/de\\\/produkt\\\/kompressorkuehlbox-mr040f\\\/#breadcrumb\",\"itemListElement\":[{\"@type\":\"ListItem\",\"position\":1,\"name\":\"Accueil\",\"item\":\"https:\\\/\\\/shop.bantam.ch\\\/de\\\/\"},{\"@type\":\"ListItem\",\"position\":2,\"name\":\"Shop\",\"item\":\"https:\\\/\\\/shop.bantam.ch\\\/de\\\/shop\\\/\"},{\"@type\":\"ListItem\",\"position\":3,\"name\":\"Kompressork\u00fchlbox ENGEL MR040F 12 &#8211; 230 V 40 l Farbe grau\"}]},{\"@type\":\"WebSite\",\"@id\":\"https:\\\/\\\/shop.bantam.ch\\\/de\\\/#website\",\"url\":\"https:\\\/\\\/shop.bantam.ch\\\/de\\\/\",\"name\":\"Bantam Camping AG\",\"description\":\"\",\"publisher\":{\"@id\":\"https:\\\/\\\/shop.bantam.ch\\\/de\\\/#organization\"},\"inLanguage\":\"de\"},{\"@type\":\"Organization\",\"@id\":\"https:\\\/\\\/shop.bantam.ch\\\/de\\\/#organization\",\"name\":\"Bantam Camping AG\",\"url\":\"https:\\\/\\\/shop.bantam.ch\\\/de\\\/\",\"logo\":{\"@type\":\"ImageObject\",\"inLanguage\":\"de\",\"@id\":\"https:\\\/\\\/shop.bantam.ch\\\/de\\\/#\\\/schema\\\/logo\\\/image\\\/\",\"url\":\"https:\\\/\\\/shop.bantam.ch\\\/wp-content\\\/uploads\\\/2022\\\/12\\\/bantam-logo.png\",\"contentUrl\":\"https:\\\/\\\/shop.bantam.ch\\\/wp-content\\\/uploads\\\/2022\\\/12\\\/bantam-logo.png\",\"width\":320,\"height\":71,\"caption\":\"Bantam Camping AG\"},\"image\":{\"@id\":\"https:\\\/\\\/shop.bantam.ch\\\/de\\\/#\\\/schema\\\/logo\\\/image\\\/\"}}]}<\/script>\n<!-- \/ Yoast SEO plugin. -->","yoast_head_json":{"title":"Kompressork\u00fchlbox ENGEL MR040F 12 - 230 V 40 l Farbe grau - Bantam Camping AG","robots":{"index":"index","follow":"follow","max-snippet":"max-snippet:-1","max-image-preview":"max-image-preview:large","max-video-preview":"max-video-preview:-1"},"canonical":"https:\/\/shop.bantam.ch\/de\/produkt\/kompressorkuehlbox-mr040f\/","og_locale":"de_DE","og_type":"article","og_title":"Kompressork\u00fchlbox ENGEL MR040F 12 - 230 V 40 l Farbe grau - Bantam Camping AG","og_description":"Kompressork\u00fchlboxenAu\u00dfergew\u00f6hnliche Technik macht sich einfach bezahlt! Denn nur Engel Systeme arbeiten mit dem Schwingkompressor. Dieses Aggregat ist nicht etwa ein abgewandelter Haushaltskompressor, es ist das einzige am Markt, das ausschlie\u00dflich f\u00fcr den mobilen Einsatz entwickelt wurde. Ein klarer Vorsprung, der Auswirkungen in allen Bereichen hat! Die neueste Generation der Engel-Schwingkompressoren pr\u00e4sentiert sich noch leiser, noch [&hellip;]","og_url":"https:\/\/shop.bantam.ch\/de\/produkt\/kompressorkuehlbox-mr040f\/","og_site_name":"Bantam Camping AG","article_modified_time":"2026-04-19T20:33:56+00:00","og_image":[{"width":1000,"height":842,"url":"https:\/\/shop.bantam.ch\/wp-content\/uploads\/2023\/03\/995083411.jpg","type":"image\/jpeg"}],"twitter_card":"summary_large_image","twitter_misc":{"Gesch\u00e4tzte Lesezeit":"2\u00a0Minuten"},"schema":{"@context":"https:\/\/schema.org","@graph":[{"@type":"WebPage","@id":"https:\/\/shop.bantam.ch\/de\/produkt\/kompressorkuehlbox-mr040f\/","url":"https:\/\/shop.bantam.ch\/de\/produkt\/kompressorkuehlbox-mr040f\/","name":"Kompressork\u00fchlbox ENGEL MR040F 12 - 230 V 40 l Farbe grau - Bantam Camping AG","isPartOf":{"@id":"https:\/\/shop.bantam.ch\/de\/#website"},"primaryImageOfPage":{"@id":"https:\/\/shop.bantam.ch\/de\/produkt\/kompressorkuehlbox-mr040f\/#primaryimage"},"image":{"@id":"https:\/\/shop.bantam.ch\/de\/produkt\/kompressorkuehlbox-mr040f\/#primaryimage"},"thumbnailUrl":"https:\/\/shop.bantam.ch\/wp-content\/uploads\/2023\/03\/995083411.jpg","datePublished":"2023-03-23T15:33:58+00:00","dateModified":"2026-04-19T20:33:56+00:00","breadcrumb":{"@id":"https:\/\/shop.bantam.ch\/de\/produkt\/kompressorkuehlbox-mr040f\/#breadcrumb"},"inLanguage":"de","potentialAction":[{"@type":"ReadAction","target":["https:\/\/shop.bantam.ch\/de\/produkt\/kompressorkuehlbox-mr040f\/"]}]},{"@type":"ImageObject","inLanguage":"de","@id":"https:\/\/shop.bantam.ch\/de\/produkt\/kompressorkuehlbox-mr040f\/#primaryimage","url":"https:\/\/shop.bantam.ch\/wp-content\/uploads\/2023\/03\/995083411.jpg","contentUrl":"https:\/\/shop.bantam.ch\/wp-content\/uploads\/2023\/03\/995083411.jpg","width":1000,"height":842},{"@type":"BreadcrumbList","@id":"https:\/\/shop.bantam.ch\/de\/produkt\/kompressorkuehlbox-mr040f\/#breadcrumb","itemListElement":[{"@type":"ListItem","position":1,"name":"Accueil","item":"https:\/\/shop.bantam.ch\/de\/"},{"@type":"ListItem","position":2,"name":"Shop","item":"https:\/\/shop.bantam.ch\/de\/shop\/"},{"@type":"ListItem","position":3,"name":"Kompressork\u00fchlbox ENGEL MR040F 12 &#8211; 230 V 40 l Farbe grau"}]},{"@type":"WebSite","@id":"https:\/\/shop.bantam.ch\/de\/#website","url":"https:\/\/shop.bantam.ch\/de\/","name":"Bantam Camping AG","description":"","publisher":{"@id":"https:\/\/shop.bantam.ch\/de\/#organization"},"inLanguage":"de"},{"@type":"Organization","@id":"https:\/\/shop.bantam.ch\/de\/#organization","name":"Bantam Camping AG","url":"https:\/\/shop.bantam.ch\/de\/","logo":{"@type":"ImageObject","inLanguage":"de","@id":"https:\/\/shop.bantam.ch\/de\/#\/schema\/logo\/image\/","url":"https:\/\/shop.bantam.ch\/wp-content\/uploads\/2022\/12\/bantam-logo.png","contentUrl":"https:\/\/shop.bantam.ch\/wp-content\/uploads\/2022\/12\/bantam-logo.png","width":320,"height":71,"caption":"Bantam Camping AG"},"image":{"@id":"https:\/\/shop.bantam.ch\/de\/#\/schema\/logo\/image\/"}}]}},"_links":{"self":[{"href":"https:\/\/shop.bantam.ch\/de\/wp-json\/wp\/v2\/product\/159064","targetHints":{"allow":["GET"]}}],"collection":[{"href":"https:\/\/shop.bantam.ch\/de\/wp-json\/wp\/v2\/product"}],"about":[{"href":"https:\/\/shop.bantam.ch\/de\/wp-json\/wp\/v2\/types\/product"}],"wp:featuredmedia":[{"embeddable":true,"href":"https:\/\/shop.bantam.ch\/de\/wp-json\/wp\/v2\/media\/159062"}],"wp:attachment":[{"href":"https:\/\/shop.bantam.ch\/de\/wp-json\/wp\/v2\/media?parent=159064"}],"wp:term":[{"taxonomy":"product_featured_cat","embeddable":true,"href":"https:\/\/shop.bantam.ch\/de\/wp-json\/wp\/v2\/product_featured_cat?post=159064"},{"taxonomy":"product_brand","embeddable":true,"href":"https:\/\/shop.bantam.ch\/de\/wp-json\/wp\/v2\/product_brand?post=159064"},{"taxonomy":"product_cat","embeddable":true,"href":"https:\/\/shop.bantam.ch\/de\/wp-json\/wp\/v2\/product_cat?post=159064"},{"taxonomy":"product_tag","embeddable":true,"href":"https:\/\/shop.bantam.ch\/de\/wp-json\/wp\/v2\/product_tag?post=159064"}],"curies":[{"name":"wp","href":"https:\/\/api.w.org\/{rel}","templated":true}]}}