{"id":158872,"date":"2023-03-23T16:30:35","date_gmt":"2023-03-23T15:30:35","guid":{"rendered":"https:\/\/shop.bantam.ch\/produit\/diebstahlsicherung-compact-winterhoff-ws-3000\/"},"modified":"2026-04-18T22:29:42","modified_gmt":"2026-04-18T20:29:42","slug":"diebstahlsicherung-compact-winterhoff-ws-3000","status":"publish","type":"product","link":"https:\/\/shop.bantam.ch\/de\/produkt\/diebstahlsicherung-compact-winterhoff-ws-3000\/","title":{"rendered":"Diebstahlsicherung Compact Winterhoff WS 3000"},"content":{"rendered":"<p>Diese Kupplungssperre z\u00e4hlt zu den st\u00e4rksten und gleichzeitig zu den kompaktesten Modellen, die je entwickelt wurden. Der Schwerlast-Spezialstahl in Verbindung mit dem st\u00e4rksten Schlie\u00dfmechanismus, der jemals f\u00fcr ein solches Produkt verwendet wurde, machen diese Kupplungssperre extrem widerstandsf\u00e4hig bei Angriffen. Das Modell ist gepr\u00fcft und zugelassen entsprechend den Standards der Qualit\u00e4tssiegel SCM MP03.<\/p>\n<p>Lieferumfang:<br \/>Sicherheitsmuttern<br \/>Hochsicherheitsschloss<br \/>3 Schl\u00fcssel aus Edelstahl<br \/>Tragetasche<\/p>\n","protected":false},"excerpt":{"rendered":"<p>Diese Kupplungssperre z\u00e4hlt zu den st\u00e4rksten und gleichzeitig zu den kompaktesten Modellen, die je entwickelt wurden. Der Schwerlast-Spezialstahl in Verbindung mit dem st\u00e4rksten Schlie\u00dfmechanismus, der jemals f\u00fcr ein solches Produkt verwendet wurde, machen diese Kupplungssperre extrem widerstandsf\u00e4hig bei Angriffen. Das Modell ist gepr\u00fcft und zugelassen entsprechend den Standards der Qualit\u00e4tssiegel SCM MP03. Lieferumfang:SicherheitsmutternHochsicherheitsschloss3 Schl\u00fcssel aus [&hellip;]<\/p>\n","protected":false},"featured_media":158868,"template":"","meta":{"_acf_changed":false},"product_featured_cat":[],"product_brand":[3143],"product_cat":[4796],"product_tag":[],"class_list":{"0":"post-158872","1":"product","2":"type-product","3":"status-publish","4":"has-post-thumbnail","6":"product_brand-milenco-de","7":"product_cat-anhaengerkupplungen","9":"first","10":"instock","11":"taxable","12":"shipping-taxable","13":"purchasable","14":"product-type-simple"},"acf":[],"yoast_head":"<!-- This site is optimized with the Yoast SEO plugin v27.4 - https:\/\/yoast.com\/product\/yoast-seo-wordpress\/ -->\n<title>Diebstahlsicherung Compact Winterhoff WS 3000 - Bantam Camping AG<\/title>\n<meta name=\"robots\" content=\"index, follow, max-snippet:-1, max-image-preview:large, max-video-preview:-1\" \/>\n<link rel=\"canonical\" href=\"https:\/\/shop.bantam.ch\/de\/produkt\/diebstahlsicherung-compact-winterhoff-ws-3000\/\" \/>\n<meta property=\"og:locale\" content=\"de_DE\" \/>\n<meta property=\"og:type\" content=\"article\" \/>\n<meta property=\"og:title\" content=\"Diebstahlsicherung Compact Winterhoff WS 3000 - Bantam Camping AG\" \/>\n<meta property=\"og:description\" content=\"Diese Kupplungssperre z\u00e4hlt zu den st\u00e4rksten und gleichzeitig zu den kompaktesten Modellen, die je entwickelt wurden. Der Schwerlast-Spezialstahl in Verbindung mit dem st\u00e4rksten Schlie\u00dfmechanismus, der jemals f\u00fcr ein solches Produkt verwendet wurde, machen diese Kupplungssperre extrem widerstandsf\u00e4hig bei Angriffen. Das Modell ist gepr\u00fcft und zugelassen entsprechend den Standards der Qualit\u00e4tssiegel SCM MP03. Lieferumfang:SicherheitsmutternHochsicherheitsschloss3 Schl\u00fcssel aus [&hellip;]\" \/>\n<meta property=\"og:url\" content=\"https:\/\/shop.bantam.ch\/de\/produkt\/diebstahlsicherung-compact-winterhoff-ws-3000\/\" \/>\n<meta property=\"og:site_name\" content=\"Bantam Camping AG\" \/>\n<meta property=\"article:modified_time\" content=\"2026-04-18T20:29:42+00:00\" \/>\n<meta property=\"og:image\" content=\"https:\/\/shop.bantam.ch\/wp-content\/uploads\/2023\/03\/994158611.jpg\" \/>\n\t<meta property=\"og:image:width\" content=\"1000\" \/>\n\t<meta property=\"og:image:height\" content=\"750\" \/>\n\t<meta property=\"og:image:type\" content=\"image\/jpeg\" \/>\n<meta name=\"twitter:card\" content=\"summary_large_image\" \/>\n<script type=\"application\/ld+json\" class=\"yoast-schema-graph\">{\"@context\":\"https:\\\/\\\/schema.org\",\"@graph\":[{\"@type\":\"WebPage\",\"@id\":\"https:\\\/\\\/shop.bantam.ch\\\/de\\\/produkt\\\/diebstahlsicherung-compact-winterhoff-ws-3000\\\/\",\"url\":\"https:\\\/\\\/shop.bantam.ch\\\/de\\\/produkt\\\/diebstahlsicherung-compact-winterhoff-ws-3000\\\/\",\"name\":\"Diebstahlsicherung Compact Winterhoff WS 3000 - Bantam Camping AG\",\"isPartOf\":{\"@id\":\"https:\\\/\\\/shop.bantam.ch\\\/de\\\/#website\"},\"primaryImageOfPage\":{\"@id\":\"https:\\\/\\\/shop.bantam.ch\\\/de\\\/produkt\\\/diebstahlsicherung-compact-winterhoff-ws-3000\\\/#primaryimage\"},\"image\":{\"@id\":\"https:\\\/\\\/shop.bantam.ch\\\/de\\\/produkt\\\/diebstahlsicherung-compact-winterhoff-ws-3000\\\/#primaryimage\"},\"thumbnailUrl\":\"https:\\\/\\\/shop.bantam.ch\\\/wp-content\\\/uploads\\\/2023\\\/03\\\/994158611.jpg\",\"datePublished\":\"2023-03-23T15:30:35+00:00\",\"dateModified\":\"2026-04-18T20:29:42+00:00\",\"breadcrumb\":{\"@id\":\"https:\\\/\\\/shop.bantam.ch\\\/de\\\/produkt\\\/diebstahlsicherung-compact-winterhoff-ws-3000\\\/#breadcrumb\"},\"inLanguage\":\"de\",\"potentialAction\":[{\"@type\":\"ReadAction\",\"target\":[\"https:\\\/\\\/shop.bantam.ch\\\/de\\\/produkt\\\/diebstahlsicherung-compact-winterhoff-ws-3000\\\/\"]}]},{\"@type\":\"ImageObject\",\"inLanguage\":\"de\",\"@id\":\"https:\\\/\\\/shop.bantam.ch\\\/de\\\/produkt\\\/diebstahlsicherung-compact-winterhoff-ws-3000\\\/#primaryimage\",\"url\":\"https:\\\/\\\/shop.bantam.ch\\\/wp-content\\\/uploads\\\/2023\\\/03\\\/994158611.jpg\",\"contentUrl\":\"https:\\\/\\\/shop.bantam.ch\\\/wp-content\\\/uploads\\\/2023\\\/03\\\/994158611.jpg\",\"width\":1000,\"height\":750},{\"@type\":\"BreadcrumbList\",\"@id\":\"https:\\\/\\\/shop.bantam.ch\\\/de\\\/produkt\\\/diebstahlsicherung-compact-winterhoff-ws-3000\\\/#breadcrumb\",\"itemListElement\":[{\"@type\":\"ListItem\",\"position\":1,\"name\":\"Accueil\",\"item\":\"https:\\\/\\\/shop.bantam.ch\\\/de\\\/\"},{\"@type\":\"ListItem\",\"position\":2,\"name\":\"Shop\",\"item\":\"https:\\\/\\\/shop.bantam.ch\\\/de\\\/shop\\\/\"},{\"@type\":\"ListItem\",\"position\":3,\"name\":\"Diebstahlsicherung Compact Winterhoff WS 3000\"}]},{\"@type\":\"WebSite\",\"@id\":\"https:\\\/\\\/shop.bantam.ch\\\/de\\\/#website\",\"url\":\"https:\\\/\\\/shop.bantam.ch\\\/de\\\/\",\"name\":\"Bantam Camping AG\",\"description\":\"\",\"publisher\":{\"@id\":\"https:\\\/\\\/shop.bantam.ch\\\/de\\\/#organization\"},\"inLanguage\":\"de\"},{\"@type\":\"Organization\",\"@id\":\"https:\\\/\\\/shop.bantam.ch\\\/de\\\/#organization\",\"name\":\"Bantam Camping AG\",\"url\":\"https:\\\/\\\/shop.bantam.ch\\\/de\\\/\",\"logo\":{\"@type\":\"ImageObject\",\"inLanguage\":\"de\",\"@id\":\"https:\\\/\\\/shop.bantam.ch\\\/de\\\/#\\\/schema\\\/logo\\\/image\\\/\",\"url\":\"https:\\\/\\\/shop.bantam.ch\\\/wp-content\\\/uploads\\\/2022\\\/12\\\/bantam-logo.png\",\"contentUrl\":\"https:\\\/\\\/shop.bantam.ch\\\/wp-content\\\/uploads\\\/2022\\\/12\\\/bantam-logo.png\",\"width\":320,\"height\":71,\"caption\":\"Bantam Camping AG\"},\"image\":{\"@id\":\"https:\\\/\\\/shop.bantam.ch\\\/de\\\/#\\\/schema\\\/logo\\\/image\\\/\"}}]}<\/script>\n<!-- \/ Yoast SEO plugin. -->","yoast_head_json":{"title":"Diebstahlsicherung Compact Winterhoff WS 3000 - Bantam Camping AG","robots":{"index":"index","follow":"follow","max-snippet":"max-snippet:-1","max-image-preview":"max-image-preview:large","max-video-preview":"max-video-preview:-1"},"canonical":"https:\/\/shop.bantam.ch\/de\/produkt\/diebstahlsicherung-compact-winterhoff-ws-3000\/","og_locale":"de_DE","og_type":"article","og_title":"Diebstahlsicherung Compact Winterhoff WS 3000 - Bantam Camping AG","og_description":"Diese Kupplungssperre z\u00e4hlt zu den st\u00e4rksten und gleichzeitig zu den kompaktesten Modellen, die je entwickelt wurden. Der Schwerlast-Spezialstahl in Verbindung mit dem st\u00e4rksten Schlie\u00dfmechanismus, der jemals f\u00fcr ein solches Produkt verwendet wurde, machen diese Kupplungssperre extrem widerstandsf\u00e4hig bei Angriffen. Das Modell ist gepr\u00fcft und zugelassen entsprechend den Standards der Qualit\u00e4tssiegel SCM MP03. Lieferumfang:SicherheitsmutternHochsicherheitsschloss3 Schl\u00fcssel aus [&hellip;]","og_url":"https:\/\/shop.bantam.ch\/de\/produkt\/diebstahlsicherung-compact-winterhoff-ws-3000\/","og_site_name":"Bantam Camping AG","article_modified_time":"2026-04-18T20:29:42+00:00","og_image":[{"width":1000,"height":750,"url":"https:\/\/shop.bantam.ch\/wp-content\/uploads\/2023\/03\/994158611.jpg","type":"image\/jpeg"}],"twitter_card":"summary_large_image","schema":{"@context":"https:\/\/schema.org","@graph":[{"@type":"WebPage","@id":"https:\/\/shop.bantam.ch\/de\/produkt\/diebstahlsicherung-compact-winterhoff-ws-3000\/","url":"https:\/\/shop.bantam.ch\/de\/produkt\/diebstahlsicherung-compact-winterhoff-ws-3000\/","name":"Diebstahlsicherung Compact Winterhoff WS 3000 - Bantam Camping AG","isPartOf":{"@id":"https:\/\/shop.bantam.ch\/de\/#website"},"primaryImageOfPage":{"@id":"https:\/\/shop.bantam.ch\/de\/produkt\/diebstahlsicherung-compact-winterhoff-ws-3000\/#primaryimage"},"image":{"@id":"https:\/\/shop.bantam.ch\/de\/produkt\/diebstahlsicherung-compact-winterhoff-ws-3000\/#primaryimage"},"thumbnailUrl":"https:\/\/shop.bantam.ch\/wp-content\/uploads\/2023\/03\/994158611.jpg","datePublished":"2023-03-23T15:30:35+00:00","dateModified":"2026-04-18T20:29:42+00:00","breadcrumb":{"@id":"https:\/\/shop.bantam.ch\/de\/produkt\/diebstahlsicherung-compact-winterhoff-ws-3000\/#breadcrumb"},"inLanguage":"de","potentialAction":[{"@type":"ReadAction","target":["https:\/\/shop.bantam.ch\/de\/produkt\/diebstahlsicherung-compact-winterhoff-ws-3000\/"]}]},{"@type":"ImageObject","inLanguage":"de","@id":"https:\/\/shop.bantam.ch\/de\/produkt\/diebstahlsicherung-compact-winterhoff-ws-3000\/#primaryimage","url":"https:\/\/shop.bantam.ch\/wp-content\/uploads\/2023\/03\/994158611.jpg","contentUrl":"https:\/\/shop.bantam.ch\/wp-content\/uploads\/2023\/03\/994158611.jpg","width":1000,"height":750},{"@type":"BreadcrumbList","@id":"https:\/\/shop.bantam.ch\/de\/produkt\/diebstahlsicherung-compact-winterhoff-ws-3000\/#breadcrumb","itemListElement":[{"@type":"ListItem","position":1,"name":"Accueil","item":"https:\/\/shop.bantam.ch\/de\/"},{"@type":"ListItem","position":2,"name":"Shop","item":"https:\/\/shop.bantam.ch\/de\/shop\/"},{"@type":"ListItem","position":3,"name":"Diebstahlsicherung Compact Winterhoff WS 3000"}]},{"@type":"WebSite","@id":"https:\/\/shop.bantam.ch\/de\/#website","url":"https:\/\/shop.bantam.ch\/de\/","name":"Bantam Camping AG","description":"","publisher":{"@id":"https:\/\/shop.bantam.ch\/de\/#organization"},"inLanguage":"de"},{"@type":"Organization","@id":"https:\/\/shop.bantam.ch\/de\/#organization","name":"Bantam Camping AG","url":"https:\/\/shop.bantam.ch\/de\/","logo":{"@type":"ImageObject","inLanguage":"de","@id":"https:\/\/shop.bantam.ch\/de\/#\/schema\/logo\/image\/","url":"https:\/\/shop.bantam.ch\/wp-content\/uploads\/2022\/12\/bantam-logo.png","contentUrl":"https:\/\/shop.bantam.ch\/wp-content\/uploads\/2022\/12\/bantam-logo.png","width":320,"height":71,"caption":"Bantam Camping AG"},"image":{"@id":"https:\/\/shop.bantam.ch\/de\/#\/schema\/logo\/image\/"}}]}},"_links":{"self":[{"href":"https:\/\/shop.bantam.ch\/de\/wp-json\/wp\/v2\/product\/158872","targetHints":{"allow":["GET"]}}],"collection":[{"href":"https:\/\/shop.bantam.ch\/de\/wp-json\/wp\/v2\/product"}],"about":[{"href":"https:\/\/shop.bantam.ch\/de\/wp-json\/wp\/v2\/types\/product"}],"wp:featuredmedia":[{"embeddable":true,"href":"https:\/\/shop.bantam.ch\/de\/wp-json\/wp\/v2\/media\/158868"}],"wp:attachment":[{"href":"https:\/\/shop.bantam.ch\/de\/wp-json\/wp\/v2\/media?parent=158872"}],"wp:term":[{"taxonomy":"product_featured_cat","embeddable":true,"href":"https:\/\/shop.bantam.ch\/de\/wp-json\/wp\/v2\/product_featured_cat?post=158872"},{"taxonomy":"product_brand","embeddable":true,"href":"https:\/\/shop.bantam.ch\/de\/wp-json\/wp\/v2\/product_brand?post=158872"},{"taxonomy":"product_cat","embeddable":true,"href":"https:\/\/shop.bantam.ch\/de\/wp-json\/wp\/v2\/product_cat?post=158872"},{"taxonomy":"product_tag","embeddable":true,"href":"https:\/\/shop.bantam.ch\/de\/wp-json\/wp\/v2\/product_tag?post=158872"}],"curies":[{"name":"wp","href":"https:\/\/api.w.org\/{rel}","templated":true}]}}