{"id":158866,"date":"2023-03-23T16:30:28","date_gmt":"2023-03-23T15:30:28","guid":{"rendered":"https:\/\/shop.bantam.ch\/produit\/cassettentoilette-c-402-x-rechts-ohne-tuere-weiss\/"},"modified":"2026-04-18T22:29:35","modified_gmt":"2026-04-18T20:29:35","slug":"cassettentoilette-c-402-x-rechts-ohne-tuere-weiss","status":"publish","type":"product","link":"https:\/\/shop.bantam.ch\/de\/produkt\/cassettentoilette-c-402-x-rechts-ohne-tuere-weiss\/","title":{"rendered":"Cassettentoilette C 402 X rechts ohne T\u00fcre, wei\u00df"},"content":{"rendered":"<p>Diese Baureihe hat verschiedene einzigartige Eigenschaften, einschlie\u00dflich einem F\u00e4kalientank mit R\u00e4dern und einem einklappbaren Handgriff, was die Handhabung vereinfacht. Au\u00dferdem ist der Funktionsmechanismus im F\u00e4kalientank herausnehmbar. Dadurch kann der Tank von innen leicht gereinigt und gepflegt werden, weil eine durchdachte F\u00fcllstandanzeige den F\u00fcllstand im F\u00e4kalientank bzw. im Sp\u00fclwassertank zeigt.<\/p>\n<p>Vorteile<\/p>\n<ul>\n<li>Optimale Platzausnutzung<\/li>\n<li>Leichter, hochwertiger Kunststoff<\/li>\n<li>Langlebig, Benutzer- und Wartungsfreundlich<\/li>\n<li>Leistungsstarkes Sp\u00fclsystem<\/li>\n<\/ul>\n","protected":false},"excerpt":{"rendered":"<p>Diese Baureihe hat verschiedene einzigartige Eigenschaften, einschlie\u00dflich einem F\u00e4kalientank mit R\u00e4dern und einem einklappbaren Handgriff, was die Handhabung vereinfacht. Au\u00dferdem ist der Funktionsmechanismus im F\u00e4kalientank herausnehmbar. Dadurch kann der Tank von innen leicht gereinigt und gepflegt werden, weil eine durchdachte F\u00fcllstandanzeige den F\u00fcllstand im F\u00e4kalientank bzw. im Sp\u00fclwassertank zeigt. Vorteile Optimale Platzausnutzung Leichter, hochwertiger Kunststoff [&hellip;]<\/p>\n","protected":false},"featured_media":158862,"template":"","meta":{"_acf_changed":false},"product_featured_cat":[],"product_brand":[3067],"product_cat":[4106],"product_tag":[],"class_list":{"0":"post-158866","1":"product","2":"type-product","3":"status-publish","4":"has-post-thumbnail","6":"product_brand-thetford-de","7":"product_cat-campingtoiletten","9":"first","10":"instock","11":"taxable","12":"shipping-taxable","13":"purchasable","14":"product-type-simple"},"acf":[],"yoast_head":"<!-- This site is optimized with the Yoast SEO plugin v27.4 - https:\/\/yoast.com\/product\/yoast-seo-wordpress\/ -->\n<title>Cassettentoilette C 402 X rechts ohne T\u00fcre, wei\u00df - Bantam Camping AG<\/title>\n<meta name=\"robots\" content=\"index, follow, max-snippet:-1, max-image-preview:large, max-video-preview:-1\" \/>\n<link rel=\"canonical\" href=\"https:\/\/shop.bantam.ch\/de\/produkt\/cassettentoilette-c-402-x-rechts-ohne-tuere-weiss\/\" \/>\n<meta property=\"og:locale\" content=\"de_DE\" \/>\n<meta property=\"og:type\" content=\"article\" \/>\n<meta property=\"og:title\" content=\"Cassettentoilette C 402 X rechts ohne T\u00fcre, wei\u00df - Bantam Camping AG\" \/>\n<meta property=\"og:description\" content=\"Diese Baureihe hat verschiedene einzigartige Eigenschaften, einschlie\u00dflich einem F\u00e4kalientank mit R\u00e4dern und einem einklappbaren Handgriff, was die Handhabung vereinfacht. Au\u00dferdem ist der Funktionsmechanismus im F\u00e4kalientank herausnehmbar. Dadurch kann der Tank von innen leicht gereinigt und gepflegt werden, weil eine durchdachte F\u00fcllstandanzeige den F\u00fcllstand im F\u00e4kalientank bzw. im Sp\u00fclwassertank zeigt. Vorteile Optimale Platzausnutzung Leichter, hochwertiger Kunststoff [&hellip;]\" \/>\n<meta property=\"og:url\" content=\"https:\/\/shop.bantam.ch\/de\/produkt\/cassettentoilette-c-402-x-rechts-ohne-tuere-weiss\/\" \/>\n<meta property=\"og:site_name\" content=\"Bantam Camping AG\" \/>\n<meta property=\"article:modified_time\" content=\"2026-04-18T20:29:35+00:00\" \/>\n<meta property=\"og:image\" content=\"https:\/\/shop.bantam.ch\/wp-content\/uploads\/2023\/03\/993156811.jpg\" \/>\n\t<meta property=\"og:image:width\" content=\"1000\" \/>\n\t<meta property=\"og:image:height\" content=\"1000\" \/>\n\t<meta property=\"og:image:type\" content=\"image\/jpeg\" \/>\n<meta name=\"twitter:card\" content=\"summary_large_image\" \/>\n<script type=\"application\/ld+json\" class=\"yoast-schema-graph\">{\"@context\":\"https:\\\/\\\/schema.org\",\"@graph\":[{\"@type\":\"WebPage\",\"@id\":\"https:\\\/\\\/shop.bantam.ch\\\/de\\\/produkt\\\/cassettentoilette-c-402-x-rechts-ohne-tuere-weiss\\\/\",\"url\":\"https:\\\/\\\/shop.bantam.ch\\\/de\\\/produkt\\\/cassettentoilette-c-402-x-rechts-ohne-tuere-weiss\\\/\",\"name\":\"Cassettentoilette C 402 X rechts ohne T\u00fcre, wei\u00df - Bantam Camping AG\",\"isPartOf\":{\"@id\":\"https:\\\/\\\/shop.bantam.ch\\\/de\\\/#website\"},\"primaryImageOfPage\":{\"@id\":\"https:\\\/\\\/shop.bantam.ch\\\/de\\\/produkt\\\/cassettentoilette-c-402-x-rechts-ohne-tuere-weiss\\\/#primaryimage\"},\"image\":{\"@id\":\"https:\\\/\\\/shop.bantam.ch\\\/de\\\/produkt\\\/cassettentoilette-c-402-x-rechts-ohne-tuere-weiss\\\/#primaryimage\"},\"thumbnailUrl\":\"https:\\\/\\\/shop.bantam.ch\\\/wp-content\\\/uploads\\\/2023\\\/03\\\/993156811.jpg\",\"datePublished\":\"2023-03-23T15:30:28+00:00\",\"dateModified\":\"2026-04-18T20:29:35+00:00\",\"breadcrumb\":{\"@id\":\"https:\\\/\\\/shop.bantam.ch\\\/de\\\/produkt\\\/cassettentoilette-c-402-x-rechts-ohne-tuere-weiss\\\/#breadcrumb\"},\"inLanguage\":\"de\",\"potentialAction\":[{\"@type\":\"ReadAction\",\"target\":[\"https:\\\/\\\/shop.bantam.ch\\\/de\\\/produkt\\\/cassettentoilette-c-402-x-rechts-ohne-tuere-weiss\\\/\"]}]},{\"@type\":\"ImageObject\",\"inLanguage\":\"de\",\"@id\":\"https:\\\/\\\/shop.bantam.ch\\\/de\\\/produkt\\\/cassettentoilette-c-402-x-rechts-ohne-tuere-weiss\\\/#primaryimage\",\"url\":\"https:\\\/\\\/shop.bantam.ch\\\/wp-content\\\/uploads\\\/2023\\\/03\\\/993156811.jpg\",\"contentUrl\":\"https:\\\/\\\/shop.bantam.ch\\\/wp-content\\\/uploads\\\/2023\\\/03\\\/993156811.jpg\",\"width\":1000,\"height\":1000},{\"@type\":\"BreadcrumbList\",\"@id\":\"https:\\\/\\\/shop.bantam.ch\\\/de\\\/produkt\\\/cassettentoilette-c-402-x-rechts-ohne-tuere-weiss\\\/#breadcrumb\",\"itemListElement\":[{\"@type\":\"ListItem\",\"position\":1,\"name\":\"Accueil\",\"item\":\"https:\\\/\\\/shop.bantam.ch\\\/de\\\/\"},{\"@type\":\"ListItem\",\"position\":2,\"name\":\"Shop\",\"item\":\"https:\\\/\\\/shop.bantam.ch\\\/de\\\/shop\\\/\"},{\"@type\":\"ListItem\",\"position\":3,\"name\":\"Cassettentoilette C 402 X rechts ohne T\u00fcre, wei\u00df\"}]},{\"@type\":\"WebSite\",\"@id\":\"https:\\\/\\\/shop.bantam.ch\\\/de\\\/#website\",\"url\":\"https:\\\/\\\/shop.bantam.ch\\\/de\\\/\",\"name\":\"Bantam Camping AG\",\"description\":\"\",\"publisher\":{\"@id\":\"https:\\\/\\\/shop.bantam.ch\\\/de\\\/#organization\"},\"inLanguage\":\"de\"},{\"@type\":\"Organization\",\"@id\":\"https:\\\/\\\/shop.bantam.ch\\\/de\\\/#organization\",\"name\":\"Bantam Camping AG\",\"url\":\"https:\\\/\\\/shop.bantam.ch\\\/de\\\/\",\"logo\":{\"@type\":\"ImageObject\",\"inLanguage\":\"de\",\"@id\":\"https:\\\/\\\/shop.bantam.ch\\\/de\\\/#\\\/schema\\\/logo\\\/image\\\/\",\"url\":\"https:\\\/\\\/shop.bantam.ch\\\/wp-content\\\/uploads\\\/2022\\\/12\\\/bantam-logo.png\",\"contentUrl\":\"https:\\\/\\\/shop.bantam.ch\\\/wp-content\\\/uploads\\\/2022\\\/12\\\/bantam-logo.png\",\"width\":320,\"height\":71,\"caption\":\"Bantam Camping AG\"},\"image\":{\"@id\":\"https:\\\/\\\/shop.bantam.ch\\\/de\\\/#\\\/schema\\\/logo\\\/image\\\/\"}}]}<\/script>\n<!-- \/ Yoast SEO plugin. -->","yoast_head_json":{"title":"Cassettentoilette C 402 X rechts ohne T\u00fcre, wei\u00df - Bantam Camping AG","robots":{"index":"index","follow":"follow","max-snippet":"max-snippet:-1","max-image-preview":"max-image-preview:large","max-video-preview":"max-video-preview:-1"},"canonical":"https:\/\/shop.bantam.ch\/de\/produkt\/cassettentoilette-c-402-x-rechts-ohne-tuere-weiss\/","og_locale":"de_DE","og_type":"article","og_title":"Cassettentoilette C 402 X rechts ohne T\u00fcre, wei\u00df - Bantam Camping AG","og_description":"Diese Baureihe hat verschiedene einzigartige Eigenschaften, einschlie\u00dflich einem F\u00e4kalientank mit R\u00e4dern und einem einklappbaren Handgriff, was die Handhabung vereinfacht. Au\u00dferdem ist der Funktionsmechanismus im F\u00e4kalientank herausnehmbar. Dadurch kann der Tank von innen leicht gereinigt und gepflegt werden, weil eine durchdachte F\u00fcllstandanzeige den F\u00fcllstand im F\u00e4kalientank bzw. im Sp\u00fclwassertank zeigt. Vorteile Optimale Platzausnutzung Leichter, hochwertiger Kunststoff [&hellip;]","og_url":"https:\/\/shop.bantam.ch\/de\/produkt\/cassettentoilette-c-402-x-rechts-ohne-tuere-weiss\/","og_site_name":"Bantam Camping AG","article_modified_time":"2026-04-18T20:29:35+00:00","og_image":[{"width":1000,"height":1000,"url":"https:\/\/shop.bantam.ch\/wp-content\/uploads\/2023\/03\/993156811.jpg","type":"image\/jpeg"}],"twitter_card":"summary_large_image","schema":{"@context":"https:\/\/schema.org","@graph":[{"@type":"WebPage","@id":"https:\/\/shop.bantam.ch\/de\/produkt\/cassettentoilette-c-402-x-rechts-ohne-tuere-weiss\/","url":"https:\/\/shop.bantam.ch\/de\/produkt\/cassettentoilette-c-402-x-rechts-ohne-tuere-weiss\/","name":"Cassettentoilette C 402 X rechts ohne T\u00fcre, wei\u00df - Bantam Camping AG","isPartOf":{"@id":"https:\/\/shop.bantam.ch\/de\/#website"},"primaryImageOfPage":{"@id":"https:\/\/shop.bantam.ch\/de\/produkt\/cassettentoilette-c-402-x-rechts-ohne-tuere-weiss\/#primaryimage"},"image":{"@id":"https:\/\/shop.bantam.ch\/de\/produkt\/cassettentoilette-c-402-x-rechts-ohne-tuere-weiss\/#primaryimage"},"thumbnailUrl":"https:\/\/shop.bantam.ch\/wp-content\/uploads\/2023\/03\/993156811.jpg","datePublished":"2023-03-23T15:30:28+00:00","dateModified":"2026-04-18T20:29:35+00:00","breadcrumb":{"@id":"https:\/\/shop.bantam.ch\/de\/produkt\/cassettentoilette-c-402-x-rechts-ohne-tuere-weiss\/#breadcrumb"},"inLanguage":"de","potentialAction":[{"@type":"ReadAction","target":["https:\/\/shop.bantam.ch\/de\/produkt\/cassettentoilette-c-402-x-rechts-ohne-tuere-weiss\/"]}]},{"@type":"ImageObject","inLanguage":"de","@id":"https:\/\/shop.bantam.ch\/de\/produkt\/cassettentoilette-c-402-x-rechts-ohne-tuere-weiss\/#primaryimage","url":"https:\/\/shop.bantam.ch\/wp-content\/uploads\/2023\/03\/993156811.jpg","contentUrl":"https:\/\/shop.bantam.ch\/wp-content\/uploads\/2023\/03\/993156811.jpg","width":1000,"height":1000},{"@type":"BreadcrumbList","@id":"https:\/\/shop.bantam.ch\/de\/produkt\/cassettentoilette-c-402-x-rechts-ohne-tuere-weiss\/#breadcrumb","itemListElement":[{"@type":"ListItem","position":1,"name":"Accueil","item":"https:\/\/shop.bantam.ch\/de\/"},{"@type":"ListItem","position":2,"name":"Shop","item":"https:\/\/shop.bantam.ch\/de\/shop\/"},{"@type":"ListItem","position":3,"name":"Cassettentoilette C 402 X rechts ohne T\u00fcre, wei\u00df"}]},{"@type":"WebSite","@id":"https:\/\/shop.bantam.ch\/de\/#website","url":"https:\/\/shop.bantam.ch\/de\/","name":"Bantam Camping AG","description":"","publisher":{"@id":"https:\/\/shop.bantam.ch\/de\/#organization"},"inLanguage":"de"},{"@type":"Organization","@id":"https:\/\/shop.bantam.ch\/de\/#organization","name":"Bantam Camping AG","url":"https:\/\/shop.bantam.ch\/de\/","logo":{"@type":"ImageObject","inLanguage":"de","@id":"https:\/\/shop.bantam.ch\/de\/#\/schema\/logo\/image\/","url":"https:\/\/shop.bantam.ch\/wp-content\/uploads\/2022\/12\/bantam-logo.png","contentUrl":"https:\/\/shop.bantam.ch\/wp-content\/uploads\/2022\/12\/bantam-logo.png","width":320,"height":71,"caption":"Bantam Camping AG"},"image":{"@id":"https:\/\/shop.bantam.ch\/de\/#\/schema\/logo\/image\/"}}]}},"_links":{"self":[{"href":"https:\/\/shop.bantam.ch\/de\/wp-json\/wp\/v2\/product\/158866","targetHints":{"allow":["GET"]}}],"collection":[{"href":"https:\/\/shop.bantam.ch\/de\/wp-json\/wp\/v2\/product"}],"about":[{"href":"https:\/\/shop.bantam.ch\/de\/wp-json\/wp\/v2\/types\/product"}],"wp:featuredmedia":[{"embeddable":true,"href":"https:\/\/shop.bantam.ch\/de\/wp-json\/wp\/v2\/media\/158862"}],"wp:attachment":[{"href":"https:\/\/shop.bantam.ch\/de\/wp-json\/wp\/v2\/media?parent=158866"}],"wp:term":[{"taxonomy":"product_featured_cat","embeddable":true,"href":"https:\/\/shop.bantam.ch\/de\/wp-json\/wp\/v2\/product_featured_cat?post=158866"},{"taxonomy":"product_brand","embeddable":true,"href":"https:\/\/shop.bantam.ch\/de\/wp-json\/wp\/v2\/product_brand?post=158866"},{"taxonomy":"product_cat","embeddable":true,"href":"https:\/\/shop.bantam.ch\/de\/wp-json\/wp\/v2\/product_cat?post=158866"},{"taxonomy":"product_tag","embeddable":true,"href":"https:\/\/shop.bantam.ch\/de\/wp-json\/wp\/v2\/product_tag?post=158866"}],"curies":[{"name":"wp","href":"https:\/\/api.w.org\/{rel}","templated":true}]}}