{"id":158852,"date":"2023-03-23T16:30:14","date_gmt":"2023-03-23T15:30:14","guid":{"rendered":"https:\/\/shop.bantam.ch\/produit\/anti-marderspray\/"},"modified":"2026-05-01T22:24:43","modified_gmt":"2026-05-01T20:24:43","slug":"anti-marderspray","status":"publish","type":"product","link":"https:\/\/shop.bantam.ch\/de\/produkt\/anti-marderspray\/","title":{"rendered":"STOP+GO Konzentriertes Abwehrspray 200 ml"},"content":{"rendered":"<p class=\"MsoNormal\"><span lang=\"DE-CH\">Hochwirksames<br \/>\nDuftkonzentrat mit vielseitigen Einsatzm\u00f6glichkeiten, mit Langzeitwirkung.\u00a0<\/span><span lang=\"DE-CH\">Das Duftkonzentrat wird punktuell auf die mitgelieferten,<br \/>\nselbstklebenden Duftspeicher gespr\u00fcht. Es ist kein <\/span>&lt;!&#8211;[if gte vml 1]&gt;<\/p>\n<p>&lt;![endif]&#8211;&gt;&lt;!&#8211;[if !vml]&#8211;&gt;<img decoding=\"async\" width=\"205\" height=\"201\" src=\"\/Users\/BAN001\/AppData\/Local\/Temp\/msohtmlclip1\/01\/clip_image002.jpg\" align=\"right\" hspace=\"12\" alt=\"STOP+GO Marderabwehr-Spraykonzentrat\">&lt;!&#8211;[endif]&#8211;&gt;<span lang=\"DE-CH\">gro\u00dffl\u00e4chiges<br \/>\nEinspr\u00fchen aller gef\u00e4hrdeten Teile notwendig. Durch monatliches Auff\u00fcllen der<br \/>\nDuftspeicher wird eine zuverl\u00e4ssige Langzeitwirkung erreicht.\u00a0<\/span><span lang=\"DE-CH\">Universell einsetzbar in Auto, Haus, Garten oder Carport.\u00a0<\/span><span lang=\"DE-CH\">Ideal auch zur\u00a0 Unterst\u00fctzung anderer Marderabwehrma\u00dfnahmen.\u00a0<\/span><span lang=\"DE-CH\">Vorteile:\u00a0<\/span><span lang=\"DE-CH\">&#8211; Hochwirksames Konzentrat mit\u00a0 Langzeitwirkung\u00a0<\/span><span lang=\"DE-CH\">&#8211; Reicht bis zu 2 Jahre\u00a0<\/span><span lang=\"DE-CH\">&#8211; Auch geeignet f\u00fcr Parkplatz, Garage, Scheune oder Dachboden<\/span><span lang=\"DE-CH\"><\/span><\/p>\n<ul>\n<\/ul>\n<p>\u00a0<\/p>\n","protected":false},"excerpt":{"rendered":"<p>Hochwirksames Duftkonzentrat mit vielseitigen Einsatzm\u00f6glichkeiten, mit Langzeitwirkung.\u00a0Das Duftkonzentrat wird punktuell auf die mitgelieferten, selbstklebenden Duftspeicher gespr\u00fcht. Es ist kein &lt;!&#8211;[if gte vml 1]&gt; &lt;![endif]&#8211;&gt;&lt;!&#8211;[if !vml]&#8211;&gt;&lt;!&#8211;[endif]&#8211;&gt;gro\u00dffl\u00e4chiges Einspr\u00fchen aller gef\u00e4hrdeten Teile notwendig. Durch monatliches Auff\u00fcllen der Duftspeicher wird eine zuverl\u00e4ssige Langzeitwirkung erreicht.\u00a0Universell einsetzbar in Auto, Haus, Garten oder Carport.\u00a0Ideal auch zur\u00a0 Unterst\u00fctzung anderer Marderabwehrma\u00dfnahmen.\u00a0Vorteile:\u00a0&#8211; Hochwirksames Konzentrat mit\u00a0 [&hellip;]<\/p>\n","protected":false},"featured_media":158850,"template":"","meta":{"_acf_changed":false},"product_featured_cat":[],"product_brand":[3471],"product_cat":[5056],"product_tag":[],"class_list":{"0":"post-158852","1":"product","2":"type-product","3":"status-publish","4":"has-post-thumbnail","6":"product_brand-marder-stop-go-de","7":"product_cat-marderschutz","9":"first","10":"instock","11":"taxable","12":"shipping-taxable","13":"purchasable","14":"product-type-simple"},"acf":[],"yoast_head":"<!-- This site is optimized with the Yoast SEO plugin v27.5 - https:\/\/yoast.com\/product\/yoast-seo-wordpress\/ -->\n<title>STOP+GO Konzentriertes Abwehrspray 200 ml - Bantam<\/title>\n<meta name=\"robots\" content=\"index, follow, max-snippet:-1, max-image-preview:large, max-video-preview:-1\" \/>\n<link rel=\"canonical\" href=\"https:\/\/shop.bantam.ch\/de\/produkt\/anti-marderspray\/\" \/>\n<meta property=\"og:locale\" content=\"de_DE\" \/>\n<meta property=\"og:type\" content=\"article\" \/>\n<meta property=\"og:title\" content=\"STOP+GO Konzentriertes Abwehrspray 200 ml - Bantam\" \/>\n<meta property=\"og:description\" content=\"Hochwirksames Duftkonzentrat mit vielseitigen Einsatzm\u00f6glichkeiten, mit Langzeitwirkung.\u00a0Das Duftkonzentrat wird punktuell auf die mitgelieferten, selbstklebenden Duftspeicher gespr\u00fcht. Es ist kein &lt;!&#8211;[if gte vml 1]&gt; &lt;![endif]&#8211;&gt;&lt;!&#8211;[if !vml]&#8211;&gt;&lt;!&#8211;[endif]&#8211;&gt;gro\u00dffl\u00e4chiges Einspr\u00fchen aller gef\u00e4hrdeten Teile notwendig. Durch monatliches Auff\u00fcllen der Duftspeicher wird eine zuverl\u00e4ssige Langzeitwirkung erreicht.\u00a0Universell einsetzbar in Auto, Haus, Garten oder Carport.\u00a0Ideal auch zur\u00a0 Unterst\u00fctzung anderer Marderabwehrma\u00dfnahmen.\u00a0Vorteile:\u00a0&#8211; Hochwirksames Konzentrat mit\u00a0 [&hellip;]\" \/>\n<meta property=\"og:url\" content=\"https:\/\/shop.bantam.ch\/de\/produkt\/anti-marderspray\/\" \/>\n<meta property=\"og:site_name\" content=\"Bantam\" \/>\n<meta property=\"article:modified_time\" content=\"2026-05-01T20:24:43+00:00\" \/>\n<meta property=\"og:image\" content=\"https:\/\/shop.bantam.ch\/wp-content\/uploads\/2023\/03\/9941484111Y072oz3qnEr6.jpg\" \/>\n\t<meta property=\"og:image:width\" content=\"500\" \/>\n\t<meta property=\"og:image:height\" content=\"477\" \/>\n\t<meta property=\"og:image:type\" content=\"image\/jpeg\" \/>\n<meta name=\"twitter:card\" content=\"summary_large_image\" \/>\n<meta name=\"twitter:label1\" content=\"Gesch\u00e4tzte Lesezeit\" \/>\n\t<meta name=\"twitter:data1\" content=\"1\u00a0Minute\" \/>\n<script type=\"application\/ld+json\" class=\"yoast-schema-graph\">{\"@context\":\"https:\\\/\\\/schema.org\",\"@graph\":[{\"@type\":\"WebPage\",\"@id\":\"https:\\\/\\\/shop.bantam.ch\\\/de\\\/produkt\\\/anti-marderspray\\\/\",\"url\":\"https:\\\/\\\/shop.bantam.ch\\\/de\\\/produkt\\\/anti-marderspray\\\/\",\"name\":\"STOP+GO Konzentriertes Abwehrspray 200 ml - Bantam\",\"isPartOf\":{\"@id\":\"https:\\\/\\\/shop.bantam.ch\\\/de\\\/#website\"},\"primaryImageOfPage\":{\"@id\":\"https:\\\/\\\/shop.bantam.ch\\\/de\\\/produkt\\\/anti-marderspray\\\/#primaryimage\"},\"image\":{\"@id\":\"https:\\\/\\\/shop.bantam.ch\\\/de\\\/produkt\\\/anti-marderspray\\\/#primaryimage\"},\"thumbnailUrl\":\"https:\\\/\\\/shop.bantam.ch\\\/wp-content\\\/uploads\\\/2023\\\/03\\\/9941484111Y072oz3qnEr6.jpg\",\"datePublished\":\"2023-03-23T15:30:14+00:00\",\"dateModified\":\"2026-05-01T20:24:43+00:00\",\"breadcrumb\":{\"@id\":\"https:\\\/\\\/shop.bantam.ch\\\/de\\\/produkt\\\/anti-marderspray\\\/#breadcrumb\"},\"inLanguage\":\"de\",\"potentialAction\":[{\"@type\":\"ReadAction\",\"target\":[\"https:\\\/\\\/shop.bantam.ch\\\/de\\\/produkt\\\/anti-marderspray\\\/\"]}]},{\"@type\":\"ImageObject\",\"inLanguage\":\"de\",\"@id\":\"https:\\\/\\\/shop.bantam.ch\\\/de\\\/produkt\\\/anti-marderspray\\\/#primaryimage\",\"url\":\"https:\\\/\\\/shop.bantam.ch\\\/wp-content\\\/uploads\\\/2023\\\/03\\\/9941484111Y072oz3qnEr6.jpg\",\"contentUrl\":\"https:\\\/\\\/shop.bantam.ch\\\/wp-content\\\/uploads\\\/2023\\\/03\\\/9941484111Y072oz3qnEr6.jpg\",\"width\":500,\"height\":477},{\"@type\":\"BreadcrumbList\",\"@id\":\"https:\\\/\\\/shop.bantam.ch\\\/de\\\/produkt\\\/anti-marderspray\\\/#breadcrumb\",\"itemListElement\":[{\"@type\":\"ListItem\",\"position\":1,\"name\":\"Accueil\",\"item\":\"https:\\\/\\\/shop.bantam.ch\\\/de\\\/\"},{\"@type\":\"ListItem\",\"position\":2,\"name\":\"Shop\",\"item\":\"https:\\\/\\\/shop.bantam.ch\\\/de\\\/shop\\\/\"},{\"@type\":\"ListItem\",\"position\":3,\"name\":\"STOP+GO Konzentriertes Abwehrspray 200 ml\"}]},{\"@type\":\"WebSite\",\"@id\":\"https:\\\/\\\/shop.bantam.ch\\\/de\\\/#website\",\"url\":\"https:\\\/\\\/shop.bantam.ch\\\/de\\\/\",\"name\":\"Bantam\",\"description\":\"\",\"publisher\":{\"@id\":\"https:\\\/\\\/shop.bantam.ch\\\/de\\\/#organization\"},\"inLanguage\":\"de\"},{\"@type\":\"Organization\",\"@id\":\"https:\\\/\\\/shop.bantam.ch\\\/de\\\/#organization\",\"name\":\"Bantam\",\"url\":\"https:\\\/\\\/shop.bantam.ch\\\/de\\\/\",\"logo\":{\"@type\":\"ImageObject\",\"inLanguage\":\"de\",\"@id\":\"https:\\\/\\\/shop.bantam.ch\\\/de\\\/#\\\/schema\\\/logo\\\/image\\\/\",\"url\":\"https:\\\/\\\/shop.bantam.ch\\\/wp-content\\\/uploads\\\/2022\\\/12\\\/bantam-logo.png\",\"contentUrl\":\"https:\\\/\\\/shop.bantam.ch\\\/wp-content\\\/uploads\\\/2022\\\/12\\\/bantam-logo.png\",\"width\":320,\"height\":71,\"caption\":\"Bantam\"},\"image\":{\"@id\":\"https:\\\/\\\/shop.bantam.ch\\\/de\\\/#\\\/schema\\\/logo\\\/image\\\/\"}}]}<\/script>\n<!-- \/ Yoast SEO plugin. -->","yoast_head_json":{"title":"STOP+GO Konzentriertes Abwehrspray 200 ml - Bantam","robots":{"index":"index","follow":"follow","max-snippet":"max-snippet:-1","max-image-preview":"max-image-preview:large","max-video-preview":"max-video-preview:-1"},"canonical":"https:\/\/shop.bantam.ch\/de\/produkt\/anti-marderspray\/","og_locale":"de_DE","og_type":"article","og_title":"STOP+GO Konzentriertes Abwehrspray 200 ml - Bantam","og_description":"Hochwirksames Duftkonzentrat mit vielseitigen Einsatzm\u00f6glichkeiten, mit Langzeitwirkung.\u00a0Das Duftkonzentrat wird punktuell auf die mitgelieferten, selbstklebenden Duftspeicher gespr\u00fcht. Es ist kein &lt;!&#8211;[if gte vml 1]&gt; &lt;![endif]&#8211;&gt;&lt;!&#8211;[if !vml]&#8211;&gt;&lt;!&#8211;[endif]&#8211;&gt;gro\u00dffl\u00e4chiges Einspr\u00fchen aller gef\u00e4hrdeten Teile notwendig. Durch monatliches Auff\u00fcllen der Duftspeicher wird eine zuverl\u00e4ssige Langzeitwirkung erreicht.\u00a0Universell einsetzbar in Auto, Haus, Garten oder Carport.\u00a0Ideal auch zur\u00a0 Unterst\u00fctzung anderer Marderabwehrma\u00dfnahmen.\u00a0Vorteile:\u00a0&#8211; Hochwirksames Konzentrat mit\u00a0 [&hellip;]","og_url":"https:\/\/shop.bantam.ch\/de\/produkt\/anti-marderspray\/","og_site_name":"Bantam","article_modified_time":"2026-05-01T20:24:43+00:00","og_image":[{"width":500,"height":477,"url":"https:\/\/shop.bantam.ch\/wp-content\/uploads\/2023\/03\/9941484111Y072oz3qnEr6.jpg","type":"image\/jpeg"}],"twitter_card":"summary_large_image","twitter_misc":{"Gesch\u00e4tzte Lesezeit":"1\u00a0Minute"},"schema":{"@context":"https:\/\/schema.org","@graph":[{"@type":"WebPage","@id":"https:\/\/shop.bantam.ch\/de\/produkt\/anti-marderspray\/","url":"https:\/\/shop.bantam.ch\/de\/produkt\/anti-marderspray\/","name":"STOP+GO Konzentriertes Abwehrspray 200 ml - Bantam","isPartOf":{"@id":"https:\/\/shop.bantam.ch\/de\/#website"},"primaryImageOfPage":{"@id":"https:\/\/shop.bantam.ch\/de\/produkt\/anti-marderspray\/#primaryimage"},"image":{"@id":"https:\/\/shop.bantam.ch\/de\/produkt\/anti-marderspray\/#primaryimage"},"thumbnailUrl":"https:\/\/shop.bantam.ch\/wp-content\/uploads\/2023\/03\/9941484111Y072oz3qnEr6.jpg","datePublished":"2023-03-23T15:30:14+00:00","dateModified":"2026-05-01T20:24:43+00:00","breadcrumb":{"@id":"https:\/\/shop.bantam.ch\/de\/produkt\/anti-marderspray\/#breadcrumb"},"inLanguage":"de","potentialAction":[{"@type":"ReadAction","target":["https:\/\/shop.bantam.ch\/de\/produkt\/anti-marderspray\/"]}]},{"@type":"ImageObject","inLanguage":"de","@id":"https:\/\/shop.bantam.ch\/de\/produkt\/anti-marderspray\/#primaryimage","url":"https:\/\/shop.bantam.ch\/wp-content\/uploads\/2023\/03\/9941484111Y072oz3qnEr6.jpg","contentUrl":"https:\/\/shop.bantam.ch\/wp-content\/uploads\/2023\/03\/9941484111Y072oz3qnEr6.jpg","width":500,"height":477},{"@type":"BreadcrumbList","@id":"https:\/\/shop.bantam.ch\/de\/produkt\/anti-marderspray\/#breadcrumb","itemListElement":[{"@type":"ListItem","position":1,"name":"Accueil","item":"https:\/\/shop.bantam.ch\/de\/"},{"@type":"ListItem","position":2,"name":"Shop","item":"https:\/\/shop.bantam.ch\/de\/shop\/"},{"@type":"ListItem","position":3,"name":"STOP+GO Konzentriertes Abwehrspray 200 ml"}]},{"@type":"WebSite","@id":"https:\/\/shop.bantam.ch\/de\/#website","url":"https:\/\/shop.bantam.ch\/de\/","name":"Bantam","description":"","publisher":{"@id":"https:\/\/shop.bantam.ch\/de\/#organization"},"inLanguage":"de"},{"@type":"Organization","@id":"https:\/\/shop.bantam.ch\/de\/#organization","name":"Bantam","url":"https:\/\/shop.bantam.ch\/de\/","logo":{"@type":"ImageObject","inLanguage":"de","@id":"https:\/\/shop.bantam.ch\/de\/#\/schema\/logo\/image\/","url":"https:\/\/shop.bantam.ch\/wp-content\/uploads\/2022\/12\/bantam-logo.png","contentUrl":"https:\/\/shop.bantam.ch\/wp-content\/uploads\/2022\/12\/bantam-logo.png","width":320,"height":71,"caption":"Bantam"},"image":{"@id":"https:\/\/shop.bantam.ch\/de\/#\/schema\/logo\/image\/"}}]}},"_links":{"self":[{"href":"https:\/\/shop.bantam.ch\/de\/wp-json\/wp\/v2\/product\/158852","targetHints":{"allow":["GET"]}}],"collection":[{"href":"https:\/\/shop.bantam.ch\/de\/wp-json\/wp\/v2\/product"}],"about":[{"href":"https:\/\/shop.bantam.ch\/de\/wp-json\/wp\/v2\/types\/product"}],"wp:featuredmedia":[{"embeddable":true,"href":"https:\/\/shop.bantam.ch\/de\/wp-json\/wp\/v2\/media\/158850"}],"wp:attachment":[{"href":"https:\/\/shop.bantam.ch\/de\/wp-json\/wp\/v2\/media?parent=158852"}],"wp:term":[{"taxonomy":"product_featured_cat","embeddable":true,"href":"https:\/\/shop.bantam.ch\/de\/wp-json\/wp\/v2\/product_featured_cat?post=158852"},{"taxonomy":"product_brand","embeddable":true,"href":"https:\/\/shop.bantam.ch\/de\/wp-json\/wp\/v2\/product_brand?post=158852"},{"taxonomy":"product_cat","embeddable":true,"href":"https:\/\/shop.bantam.ch\/de\/wp-json\/wp\/v2\/product_cat?post=158852"},{"taxonomy":"product_tag","embeddable":true,"href":"https:\/\/shop.bantam.ch\/de\/wp-json\/wp\/v2\/product_tag?post=158852"}],"curies":[{"name":"wp","href":"https:\/\/api.w.org\/{rel}","templated":true}]}}