{"id":158848,"date":"2023-03-23T16:30:10","date_gmt":"2023-03-23T15:30:10","guid":{"rendered":"https:\/\/shop.bantam.ch\/produit\/duftscheibe\/"},"modified":"2026-05-01T22:24:36","modified_gmt":"2026-05-01T20:24:36","slug":"duftscheibe","status":"publish","type":"product","link":"https:\/\/shop.bantam.ch\/de\/produkt\/duftscheibe\/","title":{"rendered":"STOP+GO Duftscheibe"},"content":{"rendered":"<p class=\"MsoNormal\"><span lang=\"DE-CH\">Ein Duftkonzentrat auf<br \/>\nTierfettbasis, das nach \u201egef\u00e4hrlichem Feind\u201c riecht.\u00a0<\/span><span lang=\"DE-CH\">Eine gro\u00dfe Verdunstungsfl\u00e4che sorgt f\u00fcr intensive Duftabgabe. Einfach in<br \/>\nden Motorraum h\u00e4ngen. Es ist keine Montage n\u00f6tig, der praktische Haken macht<br \/>\ndas Anbringen kinderleicht.\u00a0<\/span><span lang=\"DE-CH\">Lange Wirksamkeit (mind. 6 Monate). Die Lasche zu Notieren des<br \/>\nVerfallsdatums erinnert an rechtzeitiges Erneuern.\u00a0<\/span><span lang=\"DE-CH\">&#8211; Riecht nach gef\u00e4hrlichem Feind\u00a0<\/span><span lang=\"DE-CH\">&#8211; Mindestens 6 Monate wirksam\u00a0<\/span><span lang=\"DE-CH\">&#8211; Keine Montage n\u00f6tig\u00a0<\/span><span lang=\"DE-CH\">&#8211; Unge\u00f6ffnet ca. 3 Jahre lagerf\u00e4hig\u00a0<\/span><span lang=\"DE-CH\">&#8211; Lasche mit Verfallsdatum f\u00fcr rechtzeitiges Erneuern<\/span><\/p>\n<ul>\n<\/ul>\n<p>\u00a0<\/p>\n","protected":false},"excerpt":{"rendered":"<p>Ein Duftkonzentrat auf Tierfettbasis, das nach \u201egef\u00e4hrlichem Feind\u201c riecht.\u00a0Eine gro\u00dfe Verdunstungsfl\u00e4che sorgt f\u00fcr intensive Duftabgabe. Einfach in den Motorraum h\u00e4ngen. Es ist keine Montage n\u00f6tig, der praktische Haken macht das Anbringen kinderleicht.\u00a0Lange Wirksamkeit (mind. 6 Monate). Die Lasche zu Notieren des Verfallsdatums erinnert an rechtzeitiges Erneuern.\u00a0&#8211; Riecht nach gef\u00e4hrlichem Feind\u00a0&#8211; Mindestens 6 Monate wirksam\u00a0&#8211; Keine [&hellip;]<\/p>\n","protected":false},"featured_media":158846,"template":"","meta":{"_acf_changed":false},"product_featured_cat":[],"product_brand":[3471],"product_cat":[5056],"product_tag":[],"class_list":{"0":"post-158848","1":"product","2":"type-product","3":"status-publish","4":"has-post-thumbnail","6":"product_brand-marder-stop-go-de","7":"product_cat-marderschutz","9":"first","10":"instock","11":"taxable","12":"shipping-taxable","13":"purchasable","14":"product-type-simple"},"acf":[],"yoast_head":"<!-- This site is optimized with the Yoast SEO plugin v27.5 - https:\/\/yoast.com\/product\/yoast-seo-wordpress\/ -->\n<title>STOP+GO Duftscheibe - Bantam<\/title>\n<meta name=\"robots\" content=\"index, follow, max-snippet:-1, max-image-preview:large, max-video-preview:-1\" \/>\n<link rel=\"canonical\" href=\"https:\/\/shop.bantam.ch\/de\/produkt\/duftscheibe\/\" \/>\n<meta property=\"og:locale\" content=\"de_DE\" \/>\n<meta property=\"og:type\" content=\"article\" \/>\n<meta property=\"og:title\" content=\"STOP+GO Duftscheibe - Bantam\" \/>\n<meta property=\"og:description\" content=\"Ein Duftkonzentrat auf Tierfettbasis, das nach \u201egef\u00e4hrlichem Feind\u201c riecht.\u00a0Eine gro\u00dfe Verdunstungsfl\u00e4che sorgt f\u00fcr intensive Duftabgabe. Einfach in den Motorraum h\u00e4ngen. Es ist keine Montage n\u00f6tig, der praktische Haken macht das Anbringen kinderleicht.\u00a0Lange Wirksamkeit (mind. 6 Monate). Die Lasche zu Notieren des Verfallsdatums erinnert an rechtzeitiges Erneuern.\u00a0&#8211; Riecht nach gef\u00e4hrlichem Feind\u00a0&#8211; Mindestens 6 Monate wirksam\u00a0&#8211; Keine [&hellip;]\" \/>\n<meta property=\"og:url\" content=\"https:\/\/shop.bantam.ch\/de\/produkt\/duftscheibe\/\" \/>\n<meta property=\"og:site_name\" content=\"Bantam\" \/>\n<meta property=\"article:modified_time\" content=\"2026-05-01T20:24:36+00:00\" \/>\n<meta property=\"og:image\" content=\"https:\/\/shop.bantam.ch\/wp-content\/uploads\/2023\/03\/994148311.jpg\" \/>\n\t<meta property=\"og:image:width\" content=\"1000\" \/>\n\t<meta property=\"og:image:height\" content=\"1000\" \/>\n\t<meta property=\"og:image:type\" content=\"image\/jpeg\" \/>\n<meta name=\"twitter:card\" content=\"summary_large_image\" \/>\n<script type=\"application\/ld+json\" class=\"yoast-schema-graph\">{\"@context\":\"https:\\\/\\\/schema.org\",\"@graph\":[{\"@type\":\"WebPage\",\"@id\":\"https:\\\/\\\/shop.bantam.ch\\\/de\\\/produkt\\\/duftscheibe\\\/\",\"url\":\"https:\\\/\\\/shop.bantam.ch\\\/de\\\/produkt\\\/duftscheibe\\\/\",\"name\":\"STOP+GO Duftscheibe - Bantam\",\"isPartOf\":{\"@id\":\"https:\\\/\\\/shop.bantam.ch\\\/de\\\/#website\"},\"primaryImageOfPage\":{\"@id\":\"https:\\\/\\\/shop.bantam.ch\\\/de\\\/produkt\\\/duftscheibe\\\/#primaryimage\"},\"image\":{\"@id\":\"https:\\\/\\\/shop.bantam.ch\\\/de\\\/produkt\\\/duftscheibe\\\/#primaryimage\"},\"thumbnailUrl\":\"https:\\\/\\\/shop.bantam.ch\\\/wp-content\\\/uploads\\\/2023\\\/03\\\/994148311.jpg\",\"datePublished\":\"2023-03-23T15:30:10+00:00\",\"dateModified\":\"2026-05-01T20:24:36+00:00\",\"breadcrumb\":{\"@id\":\"https:\\\/\\\/shop.bantam.ch\\\/de\\\/produkt\\\/duftscheibe\\\/#breadcrumb\"},\"inLanguage\":\"de\",\"potentialAction\":[{\"@type\":\"ReadAction\",\"target\":[\"https:\\\/\\\/shop.bantam.ch\\\/de\\\/produkt\\\/duftscheibe\\\/\"]}]},{\"@type\":\"ImageObject\",\"inLanguage\":\"de\",\"@id\":\"https:\\\/\\\/shop.bantam.ch\\\/de\\\/produkt\\\/duftscheibe\\\/#primaryimage\",\"url\":\"https:\\\/\\\/shop.bantam.ch\\\/wp-content\\\/uploads\\\/2023\\\/03\\\/994148311.jpg\",\"contentUrl\":\"https:\\\/\\\/shop.bantam.ch\\\/wp-content\\\/uploads\\\/2023\\\/03\\\/994148311.jpg\",\"width\":1000,\"height\":1000},{\"@type\":\"BreadcrumbList\",\"@id\":\"https:\\\/\\\/shop.bantam.ch\\\/de\\\/produkt\\\/duftscheibe\\\/#breadcrumb\",\"itemListElement\":[{\"@type\":\"ListItem\",\"position\":1,\"name\":\"Accueil\",\"item\":\"https:\\\/\\\/shop.bantam.ch\\\/de\\\/\"},{\"@type\":\"ListItem\",\"position\":2,\"name\":\"Shop\",\"item\":\"https:\\\/\\\/shop.bantam.ch\\\/de\\\/shop\\\/\"},{\"@type\":\"ListItem\",\"position\":3,\"name\":\"STOP+GO Duftscheibe\"}]},{\"@type\":\"WebSite\",\"@id\":\"https:\\\/\\\/shop.bantam.ch\\\/de\\\/#website\",\"url\":\"https:\\\/\\\/shop.bantam.ch\\\/de\\\/\",\"name\":\"Bantam\",\"description\":\"\",\"publisher\":{\"@id\":\"https:\\\/\\\/shop.bantam.ch\\\/de\\\/#organization\"},\"inLanguage\":\"de\"},{\"@type\":\"Organization\",\"@id\":\"https:\\\/\\\/shop.bantam.ch\\\/de\\\/#organization\",\"name\":\"Bantam\",\"url\":\"https:\\\/\\\/shop.bantam.ch\\\/de\\\/\",\"logo\":{\"@type\":\"ImageObject\",\"inLanguage\":\"de\",\"@id\":\"https:\\\/\\\/shop.bantam.ch\\\/de\\\/#\\\/schema\\\/logo\\\/image\\\/\",\"url\":\"https:\\\/\\\/shop.bantam.ch\\\/wp-content\\\/uploads\\\/2022\\\/12\\\/bantam-logo.png\",\"contentUrl\":\"https:\\\/\\\/shop.bantam.ch\\\/wp-content\\\/uploads\\\/2022\\\/12\\\/bantam-logo.png\",\"width\":320,\"height\":71,\"caption\":\"Bantam\"},\"image\":{\"@id\":\"https:\\\/\\\/shop.bantam.ch\\\/de\\\/#\\\/schema\\\/logo\\\/image\\\/\"}}]}<\/script>\n<!-- \/ Yoast SEO plugin. -->","yoast_head_json":{"title":"STOP+GO Duftscheibe - Bantam","robots":{"index":"index","follow":"follow","max-snippet":"max-snippet:-1","max-image-preview":"max-image-preview:large","max-video-preview":"max-video-preview:-1"},"canonical":"https:\/\/shop.bantam.ch\/de\/produkt\/duftscheibe\/","og_locale":"de_DE","og_type":"article","og_title":"STOP+GO Duftscheibe - Bantam","og_description":"Ein Duftkonzentrat auf Tierfettbasis, das nach \u201egef\u00e4hrlichem Feind\u201c riecht.\u00a0Eine gro\u00dfe Verdunstungsfl\u00e4che sorgt f\u00fcr intensive Duftabgabe. Einfach in den Motorraum h\u00e4ngen. Es ist keine Montage n\u00f6tig, der praktische Haken macht das Anbringen kinderleicht.\u00a0Lange Wirksamkeit (mind. 6 Monate). Die Lasche zu Notieren des Verfallsdatums erinnert an rechtzeitiges Erneuern.\u00a0&#8211; Riecht nach gef\u00e4hrlichem Feind\u00a0&#8211; Mindestens 6 Monate wirksam\u00a0&#8211; Keine [&hellip;]","og_url":"https:\/\/shop.bantam.ch\/de\/produkt\/duftscheibe\/","og_site_name":"Bantam","article_modified_time":"2026-05-01T20:24:36+00:00","og_image":[{"width":1000,"height":1000,"url":"https:\/\/shop.bantam.ch\/wp-content\/uploads\/2023\/03\/994148311.jpg","type":"image\/jpeg"}],"twitter_card":"summary_large_image","schema":{"@context":"https:\/\/schema.org","@graph":[{"@type":"WebPage","@id":"https:\/\/shop.bantam.ch\/de\/produkt\/duftscheibe\/","url":"https:\/\/shop.bantam.ch\/de\/produkt\/duftscheibe\/","name":"STOP+GO Duftscheibe - Bantam","isPartOf":{"@id":"https:\/\/shop.bantam.ch\/de\/#website"},"primaryImageOfPage":{"@id":"https:\/\/shop.bantam.ch\/de\/produkt\/duftscheibe\/#primaryimage"},"image":{"@id":"https:\/\/shop.bantam.ch\/de\/produkt\/duftscheibe\/#primaryimage"},"thumbnailUrl":"https:\/\/shop.bantam.ch\/wp-content\/uploads\/2023\/03\/994148311.jpg","datePublished":"2023-03-23T15:30:10+00:00","dateModified":"2026-05-01T20:24:36+00:00","breadcrumb":{"@id":"https:\/\/shop.bantam.ch\/de\/produkt\/duftscheibe\/#breadcrumb"},"inLanguage":"de","potentialAction":[{"@type":"ReadAction","target":["https:\/\/shop.bantam.ch\/de\/produkt\/duftscheibe\/"]}]},{"@type":"ImageObject","inLanguage":"de","@id":"https:\/\/shop.bantam.ch\/de\/produkt\/duftscheibe\/#primaryimage","url":"https:\/\/shop.bantam.ch\/wp-content\/uploads\/2023\/03\/994148311.jpg","contentUrl":"https:\/\/shop.bantam.ch\/wp-content\/uploads\/2023\/03\/994148311.jpg","width":1000,"height":1000},{"@type":"BreadcrumbList","@id":"https:\/\/shop.bantam.ch\/de\/produkt\/duftscheibe\/#breadcrumb","itemListElement":[{"@type":"ListItem","position":1,"name":"Accueil","item":"https:\/\/shop.bantam.ch\/de\/"},{"@type":"ListItem","position":2,"name":"Shop","item":"https:\/\/shop.bantam.ch\/de\/shop\/"},{"@type":"ListItem","position":3,"name":"STOP+GO Duftscheibe"}]},{"@type":"WebSite","@id":"https:\/\/shop.bantam.ch\/de\/#website","url":"https:\/\/shop.bantam.ch\/de\/","name":"Bantam","description":"","publisher":{"@id":"https:\/\/shop.bantam.ch\/de\/#organization"},"inLanguage":"de"},{"@type":"Organization","@id":"https:\/\/shop.bantam.ch\/de\/#organization","name":"Bantam","url":"https:\/\/shop.bantam.ch\/de\/","logo":{"@type":"ImageObject","inLanguage":"de","@id":"https:\/\/shop.bantam.ch\/de\/#\/schema\/logo\/image\/","url":"https:\/\/shop.bantam.ch\/wp-content\/uploads\/2022\/12\/bantam-logo.png","contentUrl":"https:\/\/shop.bantam.ch\/wp-content\/uploads\/2022\/12\/bantam-logo.png","width":320,"height":71,"caption":"Bantam"},"image":{"@id":"https:\/\/shop.bantam.ch\/de\/#\/schema\/logo\/image\/"}}]}},"_links":{"self":[{"href":"https:\/\/shop.bantam.ch\/de\/wp-json\/wp\/v2\/product\/158848","targetHints":{"allow":["GET"]}}],"collection":[{"href":"https:\/\/shop.bantam.ch\/de\/wp-json\/wp\/v2\/product"}],"about":[{"href":"https:\/\/shop.bantam.ch\/de\/wp-json\/wp\/v2\/types\/product"}],"wp:featuredmedia":[{"embeddable":true,"href":"https:\/\/shop.bantam.ch\/de\/wp-json\/wp\/v2\/media\/158846"}],"wp:attachment":[{"href":"https:\/\/shop.bantam.ch\/de\/wp-json\/wp\/v2\/media?parent=158848"}],"wp:term":[{"taxonomy":"product_featured_cat","embeddable":true,"href":"https:\/\/shop.bantam.ch\/de\/wp-json\/wp\/v2\/product_featured_cat?post=158848"},{"taxonomy":"product_brand","embeddable":true,"href":"https:\/\/shop.bantam.ch\/de\/wp-json\/wp\/v2\/product_brand?post=158848"},{"taxonomy":"product_cat","embeddable":true,"href":"https:\/\/shop.bantam.ch\/de\/wp-json\/wp\/v2\/product_cat?post=158848"},{"taxonomy":"product_tag","embeddable":true,"href":"https:\/\/shop.bantam.ch\/de\/wp-json\/wp\/v2\/product_tag?post=158848"}],"curies":[{"name":"wp","href":"https:\/\/api.w.org\/{rel}","templated":true}]}}