{"id":158812,"date":"2023-03-23T16:29:22","date_gmt":"2023-03-23T15:29:22","guid":{"rendered":"https:\/\/shop.bantam.ch\/produit\/wende-warntafel-italien-spanien\/"},"modified":"2026-04-17T22:27:54","modified_gmt":"2026-04-17T20:27:54","slug":"wende-warntafel-italien-spanien","status":"publish","type":"product","link":"https:\/\/shop.bantam.ch\/de\/produkt\/wende-warntafel-italien-spanien\/","title":{"rendered":"Wende-Warntafel Italien \/ Spanien"},"content":{"rendered":"<p>In Italien und Spanien m\u00fcssen \u00fcberstehende Ladungen an Fahrzeugen wie z.B. Fahrradtr\u00e4ger mit einer Warntafel gekennzeichnet werden. Mit dieser Warntafel haben Sie f\u00fcr beide L\u00e4nder immer die richtige Tafel dabei. Einfach drehen und Sie k\u00f6nnen die L\u00e4nder wechseln.<\/p>\n","protected":false},"excerpt":{"rendered":"<p>In Italien und Spanien m\u00fcssen \u00fcberstehende Ladungen an Fahrzeugen wie z.B. Fahrradtr\u00e4ger mit einer Warntafel gekennzeichnet werden. Mit dieser Warntafel haben Sie f\u00fcr beide L\u00e4nder immer die richtige Tafel dabei. Einfach drehen und Sie k\u00f6nnen die L\u00e4nder wechseln.<\/p>\n","protected":false},"featured_media":158810,"template":"","meta":{"_acf_changed":false},"product_featured_cat":[],"product_brand":[3179],"product_cat":[4698],"product_tag":[],"class_list":{"0":"post-158812","1":"product","2":"type-product","3":"status-publish","4":"has-post-thumbnail","6":"product_brand-h-a-b-a-de","7":"product_cat-fahrradtraeger-zubehoer","9":"first","10":"instock","11":"taxable","12":"shipping-taxable","13":"purchasable","14":"product-type-simple"},"acf":[],"yoast_head":"<!-- This site is optimized with the Yoast SEO plugin v27.4 - https:\/\/yoast.com\/product\/yoast-seo-wordpress\/ -->\n<title>Wende-Warntafel Italien \/ Spanien - Bantam Camping AG<\/title>\n<meta name=\"robots\" content=\"index, follow, max-snippet:-1, max-image-preview:large, max-video-preview:-1\" \/>\n<link rel=\"canonical\" href=\"https:\/\/shop.bantam.ch\/de\/produkt\/wende-warntafel-italien-spanien\/\" \/>\n<meta property=\"og:locale\" content=\"de_DE\" \/>\n<meta property=\"og:type\" content=\"article\" \/>\n<meta property=\"og:title\" content=\"Wende-Warntafel Italien \/ Spanien - Bantam Camping AG\" \/>\n<meta property=\"og:description\" content=\"In Italien und Spanien m\u00fcssen \u00fcberstehende Ladungen an Fahrzeugen wie z.B. Fahrradtr\u00e4ger mit einer Warntafel gekennzeichnet werden. Mit dieser Warntafel haben Sie f\u00fcr beide L\u00e4nder immer die richtige Tafel dabei. Einfach drehen und Sie k\u00f6nnen die L\u00e4nder wechseln.\" \/>\n<meta property=\"og:url\" content=\"https:\/\/shop.bantam.ch\/de\/produkt\/wende-warntafel-italien-spanien\/\" \/>\n<meta property=\"og:site_name\" content=\"Bantam Camping AG\" \/>\n<meta property=\"article:modified_time\" content=\"2026-04-17T20:27:54+00:00\" \/>\n<meta property=\"og:image\" content=\"https:\/\/shop.bantam.ch\/wp-content\/uploads\/2023\/03\/994135211.jpg\" \/>\n\t<meta property=\"og:image:width\" content=\"1000\" \/>\n\t<meta property=\"og:image:height\" content=\"667\" \/>\n\t<meta property=\"og:image:type\" content=\"image\/jpeg\" \/>\n<meta name=\"twitter:card\" content=\"summary_large_image\" \/>\n<script type=\"application\/ld+json\" class=\"yoast-schema-graph\">{\"@context\":\"https:\\\/\\\/schema.org\",\"@graph\":[{\"@type\":\"WebPage\",\"@id\":\"https:\\\/\\\/shop.bantam.ch\\\/de\\\/produkt\\\/wende-warntafel-italien-spanien\\\/\",\"url\":\"https:\\\/\\\/shop.bantam.ch\\\/de\\\/produkt\\\/wende-warntafel-italien-spanien\\\/\",\"name\":\"Wende-Warntafel Italien \\\/ Spanien - Bantam Camping AG\",\"isPartOf\":{\"@id\":\"https:\\\/\\\/shop.bantam.ch\\\/de\\\/#website\"},\"primaryImageOfPage\":{\"@id\":\"https:\\\/\\\/shop.bantam.ch\\\/de\\\/produkt\\\/wende-warntafel-italien-spanien\\\/#primaryimage\"},\"image\":{\"@id\":\"https:\\\/\\\/shop.bantam.ch\\\/de\\\/produkt\\\/wende-warntafel-italien-spanien\\\/#primaryimage\"},\"thumbnailUrl\":\"https:\\\/\\\/shop.bantam.ch\\\/wp-content\\\/uploads\\\/2023\\\/03\\\/994135211.jpg\",\"datePublished\":\"2023-03-23T15:29:22+00:00\",\"dateModified\":\"2026-04-17T20:27:54+00:00\",\"breadcrumb\":{\"@id\":\"https:\\\/\\\/shop.bantam.ch\\\/de\\\/produkt\\\/wende-warntafel-italien-spanien\\\/#breadcrumb\"},\"inLanguage\":\"de\",\"potentialAction\":[{\"@type\":\"ReadAction\",\"target\":[\"https:\\\/\\\/shop.bantam.ch\\\/de\\\/produkt\\\/wende-warntafel-italien-spanien\\\/\"]}]},{\"@type\":\"ImageObject\",\"inLanguage\":\"de\",\"@id\":\"https:\\\/\\\/shop.bantam.ch\\\/de\\\/produkt\\\/wende-warntafel-italien-spanien\\\/#primaryimage\",\"url\":\"https:\\\/\\\/shop.bantam.ch\\\/wp-content\\\/uploads\\\/2023\\\/03\\\/994135211.jpg\",\"contentUrl\":\"https:\\\/\\\/shop.bantam.ch\\\/wp-content\\\/uploads\\\/2023\\\/03\\\/994135211.jpg\",\"width\":1000,\"height\":667},{\"@type\":\"BreadcrumbList\",\"@id\":\"https:\\\/\\\/shop.bantam.ch\\\/de\\\/produkt\\\/wende-warntafel-italien-spanien\\\/#breadcrumb\",\"itemListElement\":[{\"@type\":\"ListItem\",\"position\":1,\"name\":\"Accueil\",\"item\":\"https:\\\/\\\/shop.bantam.ch\\\/de\\\/\"},{\"@type\":\"ListItem\",\"position\":2,\"name\":\"Shop\",\"item\":\"https:\\\/\\\/shop.bantam.ch\\\/de\\\/shop\\\/\"},{\"@type\":\"ListItem\",\"position\":3,\"name\":\"Wende-Warntafel Italien \\\/ Spanien\"}]},{\"@type\":\"WebSite\",\"@id\":\"https:\\\/\\\/shop.bantam.ch\\\/de\\\/#website\",\"url\":\"https:\\\/\\\/shop.bantam.ch\\\/de\\\/\",\"name\":\"Bantam Camping AG\",\"description\":\"\",\"publisher\":{\"@id\":\"https:\\\/\\\/shop.bantam.ch\\\/de\\\/#organization\"},\"inLanguage\":\"de\"},{\"@type\":\"Organization\",\"@id\":\"https:\\\/\\\/shop.bantam.ch\\\/de\\\/#organization\",\"name\":\"Bantam Camping AG\",\"url\":\"https:\\\/\\\/shop.bantam.ch\\\/de\\\/\",\"logo\":{\"@type\":\"ImageObject\",\"inLanguage\":\"de\",\"@id\":\"https:\\\/\\\/shop.bantam.ch\\\/de\\\/#\\\/schema\\\/logo\\\/image\\\/\",\"url\":\"https:\\\/\\\/shop.bantam.ch\\\/wp-content\\\/uploads\\\/2022\\\/12\\\/bantam-logo.png\",\"contentUrl\":\"https:\\\/\\\/shop.bantam.ch\\\/wp-content\\\/uploads\\\/2022\\\/12\\\/bantam-logo.png\",\"width\":320,\"height\":71,\"caption\":\"Bantam Camping AG\"},\"image\":{\"@id\":\"https:\\\/\\\/shop.bantam.ch\\\/de\\\/#\\\/schema\\\/logo\\\/image\\\/\"}}]}<\/script>\n<!-- \/ Yoast SEO plugin. -->","yoast_head_json":{"title":"Wende-Warntafel Italien \/ Spanien - Bantam Camping AG","robots":{"index":"index","follow":"follow","max-snippet":"max-snippet:-1","max-image-preview":"max-image-preview:large","max-video-preview":"max-video-preview:-1"},"canonical":"https:\/\/shop.bantam.ch\/de\/produkt\/wende-warntafel-italien-spanien\/","og_locale":"de_DE","og_type":"article","og_title":"Wende-Warntafel Italien \/ Spanien - Bantam Camping AG","og_description":"In Italien und Spanien m\u00fcssen \u00fcberstehende Ladungen an Fahrzeugen wie z.B. Fahrradtr\u00e4ger mit einer Warntafel gekennzeichnet werden. Mit dieser Warntafel haben Sie f\u00fcr beide L\u00e4nder immer die richtige Tafel dabei. Einfach drehen und Sie k\u00f6nnen die L\u00e4nder wechseln.","og_url":"https:\/\/shop.bantam.ch\/de\/produkt\/wende-warntafel-italien-spanien\/","og_site_name":"Bantam Camping AG","article_modified_time":"2026-04-17T20:27:54+00:00","og_image":[{"width":1000,"height":667,"url":"https:\/\/shop.bantam.ch\/wp-content\/uploads\/2023\/03\/994135211.jpg","type":"image\/jpeg"}],"twitter_card":"summary_large_image","schema":{"@context":"https:\/\/schema.org","@graph":[{"@type":"WebPage","@id":"https:\/\/shop.bantam.ch\/de\/produkt\/wende-warntafel-italien-spanien\/","url":"https:\/\/shop.bantam.ch\/de\/produkt\/wende-warntafel-italien-spanien\/","name":"Wende-Warntafel Italien \/ Spanien - Bantam Camping AG","isPartOf":{"@id":"https:\/\/shop.bantam.ch\/de\/#website"},"primaryImageOfPage":{"@id":"https:\/\/shop.bantam.ch\/de\/produkt\/wende-warntafel-italien-spanien\/#primaryimage"},"image":{"@id":"https:\/\/shop.bantam.ch\/de\/produkt\/wende-warntafel-italien-spanien\/#primaryimage"},"thumbnailUrl":"https:\/\/shop.bantam.ch\/wp-content\/uploads\/2023\/03\/994135211.jpg","datePublished":"2023-03-23T15:29:22+00:00","dateModified":"2026-04-17T20:27:54+00:00","breadcrumb":{"@id":"https:\/\/shop.bantam.ch\/de\/produkt\/wende-warntafel-italien-spanien\/#breadcrumb"},"inLanguage":"de","potentialAction":[{"@type":"ReadAction","target":["https:\/\/shop.bantam.ch\/de\/produkt\/wende-warntafel-italien-spanien\/"]}]},{"@type":"ImageObject","inLanguage":"de","@id":"https:\/\/shop.bantam.ch\/de\/produkt\/wende-warntafel-italien-spanien\/#primaryimage","url":"https:\/\/shop.bantam.ch\/wp-content\/uploads\/2023\/03\/994135211.jpg","contentUrl":"https:\/\/shop.bantam.ch\/wp-content\/uploads\/2023\/03\/994135211.jpg","width":1000,"height":667},{"@type":"BreadcrumbList","@id":"https:\/\/shop.bantam.ch\/de\/produkt\/wende-warntafel-italien-spanien\/#breadcrumb","itemListElement":[{"@type":"ListItem","position":1,"name":"Accueil","item":"https:\/\/shop.bantam.ch\/de\/"},{"@type":"ListItem","position":2,"name":"Shop","item":"https:\/\/shop.bantam.ch\/de\/shop\/"},{"@type":"ListItem","position":3,"name":"Wende-Warntafel Italien \/ Spanien"}]},{"@type":"WebSite","@id":"https:\/\/shop.bantam.ch\/de\/#website","url":"https:\/\/shop.bantam.ch\/de\/","name":"Bantam Camping AG","description":"","publisher":{"@id":"https:\/\/shop.bantam.ch\/de\/#organization"},"inLanguage":"de"},{"@type":"Organization","@id":"https:\/\/shop.bantam.ch\/de\/#organization","name":"Bantam Camping AG","url":"https:\/\/shop.bantam.ch\/de\/","logo":{"@type":"ImageObject","inLanguage":"de","@id":"https:\/\/shop.bantam.ch\/de\/#\/schema\/logo\/image\/","url":"https:\/\/shop.bantam.ch\/wp-content\/uploads\/2022\/12\/bantam-logo.png","contentUrl":"https:\/\/shop.bantam.ch\/wp-content\/uploads\/2022\/12\/bantam-logo.png","width":320,"height":71,"caption":"Bantam Camping AG"},"image":{"@id":"https:\/\/shop.bantam.ch\/de\/#\/schema\/logo\/image\/"}}]}},"_links":{"self":[{"href":"https:\/\/shop.bantam.ch\/de\/wp-json\/wp\/v2\/product\/158812","targetHints":{"allow":["GET"]}}],"collection":[{"href":"https:\/\/shop.bantam.ch\/de\/wp-json\/wp\/v2\/product"}],"about":[{"href":"https:\/\/shop.bantam.ch\/de\/wp-json\/wp\/v2\/types\/product"}],"wp:featuredmedia":[{"embeddable":true,"href":"https:\/\/shop.bantam.ch\/de\/wp-json\/wp\/v2\/media\/158810"}],"wp:attachment":[{"href":"https:\/\/shop.bantam.ch\/de\/wp-json\/wp\/v2\/media?parent=158812"}],"wp:term":[{"taxonomy":"product_featured_cat","embeddable":true,"href":"https:\/\/shop.bantam.ch\/de\/wp-json\/wp\/v2\/product_featured_cat?post=158812"},{"taxonomy":"product_brand","embeddable":true,"href":"https:\/\/shop.bantam.ch\/de\/wp-json\/wp\/v2\/product_brand?post=158812"},{"taxonomy":"product_cat","embeddable":true,"href":"https:\/\/shop.bantam.ch\/de\/wp-json\/wp\/v2\/product_cat?post=158812"},{"taxonomy":"product_tag","embeddable":true,"href":"https:\/\/shop.bantam.ch\/de\/wp-json\/wp\/v2\/product_tag?post=158812"}],"curies":[{"name":"wp","href":"https:\/\/api.w.org\/{rel}","templated":true}]}}