{"id":158808,"date":"2023-03-23T16:29:16","date_gmt":"2023-03-23T15:29:16","guid":{"rendered":"https:\/\/shop.bantam.ch\/produit\/set-levelcontrol-und-inet-box\/"},"modified":"2026-04-18T22:29:18","modified_gmt":"2026-04-18T20:29:18","slug":"set-levelcontrol-und-inet-box","status":"publish","type":"product","link":"https:\/\/shop.bantam.ch\/de\/produkt\/set-levelcontrol-und-inet-box\/","title":{"rendered":"Set LevelControl und iNet-Box"},"content":{"rendered":"<p>LevelControl:<br \/>Der Truma LevelControl misst mittels Ultraschall, wie viel Gas sich in der Flasche befindet. Das Ger\u00e4t \u00fcbertr\u00e4gt die Daten per Bluetooth an die Truma iNet Box und diese auf das Tablet oder Smartphone Ihrer Kunden. In der Truma App erhalten sie bequem einen \u00dcberblick \u00fcber ihren Gasf\u00fcllstand und die verbleibende Restlaufzeit. Kunden binden den LevelControl einfach als ideale Erweiterung in das bestehende iNet System ein.<\/p>\n<p>Nun kann der Kunde den Gasvorrat bequem \u00fcber die Truma App abfragen. Das funktioniert im Fahrzeug oder in der N\u00e4he per Bluetooth und per SMS von unterwegs &#8211; und zwar so pr\u00e4zise wie nie zuvor:<\/p>\n<p>\u00a0<\/p>\n<ul>\n<li>F\u00fcllstand in %<\/li>\n<li>Gasmenge in kg<\/li>\n<li>Restlaufzeit in Tagen<\/li>\n<li>Batteriezustand des LevelControls<\/li>\n<li>SMS-Alarm, wenn sich nur noch wenig Gas in der Flasche befindet<\/li>\n<li>Ruhestromaufnahme: 0,001 mA<\/li>\n<li>Spannung: 3 V DC \/ 2 x 1,5 V Batterien (Alkali, LR03, AAA)<\/li>\n<li>Stromaufnahme: max. 70 mA<\/li>\n<\/ul>\n<p>\u00a0<\/p>\n<p>Hat der Kunde zwei Gasflaschen im Fahrzeug, kann er zwei Truma LevelControl parallel verwenden. Die Truma App zeigt dann den F\u00fcllstand von Flasche 1 und 2 an.<\/p>\n<p>iNet-Box:<br \/>Die intelligente Fernsteuerung und Kontrolle der Truma Heiz- und Klimasysteme per App.<br \/>\u00dcber die komfortable Truma App und das Truma iNet System erfolgt die Fernsteuerung und Kontrolle der Truma Heiz- und Klimasysteme ganz einfach von \u00fcberall aus. Zentrale Steuereinheit und Schnittstelle zu den vernetzten Truma Ger\u00e4ten ist die Truma iNet Box. Sie ist leicht zu installieren und erm\u00f6glicht es, die Truma Ger\u00e4te zuverl\u00e4ssig miteinander zu kombinieren. Dank der kostenlosen Truma App funktioniert die Bedienung bequem und intuitiv mit Smartphone oder Tablet. Die vernetzten Truma Ger\u00e4te werden aus der Ferne durch eine SMS gesteuert, die automatisch erstellt wird. In der N\u00e4he der Truma iNet Box wird der Befehl automatisch per Bluetooth \u00fcbermittelt. Wichtige Statusmeldungen sind jederzeit abrufbar.<\/p>\n<p>\u00a0<\/p>\n<ul>\n<li>Fernsteuerung und \u00dcberwachung der Truma Heiz- und Klimasysteme per Smartphone\/Tablet<\/li>\n<li>Einfach Inbetriebnahme per Truma App<\/li>\n<li>Zunkunftssicher durch Updatefunktion<\/li>\n<li>Kummunikation \u00fcber SMS oder Bluetooth<\/li>\n<li>Nachr\u00fcstbar f\u00fcr alle iNet f\u00e4higen Truma Ger\u00e4te<\/li>\n<li>Durchschnittliche Stromaufnahme: 40 \/ 20 mA (12 \/ 24 V)<\/li>\n<li>Betriebstemperatur: -30 bis +60\u00b0C<\/li>\n<li>Spannung: 12 \/ 24 V<\/li>\n<\/ul>\n<p>\u00a0<\/p>\n","protected":false},"excerpt":{"rendered":"<p>LevelControl:Der Truma LevelControl misst mittels Ultraschall, wie viel Gas sich in der Flasche befindet. Das Ger\u00e4t \u00fcbertr\u00e4gt die Daten per Bluetooth an die Truma iNet Box und diese auf das Tablet oder Smartphone Ihrer Kunden. In der Truma App erhalten sie bequem einen \u00dcberblick \u00fcber ihren Gasf\u00fcllstand und die verbleibende Restlaufzeit. Kunden binden den LevelControl [&hellip;]<\/p>\n","protected":false},"featured_media":158804,"template":"","meta":{"_acf_changed":false},"product_featured_cat":[],"product_brand":[3027],"product_cat":[4538],"product_tag":[],"class_list":{"0":"post-158808","1":"product","2":"type-product","3":"status-publish","4":"has-post-thumbnail","6":"product_brand-truma-de","7":"product_cat-gasheizungen","9":"first","10":"instock","11":"taxable","12":"shipping-taxable","13":"purchasable","14":"product-type-simple"},"acf":[],"yoast_head":"<!-- This site is optimized with the Yoast SEO plugin v27.4 - https:\/\/yoast.com\/product\/yoast-seo-wordpress\/ -->\n<title>Set LevelControl und iNet-Box - Bantam Camping AG<\/title>\n<meta name=\"robots\" content=\"index, follow, max-snippet:-1, max-image-preview:large, max-video-preview:-1\" \/>\n<link rel=\"canonical\" href=\"https:\/\/shop.bantam.ch\/de\/produkt\/set-levelcontrol-und-inet-box\/\" \/>\n<meta property=\"og:locale\" content=\"de_DE\" \/>\n<meta property=\"og:type\" content=\"article\" \/>\n<meta property=\"og:title\" content=\"Set LevelControl und iNet-Box - Bantam Camping AG\" \/>\n<meta property=\"og:description\" content=\"LevelControl:Der Truma LevelControl misst mittels Ultraschall, wie viel Gas sich in der Flasche befindet. Das Ger\u00e4t \u00fcbertr\u00e4gt die Daten per Bluetooth an die Truma iNet Box und diese auf das Tablet oder Smartphone Ihrer Kunden. In der Truma App erhalten sie bequem einen \u00dcberblick \u00fcber ihren Gasf\u00fcllstand und die verbleibende Restlaufzeit. Kunden binden den LevelControl [&hellip;]\" \/>\n<meta property=\"og:url\" content=\"https:\/\/shop.bantam.ch\/de\/produkt\/set-levelcontrol-und-inet-box\/\" \/>\n<meta property=\"og:site_name\" content=\"Bantam Camping AG\" \/>\n<meta property=\"article:modified_time\" content=\"2026-04-18T20:29:18+00:00\" \/>\n<meta property=\"og:image\" content=\"https:\/\/shop.bantam.ch\/wp-content\/uploads\/2023\/03\/993199812.jpg\" \/>\n\t<meta property=\"og:image:width\" content=\"1000\" \/>\n\t<meta property=\"og:image:height\" content=\"707\" \/>\n\t<meta property=\"og:image:type\" content=\"image\/jpeg\" \/>\n<meta name=\"twitter:card\" content=\"summary_large_image\" \/>\n<meta name=\"twitter:label1\" content=\"Gesch\u00e4tzte Lesezeit\" \/>\n\t<meta name=\"twitter:data1\" content=\"2\u00a0Minuten\" \/>\n<script type=\"application\/ld+json\" class=\"yoast-schema-graph\">{\"@context\":\"https:\\\/\\\/schema.org\",\"@graph\":[{\"@type\":\"WebPage\",\"@id\":\"https:\\\/\\\/shop.bantam.ch\\\/de\\\/produkt\\\/set-levelcontrol-und-inet-box\\\/\",\"url\":\"https:\\\/\\\/shop.bantam.ch\\\/de\\\/produkt\\\/set-levelcontrol-und-inet-box\\\/\",\"name\":\"Set LevelControl und iNet-Box - Bantam Camping AG\",\"isPartOf\":{\"@id\":\"https:\\\/\\\/shop.bantam.ch\\\/de\\\/#website\"},\"primaryImageOfPage\":{\"@id\":\"https:\\\/\\\/shop.bantam.ch\\\/de\\\/produkt\\\/set-levelcontrol-und-inet-box\\\/#primaryimage\"},\"image\":{\"@id\":\"https:\\\/\\\/shop.bantam.ch\\\/de\\\/produkt\\\/set-levelcontrol-und-inet-box\\\/#primaryimage\"},\"thumbnailUrl\":\"https:\\\/\\\/shop.bantam.ch\\\/wp-content\\\/uploads\\\/2023\\\/03\\\/993199812.jpg\",\"datePublished\":\"2023-03-23T15:29:16+00:00\",\"dateModified\":\"2026-04-18T20:29:18+00:00\",\"breadcrumb\":{\"@id\":\"https:\\\/\\\/shop.bantam.ch\\\/de\\\/produkt\\\/set-levelcontrol-und-inet-box\\\/#breadcrumb\"},\"inLanguage\":\"de\",\"potentialAction\":[{\"@type\":\"ReadAction\",\"target\":[\"https:\\\/\\\/shop.bantam.ch\\\/de\\\/produkt\\\/set-levelcontrol-und-inet-box\\\/\"]}]},{\"@type\":\"ImageObject\",\"inLanguage\":\"de\",\"@id\":\"https:\\\/\\\/shop.bantam.ch\\\/de\\\/produkt\\\/set-levelcontrol-und-inet-box\\\/#primaryimage\",\"url\":\"https:\\\/\\\/shop.bantam.ch\\\/wp-content\\\/uploads\\\/2023\\\/03\\\/993199812.jpg\",\"contentUrl\":\"https:\\\/\\\/shop.bantam.ch\\\/wp-content\\\/uploads\\\/2023\\\/03\\\/993199812.jpg\",\"width\":1000,\"height\":707},{\"@type\":\"BreadcrumbList\",\"@id\":\"https:\\\/\\\/shop.bantam.ch\\\/de\\\/produkt\\\/set-levelcontrol-und-inet-box\\\/#breadcrumb\",\"itemListElement\":[{\"@type\":\"ListItem\",\"position\":1,\"name\":\"Accueil\",\"item\":\"https:\\\/\\\/shop.bantam.ch\\\/de\\\/\"},{\"@type\":\"ListItem\",\"position\":2,\"name\":\"Shop\",\"item\":\"https:\\\/\\\/shop.bantam.ch\\\/de\\\/shop\\\/\"},{\"@type\":\"ListItem\",\"position\":3,\"name\":\"Set LevelControl und iNet-Box\"}]},{\"@type\":\"WebSite\",\"@id\":\"https:\\\/\\\/shop.bantam.ch\\\/de\\\/#website\",\"url\":\"https:\\\/\\\/shop.bantam.ch\\\/de\\\/\",\"name\":\"Bantam Camping AG\",\"description\":\"\",\"publisher\":{\"@id\":\"https:\\\/\\\/shop.bantam.ch\\\/de\\\/#organization\"},\"inLanguage\":\"de\"},{\"@type\":\"Organization\",\"@id\":\"https:\\\/\\\/shop.bantam.ch\\\/de\\\/#organization\",\"name\":\"Bantam Camping AG\",\"url\":\"https:\\\/\\\/shop.bantam.ch\\\/de\\\/\",\"logo\":{\"@type\":\"ImageObject\",\"inLanguage\":\"de\",\"@id\":\"https:\\\/\\\/shop.bantam.ch\\\/de\\\/#\\\/schema\\\/logo\\\/image\\\/\",\"url\":\"https:\\\/\\\/shop.bantam.ch\\\/wp-content\\\/uploads\\\/2022\\\/12\\\/bantam-logo.png\",\"contentUrl\":\"https:\\\/\\\/shop.bantam.ch\\\/wp-content\\\/uploads\\\/2022\\\/12\\\/bantam-logo.png\",\"width\":320,\"height\":71,\"caption\":\"Bantam Camping AG\"},\"image\":{\"@id\":\"https:\\\/\\\/shop.bantam.ch\\\/de\\\/#\\\/schema\\\/logo\\\/image\\\/\"}}]}<\/script>\n<!-- \/ Yoast SEO plugin. -->","yoast_head_json":{"title":"Set LevelControl und iNet-Box - Bantam Camping AG","robots":{"index":"index","follow":"follow","max-snippet":"max-snippet:-1","max-image-preview":"max-image-preview:large","max-video-preview":"max-video-preview:-1"},"canonical":"https:\/\/shop.bantam.ch\/de\/produkt\/set-levelcontrol-und-inet-box\/","og_locale":"de_DE","og_type":"article","og_title":"Set LevelControl und iNet-Box - Bantam Camping AG","og_description":"LevelControl:Der Truma LevelControl misst mittels Ultraschall, wie viel Gas sich in der Flasche befindet. Das Ger\u00e4t \u00fcbertr\u00e4gt die Daten per Bluetooth an die Truma iNet Box und diese auf das Tablet oder Smartphone Ihrer Kunden. In der Truma App erhalten sie bequem einen \u00dcberblick \u00fcber ihren Gasf\u00fcllstand und die verbleibende Restlaufzeit. Kunden binden den LevelControl [&hellip;]","og_url":"https:\/\/shop.bantam.ch\/de\/produkt\/set-levelcontrol-und-inet-box\/","og_site_name":"Bantam Camping AG","article_modified_time":"2026-04-18T20:29:18+00:00","og_image":[{"width":1000,"height":707,"url":"https:\/\/shop.bantam.ch\/wp-content\/uploads\/2023\/03\/993199812.jpg","type":"image\/jpeg"}],"twitter_card":"summary_large_image","twitter_misc":{"Gesch\u00e4tzte Lesezeit":"2\u00a0Minuten"},"schema":{"@context":"https:\/\/schema.org","@graph":[{"@type":"WebPage","@id":"https:\/\/shop.bantam.ch\/de\/produkt\/set-levelcontrol-und-inet-box\/","url":"https:\/\/shop.bantam.ch\/de\/produkt\/set-levelcontrol-und-inet-box\/","name":"Set LevelControl und iNet-Box - Bantam Camping AG","isPartOf":{"@id":"https:\/\/shop.bantam.ch\/de\/#website"},"primaryImageOfPage":{"@id":"https:\/\/shop.bantam.ch\/de\/produkt\/set-levelcontrol-und-inet-box\/#primaryimage"},"image":{"@id":"https:\/\/shop.bantam.ch\/de\/produkt\/set-levelcontrol-und-inet-box\/#primaryimage"},"thumbnailUrl":"https:\/\/shop.bantam.ch\/wp-content\/uploads\/2023\/03\/993199812.jpg","datePublished":"2023-03-23T15:29:16+00:00","dateModified":"2026-04-18T20:29:18+00:00","breadcrumb":{"@id":"https:\/\/shop.bantam.ch\/de\/produkt\/set-levelcontrol-und-inet-box\/#breadcrumb"},"inLanguage":"de","potentialAction":[{"@type":"ReadAction","target":["https:\/\/shop.bantam.ch\/de\/produkt\/set-levelcontrol-und-inet-box\/"]}]},{"@type":"ImageObject","inLanguage":"de","@id":"https:\/\/shop.bantam.ch\/de\/produkt\/set-levelcontrol-und-inet-box\/#primaryimage","url":"https:\/\/shop.bantam.ch\/wp-content\/uploads\/2023\/03\/993199812.jpg","contentUrl":"https:\/\/shop.bantam.ch\/wp-content\/uploads\/2023\/03\/993199812.jpg","width":1000,"height":707},{"@type":"BreadcrumbList","@id":"https:\/\/shop.bantam.ch\/de\/produkt\/set-levelcontrol-und-inet-box\/#breadcrumb","itemListElement":[{"@type":"ListItem","position":1,"name":"Accueil","item":"https:\/\/shop.bantam.ch\/de\/"},{"@type":"ListItem","position":2,"name":"Shop","item":"https:\/\/shop.bantam.ch\/de\/shop\/"},{"@type":"ListItem","position":3,"name":"Set LevelControl und iNet-Box"}]},{"@type":"WebSite","@id":"https:\/\/shop.bantam.ch\/de\/#website","url":"https:\/\/shop.bantam.ch\/de\/","name":"Bantam Camping AG","description":"","publisher":{"@id":"https:\/\/shop.bantam.ch\/de\/#organization"},"inLanguage":"de"},{"@type":"Organization","@id":"https:\/\/shop.bantam.ch\/de\/#organization","name":"Bantam Camping AG","url":"https:\/\/shop.bantam.ch\/de\/","logo":{"@type":"ImageObject","inLanguage":"de","@id":"https:\/\/shop.bantam.ch\/de\/#\/schema\/logo\/image\/","url":"https:\/\/shop.bantam.ch\/wp-content\/uploads\/2022\/12\/bantam-logo.png","contentUrl":"https:\/\/shop.bantam.ch\/wp-content\/uploads\/2022\/12\/bantam-logo.png","width":320,"height":71,"caption":"Bantam Camping AG"},"image":{"@id":"https:\/\/shop.bantam.ch\/de\/#\/schema\/logo\/image\/"}}]}},"_links":{"self":[{"href":"https:\/\/shop.bantam.ch\/de\/wp-json\/wp\/v2\/product\/158808","targetHints":{"allow":["GET"]}}],"collection":[{"href":"https:\/\/shop.bantam.ch\/de\/wp-json\/wp\/v2\/product"}],"about":[{"href":"https:\/\/shop.bantam.ch\/de\/wp-json\/wp\/v2\/types\/product"}],"wp:featuredmedia":[{"embeddable":true,"href":"https:\/\/shop.bantam.ch\/de\/wp-json\/wp\/v2\/media\/158804"}],"wp:attachment":[{"href":"https:\/\/shop.bantam.ch\/de\/wp-json\/wp\/v2\/media?parent=158808"}],"wp:term":[{"taxonomy":"product_featured_cat","embeddable":true,"href":"https:\/\/shop.bantam.ch\/de\/wp-json\/wp\/v2\/product_featured_cat?post=158808"},{"taxonomy":"product_brand","embeddable":true,"href":"https:\/\/shop.bantam.ch\/de\/wp-json\/wp\/v2\/product_brand?post=158808"},{"taxonomy":"product_cat","embeddable":true,"href":"https:\/\/shop.bantam.ch\/de\/wp-json\/wp\/v2\/product_cat?post=158808"},{"taxonomy":"product_tag","embeddable":true,"href":"https:\/\/shop.bantam.ch\/de\/wp-json\/wp\/v2\/product_tag?post=158808"}],"curies":[{"name":"wp","href":"https:\/\/api.w.org\/{rel}","templated":true}]}}