{"id":158790,"date":"2023-03-23T16:28:53","date_gmt":"2023-03-23T15:28:53","guid":{"rendered":"https:\/\/shop.bantam.ch\/produit\/taschenlampe-mt14\/"},"modified":"2026-04-18T22:29:11","modified_gmt":"2026-04-18T20:29:11","slug":"taschenlampe-mt14","status":"publish","type":"product","link":"https:\/\/shop.bantam.ch\/de\/produkt\/taschenlampe-mt14\/","title":{"rendered":"Taschenlampe LEDLenser MT14 Farbe schwarz"},"content":{"rendered":"<p>Das Licht erhellt den tiefsten Wald &#8211; der Akku h\u00e4lt f\u00fcr den l\u00e4ngsten Camping-, Jagd- oder Angelausflug. Dabei liegt die MT14 auch noch besonders gut in der Hand und l\u00e4sst sich mit ihrem Frontschalter einfach und einh\u00e4ndig bedienen. Genauso einfach ist nur das Aufladen per USB 3.0. Damit sparen Sie dank der Schnellladefunktion auch jede Menge Zeit.<\/p>\n<p>Lieferumfang inklusive:<br \/>1 Li-on Akku<br \/>USB-Kabel<br \/>Pouch<br \/>Handschlaufe<br \/>Bedienungsanleitung<\/p>\n<p>Material:<br \/>Aluminium<\/p>\n<ul>\n<li>Ladezeit: 8 h<\/li>\n<\/ul>\n","protected":false},"excerpt":{"rendered":"<p>Das Licht erhellt den tiefsten Wald &#8211; der Akku h\u00e4lt f\u00fcr den l\u00e4ngsten Camping-, Jagd- oder Angelausflug. Dabei liegt die MT14 auch noch besonders gut in der Hand und l\u00e4sst sich mit ihrem Frontschalter einfach und einh\u00e4ndig bedienen. Genauso einfach ist nur das Aufladen per USB 3.0. Damit sparen Sie dank der Schnellladefunktion auch jede [&hellip;]<\/p>\n","protected":false},"featured_media":158788,"template":"","meta":{"_acf_changed":false},"product_featured_cat":[],"product_brand":[3437],"product_cat":[4376],"product_tag":[],"class_list":{"0":"post-158790","1":"product","2":"type-product","3":"status-publish","4":"has-post-thumbnail","6":"product_brand-ledlenser-de","7":"product_cat-taschenlampen","9":"first","10":"instock","11":"taxable","12":"shipping-taxable","13":"purchasable","14":"product-type-simple"},"acf":[],"yoast_head":"<!-- This site is optimized with the Yoast SEO plugin v27.4 - https:\/\/yoast.com\/product\/yoast-seo-wordpress\/ -->\n<title>Taschenlampe LEDLenser MT14 Farbe schwarz - Bantam Camping AG<\/title>\n<meta name=\"robots\" content=\"index, follow, max-snippet:-1, max-image-preview:large, max-video-preview:-1\" \/>\n<link rel=\"canonical\" href=\"https:\/\/shop.bantam.ch\/de\/produkt\/taschenlampe-mt14\/\" \/>\n<meta property=\"og:locale\" content=\"de_DE\" \/>\n<meta property=\"og:type\" content=\"article\" \/>\n<meta property=\"og:title\" content=\"Taschenlampe LEDLenser MT14 Farbe schwarz - Bantam Camping AG\" \/>\n<meta property=\"og:description\" content=\"Das Licht erhellt den tiefsten Wald &#8211; der Akku h\u00e4lt f\u00fcr den l\u00e4ngsten Camping-, Jagd- oder Angelausflug. Dabei liegt die MT14 auch noch besonders gut in der Hand und l\u00e4sst sich mit ihrem Frontschalter einfach und einh\u00e4ndig bedienen. Genauso einfach ist nur das Aufladen per USB 3.0. Damit sparen Sie dank der Schnellladefunktion auch jede [&hellip;]\" \/>\n<meta property=\"og:url\" content=\"https:\/\/shop.bantam.ch\/de\/produkt\/taschenlampe-mt14\/\" \/>\n<meta property=\"og:site_name\" content=\"Bantam Camping AG\" \/>\n<meta property=\"article:modified_time\" content=\"2026-04-18T20:29:11+00:00\" \/>\n<meta property=\"og:image\" content=\"https:\/\/shop.bantam.ch\/wp-content\/uploads\/2023\/03\/994108311.jpg\" \/>\n\t<meta property=\"og:image:width\" content=\"1000\" \/>\n\t<meta property=\"og:image:height\" content=\"750\" \/>\n\t<meta property=\"og:image:type\" content=\"image\/jpeg\" \/>\n<meta name=\"twitter:card\" content=\"summary_large_image\" \/>\n<script type=\"application\/ld+json\" class=\"yoast-schema-graph\">{\"@context\":\"https:\\\/\\\/schema.org\",\"@graph\":[{\"@type\":\"WebPage\",\"@id\":\"https:\\\/\\\/shop.bantam.ch\\\/de\\\/produkt\\\/taschenlampe-mt14\\\/\",\"url\":\"https:\\\/\\\/shop.bantam.ch\\\/de\\\/produkt\\\/taschenlampe-mt14\\\/\",\"name\":\"Taschenlampe LEDLenser MT14 Farbe schwarz - Bantam Camping AG\",\"isPartOf\":{\"@id\":\"https:\\\/\\\/shop.bantam.ch\\\/de\\\/#website\"},\"primaryImageOfPage\":{\"@id\":\"https:\\\/\\\/shop.bantam.ch\\\/de\\\/produkt\\\/taschenlampe-mt14\\\/#primaryimage\"},\"image\":{\"@id\":\"https:\\\/\\\/shop.bantam.ch\\\/de\\\/produkt\\\/taschenlampe-mt14\\\/#primaryimage\"},\"thumbnailUrl\":\"https:\\\/\\\/shop.bantam.ch\\\/wp-content\\\/uploads\\\/2023\\\/03\\\/994108311.jpg\",\"datePublished\":\"2023-03-23T15:28:53+00:00\",\"dateModified\":\"2026-04-18T20:29:11+00:00\",\"breadcrumb\":{\"@id\":\"https:\\\/\\\/shop.bantam.ch\\\/de\\\/produkt\\\/taschenlampe-mt14\\\/#breadcrumb\"},\"inLanguage\":\"de\",\"potentialAction\":[{\"@type\":\"ReadAction\",\"target\":[\"https:\\\/\\\/shop.bantam.ch\\\/de\\\/produkt\\\/taschenlampe-mt14\\\/\"]}]},{\"@type\":\"ImageObject\",\"inLanguage\":\"de\",\"@id\":\"https:\\\/\\\/shop.bantam.ch\\\/de\\\/produkt\\\/taschenlampe-mt14\\\/#primaryimage\",\"url\":\"https:\\\/\\\/shop.bantam.ch\\\/wp-content\\\/uploads\\\/2023\\\/03\\\/994108311.jpg\",\"contentUrl\":\"https:\\\/\\\/shop.bantam.ch\\\/wp-content\\\/uploads\\\/2023\\\/03\\\/994108311.jpg\",\"width\":1000,\"height\":750},{\"@type\":\"BreadcrumbList\",\"@id\":\"https:\\\/\\\/shop.bantam.ch\\\/de\\\/produkt\\\/taschenlampe-mt14\\\/#breadcrumb\",\"itemListElement\":[{\"@type\":\"ListItem\",\"position\":1,\"name\":\"Accueil\",\"item\":\"https:\\\/\\\/shop.bantam.ch\\\/de\\\/\"},{\"@type\":\"ListItem\",\"position\":2,\"name\":\"Shop\",\"item\":\"https:\\\/\\\/shop.bantam.ch\\\/de\\\/shop\\\/\"},{\"@type\":\"ListItem\",\"position\":3,\"name\":\"Taschenlampe LEDLenser MT14 Farbe schwarz\"}]},{\"@type\":\"WebSite\",\"@id\":\"https:\\\/\\\/shop.bantam.ch\\\/de\\\/#website\",\"url\":\"https:\\\/\\\/shop.bantam.ch\\\/de\\\/\",\"name\":\"Bantam Camping AG\",\"description\":\"\",\"publisher\":{\"@id\":\"https:\\\/\\\/shop.bantam.ch\\\/de\\\/#organization\"},\"inLanguage\":\"de\"},{\"@type\":\"Organization\",\"@id\":\"https:\\\/\\\/shop.bantam.ch\\\/de\\\/#organization\",\"name\":\"Bantam Camping AG\",\"url\":\"https:\\\/\\\/shop.bantam.ch\\\/de\\\/\",\"logo\":{\"@type\":\"ImageObject\",\"inLanguage\":\"de\",\"@id\":\"https:\\\/\\\/shop.bantam.ch\\\/de\\\/#\\\/schema\\\/logo\\\/image\\\/\",\"url\":\"https:\\\/\\\/shop.bantam.ch\\\/wp-content\\\/uploads\\\/2022\\\/12\\\/bantam-logo.png\",\"contentUrl\":\"https:\\\/\\\/shop.bantam.ch\\\/wp-content\\\/uploads\\\/2022\\\/12\\\/bantam-logo.png\",\"width\":320,\"height\":71,\"caption\":\"Bantam Camping AG\"},\"image\":{\"@id\":\"https:\\\/\\\/shop.bantam.ch\\\/de\\\/#\\\/schema\\\/logo\\\/image\\\/\"}}]}<\/script>\n<!-- \/ Yoast SEO plugin. -->","yoast_head_json":{"title":"Taschenlampe LEDLenser MT14 Farbe schwarz - Bantam Camping AG","robots":{"index":"index","follow":"follow","max-snippet":"max-snippet:-1","max-image-preview":"max-image-preview:large","max-video-preview":"max-video-preview:-1"},"canonical":"https:\/\/shop.bantam.ch\/de\/produkt\/taschenlampe-mt14\/","og_locale":"de_DE","og_type":"article","og_title":"Taschenlampe LEDLenser MT14 Farbe schwarz - Bantam Camping AG","og_description":"Das Licht erhellt den tiefsten Wald &#8211; der Akku h\u00e4lt f\u00fcr den l\u00e4ngsten Camping-, Jagd- oder Angelausflug. Dabei liegt die MT14 auch noch besonders gut in der Hand und l\u00e4sst sich mit ihrem Frontschalter einfach und einh\u00e4ndig bedienen. Genauso einfach ist nur das Aufladen per USB 3.0. Damit sparen Sie dank der Schnellladefunktion auch jede [&hellip;]","og_url":"https:\/\/shop.bantam.ch\/de\/produkt\/taschenlampe-mt14\/","og_site_name":"Bantam Camping AG","article_modified_time":"2026-04-18T20:29:11+00:00","og_image":[{"width":1000,"height":750,"url":"https:\/\/shop.bantam.ch\/wp-content\/uploads\/2023\/03\/994108311.jpg","type":"image\/jpeg"}],"twitter_card":"summary_large_image","schema":{"@context":"https:\/\/schema.org","@graph":[{"@type":"WebPage","@id":"https:\/\/shop.bantam.ch\/de\/produkt\/taschenlampe-mt14\/","url":"https:\/\/shop.bantam.ch\/de\/produkt\/taschenlampe-mt14\/","name":"Taschenlampe LEDLenser MT14 Farbe schwarz - Bantam Camping AG","isPartOf":{"@id":"https:\/\/shop.bantam.ch\/de\/#website"},"primaryImageOfPage":{"@id":"https:\/\/shop.bantam.ch\/de\/produkt\/taschenlampe-mt14\/#primaryimage"},"image":{"@id":"https:\/\/shop.bantam.ch\/de\/produkt\/taschenlampe-mt14\/#primaryimage"},"thumbnailUrl":"https:\/\/shop.bantam.ch\/wp-content\/uploads\/2023\/03\/994108311.jpg","datePublished":"2023-03-23T15:28:53+00:00","dateModified":"2026-04-18T20:29:11+00:00","breadcrumb":{"@id":"https:\/\/shop.bantam.ch\/de\/produkt\/taschenlampe-mt14\/#breadcrumb"},"inLanguage":"de","potentialAction":[{"@type":"ReadAction","target":["https:\/\/shop.bantam.ch\/de\/produkt\/taschenlampe-mt14\/"]}]},{"@type":"ImageObject","inLanguage":"de","@id":"https:\/\/shop.bantam.ch\/de\/produkt\/taschenlampe-mt14\/#primaryimage","url":"https:\/\/shop.bantam.ch\/wp-content\/uploads\/2023\/03\/994108311.jpg","contentUrl":"https:\/\/shop.bantam.ch\/wp-content\/uploads\/2023\/03\/994108311.jpg","width":1000,"height":750},{"@type":"BreadcrumbList","@id":"https:\/\/shop.bantam.ch\/de\/produkt\/taschenlampe-mt14\/#breadcrumb","itemListElement":[{"@type":"ListItem","position":1,"name":"Accueil","item":"https:\/\/shop.bantam.ch\/de\/"},{"@type":"ListItem","position":2,"name":"Shop","item":"https:\/\/shop.bantam.ch\/de\/shop\/"},{"@type":"ListItem","position":3,"name":"Taschenlampe LEDLenser MT14 Farbe schwarz"}]},{"@type":"WebSite","@id":"https:\/\/shop.bantam.ch\/de\/#website","url":"https:\/\/shop.bantam.ch\/de\/","name":"Bantam Camping AG","description":"","publisher":{"@id":"https:\/\/shop.bantam.ch\/de\/#organization"},"inLanguage":"de"},{"@type":"Organization","@id":"https:\/\/shop.bantam.ch\/de\/#organization","name":"Bantam Camping AG","url":"https:\/\/shop.bantam.ch\/de\/","logo":{"@type":"ImageObject","inLanguage":"de","@id":"https:\/\/shop.bantam.ch\/de\/#\/schema\/logo\/image\/","url":"https:\/\/shop.bantam.ch\/wp-content\/uploads\/2022\/12\/bantam-logo.png","contentUrl":"https:\/\/shop.bantam.ch\/wp-content\/uploads\/2022\/12\/bantam-logo.png","width":320,"height":71,"caption":"Bantam Camping AG"},"image":{"@id":"https:\/\/shop.bantam.ch\/de\/#\/schema\/logo\/image\/"}}]}},"_links":{"self":[{"href":"https:\/\/shop.bantam.ch\/de\/wp-json\/wp\/v2\/product\/158790","targetHints":{"allow":["GET"]}}],"collection":[{"href":"https:\/\/shop.bantam.ch\/de\/wp-json\/wp\/v2\/product"}],"about":[{"href":"https:\/\/shop.bantam.ch\/de\/wp-json\/wp\/v2\/types\/product"}],"wp:featuredmedia":[{"embeddable":true,"href":"https:\/\/shop.bantam.ch\/de\/wp-json\/wp\/v2\/media\/158788"}],"wp:attachment":[{"href":"https:\/\/shop.bantam.ch\/de\/wp-json\/wp\/v2\/media?parent=158790"}],"wp:term":[{"taxonomy":"product_featured_cat","embeddable":true,"href":"https:\/\/shop.bantam.ch\/de\/wp-json\/wp\/v2\/product_featured_cat?post=158790"},{"taxonomy":"product_brand","embeddable":true,"href":"https:\/\/shop.bantam.ch\/de\/wp-json\/wp\/v2\/product_brand?post=158790"},{"taxonomy":"product_cat","embeddable":true,"href":"https:\/\/shop.bantam.ch\/de\/wp-json\/wp\/v2\/product_cat?post=158790"},{"taxonomy":"product_tag","embeddable":true,"href":"https:\/\/shop.bantam.ch\/de\/wp-json\/wp\/v2\/product_tag?post=158790"}],"curies":[{"name":"wp","href":"https:\/\/api.w.org\/{rel}","templated":true}]}}