{"id":158710,"date":"2023-03-23T16:27:08","date_gmt":"2023-03-23T15:27:08","guid":{"rendered":"https:\/\/shop.bantam.ch\/produit\/suppenteller-marine-durchm-235-cm-blau-weiss\/"},"modified":"2026-04-17T22:26:41","modified_gmt":"2026-04-17T20:26:41","slug":"suppenteller-marine-durchm-235-cm-blau-weiss","status":"publish","type":"product","link":"https:\/\/shop.bantam.ch\/de\/produkt\/suppenteller-marine-durchm-235-cm-blau-weiss\/","title":{"rendered":"Suppenteller Marine Durchm. 23,5 cm blau\/wei\u00df"},"content":{"rendered":"<p>Melamingeschirr mit Anti-Slip &#8211; Dank der Verwendung einer in den Tellerboden integrierten Antirutsch-Dichtung wird ein Verrutschen und eventuelles Fallen der Geschirrteile deutlich erschwert. Zudem vermindert sich das st\u00f6rende Klapperger\u00e4usch w\u00e4hrend der Fahrt deutlich.<br \/>Die Reinheit der Linienf\u00fchrung unterstreicht die Sch\u00f6nheit dieses Dekors ohne jedoch die Form zu \u00fcbertreffen. Ein Rendezvous von funktionellen Linien mit aufregendem Charme f\u00fcr eine moderne Tischgestaltung.<\/p>\n","protected":false},"excerpt":{"rendered":"<p>Melamingeschirr mit Anti-Slip &#8211; Dank der Verwendung einer in den Tellerboden integrierten Antirutsch-Dichtung wird ein Verrutschen und eventuelles Fallen der Geschirrteile deutlich erschwert. Zudem vermindert sich das st\u00f6rende Klapperger\u00e4usch w\u00e4hrend der Fahrt deutlich.Die Reinheit der Linienf\u00fchrung unterstreicht die Sch\u00f6nheit dieses Dekors ohne jedoch die Form zu \u00fcbertreffen. Ein Rendezvous von funktionellen Linien mit aufregendem Charme [&hellip;]<\/p>\n","protected":false},"featured_media":158708,"template":"","meta":{"_acf_changed":false},"product_featured_cat":[],"product_brand":[3081],"product_cat":[3994],"product_tag":[],"class_list":{"0":"post-158710","1":"product","2":"type-product","3":"status-publish","4":"has-post-thumbnail","6":"product_brand-brunner-de","7":"product_cat-campinggeschirr","9":"first","10":"instock","11":"taxable","12":"shipping-taxable","13":"purchasable","14":"product-type-simple"},"acf":[],"yoast_head":"<!-- This site is optimized with the Yoast SEO plugin v27.4 - https:\/\/yoast.com\/product\/yoast-seo-wordpress\/ -->\n<title>Suppenteller Marine Durchm. 23,5 cm blau\/wei\u00df - Bantam Camping AG<\/title>\n<meta name=\"robots\" content=\"index, follow, max-snippet:-1, max-image-preview:large, max-video-preview:-1\" \/>\n<link rel=\"canonical\" href=\"https:\/\/shop.bantam.ch\/de\/produkt\/suppenteller-marine-durchm-235-cm-blau-weiss\/\" \/>\n<meta property=\"og:locale\" content=\"de_DE\" \/>\n<meta property=\"og:type\" content=\"article\" \/>\n<meta property=\"og:title\" content=\"Suppenteller Marine Durchm. 23,5 cm blau\/wei\u00df - Bantam Camping AG\" \/>\n<meta property=\"og:description\" content=\"Melamingeschirr mit Anti-Slip &#8211; Dank der Verwendung einer in den Tellerboden integrierten Antirutsch-Dichtung wird ein Verrutschen und eventuelles Fallen der Geschirrteile deutlich erschwert. Zudem vermindert sich das st\u00f6rende Klapperger\u00e4usch w\u00e4hrend der Fahrt deutlich.Die Reinheit der Linienf\u00fchrung unterstreicht die Sch\u00f6nheit dieses Dekors ohne jedoch die Form zu \u00fcbertreffen. Ein Rendezvous von funktionellen Linien mit aufregendem Charme [&hellip;]\" \/>\n<meta property=\"og:url\" content=\"https:\/\/shop.bantam.ch\/de\/produkt\/suppenteller-marine-durchm-235-cm-blau-weiss\/\" \/>\n<meta property=\"og:site_name\" content=\"Bantam Camping AG\" \/>\n<meta property=\"article:modified_time\" content=\"2026-04-17T20:26:41+00:00\" \/>\n<meta property=\"og:image\" content=\"https:\/\/shop.bantam.ch\/wp-content\/uploads\/2023\/03\/9951419-100-1-3.jpg\" \/>\n\t<meta property=\"og:image:width\" content=\"997\" \/>\n\t<meta property=\"og:image:height\" content=\"1000\" \/>\n\t<meta property=\"og:image:type\" content=\"image\/jpeg\" \/>\n<meta name=\"twitter:card\" content=\"summary_large_image\" \/>\n<script type=\"application\/ld+json\" class=\"yoast-schema-graph\">{\"@context\":\"https:\\\/\\\/schema.org\",\"@graph\":[{\"@type\":\"WebPage\",\"@id\":\"https:\\\/\\\/shop.bantam.ch\\\/de\\\/produkt\\\/suppenteller-marine-durchm-235-cm-blau-weiss\\\/\",\"url\":\"https:\\\/\\\/shop.bantam.ch\\\/de\\\/produkt\\\/suppenteller-marine-durchm-235-cm-blau-weiss\\\/\",\"name\":\"Suppenteller Marine Durchm. 23,5 cm blau\\\/wei\u00df - Bantam Camping AG\",\"isPartOf\":{\"@id\":\"https:\\\/\\\/shop.bantam.ch\\\/de\\\/#website\"},\"primaryImageOfPage\":{\"@id\":\"https:\\\/\\\/shop.bantam.ch\\\/de\\\/produkt\\\/suppenteller-marine-durchm-235-cm-blau-weiss\\\/#primaryimage\"},\"image\":{\"@id\":\"https:\\\/\\\/shop.bantam.ch\\\/de\\\/produkt\\\/suppenteller-marine-durchm-235-cm-blau-weiss\\\/#primaryimage\"},\"thumbnailUrl\":\"https:\\\/\\\/shop.bantam.ch\\\/wp-content\\\/uploads\\\/2023\\\/03\\\/9951419-100-1-3.jpg\",\"datePublished\":\"2023-03-23T15:27:08+00:00\",\"dateModified\":\"2026-04-17T20:26:41+00:00\",\"breadcrumb\":{\"@id\":\"https:\\\/\\\/shop.bantam.ch\\\/de\\\/produkt\\\/suppenteller-marine-durchm-235-cm-blau-weiss\\\/#breadcrumb\"},\"inLanguage\":\"de\",\"potentialAction\":[{\"@type\":\"ReadAction\",\"target\":[\"https:\\\/\\\/shop.bantam.ch\\\/de\\\/produkt\\\/suppenteller-marine-durchm-235-cm-blau-weiss\\\/\"]}]},{\"@type\":\"ImageObject\",\"inLanguage\":\"de\",\"@id\":\"https:\\\/\\\/shop.bantam.ch\\\/de\\\/produkt\\\/suppenteller-marine-durchm-235-cm-blau-weiss\\\/#primaryimage\",\"url\":\"https:\\\/\\\/shop.bantam.ch\\\/wp-content\\\/uploads\\\/2023\\\/03\\\/9951419-100-1-3.jpg\",\"contentUrl\":\"https:\\\/\\\/shop.bantam.ch\\\/wp-content\\\/uploads\\\/2023\\\/03\\\/9951419-100-1-3.jpg\",\"width\":997,\"height\":1000},{\"@type\":\"BreadcrumbList\",\"@id\":\"https:\\\/\\\/shop.bantam.ch\\\/de\\\/produkt\\\/suppenteller-marine-durchm-235-cm-blau-weiss\\\/#breadcrumb\",\"itemListElement\":[{\"@type\":\"ListItem\",\"position\":1,\"name\":\"Accueil\",\"item\":\"https:\\\/\\\/shop.bantam.ch\\\/de\\\/\"},{\"@type\":\"ListItem\",\"position\":2,\"name\":\"Shop\",\"item\":\"https:\\\/\\\/shop.bantam.ch\\\/de\\\/shop\\\/\"},{\"@type\":\"ListItem\",\"position\":3,\"name\":\"Suppenteller Marine Durchm. 23,5 cm blau\\\/wei\u00df\"}]},{\"@type\":\"WebSite\",\"@id\":\"https:\\\/\\\/shop.bantam.ch\\\/de\\\/#website\",\"url\":\"https:\\\/\\\/shop.bantam.ch\\\/de\\\/\",\"name\":\"Bantam Camping AG\",\"description\":\"\",\"publisher\":{\"@id\":\"https:\\\/\\\/shop.bantam.ch\\\/de\\\/#organization\"},\"inLanguage\":\"de\"},{\"@type\":\"Organization\",\"@id\":\"https:\\\/\\\/shop.bantam.ch\\\/de\\\/#organization\",\"name\":\"Bantam Camping AG\",\"url\":\"https:\\\/\\\/shop.bantam.ch\\\/de\\\/\",\"logo\":{\"@type\":\"ImageObject\",\"inLanguage\":\"de\",\"@id\":\"https:\\\/\\\/shop.bantam.ch\\\/de\\\/#\\\/schema\\\/logo\\\/image\\\/\",\"url\":\"https:\\\/\\\/shop.bantam.ch\\\/wp-content\\\/uploads\\\/2022\\\/12\\\/bantam-logo.png\",\"contentUrl\":\"https:\\\/\\\/shop.bantam.ch\\\/wp-content\\\/uploads\\\/2022\\\/12\\\/bantam-logo.png\",\"width\":320,\"height\":71,\"caption\":\"Bantam Camping AG\"},\"image\":{\"@id\":\"https:\\\/\\\/shop.bantam.ch\\\/de\\\/#\\\/schema\\\/logo\\\/image\\\/\"}}]}<\/script>\n<!-- \/ Yoast SEO plugin. -->","yoast_head_json":{"title":"Suppenteller Marine Durchm. 23,5 cm blau\/wei\u00df - Bantam Camping AG","robots":{"index":"index","follow":"follow","max-snippet":"max-snippet:-1","max-image-preview":"max-image-preview:large","max-video-preview":"max-video-preview:-1"},"canonical":"https:\/\/shop.bantam.ch\/de\/produkt\/suppenteller-marine-durchm-235-cm-blau-weiss\/","og_locale":"de_DE","og_type":"article","og_title":"Suppenteller Marine Durchm. 23,5 cm blau\/wei\u00df - Bantam Camping AG","og_description":"Melamingeschirr mit Anti-Slip &#8211; Dank der Verwendung einer in den Tellerboden integrierten Antirutsch-Dichtung wird ein Verrutschen und eventuelles Fallen der Geschirrteile deutlich erschwert. Zudem vermindert sich das st\u00f6rende Klapperger\u00e4usch w\u00e4hrend der Fahrt deutlich.Die Reinheit der Linienf\u00fchrung unterstreicht die Sch\u00f6nheit dieses Dekors ohne jedoch die Form zu \u00fcbertreffen. Ein Rendezvous von funktionellen Linien mit aufregendem Charme [&hellip;]","og_url":"https:\/\/shop.bantam.ch\/de\/produkt\/suppenteller-marine-durchm-235-cm-blau-weiss\/","og_site_name":"Bantam Camping AG","article_modified_time":"2026-04-17T20:26:41+00:00","og_image":[{"width":997,"height":1000,"url":"https:\/\/shop.bantam.ch\/wp-content\/uploads\/2023\/03\/9951419-100-1-3.jpg","type":"image\/jpeg"}],"twitter_card":"summary_large_image","schema":{"@context":"https:\/\/schema.org","@graph":[{"@type":"WebPage","@id":"https:\/\/shop.bantam.ch\/de\/produkt\/suppenteller-marine-durchm-235-cm-blau-weiss\/","url":"https:\/\/shop.bantam.ch\/de\/produkt\/suppenteller-marine-durchm-235-cm-blau-weiss\/","name":"Suppenteller Marine Durchm. 23,5 cm blau\/wei\u00df - Bantam Camping AG","isPartOf":{"@id":"https:\/\/shop.bantam.ch\/de\/#website"},"primaryImageOfPage":{"@id":"https:\/\/shop.bantam.ch\/de\/produkt\/suppenteller-marine-durchm-235-cm-blau-weiss\/#primaryimage"},"image":{"@id":"https:\/\/shop.bantam.ch\/de\/produkt\/suppenteller-marine-durchm-235-cm-blau-weiss\/#primaryimage"},"thumbnailUrl":"https:\/\/shop.bantam.ch\/wp-content\/uploads\/2023\/03\/9951419-100-1-3.jpg","datePublished":"2023-03-23T15:27:08+00:00","dateModified":"2026-04-17T20:26:41+00:00","breadcrumb":{"@id":"https:\/\/shop.bantam.ch\/de\/produkt\/suppenteller-marine-durchm-235-cm-blau-weiss\/#breadcrumb"},"inLanguage":"de","potentialAction":[{"@type":"ReadAction","target":["https:\/\/shop.bantam.ch\/de\/produkt\/suppenteller-marine-durchm-235-cm-blau-weiss\/"]}]},{"@type":"ImageObject","inLanguage":"de","@id":"https:\/\/shop.bantam.ch\/de\/produkt\/suppenteller-marine-durchm-235-cm-blau-weiss\/#primaryimage","url":"https:\/\/shop.bantam.ch\/wp-content\/uploads\/2023\/03\/9951419-100-1-3.jpg","contentUrl":"https:\/\/shop.bantam.ch\/wp-content\/uploads\/2023\/03\/9951419-100-1-3.jpg","width":997,"height":1000},{"@type":"BreadcrumbList","@id":"https:\/\/shop.bantam.ch\/de\/produkt\/suppenteller-marine-durchm-235-cm-blau-weiss\/#breadcrumb","itemListElement":[{"@type":"ListItem","position":1,"name":"Accueil","item":"https:\/\/shop.bantam.ch\/de\/"},{"@type":"ListItem","position":2,"name":"Shop","item":"https:\/\/shop.bantam.ch\/de\/shop\/"},{"@type":"ListItem","position":3,"name":"Suppenteller Marine Durchm. 23,5 cm blau\/wei\u00df"}]},{"@type":"WebSite","@id":"https:\/\/shop.bantam.ch\/de\/#website","url":"https:\/\/shop.bantam.ch\/de\/","name":"Bantam Camping AG","description":"","publisher":{"@id":"https:\/\/shop.bantam.ch\/de\/#organization"},"inLanguage":"de"},{"@type":"Organization","@id":"https:\/\/shop.bantam.ch\/de\/#organization","name":"Bantam Camping AG","url":"https:\/\/shop.bantam.ch\/de\/","logo":{"@type":"ImageObject","inLanguage":"de","@id":"https:\/\/shop.bantam.ch\/de\/#\/schema\/logo\/image\/","url":"https:\/\/shop.bantam.ch\/wp-content\/uploads\/2022\/12\/bantam-logo.png","contentUrl":"https:\/\/shop.bantam.ch\/wp-content\/uploads\/2022\/12\/bantam-logo.png","width":320,"height":71,"caption":"Bantam Camping AG"},"image":{"@id":"https:\/\/shop.bantam.ch\/de\/#\/schema\/logo\/image\/"}}]}},"_links":{"self":[{"href":"https:\/\/shop.bantam.ch\/de\/wp-json\/wp\/v2\/product\/158710","targetHints":{"allow":["GET"]}}],"collection":[{"href":"https:\/\/shop.bantam.ch\/de\/wp-json\/wp\/v2\/product"}],"about":[{"href":"https:\/\/shop.bantam.ch\/de\/wp-json\/wp\/v2\/types\/product"}],"wp:featuredmedia":[{"embeddable":true,"href":"https:\/\/shop.bantam.ch\/de\/wp-json\/wp\/v2\/media\/158708"}],"wp:attachment":[{"href":"https:\/\/shop.bantam.ch\/de\/wp-json\/wp\/v2\/media?parent=158710"}],"wp:term":[{"taxonomy":"product_featured_cat","embeddable":true,"href":"https:\/\/shop.bantam.ch\/de\/wp-json\/wp\/v2\/product_featured_cat?post=158710"},{"taxonomy":"product_brand","embeddable":true,"href":"https:\/\/shop.bantam.ch\/de\/wp-json\/wp\/v2\/product_brand?post=158710"},{"taxonomy":"product_cat","embeddable":true,"href":"https:\/\/shop.bantam.ch\/de\/wp-json\/wp\/v2\/product_cat?post=158710"},{"taxonomy":"product_tag","embeddable":true,"href":"https:\/\/shop.bantam.ch\/de\/wp-json\/wp\/v2\/product_tag?post=158710"}],"curies":[{"name":"wp","href":"https:\/\/api.w.org\/{rel}","templated":true}]}}