{"id":158686,"date":"2023-03-23T16:26:39","date_gmt":"2023-03-23T15:26:39","guid":{"rendered":"https:\/\/shop.bantam.ch\/produit\/kocher-vega\/"},"modified":"2026-05-10T22:25:57","modified_gmt":"2026-05-10T20:25:57","slug":"kocher-vega","status":"publish","type":"product","link":"https:\/\/shop.bantam.ch\/de\/produkt\/kocher-vega\/","title":{"rendered":"Gaskocher Optimus Vega"},"content":{"rendered":"<p>Multifunktionaler Ganzjahreskocher, auch f\u00fcr Minusgrade. Einfach den 4-Saison-Modus nutzen und die Gaskartusche auf den Kopf und die integrierten Standf\u00fcsse stellen, um Fl\u00fcssiggas durch die Leitung zu schicken. So wird die Suppe auch bei minus 20\u00b0 Celsius immer richtig hei\u00df. Mit der &#8222;Turbo Boost&#8220;-Funktion des 4-Saison-Modus, verringert sich die Kochzeit um bis zu 20 %. Mit dem tiefsten Schwerpunkt seiner Klasse ist dieser leistungsstarke Kocher extrem vielseitig einsetzbar und stabil genug auch f\u00fcr gr\u00f6\u00dfere T\u00f6pfe. Ausserdem l\u00e4sst sich die Flamme pr\u00e4zise regulieren, damit auch langsam und ohne Anbrennen gekocht werden kann.<\/p>\n<p>Lieferumfang: <br \/>Kocher <br \/>Kochertasche <br \/>Windschutz <br \/>Bedienungsanleitung<\/p>\n<ul>\n<li>Brennstoff: Gas<\/li>\n<li>Siedezeit: ca. 3:00 Min. \/ 1 l<\/li>\n<\/ul>\n","protected":false},"excerpt":{"rendered":"<p>Multifunktionaler Ganzjahreskocher, auch f\u00fcr Minusgrade. Einfach den 4-Saison-Modus nutzen und die Gaskartusche auf den Kopf und die integrierten Standf\u00fcsse stellen, um Fl\u00fcssiggas durch die Leitung zu schicken. So wird die Suppe auch bei minus 20\u00b0 Celsius immer richtig hei\u00df. Mit der &#8222;Turbo Boost&#8220;-Funktion des 4-Saison-Modus, verringert sich die Kochzeit um bis zu 20 %. Mit [&hellip;]<\/p>\n","protected":false},"featured_media":158680,"template":"","meta":{"_acf_changed":false},"product_featured_cat":[],"product_brand":[3443],"product_cat":[4306],"product_tag":[],"class_list":{"0":"post-158686","1":"product","2":"type-product","3":"status-publish","4":"has-post-thumbnail","6":"product_brand-optimus-de","7":"product_cat-kocher-kocher","9":"first","10":"instock","11":"taxable","12":"shipping-taxable","13":"purchasable","14":"product-type-simple"},"acf":[],"yoast_head":"<!-- This site is optimized with the Yoast SEO plugin v27.5 - https:\/\/yoast.com\/product\/yoast-seo-wordpress\/ -->\n<title>Gaskocher Optimus Vega - Bantam<\/title>\n<meta name=\"robots\" content=\"index, follow, max-snippet:-1, max-image-preview:large, max-video-preview:-1\" \/>\n<link rel=\"canonical\" href=\"https:\/\/shop.bantam.ch\/de\/produkt\/kocher-vega\/\" \/>\n<meta property=\"og:locale\" content=\"de_DE\" \/>\n<meta property=\"og:type\" content=\"article\" \/>\n<meta property=\"og:title\" content=\"Gaskocher Optimus Vega - Bantam\" \/>\n<meta property=\"og:description\" content=\"Multifunktionaler Ganzjahreskocher, auch f\u00fcr Minusgrade. Einfach den 4-Saison-Modus nutzen und die Gaskartusche auf den Kopf und die integrierten Standf\u00fcsse stellen, um Fl\u00fcssiggas durch die Leitung zu schicken. So wird die Suppe auch bei minus 20\u00b0 Celsius immer richtig hei\u00df. Mit der &#8222;Turbo Boost&#8220;-Funktion des 4-Saison-Modus, verringert sich die Kochzeit um bis zu 20 %. Mit [&hellip;]\" \/>\n<meta property=\"og:url\" content=\"https:\/\/shop.bantam.ch\/de\/produkt\/kocher-vega\/\" \/>\n<meta property=\"og:site_name\" content=\"Bantam\" \/>\n<meta property=\"article:modified_time\" content=\"2026-05-10T20:25:57+00:00\" \/>\n<meta property=\"og:image\" content=\"https:\/\/shop.bantam.ch\/wp-content\/uploads\/2023\/03\/994067921.jpg\" \/>\n\t<meta property=\"og:image:width\" content=\"1000\" \/>\n\t<meta property=\"og:image:height\" content=\"577\" \/>\n\t<meta property=\"og:image:type\" content=\"image\/jpeg\" \/>\n<meta name=\"twitter:card\" content=\"summary_large_image\" \/>\n<meta name=\"twitter:label1\" content=\"Gesch\u00e4tzte Lesezeit\" \/>\n\t<meta name=\"twitter:data1\" content=\"1\u00a0Minute\" \/>\n<script type=\"application\/ld+json\" class=\"yoast-schema-graph\">{\"@context\":\"https:\\\/\\\/schema.org\",\"@graph\":[{\"@type\":\"WebPage\",\"@id\":\"https:\\\/\\\/shop.bantam.ch\\\/de\\\/produkt\\\/kocher-vega\\\/\",\"url\":\"https:\\\/\\\/shop.bantam.ch\\\/de\\\/produkt\\\/kocher-vega\\\/\",\"name\":\"Gaskocher Optimus Vega - Bantam\",\"isPartOf\":{\"@id\":\"https:\\\/\\\/shop.bantam.ch\\\/de\\\/#website\"},\"primaryImageOfPage\":{\"@id\":\"https:\\\/\\\/shop.bantam.ch\\\/de\\\/produkt\\\/kocher-vega\\\/#primaryimage\"},\"image\":{\"@id\":\"https:\\\/\\\/shop.bantam.ch\\\/de\\\/produkt\\\/kocher-vega\\\/#primaryimage\"},\"thumbnailUrl\":\"https:\\\/\\\/shop.bantam.ch\\\/wp-content\\\/uploads\\\/2023\\\/03\\\/994067921.jpg\",\"datePublished\":\"2023-03-23T15:26:39+00:00\",\"dateModified\":\"2026-05-10T20:25:57+00:00\",\"breadcrumb\":{\"@id\":\"https:\\\/\\\/shop.bantam.ch\\\/de\\\/produkt\\\/kocher-vega\\\/#breadcrumb\"},\"inLanguage\":\"de\",\"potentialAction\":[{\"@type\":\"ReadAction\",\"target\":[\"https:\\\/\\\/shop.bantam.ch\\\/de\\\/produkt\\\/kocher-vega\\\/\"]}]},{\"@type\":\"ImageObject\",\"inLanguage\":\"de\",\"@id\":\"https:\\\/\\\/shop.bantam.ch\\\/de\\\/produkt\\\/kocher-vega\\\/#primaryimage\",\"url\":\"https:\\\/\\\/shop.bantam.ch\\\/wp-content\\\/uploads\\\/2023\\\/03\\\/994067921.jpg\",\"contentUrl\":\"https:\\\/\\\/shop.bantam.ch\\\/wp-content\\\/uploads\\\/2023\\\/03\\\/994067921.jpg\",\"width\":1000,\"height\":577},{\"@type\":\"BreadcrumbList\",\"@id\":\"https:\\\/\\\/shop.bantam.ch\\\/de\\\/produkt\\\/kocher-vega\\\/#breadcrumb\",\"itemListElement\":[{\"@type\":\"ListItem\",\"position\":1,\"name\":\"Accueil\",\"item\":\"https:\\\/\\\/shop.bantam.ch\\\/de\\\/\"},{\"@type\":\"ListItem\",\"position\":2,\"name\":\"Shop\",\"item\":\"https:\\\/\\\/shop.bantam.ch\\\/de\\\/shop\\\/\"},{\"@type\":\"ListItem\",\"position\":3,\"name\":\"Gaskocher Optimus Vega\"}]},{\"@type\":\"WebSite\",\"@id\":\"https:\\\/\\\/shop.bantam.ch\\\/de\\\/#website\",\"url\":\"https:\\\/\\\/shop.bantam.ch\\\/de\\\/\",\"name\":\"Bantam\",\"description\":\"\",\"publisher\":{\"@id\":\"https:\\\/\\\/shop.bantam.ch\\\/de\\\/#organization\"},\"inLanguage\":\"de\"},{\"@type\":\"Organization\",\"@id\":\"https:\\\/\\\/shop.bantam.ch\\\/de\\\/#organization\",\"name\":\"Bantam\",\"url\":\"https:\\\/\\\/shop.bantam.ch\\\/de\\\/\",\"logo\":{\"@type\":\"ImageObject\",\"inLanguage\":\"de\",\"@id\":\"https:\\\/\\\/shop.bantam.ch\\\/de\\\/#\\\/schema\\\/logo\\\/image\\\/\",\"url\":\"https:\\\/\\\/shop.bantam.ch\\\/wp-content\\\/uploads\\\/2022\\\/12\\\/bantam-logo.png\",\"contentUrl\":\"https:\\\/\\\/shop.bantam.ch\\\/wp-content\\\/uploads\\\/2022\\\/12\\\/bantam-logo.png\",\"width\":320,\"height\":71,\"caption\":\"Bantam\"},\"image\":{\"@id\":\"https:\\\/\\\/shop.bantam.ch\\\/de\\\/#\\\/schema\\\/logo\\\/image\\\/\"}}]}<\/script>\n<!-- \/ Yoast SEO plugin. -->","yoast_head_json":{"title":"Gaskocher Optimus Vega - Bantam","robots":{"index":"index","follow":"follow","max-snippet":"max-snippet:-1","max-image-preview":"max-image-preview:large","max-video-preview":"max-video-preview:-1"},"canonical":"https:\/\/shop.bantam.ch\/de\/produkt\/kocher-vega\/","og_locale":"de_DE","og_type":"article","og_title":"Gaskocher Optimus Vega - Bantam","og_description":"Multifunktionaler Ganzjahreskocher, auch f\u00fcr Minusgrade. Einfach den 4-Saison-Modus nutzen und die Gaskartusche auf den Kopf und die integrierten Standf\u00fcsse stellen, um Fl\u00fcssiggas durch die Leitung zu schicken. So wird die Suppe auch bei minus 20\u00b0 Celsius immer richtig hei\u00df. Mit der &#8222;Turbo Boost&#8220;-Funktion des 4-Saison-Modus, verringert sich die Kochzeit um bis zu 20 %. Mit [&hellip;]","og_url":"https:\/\/shop.bantam.ch\/de\/produkt\/kocher-vega\/","og_site_name":"Bantam","article_modified_time":"2026-05-10T20:25:57+00:00","og_image":[{"width":1000,"height":577,"url":"https:\/\/shop.bantam.ch\/wp-content\/uploads\/2023\/03\/994067921.jpg","type":"image\/jpeg"}],"twitter_card":"summary_large_image","twitter_misc":{"Gesch\u00e4tzte Lesezeit":"1\u00a0Minute"},"schema":{"@context":"https:\/\/schema.org","@graph":[{"@type":"WebPage","@id":"https:\/\/shop.bantam.ch\/de\/produkt\/kocher-vega\/","url":"https:\/\/shop.bantam.ch\/de\/produkt\/kocher-vega\/","name":"Gaskocher Optimus Vega - Bantam","isPartOf":{"@id":"https:\/\/shop.bantam.ch\/de\/#website"},"primaryImageOfPage":{"@id":"https:\/\/shop.bantam.ch\/de\/produkt\/kocher-vega\/#primaryimage"},"image":{"@id":"https:\/\/shop.bantam.ch\/de\/produkt\/kocher-vega\/#primaryimage"},"thumbnailUrl":"https:\/\/shop.bantam.ch\/wp-content\/uploads\/2023\/03\/994067921.jpg","datePublished":"2023-03-23T15:26:39+00:00","dateModified":"2026-05-10T20:25:57+00:00","breadcrumb":{"@id":"https:\/\/shop.bantam.ch\/de\/produkt\/kocher-vega\/#breadcrumb"},"inLanguage":"de","potentialAction":[{"@type":"ReadAction","target":["https:\/\/shop.bantam.ch\/de\/produkt\/kocher-vega\/"]}]},{"@type":"ImageObject","inLanguage":"de","@id":"https:\/\/shop.bantam.ch\/de\/produkt\/kocher-vega\/#primaryimage","url":"https:\/\/shop.bantam.ch\/wp-content\/uploads\/2023\/03\/994067921.jpg","contentUrl":"https:\/\/shop.bantam.ch\/wp-content\/uploads\/2023\/03\/994067921.jpg","width":1000,"height":577},{"@type":"BreadcrumbList","@id":"https:\/\/shop.bantam.ch\/de\/produkt\/kocher-vega\/#breadcrumb","itemListElement":[{"@type":"ListItem","position":1,"name":"Accueil","item":"https:\/\/shop.bantam.ch\/de\/"},{"@type":"ListItem","position":2,"name":"Shop","item":"https:\/\/shop.bantam.ch\/de\/shop\/"},{"@type":"ListItem","position":3,"name":"Gaskocher Optimus Vega"}]},{"@type":"WebSite","@id":"https:\/\/shop.bantam.ch\/de\/#website","url":"https:\/\/shop.bantam.ch\/de\/","name":"Bantam","description":"","publisher":{"@id":"https:\/\/shop.bantam.ch\/de\/#organization"},"inLanguage":"de"},{"@type":"Organization","@id":"https:\/\/shop.bantam.ch\/de\/#organization","name":"Bantam","url":"https:\/\/shop.bantam.ch\/de\/","logo":{"@type":"ImageObject","inLanguage":"de","@id":"https:\/\/shop.bantam.ch\/de\/#\/schema\/logo\/image\/","url":"https:\/\/shop.bantam.ch\/wp-content\/uploads\/2022\/12\/bantam-logo.png","contentUrl":"https:\/\/shop.bantam.ch\/wp-content\/uploads\/2022\/12\/bantam-logo.png","width":320,"height":71,"caption":"Bantam"},"image":{"@id":"https:\/\/shop.bantam.ch\/de\/#\/schema\/logo\/image\/"}}]}},"_links":{"self":[{"href":"https:\/\/shop.bantam.ch\/de\/wp-json\/wp\/v2\/product\/158686","targetHints":{"allow":["GET"]}}],"collection":[{"href":"https:\/\/shop.bantam.ch\/de\/wp-json\/wp\/v2\/product"}],"about":[{"href":"https:\/\/shop.bantam.ch\/de\/wp-json\/wp\/v2\/types\/product"}],"wp:featuredmedia":[{"embeddable":true,"href":"https:\/\/shop.bantam.ch\/de\/wp-json\/wp\/v2\/media\/158680"}],"wp:attachment":[{"href":"https:\/\/shop.bantam.ch\/de\/wp-json\/wp\/v2\/media?parent=158686"}],"wp:term":[{"taxonomy":"product_featured_cat","embeddable":true,"href":"https:\/\/shop.bantam.ch\/de\/wp-json\/wp\/v2\/product_featured_cat?post=158686"},{"taxonomy":"product_brand","embeddable":true,"href":"https:\/\/shop.bantam.ch\/de\/wp-json\/wp\/v2\/product_brand?post=158686"},{"taxonomy":"product_cat","embeddable":true,"href":"https:\/\/shop.bantam.ch\/de\/wp-json\/wp\/v2\/product_cat?post=158686"},{"taxonomy":"product_tag","embeddable":true,"href":"https:\/\/shop.bantam.ch\/de\/wp-json\/wp\/v2\/product_tag?post=158686"}],"curies":[{"name":"wp","href":"https:\/\/api.w.org\/{rel}","templated":true}]}}