{"id":158422,"date":"2023-03-23T16:21:06","date_gmt":"2023-03-23T15:21:06","guid":{"rendered":"https:\/\/shop.bantam.ch\/produit\/trockenlaufschutz-fuer-pumpen\/"},"modified":"2026-05-02T22:18:53","modified_gmt":"2026-05-02T20:18:53","slug":"trockenlaufschutz-fuer-pumpen","status":"publish","type":"product","link":"https:\/\/shop.bantam.ch\/de\/produkt\/trockenlaufschutz-fuer-pumpen\/","title":{"rendered":"Trockenlaufschutz f\u00fcr Pumpen"},"content":{"rendered":"<p>Nach dem Einschalten (Wasserhahn auf) wird die angeschlossene Pumpe f\u00fcr ca. 60 Sekunden eingeschaltet, unabh\u00e4ngig davon, ob die Pumpe Wasser transportiert oder nicht (LED &#8211; gr\u00fcn).<br \/>Die Pumpe bleibt solange eingeschaltet, bis kein Wassertransport (Wassermangel o.\u00e4.) mehr m\u00f6glich ist oder der Wasserhahn geschlossen wird.<br \/>Tritt ein Wassermangel \/ Trockenlauf ein, wird der Timer des Abschaltmoduls aktiviert. Dieser schaltet die Pumpe nach ca. 60 s Trockenlauf ab. Das wird durch das Aufleuchten der roten LED am Abschaltmodul angezeigt. Zum Abstellen des erkannten Fehlers ist die Spannungsversorgung durch schlie\u00dfen des Wasserhahns zu unterbrechen und die Ursache des Trockenlaufs (Wassermangel, falsche Lage der Pumpe) abzustellen. Beim n\u00e4chsten \u00d6ffnen des Hahns ist das Abschaltmodul wieder aktiv und die Pumpe startet. Ist der Wassermangel behoben, wird der Abschalt-Timer inaktiv und die Wasserversorgung l\u00e4uft st\u00f6rungsfrei bis erneut ein Wassermangel erkannt wird.<br \/>Das Ein- und Ausschalten des Abschaltmoduls erfolgt jeweils automatisch mit dem Bet\u00e4tigen der Wasserarmaturen.<\/p>\n<\/p>\n<ul>\n<li>F\u00fcr Pumpen geeignet mit min. 12 W \/ max. 45 W<\/li>\n<\/ul>\n","protected":false},"excerpt":{"rendered":"<p>Nach dem Einschalten (Wasserhahn auf) wird die angeschlossene Pumpe f\u00fcr ca. 60 Sekunden eingeschaltet, unabh\u00e4ngig davon, ob die Pumpe Wasser transportiert oder nicht (LED &#8211; gr\u00fcn).Die Pumpe bleibt solange eingeschaltet, bis kein Wassertransport (Wassermangel o.\u00e4.) mehr m\u00f6glich ist oder der Wasserhahn geschlossen wird.Tritt ein Wassermangel \/ Trockenlauf ein, wird der Timer des Abschaltmoduls aktiviert. Dieser [&hellip;]<\/p>\n","protected":false},"featured_media":158420,"template":"","meta":{"_acf_changed":false},"product_featured_cat":[],"product_brand":[3111],"product_cat":[4124],"product_tag":[],"class_list":{"0":"post-158422","1":"product","2":"type-product","3":"status-publish","4":"has-post-thumbnail","6":"product_brand-comet-de","7":"product_cat-wasser-sanitaer-zubehoer","9":"first","10":"instock","11":"taxable","12":"shipping-taxable","13":"purchasable","14":"product-type-simple"},"acf":[],"yoast_head":"<!-- This site is optimized with the Yoast SEO plugin v27.5 - https:\/\/yoast.com\/product\/yoast-seo-wordpress\/ -->\n<title>Trockenlaufschutz f\u00fcr Pumpen - Bantam<\/title>\n<meta name=\"robots\" content=\"index, follow, max-snippet:-1, max-image-preview:large, max-video-preview:-1\" \/>\n<link rel=\"canonical\" href=\"https:\/\/shop.bantam.ch\/de\/produkt\/trockenlaufschutz-fuer-pumpen\/\" \/>\n<meta property=\"og:locale\" content=\"de_DE\" \/>\n<meta property=\"og:type\" content=\"article\" \/>\n<meta property=\"og:title\" content=\"Trockenlaufschutz f\u00fcr Pumpen - Bantam\" \/>\n<meta property=\"og:description\" content=\"Nach dem Einschalten (Wasserhahn auf) wird die angeschlossene Pumpe f\u00fcr ca. 60 Sekunden eingeschaltet, unabh\u00e4ngig davon, ob die Pumpe Wasser transportiert oder nicht (LED &#8211; gr\u00fcn).Die Pumpe bleibt solange eingeschaltet, bis kein Wassertransport (Wassermangel o.\u00e4.) mehr m\u00f6glich ist oder der Wasserhahn geschlossen wird.Tritt ein Wassermangel \/ Trockenlauf ein, wird der Timer des Abschaltmoduls aktiviert. Dieser [&hellip;]\" \/>\n<meta property=\"og:url\" content=\"https:\/\/shop.bantam.ch\/de\/produkt\/trockenlaufschutz-fuer-pumpen\/\" \/>\n<meta property=\"og:site_name\" content=\"Bantam\" \/>\n<meta property=\"article:modified_time\" content=\"2026-05-02T20:18:53+00:00\" \/>\n<meta property=\"og:image\" content=\"https:\/\/shop.bantam.ch\/wp-content\/uploads\/2023\/03\/9950754-Trockenlaufschutz_Comet-Standard-01.jpg\" \/>\n\t<meta property=\"og:image:width\" content=\"1000\" \/>\n\t<meta property=\"og:image:height\" content=\"1000\" \/>\n\t<meta property=\"og:image:type\" content=\"image\/jpeg\" \/>\n<meta name=\"twitter:card\" content=\"summary_large_image\" \/>\n<meta name=\"twitter:label1\" content=\"Gesch\u00e4tzte Lesezeit\" \/>\n\t<meta name=\"twitter:data1\" content=\"1\u00a0Minute\" \/>\n<script type=\"application\/ld+json\" class=\"yoast-schema-graph\">{\"@context\":\"https:\\\/\\\/schema.org\",\"@graph\":[{\"@type\":\"WebPage\",\"@id\":\"https:\\\/\\\/shop.bantam.ch\\\/de\\\/produkt\\\/trockenlaufschutz-fuer-pumpen\\\/\",\"url\":\"https:\\\/\\\/shop.bantam.ch\\\/de\\\/produkt\\\/trockenlaufschutz-fuer-pumpen\\\/\",\"name\":\"Trockenlaufschutz f\u00fcr Pumpen - Bantam\",\"isPartOf\":{\"@id\":\"https:\\\/\\\/shop.bantam.ch\\\/de\\\/#website\"},\"primaryImageOfPage\":{\"@id\":\"https:\\\/\\\/shop.bantam.ch\\\/de\\\/produkt\\\/trockenlaufschutz-fuer-pumpen\\\/#primaryimage\"},\"image\":{\"@id\":\"https:\\\/\\\/shop.bantam.ch\\\/de\\\/produkt\\\/trockenlaufschutz-fuer-pumpen\\\/#primaryimage\"},\"thumbnailUrl\":\"https:\\\/\\\/shop.bantam.ch\\\/wp-content\\\/uploads\\\/2023\\\/03\\\/9950754-Trockenlaufschutz_Comet-Standard-01.jpg\",\"datePublished\":\"2023-03-23T15:21:06+00:00\",\"dateModified\":\"2026-05-02T20:18:53+00:00\",\"breadcrumb\":{\"@id\":\"https:\\\/\\\/shop.bantam.ch\\\/de\\\/produkt\\\/trockenlaufschutz-fuer-pumpen\\\/#breadcrumb\"},\"inLanguage\":\"de\",\"potentialAction\":[{\"@type\":\"ReadAction\",\"target\":[\"https:\\\/\\\/shop.bantam.ch\\\/de\\\/produkt\\\/trockenlaufschutz-fuer-pumpen\\\/\"]}]},{\"@type\":\"ImageObject\",\"inLanguage\":\"de\",\"@id\":\"https:\\\/\\\/shop.bantam.ch\\\/de\\\/produkt\\\/trockenlaufschutz-fuer-pumpen\\\/#primaryimage\",\"url\":\"https:\\\/\\\/shop.bantam.ch\\\/wp-content\\\/uploads\\\/2023\\\/03\\\/9950754-Trockenlaufschutz_Comet-Standard-01.jpg\",\"contentUrl\":\"https:\\\/\\\/shop.bantam.ch\\\/wp-content\\\/uploads\\\/2023\\\/03\\\/9950754-Trockenlaufschutz_Comet-Standard-01.jpg\",\"width\":1000,\"height\":1000},{\"@type\":\"BreadcrumbList\",\"@id\":\"https:\\\/\\\/shop.bantam.ch\\\/de\\\/produkt\\\/trockenlaufschutz-fuer-pumpen\\\/#breadcrumb\",\"itemListElement\":[{\"@type\":\"ListItem\",\"position\":1,\"name\":\"Accueil\",\"item\":\"https:\\\/\\\/shop.bantam.ch\\\/de\\\/\"},{\"@type\":\"ListItem\",\"position\":2,\"name\":\"Shop\",\"item\":\"https:\\\/\\\/shop.bantam.ch\\\/de\\\/shop\\\/\"},{\"@type\":\"ListItem\",\"position\":3,\"name\":\"Trockenlaufschutz f\u00fcr Pumpen\"}]},{\"@type\":\"WebSite\",\"@id\":\"https:\\\/\\\/shop.bantam.ch\\\/de\\\/#website\",\"url\":\"https:\\\/\\\/shop.bantam.ch\\\/de\\\/\",\"name\":\"Bantam\",\"description\":\"\",\"publisher\":{\"@id\":\"https:\\\/\\\/shop.bantam.ch\\\/de\\\/#organization\"},\"inLanguage\":\"de\"},{\"@type\":\"Organization\",\"@id\":\"https:\\\/\\\/shop.bantam.ch\\\/de\\\/#organization\",\"name\":\"Bantam\",\"url\":\"https:\\\/\\\/shop.bantam.ch\\\/de\\\/\",\"logo\":{\"@type\":\"ImageObject\",\"inLanguage\":\"de\",\"@id\":\"https:\\\/\\\/shop.bantam.ch\\\/de\\\/#\\\/schema\\\/logo\\\/image\\\/\",\"url\":\"https:\\\/\\\/shop.bantam.ch\\\/wp-content\\\/uploads\\\/2022\\\/12\\\/bantam-logo.png\",\"contentUrl\":\"https:\\\/\\\/shop.bantam.ch\\\/wp-content\\\/uploads\\\/2022\\\/12\\\/bantam-logo.png\",\"width\":320,\"height\":71,\"caption\":\"Bantam\"},\"image\":{\"@id\":\"https:\\\/\\\/shop.bantam.ch\\\/de\\\/#\\\/schema\\\/logo\\\/image\\\/\"}}]}<\/script>\n<!-- \/ Yoast SEO plugin. -->","yoast_head_json":{"title":"Trockenlaufschutz f\u00fcr Pumpen - Bantam","robots":{"index":"index","follow":"follow","max-snippet":"max-snippet:-1","max-image-preview":"max-image-preview:large","max-video-preview":"max-video-preview:-1"},"canonical":"https:\/\/shop.bantam.ch\/de\/produkt\/trockenlaufschutz-fuer-pumpen\/","og_locale":"de_DE","og_type":"article","og_title":"Trockenlaufschutz f\u00fcr Pumpen - Bantam","og_description":"Nach dem Einschalten (Wasserhahn auf) wird die angeschlossene Pumpe f\u00fcr ca. 60 Sekunden eingeschaltet, unabh\u00e4ngig davon, ob die Pumpe Wasser transportiert oder nicht (LED &#8211; gr\u00fcn).Die Pumpe bleibt solange eingeschaltet, bis kein Wassertransport (Wassermangel o.\u00e4.) mehr m\u00f6glich ist oder der Wasserhahn geschlossen wird.Tritt ein Wassermangel \/ Trockenlauf ein, wird der Timer des Abschaltmoduls aktiviert. Dieser [&hellip;]","og_url":"https:\/\/shop.bantam.ch\/de\/produkt\/trockenlaufschutz-fuer-pumpen\/","og_site_name":"Bantam","article_modified_time":"2026-05-02T20:18:53+00:00","og_image":[{"width":1000,"height":1000,"url":"https:\/\/shop.bantam.ch\/wp-content\/uploads\/2023\/03\/9950754-Trockenlaufschutz_Comet-Standard-01.jpg","type":"image\/jpeg"}],"twitter_card":"summary_large_image","twitter_misc":{"Gesch\u00e4tzte Lesezeit":"1\u00a0Minute"},"schema":{"@context":"https:\/\/schema.org","@graph":[{"@type":"WebPage","@id":"https:\/\/shop.bantam.ch\/de\/produkt\/trockenlaufschutz-fuer-pumpen\/","url":"https:\/\/shop.bantam.ch\/de\/produkt\/trockenlaufschutz-fuer-pumpen\/","name":"Trockenlaufschutz f\u00fcr Pumpen - Bantam","isPartOf":{"@id":"https:\/\/shop.bantam.ch\/de\/#website"},"primaryImageOfPage":{"@id":"https:\/\/shop.bantam.ch\/de\/produkt\/trockenlaufschutz-fuer-pumpen\/#primaryimage"},"image":{"@id":"https:\/\/shop.bantam.ch\/de\/produkt\/trockenlaufschutz-fuer-pumpen\/#primaryimage"},"thumbnailUrl":"https:\/\/shop.bantam.ch\/wp-content\/uploads\/2023\/03\/9950754-Trockenlaufschutz_Comet-Standard-01.jpg","datePublished":"2023-03-23T15:21:06+00:00","dateModified":"2026-05-02T20:18:53+00:00","breadcrumb":{"@id":"https:\/\/shop.bantam.ch\/de\/produkt\/trockenlaufschutz-fuer-pumpen\/#breadcrumb"},"inLanguage":"de","potentialAction":[{"@type":"ReadAction","target":["https:\/\/shop.bantam.ch\/de\/produkt\/trockenlaufschutz-fuer-pumpen\/"]}]},{"@type":"ImageObject","inLanguage":"de","@id":"https:\/\/shop.bantam.ch\/de\/produkt\/trockenlaufschutz-fuer-pumpen\/#primaryimage","url":"https:\/\/shop.bantam.ch\/wp-content\/uploads\/2023\/03\/9950754-Trockenlaufschutz_Comet-Standard-01.jpg","contentUrl":"https:\/\/shop.bantam.ch\/wp-content\/uploads\/2023\/03\/9950754-Trockenlaufschutz_Comet-Standard-01.jpg","width":1000,"height":1000},{"@type":"BreadcrumbList","@id":"https:\/\/shop.bantam.ch\/de\/produkt\/trockenlaufschutz-fuer-pumpen\/#breadcrumb","itemListElement":[{"@type":"ListItem","position":1,"name":"Accueil","item":"https:\/\/shop.bantam.ch\/de\/"},{"@type":"ListItem","position":2,"name":"Shop","item":"https:\/\/shop.bantam.ch\/de\/shop\/"},{"@type":"ListItem","position":3,"name":"Trockenlaufschutz f\u00fcr Pumpen"}]},{"@type":"WebSite","@id":"https:\/\/shop.bantam.ch\/de\/#website","url":"https:\/\/shop.bantam.ch\/de\/","name":"Bantam","description":"","publisher":{"@id":"https:\/\/shop.bantam.ch\/de\/#organization"},"inLanguage":"de"},{"@type":"Organization","@id":"https:\/\/shop.bantam.ch\/de\/#organization","name":"Bantam","url":"https:\/\/shop.bantam.ch\/de\/","logo":{"@type":"ImageObject","inLanguage":"de","@id":"https:\/\/shop.bantam.ch\/de\/#\/schema\/logo\/image\/","url":"https:\/\/shop.bantam.ch\/wp-content\/uploads\/2022\/12\/bantam-logo.png","contentUrl":"https:\/\/shop.bantam.ch\/wp-content\/uploads\/2022\/12\/bantam-logo.png","width":320,"height":71,"caption":"Bantam"},"image":{"@id":"https:\/\/shop.bantam.ch\/de\/#\/schema\/logo\/image\/"}}]}},"_links":{"self":[{"href":"https:\/\/shop.bantam.ch\/de\/wp-json\/wp\/v2\/product\/158422","targetHints":{"allow":["GET"]}}],"collection":[{"href":"https:\/\/shop.bantam.ch\/de\/wp-json\/wp\/v2\/product"}],"about":[{"href":"https:\/\/shop.bantam.ch\/de\/wp-json\/wp\/v2\/types\/product"}],"wp:featuredmedia":[{"embeddable":true,"href":"https:\/\/shop.bantam.ch\/de\/wp-json\/wp\/v2\/media\/158420"}],"wp:attachment":[{"href":"https:\/\/shop.bantam.ch\/de\/wp-json\/wp\/v2\/media?parent=158422"}],"wp:term":[{"taxonomy":"product_featured_cat","embeddable":true,"href":"https:\/\/shop.bantam.ch\/de\/wp-json\/wp\/v2\/product_featured_cat?post=158422"},{"taxonomy":"product_brand","embeddable":true,"href":"https:\/\/shop.bantam.ch\/de\/wp-json\/wp\/v2\/product_brand?post=158422"},{"taxonomy":"product_cat","embeddable":true,"href":"https:\/\/shop.bantam.ch\/de\/wp-json\/wp\/v2\/product_cat?post=158422"},{"taxonomy":"product_tag","embeddable":true,"href":"https:\/\/shop.bantam.ch\/de\/wp-json\/wp\/v2\/product_tag?post=158422"}],"curies":[{"name":"wp","href":"https:\/\/api.w.org\/{rel}","templated":true}]}}