{"id":157690,"date":"2023-03-23T16:04:46","date_gmt":"2023-03-23T15:04:46","guid":{"rendered":"https:\/\/shop.bantam.ch\/produit\/einhebelmischer-kama-ut\/"},"modified":"2026-04-18T22:11:05","modified_gmt":"2026-04-18T20:11:05","slug":"einhebelmischer-kama-ut","status":"publish","type":"product","link":"https:\/\/shop.bantam.ch\/de\/produkt\/einhebelmischer-kama-ut\/","title":{"rendered":"Einhebelmischer REICH F 5 Kama UT Farbe chrom"},"content":{"rendered":"<p>Der Einhebelmischer Kama UT ist aufgebaut wie eine Haushaltsarmatur und besitzt einen 3\/8\u20ac\u009d Untertischanschluss f\u00fcr einen Brauseschlauch. Die erprobte Keramikkartusche b\u00fcrgt f\u00fcr best\u00e4ndige Qualit\u00e4t. Durch die Feinregulierung der Temperatur und Durchflussmenge \u00e4u\u00dferst sparsam im Wasserverbrauch! Die Keramikkartusche und der wasserdichte Mikroschalter sind ohne Ausbau der Armatur von oben zu wechseln.<\/p>\n<ul>\n<li>Anschluss: F5 (Die Zahl hinter der Anschlussart gibt an, bis zu welchem Eingangsdruck die Armatur betrieben werden kann)<\/li>\n<li>25 cm lange flexible Anschl\u00fcsse<\/li>\n<li>Entleerungsanzeige<\/li>\n<li>Gewindel\u00e4nge: 3 cm<\/li>\n<\/ul>\n","protected":false},"excerpt":{"rendered":"<p>Der Einhebelmischer Kama UT ist aufgebaut wie eine Haushaltsarmatur und besitzt einen 3\/8\u20ac\u009d Untertischanschluss f\u00fcr einen Brauseschlauch. Die erprobte Keramikkartusche b\u00fcrgt f\u00fcr best\u00e4ndige Qualit\u00e4t. Durch die Feinregulierung der Temperatur und Durchflussmenge \u00e4u\u00dferst sparsam im Wasserverbrauch! Die Keramikkartusche und der wasserdichte Mikroschalter sind ohne Ausbau der Armatur von oben zu wechseln. Anschluss: F5 (Die Zahl hinter [&hellip;]<\/p>\n","protected":false},"featured_media":157686,"template":"","meta":{"_acf_changed":false},"product_featured_cat":[],"product_brand":[3113],"product_cat":[4574],"product_tag":[],"class_list":{"0":"post-157690","1":"product","2":"type-product","3":"status-publish","4":"has-post-thumbnail","6":"product_brand-reich-de","7":"product_cat-einhebelmischer-kaltwasserhaehne","9":"first","10":"instock","11":"taxable","12":"shipping-taxable","13":"purchasable","14":"product-type-simple"},"acf":[],"yoast_head":"<!-- This site is optimized with the Yoast SEO plugin v27.4 - https:\/\/yoast.com\/product\/yoast-seo-wordpress\/ -->\n<title>Einhebelmischer REICH F 5 Kama UT Farbe chrom - Bantam Camping AG<\/title>\n<meta name=\"robots\" content=\"index, follow, max-snippet:-1, max-image-preview:large, max-video-preview:-1\" \/>\n<link rel=\"canonical\" href=\"https:\/\/shop.bantam.ch\/de\/produkt\/einhebelmischer-kama-ut\/\" \/>\n<meta property=\"og:locale\" content=\"de_DE\" \/>\n<meta property=\"og:type\" content=\"article\" \/>\n<meta property=\"og:title\" content=\"Einhebelmischer REICH F 5 Kama UT Farbe chrom - Bantam Camping AG\" \/>\n<meta property=\"og:description\" content=\"Der Einhebelmischer Kama UT ist aufgebaut wie eine Haushaltsarmatur und besitzt einen 3\/8\u20ac\u009d Untertischanschluss f\u00fcr einen Brauseschlauch. Die erprobte Keramikkartusche b\u00fcrgt f\u00fcr best\u00e4ndige Qualit\u00e4t. Durch die Feinregulierung der Temperatur und Durchflussmenge \u00e4u\u00dferst sparsam im Wasserverbrauch! Die Keramikkartusche und der wasserdichte Mikroschalter sind ohne Ausbau der Armatur von oben zu wechseln. Anschluss: F5 (Die Zahl hinter [&hellip;]\" \/>\n<meta property=\"og:url\" content=\"https:\/\/shop.bantam.ch\/de\/produkt\/einhebelmischer-kama-ut\/\" \/>\n<meta property=\"og:site_name\" content=\"Bantam Camping AG\" \/>\n<meta property=\"article:modified_time\" content=\"2026-04-18T20:11:05+00:00\" \/>\n<meta property=\"og:image\" content=\"https:\/\/shop.bantam.ch\/wp-content\/uploads\/2023\/03\/9970305-Einhebelmischer_KAMA_UT-Standard-01.jpg\" \/>\n\t<meta property=\"og:image:width\" content=\"837\" \/>\n\t<meta property=\"og:image:height\" content=\"1000\" \/>\n\t<meta property=\"og:image:type\" content=\"image\/jpeg\" \/>\n<meta name=\"twitter:card\" content=\"summary_large_image\" \/>\n<script type=\"application\/ld+json\" class=\"yoast-schema-graph\">{\"@context\":\"https:\\\/\\\/schema.org\",\"@graph\":[{\"@type\":\"WebPage\",\"@id\":\"https:\\\/\\\/shop.bantam.ch\\\/de\\\/produkt\\\/einhebelmischer-kama-ut\\\/\",\"url\":\"https:\\\/\\\/shop.bantam.ch\\\/de\\\/produkt\\\/einhebelmischer-kama-ut\\\/\",\"name\":\"Einhebelmischer REICH F 5 Kama UT Farbe chrom - Bantam Camping AG\",\"isPartOf\":{\"@id\":\"https:\\\/\\\/shop.bantam.ch\\\/de\\\/#website\"},\"primaryImageOfPage\":{\"@id\":\"https:\\\/\\\/shop.bantam.ch\\\/de\\\/produkt\\\/einhebelmischer-kama-ut\\\/#primaryimage\"},\"image\":{\"@id\":\"https:\\\/\\\/shop.bantam.ch\\\/de\\\/produkt\\\/einhebelmischer-kama-ut\\\/#primaryimage\"},\"thumbnailUrl\":\"https:\\\/\\\/shop.bantam.ch\\\/wp-content\\\/uploads\\\/2023\\\/03\\\/9970305-Einhebelmischer_KAMA_UT-Standard-01.jpg\",\"datePublished\":\"2023-03-23T15:04:46+00:00\",\"dateModified\":\"2026-04-18T20:11:05+00:00\",\"breadcrumb\":{\"@id\":\"https:\\\/\\\/shop.bantam.ch\\\/de\\\/produkt\\\/einhebelmischer-kama-ut\\\/#breadcrumb\"},\"inLanguage\":\"de\",\"potentialAction\":[{\"@type\":\"ReadAction\",\"target\":[\"https:\\\/\\\/shop.bantam.ch\\\/de\\\/produkt\\\/einhebelmischer-kama-ut\\\/\"]}]},{\"@type\":\"ImageObject\",\"inLanguage\":\"de\",\"@id\":\"https:\\\/\\\/shop.bantam.ch\\\/de\\\/produkt\\\/einhebelmischer-kama-ut\\\/#primaryimage\",\"url\":\"https:\\\/\\\/shop.bantam.ch\\\/wp-content\\\/uploads\\\/2023\\\/03\\\/9970305-Einhebelmischer_KAMA_UT-Standard-01.jpg\",\"contentUrl\":\"https:\\\/\\\/shop.bantam.ch\\\/wp-content\\\/uploads\\\/2023\\\/03\\\/9970305-Einhebelmischer_KAMA_UT-Standard-01.jpg\",\"width\":837,\"height\":1000},{\"@type\":\"BreadcrumbList\",\"@id\":\"https:\\\/\\\/shop.bantam.ch\\\/de\\\/produkt\\\/einhebelmischer-kama-ut\\\/#breadcrumb\",\"itemListElement\":[{\"@type\":\"ListItem\",\"position\":1,\"name\":\"Accueil\",\"item\":\"https:\\\/\\\/shop.bantam.ch\\\/de\\\/\"},{\"@type\":\"ListItem\",\"position\":2,\"name\":\"Shop\",\"item\":\"https:\\\/\\\/shop.bantam.ch\\\/de\\\/shop\\\/\"},{\"@type\":\"ListItem\",\"position\":3,\"name\":\"Einhebelmischer REICH F 5 Kama UT Farbe chrom\"}]},{\"@type\":\"WebSite\",\"@id\":\"https:\\\/\\\/shop.bantam.ch\\\/de\\\/#website\",\"url\":\"https:\\\/\\\/shop.bantam.ch\\\/de\\\/\",\"name\":\"Bantam Camping AG\",\"description\":\"\",\"publisher\":{\"@id\":\"https:\\\/\\\/shop.bantam.ch\\\/de\\\/#organization\"},\"inLanguage\":\"de\"},{\"@type\":\"Organization\",\"@id\":\"https:\\\/\\\/shop.bantam.ch\\\/de\\\/#organization\",\"name\":\"Bantam Camping AG\",\"url\":\"https:\\\/\\\/shop.bantam.ch\\\/de\\\/\",\"logo\":{\"@type\":\"ImageObject\",\"inLanguage\":\"de\",\"@id\":\"https:\\\/\\\/shop.bantam.ch\\\/de\\\/#\\\/schema\\\/logo\\\/image\\\/\",\"url\":\"https:\\\/\\\/shop.bantam.ch\\\/wp-content\\\/uploads\\\/2022\\\/12\\\/bantam-logo.png\",\"contentUrl\":\"https:\\\/\\\/shop.bantam.ch\\\/wp-content\\\/uploads\\\/2022\\\/12\\\/bantam-logo.png\",\"width\":320,\"height\":71,\"caption\":\"Bantam Camping AG\"},\"image\":{\"@id\":\"https:\\\/\\\/shop.bantam.ch\\\/de\\\/#\\\/schema\\\/logo\\\/image\\\/\"}}]}<\/script>\n<!-- \/ Yoast SEO plugin. -->","yoast_head_json":{"title":"Einhebelmischer REICH F 5 Kama UT Farbe chrom - Bantam Camping AG","robots":{"index":"index","follow":"follow","max-snippet":"max-snippet:-1","max-image-preview":"max-image-preview:large","max-video-preview":"max-video-preview:-1"},"canonical":"https:\/\/shop.bantam.ch\/de\/produkt\/einhebelmischer-kama-ut\/","og_locale":"de_DE","og_type":"article","og_title":"Einhebelmischer REICH F 5 Kama UT Farbe chrom - Bantam Camping AG","og_description":"Der Einhebelmischer Kama UT ist aufgebaut wie eine Haushaltsarmatur und besitzt einen 3\/8\u20ac\u009d Untertischanschluss f\u00fcr einen Brauseschlauch. Die erprobte Keramikkartusche b\u00fcrgt f\u00fcr best\u00e4ndige Qualit\u00e4t. Durch die Feinregulierung der Temperatur und Durchflussmenge \u00e4u\u00dferst sparsam im Wasserverbrauch! Die Keramikkartusche und der wasserdichte Mikroschalter sind ohne Ausbau der Armatur von oben zu wechseln. Anschluss: F5 (Die Zahl hinter [&hellip;]","og_url":"https:\/\/shop.bantam.ch\/de\/produkt\/einhebelmischer-kama-ut\/","og_site_name":"Bantam Camping AG","article_modified_time":"2026-04-18T20:11:05+00:00","og_image":[{"width":837,"height":1000,"url":"https:\/\/shop.bantam.ch\/wp-content\/uploads\/2023\/03\/9970305-Einhebelmischer_KAMA_UT-Standard-01.jpg","type":"image\/jpeg"}],"twitter_card":"summary_large_image","schema":{"@context":"https:\/\/schema.org","@graph":[{"@type":"WebPage","@id":"https:\/\/shop.bantam.ch\/de\/produkt\/einhebelmischer-kama-ut\/","url":"https:\/\/shop.bantam.ch\/de\/produkt\/einhebelmischer-kama-ut\/","name":"Einhebelmischer REICH F 5 Kama UT Farbe chrom - Bantam Camping AG","isPartOf":{"@id":"https:\/\/shop.bantam.ch\/de\/#website"},"primaryImageOfPage":{"@id":"https:\/\/shop.bantam.ch\/de\/produkt\/einhebelmischer-kama-ut\/#primaryimage"},"image":{"@id":"https:\/\/shop.bantam.ch\/de\/produkt\/einhebelmischer-kama-ut\/#primaryimage"},"thumbnailUrl":"https:\/\/shop.bantam.ch\/wp-content\/uploads\/2023\/03\/9970305-Einhebelmischer_KAMA_UT-Standard-01.jpg","datePublished":"2023-03-23T15:04:46+00:00","dateModified":"2026-04-18T20:11:05+00:00","breadcrumb":{"@id":"https:\/\/shop.bantam.ch\/de\/produkt\/einhebelmischer-kama-ut\/#breadcrumb"},"inLanguage":"de","potentialAction":[{"@type":"ReadAction","target":["https:\/\/shop.bantam.ch\/de\/produkt\/einhebelmischer-kama-ut\/"]}]},{"@type":"ImageObject","inLanguage":"de","@id":"https:\/\/shop.bantam.ch\/de\/produkt\/einhebelmischer-kama-ut\/#primaryimage","url":"https:\/\/shop.bantam.ch\/wp-content\/uploads\/2023\/03\/9970305-Einhebelmischer_KAMA_UT-Standard-01.jpg","contentUrl":"https:\/\/shop.bantam.ch\/wp-content\/uploads\/2023\/03\/9970305-Einhebelmischer_KAMA_UT-Standard-01.jpg","width":837,"height":1000},{"@type":"BreadcrumbList","@id":"https:\/\/shop.bantam.ch\/de\/produkt\/einhebelmischer-kama-ut\/#breadcrumb","itemListElement":[{"@type":"ListItem","position":1,"name":"Accueil","item":"https:\/\/shop.bantam.ch\/de\/"},{"@type":"ListItem","position":2,"name":"Shop","item":"https:\/\/shop.bantam.ch\/de\/shop\/"},{"@type":"ListItem","position":3,"name":"Einhebelmischer REICH F 5 Kama UT Farbe chrom"}]},{"@type":"WebSite","@id":"https:\/\/shop.bantam.ch\/de\/#website","url":"https:\/\/shop.bantam.ch\/de\/","name":"Bantam Camping AG","description":"","publisher":{"@id":"https:\/\/shop.bantam.ch\/de\/#organization"},"inLanguage":"de"},{"@type":"Organization","@id":"https:\/\/shop.bantam.ch\/de\/#organization","name":"Bantam Camping AG","url":"https:\/\/shop.bantam.ch\/de\/","logo":{"@type":"ImageObject","inLanguage":"de","@id":"https:\/\/shop.bantam.ch\/de\/#\/schema\/logo\/image\/","url":"https:\/\/shop.bantam.ch\/wp-content\/uploads\/2022\/12\/bantam-logo.png","contentUrl":"https:\/\/shop.bantam.ch\/wp-content\/uploads\/2022\/12\/bantam-logo.png","width":320,"height":71,"caption":"Bantam Camping AG"},"image":{"@id":"https:\/\/shop.bantam.ch\/de\/#\/schema\/logo\/image\/"}}]}},"_links":{"self":[{"href":"https:\/\/shop.bantam.ch\/de\/wp-json\/wp\/v2\/product\/157690","targetHints":{"allow":["GET"]}}],"collection":[{"href":"https:\/\/shop.bantam.ch\/de\/wp-json\/wp\/v2\/product"}],"about":[{"href":"https:\/\/shop.bantam.ch\/de\/wp-json\/wp\/v2\/types\/product"}],"wp:featuredmedia":[{"embeddable":true,"href":"https:\/\/shop.bantam.ch\/de\/wp-json\/wp\/v2\/media\/157686"}],"wp:attachment":[{"href":"https:\/\/shop.bantam.ch\/de\/wp-json\/wp\/v2\/media?parent=157690"}],"wp:term":[{"taxonomy":"product_featured_cat","embeddable":true,"href":"https:\/\/shop.bantam.ch\/de\/wp-json\/wp\/v2\/product_featured_cat?post=157690"},{"taxonomy":"product_brand","embeddable":true,"href":"https:\/\/shop.bantam.ch\/de\/wp-json\/wp\/v2\/product_brand?post=157690"},{"taxonomy":"product_cat","embeddable":true,"href":"https:\/\/shop.bantam.ch\/de\/wp-json\/wp\/v2\/product_cat?post=157690"},{"taxonomy":"product_tag","embeddable":true,"href":"https:\/\/shop.bantam.ch\/de\/wp-json\/wp\/v2\/product_tag?post=157690"}],"curies":[{"name":"wp","href":"https:\/\/api.w.org\/{rel}","templated":true}]}}