{"id":157616,"date":"2023-03-23T16:02:31","date_gmt":"2023-03-23T15:02:31","guid":{"rendered":"https:\/\/shop.bantam.ch\/produit\/booster-wa-1208\/"},"modified":"2026-05-01T22:06:45","modified_gmt":"2026-05-01T20:06:45","slug":"booster-wa-1208","status":"publish","type":"product","link":"https:\/\/shop.bantam.ch\/de\/produkt\/booster-wa-1208\/","title":{"rendered":"Booster WA 1208"},"content":{"rendered":"<p>Der Booster WA 1208 erh\u00f6ht die Ladespannung die im Caravan zur Verf\u00fcgung steht, auf max. 14,4 V, so dass die Caravanbatterie bei Fahrbetrieb optimal geladen wird. Werden Motor und Z\u00fcndung ausgeschaltet, trennt der Booster die Caravanbatterie vom Zugfahrzeug.<\/p>\n<ul>\n<li>Eingangsspannung: 9 &#8211; 14,5 V<\/li>\n<li>Ausgangsstrom: ca. 8 A bei 12 V<\/li>\n<li>R\u00fcckstrom aus Caravanbatterie: &lt; 0,5 mA<\/li>\n<\/ul>\n","protected":false},"excerpt":{"rendered":"<p>Der Booster WA 1208 erh\u00f6ht die Ladespannung die im Caravan zur Verf\u00fcgung steht, auf max. 14,4 V, so dass die Caravanbatterie bei Fahrbetrieb optimal geladen wird. Werden Motor und Z\u00fcndung ausgeschaltet, trennt der Booster die Caravanbatterie vom Zugfahrzeug. Eingangsspannung: 9 &#8211; 14,5 V Ausgangsstrom: ca. 8 A bei 12 V R\u00fcckstrom aus Caravanbatterie: &lt; 0,5 [&hellip;]<\/p>\n","protected":false},"featured_media":157614,"template":"","meta":{"_acf_changed":false},"product_featured_cat":[],"product_brand":[3079],"product_cat":[4910],"product_tag":[],"class_list":{"0":"post-157616","1":"product","2":"type-product","3":"status-publish","4":"has-post-thumbnail","6":"product_brand-schaudt-de","7":"product_cat-ladebooster","9":"first","10":"instock","11":"taxable","12":"shipping-taxable","13":"purchasable","14":"product-type-simple"},"acf":[],"yoast_head":"<!-- This site is optimized with the Yoast SEO plugin v27.5 - https:\/\/yoast.com\/product\/yoast-seo-wordpress\/ -->\n<title>Booster WA 1208 - Bantam<\/title>\n<meta name=\"robots\" content=\"index, follow, max-snippet:-1, max-image-preview:large, max-video-preview:-1\" \/>\n<link rel=\"canonical\" href=\"https:\/\/shop.bantam.ch\/de\/produkt\/booster-wa-1208\/\" \/>\n<meta property=\"og:locale\" content=\"de_DE\" \/>\n<meta property=\"og:type\" content=\"article\" \/>\n<meta property=\"og:title\" content=\"Booster WA 1208 - Bantam\" \/>\n<meta property=\"og:description\" content=\"Der Booster WA 1208 erh\u00f6ht die Ladespannung die im Caravan zur Verf\u00fcgung steht, auf max. 14,4 V, so dass die Caravanbatterie bei Fahrbetrieb optimal geladen wird. Werden Motor und Z\u00fcndung ausgeschaltet, trennt der Booster die Caravanbatterie vom Zugfahrzeug. Eingangsspannung: 9 &#8211; 14,5 V Ausgangsstrom: ca. 8 A bei 12 V R\u00fcckstrom aus Caravanbatterie: &lt; 0,5 [&hellip;]\" \/>\n<meta property=\"og:url\" content=\"https:\/\/shop.bantam.ch\/de\/produkt\/booster-wa-1208\/\" \/>\n<meta property=\"og:site_name\" content=\"Bantam\" \/>\n<meta property=\"article:modified_time\" content=\"2026-05-01T20:06:45+00:00\" \/>\n<meta property=\"og:image\" content=\"https:\/\/shop.bantam.ch\/wp-content\/uploads\/2023\/03\/997294111e1cfwoDHjm5He-scaled.jpg\" \/>\n\t<meta property=\"og:image:width\" content=\"1024\" \/>\n\t<meta property=\"og:image:height\" content=\"797\" \/>\n\t<meta property=\"og:image:type\" content=\"image\/jpeg\" \/>\n<meta name=\"twitter:card\" content=\"summary_large_image\" \/>\n<script type=\"application\/ld+json\" class=\"yoast-schema-graph\">{\"@context\":\"https:\\\/\\\/schema.org\",\"@graph\":[{\"@type\":\"WebPage\",\"@id\":\"https:\\\/\\\/shop.bantam.ch\\\/de\\\/produkt\\\/booster-wa-1208\\\/\",\"url\":\"https:\\\/\\\/shop.bantam.ch\\\/de\\\/produkt\\\/booster-wa-1208\\\/\",\"name\":\"Booster WA 1208 - Bantam\",\"isPartOf\":{\"@id\":\"https:\\\/\\\/shop.bantam.ch\\\/de\\\/#website\"},\"primaryImageOfPage\":{\"@id\":\"https:\\\/\\\/shop.bantam.ch\\\/de\\\/produkt\\\/booster-wa-1208\\\/#primaryimage\"},\"image\":{\"@id\":\"https:\\\/\\\/shop.bantam.ch\\\/de\\\/produkt\\\/booster-wa-1208\\\/#primaryimage\"},\"thumbnailUrl\":\"https:\\\/\\\/shop.bantam.ch\\\/wp-content\\\/uploads\\\/2023\\\/03\\\/997294111e1cfwoDHjm5He-scaled.jpg\",\"datePublished\":\"2023-03-23T15:02:31+00:00\",\"dateModified\":\"2026-05-01T20:06:45+00:00\",\"breadcrumb\":{\"@id\":\"https:\\\/\\\/shop.bantam.ch\\\/de\\\/produkt\\\/booster-wa-1208\\\/#breadcrumb\"},\"inLanguage\":\"de\",\"potentialAction\":[{\"@type\":\"ReadAction\",\"target\":[\"https:\\\/\\\/shop.bantam.ch\\\/de\\\/produkt\\\/booster-wa-1208\\\/\"]}]},{\"@type\":\"ImageObject\",\"inLanguage\":\"de\",\"@id\":\"https:\\\/\\\/shop.bantam.ch\\\/de\\\/produkt\\\/booster-wa-1208\\\/#primaryimage\",\"url\":\"https:\\\/\\\/shop.bantam.ch\\\/wp-content\\\/uploads\\\/2023\\\/03\\\/997294111e1cfwoDHjm5He-scaled.jpg\",\"contentUrl\":\"https:\\\/\\\/shop.bantam.ch\\\/wp-content\\\/uploads\\\/2023\\\/03\\\/997294111e1cfwoDHjm5He-scaled.jpg\",\"width\":2048,\"height\":1594},{\"@type\":\"BreadcrumbList\",\"@id\":\"https:\\\/\\\/shop.bantam.ch\\\/de\\\/produkt\\\/booster-wa-1208\\\/#breadcrumb\",\"itemListElement\":[{\"@type\":\"ListItem\",\"position\":1,\"name\":\"Accueil\",\"item\":\"https:\\\/\\\/shop.bantam.ch\\\/de\\\/\"},{\"@type\":\"ListItem\",\"position\":2,\"name\":\"Shop\",\"item\":\"https:\\\/\\\/shop.bantam.ch\\\/de\\\/shop\\\/\"},{\"@type\":\"ListItem\",\"position\":3,\"name\":\"Booster WA 1208\"}]},{\"@type\":\"WebSite\",\"@id\":\"https:\\\/\\\/shop.bantam.ch\\\/de\\\/#website\",\"url\":\"https:\\\/\\\/shop.bantam.ch\\\/de\\\/\",\"name\":\"Bantam\",\"description\":\"\",\"publisher\":{\"@id\":\"https:\\\/\\\/shop.bantam.ch\\\/de\\\/#organization\"},\"inLanguage\":\"de\"},{\"@type\":\"Organization\",\"@id\":\"https:\\\/\\\/shop.bantam.ch\\\/de\\\/#organization\",\"name\":\"Bantam\",\"url\":\"https:\\\/\\\/shop.bantam.ch\\\/de\\\/\",\"logo\":{\"@type\":\"ImageObject\",\"inLanguage\":\"de\",\"@id\":\"https:\\\/\\\/shop.bantam.ch\\\/de\\\/#\\\/schema\\\/logo\\\/image\\\/\",\"url\":\"https:\\\/\\\/shop.bantam.ch\\\/wp-content\\\/uploads\\\/2022\\\/12\\\/bantam-logo.png\",\"contentUrl\":\"https:\\\/\\\/shop.bantam.ch\\\/wp-content\\\/uploads\\\/2022\\\/12\\\/bantam-logo.png\",\"width\":320,\"height\":71,\"caption\":\"Bantam\"},\"image\":{\"@id\":\"https:\\\/\\\/shop.bantam.ch\\\/de\\\/#\\\/schema\\\/logo\\\/image\\\/\"}}]}<\/script>\n<!-- \/ Yoast SEO plugin. -->","yoast_head_json":{"title":"Booster WA 1208 - Bantam","robots":{"index":"index","follow":"follow","max-snippet":"max-snippet:-1","max-image-preview":"max-image-preview:large","max-video-preview":"max-video-preview:-1"},"canonical":"https:\/\/shop.bantam.ch\/de\/produkt\/booster-wa-1208\/","og_locale":"de_DE","og_type":"article","og_title":"Booster WA 1208 - Bantam","og_description":"Der Booster WA 1208 erh\u00f6ht die Ladespannung die im Caravan zur Verf\u00fcgung steht, auf max. 14,4 V, so dass die Caravanbatterie bei Fahrbetrieb optimal geladen wird. Werden Motor und Z\u00fcndung ausgeschaltet, trennt der Booster die Caravanbatterie vom Zugfahrzeug. Eingangsspannung: 9 &#8211; 14,5 V Ausgangsstrom: ca. 8 A bei 12 V R\u00fcckstrom aus Caravanbatterie: &lt; 0,5 [&hellip;]","og_url":"https:\/\/shop.bantam.ch\/de\/produkt\/booster-wa-1208\/","og_site_name":"Bantam","article_modified_time":"2026-05-01T20:06:45+00:00","og_image":[{"url":"https:\/\/shop.bantam.ch\/wp-content\/uploads\/2023\/03\/997294111e1cfwoDHjm5He-scaled.jpg","width":1024,"height":797,"type":"image\/jpeg"}],"twitter_card":"summary_large_image","schema":{"@context":"https:\/\/schema.org","@graph":[{"@type":"WebPage","@id":"https:\/\/shop.bantam.ch\/de\/produkt\/booster-wa-1208\/","url":"https:\/\/shop.bantam.ch\/de\/produkt\/booster-wa-1208\/","name":"Booster WA 1208 - Bantam","isPartOf":{"@id":"https:\/\/shop.bantam.ch\/de\/#website"},"primaryImageOfPage":{"@id":"https:\/\/shop.bantam.ch\/de\/produkt\/booster-wa-1208\/#primaryimage"},"image":{"@id":"https:\/\/shop.bantam.ch\/de\/produkt\/booster-wa-1208\/#primaryimage"},"thumbnailUrl":"https:\/\/shop.bantam.ch\/wp-content\/uploads\/2023\/03\/997294111e1cfwoDHjm5He-scaled.jpg","datePublished":"2023-03-23T15:02:31+00:00","dateModified":"2026-05-01T20:06:45+00:00","breadcrumb":{"@id":"https:\/\/shop.bantam.ch\/de\/produkt\/booster-wa-1208\/#breadcrumb"},"inLanguage":"de","potentialAction":[{"@type":"ReadAction","target":["https:\/\/shop.bantam.ch\/de\/produkt\/booster-wa-1208\/"]}]},{"@type":"ImageObject","inLanguage":"de","@id":"https:\/\/shop.bantam.ch\/de\/produkt\/booster-wa-1208\/#primaryimage","url":"https:\/\/shop.bantam.ch\/wp-content\/uploads\/2023\/03\/997294111e1cfwoDHjm5He-scaled.jpg","contentUrl":"https:\/\/shop.bantam.ch\/wp-content\/uploads\/2023\/03\/997294111e1cfwoDHjm5He-scaled.jpg","width":2048,"height":1594},{"@type":"BreadcrumbList","@id":"https:\/\/shop.bantam.ch\/de\/produkt\/booster-wa-1208\/#breadcrumb","itemListElement":[{"@type":"ListItem","position":1,"name":"Accueil","item":"https:\/\/shop.bantam.ch\/de\/"},{"@type":"ListItem","position":2,"name":"Shop","item":"https:\/\/shop.bantam.ch\/de\/shop\/"},{"@type":"ListItem","position":3,"name":"Booster WA 1208"}]},{"@type":"WebSite","@id":"https:\/\/shop.bantam.ch\/de\/#website","url":"https:\/\/shop.bantam.ch\/de\/","name":"Bantam","description":"","publisher":{"@id":"https:\/\/shop.bantam.ch\/de\/#organization"},"inLanguage":"de"},{"@type":"Organization","@id":"https:\/\/shop.bantam.ch\/de\/#organization","name":"Bantam","url":"https:\/\/shop.bantam.ch\/de\/","logo":{"@type":"ImageObject","inLanguage":"de","@id":"https:\/\/shop.bantam.ch\/de\/#\/schema\/logo\/image\/","url":"https:\/\/shop.bantam.ch\/wp-content\/uploads\/2022\/12\/bantam-logo.png","contentUrl":"https:\/\/shop.bantam.ch\/wp-content\/uploads\/2022\/12\/bantam-logo.png","width":320,"height":71,"caption":"Bantam"},"image":{"@id":"https:\/\/shop.bantam.ch\/de\/#\/schema\/logo\/image\/"}}]}},"_links":{"self":[{"href":"https:\/\/shop.bantam.ch\/de\/wp-json\/wp\/v2\/product\/157616","targetHints":{"allow":["GET"]}}],"collection":[{"href":"https:\/\/shop.bantam.ch\/de\/wp-json\/wp\/v2\/product"}],"about":[{"href":"https:\/\/shop.bantam.ch\/de\/wp-json\/wp\/v2\/types\/product"}],"wp:featuredmedia":[{"embeddable":true,"href":"https:\/\/shop.bantam.ch\/de\/wp-json\/wp\/v2\/media\/157614"}],"wp:attachment":[{"href":"https:\/\/shop.bantam.ch\/de\/wp-json\/wp\/v2\/media?parent=157616"}],"wp:term":[{"taxonomy":"product_featured_cat","embeddable":true,"href":"https:\/\/shop.bantam.ch\/de\/wp-json\/wp\/v2\/product_featured_cat?post=157616"},{"taxonomy":"product_brand","embeddable":true,"href":"https:\/\/shop.bantam.ch\/de\/wp-json\/wp\/v2\/product_brand?post=157616"},{"taxonomy":"product_cat","embeddable":true,"href":"https:\/\/shop.bantam.ch\/de\/wp-json\/wp\/v2\/product_cat?post=157616"},{"taxonomy":"product_tag","embeddable":true,"href":"https:\/\/shop.bantam.ch\/de\/wp-json\/wp\/v2\/product_tag?post=157616"}],"curies":[{"name":"wp","href":"https:\/\/api.w.org\/{rel}","templated":true}]}}