{"id":157361,"date":"2023-03-23T15:57:45","date_gmt":"2023-03-23T14:57:45","guid":{"rendered":"https:\/\/shop.bantam.ch\/produit\/kocher-camping-micro-plus-1-flammig\/"},"modified":"2026-04-18T22:09:27","modified_gmt":"2026-04-18T20:09:27","slug":"kocher-camping-micro-plus-1-flammig","status":"publish","type":"product","link":"https:\/\/shop.bantam.ch\/de\/produkt\/kocher-camping-micro-plus-1-flammig\/","title":{"rendered":"Gaskocher Camping Gaz Micro Plus 1-flammig 1230 W"},"content":{"rendered":"<p>Kompakter Einstiegskocher f\u00fcr den Betrieb mit Ventilkartuschen, so dass Kocher und Kartuschen f\u00fcr platzsparenden Transport jederzeit getrennt werden k\u00f6nnen. Die robusten Topftr\u00e4ger erlauben eine stabile Verwendung der T\u00f6pfe und mit dem Easy Clic Plus-System ist der Kocher im Handumdrehen, selbst bei Dunkelheit, montiert.<\/p>\n<p>Lieferumfang:<br \/>Ohne Gaskartusche<\/p>\n<ul>\n<li>Brenndauer: 2 Std. 30 Min. (CV 300 Plus), 4 Std. 30 Min. (CV 470 Plus)<\/li>\n<li>Siedezeit: 5 Min. 15 Sek.<\/li>\n<li>4 gro\u00dfe Topft\u00e4ger<\/li>\n<\/ul>\n","protected":false},"excerpt":{"rendered":"<p>Kompakter Einstiegskocher f\u00fcr den Betrieb mit Ventilkartuschen, so dass Kocher und Kartuschen f\u00fcr platzsparenden Transport jederzeit getrennt werden k\u00f6nnen. Die robusten Topftr\u00e4ger erlauben eine stabile Verwendung der T\u00f6pfe und mit dem Easy Clic Plus-System ist der Kocher im Handumdrehen, selbst bei Dunkelheit, montiert. Lieferumfang:Ohne Gaskartusche Brenndauer: 2 Std. 30 Min. (CV 300 Plus), 4 Std. [&hellip;]<\/p>\n","protected":false},"featured_media":157359,"template":"","meta":{"_acf_changed":false},"product_featured_cat":[],"product_brand":[3197],"product_cat":[4306],"product_tag":[],"class_list":{"0":"post-157361","1":"product","2":"type-product","3":"status-publish","4":"has-post-thumbnail","6":"product_brand-campingaz-de","7":"product_cat-kocher-kocher","9":"first","10":"instock","11":"taxable","12":"shipping-taxable","13":"purchasable","14":"product-type-simple"},"acf":[],"yoast_head":"<!-- This site is optimized with the Yoast SEO plugin v27.4 - https:\/\/yoast.com\/product\/yoast-seo-wordpress\/ -->\n<title>Gaskocher Camping Gaz Micro Plus 1-flammig 1230 W - Bantam Camping AG<\/title>\n<meta name=\"robots\" content=\"index, follow, max-snippet:-1, max-image-preview:large, max-video-preview:-1\" \/>\n<link rel=\"canonical\" href=\"https:\/\/shop.bantam.ch\/de\/produkt\/kocher-camping-micro-plus-1-flammig\/\" \/>\n<meta property=\"og:locale\" content=\"de_DE\" \/>\n<meta property=\"og:type\" content=\"article\" \/>\n<meta property=\"og:title\" content=\"Gaskocher Camping Gaz Micro Plus 1-flammig 1230 W - Bantam Camping AG\" \/>\n<meta property=\"og:description\" content=\"Kompakter Einstiegskocher f\u00fcr den Betrieb mit Ventilkartuschen, so dass Kocher und Kartuschen f\u00fcr platzsparenden Transport jederzeit getrennt werden k\u00f6nnen. Die robusten Topftr\u00e4ger erlauben eine stabile Verwendung der T\u00f6pfe und mit dem Easy Clic Plus-System ist der Kocher im Handumdrehen, selbst bei Dunkelheit, montiert. Lieferumfang:Ohne Gaskartusche Brenndauer: 2 Std. 30 Min. (CV 300 Plus), 4 Std. [&hellip;]\" \/>\n<meta property=\"og:url\" content=\"https:\/\/shop.bantam.ch\/de\/produkt\/kocher-camping-micro-plus-1-flammig\/\" \/>\n<meta property=\"og:site_name\" content=\"Bantam Camping AG\" \/>\n<meta property=\"article:modified_time\" content=\"2026-04-18T20:09:27+00:00\" \/>\n<meta property=\"og:image\" content=\"https:\/\/shop.bantam.ch\/wp-content\/uploads\/2023\/03\/9983515-Kocher_Camping_Micro_Plus_1-flammig-Standard-01.jpg\" \/>\n\t<meta property=\"og:image:width\" content=\"691\" \/>\n\t<meta property=\"og:image:height\" content=\"1000\" \/>\n\t<meta property=\"og:image:type\" content=\"image\/jpeg\" \/>\n<meta name=\"twitter:card\" content=\"summary_large_image\" \/>\n<script type=\"application\/ld+json\" class=\"yoast-schema-graph\">{\"@context\":\"https:\\\/\\\/schema.org\",\"@graph\":[{\"@type\":\"WebPage\",\"@id\":\"https:\\\/\\\/shop.bantam.ch\\\/de\\\/produkt\\\/kocher-camping-micro-plus-1-flammig\\\/\",\"url\":\"https:\\\/\\\/shop.bantam.ch\\\/de\\\/produkt\\\/kocher-camping-micro-plus-1-flammig\\\/\",\"name\":\"Gaskocher Camping Gaz Micro Plus 1-flammig 1230 W - Bantam Camping AG\",\"isPartOf\":{\"@id\":\"https:\\\/\\\/shop.bantam.ch\\\/de\\\/#website\"},\"primaryImageOfPage\":{\"@id\":\"https:\\\/\\\/shop.bantam.ch\\\/de\\\/produkt\\\/kocher-camping-micro-plus-1-flammig\\\/#primaryimage\"},\"image\":{\"@id\":\"https:\\\/\\\/shop.bantam.ch\\\/de\\\/produkt\\\/kocher-camping-micro-plus-1-flammig\\\/#primaryimage\"},\"thumbnailUrl\":\"https:\\\/\\\/shop.bantam.ch\\\/wp-content\\\/uploads\\\/2023\\\/03\\\/9983515-Kocher_Camping_Micro_Plus_1-flammig-Standard-01.jpg\",\"datePublished\":\"2023-03-23T14:57:45+00:00\",\"dateModified\":\"2026-04-18T20:09:27+00:00\",\"breadcrumb\":{\"@id\":\"https:\\\/\\\/shop.bantam.ch\\\/de\\\/produkt\\\/kocher-camping-micro-plus-1-flammig\\\/#breadcrumb\"},\"inLanguage\":\"de\",\"potentialAction\":[{\"@type\":\"ReadAction\",\"target\":[\"https:\\\/\\\/shop.bantam.ch\\\/de\\\/produkt\\\/kocher-camping-micro-plus-1-flammig\\\/\"]}]},{\"@type\":\"ImageObject\",\"inLanguage\":\"de\",\"@id\":\"https:\\\/\\\/shop.bantam.ch\\\/de\\\/produkt\\\/kocher-camping-micro-plus-1-flammig\\\/#primaryimage\",\"url\":\"https:\\\/\\\/shop.bantam.ch\\\/wp-content\\\/uploads\\\/2023\\\/03\\\/9983515-Kocher_Camping_Micro_Plus_1-flammig-Standard-01.jpg\",\"contentUrl\":\"https:\\\/\\\/shop.bantam.ch\\\/wp-content\\\/uploads\\\/2023\\\/03\\\/9983515-Kocher_Camping_Micro_Plus_1-flammig-Standard-01.jpg\",\"width\":691,\"height\":1000},{\"@type\":\"BreadcrumbList\",\"@id\":\"https:\\\/\\\/shop.bantam.ch\\\/de\\\/produkt\\\/kocher-camping-micro-plus-1-flammig\\\/#breadcrumb\",\"itemListElement\":[{\"@type\":\"ListItem\",\"position\":1,\"name\":\"Accueil\",\"item\":\"https:\\\/\\\/shop.bantam.ch\\\/de\\\/\"},{\"@type\":\"ListItem\",\"position\":2,\"name\":\"Shop\",\"item\":\"https:\\\/\\\/shop.bantam.ch\\\/de\\\/shop\\\/\"},{\"@type\":\"ListItem\",\"position\":3,\"name\":\"Gaskocher Camping Gaz Micro Plus 1-flammig 1230 W\"}]},{\"@type\":\"WebSite\",\"@id\":\"https:\\\/\\\/shop.bantam.ch\\\/de\\\/#website\",\"url\":\"https:\\\/\\\/shop.bantam.ch\\\/de\\\/\",\"name\":\"Bantam Camping AG\",\"description\":\"\",\"publisher\":{\"@id\":\"https:\\\/\\\/shop.bantam.ch\\\/de\\\/#organization\"},\"inLanguage\":\"de\"},{\"@type\":\"Organization\",\"@id\":\"https:\\\/\\\/shop.bantam.ch\\\/de\\\/#organization\",\"name\":\"Bantam Camping AG\",\"url\":\"https:\\\/\\\/shop.bantam.ch\\\/de\\\/\",\"logo\":{\"@type\":\"ImageObject\",\"inLanguage\":\"de\",\"@id\":\"https:\\\/\\\/shop.bantam.ch\\\/de\\\/#\\\/schema\\\/logo\\\/image\\\/\",\"url\":\"https:\\\/\\\/shop.bantam.ch\\\/wp-content\\\/uploads\\\/2022\\\/12\\\/bantam-logo.png\",\"contentUrl\":\"https:\\\/\\\/shop.bantam.ch\\\/wp-content\\\/uploads\\\/2022\\\/12\\\/bantam-logo.png\",\"width\":320,\"height\":71,\"caption\":\"Bantam Camping AG\"},\"image\":{\"@id\":\"https:\\\/\\\/shop.bantam.ch\\\/de\\\/#\\\/schema\\\/logo\\\/image\\\/\"}}]}<\/script>\n<!-- \/ Yoast SEO plugin. -->","yoast_head_json":{"title":"Gaskocher Camping Gaz Micro Plus 1-flammig 1230 W - Bantam Camping AG","robots":{"index":"index","follow":"follow","max-snippet":"max-snippet:-1","max-image-preview":"max-image-preview:large","max-video-preview":"max-video-preview:-1"},"canonical":"https:\/\/shop.bantam.ch\/de\/produkt\/kocher-camping-micro-plus-1-flammig\/","og_locale":"de_DE","og_type":"article","og_title":"Gaskocher Camping Gaz Micro Plus 1-flammig 1230 W - Bantam Camping AG","og_description":"Kompakter Einstiegskocher f\u00fcr den Betrieb mit Ventilkartuschen, so dass Kocher und Kartuschen f\u00fcr platzsparenden Transport jederzeit getrennt werden k\u00f6nnen. Die robusten Topftr\u00e4ger erlauben eine stabile Verwendung der T\u00f6pfe und mit dem Easy Clic Plus-System ist der Kocher im Handumdrehen, selbst bei Dunkelheit, montiert. Lieferumfang:Ohne Gaskartusche Brenndauer: 2 Std. 30 Min. (CV 300 Plus), 4 Std. [&hellip;]","og_url":"https:\/\/shop.bantam.ch\/de\/produkt\/kocher-camping-micro-plus-1-flammig\/","og_site_name":"Bantam Camping AG","article_modified_time":"2026-04-18T20:09:27+00:00","og_image":[{"width":691,"height":1000,"url":"https:\/\/shop.bantam.ch\/wp-content\/uploads\/2023\/03\/9983515-Kocher_Camping_Micro_Plus_1-flammig-Standard-01.jpg","type":"image\/jpeg"}],"twitter_card":"summary_large_image","schema":{"@context":"https:\/\/schema.org","@graph":[{"@type":"WebPage","@id":"https:\/\/shop.bantam.ch\/de\/produkt\/kocher-camping-micro-plus-1-flammig\/","url":"https:\/\/shop.bantam.ch\/de\/produkt\/kocher-camping-micro-plus-1-flammig\/","name":"Gaskocher Camping Gaz Micro Plus 1-flammig 1230 W - Bantam Camping AG","isPartOf":{"@id":"https:\/\/shop.bantam.ch\/de\/#website"},"primaryImageOfPage":{"@id":"https:\/\/shop.bantam.ch\/de\/produkt\/kocher-camping-micro-plus-1-flammig\/#primaryimage"},"image":{"@id":"https:\/\/shop.bantam.ch\/de\/produkt\/kocher-camping-micro-plus-1-flammig\/#primaryimage"},"thumbnailUrl":"https:\/\/shop.bantam.ch\/wp-content\/uploads\/2023\/03\/9983515-Kocher_Camping_Micro_Plus_1-flammig-Standard-01.jpg","datePublished":"2023-03-23T14:57:45+00:00","dateModified":"2026-04-18T20:09:27+00:00","breadcrumb":{"@id":"https:\/\/shop.bantam.ch\/de\/produkt\/kocher-camping-micro-plus-1-flammig\/#breadcrumb"},"inLanguage":"de","potentialAction":[{"@type":"ReadAction","target":["https:\/\/shop.bantam.ch\/de\/produkt\/kocher-camping-micro-plus-1-flammig\/"]}]},{"@type":"ImageObject","inLanguage":"de","@id":"https:\/\/shop.bantam.ch\/de\/produkt\/kocher-camping-micro-plus-1-flammig\/#primaryimage","url":"https:\/\/shop.bantam.ch\/wp-content\/uploads\/2023\/03\/9983515-Kocher_Camping_Micro_Plus_1-flammig-Standard-01.jpg","contentUrl":"https:\/\/shop.bantam.ch\/wp-content\/uploads\/2023\/03\/9983515-Kocher_Camping_Micro_Plus_1-flammig-Standard-01.jpg","width":691,"height":1000},{"@type":"BreadcrumbList","@id":"https:\/\/shop.bantam.ch\/de\/produkt\/kocher-camping-micro-plus-1-flammig\/#breadcrumb","itemListElement":[{"@type":"ListItem","position":1,"name":"Accueil","item":"https:\/\/shop.bantam.ch\/de\/"},{"@type":"ListItem","position":2,"name":"Shop","item":"https:\/\/shop.bantam.ch\/de\/shop\/"},{"@type":"ListItem","position":3,"name":"Gaskocher Camping Gaz Micro Plus 1-flammig 1230 W"}]},{"@type":"WebSite","@id":"https:\/\/shop.bantam.ch\/de\/#website","url":"https:\/\/shop.bantam.ch\/de\/","name":"Bantam Camping AG","description":"","publisher":{"@id":"https:\/\/shop.bantam.ch\/de\/#organization"},"inLanguage":"de"},{"@type":"Organization","@id":"https:\/\/shop.bantam.ch\/de\/#organization","name":"Bantam Camping AG","url":"https:\/\/shop.bantam.ch\/de\/","logo":{"@type":"ImageObject","inLanguage":"de","@id":"https:\/\/shop.bantam.ch\/de\/#\/schema\/logo\/image\/","url":"https:\/\/shop.bantam.ch\/wp-content\/uploads\/2022\/12\/bantam-logo.png","contentUrl":"https:\/\/shop.bantam.ch\/wp-content\/uploads\/2022\/12\/bantam-logo.png","width":320,"height":71,"caption":"Bantam Camping AG"},"image":{"@id":"https:\/\/shop.bantam.ch\/de\/#\/schema\/logo\/image\/"}}]}},"_links":{"self":[{"href":"https:\/\/shop.bantam.ch\/de\/wp-json\/wp\/v2\/product\/157361","targetHints":{"allow":["GET"]}}],"collection":[{"href":"https:\/\/shop.bantam.ch\/de\/wp-json\/wp\/v2\/product"}],"about":[{"href":"https:\/\/shop.bantam.ch\/de\/wp-json\/wp\/v2\/types\/product"}],"wp:featuredmedia":[{"embeddable":true,"href":"https:\/\/shop.bantam.ch\/de\/wp-json\/wp\/v2\/media\/157359"}],"wp:attachment":[{"href":"https:\/\/shop.bantam.ch\/de\/wp-json\/wp\/v2\/media?parent=157361"}],"wp:term":[{"taxonomy":"product_featured_cat","embeddable":true,"href":"https:\/\/shop.bantam.ch\/de\/wp-json\/wp\/v2\/product_featured_cat?post=157361"},{"taxonomy":"product_brand","embeddable":true,"href":"https:\/\/shop.bantam.ch\/de\/wp-json\/wp\/v2\/product_brand?post=157361"},{"taxonomy":"product_cat","embeddable":true,"href":"https:\/\/shop.bantam.ch\/de\/wp-json\/wp\/v2\/product_cat?post=157361"},{"taxonomy":"product_tag","embeddable":true,"href":"https:\/\/shop.bantam.ch\/de\/wp-json\/wp\/v2\/product_tag?post=157361"}],"curies":[{"name":"wp","href":"https:\/\/api.w.org\/{rel}","templated":true}]}}