{"id":157159,"date":"2023-03-23T11:08:46","date_gmt":"2023-03-23T10:08:46","guid":{"rendered":"https:\/\/shop.bantam.ch\/produit\/schutzhuelle-camper-cover-12m\/"},"modified":"2026-04-18T23:47:29","modified_gmt":"2026-04-18T21:47:29","slug":"schutzhuelle-camper-cover-12m","status":"publish","type":"product","link":"https:\/\/shop.bantam.ch\/de\/produkt\/schutzhuelle-camper-cover-12m\/","title":{"rendered":"Schutzh\u00fclle Camper Cover 12M"},"content":{"rendered":"<p>Die Wohnmobilabdeckungen der Kollektion Design 12M sind das Ergebnis unserer st\u00e4ndigen Suche nach innovativen L\u00f6sungen. Sie vereinen f\u00fcnf Jahre Produktionserfahrung mit einem neuen, modernen und attraktiven Design, das sich an den g\u00e4ngigen Motiven vieler Freizeitfahrzeuge orientiert.<\/p>\n<p>&#8211; Kratzfestes und atmungsaktives 4-lagiges UV-best\u00e4ndiges TNT-Gewebe<br \/>&#8211; Hervorragender Schutz des Fahrzeugs vor \u00e4u\u00dferen Einfl\u00fcssen wie Regen, Sonne, Staub, chemische Verschmutzung, Tierkot, Laub usw.<br \/>&#8211; Ausgezeichnetes windfestes Befestigungssystem durch robuste Riemen mit Spannschnalle<br \/>&#8211; Ausgestattet mit seitlichen Rei\u00dfverschl\u00fcssen, die einen bequemen Zugang zum Fahrzeug erm\u00f6glichen, wenn es abgedeckt ist<br \/>&#8211; Ausgestattet mit hinteren Rei\u00dfverschl\u00fcssen, die das Abdecken erheblich erleichtern und den Zugang zum hinteren Teil des Fahrzeugs im abgedeckten Zustand erm\u00f6glichen<\/p>\n<p>Lieferumfang:<br \/>inklusive Aufbewahrungstasche<\/p>\n","protected":false},"excerpt":{"rendered":"<p>Die Wohnmobilabdeckungen der Kollektion Design 12M sind das Ergebnis unserer st\u00e4ndigen Suche nach innovativen L\u00f6sungen. Sie vereinen f\u00fcnf Jahre Produktionserfahrung mit einem neuen, modernen und attraktiven Design, das sich an den g\u00e4ngigen Motiven vieler Freizeitfahrzeuge orientiert. &#8211; Kratzfestes und atmungsaktives 4-lagiges UV-best\u00e4ndiges TNT-Gewebe&#8211; Hervorragender Schutz des Fahrzeugs vor \u00e4u\u00dferen Einfl\u00fcssen wie Regen, Sonne, Staub, chemische [&hellip;]<\/p>\n","protected":false},"featured_media":157128,"template":"","meta":{"_acf_changed":false},"product_featured_cat":[],"product_brand":[3081],"product_cat":[4644],"product_tag":[],"class_list":{"0":"post-157159","1":"product","2":"type-product","3":"status-publish","4":"has-post-thumbnail","6":"product_brand-brunner-de","7":"product_cat-schutzhuellen","9":"first","10":"instock","11":"taxable","12":"shipping-taxable","13":"purchasable","14":"product-type-variable"},"acf":[],"yoast_head":"<!-- This site is optimized with the Yoast SEO plugin v27.4 - https:\/\/yoast.com\/product\/yoast-seo-wordpress\/ -->\n<title>Schutzh\u00fclle Camper Cover 12M - Bantam Camping AG<\/title>\n<meta name=\"robots\" content=\"index, follow, max-snippet:-1, max-image-preview:large, max-video-preview:-1\" \/>\n<link rel=\"canonical\" href=\"https:\/\/shop.bantam.ch\/de\/produkt\/schutzhuelle-camper-cover-12m\/\" \/>\n<meta property=\"og:locale\" content=\"de_DE\" \/>\n<meta property=\"og:type\" content=\"article\" \/>\n<meta property=\"og:title\" content=\"Schutzh\u00fclle Camper Cover 12M - Bantam Camping AG\" \/>\n<meta property=\"og:description\" content=\"Die Wohnmobilabdeckungen der Kollektion Design 12M sind das Ergebnis unserer st\u00e4ndigen Suche nach innovativen L\u00f6sungen. Sie vereinen f\u00fcnf Jahre Produktionserfahrung mit einem neuen, modernen und attraktiven Design, das sich an den g\u00e4ngigen Motiven vieler Freizeitfahrzeuge orientiert. &#8211; Kratzfestes und atmungsaktives 4-lagiges UV-best\u00e4ndiges TNT-Gewebe&#8211; Hervorragender Schutz des Fahrzeugs vor \u00e4u\u00dferen Einfl\u00fcssen wie Regen, Sonne, Staub, chemische [&hellip;]\" \/>\n<meta property=\"og:url\" content=\"https:\/\/shop.bantam.ch\/de\/produkt\/schutzhuelle-camper-cover-12m\/\" \/>\n<meta property=\"og:site_name\" content=\"Bantam Camping AG\" \/>\n<meta property=\"article:modified_time\" content=\"2026-04-18T21:47:29+00:00\" \/>\n<meta property=\"og:image\" content=\"https:\/\/shop.bantam.ch\/wp-content\/uploads\/2023\/03\/9944780100-22.jpg\" \/>\n\t<meta property=\"og:image:width\" content=\"1000\" \/>\n\t<meta property=\"og:image:height\" content=\"567\" \/>\n\t<meta property=\"og:image:type\" content=\"image\/jpeg\" \/>\n<meta name=\"twitter:card\" content=\"summary_large_image\" \/>\n<meta name=\"twitter:label1\" content=\"Gesch\u00e4tzte Lesezeit\" \/>\n\t<meta name=\"twitter:data1\" content=\"1\u00a0Minute\" \/>\n<script type=\"application\/ld+json\" class=\"yoast-schema-graph\">{\"@context\":\"https:\\\/\\\/schema.org\",\"@graph\":[{\"@type\":\"WebPage\",\"@id\":\"https:\\\/\\\/shop.bantam.ch\\\/de\\\/produkt\\\/schutzhuelle-camper-cover-12m\\\/\",\"url\":\"https:\\\/\\\/shop.bantam.ch\\\/de\\\/produkt\\\/schutzhuelle-camper-cover-12m\\\/\",\"name\":\"Schutzh\u00fclle Camper Cover 12M - Bantam Camping AG\",\"isPartOf\":{\"@id\":\"https:\\\/\\\/shop.bantam.ch\\\/de\\\/#website\"},\"primaryImageOfPage\":{\"@id\":\"https:\\\/\\\/shop.bantam.ch\\\/de\\\/produkt\\\/schutzhuelle-camper-cover-12m\\\/#primaryimage\"},\"image\":{\"@id\":\"https:\\\/\\\/shop.bantam.ch\\\/de\\\/produkt\\\/schutzhuelle-camper-cover-12m\\\/#primaryimage\"},\"thumbnailUrl\":\"https:\\\/\\\/shop.bantam.ch\\\/wp-content\\\/uploads\\\/2023\\\/03\\\/9944780100-22.jpg\",\"datePublished\":\"2023-03-23T10:08:46+00:00\",\"dateModified\":\"2026-04-18T21:47:29+00:00\",\"breadcrumb\":{\"@id\":\"https:\\\/\\\/shop.bantam.ch\\\/de\\\/produkt\\\/schutzhuelle-camper-cover-12m\\\/#breadcrumb\"},\"inLanguage\":\"de\",\"potentialAction\":[{\"@type\":\"ReadAction\",\"target\":[\"https:\\\/\\\/shop.bantam.ch\\\/de\\\/produkt\\\/schutzhuelle-camper-cover-12m\\\/\"]}]},{\"@type\":\"ImageObject\",\"inLanguage\":\"de\",\"@id\":\"https:\\\/\\\/shop.bantam.ch\\\/de\\\/produkt\\\/schutzhuelle-camper-cover-12m\\\/#primaryimage\",\"url\":\"https:\\\/\\\/shop.bantam.ch\\\/wp-content\\\/uploads\\\/2023\\\/03\\\/9944780100-22.jpg\",\"contentUrl\":\"https:\\\/\\\/shop.bantam.ch\\\/wp-content\\\/uploads\\\/2023\\\/03\\\/9944780100-22.jpg\",\"width\":1000,\"height\":567},{\"@type\":\"BreadcrumbList\",\"@id\":\"https:\\\/\\\/shop.bantam.ch\\\/de\\\/produkt\\\/schutzhuelle-camper-cover-12m\\\/#breadcrumb\",\"itemListElement\":[{\"@type\":\"ListItem\",\"position\":1,\"name\":\"Accueil\",\"item\":\"https:\\\/\\\/shop.bantam.ch\\\/de\\\/\"},{\"@type\":\"ListItem\",\"position\":2,\"name\":\"Shop\",\"item\":\"https:\\\/\\\/shop.bantam.ch\\\/de\\\/shop\\\/\"},{\"@type\":\"ListItem\",\"position\":3,\"name\":\"Schutzh\u00fclle Camper Cover 12M\"}]},{\"@type\":\"WebSite\",\"@id\":\"https:\\\/\\\/shop.bantam.ch\\\/de\\\/#website\",\"url\":\"https:\\\/\\\/shop.bantam.ch\\\/de\\\/\",\"name\":\"Bantam Camping AG\",\"description\":\"\",\"publisher\":{\"@id\":\"https:\\\/\\\/shop.bantam.ch\\\/de\\\/#organization\"},\"inLanguage\":\"de\"},{\"@type\":\"Organization\",\"@id\":\"https:\\\/\\\/shop.bantam.ch\\\/de\\\/#organization\",\"name\":\"Bantam Camping AG\",\"url\":\"https:\\\/\\\/shop.bantam.ch\\\/de\\\/\",\"logo\":{\"@type\":\"ImageObject\",\"inLanguage\":\"de\",\"@id\":\"https:\\\/\\\/shop.bantam.ch\\\/de\\\/#\\\/schema\\\/logo\\\/image\\\/\",\"url\":\"https:\\\/\\\/shop.bantam.ch\\\/wp-content\\\/uploads\\\/2022\\\/12\\\/bantam-logo.png\",\"contentUrl\":\"https:\\\/\\\/shop.bantam.ch\\\/wp-content\\\/uploads\\\/2022\\\/12\\\/bantam-logo.png\",\"width\":320,\"height\":71,\"caption\":\"Bantam Camping AG\"},\"image\":{\"@id\":\"https:\\\/\\\/shop.bantam.ch\\\/de\\\/#\\\/schema\\\/logo\\\/image\\\/\"}}]}<\/script>\n<!-- \/ Yoast SEO plugin. -->","yoast_head_json":{"title":"Schutzh\u00fclle Camper Cover 12M - Bantam Camping AG","robots":{"index":"index","follow":"follow","max-snippet":"max-snippet:-1","max-image-preview":"max-image-preview:large","max-video-preview":"max-video-preview:-1"},"canonical":"https:\/\/shop.bantam.ch\/de\/produkt\/schutzhuelle-camper-cover-12m\/","og_locale":"de_DE","og_type":"article","og_title":"Schutzh\u00fclle Camper Cover 12M - Bantam Camping AG","og_description":"Die Wohnmobilabdeckungen der Kollektion Design 12M sind das Ergebnis unserer st\u00e4ndigen Suche nach innovativen L\u00f6sungen. Sie vereinen f\u00fcnf Jahre Produktionserfahrung mit einem neuen, modernen und attraktiven Design, das sich an den g\u00e4ngigen Motiven vieler Freizeitfahrzeuge orientiert. &#8211; Kratzfestes und atmungsaktives 4-lagiges UV-best\u00e4ndiges TNT-Gewebe&#8211; Hervorragender Schutz des Fahrzeugs vor \u00e4u\u00dferen Einfl\u00fcssen wie Regen, Sonne, Staub, chemische [&hellip;]","og_url":"https:\/\/shop.bantam.ch\/de\/produkt\/schutzhuelle-camper-cover-12m\/","og_site_name":"Bantam Camping AG","article_modified_time":"2026-04-18T21:47:29+00:00","og_image":[{"width":1000,"height":567,"url":"https:\/\/shop.bantam.ch\/wp-content\/uploads\/2023\/03\/9944780100-22.jpg","type":"image\/jpeg"}],"twitter_card":"summary_large_image","twitter_misc":{"Gesch\u00e4tzte Lesezeit":"1\u00a0Minute"},"schema":{"@context":"https:\/\/schema.org","@graph":[{"@type":"WebPage","@id":"https:\/\/shop.bantam.ch\/de\/produkt\/schutzhuelle-camper-cover-12m\/","url":"https:\/\/shop.bantam.ch\/de\/produkt\/schutzhuelle-camper-cover-12m\/","name":"Schutzh\u00fclle Camper Cover 12M - Bantam Camping AG","isPartOf":{"@id":"https:\/\/shop.bantam.ch\/de\/#website"},"primaryImageOfPage":{"@id":"https:\/\/shop.bantam.ch\/de\/produkt\/schutzhuelle-camper-cover-12m\/#primaryimage"},"image":{"@id":"https:\/\/shop.bantam.ch\/de\/produkt\/schutzhuelle-camper-cover-12m\/#primaryimage"},"thumbnailUrl":"https:\/\/shop.bantam.ch\/wp-content\/uploads\/2023\/03\/9944780100-22.jpg","datePublished":"2023-03-23T10:08:46+00:00","dateModified":"2026-04-18T21:47:29+00:00","breadcrumb":{"@id":"https:\/\/shop.bantam.ch\/de\/produkt\/schutzhuelle-camper-cover-12m\/#breadcrumb"},"inLanguage":"de","potentialAction":[{"@type":"ReadAction","target":["https:\/\/shop.bantam.ch\/de\/produkt\/schutzhuelle-camper-cover-12m\/"]}]},{"@type":"ImageObject","inLanguage":"de","@id":"https:\/\/shop.bantam.ch\/de\/produkt\/schutzhuelle-camper-cover-12m\/#primaryimage","url":"https:\/\/shop.bantam.ch\/wp-content\/uploads\/2023\/03\/9944780100-22.jpg","contentUrl":"https:\/\/shop.bantam.ch\/wp-content\/uploads\/2023\/03\/9944780100-22.jpg","width":1000,"height":567},{"@type":"BreadcrumbList","@id":"https:\/\/shop.bantam.ch\/de\/produkt\/schutzhuelle-camper-cover-12m\/#breadcrumb","itemListElement":[{"@type":"ListItem","position":1,"name":"Accueil","item":"https:\/\/shop.bantam.ch\/de\/"},{"@type":"ListItem","position":2,"name":"Shop","item":"https:\/\/shop.bantam.ch\/de\/shop\/"},{"@type":"ListItem","position":3,"name":"Schutzh\u00fclle Camper Cover 12M"}]},{"@type":"WebSite","@id":"https:\/\/shop.bantam.ch\/de\/#website","url":"https:\/\/shop.bantam.ch\/de\/","name":"Bantam Camping AG","description":"","publisher":{"@id":"https:\/\/shop.bantam.ch\/de\/#organization"},"inLanguage":"de"},{"@type":"Organization","@id":"https:\/\/shop.bantam.ch\/de\/#organization","name":"Bantam Camping AG","url":"https:\/\/shop.bantam.ch\/de\/","logo":{"@type":"ImageObject","inLanguage":"de","@id":"https:\/\/shop.bantam.ch\/de\/#\/schema\/logo\/image\/","url":"https:\/\/shop.bantam.ch\/wp-content\/uploads\/2022\/12\/bantam-logo.png","contentUrl":"https:\/\/shop.bantam.ch\/wp-content\/uploads\/2022\/12\/bantam-logo.png","width":320,"height":71,"caption":"Bantam Camping AG"},"image":{"@id":"https:\/\/shop.bantam.ch\/de\/#\/schema\/logo\/image\/"}}]}},"_links":{"self":[{"href":"https:\/\/shop.bantam.ch\/de\/wp-json\/wp\/v2\/product\/157159","targetHints":{"allow":["GET"]}}],"collection":[{"href":"https:\/\/shop.bantam.ch\/de\/wp-json\/wp\/v2\/product"}],"about":[{"href":"https:\/\/shop.bantam.ch\/de\/wp-json\/wp\/v2\/types\/product"}],"wp:featuredmedia":[{"embeddable":true,"href":"https:\/\/shop.bantam.ch\/de\/wp-json\/wp\/v2\/media\/157128"}],"wp:attachment":[{"href":"https:\/\/shop.bantam.ch\/de\/wp-json\/wp\/v2\/media?parent=157159"}],"wp:term":[{"taxonomy":"product_featured_cat","embeddable":true,"href":"https:\/\/shop.bantam.ch\/de\/wp-json\/wp\/v2\/product_featured_cat?post=157159"},{"taxonomy":"product_brand","embeddable":true,"href":"https:\/\/shop.bantam.ch\/de\/wp-json\/wp\/v2\/product_brand?post=157159"},{"taxonomy":"product_cat","embeddable":true,"href":"https:\/\/shop.bantam.ch\/de\/wp-json\/wp\/v2\/product_cat?post=157159"},{"taxonomy":"product_tag","embeddable":true,"href":"https:\/\/shop.bantam.ch\/de\/wp-json\/wp\/v2\/product_tag?post=157159"}],"curies":[{"name":"wp","href":"https:\/\/api.w.org\/{rel}","templated":true}]}}