{"id":156634,"date":"2023-03-22T16:45:47","date_gmt":"2023-03-22T15:45:47","guid":{"rendered":"https:\/\/shop.bantam.ch\/produit\/caravanvorzelt-wigo-rolli-plus-modul-250-cm-tiefe-moosgruen\/"},"modified":"2026-04-18T23:48:53","modified_gmt":"2026-04-18T21:48:53","slug":"caravanvorzelt-wigo-rolli-plus-modul-250-cm-tiefe-moosgruen","status":"publish","type":"product","link":"https:\/\/shop.bantam.ch\/de\/produkt\/caravanvorzelt-wigo-rolli-plus-modul-250-cm-tiefe-moosgruen\/","title":{"rendered":"Caravanvorzelt WIGO Rolli Plus Modul, 250 cm Tiefe, moosgr\u00fcn"},"content":{"rendered":"<p>Modulares Markisenzelt als volleingezogene Version:<\/p>\n<ul>\n<li>Leichter und schneller Aufbau<\/li>\n<li>Hohe Stabilit\u00e4t einfaches Handling<\/li>\n<li>H\u00f6chste Materialqualit\u00e4t und beste Verarbeitung<\/li>\n<li>Sturm Abspanndreiecke au\u00dfen unterhalb der Fenster<\/li>\n<li>Variable Eingangsm\u00f6glichkeiten<\/li>\n<li>Vorderwand und Seitenwand mit AIR VENT Fenster (ab Gr\u00f6\u00dfe 7 mit GAZE m\u00f6glich)<\/li>\n<li>Sturm Abspanndreiecke au\u00dfen unterhalb der Fenster<\/li>\n<li>Vorder &amp; Seitenwandh\u00e4lften herausnehmbar zur Veranda abklappbar<\/li>\n<li>Doppelter Faulstreifen<\/li>\n<li>Abgedeckte Rei\u00dfverschl\u00fcsse<\/li>\n<li>Power Grip System<\/li>\n<li>Fensterfolie get\u00f6nt<\/li>\n<li>Moos Optik<\/li>\n<\/ul>\n<p>Material:<br \/>Dach: 65 % Polyester, 35 % PVA<br \/>Seiten- und Vorderwand: 100 % Polyester mit PVC-Beschichtung<br \/>Spritzwand und Schmutzstreifen: 100 % PVC-Beschichtung<\/p>\n<p>Lieferumfang:<br \/>Dach mit Aluminium-Profil<br \/>Dach- und Aufstellstangen aus Aluminium mit Power-Grip<br \/>Vorderwand und Seitenw\u00e4nde<br \/>Rad- und Windschutz<br \/>Abspannmaterialien<br \/>Aufbauanleitung<\/p>\n","protected":false},"excerpt":{"rendered":"<p>Modulares Markisenzelt als volleingezogene Version: Leichter und schneller Aufbau Hohe Stabilit\u00e4t einfaches Handling H\u00f6chste Materialqualit\u00e4t und beste Verarbeitung Sturm Abspanndreiecke au\u00dfen unterhalb der Fenster Variable Eingangsm\u00f6glichkeiten Vorderwand und Seitenwand mit AIR VENT Fenster (ab Gr\u00f6\u00dfe 7 mit GAZE m\u00f6glich) Sturm Abspanndreiecke au\u00dfen unterhalb der Fenster Vorder &amp; Seitenwandh\u00e4lften herausnehmbar zur Veranda abklappbar Doppelter Faulstreifen Abgedeckte [&hellip;]<\/p>\n","protected":false},"featured_media":156578,"template":"","meta":{"_acf_changed":false},"product_featured_cat":[],"product_brand":[3043],"product_cat":[4224],"product_tag":[],"class_list":{"0":"post-156634","1":"product","2":"type-product","3":"status-publish","4":"has-post-thumbnail","6":"product_brand-wigo-de","7":"product_cat-markisen-vorzelte","9":"first","10":"instock","11":"taxable","12":"shipping-taxable","13":"purchasable","14":"product-type-variable"},"acf":[],"yoast_head":"<!-- This site is optimized with the Yoast SEO plugin v27.4 - https:\/\/yoast.com\/product\/yoast-seo-wordpress\/ -->\n<title>Caravanvorzelt WIGO Rolli Plus Modul, 250 cm Tiefe, moosgr\u00fcn - Bantam Camping AG<\/title>\n<meta name=\"robots\" content=\"index, follow, max-snippet:-1, max-image-preview:large, max-video-preview:-1\" \/>\n<link rel=\"canonical\" href=\"https:\/\/shop.bantam.ch\/de\/produkt\/caravanvorzelt-wigo-rolli-plus-modul-250-cm-tiefe-moosgruen\/\" \/>\n<meta property=\"og:locale\" content=\"de_DE\" \/>\n<meta property=\"og:type\" content=\"article\" \/>\n<meta property=\"og:title\" content=\"Caravanvorzelt WIGO Rolli Plus Modul, 250 cm Tiefe, moosgr\u00fcn - Bantam Camping AG\" \/>\n<meta property=\"og:description\" content=\"Modulares Markisenzelt als volleingezogene Version: Leichter und schneller Aufbau Hohe Stabilit\u00e4t einfaches Handling H\u00f6chste Materialqualit\u00e4t und beste Verarbeitung Sturm Abspanndreiecke au\u00dfen unterhalb der Fenster Variable Eingangsm\u00f6glichkeiten Vorderwand und Seitenwand mit AIR VENT Fenster (ab Gr\u00f6\u00dfe 7 mit GAZE m\u00f6glich) Sturm Abspanndreiecke au\u00dfen unterhalb der Fenster Vorder &amp; Seitenwandh\u00e4lften herausnehmbar zur Veranda abklappbar Doppelter Faulstreifen Abgedeckte [&hellip;]\" \/>\n<meta property=\"og:url\" content=\"https:\/\/shop.bantam.ch\/de\/produkt\/caravanvorzelt-wigo-rolli-plus-modul-250-cm-tiefe-moosgruen\/\" \/>\n<meta property=\"og:site_name\" content=\"Bantam Camping AG\" \/>\n<meta property=\"article:modified_time\" content=\"2026-04-18T21:48:53+00:00\" \/>\n<meta property=\"og:image\" content=\"https:\/\/shop.bantam.ch\/wp-content\/uploads\/2023\/03\/9970613100-32.jpg\" \/>\n\t<meta property=\"og:image:width\" content=\"1000\" \/>\n\t<meta property=\"og:image:height\" content=\"667\" \/>\n\t<meta property=\"og:image:type\" content=\"image\/jpeg\" \/>\n<meta name=\"twitter:card\" content=\"summary_large_image\" \/>\n<meta name=\"twitter:label1\" content=\"Gesch\u00e4tzte Lesezeit\" \/>\n\t<meta name=\"twitter:data1\" content=\"1\u00a0Minute\" \/>\n<script type=\"application\/ld+json\" class=\"yoast-schema-graph\">{\"@context\":\"https:\\\/\\\/schema.org\",\"@graph\":[{\"@type\":\"WebPage\",\"@id\":\"https:\\\/\\\/shop.bantam.ch\\\/de\\\/produkt\\\/caravanvorzelt-wigo-rolli-plus-modul-250-cm-tiefe-moosgruen\\\/\",\"url\":\"https:\\\/\\\/shop.bantam.ch\\\/de\\\/produkt\\\/caravanvorzelt-wigo-rolli-plus-modul-250-cm-tiefe-moosgruen\\\/\",\"name\":\"Caravanvorzelt WIGO Rolli Plus Modul, 250 cm Tiefe, moosgr\u00fcn - Bantam Camping AG\",\"isPartOf\":{\"@id\":\"https:\\\/\\\/shop.bantam.ch\\\/de\\\/#website\"},\"primaryImageOfPage\":{\"@id\":\"https:\\\/\\\/shop.bantam.ch\\\/de\\\/produkt\\\/caravanvorzelt-wigo-rolli-plus-modul-250-cm-tiefe-moosgruen\\\/#primaryimage\"},\"image\":{\"@id\":\"https:\\\/\\\/shop.bantam.ch\\\/de\\\/produkt\\\/caravanvorzelt-wigo-rolli-plus-modul-250-cm-tiefe-moosgruen\\\/#primaryimage\"},\"thumbnailUrl\":\"https:\\\/\\\/shop.bantam.ch\\\/wp-content\\\/uploads\\\/2023\\\/03\\\/9970613100-32.jpg\",\"datePublished\":\"2023-03-22T15:45:47+00:00\",\"dateModified\":\"2026-04-18T21:48:53+00:00\",\"breadcrumb\":{\"@id\":\"https:\\\/\\\/shop.bantam.ch\\\/de\\\/produkt\\\/caravanvorzelt-wigo-rolli-plus-modul-250-cm-tiefe-moosgruen\\\/#breadcrumb\"},\"inLanguage\":\"de\",\"potentialAction\":[{\"@type\":\"ReadAction\",\"target\":[\"https:\\\/\\\/shop.bantam.ch\\\/de\\\/produkt\\\/caravanvorzelt-wigo-rolli-plus-modul-250-cm-tiefe-moosgruen\\\/\"]}]},{\"@type\":\"ImageObject\",\"inLanguage\":\"de\",\"@id\":\"https:\\\/\\\/shop.bantam.ch\\\/de\\\/produkt\\\/caravanvorzelt-wigo-rolli-plus-modul-250-cm-tiefe-moosgruen\\\/#primaryimage\",\"url\":\"https:\\\/\\\/shop.bantam.ch\\\/wp-content\\\/uploads\\\/2023\\\/03\\\/9970613100-32.jpg\",\"contentUrl\":\"https:\\\/\\\/shop.bantam.ch\\\/wp-content\\\/uploads\\\/2023\\\/03\\\/9970613100-32.jpg\",\"width\":1000,\"height\":667},{\"@type\":\"BreadcrumbList\",\"@id\":\"https:\\\/\\\/shop.bantam.ch\\\/de\\\/produkt\\\/caravanvorzelt-wigo-rolli-plus-modul-250-cm-tiefe-moosgruen\\\/#breadcrumb\",\"itemListElement\":[{\"@type\":\"ListItem\",\"position\":1,\"name\":\"Accueil\",\"item\":\"https:\\\/\\\/shop.bantam.ch\\\/de\\\/\"},{\"@type\":\"ListItem\",\"position\":2,\"name\":\"Shop\",\"item\":\"https:\\\/\\\/shop.bantam.ch\\\/de\\\/shop\\\/\"},{\"@type\":\"ListItem\",\"position\":3,\"name\":\"Caravanvorzelt WIGO Rolli Plus Modul, 250 cm Tiefe, moosgr\u00fcn\"}]},{\"@type\":\"WebSite\",\"@id\":\"https:\\\/\\\/shop.bantam.ch\\\/de\\\/#website\",\"url\":\"https:\\\/\\\/shop.bantam.ch\\\/de\\\/\",\"name\":\"Bantam Camping AG\",\"description\":\"\",\"publisher\":{\"@id\":\"https:\\\/\\\/shop.bantam.ch\\\/de\\\/#organization\"},\"inLanguage\":\"de\"},{\"@type\":\"Organization\",\"@id\":\"https:\\\/\\\/shop.bantam.ch\\\/de\\\/#organization\",\"name\":\"Bantam Camping AG\",\"url\":\"https:\\\/\\\/shop.bantam.ch\\\/de\\\/\",\"logo\":{\"@type\":\"ImageObject\",\"inLanguage\":\"de\",\"@id\":\"https:\\\/\\\/shop.bantam.ch\\\/de\\\/#\\\/schema\\\/logo\\\/image\\\/\",\"url\":\"https:\\\/\\\/shop.bantam.ch\\\/wp-content\\\/uploads\\\/2022\\\/12\\\/bantam-logo.png\",\"contentUrl\":\"https:\\\/\\\/shop.bantam.ch\\\/wp-content\\\/uploads\\\/2022\\\/12\\\/bantam-logo.png\",\"width\":320,\"height\":71,\"caption\":\"Bantam Camping AG\"},\"image\":{\"@id\":\"https:\\\/\\\/shop.bantam.ch\\\/de\\\/#\\\/schema\\\/logo\\\/image\\\/\"}}]}<\/script>\n<!-- \/ Yoast SEO plugin. -->","yoast_head_json":{"title":"Caravanvorzelt WIGO Rolli Plus Modul, 250 cm Tiefe, moosgr\u00fcn - Bantam Camping AG","robots":{"index":"index","follow":"follow","max-snippet":"max-snippet:-1","max-image-preview":"max-image-preview:large","max-video-preview":"max-video-preview:-1"},"canonical":"https:\/\/shop.bantam.ch\/de\/produkt\/caravanvorzelt-wigo-rolli-plus-modul-250-cm-tiefe-moosgruen\/","og_locale":"de_DE","og_type":"article","og_title":"Caravanvorzelt WIGO Rolli Plus Modul, 250 cm Tiefe, moosgr\u00fcn - Bantam Camping AG","og_description":"Modulares Markisenzelt als volleingezogene Version: Leichter und schneller Aufbau Hohe Stabilit\u00e4t einfaches Handling H\u00f6chste Materialqualit\u00e4t und beste Verarbeitung Sturm Abspanndreiecke au\u00dfen unterhalb der Fenster Variable Eingangsm\u00f6glichkeiten Vorderwand und Seitenwand mit AIR VENT Fenster (ab Gr\u00f6\u00dfe 7 mit GAZE m\u00f6glich) Sturm Abspanndreiecke au\u00dfen unterhalb der Fenster Vorder &amp; Seitenwandh\u00e4lften herausnehmbar zur Veranda abklappbar Doppelter Faulstreifen Abgedeckte [&hellip;]","og_url":"https:\/\/shop.bantam.ch\/de\/produkt\/caravanvorzelt-wigo-rolli-plus-modul-250-cm-tiefe-moosgruen\/","og_site_name":"Bantam Camping AG","article_modified_time":"2026-04-18T21:48:53+00:00","og_image":[{"width":1000,"height":667,"url":"https:\/\/shop.bantam.ch\/wp-content\/uploads\/2023\/03\/9970613100-32.jpg","type":"image\/jpeg"}],"twitter_card":"summary_large_image","twitter_misc":{"Gesch\u00e4tzte Lesezeit":"1\u00a0Minute"},"schema":{"@context":"https:\/\/schema.org","@graph":[{"@type":"WebPage","@id":"https:\/\/shop.bantam.ch\/de\/produkt\/caravanvorzelt-wigo-rolli-plus-modul-250-cm-tiefe-moosgruen\/","url":"https:\/\/shop.bantam.ch\/de\/produkt\/caravanvorzelt-wigo-rolli-plus-modul-250-cm-tiefe-moosgruen\/","name":"Caravanvorzelt WIGO Rolli Plus Modul, 250 cm Tiefe, moosgr\u00fcn - Bantam Camping AG","isPartOf":{"@id":"https:\/\/shop.bantam.ch\/de\/#website"},"primaryImageOfPage":{"@id":"https:\/\/shop.bantam.ch\/de\/produkt\/caravanvorzelt-wigo-rolli-plus-modul-250-cm-tiefe-moosgruen\/#primaryimage"},"image":{"@id":"https:\/\/shop.bantam.ch\/de\/produkt\/caravanvorzelt-wigo-rolli-plus-modul-250-cm-tiefe-moosgruen\/#primaryimage"},"thumbnailUrl":"https:\/\/shop.bantam.ch\/wp-content\/uploads\/2023\/03\/9970613100-32.jpg","datePublished":"2023-03-22T15:45:47+00:00","dateModified":"2026-04-18T21:48:53+00:00","breadcrumb":{"@id":"https:\/\/shop.bantam.ch\/de\/produkt\/caravanvorzelt-wigo-rolli-plus-modul-250-cm-tiefe-moosgruen\/#breadcrumb"},"inLanguage":"de","potentialAction":[{"@type":"ReadAction","target":["https:\/\/shop.bantam.ch\/de\/produkt\/caravanvorzelt-wigo-rolli-plus-modul-250-cm-tiefe-moosgruen\/"]}]},{"@type":"ImageObject","inLanguage":"de","@id":"https:\/\/shop.bantam.ch\/de\/produkt\/caravanvorzelt-wigo-rolli-plus-modul-250-cm-tiefe-moosgruen\/#primaryimage","url":"https:\/\/shop.bantam.ch\/wp-content\/uploads\/2023\/03\/9970613100-32.jpg","contentUrl":"https:\/\/shop.bantam.ch\/wp-content\/uploads\/2023\/03\/9970613100-32.jpg","width":1000,"height":667},{"@type":"BreadcrumbList","@id":"https:\/\/shop.bantam.ch\/de\/produkt\/caravanvorzelt-wigo-rolli-plus-modul-250-cm-tiefe-moosgruen\/#breadcrumb","itemListElement":[{"@type":"ListItem","position":1,"name":"Accueil","item":"https:\/\/shop.bantam.ch\/de\/"},{"@type":"ListItem","position":2,"name":"Shop","item":"https:\/\/shop.bantam.ch\/de\/shop\/"},{"@type":"ListItem","position":3,"name":"Caravanvorzelt WIGO Rolli Plus Modul, 250 cm Tiefe, moosgr\u00fcn"}]},{"@type":"WebSite","@id":"https:\/\/shop.bantam.ch\/de\/#website","url":"https:\/\/shop.bantam.ch\/de\/","name":"Bantam Camping AG","description":"","publisher":{"@id":"https:\/\/shop.bantam.ch\/de\/#organization"},"inLanguage":"de"},{"@type":"Organization","@id":"https:\/\/shop.bantam.ch\/de\/#organization","name":"Bantam Camping AG","url":"https:\/\/shop.bantam.ch\/de\/","logo":{"@type":"ImageObject","inLanguage":"de","@id":"https:\/\/shop.bantam.ch\/de\/#\/schema\/logo\/image\/","url":"https:\/\/shop.bantam.ch\/wp-content\/uploads\/2022\/12\/bantam-logo.png","contentUrl":"https:\/\/shop.bantam.ch\/wp-content\/uploads\/2022\/12\/bantam-logo.png","width":320,"height":71,"caption":"Bantam Camping AG"},"image":{"@id":"https:\/\/shop.bantam.ch\/de\/#\/schema\/logo\/image\/"}}]}},"_links":{"self":[{"href":"https:\/\/shop.bantam.ch\/de\/wp-json\/wp\/v2\/product\/156634","targetHints":{"allow":["GET"]}}],"collection":[{"href":"https:\/\/shop.bantam.ch\/de\/wp-json\/wp\/v2\/product"}],"about":[{"href":"https:\/\/shop.bantam.ch\/de\/wp-json\/wp\/v2\/types\/product"}],"wp:featuredmedia":[{"embeddable":true,"href":"https:\/\/shop.bantam.ch\/de\/wp-json\/wp\/v2\/media\/156578"}],"wp:attachment":[{"href":"https:\/\/shop.bantam.ch\/de\/wp-json\/wp\/v2\/media?parent=156634"}],"wp:term":[{"taxonomy":"product_featured_cat","embeddable":true,"href":"https:\/\/shop.bantam.ch\/de\/wp-json\/wp\/v2\/product_featured_cat?post=156634"},{"taxonomy":"product_brand","embeddable":true,"href":"https:\/\/shop.bantam.ch\/de\/wp-json\/wp\/v2\/product_brand?post=156634"},{"taxonomy":"product_cat","embeddable":true,"href":"https:\/\/shop.bantam.ch\/de\/wp-json\/wp\/v2\/product_cat?post=156634"},{"taxonomy":"product_tag","embeddable":true,"href":"https:\/\/shop.bantam.ch\/de\/wp-json\/wp\/v2\/product_tag?post=156634"}],"curies":[{"name":"wp","href":"https:\/\/api.w.org\/{rel}","templated":true}]}}