{"id":156566,"date":"2023-03-22T16:44:46","date_gmt":"2023-03-22T15:44:46","guid":{"rendered":"https:\/\/shop.bantam.ch\/produit\/vorderwand-rolli-plus-modul-basic-tiefe-250-300-cm\/"},"modified":"2026-05-08T23:38:06","modified_gmt":"2026-05-08T21:38:06","slug":"vorderwand-rolli-plus-modul-basic-tiefe-250-300-cm","status":"publish","type":"product","link":"https:\/\/shop.bantam.ch\/de\/produkt\/vorderwand-rolli-plus-modul-basic-tiefe-250-300-cm\/","title":{"rendered":"Vorderwand Rolli Plus MODUL &#8211; Basic, Tiefe 250\/300 cm"},"content":{"rendered":"<p>Mit der Rolli Plus Modul Vorderwand genie\u00dfen Sie ein vollst\u00e4ndig geschlossenes Vorzelt inklusive T\u00fcr- und Fensterelementen. So bleiben Sie weitestgehend vom Wetter unabh\u00e4ngig und gleichzeitig sehr flexibel. Das Vorzelt Rolli Plus Modul kann erg\u00e4nzt werden durch das Sonnendach,Sonnenschutz Screen oder Protect, Anbau, Panorama Umbaurahmen Gest\u00e4ngespanner zus\u00e4tzliche Aufstellstange, Peggy Peg Starter Set, Dachbefestiger, Verandastange und Gardinen.<\/p>\n<p>\u00a0<\/p>\n<ul>\n<li>Als Modulbauweise bestellbar in folgenden Varianten: nur Markise, Markise mit Seitenw\u00e4nden, Markise mit Seitenteilen und Vorderwand<\/li>\n<li>Vorderwandh\u00e4lften herausnehmbar, abklappbar und tauschbar<\/li>\n<li>Abgedeckte Rei\u00dfverschl\u00fcsse<\/li>\n<li>Variable Eingangsm\u00f6glichkeiten<\/li>\n<li>Panoramafunktion durch einfachen Umbau (gegen Aufpreis)<\/li>\n<li>Je ein Air Vent Fenster in Vorderwand (ab Gr\u00f6\u00dfe 7 mit Gaze m\u00f6glich)<\/li>\n<li>Get\u00f6nte Fensterfolie<\/li>\n<li>Optional mit PVC Dach<\/li>\n<li>Sturm Abspanndreiecke au\u00dfen unterhalb der Fenster<\/li>\n<li>Doppelter Faulstreifen<\/li>\n<li>Anbaum\u00f6glichkeit \u00fcber Rei\u00dfverschlussanbindung (beidseitig m\u00f6glich)<\/li>\n<li>Varioecke zum Ausgleich der Bugschr\u00e4gen<\/li>\n<li>Rad und Windschutz (Radblende gerade)<\/li>\n<li>Leichter und schneller Aufbau<\/li>\n<li>Erh\u00e4ltlich in den zwei Farbvarianten Basic und Camouflage<\/li>\n<\/ul>\n<p>Material:<br \/>100 % Polyester<\/p>\n<p>\u00a0<\/p>\n","protected":false},"excerpt":{"rendered":"<p>Mit der Rolli Plus Modul Vorderwand genie\u00dfen Sie ein vollst\u00e4ndig geschlossenes Vorzelt inklusive T\u00fcr- und Fensterelementen. So bleiben Sie weitestgehend vom Wetter unabh\u00e4ngig und gleichzeitig sehr flexibel. Das Vorzelt Rolli Plus Modul kann erg\u00e4nzt werden durch das Sonnendach,Sonnenschutz Screen oder Protect, Anbau, Panorama Umbaurahmen Gest\u00e4ngespanner zus\u00e4tzliche Aufstellstange, Peggy Peg Starter Set, Dachbefestiger, Verandastange und Gardinen. [&hellip;]<\/p>\n","protected":false},"featured_media":156534,"template":"","meta":{"_acf_changed":false},"product_featured_cat":[],"product_brand":[3043],"product_cat":[4220,4224],"product_tag":[],"class_list":{"0":"post-156566","1":"product","2":"type-product","3":"status-publish","4":"has-post-thumbnail","6":"product_brand-wigo-de","7":"product_cat-markisen-vorderwaende","8":"product_cat-markisen-vorzelte","10":"first","11":"instock","12":"taxable","13":"shipping-taxable","14":"purchasable","15":"product-type-variable"},"acf":[],"yoast_head":"<!-- This site is optimized with the Yoast SEO plugin v27.5 - https:\/\/yoast.com\/product\/yoast-seo-wordpress\/ -->\n<title>Vorderwand Rolli Plus MODUL - Basic, Tiefe 250\/300 cm - Bantam<\/title>\n<meta name=\"robots\" content=\"index, follow, max-snippet:-1, max-image-preview:large, max-video-preview:-1\" \/>\n<link rel=\"canonical\" href=\"https:\/\/shop.bantam.ch\/de\/produkt\/vorderwand-rolli-plus-modul-basic-tiefe-250-300-cm\/\" \/>\n<meta property=\"og:locale\" content=\"de_DE\" \/>\n<meta property=\"og:type\" content=\"article\" \/>\n<meta property=\"og:title\" content=\"Vorderwand Rolli Plus MODUL - Basic, Tiefe 250\/300 cm - Bantam\" \/>\n<meta property=\"og:description\" content=\"Mit der Rolli Plus Modul Vorderwand genie\u00dfen Sie ein vollst\u00e4ndig geschlossenes Vorzelt inklusive T\u00fcr- und Fensterelementen. So bleiben Sie weitestgehend vom Wetter unabh\u00e4ngig und gleichzeitig sehr flexibel. Das Vorzelt Rolli Plus Modul kann erg\u00e4nzt werden durch das Sonnendach,Sonnenschutz Screen oder Protect, Anbau, Panorama Umbaurahmen Gest\u00e4ngespanner zus\u00e4tzliche Aufstellstange, Peggy Peg Starter Set, Dachbefestiger, Verandastange und Gardinen. [&hellip;]\" \/>\n<meta property=\"og:url\" content=\"https:\/\/shop.bantam.ch\/de\/produkt\/vorderwand-rolli-plus-modul-basic-tiefe-250-300-cm\/\" \/>\n<meta property=\"og:site_name\" content=\"Bantam\" \/>\n<meta property=\"article:modified_time\" content=\"2026-05-08T21:38:06+00:00\" \/>\n<meta property=\"og:image\" content=\"https:\/\/shop.bantam.ch\/wp-content\/uploads\/2023\/03\/996145571-23-scaled.jpg\" \/>\n\t<meta property=\"og:image:width\" content=\"1024\" \/>\n\t<meta property=\"og:image:height\" content=\"750\" \/>\n\t<meta property=\"og:image:type\" content=\"image\/jpeg\" \/>\n<meta name=\"twitter:card\" content=\"summary_large_image\" \/>\n<meta name=\"twitter:label1\" content=\"Gesch\u00e4tzte Lesezeit\" \/>\n\t<meta name=\"twitter:data1\" content=\"1\u00a0Minute\" \/>\n<script type=\"application\/ld+json\" class=\"yoast-schema-graph\">{\"@context\":\"https:\\\/\\\/schema.org\",\"@graph\":[{\"@type\":\"WebPage\",\"@id\":\"https:\\\/\\\/shop.bantam.ch\\\/de\\\/produkt\\\/vorderwand-rolli-plus-modul-basic-tiefe-250-300-cm\\\/\",\"url\":\"https:\\\/\\\/shop.bantam.ch\\\/de\\\/produkt\\\/vorderwand-rolli-plus-modul-basic-tiefe-250-300-cm\\\/\",\"name\":\"Vorderwand Rolli Plus MODUL - Basic, Tiefe 250\\\/300 cm - Bantam\",\"isPartOf\":{\"@id\":\"https:\\\/\\\/shop.bantam.ch\\\/de\\\/#website\"},\"primaryImageOfPage\":{\"@id\":\"https:\\\/\\\/shop.bantam.ch\\\/de\\\/produkt\\\/vorderwand-rolli-plus-modul-basic-tiefe-250-300-cm\\\/#primaryimage\"},\"image\":{\"@id\":\"https:\\\/\\\/shop.bantam.ch\\\/de\\\/produkt\\\/vorderwand-rolli-plus-modul-basic-tiefe-250-300-cm\\\/#primaryimage\"},\"thumbnailUrl\":\"https:\\\/\\\/shop.bantam.ch\\\/wp-content\\\/uploads\\\/2023\\\/03\\\/996145571-23-scaled.jpg\",\"datePublished\":\"2023-03-22T15:44:46+00:00\",\"dateModified\":\"2026-05-08T21:38:06+00:00\",\"breadcrumb\":{\"@id\":\"https:\\\/\\\/shop.bantam.ch\\\/de\\\/produkt\\\/vorderwand-rolli-plus-modul-basic-tiefe-250-300-cm\\\/#breadcrumb\"},\"inLanguage\":\"de\",\"potentialAction\":[{\"@type\":\"ReadAction\",\"target\":[\"https:\\\/\\\/shop.bantam.ch\\\/de\\\/produkt\\\/vorderwand-rolli-plus-modul-basic-tiefe-250-300-cm\\\/\"]}]},{\"@type\":\"ImageObject\",\"inLanguage\":\"de\",\"@id\":\"https:\\\/\\\/shop.bantam.ch\\\/de\\\/produkt\\\/vorderwand-rolli-plus-modul-basic-tiefe-250-300-cm\\\/#primaryimage\",\"url\":\"https:\\\/\\\/shop.bantam.ch\\\/wp-content\\\/uploads\\\/2023\\\/03\\\/996145571-23-scaled.jpg\",\"contentUrl\":\"https:\\\/\\\/shop.bantam.ch\\\/wp-content\\\/uploads\\\/2023\\\/03\\\/996145571-23-scaled.jpg\",\"width\":2048,\"height\":1500},{\"@type\":\"BreadcrumbList\",\"@id\":\"https:\\\/\\\/shop.bantam.ch\\\/de\\\/produkt\\\/vorderwand-rolli-plus-modul-basic-tiefe-250-300-cm\\\/#breadcrumb\",\"itemListElement\":[{\"@type\":\"ListItem\",\"position\":1,\"name\":\"Accueil\",\"item\":\"https:\\\/\\\/shop.bantam.ch\\\/de\\\/\"},{\"@type\":\"ListItem\",\"position\":2,\"name\":\"Shop\",\"item\":\"https:\\\/\\\/shop.bantam.ch\\\/de\\\/shop\\\/\"},{\"@type\":\"ListItem\",\"position\":3,\"name\":\"Vorderwand Rolli Plus MODUL &#8211; Basic, Tiefe 250\\\/300 cm\"}]},{\"@type\":\"WebSite\",\"@id\":\"https:\\\/\\\/shop.bantam.ch\\\/de\\\/#website\",\"url\":\"https:\\\/\\\/shop.bantam.ch\\\/de\\\/\",\"name\":\"Bantam\",\"description\":\"\",\"publisher\":{\"@id\":\"https:\\\/\\\/shop.bantam.ch\\\/de\\\/#organization\"},\"inLanguage\":\"de\"},{\"@type\":\"Organization\",\"@id\":\"https:\\\/\\\/shop.bantam.ch\\\/de\\\/#organization\",\"name\":\"Bantam\",\"url\":\"https:\\\/\\\/shop.bantam.ch\\\/de\\\/\",\"logo\":{\"@type\":\"ImageObject\",\"inLanguage\":\"de\",\"@id\":\"https:\\\/\\\/shop.bantam.ch\\\/de\\\/#\\\/schema\\\/logo\\\/image\\\/\",\"url\":\"https:\\\/\\\/shop.bantam.ch\\\/wp-content\\\/uploads\\\/2022\\\/12\\\/bantam-logo.png\",\"contentUrl\":\"https:\\\/\\\/shop.bantam.ch\\\/wp-content\\\/uploads\\\/2022\\\/12\\\/bantam-logo.png\",\"width\":320,\"height\":71,\"caption\":\"Bantam\"},\"image\":{\"@id\":\"https:\\\/\\\/shop.bantam.ch\\\/de\\\/#\\\/schema\\\/logo\\\/image\\\/\"}}]}<\/script>\n<!-- \/ Yoast SEO plugin. -->","yoast_head_json":{"title":"Vorderwand Rolli Plus MODUL - Basic, Tiefe 250\/300 cm - Bantam","robots":{"index":"index","follow":"follow","max-snippet":"max-snippet:-1","max-image-preview":"max-image-preview:large","max-video-preview":"max-video-preview:-1"},"canonical":"https:\/\/shop.bantam.ch\/de\/produkt\/vorderwand-rolli-plus-modul-basic-tiefe-250-300-cm\/","og_locale":"de_DE","og_type":"article","og_title":"Vorderwand Rolli Plus MODUL - Basic, Tiefe 250\/300 cm - Bantam","og_description":"Mit der Rolli Plus Modul Vorderwand genie\u00dfen Sie ein vollst\u00e4ndig geschlossenes Vorzelt inklusive T\u00fcr- und Fensterelementen. So bleiben Sie weitestgehend vom Wetter unabh\u00e4ngig und gleichzeitig sehr flexibel. Das Vorzelt Rolli Plus Modul kann erg\u00e4nzt werden durch das Sonnendach,Sonnenschutz Screen oder Protect, Anbau, Panorama Umbaurahmen Gest\u00e4ngespanner zus\u00e4tzliche Aufstellstange, Peggy Peg Starter Set, Dachbefestiger, Verandastange und Gardinen. [&hellip;]","og_url":"https:\/\/shop.bantam.ch\/de\/produkt\/vorderwand-rolli-plus-modul-basic-tiefe-250-300-cm\/","og_site_name":"Bantam","article_modified_time":"2026-05-08T21:38:06+00:00","og_image":[{"url":"https:\/\/shop.bantam.ch\/wp-content\/uploads\/2023\/03\/996145571-23-scaled.jpg","width":1024,"height":750,"type":"image\/jpeg"}],"twitter_card":"summary_large_image","twitter_misc":{"Gesch\u00e4tzte Lesezeit":"1\u00a0Minute"},"schema":{"@context":"https:\/\/schema.org","@graph":[{"@type":"WebPage","@id":"https:\/\/shop.bantam.ch\/de\/produkt\/vorderwand-rolli-plus-modul-basic-tiefe-250-300-cm\/","url":"https:\/\/shop.bantam.ch\/de\/produkt\/vorderwand-rolli-plus-modul-basic-tiefe-250-300-cm\/","name":"Vorderwand Rolli Plus MODUL - Basic, Tiefe 250\/300 cm - Bantam","isPartOf":{"@id":"https:\/\/shop.bantam.ch\/de\/#website"},"primaryImageOfPage":{"@id":"https:\/\/shop.bantam.ch\/de\/produkt\/vorderwand-rolli-plus-modul-basic-tiefe-250-300-cm\/#primaryimage"},"image":{"@id":"https:\/\/shop.bantam.ch\/de\/produkt\/vorderwand-rolli-plus-modul-basic-tiefe-250-300-cm\/#primaryimage"},"thumbnailUrl":"https:\/\/shop.bantam.ch\/wp-content\/uploads\/2023\/03\/996145571-23-scaled.jpg","datePublished":"2023-03-22T15:44:46+00:00","dateModified":"2026-05-08T21:38:06+00:00","breadcrumb":{"@id":"https:\/\/shop.bantam.ch\/de\/produkt\/vorderwand-rolli-plus-modul-basic-tiefe-250-300-cm\/#breadcrumb"},"inLanguage":"de","potentialAction":[{"@type":"ReadAction","target":["https:\/\/shop.bantam.ch\/de\/produkt\/vorderwand-rolli-plus-modul-basic-tiefe-250-300-cm\/"]}]},{"@type":"ImageObject","inLanguage":"de","@id":"https:\/\/shop.bantam.ch\/de\/produkt\/vorderwand-rolli-plus-modul-basic-tiefe-250-300-cm\/#primaryimage","url":"https:\/\/shop.bantam.ch\/wp-content\/uploads\/2023\/03\/996145571-23-scaled.jpg","contentUrl":"https:\/\/shop.bantam.ch\/wp-content\/uploads\/2023\/03\/996145571-23-scaled.jpg","width":2048,"height":1500},{"@type":"BreadcrumbList","@id":"https:\/\/shop.bantam.ch\/de\/produkt\/vorderwand-rolli-plus-modul-basic-tiefe-250-300-cm\/#breadcrumb","itemListElement":[{"@type":"ListItem","position":1,"name":"Accueil","item":"https:\/\/shop.bantam.ch\/de\/"},{"@type":"ListItem","position":2,"name":"Shop","item":"https:\/\/shop.bantam.ch\/de\/shop\/"},{"@type":"ListItem","position":3,"name":"Vorderwand Rolli Plus MODUL &#8211; Basic, Tiefe 250\/300 cm"}]},{"@type":"WebSite","@id":"https:\/\/shop.bantam.ch\/de\/#website","url":"https:\/\/shop.bantam.ch\/de\/","name":"Bantam","description":"","publisher":{"@id":"https:\/\/shop.bantam.ch\/de\/#organization"},"inLanguage":"de"},{"@type":"Organization","@id":"https:\/\/shop.bantam.ch\/de\/#organization","name":"Bantam","url":"https:\/\/shop.bantam.ch\/de\/","logo":{"@type":"ImageObject","inLanguage":"de","@id":"https:\/\/shop.bantam.ch\/de\/#\/schema\/logo\/image\/","url":"https:\/\/shop.bantam.ch\/wp-content\/uploads\/2022\/12\/bantam-logo.png","contentUrl":"https:\/\/shop.bantam.ch\/wp-content\/uploads\/2022\/12\/bantam-logo.png","width":320,"height":71,"caption":"Bantam"},"image":{"@id":"https:\/\/shop.bantam.ch\/de\/#\/schema\/logo\/image\/"}}]}},"_links":{"self":[{"href":"https:\/\/shop.bantam.ch\/de\/wp-json\/wp\/v2\/product\/156566","targetHints":{"allow":["GET"]}}],"collection":[{"href":"https:\/\/shop.bantam.ch\/de\/wp-json\/wp\/v2\/product"}],"about":[{"href":"https:\/\/shop.bantam.ch\/de\/wp-json\/wp\/v2\/types\/product"}],"wp:featuredmedia":[{"embeddable":true,"href":"https:\/\/shop.bantam.ch\/de\/wp-json\/wp\/v2\/media\/156534"}],"wp:attachment":[{"href":"https:\/\/shop.bantam.ch\/de\/wp-json\/wp\/v2\/media?parent=156566"}],"wp:term":[{"taxonomy":"product_featured_cat","embeddable":true,"href":"https:\/\/shop.bantam.ch\/de\/wp-json\/wp\/v2\/product_featured_cat?post=156566"},{"taxonomy":"product_brand","embeddable":true,"href":"https:\/\/shop.bantam.ch\/de\/wp-json\/wp\/v2\/product_brand?post=156566"},{"taxonomy":"product_cat","embeddable":true,"href":"https:\/\/shop.bantam.ch\/de\/wp-json\/wp\/v2\/product_cat?post=156566"},{"taxonomy":"product_tag","embeddable":true,"href":"https:\/\/shop.bantam.ch\/de\/wp-json\/wp\/v2\/product_tag?post=156566"}],"curies":[{"name":"wp","href":"https:\/\/api.w.org\/{rel}","templated":true}]}}