{"id":155936,"date":"2023-03-22T16:30:10","date_gmt":"2023-03-22T15:30:10","guid":{"rendered":"https:\/\/shop.bantam.ch\/produit\/caravanvorzet-rolli-plus-modul-basicelement\/"},"modified":"2026-04-18T23:28:43","modified_gmt":"2026-04-18T21:28:43","slug":"caravanvorzet-rolli-plus-modul-basicelement","status":"publish","type":"product","link":"https:\/\/shop.bantam.ch\/de\/produkt\/caravanvorzet-rolli-plus-modul-basicelement\/","title":{"rendered":"Caravanvorzet Rolli Plus Modul Basicelement"},"content":{"rendered":"<p>Starten Sie den Aufbau ihres modularen Rollisystems mit dem wichtigsten und ganz klassischen Markisenelement: dem Dach. Denn ob Regen, Sonne oder Kastanien &#8211; unter einem sch\u00fctzenden Dach sitzt, liegt und campt es sich doch weitaus bequemer.<\/p>\n<p>Eigenschaften und Funktionen:<\/p>\n<p>\u2022 Als Modulbauweise bestellbar in folgenden Varianten (nur Markise, Markise mit Seitenw\u00e4nden, Markise mit Seitenteilen und Vorderwand)<br \/>\u2022 Vorderwandh\u00e4lften herausnehmbar, abklappbar und tauschbar<br \/>\u2022 Seitenw\u00e4nde herausnehmbar, abklappbar und tauschbar<br \/>\u2022 Abgedeckte Rei\u00dfverschl\u00fcsse<br \/>\u2022 Variable Eingangsm\u00f6glichkeiten<br \/>\u2022 Panoramafunktion durch einfachen Umbau (gegen Aufpreis)<br \/>\u2022 Je ein Air Vent Fenster in den Seitenw\u00e4nden<br \/>\u2022 Je ein Air Vent Fenster in Vorderwand (ab Gr\u00f6\u00dfe 7 mit Gaze m\u00f6glich)<br \/>\u2022 Get\u00f6nte Fensterfolie<br \/>\u2022 Optional mit PVC Dach<br \/>\u2022 Sturm Abspanndreiecke au\u00dfen unterhalb der Fenster<br \/>\u2022 Doppelter Faulstreifen<br \/>\u2022 Anbaum\u00f6glichkeit \u00fcber Rei\u00dfverschlussanbindung (beidseitig m\u00f6glich)<br \/>\u2022 Varioecke zum Ausgleich der Bugschr\u00e4gen<br \/>\u2022 Rad und Windschutz (Radblende gerade)<br \/>\u2022 Leichter und schneller Aufbau<\/p>\n<p>Material:<br \/>Tuch: 65 % Polyester, 35 % Vinylal<br \/>Gest\u00e4nge: Aluminium<\/p>\n","protected":false},"excerpt":{"rendered":"<p>Starten Sie den Aufbau ihres modularen Rollisystems mit dem wichtigsten und ganz klassischen Markisenelement: dem Dach. Denn ob Regen, Sonne oder Kastanien &#8211; unter einem sch\u00fctzenden Dach sitzt, liegt und campt es sich doch weitaus bequemer. Eigenschaften und Funktionen: \u2022 Als Modulbauweise bestellbar in folgenden Varianten (nur Markise, Markise mit Seitenw\u00e4nden, Markise mit Seitenteilen und [&hellip;]<\/p>\n","protected":false},"featured_media":155886,"template":"","meta":{"_acf_changed":false},"product_featured_cat":[],"product_brand":[3043],"product_cat":[4224],"product_tag":[],"class_list":{"0":"post-155936","1":"product","2":"type-product","3":"status-publish","4":"has-post-thumbnail","6":"product_brand-wigo-de","7":"product_cat-markisen-vorzelte","9":"first","10":"instock","11":"taxable","12":"shipping-taxable","13":"purchasable","14":"product-type-variable"},"acf":[],"yoast_head":"<!-- This site is optimized with the Yoast SEO plugin v27.4 - https:\/\/yoast.com\/product\/yoast-seo-wordpress\/ -->\n<title>Caravanvorzet Rolli Plus Modul Basicelement - Bantam Camping AG<\/title>\n<meta name=\"robots\" content=\"index, follow, max-snippet:-1, max-image-preview:large, max-video-preview:-1\" \/>\n<link rel=\"canonical\" href=\"https:\/\/shop.bantam.ch\/de\/produkt\/caravanvorzet-rolli-plus-modul-basicelement\/\" \/>\n<meta property=\"og:locale\" content=\"de_DE\" \/>\n<meta property=\"og:type\" content=\"article\" \/>\n<meta property=\"og:title\" content=\"Caravanvorzet Rolli Plus Modul Basicelement - Bantam Camping AG\" \/>\n<meta property=\"og:description\" content=\"Starten Sie den Aufbau ihres modularen Rollisystems mit dem wichtigsten und ganz klassischen Markisenelement: dem Dach. Denn ob Regen, Sonne oder Kastanien &#8211; unter einem sch\u00fctzenden Dach sitzt, liegt und campt es sich doch weitaus bequemer. Eigenschaften und Funktionen: \u2022 Als Modulbauweise bestellbar in folgenden Varianten (nur Markise, Markise mit Seitenw\u00e4nden, Markise mit Seitenteilen und [&hellip;]\" \/>\n<meta property=\"og:url\" content=\"https:\/\/shop.bantam.ch\/de\/produkt\/caravanvorzet-rolli-plus-modul-basicelement\/\" \/>\n<meta property=\"og:site_name\" content=\"Bantam Camping AG\" \/>\n<meta property=\"article:modified_time\" content=\"2026-04-18T21:28:43+00:00\" \/>\n<meta property=\"og:image\" content=\"https:\/\/shop.bantam.ch\/wp-content\/uploads\/2023\/03\/995819711.jpg\" \/>\n\t<meta property=\"og:image:width\" content=\"1000\" \/>\n\t<meta property=\"og:image:height\" content=\"733\" \/>\n\t<meta property=\"og:image:type\" content=\"image\/jpeg\" \/>\n<meta name=\"twitter:card\" content=\"summary_large_image\" \/>\n<meta name=\"twitter:label1\" content=\"Gesch\u00e4tzte Lesezeit\" \/>\n\t<meta name=\"twitter:data1\" content=\"1\u00a0Minute\" \/>\n<script type=\"application\/ld+json\" class=\"yoast-schema-graph\">{\"@context\":\"https:\\\/\\\/schema.org\",\"@graph\":[{\"@type\":\"WebPage\",\"@id\":\"https:\\\/\\\/shop.bantam.ch\\\/de\\\/produkt\\\/caravanvorzet-rolli-plus-modul-basicelement\\\/\",\"url\":\"https:\\\/\\\/shop.bantam.ch\\\/de\\\/produkt\\\/caravanvorzet-rolli-plus-modul-basicelement\\\/\",\"name\":\"Caravanvorzet Rolli Plus Modul Basicelement - Bantam Camping AG\",\"isPartOf\":{\"@id\":\"https:\\\/\\\/shop.bantam.ch\\\/de\\\/#website\"},\"primaryImageOfPage\":{\"@id\":\"https:\\\/\\\/shop.bantam.ch\\\/de\\\/produkt\\\/caravanvorzet-rolli-plus-modul-basicelement\\\/#primaryimage\"},\"image\":{\"@id\":\"https:\\\/\\\/shop.bantam.ch\\\/de\\\/produkt\\\/caravanvorzet-rolli-plus-modul-basicelement\\\/#primaryimage\"},\"thumbnailUrl\":\"https:\\\/\\\/shop.bantam.ch\\\/wp-content\\\/uploads\\\/2023\\\/03\\\/995819711.jpg\",\"datePublished\":\"2023-03-22T15:30:10+00:00\",\"dateModified\":\"2026-04-18T21:28:43+00:00\",\"breadcrumb\":{\"@id\":\"https:\\\/\\\/shop.bantam.ch\\\/de\\\/produkt\\\/caravanvorzet-rolli-plus-modul-basicelement\\\/#breadcrumb\"},\"inLanguage\":\"de\",\"potentialAction\":[{\"@type\":\"ReadAction\",\"target\":[\"https:\\\/\\\/shop.bantam.ch\\\/de\\\/produkt\\\/caravanvorzet-rolli-plus-modul-basicelement\\\/\"]}]},{\"@type\":\"ImageObject\",\"inLanguage\":\"de\",\"@id\":\"https:\\\/\\\/shop.bantam.ch\\\/de\\\/produkt\\\/caravanvorzet-rolli-plus-modul-basicelement\\\/#primaryimage\",\"url\":\"https:\\\/\\\/shop.bantam.ch\\\/wp-content\\\/uploads\\\/2023\\\/03\\\/995819711.jpg\",\"contentUrl\":\"https:\\\/\\\/shop.bantam.ch\\\/wp-content\\\/uploads\\\/2023\\\/03\\\/995819711.jpg\",\"width\":1000,\"height\":733},{\"@type\":\"BreadcrumbList\",\"@id\":\"https:\\\/\\\/shop.bantam.ch\\\/de\\\/produkt\\\/caravanvorzet-rolli-plus-modul-basicelement\\\/#breadcrumb\",\"itemListElement\":[{\"@type\":\"ListItem\",\"position\":1,\"name\":\"Accueil\",\"item\":\"https:\\\/\\\/shop.bantam.ch\\\/de\\\/\"},{\"@type\":\"ListItem\",\"position\":2,\"name\":\"Shop\",\"item\":\"https:\\\/\\\/shop.bantam.ch\\\/de\\\/shop\\\/\"},{\"@type\":\"ListItem\",\"position\":3,\"name\":\"Caravanvorzet Rolli Plus Modul Basicelement\"}]},{\"@type\":\"WebSite\",\"@id\":\"https:\\\/\\\/shop.bantam.ch\\\/de\\\/#website\",\"url\":\"https:\\\/\\\/shop.bantam.ch\\\/de\\\/\",\"name\":\"Bantam Camping AG\",\"description\":\"\",\"publisher\":{\"@id\":\"https:\\\/\\\/shop.bantam.ch\\\/de\\\/#organization\"},\"inLanguage\":\"de\"},{\"@type\":\"Organization\",\"@id\":\"https:\\\/\\\/shop.bantam.ch\\\/de\\\/#organization\",\"name\":\"Bantam Camping AG\",\"url\":\"https:\\\/\\\/shop.bantam.ch\\\/de\\\/\",\"logo\":{\"@type\":\"ImageObject\",\"inLanguage\":\"de\",\"@id\":\"https:\\\/\\\/shop.bantam.ch\\\/de\\\/#\\\/schema\\\/logo\\\/image\\\/\",\"url\":\"https:\\\/\\\/shop.bantam.ch\\\/wp-content\\\/uploads\\\/2022\\\/12\\\/bantam-logo.png\",\"contentUrl\":\"https:\\\/\\\/shop.bantam.ch\\\/wp-content\\\/uploads\\\/2022\\\/12\\\/bantam-logo.png\",\"width\":320,\"height\":71,\"caption\":\"Bantam Camping AG\"},\"image\":{\"@id\":\"https:\\\/\\\/shop.bantam.ch\\\/de\\\/#\\\/schema\\\/logo\\\/image\\\/\"}}]}<\/script>\n<!-- \/ Yoast SEO plugin. -->","yoast_head_json":{"title":"Caravanvorzet Rolli Plus Modul Basicelement - Bantam Camping AG","robots":{"index":"index","follow":"follow","max-snippet":"max-snippet:-1","max-image-preview":"max-image-preview:large","max-video-preview":"max-video-preview:-1"},"canonical":"https:\/\/shop.bantam.ch\/de\/produkt\/caravanvorzet-rolli-plus-modul-basicelement\/","og_locale":"de_DE","og_type":"article","og_title":"Caravanvorzet Rolli Plus Modul Basicelement - Bantam Camping AG","og_description":"Starten Sie den Aufbau ihres modularen Rollisystems mit dem wichtigsten und ganz klassischen Markisenelement: dem Dach. Denn ob Regen, Sonne oder Kastanien &#8211; unter einem sch\u00fctzenden Dach sitzt, liegt und campt es sich doch weitaus bequemer. Eigenschaften und Funktionen: \u2022 Als Modulbauweise bestellbar in folgenden Varianten (nur Markise, Markise mit Seitenw\u00e4nden, Markise mit Seitenteilen und [&hellip;]","og_url":"https:\/\/shop.bantam.ch\/de\/produkt\/caravanvorzet-rolli-plus-modul-basicelement\/","og_site_name":"Bantam Camping AG","article_modified_time":"2026-04-18T21:28:43+00:00","og_image":[{"width":1000,"height":733,"url":"https:\/\/shop.bantam.ch\/wp-content\/uploads\/2023\/03\/995819711.jpg","type":"image\/jpeg"}],"twitter_card":"summary_large_image","twitter_misc":{"Gesch\u00e4tzte Lesezeit":"1\u00a0Minute"},"schema":{"@context":"https:\/\/schema.org","@graph":[{"@type":"WebPage","@id":"https:\/\/shop.bantam.ch\/de\/produkt\/caravanvorzet-rolli-plus-modul-basicelement\/","url":"https:\/\/shop.bantam.ch\/de\/produkt\/caravanvorzet-rolli-plus-modul-basicelement\/","name":"Caravanvorzet Rolli Plus Modul Basicelement - Bantam Camping AG","isPartOf":{"@id":"https:\/\/shop.bantam.ch\/de\/#website"},"primaryImageOfPage":{"@id":"https:\/\/shop.bantam.ch\/de\/produkt\/caravanvorzet-rolli-plus-modul-basicelement\/#primaryimage"},"image":{"@id":"https:\/\/shop.bantam.ch\/de\/produkt\/caravanvorzet-rolli-plus-modul-basicelement\/#primaryimage"},"thumbnailUrl":"https:\/\/shop.bantam.ch\/wp-content\/uploads\/2023\/03\/995819711.jpg","datePublished":"2023-03-22T15:30:10+00:00","dateModified":"2026-04-18T21:28:43+00:00","breadcrumb":{"@id":"https:\/\/shop.bantam.ch\/de\/produkt\/caravanvorzet-rolli-plus-modul-basicelement\/#breadcrumb"},"inLanguage":"de","potentialAction":[{"@type":"ReadAction","target":["https:\/\/shop.bantam.ch\/de\/produkt\/caravanvorzet-rolli-plus-modul-basicelement\/"]}]},{"@type":"ImageObject","inLanguage":"de","@id":"https:\/\/shop.bantam.ch\/de\/produkt\/caravanvorzet-rolli-plus-modul-basicelement\/#primaryimage","url":"https:\/\/shop.bantam.ch\/wp-content\/uploads\/2023\/03\/995819711.jpg","contentUrl":"https:\/\/shop.bantam.ch\/wp-content\/uploads\/2023\/03\/995819711.jpg","width":1000,"height":733},{"@type":"BreadcrumbList","@id":"https:\/\/shop.bantam.ch\/de\/produkt\/caravanvorzet-rolli-plus-modul-basicelement\/#breadcrumb","itemListElement":[{"@type":"ListItem","position":1,"name":"Accueil","item":"https:\/\/shop.bantam.ch\/de\/"},{"@type":"ListItem","position":2,"name":"Shop","item":"https:\/\/shop.bantam.ch\/de\/shop\/"},{"@type":"ListItem","position":3,"name":"Caravanvorzet Rolli Plus Modul Basicelement"}]},{"@type":"WebSite","@id":"https:\/\/shop.bantam.ch\/de\/#website","url":"https:\/\/shop.bantam.ch\/de\/","name":"Bantam Camping AG","description":"","publisher":{"@id":"https:\/\/shop.bantam.ch\/de\/#organization"},"inLanguage":"de"},{"@type":"Organization","@id":"https:\/\/shop.bantam.ch\/de\/#organization","name":"Bantam Camping AG","url":"https:\/\/shop.bantam.ch\/de\/","logo":{"@type":"ImageObject","inLanguage":"de","@id":"https:\/\/shop.bantam.ch\/de\/#\/schema\/logo\/image\/","url":"https:\/\/shop.bantam.ch\/wp-content\/uploads\/2022\/12\/bantam-logo.png","contentUrl":"https:\/\/shop.bantam.ch\/wp-content\/uploads\/2022\/12\/bantam-logo.png","width":320,"height":71,"caption":"Bantam Camping AG"},"image":{"@id":"https:\/\/shop.bantam.ch\/de\/#\/schema\/logo\/image\/"}}]}},"_links":{"self":[{"href":"https:\/\/shop.bantam.ch\/de\/wp-json\/wp\/v2\/product\/155936","targetHints":{"allow":["GET"]}}],"collection":[{"href":"https:\/\/shop.bantam.ch\/de\/wp-json\/wp\/v2\/product"}],"about":[{"href":"https:\/\/shop.bantam.ch\/de\/wp-json\/wp\/v2\/types\/product"}],"wp:featuredmedia":[{"embeddable":true,"href":"https:\/\/shop.bantam.ch\/de\/wp-json\/wp\/v2\/media\/155886"}],"wp:attachment":[{"href":"https:\/\/shop.bantam.ch\/de\/wp-json\/wp\/v2\/media?parent=155936"}],"wp:term":[{"taxonomy":"product_featured_cat","embeddable":true,"href":"https:\/\/shop.bantam.ch\/de\/wp-json\/wp\/v2\/product_featured_cat?post=155936"},{"taxonomy":"product_brand","embeddable":true,"href":"https:\/\/shop.bantam.ch\/de\/wp-json\/wp\/v2\/product_brand?post=155936"},{"taxonomy":"product_cat","embeddable":true,"href":"https:\/\/shop.bantam.ch\/de\/wp-json\/wp\/v2\/product_cat?post=155936"},{"taxonomy":"product_tag","embeddable":true,"href":"https:\/\/shop.bantam.ch\/de\/wp-json\/wp\/v2\/product_tag?post=155936"}],"curies":[{"name":"wp","href":"https:\/\/api.w.org\/{rel}","templated":true}]}}