{"id":155868,"date":"2023-03-22T16:28:45","date_gmt":"2023-03-22T15:28:45","guid":{"rendered":"https:\/\/shop.bantam.ch\/produit\/sonnendach-rolli-plus-grau\/"},"modified":"2026-05-06T23:28:46","modified_gmt":"2026-05-06T21:28:46","slug":"sonnendach-rolli-plus-grau","status":"publish","type":"product","link":"https:\/\/shop.bantam.ch\/de\/produkt\/sonnendach-rolli-plus-grau\/","title":{"rendered":"Sonnendach Rolli Plus grau"},"content":{"rendered":"<p>Die ideale Erg\u00e4nzung zur Rolli Markise, spendet ausreichend Schatten f\u00fcr ein angenehmes Frischlufterlebnis, mit einer Tiefe von 200 cm bzw. 240 cm bietet das Sonnendach die M\u00f6glichkeit auf die jeweilige Stellplatzgr\u00f6\u00dfe zu reagieren.<\/p>\n<p>Material:<br \/>100 % Polyester (mit einseitiger Acrylbeschichtung)<\/p>\n","protected":false},"excerpt":{"rendered":"<p>Die ideale Erg\u00e4nzung zur Rolli Markise, spendet ausreichend Schatten f\u00fcr ein angenehmes Frischlufterlebnis, mit einer Tiefe von 200 cm bzw. 240 cm bietet das Sonnendach die M\u00f6glichkeit auf die jeweilige Stellplatzgr\u00f6\u00dfe zu reagieren. Material:100 % Polyester (mit einseitiger Acrylbeschichtung)<\/p>\n","protected":false},"featured_media":155818,"template":"","meta":{"_acf_changed":false},"product_featured_cat":[],"product_brand":[3043],"product_cat":[4252],"product_tag":[],"class_list":{"0":"post-155868","1":"product","2":"type-product","3":"status-publish","4":"has-post-thumbnail","6":"product_brand-wigo-de","7":"product_cat-sonnensegel-fuer-campingfahrzeuge","9":"first","10":"instock","11":"taxable","12":"shipping-taxable","13":"purchasable","14":"product-type-variable"},"acf":[],"yoast_head":"<!-- This site is optimized with the Yoast SEO plugin v27.5 - https:\/\/yoast.com\/product\/yoast-seo-wordpress\/ -->\n<title>Sonnendach Rolli Plus grau - Bantam<\/title>\n<meta name=\"robots\" content=\"index, follow, max-snippet:-1, max-image-preview:large, max-video-preview:-1\" \/>\n<link rel=\"canonical\" href=\"https:\/\/shop.bantam.ch\/de\/produkt\/sonnendach-rolli-plus-grau\/\" \/>\n<meta property=\"og:locale\" content=\"de_DE\" \/>\n<meta property=\"og:type\" content=\"article\" \/>\n<meta property=\"og:title\" content=\"Sonnendach Rolli Plus grau - Bantam\" \/>\n<meta property=\"og:description\" content=\"Die ideale Erg\u00e4nzung zur Rolli Markise, spendet ausreichend Schatten f\u00fcr ein angenehmes Frischlufterlebnis, mit einer Tiefe von 200 cm bzw. 240 cm bietet das Sonnendach die M\u00f6glichkeit auf die jeweilige Stellplatzgr\u00f6\u00dfe zu reagieren. Material:100 % Polyester (mit einseitiger Acrylbeschichtung)\" \/>\n<meta property=\"og:url\" content=\"https:\/\/shop.bantam.ch\/de\/produkt\/sonnendach-rolli-plus-grau\/\" \/>\n<meta property=\"og:site_name\" content=\"Bantam\" \/>\n<meta property=\"article:modified_time\" content=\"2026-05-06T21:28:46+00:00\" \/>\n<meta property=\"og:image\" content=\"https:\/\/shop.bantam.ch\/wp-content\/uploads\/2023\/03\/995815421.jpg\" \/>\n\t<meta property=\"og:image:width\" content=\"1000\" \/>\n\t<meta property=\"og:image:height\" content=\"726\" \/>\n\t<meta property=\"og:image:type\" content=\"image\/jpeg\" \/>\n<meta name=\"twitter:card\" content=\"summary_large_image\" \/>\n<script type=\"application\/ld+json\" class=\"yoast-schema-graph\">{\"@context\":\"https:\\\/\\\/schema.org\",\"@graph\":[{\"@type\":\"WebPage\",\"@id\":\"https:\\\/\\\/shop.bantam.ch\\\/de\\\/produkt\\\/sonnendach-rolli-plus-grau\\\/\",\"url\":\"https:\\\/\\\/shop.bantam.ch\\\/de\\\/produkt\\\/sonnendach-rolli-plus-grau\\\/\",\"name\":\"Sonnendach Rolli Plus grau - Bantam\",\"isPartOf\":{\"@id\":\"https:\\\/\\\/shop.bantam.ch\\\/de\\\/#website\"},\"primaryImageOfPage\":{\"@id\":\"https:\\\/\\\/shop.bantam.ch\\\/de\\\/produkt\\\/sonnendach-rolli-plus-grau\\\/#primaryimage\"},\"image\":{\"@id\":\"https:\\\/\\\/shop.bantam.ch\\\/de\\\/produkt\\\/sonnendach-rolli-plus-grau\\\/#primaryimage\"},\"thumbnailUrl\":\"https:\\\/\\\/shop.bantam.ch\\\/wp-content\\\/uploads\\\/2023\\\/03\\\/995815421.jpg\",\"datePublished\":\"2023-03-22T15:28:45+00:00\",\"dateModified\":\"2026-05-06T21:28:46+00:00\",\"breadcrumb\":{\"@id\":\"https:\\\/\\\/shop.bantam.ch\\\/de\\\/produkt\\\/sonnendach-rolli-plus-grau\\\/#breadcrumb\"},\"inLanguage\":\"de\",\"potentialAction\":[{\"@type\":\"ReadAction\",\"target\":[\"https:\\\/\\\/shop.bantam.ch\\\/de\\\/produkt\\\/sonnendach-rolli-plus-grau\\\/\"]}]},{\"@type\":\"ImageObject\",\"inLanguage\":\"de\",\"@id\":\"https:\\\/\\\/shop.bantam.ch\\\/de\\\/produkt\\\/sonnendach-rolli-plus-grau\\\/#primaryimage\",\"url\":\"https:\\\/\\\/shop.bantam.ch\\\/wp-content\\\/uploads\\\/2023\\\/03\\\/995815421.jpg\",\"contentUrl\":\"https:\\\/\\\/shop.bantam.ch\\\/wp-content\\\/uploads\\\/2023\\\/03\\\/995815421.jpg\",\"width\":1000,\"height\":726},{\"@type\":\"BreadcrumbList\",\"@id\":\"https:\\\/\\\/shop.bantam.ch\\\/de\\\/produkt\\\/sonnendach-rolli-plus-grau\\\/#breadcrumb\",\"itemListElement\":[{\"@type\":\"ListItem\",\"position\":1,\"name\":\"Accueil\",\"item\":\"https:\\\/\\\/shop.bantam.ch\\\/de\\\/\"},{\"@type\":\"ListItem\",\"position\":2,\"name\":\"Shop\",\"item\":\"https:\\\/\\\/shop.bantam.ch\\\/de\\\/shop\\\/\"},{\"@type\":\"ListItem\",\"position\":3,\"name\":\"Sonnendach Rolli Plus grau\"}]},{\"@type\":\"WebSite\",\"@id\":\"https:\\\/\\\/shop.bantam.ch\\\/de\\\/#website\",\"url\":\"https:\\\/\\\/shop.bantam.ch\\\/de\\\/\",\"name\":\"Bantam\",\"description\":\"\",\"publisher\":{\"@id\":\"https:\\\/\\\/shop.bantam.ch\\\/de\\\/#organization\"},\"inLanguage\":\"de\"},{\"@type\":\"Organization\",\"@id\":\"https:\\\/\\\/shop.bantam.ch\\\/de\\\/#organization\",\"name\":\"Bantam\",\"url\":\"https:\\\/\\\/shop.bantam.ch\\\/de\\\/\",\"logo\":{\"@type\":\"ImageObject\",\"inLanguage\":\"de\",\"@id\":\"https:\\\/\\\/shop.bantam.ch\\\/de\\\/#\\\/schema\\\/logo\\\/image\\\/\",\"url\":\"https:\\\/\\\/shop.bantam.ch\\\/wp-content\\\/uploads\\\/2022\\\/12\\\/bantam-logo.png\",\"contentUrl\":\"https:\\\/\\\/shop.bantam.ch\\\/wp-content\\\/uploads\\\/2022\\\/12\\\/bantam-logo.png\",\"width\":320,\"height\":71,\"caption\":\"Bantam\"},\"image\":{\"@id\":\"https:\\\/\\\/shop.bantam.ch\\\/de\\\/#\\\/schema\\\/logo\\\/image\\\/\"}}]}<\/script>\n<!-- \/ Yoast SEO plugin. -->","yoast_head_json":{"title":"Sonnendach Rolli Plus grau - Bantam","robots":{"index":"index","follow":"follow","max-snippet":"max-snippet:-1","max-image-preview":"max-image-preview:large","max-video-preview":"max-video-preview:-1"},"canonical":"https:\/\/shop.bantam.ch\/de\/produkt\/sonnendach-rolli-plus-grau\/","og_locale":"de_DE","og_type":"article","og_title":"Sonnendach Rolli Plus grau - Bantam","og_description":"Die ideale Erg\u00e4nzung zur Rolli Markise, spendet ausreichend Schatten f\u00fcr ein angenehmes Frischlufterlebnis, mit einer Tiefe von 200 cm bzw. 240 cm bietet das Sonnendach die M\u00f6glichkeit auf die jeweilige Stellplatzgr\u00f6\u00dfe zu reagieren. Material:100 % Polyester (mit einseitiger Acrylbeschichtung)","og_url":"https:\/\/shop.bantam.ch\/de\/produkt\/sonnendach-rolli-plus-grau\/","og_site_name":"Bantam","article_modified_time":"2026-05-06T21:28:46+00:00","og_image":[{"width":1000,"height":726,"url":"https:\/\/shop.bantam.ch\/wp-content\/uploads\/2023\/03\/995815421.jpg","type":"image\/jpeg"}],"twitter_card":"summary_large_image","schema":{"@context":"https:\/\/schema.org","@graph":[{"@type":"WebPage","@id":"https:\/\/shop.bantam.ch\/de\/produkt\/sonnendach-rolli-plus-grau\/","url":"https:\/\/shop.bantam.ch\/de\/produkt\/sonnendach-rolli-plus-grau\/","name":"Sonnendach Rolli Plus grau - Bantam","isPartOf":{"@id":"https:\/\/shop.bantam.ch\/de\/#website"},"primaryImageOfPage":{"@id":"https:\/\/shop.bantam.ch\/de\/produkt\/sonnendach-rolli-plus-grau\/#primaryimage"},"image":{"@id":"https:\/\/shop.bantam.ch\/de\/produkt\/sonnendach-rolli-plus-grau\/#primaryimage"},"thumbnailUrl":"https:\/\/shop.bantam.ch\/wp-content\/uploads\/2023\/03\/995815421.jpg","datePublished":"2023-03-22T15:28:45+00:00","dateModified":"2026-05-06T21:28:46+00:00","breadcrumb":{"@id":"https:\/\/shop.bantam.ch\/de\/produkt\/sonnendach-rolli-plus-grau\/#breadcrumb"},"inLanguage":"de","potentialAction":[{"@type":"ReadAction","target":["https:\/\/shop.bantam.ch\/de\/produkt\/sonnendach-rolli-plus-grau\/"]}]},{"@type":"ImageObject","inLanguage":"de","@id":"https:\/\/shop.bantam.ch\/de\/produkt\/sonnendach-rolli-plus-grau\/#primaryimage","url":"https:\/\/shop.bantam.ch\/wp-content\/uploads\/2023\/03\/995815421.jpg","contentUrl":"https:\/\/shop.bantam.ch\/wp-content\/uploads\/2023\/03\/995815421.jpg","width":1000,"height":726},{"@type":"BreadcrumbList","@id":"https:\/\/shop.bantam.ch\/de\/produkt\/sonnendach-rolli-plus-grau\/#breadcrumb","itemListElement":[{"@type":"ListItem","position":1,"name":"Accueil","item":"https:\/\/shop.bantam.ch\/de\/"},{"@type":"ListItem","position":2,"name":"Shop","item":"https:\/\/shop.bantam.ch\/de\/shop\/"},{"@type":"ListItem","position":3,"name":"Sonnendach Rolli Plus grau"}]},{"@type":"WebSite","@id":"https:\/\/shop.bantam.ch\/de\/#website","url":"https:\/\/shop.bantam.ch\/de\/","name":"Bantam","description":"","publisher":{"@id":"https:\/\/shop.bantam.ch\/de\/#organization"},"inLanguage":"de"},{"@type":"Organization","@id":"https:\/\/shop.bantam.ch\/de\/#organization","name":"Bantam","url":"https:\/\/shop.bantam.ch\/de\/","logo":{"@type":"ImageObject","inLanguage":"de","@id":"https:\/\/shop.bantam.ch\/de\/#\/schema\/logo\/image\/","url":"https:\/\/shop.bantam.ch\/wp-content\/uploads\/2022\/12\/bantam-logo.png","contentUrl":"https:\/\/shop.bantam.ch\/wp-content\/uploads\/2022\/12\/bantam-logo.png","width":320,"height":71,"caption":"Bantam"},"image":{"@id":"https:\/\/shop.bantam.ch\/de\/#\/schema\/logo\/image\/"}}]}},"_links":{"self":[{"href":"https:\/\/shop.bantam.ch\/de\/wp-json\/wp\/v2\/product\/155868","targetHints":{"allow":["GET"]}}],"collection":[{"href":"https:\/\/shop.bantam.ch\/de\/wp-json\/wp\/v2\/product"}],"about":[{"href":"https:\/\/shop.bantam.ch\/de\/wp-json\/wp\/v2\/types\/product"}],"wp:featuredmedia":[{"embeddable":true,"href":"https:\/\/shop.bantam.ch\/de\/wp-json\/wp\/v2\/media\/155818"}],"wp:attachment":[{"href":"https:\/\/shop.bantam.ch\/de\/wp-json\/wp\/v2\/media?parent=155868"}],"wp:term":[{"taxonomy":"product_featured_cat","embeddable":true,"href":"https:\/\/shop.bantam.ch\/de\/wp-json\/wp\/v2\/product_featured_cat?post=155868"},{"taxonomy":"product_brand","embeddable":true,"href":"https:\/\/shop.bantam.ch\/de\/wp-json\/wp\/v2\/product_brand?post=155868"},{"taxonomy":"product_cat","embeddable":true,"href":"https:\/\/shop.bantam.ch\/de\/wp-json\/wp\/v2\/product_cat?post=155868"},{"taxonomy":"product_tag","embeddable":true,"href":"https:\/\/shop.bantam.ch\/de\/wp-json\/wp\/v2\/product_tag?post=155868"}],"curies":[{"name":"wp","href":"https:\/\/api.w.org\/{rel}","templated":true}]}}