{"id":155375,"date":"2023-03-22T16:18:44","date_gmt":"2023-03-22T15:18:44","guid":{"rendered":"https:\/\/shop.bantam.ch\/produit\/wandmarkise-f45l\/"},"modified":"2026-04-19T23:02:35","modified_gmt":"2026-04-19T21:02:35","slug":"wandmarkise-f45l","status":"publish","type":"product","link":"https:\/\/shop.bantam.ch\/de\/produkt\/wandmarkise-f45l\/","title":{"rendered":"Wandmarkise F45L"},"content":{"rendered":"<p><span style=\"font-family: 'Open Sans', sans-serif\"><span style=\"font-size: 14.4px\">Einfach zu montieren und in der Anwendung; die Markise F45L verbindet zukunftsorientierte Technik mit der besten Qualit\u00e4t und dem besten Service. Kompakt im Design und in der Funktion, immer auf dem neuesten Stand und von h\u00f6chster Qualit\u00e4t, resistent und solide sowie sicher und praktisch im Gebrauch. Die sichtbare \u00d6se vereinfacht das Einh\u00e4ngen der Kurbel zum \u00d6ffnen der Markise.<\/span><\/span><\/p>\n<ul>\n<li><span style=\"font-size: 14.4px;font-family: 'Open Sans', sans-serif\">Montagehalterungen: Standardhalterungen serienm\u00e4ssig und mehr als 90 individuelle Halterungen, welche die Montage an speziellen Profilen erm\u00f6glichen<\/span><\/li>\n<li>LED: viele verschiedene LED Modelle zur Beleuchtung unter der Markise<\/li>\n<li>Double Guide: doppelte Kederschiene in der Frontblende, welche eine Anbringung zweier Frontw\u00e4nde gleichzeitig erm\u00f6glicht<\/li>\n<li><span style=\"font-family: 'Open Sans', sans-serif\"><span style=\"font-size: 14.4px\">Perfect Closing: leise sowie schnelles \u00d6ffnen und Schliessen durch den Auto Lock Sicherheitsmechanismus. Das Dual Security tr\u00e4gt zur kompletten und einwandfreien Schliessung der Markise bei<\/span><\/span><\/li>\n<li><span style=\"font-size: 14.4px;font-family: 'Open Sans', sans-serif\">Presto Fix: Regulierungssystem welches auch auf Dauer eine perfekt Schliessung der Frontblende gew\u00e4hrleistet<\/span><\/li>\n<li><span style=\"font-family: 'Open Sans', sans-serif\"><span style=\"font-size: 14.4px\">One Way Roll: patentierter Mechanismus welches das Tuch immer korrekt aufwickelt<\/span><\/span><\/li>\n<li><span style=\"font-size: 14.4px;font-family: 'Open Sans', sans-serif\">Dual Shock Absorber: D\u00e4mpfhalterung mit Doppelschraube, patentiertes Double-Block, was sowohl die Markise als auch Ihr Fahrzeug sch\u00fctzt<\/span><\/li>\n<li><span style=\"font-family: 'Open Sans', sans-serif\"><span style=\"font-size: 14.4px\">Extra Strong Arms: best\u00e4ndige, verst\u00e4rkte Gelenkarme mit doppelter Seilspannung, um so das Tuch immer ideal gespannt zu halten<\/span><\/span><\/li>\n<li><span style=\"font-family: 'Open Sans', sans-serif\"><span style=\"font-size: 14.4px\">Secure Lock: die St\u00fctzf\u00fcsse k\u00f6nnen sowohl am Boden als auch an der Fahrzeugwand positioniert werden und erm\u00f6glichen die Einstellung der Frontblendenh\u00f6he mittels einem sicheren, praktischen und teleskopierbaren System<\/span><\/span><\/li>\n<li><span style=\"font-size: 14.4px;font-family: 'Open Sans', sans-serif\">Zubeh\u00f6r: ein umfangreiches Sortiment an Zubeh\u00f6r f\u00fcr noch mehr Komfort<\/span><\/li>\n<\/ul>\n<p><span style=\"font-size: 14.4px;font-family: 'Open Sans', sans-serif\">Material:<br \/><\/span><span style=\"font-size: 14.4px;font-family: 'Open Sans', sans-serif\">Tuch: 90 % PVC, 10 % Polyester<br \/><\/span><span style=\"font-size: 14.4px;font-family: 'Open Sans', sans-serif\">Geh\u00e4use: Aluminium<\/span><\/p>\n<p><span style=\"font-size: 14.4px;font-family: 'Open Sans', sans-serif\">Lieferumfang\u00a0<br \/><\/span><span style=\"font-size: 14.4px;font-family: 'Open Sans', sans-serif\">Wandmarkise F 45 L<br \/><\/span><span style=\"font-size: 14.4px;font-family: 'Open Sans', sans-serif\">Markisenkurbel<br \/><\/span><span style=\"font-size: 14.4px;font-family: 'Open Sans', sans-serif\">Befestigungsplatten (Standard-Halterungen) f\u00fcr senkrechte Fahrzeugw\u00e4nde<br \/><\/span><span style=\"font-size: 14.4px;font-family: 'Open Sans', sans-serif\">St\u00fctzfu\u00dfbefestigung an der Wand<br \/><\/span><span style=\"font-size: 14.4px;font-family: 'Open Sans', sans-serif\">Heringe f\u00fcr Bodenbestfestigung<br \/><\/span><span style=\"font-size: 14.4px;font-family: 'Open Sans', sans-serif\">1 Rafter Spannstange aus eloxiertem Aluminium inklusive<\/span><\/p>\n","protected":false},"excerpt":{"rendered":"<p>Einfach zu montieren und in der Anwendung; die Markise F45L verbindet zukunftsorientierte Technik mit der besten Qualit\u00e4t und dem besten Service. Kompakt im Design und in der Funktion, immer auf dem neuesten Stand und von h\u00f6chster Qualit\u00e4t, resistent und solide sowie sicher und praktisch im Gebrauch. Die sichtbare \u00d6se vereinfacht das Einh\u00e4ngen der Kurbel zum [&hellip;]<\/p>\n","protected":false},"featured_media":155326,"template":"","meta":{"_acf_changed":false},"product_featured_cat":[],"product_brand":[3035],"product_cat":[4214],"product_tag":[],"class_list":{"0":"post-155375","1":"product","2":"type-product","3":"status-publish","4":"has-post-thumbnail","6":"product_brand-fiamma-de","7":"product_cat-markisen-dachseitenwand","9":"first","10":"instock","11":"taxable","12":"shipping-taxable","13":"purchasable","14":"product-type-variable"},"acf":[],"yoast_head":"<!-- This site is optimized with the Yoast SEO plugin v27.4 - https:\/\/yoast.com\/product\/yoast-seo-wordpress\/ -->\n<title>Wandmarkise F45L - Bantam Camping AG<\/title>\n<meta name=\"robots\" content=\"index, follow, max-snippet:-1, max-image-preview:large, max-video-preview:-1\" \/>\n<link rel=\"canonical\" href=\"https:\/\/shop.bantam.ch\/de\/produkt\/wandmarkise-f45l\/\" \/>\n<meta property=\"og:locale\" content=\"de_DE\" \/>\n<meta property=\"og:type\" content=\"article\" \/>\n<meta property=\"og:title\" content=\"Wandmarkise F45L - Bantam Camping AG\" \/>\n<meta property=\"og:description\" content=\"Einfach zu montieren und in der Anwendung; die Markise F45L verbindet zukunftsorientierte Technik mit der besten Qualit\u00e4t und dem besten Service. Kompakt im Design und in der Funktion, immer auf dem neuesten Stand und von h\u00f6chster Qualit\u00e4t, resistent und solide sowie sicher und praktisch im Gebrauch. Die sichtbare \u00d6se vereinfacht das Einh\u00e4ngen der Kurbel zum [&hellip;]\" \/>\n<meta property=\"og:url\" content=\"https:\/\/shop.bantam.ch\/de\/produkt\/wandmarkise-f45l\/\" \/>\n<meta property=\"og:site_name\" content=\"Bantam Camping AG\" \/>\n<meta property=\"article:modified_time\" content=\"2026-04-19T21:02:35+00:00\" \/>\n<meta property=\"og:image\" content=\"https:\/\/shop.bantam.ch\/wp-content\/uploads\/2023\/03\/9951932-100-2-3.png\" \/>\n\t<meta property=\"og:image:width\" content=\"325\" \/>\n\t<meta property=\"og:image:height\" content=\"1500\" \/>\n\t<meta property=\"og:image:type\" content=\"image\/png\" \/>\n<meta name=\"twitter:card\" content=\"summary_large_image\" \/>\n<meta name=\"twitter:label1\" content=\"Gesch\u00e4tzte Lesezeit\" \/>\n\t<meta name=\"twitter:data1\" content=\"1\u00a0Minute\" \/>\n<script type=\"application\/ld+json\" class=\"yoast-schema-graph\">{\"@context\":\"https:\\\/\\\/schema.org\",\"@graph\":[{\"@type\":\"WebPage\",\"@id\":\"https:\\\/\\\/shop.bantam.ch\\\/de\\\/produkt\\\/wandmarkise-f45l\\\/\",\"url\":\"https:\\\/\\\/shop.bantam.ch\\\/de\\\/produkt\\\/wandmarkise-f45l\\\/\",\"name\":\"Wandmarkise F45L - Bantam Camping AG\",\"isPartOf\":{\"@id\":\"https:\\\/\\\/shop.bantam.ch\\\/de\\\/#website\"},\"primaryImageOfPage\":{\"@id\":\"https:\\\/\\\/shop.bantam.ch\\\/de\\\/produkt\\\/wandmarkise-f45l\\\/#primaryimage\"},\"image\":{\"@id\":\"https:\\\/\\\/shop.bantam.ch\\\/de\\\/produkt\\\/wandmarkise-f45l\\\/#primaryimage\"},\"thumbnailUrl\":\"https:\\\/\\\/shop.bantam.ch\\\/wp-content\\\/uploads\\\/2023\\\/03\\\/9951932-100-2-3.png\",\"datePublished\":\"2023-03-22T15:18:44+00:00\",\"dateModified\":\"2026-04-19T21:02:35+00:00\",\"breadcrumb\":{\"@id\":\"https:\\\/\\\/shop.bantam.ch\\\/de\\\/produkt\\\/wandmarkise-f45l\\\/#breadcrumb\"},\"inLanguage\":\"de\",\"potentialAction\":[{\"@type\":\"ReadAction\",\"target\":[\"https:\\\/\\\/shop.bantam.ch\\\/de\\\/produkt\\\/wandmarkise-f45l\\\/\"]}]},{\"@type\":\"ImageObject\",\"inLanguage\":\"de\",\"@id\":\"https:\\\/\\\/shop.bantam.ch\\\/de\\\/produkt\\\/wandmarkise-f45l\\\/#primaryimage\",\"url\":\"https:\\\/\\\/shop.bantam.ch\\\/wp-content\\\/uploads\\\/2023\\\/03\\\/9951932-100-2-3.png\",\"contentUrl\":\"https:\\\/\\\/shop.bantam.ch\\\/wp-content\\\/uploads\\\/2023\\\/03\\\/9951932-100-2-3.png\",\"width\":325,\"height\":1500},{\"@type\":\"BreadcrumbList\",\"@id\":\"https:\\\/\\\/shop.bantam.ch\\\/de\\\/produkt\\\/wandmarkise-f45l\\\/#breadcrumb\",\"itemListElement\":[{\"@type\":\"ListItem\",\"position\":1,\"name\":\"Accueil\",\"item\":\"https:\\\/\\\/shop.bantam.ch\\\/de\\\/\"},{\"@type\":\"ListItem\",\"position\":2,\"name\":\"Shop\",\"item\":\"https:\\\/\\\/shop.bantam.ch\\\/de\\\/shop\\\/\"},{\"@type\":\"ListItem\",\"position\":3,\"name\":\"Wandmarkise F45L\"}]},{\"@type\":\"WebSite\",\"@id\":\"https:\\\/\\\/shop.bantam.ch\\\/de\\\/#website\",\"url\":\"https:\\\/\\\/shop.bantam.ch\\\/de\\\/\",\"name\":\"Bantam Camping AG\",\"description\":\"\",\"publisher\":{\"@id\":\"https:\\\/\\\/shop.bantam.ch\\\/de\\\/#organization\"},\"inLanguage\":\"de\"},{\"@type\":\"Organization\",\"@id\":\"https:\\\/\\\/shop.bantam.ch\\\/de\\\/#organization\",\"name\":\"Bantam Camping AG\",\"url\":\"https:\\\/\\\/shop.bantam.ch\\\/de\\\/\",\"logo\":{\"@type\":\"ImageObject\",\"inLanguage\":\"de\",\"@id\":\"https:\\\/\\\/shop.bantam.ch\\\/de\\\/#\\\/schema\\\/logo\\\/image\\\/\",\"url\":\"https:\\\/\\\/shop.bantam.ch\\\/wp-content\\\/uploads\\\/2022\\\/12\\\/bantam-logo.png\",\"contentUrl\":\"https:\\\/\\\/shop.bantam.ch\\\/wp-content\\\/uploads\\\/2022\\\/12\\\/bantam-logo.png\",\"width\":320,\"height\":71,\"caption\":\"Bantam Camping AG\"},\"image\":{\"@id\":\"https:\\\/\\\/shop.bantam.ch\\\/de\\\/#\\\/schema\\\/logo\\\/image\\\/\"}}]}<\/script>\n<!-- \/ Yoast SEO plugin. -->","yoast_head_json":{"title":"Wandmarkise F45L - Bantam Camping AG","robots":{"index":"index","follow":"follow","max-snippet":"max-snippet:-1","max-image-preview":"max-image-preview:large","max-video-preview":"max-video-preview:-1"},"canonical":"https:\/\/shop.bantam.ch\/de\/produkt\/wandmarkise-f45l\/","og_locale":"de_DE","og_type":"article","og_title":"Wandmarkise F45L - Bantam Camping AG","og_description":"Einfach zu montieren und in der Anwendung; die Markise F45L verbindet zukunftsorientierte Technik mit der besten Qualit\u00e4t und dem besten Service. Kompakt im Design und in der Funktion, immer auf dem neuesten Stand und von h\u00f6chster Qualit\u00e4t, resistent und solide sowie sicher und praktisch im Gebrauch. Die sichtbare \u00d6se vereinfacht das Einh\u00e4ngen der Kurbel zum [&hellip;]","og_url":"https:\/\/shop.bantam.ch\/de\/produkt\/wandmarkise-f45l\/","og_site_name":"Bantam Camping AG","article_modified_time":"2026-04-19T21:02:35+00:00","og_image":[{"width":325,"height":1500,"url":"https:\/\/shop.bantam.ch\/wp-content\/uploads\/2023\/03\/9951932-100-2-3.png","type":"image\/png"}],"twitter_card":"summary_large_image","twitter_misc":{"Gesch\u00e4tzte Lesezeit":"1\u00a0Minute"},"schema":{"@context":"https:\/\/schema.org","@graph":[{"@type":"WebPage","@id":"https:\/\/shop.bantam.ch\/de\/produkt\/wandmarkise-f45l\/","url":"https:\/\/shop.bantam.ch\/de\/produkt\/wandmarkise-f45l\/","name":"Wandmarkise F45L - Bantam Camping AG","isPartOf":{"@id":"https:\/\/shop.bantam.ch\/de\/#website"},"primaryImageOfPage":{"@id":"https:\/\/shop.bantam.ch\/de\/produkt\/wandmarkise-f45l\/#primaryimage"},"image":{"@id":"https:\/\/shop.bantam.ch\/de\/produkt\/wandmarkise-f45l\/#primaryimage"},"thumbnailUrl":"https:\/\/shop.bantam.ch\/wp-content\/uploads\/2023\/03\/9951932-100-2-3.png","datePublished":"2023-03-22T15:18:44+00:00","dateModified":"2026-04-19T21:02:35+00:00","breadcrumb":{"@id":"https:\/\/shop.bantam.ch\/de\/produkt\/wandmarkise-f45l\/#breadcrumb"},"inLanguage":"de","potentialAction":[{"@type":"ReadAction","target":["https:\/\/shop.bantam.ch\/de\/produkt\/wandmarkise-f45l\/"]}]},{"@type":"ImageObject","inLanguage":"de","@id":"https:\/\/shop.bantam.ch\/de\/produkt\/wandmarkise-f45l\/#primaryimage","url":"https:\/\/shop.bantam.ch\/wp-content\/uploads\/2023\/03\/9951932-100-2-3.png","contentUrl":"https:\/\/shop.bantam.ch\/wp-content\/uploads\/2023\/03\/9951932-100-2-3.png","width":325,"height":1500},{"@type":"BreadcrumbList","@id":"https:\/\/shop.bantam.ch\/de\/produkt\/wandmarkise-f45l\/#breadcrumb","itemListElement":[{"@type":"ListItem","position":1,"name":"Accueil","item":"https:\/\/shop.bantam.ch\/de\/"},{"@type":"ListItem","position":2,"name":"Shop","item":"https:\/\/shop.bantam.ch\/de\/shop\/"},{"@type":"ListItem","position":3,"name":"Wandmarkise F45L"}]},{"@type":"WebSite","@id":"https:\/\/shop.bantam.ch\/de\/#website","url":"https:\/\/shop.bantam.ch\/de\/","name":"Bantam Camping AG","description":"","publisher":{"@id":"https:\/\/shop.bantam.ch\/de\/#organization"},"inLanguage":"de"},{"@type":"Organization","@id":"https:\/\/shop.bantam.ch\/de\/#organization","name":"Bantam Camping AG","url":"https:\/\/shop.bantam.ch\/de\/","logo":{"@type":"ImageObject","inLanguage":"de","@id":"https:\/\/shop.bantam.ch\/de\/#\/schema\/logo\/image\/","url":"https:\/\/shop.bantam.ch\/wp-content\/uploads\/2022\/12\/bantam-logo.png","contentUrl":"https:\/\/shop.bantam.ch\/wp-content\/uploads\/2022\/12\/bantam-logo.png","width":320,"height":71,"caption":"Bantam Camping AG"},"image":{"@id":"https:\/\/shop.bantam.ch\/de\/#\/schema\/logo\/image\/"}}]}},"_links":{"self":[{"href":"https:\/\/shop.bantam.ch\/de\/wp-json\/wp\/v2\/product\/155375","targetHints":{"allow":["GET"]}}],"collection":[{"href":"https:\/\/shop.bantam.ch\/de\/wp-json\/wp\/v2\/product"}],"about":[{"href":"https:\/\/shop.bantam.ch\/de\/wp-json\/wp\/v2\/types\/product"}],"wp:featuredmedia":[{"embeddable":true,"href":"https:\/\/shop.bantam.ch\/de\/wp-json\/wp\/v2\/media\/155326"}],"wp:attachment":[{"href":"https:\/\/shop.bantam.ch\/de\/wp-json\/wp\/v2\/media?parent=155375"}],"wp:term":[{"taxonomy":"product_featured_cat","embeddable":true,"href":"https:\/\/shop.bantam.ch\/de\/wp-json\/wp\/v2\/product_featured_cat?post=155375"},{"taxonomy":"product_brand","embeddable":true,"href":"https:\/\/shop.bantam.ch\/de\/wp-json\/wp\/v2\/product_brand?post=155375"},{"taxonomy":"product_cat","embeddable":true,"href":"https:\/\/shop.bantam.ch\/de\/wp-json\/wp\/v2\/product_cat?post=155375"},{"taxonomy":"product_tag","embeddable":true,"href":"https:\/\/shop.bantam.ch\/de\/wp-json\/wp\/v2\/product_tag?post=155375"}],"curies":[{"name":"wp","href":"https:\/\/api.w.org\/{rel}","templated":true}]}}