{"id":154898,"date":"2023-03-22T15:53:44","date_gmt":"2023-03-22T14:53:44","guid":{"rendered":"https:\/\/shop.bantam.ch\/produit\/kombi-kassetten-rollo-remiflair-i\/"},"modified":"2026-04-19T22:51:42","modified_gmt":"2026-04-19T20:51:42","slug":"kombi-kassetten-rollo-remiflair-i","status":"publish","type":"product","link":"https:\/\/shop.bantam.ch\/de\/produkt\/kombi-kassetten-rollo-remiflair-i\/","title":{"rendered":"Kombi-Kassetten-Rollo REMIflair I"},"content":{"rendered":"<p>Das hochwertig verarbeitete Doppel-Kassettenrollo wird direkt vor das Fenster gesetzt und gibt dem Raum so eine wohnliche Atmosph\u00e4re. Die aluminiumbeschichtete Sonnenschutzfolie sorgt f\u00fcr eine sehr gute Verdunkelung und bietet eine ausgezeichnete Isolation vor W\u00e4rme und K\u00e4lte. Wirksamer Insektenschutz, geringer Raumbedarf und leichte Montage machen REMIflair zu einem echten Allrounder.<\/p>\n<p>Farbe Kassette cremewei\u00df, Sonnenschutz creme\/silber, Insektenschutz wei\u00df<\/p>\n","protected":false},"excerpt":{"rendered":"<p>Das hochwertig verarbeitete Doppel-Kassettenrollo wird direkt vor das Fenster gesetzt und gibt dem Raum so eine wohnliche Atmosph\u00e4re. Die aluminiumbeschichtete Sonnenschutzfolie sorgt f\u00fcr eine sehr gute Verdunkelung und bietet eine ausgezeichnete Isolation vor W\u00e4rme und K\u00e4lte. Wirksamer Insektenschutz, geringer Raumbedarf und leichte Montage machen REMIflair zu einem echten Allrounder. Farbe Kassette cremewei\u00df, Sonnenschutz creme\/silber, Insektenschutz [&hellip;]<\/p>\n","protected":false},"featured_media":154842,"template":"","meta":{"_acf_changed":false},"product_featured_cat":[],"product_brand":[3045],"product_cat":[4724],"product_tag":[],"class_list":{"0":"post-154898","1":"product","2":"type-product","3":"status-publish","4":"has-post-thumbnail","6":"product_brand-remis-de","7":"product_cat-rollos","9":"first","10":"instock","11":"taxable","12":"shipping-taxable","13":"purchasable","14":"product-type-variable"},"acf":[],"yoast_head":"<!-- This site is optimized with the Yoast SEO plugin v27.4 - https:\/\/yoast.com\/product\/yoast-seo-wordpress\/ -->\n<title>Kombi-Kassetten-Rollo REMIflair I - Bantam Camping AG<\/title>\n<meta name=\"robots\" content=\"index, follow, max-snippet:-1, max-image-preview:large, max-video-preview:-1\" \/>\n<link rel=\"canonical\" href=\"https:\/\/shop.bantam.ch\/de\/produkt\/kombi-kassetten-rollo-remiflair-i\/\" \/>\n<meta property=\"og:locale\" content=\"de_DE\" \/>\n<meta property=\"og:type\" content=\"article\" \/>\n<meta property=\"og:title\" content=\"Kombi-Kassetten-Rollo REMIflair I - Bantam Camping AG\" \/>\n<meta property=\"og:description\" content=\"Das hochwertig verarbeitete Doppel-Kassettenrollo wird direkt vor das Fenster gesetzt und gibt dem Raum so eine wohnliche Atmosph\u00e4re. Die aluminiumbeschichtete Sonnenschutzfolie sorgt f\u00fcr eine sehr gute Verdunkelung und bietet eine ausgezeichnete Isolation vor W\u00e4rme und K\u00e4lte. Wirksamer Insektenschutz, geringer Raumbedarf und leichte Montage machen REMIflair zu einem echten Allrounder. Farbe Kassette cremewei\u00df, Sonnenschutz creme\/silber, Insektenschutz [&hellip;]\" \/>\n<meta property=\"og:url\" content=\"https:\/\/shop.bantam.ch\/de\/produkt\/kombi-kassetten-rollo-remiflair-i\/\" \/>\n<meta property=\"og:site_name\" content=\"Bantam Camping AG\" \/>\n<meta property=\"article:modified_time\" content=\"2026-04-19T20:51:42+00:00\" \/>\n<meta property=\"og:image\" content=\"https:\/\/shop.bantam.ch\/wp-content\/uploads\/2023\/03\/994322311.jpg\" \/>\n\t<meta property=\"og:image:width\" content=\"1000\" \/>\n\t<meta property=\"og:image:height\" content=\"565\" \/>\n\t<meta property=\"og:image:type\" content=\"image\/jpeg\" \/>\n<meta name=\"twitter:card\" content=\"summary_large_image\" \/>\n<script type=\"application\/ld+json\" class=\"yoast-schema-graph\">{\"@context\":\"https:\\\/\\\/schema.org\",\"@graph\":[{\"@type\":\"WebPage\",\"@id\":\"https:\\\/\\\/shop.bantam.ch\\\/de\\\/produkt\\\/kombi-kassetten-rollo-remiflair-i\\\/\",\"url\":\"https:\\\/\\\/shop.bantam.ch\\\/de\\\/produkt\\\/kombi-kassetten-rollo-remiflair-i\\\/\",\"name\":\"Kombi-Kassetten-Rollo REMIflair I - Bantam Camping AG\",\"isPartOf\":{\"@id\":\"https:\\\/\\\/shop.bantam.ch\\\/de\\\/#website\"},\"primaryImageOfPage\":{\"@id\":\"https:\\\/\\\/shop.bantam.ch\\\/de\\\/produkt\\\/kombi-kassetten-rollo-remiflair-i\\\/#primaryimage\"},\"image\":{\"@id\":\"https:\\\/\\\/shop.bantam.ch\\\/de\\\/produkt\\\/kombi-kassetten-rollo-remiflair-i\\\/#primaryimage\"},\"thumbnailUrl\":\"https:\\\/\\\/shop.bantam.ch\\\/wp-content\\\/uploads\\\/2023\\\/03\\\/994322311.jpg\",\"datePublished\":\"2023-03-22T14:53:44+00:00\",\"dateModified\":\"2026-04-19T20:51:42+00:00\",\"breadcrumb\":{\"@id\":\"https:\\\/\\\/shop.bantam.ch\\\/de\\\/produkt\\\/kombi-kassetten-rollo-remiflair-i\\\/#breadcrumb\"},\"inLanguage\":\"de\",\"potentialAction\":[{\"@type\":\"ReadAction\",\"target\":[\"https:\\\/\\\/shop.bantam.ch\\\/de\\\/produkt\\\/kombi-kassetten-rollo-remiflair-i\\\/\"]}]},{\"@type\":\"ImageObject\",\"inLanguage\":\"de\",\"@id\":\"https:\\\/\\\/shop.bantam.ch\\\/de\\\/produkt\\\/kombi-kassetten-rollo-remiflair-i\\\/#primaryimage\",\"url\":\"https:\\\/\\\/shop.bantam.ch\\\/wp-content\\\/uploads\\\/2023\\\/03\\\/994322311.jpg\",\"contentUrl\":\"https:\\\/\\\/shop.bantam.ch\\\/wp-content\\\/uploads\\\/2023\\\/03\\\/994322311.jpg\",\"width\":1000,\"height\":565},{\"@type\":\"BreadcrumbList\",\"@id\":\"https:\\\/\\\/shop.bantam.ch\\\/de\\\/produkt\\\/kombi-kassetten-rollo-remiflair-i\\\/#breadcrumb\",\"itemListElement\":[{\"@type\":\"ListItem\",\"position\":1,\"name\":\"Accueil\",\"item\":\"https:\\\/\\\/shop.bantam.ch\\\/de\\\/\"},{\"@type\":\"ListItem\",\"position\":2,\"name\":\"Shop\",\"item\":\"https:\\\/\\\/shop.bantam.ch\\\/de\\\/shop\\\/\"},{\"@type\":\"ListItem\",\"position\":3,\"name\":\"Kombi-Kassetten-Rollo REMIflair I\"}]},{\"@type\":\"WebSite\",\"@id\":\"https:\\\/\\\/shop.bantam.ch\\\/de\\\/#website\",\"url\":\"https:\\\/\\\/shop.bantam.ch\\\/de\\\/\",\"name\":\"Bantam Camping AG\",\"description\":\"\",\"publisher\":{\"@id\":\"https:\\\/\\\/shop.bantam.ch\\\/de\\\/#organization\"},\"inLanguage\":\"de\"},{\"@type\":\"Organization\",\"@id\":\"https:\\\/\\\/shop.bantam.ch\\\/de\\\/#organization\",\"name\":\"Bantam Camping AG\",\"url\":\"https:\\\/\\\/shop.bantam.ch\\\/de\\\/\",\"logo\":{\"@type\":\"ImageObject\",\"inLanguage\":\"de\",\"@id\":\"https:\\\/\\\/shop.bantam.ch\\\/de\\\/#\\\/schema\\\/logo\\\/image\\\/\",\"url\":\"https:\\\/\\\/shop.bantam.ch\\\/wp-content\\\/uploads\\\/2022\\\/12\\\/bantam-logo.png\",\"contentUrl\":\"https:\\\/\\\/shop.bantam.ch\\\/wp-content\\\/uploads\\\/2022\\\/12\\\/bantam-logo.png\",\"width\":320,\"height\":71,\"caption\":\"Bantam Camping AG\"},\"image\":{\"@id\":\"https:\\\/\\\/shop.bantam.ch\\\/de\\\/#\\\/schema\\\/logo\\\/image\\\/\"}}]}<\/script>\n<!-- \/ Yoast SEO plugin. -->","yoast_head_json":{"title":"Kombi-Kassetten-Rollo REMIflair I - Bantam Camping AG","robots":{"index":"index","follow":"follow","max-snippet":"max-snippet:-1","max-image-preview":"max-image-preview:large","max-video-preview":"max-video-preview:-1"},"canonical":"https:\/\/shop.bantam.ch\/de\/produkt\/kombi-kassetten-rollo-remiflair-i\/","og_locale":"de_DE","og_type":"article","og_title":"Kombi-Kassetten-Rollo REMIflair I - Bantam Camping AG","og_description":"Das hochwertig verarbeitete Doppel-Kassettenrollo wird direkt vor das Fenster gesetzt und gibt dem Raum so eine wohnliche Atmosph\u00e4re. Die aluminiumbeschichtete Sonnenschutzfolie sorgt f\u00fcr eine sehr gute Verdunkelung und bietet eine ausgezeichnete Isolation vor W\u00e4rme und K\u00e4lte. Wirksamer Insektenschutz, geringer Raumbedarf und leichte Montage machen REMIflair zu einem echten Allrounder. Farbe Kassette cremewei\u00df, Sonnenschutz creme\/silber, Insektenschutz [&hellip;]","og_url":"https:\/\/shop.bantam.ch\/de\/produkt\/kombi-kassetten-rollo-remiflair-i\/","og_site_name":"Bantam Camping AG","article_modified_time":"2026-04-19T20:51:42+00:00","og_image":[{"width":1000,"height":565,"url":"https:\/\/shop.bantam.ch\/wp-content\/uploads\/2023\/03\/994322311.jpg","type":"image\/jpeg"}],"twitter_card":"summary_large_image","schema":{"@context":"https:\/\/schema.org","@graph":[{"@type":"WebPage","@id":"https:\/\/shop.bantam.ch\/de\/produkt\/kombi-kassetten-rollo-remiflair-i\/","url":"https:\/\/shop.bantam.ch\/de\/produkt\/kombi-kassetten-rollo-remiflair-i\/","name":"Kombi-Kassetten-Rollo REMIflair I - Bantam Camping AG","isPartOf":{"@id":"https:\/\/shop.bantam.ch\/de\/#website"},"primaryImageOfPage":{"@id":"https:\/\/shop.bantam.ch\/de\/produkt\/kombi-kassetten-rollo-remiflair-i\/#primaryimage"},"image":{"@id":"https:\/\/shop.bantam.ch\/de\/produkt\/kombi-kassetten-rollo-remiflair-i\/#primaryimage"},"thumbnailUrl":"https:\/\/shop.bantam.ch\/wp-content\/uploads\/2023\/03\/994322311.jpg","datePublished":"2023-03-22T14:53:44+00:00","dateModified":"2026-04-19T20:51:42+00:00","breadcrumb":{"@id":"https:\/\/shop.bantam.ch\/de\/produkt\/kombi-kassetten-rollo-remiflair-i\/#breadcrumb"},"inLanguage":"de","potentialAction":[{"@type":"ReadAction","target":["https:\/\/shop.bantam.ch\/de\/produkt\/kombi-kassetten-rollo-remiflair-i\/"]}]},{"@type":"ImageObject","inLanguage":"de","@id":"https:\/\/shop.bantam.ch\/de\/produkt\/kombi-kassetten-rollo-remiflair-i\/#primaryimage","url":"https:\/\/shop.bantam.ch\/wp-content\/uploads\/2023\/03\/994322311.jpg","contentUrl":"https:\/\/shop.bantam.ch\/wp-content\/uploads\/2023\/03\/994322311.jpg","width":1000,"height":565},{"@type":"BreadcrumbList","@id":"https:\/\/shop.bantam.ch\/de\/produkt\/kombi-kassetten-rollo-remiflair-i\/#breadcrumb","itemListElement":[{"@type":"ListItem","position":1,"name":"Accueil","item":"https:\/\/shop.bantam.ch\/de\/"},{"@type":"ListItem","position":2,"name":"Shop","item":"https:\/\/shop.bantam.ch\/de\/shop\/"},{"@type":"ListItem","position":3,"name":"Kombi-Kassetten-Rollo REMIflair I"}]},{"@type":"WebSite","@id":"https:\/\/shop.bantam.ch\/de\/#website","url":"https:\/\/shop.bantam.ch\/de\/","name":"Bantam Camping AG","description":"","publisher":{"@id":"https:\/\/shop.bantam.ch\/de\/#organization"},"inLanguage":"de"},{"@type":"Organization","@id":"https:\/\/shop.bantam.ch\/de\/#organization","name":"Bantam Camping AG","url":"https:\/\/shop.bantam.ch\/de\/","logo":{"@type":"ImageObject","inLanguage":"de","@id":"https:\/\/shop.bantam.ch\/de\/#\/schema\/logo\/image\/","url":"https:\/\/shop.bantam.ch\/wp-content\/uploads\/2022\/12\/bantam-logo.png","contentUrl":"https:\/\/shop.bantam.ch\/wp-content\/uploads\/2022\/12\/bantam-logo.png","width":320,"height":71,"caption":"Bantam Camping AG"},"image":{"@id":"https:\/\/shop.bantam.ch\/de\/#\/schema\/logo\/image\/"}}]}},"_links":{"self":[{"href":"https:\/\/shop.bantam.ch\/de\/wp-json\/wp\/v2\/product\/154898","targetHints":{"allow":["GET"]}}],"collection":[{"href":"https:\/\/shop.bantam.ch\/de\/wp-json\/wp\/v2\/product"}],"about":[{"href":"https:\/\/shop.bantam.ch\/de\/wp-json\/wp\/v2\/types\/product"}],"wp:featuredmedia":[{"embeddable":true,"href":"https:\/\/shop.bantam.ch\/de\/wp-json\/wp\/v2\/media\/154842"}],"wp:attachment":[{"href":"https:\/\/shop.bantam.ch\/de\/wp-json\/wp\/v2\/media?parent=154898"}],"wp:term":[{"taxonomy":"product_featured_cat","embeddable":true,"href":"https:\/\/shop.bantam.ch\/de\/wp-json\/wp\/v2\/product_featured_cat?post=154898"},{"taxonomy":"product_brand","embeddable":true,"href":"https:\/\/shop.bantam.ch\/de\/wp-json\/wp\/v2\/product_brand?post=154898"},{"taxonomy":"product_cat","embeddable":true,"href":"https:\/\/shop.bantam.ch\/de\/wp-json\/wp\/v2\/product_cat?post=154898"},{"taxonomy":"product_tag","embeddable":true,"href":"https:\/\/shop.bantam.ch\/de\/wp-json\/wp\/v2\/product_tag?post=154898"}],"curies":[{"name":"wp","href":"https:\/\/api.w.org\/{rel}","templated":true}]}}