{"id":154770,"date":"2023-03-22T15:51:34","date_gmt":"2023-03-22T14:51:34","guid":{"rendered":"https:\/\/shop.bantam.ch\/produit\/dachmarkise-omnistor-9200-ohne-motor-gehaeuse-silber\/"},"modified":"2026-04-18T22:42:36","modified_gmt":"2026-04-18T20:42:36","slug":"dachmarkise-omnistor-9200-ohne-motor-gehaeuse-silber","status":"publish","type":"product","link":"https:\/\/shop.bantam.ch\/de\/produkt\/dachmarkise-omnistor-9200-ohne-motor-gehaeuse-silber\/","title":{"rendered":"Dachmarkise Omnistor 9200 ohne Motor &#8211; Geh\u00e4use silber"},"content":{"rendered":"<ul>\n<li>Der Motor ist nachr\u00fcstbar.<\/li>\n<li>Passt perfekt zu jedem Fahrzeugdesign. Sie ist besonders f\u00fcr lange Fahrzeuge geeignet und bietet eine noch bessere Aerodynamik sowie verminderte Fahrger\u00e4usche.<\/li>\n<li>Da der Ausfallwinkel so eingestellt werden kann, wie Sie m\u00f6chten, kann die Markise ge\u00f6ffnet und geschlossen werden, selbst wenn die T\u00fcr des Fahrzeugs ge\u00f6ffnet ist.<\/li>\n<li>Robuste Gelenkarme sorgen daf\u00fcr, dass das Markisentuch perfekt gespannt ist. Der Gelenkarm, verst\u00e4rkt mit einem Doppelstahlkabel, spannt das Markisentuch automatisch. So bleibt die Markise stabil und robust.<\/li>\n<\/ul>\n<p>Material:<br \/>Geh\u00e4use Aluminium<br \/>Tuch PVC<\/p>\n","protected":false},"excerpt":{"rendered":"<p>Der Motor ist nachr\u00fcstbar. Passt perfekt zu jedem Fahrzeugdesign. Sie ist besonders f\u00fcr lange Fahrzeuge geeignet und bietet eine noch bessere Aerodynamik sowie verminderte Fahrger\u00e4usche. Da der Ausfallwinkel so eingestellt werden kann, wie Sie m\u00f6chten, kann die Markise ge\u00f6ffnet und geschlossen werden, selbst wenn die T\u00fcr des Fahrzeugs ge\u00f6ffnet ist. Robuste Gelenkarme sorgen daf\u00fcr, dass [&hellip;]<\/p>\n","protected":false},"featured_media":154730,"template":"","meta":{"_acf_changed":false},"product_featured_cat":[],"product_brand":[3047],"product_cat":[4214],"product_tag":[],"class_list":{"0":"post-154770","1":"product","2":"type-product","3":"status-publish","4":"has-post-thumbnail","6":"product_brand-thule-de","7":"product_cat-markisen-dachseitenwand","9":"first","10":"instock","11":"taxable","12":"shipping-taxable","13":"purchasable","14":"product-type-variable"},"acf":[],"yoast_head":"<!-- This site is optimized with the Yoast SEO plugin v27.4 - https:\/\/yoast.com\/product\/yoast-seo-wordpress\/ -->\n<title>Dachmarkise Omnistor 9200 ohne Motor - Geh\u00e4use silber - Bantam Camping AG<\/title>\n<meta name=\"robots\" content=\"index, follow, max-snippet:-1, max-image-preview:large, max-video-preview:-1\" \/>\n<link rel=\"canonical\" href=\"https:\/\/shop.bantam.ch\/de\/produkt\/dachmarkise-omnistor-9200-ohne-motor-gehaeuse-silber\/\" \/>\n<meta property=\"og:locale\" content=\"de_DE\" \/>\n<meta property=\"og:type\" content=\"article\" \/>\n<meta property=\"og:title\" content=\"Dachmarkise Omnistor 9200 ohne Motor - Geh\u00e4use silber - Bantam Camping AG\" \/>\n<meta property=\"og:description\" content=\"Der Motor ist nachr\u00fcstbar. Passt perfekt zu jedem Fahrzeugdesign. Sie ist besonders f\u00fcr lange Fahrzeuge geeignet und bietet eine noch bessere Aerodynamik sowie verminderte Fahrger\u00e4usche. Da der Ausfallwinkel so eingestellt werden kann, wie Sie m\u00f6chten, kann die Markise ge\u00f6ffnet und geschlossen werden, selbst wenn die T\u00fcr des Fahrzeugs ge\u00f6ffnet ist. Robuste Gelenkarme sorgen daf\u00fcr, dass [&hellip;]\" \/>\n<meta property=\"og:url\" content=\"https:\/\/shop.bantam.ch\/de\/produkt\/dachmarkise-omnistor-9200-ohne-motor-gehaeuse-silber\/\" \/>\n<meta property=\"og:site_name\" content=\"Bantam Camping AG\" \/>\n<meta property=\"article:modified_time\" content=\"2026-04-18T20:42:36+00:00\" \/>\n<meta property=\"og:image\" content=\"https:\/\/shop.bantam.ch\/wp-content\/uploads\/2023\/03\/9910631-Mark_OMNISTOR_9200_4_00_m_Fb_31_Mystic_Grey_weiss-Farbe-015805e82993f7a.jpg\" \/>\n\t<meta property=\"og:image:width\" content=\"357\" \/>\n\t<meta property=\"og:image:height\" content=\"1000\" \/>\n\t<meta property=\"og:image:type\" content=\"image\/jpeg\" \/>\n<meta name=\"twitter:card\" content=\"summary_large_image\" \/>\n<script type=\"application\/ld+json\" class=\"yoast-schema-graph\">{\"@context\":\"https:\\\/\\\/schema.org\",\"@graph\":[{\"@type\":\"WebPage\",\"@id\":\"https:\\\/\\\/shop.bantam.ch\\\/de\\\/produkt\\\/dachmarkise-omnistor-9200-ohne-motor-gehaeuse-silber\\\/\",\"url\":\"https:\\\/\\\/shop.bantam.ch\\\/de\\\/produkt\\\/dachmarkise-omnistor-9200-ohne-motor-gehaeuse-silber\\\/\",\"name\":\"Dachmarkise Omnistor 9200 ohne Motor - Geh\u00e4use silber - Bantam Camping AG\",\"isPartOf\":{\"@id\":\"https:\\\/\\\/shop.bantam.ch\\\/de\\\/#website\"},\"primaryImageOfPage\":{\"@id\":\"https:\\\/\\\/shop.bantam.ch\\\/de\\\/produkt\\\/dachmarkise-omnistor-9200-ohne-motor-gehaeuse-silber\\\/#primaryimage\"},\"image\":{\"@id\":\"https:\\\/\\\/shop.bantam.ch\\\/de\\\/produkt\\\/dachmarkise-omnistor-9200-ohne-motor-gehaeuse-silber\\\/#primaryimage\"},\"thumbnailUrl\":\"https:\\\/\\\/shop.bantam.ch\\\/wp-content\\\/uploads\\\/2023\\\/03\\\/9910631-Mark_OMNISTOR_9200_4_00_m_Fb_31_Mystic_Grey_weiss-Farbe-015805e82993f7a.jpg\",\"datePublished\":\"2023-03-22T14:51:34+00:00\",\"dateModified\":\"2026-04-18T20:42:36+00:00\",\"breadcrumb\":{\"@id\":\"https:\\\/\\\/shop.bantam.ch\\\/de\\\/produkt\\\/dachmarkise-omnistor-9200-ohne-motor-gehaeuse-silber\\\/#breadcrumb\"},\"inLanguage\":\"de\",\"potentialAction\":[{\"@type\":\"ReadAction\",\"target\":[\"https:\\\/\\\/shop.bantam.ch\\\/de\\\/produkt\\\/dachmarkise-omnistor-9200-ohne-motor-gehaeuse-silber\\\/\"]}]},{\"@type\":\"ImageObject\",\"inLanguage\":\"de\",\"@id\":\"https:\\\/\\\/shop.bantam.ch\\\/de\\\/produkt\\\/dachmarkise-omnistor-9200-ohne-motor-gehaeuse-silber\\\/#primaryimage\",\"url\":\"https:\\\/\\\/shop.bantam.ch\\\/wp-content\\\/uploads\\\/2023\\\/03\\\/9910631-Mark_OMNISTOR_9200_4_00_m_Fb_31_Mystic_Grey_weiss-Farbe-015805e82993f7a.jpg\",\"contentUrl\":\"https:\\\/\\\/shop.bantam.ch\\\/wp-content\\\/uploads\\\/2023\\\/03\\\/9910631-Mark_OMNISTOR_9200_4_00_m_Fb_31_Mystic_Grey_weiss-Farbe-015805e82993f7a.jpg\",\"width\":357,\"height\":1000},{\"@type\":\"BreadcrumbList\",\"@id\":\"https:\\\/\\\/shop.bantam.ch\\\/de\\\/produkt\\\/dachmarkise-omnistor-9200-ohne-motor-gehaeuse-silber\\\/#breadcrumb\",\"itemListElement\":[{\"@type\":\"ListItem\",\"position\":1,\"name\":\"Accueil\",\"item\":\"https:\\\/\\\/shop.bantam.ch\\\/de\\\/\"},{\"@type\":\"ListItem\",\"position\":2,\"name\":\"Shop\",\"item\":\"https:\\\/\\\/shop.bantam.ch\\\/de\\\/shop\\\/\"},{\"@type\":\"ListItem\",\"position\":3,\"name\":\"Dachmarkise Omnistor 9200 ohne Motor &#8211; Geh\u00e4use silber\"}]},{\"@type\":\"WebSite\",\"@id\":\"https:\\\/\\\/shop.bantam.ch\\\/de\\\/#website\",\"url\":\"https:\\\/\\\/shop.bantam.ch\\\/de\\\/\",\"name\":\"Bantam Camping AG\",\"description\":\"\",\"publisher\":{\"@id\":\"https:\\\/\\\/shop.bantam.ch\\\/de\\\/#organization\"},\"inLanguage\":\"de\"},{\"@type\":\"Organization\",\"@id\":\"https:\\\/\\\/shop.bantam.ch\\\/de\\\/#organization\",\"name\":\"Bantam Camping AG\",\"url\":\"https:\\\/\\\/shop.bantam.ch\\\/de\\\/\",\"logo\":{\"@type\":\"ImageObject\",\"inLanguage\":\"de\",\"@id\":\"https:\\\/\\\/shop.bantam.ch\\\/de\\\/#\\\/schema\\\/logo\\\/image\\\/\",\"url\":\"https:\\\/\\\/shop.bantam.ch\\\/wp-content\\\/uploads\\\/2022\\\/12\\\/bantam-logo.png\",\"contentUrl\":\"https:\\\/\\\/shop.bantam.ch\\\/wp-content\\\/uploads\\\/2022\\\/12\\\/bantam-logo.png\",\"width\":320,\"height\":71,\"caption\":\"Bantam Camping AG\"},\"image\":{\"@id\":\"https:\\\/\\\/shop.bantam.ch\\\/de\\\/#\\\/schema\\\/logo\\\/image\\\/\"}}]}<\/script>\n<!-- \/ Yoast SEO plugin. -->","yoast_head_json":{"title":"Dachmarkise Omnistor 9200 ohne Motor - Geh\u00e4use silber - Bantam Camping AG","robots":{"index":"index","follow":"follow","max-snippet":"max-snippet:-1","max-image-preview":"max-image-preview:large","max-video-preview":"max-video-preview:-1"},"canonical":"https:\/\/shop.bantam.ch\/de\/produkt\/dachmarkise-omnistor-9200-ohne-motor-gehaeuse-silber\/","og_locale":"de_DE","og_type":"article","og_title":"Dachmarkise Omnistor 9200 ohne Motor - Geh\u00e4use silber - Bantam Camping AG","og_description":"Der Motor ist nachr\u00fcstbar. Passt perfekt zu jedem Fahrzeugdesign. Sie ist besonders f\u00fcr lange Fahrzeuge geeignet und bietet eine noch bessere Aerodynamik sowie verminderte Fahrger\u00e4usche. Da der Ausfallwinkel so eingestellt werden kann, wie Sie m\u00f6chten, kann die Markise ge\u00f6ffnet und geschlossen werden, selbst wenn die T\u00fcr des Fahrzeugs ge\u00f6ffnet ist. Robuste Gelenkarme sorgen daf\u00fcr, dass [&hellip;]","og_url":"https:\/\/shop.bantam.ch\/de\/produkt\/dachmarkise-omnistor-9200-ohne-motor-gehaeuse-silber\/","og_site_name":"Bantam Camping AG","article_modified_time":"2026-04-18T20:42:36+00:00","og_image":[{"width":357,"height":1000,"url":"https:\/\/shop.bantam.ch\/wp-content\/uploads\/2023\/03\/9910631-Mark_OMNISTOR_9200_4_00_m_Fb_31_Mystic_Grey_weiss-Farbe-015805e82993f7a.jpg","type":"image\/jpeg"}],"twitter_card":"summary_large_image","schema":{"@context":"https:\/\/schema.org","@graph":[{"@type":"WebPage","@id":"https:\/\/shop.bantam.ch\/de\/produkt\/dachmarkise-omnistor-9200-ohne-motor-gehaeuse-silber\/","url":"https:\/\/shop.bantam.ch\/de\/produkt\/dachmarkise-omnistor-9200-ohne-motor-gehaeuse-silber\/","name":"Dachmarkise Omnistor 9200 ohne Motor - Geh\u00e4use silber - Bantam Camping AG","isPartOf":{"@id":"https:\/\/shop.bantam.ch\/de\/#website"},"primaryImageOfPage":{"@id":"https:\/\/shop.bantam.ch\/de\/produkt\/dachmarkise-omnistor-9200-ohne-motor-gehaeuse-silber\/#primaryimage"},"image":{"@id":"https:\/\/shop.bantam.ch\/de\/produkt\/dachmarkise-omnistor-9200-ohne-motor-gehaeuse-silber\/#primaryimage"},"thumbnailUrl":"https:\/\/shop.bantam.ch\/wp-content\/uploads\/2023\/03\/9910631-Mark_OMNISTOR_9200_4_00_m_Fb_31_Mystic_Grey_weiss-Farbe-015805e82993f7a.jpg","datePublished":"2023-03-22T14:51:34+00:00","dateModified":"2026-04-18T20:42:36+00:00","breadcrumb":{"@id":"https:\/\/shop.bantam.ch\/de\/produkt\/dachmarkise-omnistor-9200-ohne-motor-gehaeuse-silber\/#breadcrumb"},"inLanguage":"de","potentialAction":[{"@type":"ReadAction","target":["https:\/\/shop.bantam.ch\/de\/produkt\/dachmarkise-omnistor-9200-ohne-motor-gehaeuse-silber\/"]}]},{"@type":"ImageObject","inLanguage":"de","@id":"https:\/\/shop.bantam.ch\/de\/produkt\/dachmarkise-omnistor-9200-ohne-motor-gehaeuse-silber\/#primaryimage","url":"https:\/\/shop.bantam.ch\/wp-content\/uploads\/2023\/03\/9910631-Mark_OMNISTOR_9200_4_00_m_Fb_31_Mystic_Grey_weiss-Farbe-015805e82993f7a.jpg","contentUrl":"https:\/\/shop.bantam.ch\/wp-content\/uploads\/2023\/03\/9910631-Mark_OMNISTOR_9200_4_00_m_Fb_31_Mystic_Grey_weiss-Farbe-015805e82993f7a.jpg","width":357,"height":1000},{"@type":"BreadcrumbList","@id":"https:\/\/shop.bantam.ch\/de\/produkt\/dachmarkise-omnistor-9200-ohne-motor-gehaeuse-silber\/#breadcrumb","itemListElement":[{"@type":"ListItem","position":1,"name":"Accueil","item":"https:\/\/shop.bantam.ch\/de\/"},{"@type":"ListItem","position":2,"name":"Shop","item":"https:\/\/shop.bantam.ch\/de\/shop\/"},{"@type":"ListItem","position":3,"name":"Dachmarkise Omnistor 9200 ohne Motor &#8211; Geh\u00e4use silber"}]},{"@type":"WebSite","@id":"https:\/\/shop.bantam.ch\/de\/#website","url":"https:\/\/shop.bantam.ch\/de\/","name":"Bantam Camping AG","description":"","publisher":{"@id":"https:\/\/shop.bantam.ch\/de\/#organization"},"inLanguage":"de"},{"@type":"Organization","@id":"https:\/\/shop.bantam.ch\/de\/#organization","name":"Bantam Camping AG","url":"https:\/\/shop.bantam.ch\/de\/","logo":{"@type":"ImageObject","inLanguage":"de","@id":"https:\/\/shop.bantam.ch\/de\/#\/schema\/logo\/image\/","url":"https:\/\/shop.bantam.ch\/wp-content\/uploads\/2022\/12\/bantam-logo.png","contentUrl":"https:\/\/shop.bantam.ch\/wp-content\/uploads\/2022\/12\/bantam-logo.png","width":320,"height":71,"caption":"Bantam Camping AG"},"image":{"@id":"https:\/\/shop.bantam.ch\/de\/#\/schema\/logo\/image\/"}}]}},"_links":{"self":[{"href":"https:\/\/shop.bantam.ch\/de\/wp-json\/wp\/v2\/product\/154770","targetHints":{"allow":["GET"]}}],"collection":[{"href":"https:\/\/shop.bantam.ch\/de\/wp-json\/wp\/v2\/product"}],"about":[{"href":"https:\/\/shop.bantam.ch\/de\/wp-json\/wp\/v2\/types\/product"}],"wp:featuredmedia":[{"embeddable":true,"href":"https:\/\/shop.bantam.ch\/de\/wp-json\/wp\/v2\/media\/154730"}],"wp:attachment":[{"href":"https:\/\/shop.bantam.ch\/de\/wp-json\/wp\/v2\/media?parent=154770"}],"wp:term":[{"taxonomy":"product_featured_cat","embeddable":true,"href":"https:\/\/shop.bantam.ch\/de\/wp-json\/wp\/v2\/product_featured_cat?post=154770"},{"taxonomy":"product_brand","embeddable":true,"href":"https:\/\/shop.bantam.ch\/de\/wp-json\/wp\/v2\/product_brand?post=154770"},{"taxonomy":"product_cat","embeddable":true,"href":"https:\/\/shop.bantam.ch\/de\/wp-json\/wp\/v2\/product_cat?post=154770"},{"taxonomy":"product_tag","embeddable":true,"href":"https:\/\/shop.bantam.ch\/de\/wp-json\/wp\/v2\/product_tag?post=154770"}],"curies":[{"name":"wp","href":"https:\/\/api.w.org\/{rel}","templated":true}]}}