{"id":154720,"date":"2023-03-22T15:50:48","date_gmt":"2023-03-22T14:50:48","guid":{"rendered":"https:\/\/shop.bantam.ch\/produit\/satanlage-cytrac-dx-premium-inkl-oyster-tv\/"},"modified":"2026-05-02T22:38:04","modified_gmt":"2026-05-02T20:38:04","slug":"satanlage-cytrac-dx-premium-inkl-oyster-tv","status":"publish","type":"product","link":"https:\/\/shop.bantam.ch\/de\/produkt\/satanlage-cytrac-dx-premium-inkl-oyster-tv\/","title":{"rendered":"Satanlage Cytrac DX Premium inkl. Oyster TV"},"content":{"rendered":"<p><strong>Kompakt, modern und eine gigantische Empfangsreichweite. Inklusive Oyster LED TV.<\/strong><\/p>\n<p>Patentierte Antennentechnologie f\u00fcr noch mehr Reichweite. Eine kleine, kompakte Antenne f\u00fcr die platzsparende Montage auf dem Fahrzeugdach. Einfach, leicht und intuitiv zu bedienen. Vollautomatische Ausrichtung und Satellitenfindung in \u00fcblicherweise 30 bis 60 Sekunden. LEM-Technik: Suchzeitverk\u00fcrzung (Antenne sucht im zuletzt eingestellten Neigungswinkel). Selbstst\u00e4ndiges Einfahren bei Fahrzeugstart. Hochwertige Verarbeitung von robusten Materialien. Eine solide, sichere Konstruktion, die auch Hagel standh\u00e4lt (dank PC-ASA Kunststoff)<\/p>\n<p><strong>Patentierte Empfangstechnologie<\/strong><\/p>\n<p>Das Herzst\u00fcck der CytracDX besteht aus 1016 verkoppelten Einzelantennen, die wabenf\u00f6rmig angeordnet sind. Eine streng getrennte Stromf\u00fchrung zwischen beiden Polarisationsebenen reduziert jegliches \u00dcbersprechen und<\/p>\n<p>sorgt f\u00fcr eine bisher unbekannte Signalreinheit, die sich besonders positiv bei HD Programmen bemerkbar macht. Die Signalakkumulation erfolgt unter Anwendung modernster mathematischer Rechenmethoden und sorgt damit f\u00fcr eine gigantische Empfangsreichweite.<\/p>\n<p><strong>Premium Variante,<\/strong> speziell f\u00fcr Kunden, die eine Komplettausstattung aus einer Hand haben m\u00f6chten. Dieses Premium System erm\u00f6glicht Ihnen beide Ger\u00e4te mit nur einer Fernbedienung einfach und problemlos zu bedienen.<\/p>\n<p><strong>Leistungsmerkmale:<\/strong><\/p>\n<p>Highend Ger\u00e4t mit ultraflachem Design. LED TV: Faszinierende Bilder in hochaufl\u00f6sender Qualit\u00e4t. HD Tuner f\u00fcr DVB-S \/ -S2 \/ -T \/ -T2 Empfang. Anschlussm\u00f6glichkeit \u00fcber USB 2.0 und HDMI. Universeller Einbau durch VESA Standard Halterung. Systemfernbedienung: nur &#8222;eine&#8220; Fernbedienung f\u00fcr die Satellitenanlage CytracDX Premium und das Fernsehger\u00e4t &#8222;Oyster TV&#8220;. EPG: elektronische Programmzeitschrift und Timerprogrammierung. Modulschacht: CI \/ CI+. Netzschalter: Ein \/ Aus.<\/p>\n<p>&nbsp;<\/p>\n<ul>\n<li>Ein-Kabel-Technik<\/li>\n<li>APP Bedingung<\/li>\n<li>automatische Updates via APP<\/li>\n<li>patentierte Empfangstechnologie f\u00fcr gigantische Reichweite<\/li>\n<li>Platzsparende Montage auf nahezu jedem Fahrzeugdach<\/li>\n<li>Extrem niedrige Aufbauh\u00f6he<\/li>\n<li>Vollautomatische Ausrichtung und Satellitenfindung<\/li>\n<li>Selbstst\u00e4ndiges Einfahren bei Fahrzeugstart<\/li>\n<li>Automatischer Satellitenwechsel<\/li>\n<li>Hochwertige Verarbeitung von robusten Materialien<\/li>\n<li>QM-zertifizierter Hersteller nach ISO 9001<\/li>\n<li>3 Jahre Hersteller-Garantie und zuverl\u00e4ssiger Service<\/li>\n<li>Anschlussspannung (Bordspannung) 12 \/ 24 Volt<\/li>\n<li>Typgenehmigungszeichen<\/li>\n<\/ul>\n<p>&nbsp;<\/p>\n<p>APP Bedienung Inklusive<br \/>Bedienen l\u00e4sst sich die Cytrac jetzt auch bequem via ten haaft App, womit sich auch Updates kinderleicht aufspielen lassen und Ihre Anlage somit jederzeit auf dem neuesten softwarestand ist.<br \/>Geeignet f\u00fcr Android und iOS.<\/p>\n","protected":false},"excerpt":{"rendered":"<p>Kompakt, modern und eine gigantische Empfangsreichweite. Inklusive Oyster LED TV. Patentierte Antennentechnologie f\u00fcr noch mehr Reichweite. Eine kleine, kompakte Antenne f\u00fcr die platzsparende Montage auf dem Fahrzeugdach. Einfach, leicht und intuitiv zu bedienen. Vollautomatische Ausrichtung und Satellitenfindung in \u00fcblicherweise 30 bis 60 Sekunden. LEM-Technik: Suchzeitverk\u00fcrzung (Antenne sucht im zuletzt eingestellten Neigungswinkel). Selbstst\u00e4ndiges Einfahren bei Fahrzeugstart. [&hellip;]<\/p>\n","protected":false},"featured_media":154686,"template":"","meta":{"_acf_changed":false},"product_featured_cat":[],"product_brand":[3127],"product_cat":[4530],"product_tag":[],"class_list":{"0":"post-154720","1":"product","2":"type-product","3":"status-publish","4":"has-post-thumbnail","6":"product_brand-oyster-de","7":"product_cat-sat-tv-komplettsysteme","9":"first","10":"outofstock","11":"taxable","12":"shipping-taxable","13":"product-type-variable"},"acf":[],"yoast_head":"<!-- This site is optimized with the Yoast SEO plugin v27.5 - https:\/\/yoast.com\/product\/yoast-seo-wordpress\/ -->\n<title>Satanlage Cytrac DX Premium inkl. Oyster TV - Bantam<\/title>\n<meta name=\"robots\" content=\"index, follow, max-snippet:-1, max-image-preview:large, max-video-preview:-1\" \/>\n<link rel=\"canonical\" href=\"https:\/\/shop.bantam.ch\/de\/produkt\/satanlage-cytrac-dx-premium-inkl-oyster-tv\/\" \/>\n<meta property=\"og:locale\" content=\"de_DE\" \/>\n<meta property=\"og:type\" content=\"article\" \/>\n<meta property=\"og:title\" content=\"Satanlage Cytrac DX Premium inkl. Oyster TV - Bantam\" \/>\n<meta property=\"og:description\" content=\"Kompakt, modern und eine gigantische Empfangsreichweite. Inklusive Oyster LED TV. Patentierte Antennentechnologie f\u00fcr noch mehr Reichweite. Eine kleine, kompakte Antenne f\u00fcr die platzsparende Montage auf dem Fahrzeugdach. Einfach, leicht und intuitiv zu bedienen. Vollautomatische Ausrichtung und Satellitenfindung in \u00fcblicherweise 30 bis 60 Sekunden. LEM-Technik: Suchzeitverk\u00fcrzung (Antenne sucht im zuletzt eingestellten Neigungswinkel). Selbstst\u00e4ndiges Einfahren bei Fahrzeugstart. [&hellip;]\" \/>\n<meta property=\"og:url\" content=\"https:\/\/shop.bantam.ch\/de\/produkt\/satanlage-cytrac-dx-premium-inkl-oyster-tv\/\" \/>\n<meta property=\"og:site_name\" content=\"Bantam\" \/>\n<meta property=\"article:modified_time\" content=\"2026-05-02T20:38:04+00:00\" \/>\n<meta property=\"og:image\" content=\"https:\/\/shop.bantam.ch\/wp-content\/uploads\/2023\/03\/995534111.jpg\" \/>\n\t<meta property=\"og:image:width\" content=\"567\" \/>\n\t<meta property=\"og:image:height\" content=\"351\" \/>\n\t<meta property=\"og:image:type\" content=\"image\/jpeg\" \/>\n<meta name=\"twitter:card\" content=\"summary_large_image\" \/>\n<meta name=\"twitter:label1\" content=\"Gesch\u00e4tzte Lesezeit\" \/>\n\t<meta name=\"twitter:data1\" content=\"2\u00a0Minuten\" \/>\n<script type=\"application\/ld+json\" class=\"yoast-schema-graph\">{\"@context\":\"https:\\\/\\\/schema.org\",\"@graph\":[{\"@type\":\"WebPage\",\"@id\":\"https:\\\/\\\/shop.bantam.ch\\\/de\\\/produkt\\\/satanlage-cytrac-dx-premium-inkl-oyster-tv\\\/\",\"url\":\"https:\\\/\\\/shop.bantam.ch\\\/de\\\/produkt\\\/satanlage-cytrac-dx-premium-inkl-oyster-tv\\\/\",\"name\":\"Satanlage Cytrac DX Premium inkl. Oyster TV - Bantam\",\"isPartOf\":{\"@id\":\"https:\\\/\\\/shop.bantam.ch\\\/de\\\/#website\"},\"primaryImageOfPage\":{\"@id\":\"https:\\\/\\\/shop.bantam.ch\\\/de\\\/produkt\\\/satanlage-cytrac-dx-premium-inkl-oyster-tv\\\/#primaryimage\"},\"image\":{\"@id\":\"https:\\\/\\\/shop.bantam.ch\\\/de\\\/produkt\\\/satanlage-cytrac-dx-premium-inkl-oyster-tv\\\/#primaryimage\"},\"thumbnailUrl\":\"https:\\\/\\\/shop.bantam.ch\\\/wp-content\\\/uploads\\\/2023\\\/03\\\/995534111.jpg\",\"datePublished\":\"2023-03-22T14:50:48+00:00\",\"dateModified\":\"2026-05-02T20:38:04+00:00\",\"breadcrumb\":{\"@id\":\"https:\\\/\\\/shop.bantam.ch\\\/de\\\/produkt\\\/satanlage-cytrac-dx-premium-inkl-oyster-tv\\\/#breadcrumb\"},\"inLanguage\":\"de\",\"potentialAction\":[{\"@type\":\"ReadAction\",\"target\":[\"https:\\\/\\\/shop.bantam.ch\\\/de\\\/produkt\\\/satanlage-cytrac-dx-premium-inkl-oyster-tv\\\/\"]}]},{\"@type\":\"ImageObject\",\"inLanguage\":\"de\",\"@id\":\"https:\\\/\\\/shop.bantam.ch\\\/de\\\/produkt\\\/satanlage-cytrac-dx-premium-inkl-oyster-tv\\\/#primaryimage\",\"url\":\"https:\\\/\\\/shop.bantam.ch\\\/wp-content\\\/uploads\\\/2023\\\/03\\\/995534111.jpg\",\"contentUrl\":\"https:\\\/\\\/shop.bantam.ch\\\/wp-content\\\/uploads\\\/2023\\\/03\\\/995534111.jpg\",\"width\":567,\"height\":351},{\"@type\":\"BreadcrumbList\",\"@id\":\"https:\\\/\\\/shop.bantam.ch\\\/de\\\/produkt\\\/satanlage-cytrac-dx-premium-inkl-oyster-tv\\\/#breadcrumb\",\"itemListElement\":[{\"@type\":\"ListItem\",\"position\":1,\"name\":\"Accueil\",\"item\":\"https:\\\/\\\/shop.bantam.ch\\\/de\\\/\"},{\"@type\":\"ListItem\",\"position\":2,\"name\":\"Shop\",\"item\":\"https:\\\/\\\/shop.bantam.ch\\\/de\\\/shop\\\/\"},{\"@type\":\"ListItem\",\"position\":3,\"name\":\"Satanlage Cytrac DX Premium inkl. Oyster TV\"}]},{\"@type\":\"WebSite\",\"@id\":\"https:\\\/\\\/shop.bantam.ch\\\/de\\\/#website\",\"url\":\"https:\\\/\\\/shop.bantam.ch\\\/de\\\/\",\"name\":\"Bantam\",\"description\":\"\",\"publisher\":{\"@id\":\"https:\\\/\\\/shop.bantam.ch\\\/de\\\/#organization\"},\"inLanguage\":\"de\"},{\"@type\":\"Organization\",\"@id\":\"https:\\\/\\\/shop.bantam.ch\\\/de\\\/#organization\",\"name\":\"Bantam\",\"url\":\"https:\\\/\\\/shop.bantam.ch\\\/de\\\/\",\"logo\":{\"@type\":\"ImageObject\",\"inLanguage\":\"de\",\"@id\":\"https:\\\/\\\/shop.bantam.ch\\\/de\\\/#\\\/schema\\\/logo\\\/image\\\/\",\"url\":\"https:\\\/\\\/shop.bantam.ch\\\/wp-content\\\/uploads\\\/2022\\\/12\\\/bantam-logo.png\",\"contentUrl\":\"https:\\\/\\\/shop.bantam.ch\\\/wp-content\\\/uploads\\\/2022\\\/12\\\/bantam-logo.png\",\"width\":320,\"height\":71,\"caption\":\"Bantam\"},\"image\":{\"@id\":\"https:\\\/\\\/shop.bantam.ch\\\/de\\\/#\\\/schema\\\/logo\\\/image\\\/\"}}]}<\/script>\n<!-- \/ Yoast SEO plugin. -->","yoast_head_json":{"title":"Satanlage Cytrac DX Premium inkl. Oyster TV - Bantam","robots":{"index":"index","follow":"follow","max-snippet":"max-snippet:-1","max-image-preview":"max-image-preview:large","max-video-preview":"max-video-preview:-1"},"canonical":"https:\/\/shop.bantam.ch\/de\/produkt\/satanlage-cytrac-dx-premium-inkl-oyster-tv\/","og_locale":"de_DE","og_type":"article","og_title":"Satanlage Cytrac DX Premium inkl. Oyster TV - Bantam","og_description":"Kompakt, modern und eine gigantische Empfangsreichweite. Inklusive Oyster LED TV. Patentierte Antennentechnologie f\u00fcr noch mehr Reichweite. Eine kleine, kompakte Antenne f\u00fcr die platzsparende Montage auf dem Fahrzeugdach. Einfach, leicht und intuitiv zu bedienen. Vollautomatische Ausrichtung und Satellitenfindung in \u00fcblicherweise 30 bis 60 Sekunden. LEM-Technik: Suchzeitverk\u00fcrzung (Antenne sucht im zuletzt eingestellten Neigungswinkel). Selbstst\u00e4ndiges Einfahren bei Fahrzeugstart. [&hellip;]","og_url":"https:\/\/shop.bantam.ch\/de\/produkt\/satanlage-cytrac-dx-premium-inkl-oyster-tv\/","og_site_name":"Bantam","article_modified_time":"2026-05-02T20:38:04+00:00","og_image":[{"width":567,"height":351,"url":"https:\/\/shop.bantam.ch\/wp-content\/uploads\/2023\/03\/995534111.jpg","type":"image\/jpeg"}],"twitter_card":"summary_large_image","twitter_misc":{"Gesch\u00e4tzte Lesezeit":"2\u00a0Minuten"},"schema":{"@context":"https:\/\/schema.org","@graph":[{"@type":"WebPage","@id":"https:\/\/shop.bantam.ch\/de\/produkt\/satanlage-cytrac-dx-premium-inkl-oyster-tv\/","url":"https:\/\/shop.bantam.ch\/de\/produkt\/satanlage-cytrac-dx-premium-inkl-oyster-tv\/","name":"Satanlage Cytrac DX Premium inkl. Oyster TV - Bantam","isPartOf":{"@id":"https:\/\/shop.bantam.ch\/de\/#website"},"primaryImageOfPage":{"@id":"https:\/\/shop.bantam.ch\/de\/produkt\/satanlage-cytrac-dx-premium-inkl-oyster-tv\/#primaryimage"},"image":{"@id":"https:\/\/shop.bantam.ch\/de\/produkt\/satanlage-cytrac-dx-premium-inkl-oyster-tv\/#primaryimage"},"thumbnailUrl":"https:\/\/shop.bantam.ch\/wp-content\/uploads\/2023\/03\/995534111.jpg","datePublished":"2023-03-22T14:50:48+00:00","dateModified":"2026-05-02T20:38:04+00:00","breadcrumb":{"@id":"https:\/\/shop.bantam.ch\/de\/produkt\/satanlage-cytrac-dx-premium-inkl-oyster-tv\/#breadcrumb"},"inLanguage":"de","potentialAction":[{"@type":"ReadAction","target":["https:\/\/shop.bantam.ch\/de\/produkt\/satanlage-cytrac-dx-premium-inkl-oyster-tv\/"]}]},{"@type":"ImageObject","inLanguage":"de","@id":"https:\/\/shop.bantam.ch\/de\/produkt\/satanlage-cytrac-dx-premium-inkl-oyster-tv\/#primaryimage","url":"https:\/\/shop.bantam.ch\/wp-content\/uploads\/2023\/03\/995534111.jpg","contentUrl":"https:\/\/shop.bantam.ch\/wp-content\/uploads\/2023\/03\/995534111.jpg","width":567,"height":351},{"@type":"BreadcrumbList","@id":"https:\/\/shop.bantam.ch\/de\/produkt\/satanlage-cytrac-dx-premium-inkl-oyster-tv\/#breadcrumb","itemListElement":[{"@type":"ListItem","position":1,"name":"Accueil","item":"https:\/\/shop.bantam.ch\/de\/"},{"@type":"ListItem","position":2,"name":"Shop","item":"https:\/\/shop.bantam.ch\/de\/shop\/"},{"@type":"ListItem","position":3,"name":"Satanlage Cytrac DX Premium inkl. Oyster TV"}]},{"@type":"WebSite","@id":"https:\/\/shop.bantam.ch\/de\/#website","url":"https:\/\/shop.bantam.ch\/de\/","name":"Bantam","description":"","publisher":{"@id":"https:\/\/shop.bantam.ch\/de\/#organization"},"inLanguage":"de"},{"@type":"Organization","@id":"https:\/\/shop.bantam.ch\/de\/#organization","name":"Bantam","url":"https:\/\/shop.bantam.ch\/de\/","logo":{"@type":"ImageObject","inLanguage":"de","@id":"https:\/\/shop.bantam.ch\/de\/#\/schema\/logo\/image\/","url":"https:\/\/shop.bantam.ch\/wp-content\/uploads\/2022\/12\/bantam-logo.png","contentUrl":"https:\/\/shop.bantam.ch\/wp-content\/uploads\/2022\/12\/bantam-logo.png","width":320,"height":71,"caption":"Bantam"},"image":{"@id":"https:\/\/shop.bantam.ch\/de\/#\/schema\/logo\/image\/"}}]}},"_links":{"self":[{"href":"https:\/\/shop.bantam.ch\/de\/wp-json\/wp\/v2\/product\/154720","targetHints":{"allow":["GET"]}}],"collection":[{"href":"https:\/\/shop.bantam.ch\/de\/wp-json\/wp\/v2\/product"}],"about":[{"href":"https:\/\/shop.bantam.ch\/de\/wp-json\/wp\/v2\/types\/product"}],"wp:featuredmedia":[{"embeddable":true,"href":"https:\/\/shop.bantam.ch\/de\/wp-json\/wp\/v2\/media\/154686"}],"wp:attachment":[{"href":"https:\/\/shop.bantam.ch\/de\/wp-json\/wp\/v2\/media?parent=154720"}],"wp:term":[{"taxonomy":"product_featured_cat","embeddable":true,"href":"https:\/\/shop.bantam.ch\/de\/wp-json\/wp\/v2\/product_featured_cat?post=154720"},{"taxonomy":"product_brand","embeddable":true,"href":"https:\/\/shop.bantam.ch\/de\/wp-json\/wp\/v2\/product_brand?post=154720"},{"taxonomy":"product_cat","embeddable":true,"href":"https:\/\/shop.bantam.ch\/de\/wp-json\/wp\/v2\/product_cat?post=154720"},{"taxonomy":"product_tag","embeddable":true,"href":"https:\/\/shop.bantam.ch\/de\/wp-json\/wp\/v2\/product_tag?post=154720"}],"curies":[{"name":"wp","href":"https:\/\/api.w.org\/{rel}","templated":true}]}}