{"id":154600,"date":"2023-03-22T15:48:08","date_gmt":"2023-03-22T14:48:08","guid":{"rendered":"https:\/\/shop.bantam.ch\/produit\/satanlage-oyster-5-85-premium-inkl-oyster-tv\/"},"modified":"2026-05-02T22:37:43","modified_gmt":"2026-05-02T20:37:43","slug":"satanlage-oyster-5-85-premium-inkl-oyster-tv","status":"publish","type":"product","link":"https:\/\/shop.bantam.ch\/de\/produkt\/satanlage-oyster-5-85-premium-inkl-oyster-tv\/","title":{"rendered":"Satanlage Oyster 5 85 Premium inkl. Oyster TV"},"content":{"rendered":"<p>Es sind gleich mehrere bahnbrechende Innovationen, welche die Oyster 5 auszeichnen. Ein neues Kapitel in der Geschichte mobiler Antennen-Technologie wird aufgeschlagen. Gehen Sie auf Empfang!<\/p>\n<p><strong>Einfache Bedienung nach Wahl<\/strong><\/p>\n<p>Das &#8222;Gehirn&#8220; der Oyster V ist ihre Steuereinheit, die FeatureBox. Sie rechnet und regelt. Bei der Vision-Variante kommunizieren Sie mit der FeatureBox \u00fcber das Bedienteil, bei der Premium-Variante nutzen Sie daf\u00fcr Ihre TV- Fernbedienung. Dank der Handy-App k\u00f6nnen Sie die FeatureBox jetzt auch mit Ihrem SmartPhone ansteuern. Es stehen Ihnen die grundlegenden Bedienfunktionen zur Verf\u00fcgung und Sie k\u00f6nnen bspw. die Antenne auch von drau\u00dfen ein- oder ausschalten, einen Satellitenwechsel vornehmen oder sich die Systemeinstellungen anzeigen lassen.<\/p>\n<p><strong>Ein gewaltiger Schritt<\/strong><\/p>\n<p>Die H\u00f6he in eingeklapptem Zustand betr\u00e4gt nur ca. 17 cm (auch bei der TWIN-Variante und mit SKEW)! Der Grund hierf\u00fcr ist die clevere Konstruktionsl\u00f6sung: die geschwungene Form des Feed-Arms erlaubt das platzsparende Ablegen.<\/p>\n<p><strong>Ein Kabel ist ein Kabel<\/strong><\/p>\n<p>Wenn wir von der &#8222;Ein-Kabel-L\u00f6sung&#8220; reden, meinen wir das auch so. Es kommt kein weiteres f\u00fcr die Stromversorgung hinzu. Wir benutzen ein spezielles Koaxialkabel, das f\u00fcr die Steuerung, Stromversorgung und Signal\u00ad\u00fcbertragung der Au\u00dfeneinheit zust\u00e4ndig ist. Nat\u00fcrlich kommt bei der TWIN-Version ein zweites Koaxialkabel hinzu.<\/p>\n<p><strong>Keine Chance f\u00fcr Wackelkandidaten!<\/strong><\/p>\n<p>Die Stabilit\u00e4t der Oyster V ist das Ergebnis findiger Ingenieurskunst und modernster, hochwertiger Materialien, wie sie im Rennsport verwendet werden. Der Spiegelarm ist aus einem St\u00fcck gefertigt und besteht aus ultraleichtem Magnesium. Das macht ihn bei geringem Gewicht extrem stabil und verwindungssteif.<\/p>\n<p><strong>Nicht suchen. Finden!<\/strong><\/p>\n<p>Die Oyster V wei\u00df zu jedem Zeitpunkt, wo die Satelliten sind. Deshalb entfallen nervige Rundum-Suchl\u00e4ufe. Das System richtet sich zielsicher auf den Satelliten aus. Der Grund f\u00fcr diesen technologischen Vorsprung ist das Zusammenspiel von drei Komponenten: GPS, 3D-Kompass und Neigungssensor. Das GPS bestimmt den Standort, der 3D-Kompass stellt fest, in welche Richtung Ihr Fahrzeug (und damit die Antenne) zeigt, der Neigungssensor identifiziert eine evtl. Schieflage des Fahrzeugs und veranlasst die exakte Ausgleichbewegung der Antenne.<\/p>\n<p><strong>Gewappnet gegen \u00e0\u201enderungen<\/strong><\/p>\n<p>Updates erh\u00e4lt Ihre Oyster V online \u00fcber Ihr Smartphone (oder alternativ via USB-Stick). Das ist alles andere als eine Spielerei. Das Update kommt direkt auf Ihr Handy und l\u00e4sst sich von dort ins System einpflegen. F\u00fcr Ihre Oyster V k\u00f6nnen Sie eine kostenlose App downloaden, die au\u00dfer der Update-Funktion noch eine ganze Reihe wertvoller M\u00f6glichkeiten er\u00f6ffnet. So informieren wir Sie sofort, wenn wir eine \u00e0\u201enderung von Satelliten-Charakteristika feststellen. Sie wissen dann, was die Ursache der St\u00f6rung ist und erhalten schnellstens das rettende Update. Ihr Handy ist \u00fcber die App mit der Oyster V-Steuerung verbunden. Sollte irgendeine technische St\u00f6rung auftreten, l\u00e4sst sich diese in den meisten F\u00e4llen mit der Oyster App diagnostizieren. Diese Daten k\u00f6nnen dann dem Kundendienst \u00fcbermittelt werden.<\/p>\n<p><strong>Premium Variante<\/strong>, speziell f\u00fcr Kunden, die eine Komplettausstattung aus einer Hand haben m\u00f6chten. Dieses Premium System erm\u00f6glicht Ihnen beide Ger\u00e4te mit nur einer Fernbedienung einfach und problemlos zu bedienen.<\/p>\n<p>\u00a0<\/p>\n<ul>\n<li>Ein-Kabel-Technik<\/li>\n<li>APP Bedingung<\/li>\n<li>automatische Updates via APP<\/li>\n<li>GPS, 3D-Kompass, Neigungssensor f\u00fcr vollautomatische Ausrichtung und Satellitenfindung<\/li>\n<li>85 cm Antennenspiegel f\u00fcr Reichweite pur<\/li>\n<li>Selbstst\u00e4ndiges Einfahren bei Fahrzeugstart<\/li>\n<li>Automatischer Satellitenwechsel<\/li>\n<li>Hochwertige Verarbeitung von robusten Materialien<\/li>\n<li>QM-zertifizierter Hersteller nach ISO 9001<\/li>\n<li>3 Jahre Hersteller-Garantie und zuverl\u00e4ssiger Service<\/li>\n<li>Typgenehmigungszeichen<\/li>\n<\/ul>\n<p>\u00a0<\/p>\n<p>APP Bedienung Inklusive<br \/>Bedienen l\u00e4sst sich die Oyster V jetzt auch bequem via ten haaft App, womit sich auch Updates kinderleicht aufspielen lassen und Ihre Anlage somit jederzeit auf dem neuesten softwarestand ist.<br \/>Geeignet f\u00fcr Android und iOS.<\/p>\n","protected":false},"excerpt":{"rendered":"<p>Es sind gleich mehrere bahnbrechende Innovationen, welche die Oyster 5 auszeichnen. Ein neues Kapitel in der Geschichte mobiler Antennen-Technologie wird aufgeschlagen. Gehen Sie auf Empfang! Einfache Bedienung nach Wahl Das &#8222;Gehirn&#8220; der Oyster V ist ihre Steuereinheit, die FeatureBox. Sie rechnet und regelt. Bei der Vision-Variante kommunizieren Sie mit der FeatureBox \u00fcber das Bedienteil, bei [&hellip;]<\/p>\n","protected":false},"featured_media":154550,"template":"","meta":{"_acf_changed":false},"product_featured_cat":[],"product_brand":[3127],"product_cat":[4530],"product_tag":[],"class_list":{"0":"post-154600","1":"product","2":"type-product","3":"status-publish","4":"has-post-thumbnail","6":"product_brand-oyster-de","7":"product_cat-sat-tv-komplettsysteme","9":"first","10":"outofstock","11":"taxable","12":"shipping-taxable","13":"product-type-variable"},"acf":[],"yoast_head":"<!-- This site is optimized with the Yoast SEO plugin v27.5 - https:\/\/yoast.com\/product\/yoast-seo-wordpress\/ -->\n<title>Satanlage Oyster 5 85 Premium inkl. Oyster TV - Bantam<\/title>\n<meta name=\"robots\" content=\"index, follow, max-snippet:-1, max-image-preview:large, max-video-preview:-1\" \/>\n<link rel=\"canonical\" href=\"https:\/\/shop.bantam.ch\/de\/produkt\/satanlage-oyster-5-85-premium-inkl-oyster-tv\/\" \/>\n<meta property=\"og:locale\" content=\"de_DE\" \/>\n<meta property=\"og:type\" content=\"article\" \/>\n<meta property=\"og:title\" content=\"Satanlage Oyster 5 85 Premium inkl. Oyster TV - Bantam\" \/>\n<meta property=\"og:description\" content=\"Es sind gleich mehrere bahnbrechende Innovationen, welche die Oyster 5 auszeichnen. Ein neues Kapitel in der Geschichte mobiler Antennen-Technologie wird aufgeschlagen. Gehen Sie auf Empfang! Einfache Bedienung nach Wahl Das &#8222;Gehirn&#8220; der Oyster V ist ihre Steuereinheit, die FeatureBox. Sie rechnet und regelt. Bei der Vision-Variante kommunizieren Sie mit der FeatureBox \u00fcber das Bedienteil, bei [&hellip;]\" \/>\n<meta property=\"og:url\" content=\"https:\/\/shop.bantam.ch\/de\/produkt\/satanlage-oyster-5-85-premium-inkl-oyster-tv\/\" \/>\n<meta property=\"og:site_name\" content=\"Bantam\" \/>\n<meta property=\"article:modified_time\" content=\"2026-05-02T20:37:43+00:00\" \/>\n<meta property=\"og:image\" content=\"https:\/\/shop.bantam.ch\/wp-content\/uploads\/2023\/03\/995736811.jpg\" \/>\n\t<meta property=\"og:image:width\" content=\"790\" \/>\n\t<meta property=\"og:image:height\" content=\"1000\" \/>\n\t<meta property=\"og:image:type\" content=\"image\/jpeg\" \/>\n<meta name=\"twitter:card\" content=\"summary_large_image\" \/>\n<meta name=\"twitter:label1\" content=\"Gesch\u00e4tzte Lesezeit\" \/>\n\t<meta name=\"twitter:data1\" content=\"3\u00a0Minuten\" \/>\n<script type=\"application\/ld+json\" class=\"yoast-schema-graph\">{\"@context\":\"https:\\\/\\\/schema.org\",\"@graph\":[{\"@type\":\"WebPage\",\"@id\":\"https:\\\/\\\/shop.bantam.ch\\\/de\\\/produkt\\\/satanlage-oyster-5-85-premium-inkl-oyster-tv\\\/\",\"url\":\"https:\\\/\\\/shop.bantam.ch\\\/de\\\/produkt\\\/satanlage-oyster-5-85-premium-inkl-oyster-tv\\\/\",\"name\":\"Satanlage Oyster 5 85 Premium inkl. Oyster TV - Bantam\",\"isPartOf\":{\"@id\":\"https:\\\/\\\/shop.bantam.ch\\\/de\\\/#website\"},\"primaryImageOfPage\":{\"@id\":\"https:\\\/\\\/shop.bantam.ch\\\/de\\\/produkt\\\/satanlage-oyster-5-85-premium-inkl-oyster-tv\\\/#primaryimage\"},\"image\":{\"@id\":\"https:\\\/\\\/shop.bantam.ch\\\/de\\\/produkt\\\/satanlage-oyster-5-85-premium-inkl-oyster-tv\\\/#primaryimage\"},\"thumbnailUrl\":\"https:\\\/\\\/shop.bantam.ch\\\/wp-content\\\/uploads\\\/2023\\\/03\\\/995736811.jpg\",\"datePublished\":\"2023-03-22T14:48:08+00:00\",\"dateModified\":\"2026-05-02T20:37:43+00:00\",\"breadcrumb\":{\"@id\":\"https:\\\/\\\/shop.bantam.ch\\\/de\\\/produkt\\\/satanlage-oyster-5-85-premium-inkl-oyster-tv\\\/#breadcrumb\"},\"inLanguage\":\"de\",\"potentialAction\":[{\"@type\":\"ReadAction\",\"target\":[\"https:\\\/\\\/shop.bantam.ch\\\/de\\\/produkt\\\/satanlage-oyster-5-85-premium-inkl-oyster-tv\\\/\"]}]},{\"@type\":\"ImageObject\",\"inLanguage\":\"de\",\"@id\":\"https:\\\/\\\/shop.bantam.ch\\\/de\\\/produkt\\\/satanlage-oyster-5-85-premium-inkl-oyster-tv\\\/#primaryimage\",\"url\":\"https:\\\/\\\/shop.bantam.ch\\\/wp-content\\\/uploads\\\/2023\\\/03\\\/995736811.jpg\",\"contentUrl\":\"https:\\\/\\\/shop.bantam.ch\\\/wp-content\\\/uploads\\\/2023\\\/03\\\/995736811.jpg\",\"width\":790,\"height\":1000},{\"@type\":\"BreadcrumbList\",\"@id\":\"https:\\\/\\\/shop.bantam.ch\\\/de\\\/produkt\\\/satanlage-oyster-5-85-premium-inkl-oyster-tv\\\/#breadcrumb\",\"itemListElement\":[{\"@type\":\"ListItem\",\"position\":1,\"name\":\"Accueil\",\"item\":\"https:\\\/\\\/shop.bantam.ch\\\/de\\\/\"},{\"@type\":\"ListItem\",\"position\":2,\"name\":\"Shop\",\"item\":\"https:\\\/\\\/shop.bantam.ch\\\/de\\\/shop\\\/\"},{\"@type\":\"ListItem\",\"position\":3,\"name\":\"Satanlage Oyster 5 85 Premium inkl. Oyster TV\"}]},{\"@type\":\"WebSite\",\"@id\":\"https:\\\/\\\/shop.bantam.ch\\\/de\\\/#website\",\"url\":\"https:\\\/\\\/shop.bantam.ch\\\/de\\\/\",\"name\":\"Bantam\",\"description\":\"\",\"publisher\":{\"@id\":\"https:\\\/\\\/shop.bantam.ch\\\/de\\\/#organization\"},\"inLanguage\":\"de\"},{\"@type\":\"Organization\",\"@id\":\"https:\\\/\\\/shop.bantam.ch\\\/de\\\/#organization\",\"name\":\"Bantam\",\"url\":\"https:\\\/\\\/shop.bantam.ch\\\/de\\\/\",\"logo\":{\"@type\":\"ImageObject\",\"inLanguage\":\"de\",\"@id\":\"https:\\\/\\\/shop.bantam.ch\\\/de\\\/#\\\/schema\\\/logo\\\/image\\\/\",\"url\":\"https:\\\/\\\/shop.bantam.ch\\\/wp-content\\\/uploads\\\/2022\\\/12\\\/bantam-logo.png\",\"contentUrl\":\"https:\\\/\\\/shop.bantam.ch\\\/wp-content\\\/uploads\\\/2022\\\/12\\\/bantam-logo.png\",\"width\":320,\"height\":71,\"caption\":\"Bantam\"},\"image\":{\"@id\":\"https:\\\/\\\/shop.bantam.ch\\\/de\\\/#\\\/schema\\\/logo\\\/image\\\/\"}}]}<\/script>\n<!-- \/ Yoast SEO plugin. -->","yoast_head_json":{"title":"Satanlage Oyster 5 85 Premium inkl. Oyster TV - Bantam","robots":{"index":"index","follow":"follow","max-snippet":"max-snippet:-1","max-image-preview":"max-image-preview:large","max-video-preview":"max-video-preview:-1"},"canonical":"https:\/\/shop.bantam.ch\/de\/produkt\/satanlage-oyster-5-85-premium-inkl-oyster-tv\/","og_locale":"de_DE","og_type":"article","og_title":"Satanlage Oyster 5 85 Premium inkl. Oyster TV - Bantam","og_description":"Es sind gleich mehrere bahnbrechende Innovationen, welche die Oyster 5 auszeichnen. Ein neues Kapitel in der Geschichte mobiler Antennen-Technologie wird aufgeschlagen. Gehen Sie auf Empfang! Einfache Bedienung nach Wahl Das &#8222;Gehirn&#8220; der Oyster V ist ihre Steuereinheit, die FeatureBox. Sie rechnet und regelt. Bei der Vision-Variante kommunizieren Sie mit der FeatureBox \u00fcber das Bedienteil, bei [&hellip;]","og_url":"https:\/\/shop.bantam.ch\/de\/produkt\/satanlage-oyster-5-85-premium-inkl-oyster-tv\/","og_site_name":"Bantam","article_modified_time":"2026-05-02T20:37:43+00:00","og_image":[{"width":790,"height":1000,"url":"https:\/\/shop.bantam.ch\/wp-content\/uploads\/2023\/03\/995736811.jpg","type":"image\/jpeg"}],"twitter_card":"summary_large_image","twitter_misc":{"Gesch\u00e4tzte Lesezeit":"3\u00a0Minuten"},"schema":{"@context":"https:\/\/schema.org","@graph":[{"@type":"WebPage","@id":"https:\/\/shop.bantam.ch\/de\/produkt\/satanlage-oyster-5-85-premium-inkl-oyster-tv\/","url":"https:\/\/shop.bantam.ch\/de\/produkt\/satanlage-oyster-5-85-premium-inkl-oyster-tv\/","name":"Satanlage Oyster 5 85 Premium inkl. Oyster TV - Bantam","isPartOf":{"@id":"https:\/\/shop.bantam.ch\/de\/#website"},"primaryImageOfPage":{"@id":"https:\/\/shop.bantam.ch\/de\/produkt\/satanlage-oyster-5-85-premium-inkl-oyster-tv\/#primaryimage"},"image":{"@id":"https:\/\/shop.bantam.ch\/de\/produkt\/satanlage-oyster-5-85-premium-inkl-oyster-tv\/#primaryimage"},"thumbnailUrl":"https:\/\/shop.bantam.ch\/wp-content\/uploads\/2023\/03\/995736811.jpg","datePublished":"2023-03-22T14:48:08+00:00","dateModified":"2026-05-02T20:37:43+00:00","breadcrumb":{"@id":"https:\/\/shop.bantam.ch\/de\/produkt\/satanlage-oyster-5-85-premium-inkl-oyster-tv\/#breadcrumb"},"inLanguage":"de","potentialAction":[{"@type":"ReadAction","target":["https:\/\/shop.bantam.ch\/de\/produkt\/satanlage-oyster-5-85-premium-inkl-oyster-tv\/"]}]},{"@type":"ImageObject","inLanguage":"de","@id":"https:\/\/shop.bantam.ch\/de\/produkt\/satanlage-oyster-5-85-premium-inkl-oyster-tv\/#primaryimage","url":"https:\/\/shop.bantam.ch\/wp-content\/uploads\/2023\/03\/995736811.jpg","contentUrl":"https:\/\/shop.bantam.ch\/wp-content\/uploads\/2023\/03\/995736811.jpg","width":790,"height":1000},{"@type":"BreadcrumbList","@id":"https:\/\/shop.bantam.ch\/de\/produkt\/satanlage-oyster-5-85-premium-inkl-oyster-tv\/#breadcrumb","itemListElement":[{"@type":"ListItem","position":1,"name":"Accueil","item":"https:\/\/shop.bantam.ch\/de\/"},{"@type":"ListItem","position":2,"name":"Shop","item":"https:\/\/shop.bantam.ch\/de\/shop\/"},{"@type":"ListItem","position":3,"name":"Satanlage Oyster 5 85 Premium inkl. Oyster TV"}]},{"@type":"WebSite","@id":"https:\/\/shop.bantam.ch\/de\/#website","url":"https:\/\/shop.bantam.ch\/de\/","name":"Bantam","description":"","publisher":{"@id":"https:\/\/shop.bantam.ch\/de\/#organization"},"inLanguage":"de"},{"@type":"Organization","@id":"https:\/\/shop.bantam.ch\/de\/#organization","name":"Bantam","url":"https:\/\/shop.bantam.ch\/de\/","logo":{"@type":"ImageObject","inLanguage":"de","@id":"https:\/\/shop.bantam.ch\/de\/#\/schema\/logo\/image\/","url":"https:\/\/shop.bantam.ch\/wp-content\/uploads\/2022\/12\/bantam-logo.png","contentUrl":"https:\/\/shop.bantam.ch\/wp-content\/uploads\/2022\/12\/bantam-logo.png","width":320,"height":71,"caption":"Bantam"},"image":{"@id":"https:\/\/shop.bantam.ch\/de\/#\/schema\/logo\/image\/"}}]}},"_links":{"self":[{"href":"https:\/\/shop.bantam.ch\/de\/wp-json\/wp\/v2\/product\/154600","targetHints":{"allow":["GET"]}}],"collection":[{"href":"https:\/\/shop.bantam.ch\/de\/wp-json\/wp\/v2\/product"}],"about":[{"href":"https:\/\/shop.bantam.ch\/de\/wp-json\/wp\/v2\/types\/product"}],"wp:featuredmedia":[{"embeddable":true,"href":"https:\/\/shop.bantam.ch\/de\/wp-json\/wp\/v2\/media\/154550"}],"wp:attachment":[{"href":"https:\/\/shop.bantam.ch\/de\/wp-json\/wp\/v2\/media?parent=154600"}],"wp:term":[{"taxonomy":"product_featured_cat","embeddable":true,"href":"https:\/\/shop.bantam.ch\/de\/wp-json\/wp\/v2\/product_featured_cat?post=154600"},{"taxonomy":"product_brand","embeddable":true,"href":"https:\/\/shop.bantam.ch\/de\/wp-json\/wp\/v2\/product_brand?post=154600"},{"taxonomy":"product_cat","embeddable":true,"href":"https:\/\/shop.bantam.ch\/de\/wp-json\/wp\/v2\/product_cat?post=154600"},{"taxonomy":"product_tag","embeddable":true,"href":"https:\/\/shop.bantam.ch\/de\/wp-json\/wp\/v2\/product_tag?post=154600"}],"curies":[{"name":"wp","href":"https:\/\/api.w.org\/{rel}","templated":true}]}}