{"id":154536,"date":"2023-03-22T15:47:02","date_gmt":"2023-03-22T14:47:02","guid":{"rendered":"https:\/\/shop.bantam.ch\/produit\/wandmarkise-omnistor-5200-gehaeuse-weiss\/"},"modified":"2026-04-17T22:39:04","modified_gmt":"2026-04-17T20:39:04","slug":"wandmarkise-omnistor-5200-gehaeuse-weiss","status":"publish","type":"product","link":"https:\/\/shop.bantam.ch\/de\/produkt\/wandmarkise-omnistor-5200-gehaeuse-weiss\/","title":{"rendered":"Wandmarkise Omnistor 5200 &#8211; Geh\u00e4use wei\u00df"},"content":{"rendered":"<ul>\n<li>Gestaltung und Aussehen passen zum Design moderner Freizeitmobile und sorgen f\u00fcr eine bessere Integration an der Fahrzeugwand<\/li>\n<li>Auszug bis zu 2,50 m f\u00fcr einen gr\u00f6\u00dferen privaten Bereich und zum Schutz vor Sonne und Regen<\/li>\n<li>Optional ist eine Schiene erh\u00e4ltlich, die den Zwischenraum unter der Markise verschlie\u00dft. Die Schiene hat zwei Funktionen: An ihr l\u00e4sst sich ein Thule Markisen-Zelt oder ein Thule LED Strip befestigen<\/li>\n<li>Vertikales Absenksystem, um die Beine ausklappen zu k\u00f6nnen, ohne das Fahrzeug zu besch\u00e4digen<\/li>\n<li>Mit praktischem Quick Lock-System zur einfachen Montage und Einstellung der St\u00fctzf\u00fc\u00dfe<\/li>\n<li>Da der Ausfallwinkel so eingestellt werden kann, wie Sie m\u00f6chten, kann die Markise ge\u00f6ffnet und geschlossen werden, selbst wenn die Fahrzeugt\u00fcr offen ist<\/li>\n<li>Frontprofil mit Ablaufsystem f\u00fcr Abwasser und Abfall f\u00fcr einfache Reinigung<\/li>\n<li>Die patentierten Spannarme sind serienm\u00e4\u00dfig integriert bei Markisen ab einer L\u00e4nge von 4,02 m<\/li>\n<\/ul>\n<p>Material:<br \/>Tuch: PVC<br \/>Geh\u00e4use: Aluminium<\/p>\n<p>\u00a0<\/p>\n","protected":false},"excerpt":{"rendered":"<p>Gestaltung und Aussehen passen zum Design moderner Freizeitmobile und sorgen f\u00fcr eine bessere Integration an der Fahrzeugwand Auszug bis zu 2,50 m f\u00fcr einen gr\u00f6\u00dferen privaten Bereich und zum Schutz vor Sonne und Regen Optional ist eine Schiene erh\u00e4ltlich, die den Zwischenraum unter der Markise verschlie\u00dft. Die Schiene hat zwei Funktionen: An ihr l\u00e4sst sich [&hellip;]<\/p>\n","protected":false},"featured_media":154490,"template":"","meta":{"_acf_changed":false},"product_featured_cat":[],"product_brand":[3047],"product_cat":[4214],"product_tag":[],"class_list":{"0":"post-154536","1":"product","2":"type-product","3":"status-publish","4":"has-post-thumbnail","6":"product_brand-thule-de","7":"product_cat-markisen-dachseitenwand","9":"first","10":"instock","11":"taxable","12":"shipping-taxable","13":"purchasable","14":"product-type-variable"},"acf":[],"yoast_head":"<!-- This site is optimized with the Yoast SEO plugin v27.4 - https:\/\/yoast.com\/product\/yoast-seo-wordpress\/ -->\n<title>Wandmarkise Omnistor 5200 - Geh\u00e4use wei\u00df - Bantam Camping AG<\/title>\n<meta name=\"robots\" content=\"index, follow, max-snippet:-1, max-image-preview:large, max-video-preview:-1\" \/>\n<link rel=\"canonical\" href=\"https:\/\/shop.bantam.ch\/de\/produkt\/wandmarkise-omnistor-5200-gehaeuse-weiss\/\" \/>\n<meta property=\"og:locale\" content=\"de_DE\" \/>\n<meta property=\"og:type\" content=\"article\" \/>\n<meta property=\"og:title\" content=\"Wandmarkise Omnistor 5200 - Geh\u00e4use wei\u00df - Bantam Camping AG\" \/>\n<meta property=\"og:description\" content=\"Gestaltung und Aussehen passen zum Design moderner Freizeitmobile und sorgen f\u00fcr eine bessere Integration an der Fahrzeugwand Auszug bis zu 2,50 m f\u00fcr einen gr\u00f6\u00dferen privaten Bereich und zum Schutz vor Sonne und Regen Optional ist eine Schiene erh\u00e4ltlich, die den Zwischenraum unter der Markise verschlie\u00dft. Die Schiene hat zwei Funktionen: An ihr l\u00e4sst sich [&hellip;]\" \/>\n<meta property=\"og:url\" content=\"https:\/\/shop.bantam.ch\/de\/produkt\/wandmarkise-omnistor-5200-gehaeuse-weiss\/\" \/>\n<meta property=\"og:site_name\" content=\"Bantam Camping AG\" \/>\n<meta property=\"article:modified_time\" content=\"2026-04-17T20:39:04+00:00\" \/>\n<meta property=\"og:image\" content=\"https:\/\/shop.bantam.ch\/wp-content\/uploads\/2023\/03\/992811813.jpg\" \/>\n\t<meta property=\"og:image:width\" content=\"357\" \/>\n\t<meta property=\"og:image:height\" content=\"1000\" \/>\n\t<meta property=\"og:image:type\" content=\"image\/jpeg\" \/>\n<meta name=\"twitter:card\" content=\"summary_large_image\" \/>\n<meta name=\"twitter:label1\" content=\"Gesch\u00e4tzte Lesezeit\" \/>\n\t<meta name=\"twitter:data1\" content=\"1\u00a0Minute\" \/>\n<script type=\"application\/ld+json\" class=\"yoast-schema-graph\">{\"@context\":\"https:\\\/\\\/schema.org\",\"@graph\":[{\"@type\":\"WebPage\",\"@id\":\"https:\\\/\\\/shop.bantam.ch\\\/de\\\/produkt\\\/wandmarkise-omnistor-5200-gehaeuse-weiss\\\/\",\"url\":\"https:\\\/\\\/shop.bantam.ch\\\/de\\\/produkt\\\/wandmarkise-omnistor-5200-gehaeuse-weiss\\\/\",\"name\":\"Wandmarkise Omnistor 5200 - Geh\u00e4use wei\u00df - Bantam Camping AG\",\"isPartOf\":{\"@id\":\"https:\\\/\\\/shop.bantam.ch\\\/de\\\/#website\"},\"primaryImageOfPage\":{\"@id\":\"https:\\\/\\\/shop.bantam.ch\\\/de\\\/produkt\\\/wandmarkise-omnistor-5200-gehaeuse-weiss\\\/#primaryimage\"},\"image\":{\"@id\":\"https:\\\/\\\/shop.bantam.ch\\\/de\\\/produkt\\\/wandmarkise-omnistor-5200-gehaeuse-weiss\\\/#primaryimage\"},\"thumbnailUrl\":\"https:\\\/\\\/shop.bantam.ch\\\/wp-content\\\/uploads\\\/2023\\\/03\\\/992811813.jpg\",\"datePublished\":\"2023-03-22T14:47:02+00:00\",\"dateModified\":\"2026-04-17T20:39:04+00:00\",\"breadcrumb\":{\"@id\":\"https:\\\/\\\/shop.bantam.ch\\\/de\\\/produkt\\\/wandmarkise-omnistor-5200-gehaeuse-weiss\\\/#breadcrumb\"},\"inLanguage\":\"de\",\"potentialAction\":[{\"@type\":\"ReadAction\",\"target\":[\"https:\\\/\\\/shop.bantam.ch\\\/de\\\/produkt\\\/wandmarkise-omnistor-5200-gehaeuse-weiss\\\/\"]}]},{\"@type\":\"ImageObject\",\"inLanguage\":\"de\",\"@id\":\"https:\\\/\\\/shop.bantam.ch\\\/de\\\/produkt\\\/wandmarkise-omnistor-5200-gehaeuse-weiss\\\/#primaryimage\",\"url\":\"https:\\\/\\\/shop.bantam.ch\\\/wp-content\\\/uploads\\\/2023\\\/03\\\/992811813.jpg\",\"contentUrl\":\"https:\\\/\\\/shop.bantam.ch\\\/wp-content\\\/uploads\\\/2023\\\/03\\\/992811813.jpg\",\"width\":357,\"height\":1000},{\"@type\":\"BreadcrumbList\",\"@id\":\"https:\\\/\\\/shop.bantam.ch\\\/de\\\/produkt\\\/wandmarkise-omnistor-5200-gehaeuse-weiss\\\/#breadcrumb\",\"itemListElement\":[{\"@type\":\"ListItem\",\"position\":1,\"name\":\"Accueil\",\"item\":\"https:\\\/\\\/shop.bantam.ch\\\/de\\\/\"},{\"@type\":\"ListItem\",\"position\":2,\"name\":\"Shop\",\"item\":\"https:\\\/\\\/shop.bantam.ch\\\/de\\\/shop\\\/\"},{\"@type\":\"ListItem\",\"position\":3,\"name\":\"Wandmarkise Omnistor 5200 &#8211; Geh\u00e4use wei\u00df\"}]},{\"@type\":\"WebSite\",\"@id\":\"https:\\\/\\\/shop.bantam.ch\\\/de\\\/#website\",\"url\":\"https:\\\/\\\/shop.bantam.ch\\\/de\\\/\",\"name\":\"Bantam Camping AG\",\"description\":\"\",\"publisher\":{\"@id\":\"https:\\\/\\\/shop.bantam.ch\\\/de\\\/#organization\"},\"inLanguage\":\"de\"},{\"@type\":\"Organization\",\"@id\":\"https:\\\/\\\/shop.bantam.ch\\\/de\\\/#organization\",\"name\":\"Bantam Camping AG\",\"url\":\"https:\\\/\\\/shop.bantam.ch\\\/de\\\/\",\"logo\":{\"@type\":\"ImageObject\",\"inLanguage\":\"de\",\"@id\":\"https:\\\/\\\/shop.bantam.ch\\\/de\\\/#\\\/schema\\\/logo\\\/image\\\/\",\"url\":\"https:\\\/\\\/shop.bantam.ch\\\/wp-content\\\/uploads\\\/2022\\\/12\\\/bantam-logo.png\",\"contentUrl\":\"https:\\\/\\\/shop.bantam.ch\\\/wp-content\\\/uploads\\\/2022\\\/12\\\/bantam-logo.png\",\"width\":320,\"height\":71,\"caption\":\"Bantam Camping AG\"},\"image\":{\"@id\":\"https:\\\/\\\/shop.bantam.ch\\\/de\\\/#\\\/schema\\\/logo\\\/image\\\/\"}}]}<\/script>\n<!-- \/ Yoast SEO plugin. -->","yoast_head_json":{"title":"Wandmarkise Omnistor 5200 - Geh\u00e4use wei\u00df - Bantam Camping AG","robots":{"index":"index","follow":"follow","max-snippet":"max-snippet:-1","max-image-preview":"max-image-preview:large","max-video-preview":"max-video-preview:-1"},"canonical":"https:\/\/shop.bantam.ch\/de\/produkt\/wandmarkise-omnistor-5200-gehaeuse-weiss\/","og_locale":"de_DE","og_type":"article","og_title":"Wandmarkise Omnistor 5200 - Geh\u00e4use wei\u00df - Bantam Camping AG","og_description":"Gestaltung und Aussehen passen zum Design moderner Freizeitmobile und sorgen f\u00fcr eine bessere Integration an der Fahrzeugwand Auszug bis zu 2,50 m f\u00fcr einen gr\u00f6\u00dferen privaten Bereich und zum Schutz vor Sonne und Regen Optional ist eine Schiene erh\u00e4ltlich, die den Zwischenraum unter der Markise verschlie\u00dft. Die Schiene hat zwei Funktionen: An ihr l\u00e4sst sich [&hellip;]","og_url":"https:\/\/shop.bantam.ch\/de\/produkt\/wandmarkise-omnistor-5200-gehaeuse-weiss\/","og_site_name":"Bantam Camping AG","article_modified_time":"2026-04-17T20:39:04+00:00","og_image":[{"width":357,"height":1000,"url":"https:\/\/shop.bantam.ch\/wp-content\/uploads\/2023\/03\/992811813.jpg","type":"image\/jpeg"}],"twitter_card":"summary_large_image","twitter_misc":{"Gesch\u00e4tzte Lesezeit":"1\u00a0Minute"},"schema":{"@context":"https:\/\/schema.org","@graph":[{"@type":"WebPage","@id":"https:\/\/shop.bantam.ch\/de\/produkt\/wandmarkise-omnistor-5200-gehaeuse-weiss\/","url":"https:\/\/shop.bantam.ch\/de\/produkt\/wandmarkise-omnistor-5200-gehaeuse-weiss\/","name":"Wandmarkise Omnistor 5200 - Geh\u00e4use wei\u00df - Bantam Camping AG","isPartOf":{"@id":"https:\/\/shop.bantam.ch\/de\/#website"},"primaryImageOfPage":{"@id":"https:\/\/shop.bantam.ch\/de\/produkt\/wandmarkise-omnistor-5200-gehaeuse-weiss\/#primaryimage"},"image":{"@id":"https:\/\/shop.bantam.ch\/de\/produkt\/wandmarkise-omnistor-5200-gehaeuse-weiss\/#primaryimage"},"thumbnailUrl":"https:\/\/shop.bantam.ch\/wp-content\/uploads\/2023\/03\/992811813.jpg","datePublished":"2023-03-22T14:47:02+00:00","dateModified":"2026-04-17T20:39:04+00:00","breadcrumb":{"@id":"https:\/\/shop.bantam.ch\/de\/produkt\/wandmarkise-omnistor-5200-gehaeuse-weiss\/#breadcrumb"},"inLanguage":"de","potentialAction":[{"@type":"ReadAction","target":["https:\/\/shop.bantam.ch\/de\/produkt\/wandmarkise-omnistor-5200-gehaeuse-weiss\/"]}]},{"@type":"ImageObject","inLanguage":"de","@id":"https:\/\/shop.bantam.ch\/de\/produkt\/wandmarkise-omnistor-5200-gehaeuse-weiss\/#primaryimage","url":"https:\/\/shop.bantam.ch\/wp-content\/uploads\/2023\/03\/992811813.jpg","contentUrl":"https:\/\/shop.bantam.ch\/wp-content\/uploads\/2023\/03\/992811813.jpg","width":357,"height":1000},{"@type":"BreadcrumbList","@id":"https:\/\/shop.bantam.ch\/de\/produkt\/wandmarkise-omnistor-5200-gehaeuse-weiss\/#breadcrumb","itemListElement":[{"@type":"ListItem","position":1,"name":"Accueil","item":"https:\/\/shop.bantam.ch\/de\/"},{"@type":"ListItem","position":2,"name":"Shop","item":"https:\/\/shop.bantam.ch\/de\/shop\/"},{"@type":"ListItem","position":3,"name":"Wandmarkise Omnistor 5200 &#8211; Geh\u00e4use wei\u00df"}]},{"@type":"WebSite","@id":"https:\/\/shop.bantam.ch\/de\/#website","url":"https:\/\/shop.bantam.ch\/de\/","name":"Bantam Camping AG","description":"","publisher":{"@id":"https:\/\/shop.bantam.ch\/de\/#organization"},"inLanguage":"de"},{"@type":"Organization","@id":"https:\/\/shop.bantam.ch\/de\/#organization","name":"Bantam Camping AG","url":"https:\/\/shop.bantam.ch\/de\/","logo":{"@type":"ImageObject","inLanguage":"de","@id":"https:\/\/shop.bantam.ch\/de\/#\/schema\/logo\/image\/","url":"https:\/\/shop.bantam.ch\/wp-content\/uploads\/2022\/12\/bantam-logo.png","contentUrl":"https:\/\/shop.bantam.ch\/wp-content\/uploads\/2022\/12\/bantam-logo.png","width":320,"height":71,"caption":"Bantam Camping AG"},"image":{"@id":"https:\/\/shop.bantam.ch\/de\/#\/schema\/logo\/image\/"}}]}},"_links":{"self":[{"href":"https:\/\/shop.bantam.ch\/de\/wp-json\/wp\/v2\/product\/154536","targetHints":{"allow":["GET"]}}],"collection":[{"href":"https:\/\/shop.bantam.ch\/de\/wp-json\/wp\/v2\/product"}],"about":[{"href":"https:\/\/shop.bantam.ch\/de\/wp-json\/wp\/v2\/types\/product"}],"wp:featuredmedia":[{"embeddable":true,"href":"https:\/\/shop.bantam.ch\/de\/wp-json\/wp\/v2\/media\/154490"}],"wp:attachment":[{"href":"https:\/\/shop.bantam.ch\/de\/wp-json\/wp\/v2\/media?parent=154536"}],"wp:term":[{"taxonomy":"product_featured_cat","embeddable":true,"href":"https:\/\/shop.bantam.ch\/de\/wp-json\/wp\/v2\/product_featured_cat?post=154536"},{"taxonomy":"product_brand","embeddable":true,"href":"https:\/\/shop.bantam.ch\/de\/wp-json\/wp\/v2\/product_brand?post=154536"},{"taxonomy":"product_cat","embeddable":true,"href":"https:\/\/shop.bantam.ch\/de\/wp-json\/wp\/v2\/product_cat?post=154536"},{"taxonomy":"product_tag","embeddable":true,"href":"https:\/\/shop.bantam.ch\/de\/wp-json\/wp\/v2\/product_tag?post=154536"}],"curies":[{"name":"wp","href":"https:\/\/api.w.org\/{rel}","templated":true}]}}