{"id":154306,"date":"2023-03-22T15:42:03","date_gmt":"2023-03-22T14:42:03","guid":{"rendered":"https:\/\/shop.bantam.ch\/produit\/seitenwand-rain-blocker-g2\/"},"modified":"2026-05-11T22:35:31","modified_gmt":"2026-05-11T20:35:31","slug":"seitenwand-rain-blocker-g2","status":"publish","type":"product","link":"https:\/\/shop.bantam.ch\/de\/produkt\/seitenwand-rain-blocker-g2\/","title":{"rendered":"Seitenwand Rain Blocker G2"},"content":{"rendered":"<p>Seitenwand f\u00fcr Thule Markisen als Sicht-, Wind- und Regenschutz.<\/p>\n<ul>\n<li>Verf\u00fcgbar f\u00fcr verschiedenen Markisen, abh\u00e4ngig von Auszug und Montageh\u00f6he\u00a0<\/li>\n<li>Die Seitenplane gleitet in die leicht zu installierende Spannstange aus Aluminium zwischen Markisengeh\u00e4use und Frontprofil\u00a0<\/li>\n<li>Praktische Verbindungen stellen eine einfache Befestigung der Seitenwand am St\u00fctzfu\u00df der Markise sicher\u00a0<\/li>\n<li>Das Seitenteil kann an beiden Seiten der Markise installiert werden\u00a0<\/li>\n<li>Zahlreiche M\u00f6glichkeiten zur Kombination mit anderen W\u00e4nden\u00a0<\/li>\n<li>Die Rain Blocker G2 Planen k\u00f6nnen mit intelligenten Verbindern kombiniert werden\u00a0<\/li>\n<li>Best\u00e4ndiges Tuchmaterial<\/li>\n<\/ul>\n<p>Material:<br \/>Tuch Polyvinylchlorid<\/p>\n<p>\u00a0<\/p>\n","protected":false},"excerpt":{"rendered":"<p>Seitenwand f\u00fcr Thule Markisen als Sicht-, Wind- und Regenschutz. Verf\u00fcgbar f\u00fcr verschiedenen Markisen, abh\u00e4ngig von Auszug und Montageh\u00f6he\u00a0 Die Seitenplane gleitet in die leicht zu installierende Spannstange aus Aluminium zwischen Markisengeh\u00e4use und Frontprofil\u00a0 Praktische Verbindungen stellen eine einfache Befestigung der Seitenwand am St\u00fctzfu\u00df der Markise sicher\u00a0 Das Seitenteil kann an beiden Seiten der Markise installiert [&hellip;]<\/p>\n","protected":false},"featured_media":154241,"template":"","meta":{"_acf_changed":false},"product_featured_cat":[],"product_brand":[3047],"product_cat":[4222],"product_tag":[],"class_list":{"0":"post-154306","1":"product","2":"type-product","3":"status-publish","4":"has-post-thumbnail","6":"product_brand-thule-de","7":"product_cat-markisen-seitenwaende","9":"first","10":"instock","11":"taxable","12":"shipping-taxable","13":"purchasable","14":"product-type-variable"},"acf":[],"yoast_head":"<!-- This site is optimized with the Yoast SEO plugin v27.5 - https:\/\/yoast.com\/product\/yoast-seo-wordpress\/ -->\n<title>Seitenwand Rain Blocker G2 - Bantam<\/title>\n<meta name=\"robots\" content=\"index, follow, max-snippet:-1, max-image-preview:large, max-video-preview:-1\" \/>\n<link rel=\"canonical\" href=\"https:\/\/shop.bantam.ch\/de\/produkt\/seitenwand-rain-blocker-g2\/\" \/>\n<meta property=\"og:locale\" content=\"de_DE\" \/>\n<meta property=\"og:type\" content=\"article\" \/>\n<meta property=\"og:title\" content=\"Seitenwand Rain Blocker G2 - Bantam\" \/>\n<meta property=\"og:description\" content=\"Seitenwand f\u00fcr Thule Markisen als Sicht-, Wind- und Regenschutz. Verf\u00fcgbar f\u00fcr verschiedenen Markisen, abh\u00e4ngig von Auszug und Montageh\u00f6he\u00a0 Die Seitenplane gleitet in die leicht zu installierende Spannstange aus Aluminium zwischen Markisengeh\u00e4use und Frontprofil\u00a0 Praktische Verbindungen stellen eine einfache Befestigung der Seitenwand am St\u00fctzfu\u00df der Markise sicher\u00a0 Das Seitenteil kann an beiden Seiten der Markise installiert [&hellip;]\" \/>\n<meta property=\"og:url\" content=\"https:\/\/shop.bantam.ch\/de\/produkt\/seitenwand-rain-blocker-g2\/\" \/>\n<meta property=\"og:site_name\" content=\"Bantam\" \/>\n<meta property=\"article:modified_time\" content=\"2026-05-11T20:35:31+00:00\" \/>\n<meta property=\"og:image\" content=\"https:\/\/shop.bantam.ch\/wp-content\/uploads\/2023\/03\/9970725100-11.jpg\" \/>\n\t<meta property=\"og:image:width\" content=\"1000\" \/>\n\t<meta property=\"og:image:height\" content=\"661\" \/>\n\t<meta property=\"og:image:type\" content=\"image\/jpeg\" \/>\n<meta name=\"twitter:card\" content=\"summary_large_image\" \/>\n<script type=\"application\/ld+json\" class=\"yoast-schema-graph\">{\"@context\":\"https:\\\/\\\/schema.org\",\"@graph\":[{\"@type\":\"WebPage\",\"@id\":\"https:\\\/\\\/shop.bantam.ch\\\/de\\\/produkt\\\/seitenwand-rain-blocker-g2\\\/\",\"url\":\"https:\\\/\\\/shop.bantam.ch\\\/de\\\/produkt\\\/seitenwand-rain-blocker-g2\\\/\",\"name\":\"Seitenwand Rain Blocker G2 - Bantam\",\"isPartOf\":{\"@id\":\"https:\\\/\\\/shop.bantam.ch\\\/de\\\/#website\"},\"primaryImageOfPage\":{\"@id\":\"https:\\\/\\\/shop.bantam.ch\\\/de\\\/produkt\\\/seitenwand-rain-blocker-g2\\\/#primaryimage\"},\"image\":{\"@id\":\"https:\\\/\\\/shop.bantam.ch\\\/de\\\/produkt\\\/seitenwand-rain-blocker-g2\\\/#primaryimage\"},\"thumbnailUrl\":\"https:\\\/\\\/shop.bantam.ch\\\/wp-content\\\/uploads\\\/2023\\\/03\\\/9970725100-11.jpg\",\"datePublished\":\"2023-03-22T14:42:03+00:00\",\"dateModified\":\"2026-05-11T20:35:31+00:00\",\"breadcrumb\":{\"@id\":\"https:\\\/\\\/shop.bantam.ch\\\/de\\\/produkt\\\/seitenwand-rain-blocker-g2\\\/#breadcrumb\"},\"inLanguage\":\"de\",\"potentialAction\":[{\"@type\":\"ReadAction\",\"target\":[\"https:\\\/\\\/shop.bantam.ch\\\/de\\\/produkt\\\/seitenwand-rain-blocker-g2\\\/\"]}]},{\"@type\":\"ImageObject\",\"inLanguage\":\"de\",\"@id\":\"https:\\\/\\\/shop.bantam.ch\\\/de\\\/produkt\\\/seitenwand-rain-blocker-g2\\\/#primaryimage\",\"url\":\"https:\\\/\\\/shop.bantam.ch\\\/wp-content\\\/uploads\\\/2023\\\/03\\\/9970725100-11.jpg\",\"contentUrl\":\"https:\\\/\\\/shop.bantam.ch\\\/wp-content\\\/uploads\\\/2023\\\/03\\\/9970725100-11.jpg\",\"width\":1000,\"height\":661},{\"@type\":\"BreadcrumbList\",\"@id\":\"https:\\\/\\\/shop.bantam.ch\\\/de\\\/produkt\\\/seitenwand-rain-blocker-g2\\\/#breadcrumb\",\"itemListElement\":[{\"@type\":\"ListItem\",\"position\":1,\"name\":\"Accueil\",\"item\":\"https:\\\/\\\/shop.bantam.ch\\\/de\\\/\"},{\"@type\":\"ListItem\",\"position\":2,\"name\":\"Shop\",\"item\":\"https:\\\/\\\/shop.bantam.ch\\\/de\\\/shop\\\/\"},{\"@type\":\"ListItem\",\"position\":3,\"name\":\"Seitenwand Rain Blocker G2\"}]},{\"@type\":\"WebSite\",\"@id\":\"https:\\\/\\\/shop.bantam.ch\\\/de\\\/#website\",\"url\":\"https:\\\/\\\/shop.bantam.ch\\\/de\\\/\",\"name\":\"Bantam\",\"description\":\"\",\"publisher\":{\"@id\":\"https:\\\/\\\/shop.bantam.ch\\\/de\\\/#organization\"},\"inLanguage\":\"de\"},{\"@type\":\"Organization\",\"@id\":\"https:\\\/\\\/shop.bantam.ch\\\/de\\\/#organization\",\"name\":\"Bantam\",\"url\":\"https:\\\/\\\/shop.bantam.ch\\\/de\\\/\",\"logo\":{\"@type\":\"ImageObject\",\"inLanguage\":\"de\",\"@id\":\"https:\\\/\\\/shop.bantam.ch\\\/de\\\/#\\\/schema\\\/logo\\\/image\\\/\",\"url\":\"https:\\\/\\\/shop.bantam.ch\\\/wp-content\\\/uploads\\\/2022\\\/12\\\/bantam-logo.png\",\"contentUrl\":\"https:\\\/\\\/shop.bantam.ch\\\/wp-content\\\/uploads\\\/2022\\\/12\\\/bantam-logo.png\",\"width\":320,\"height\":71,\"caption\":\"Bantam\"},\"image\":{\"@id\":\"https:\\\/\\\/shop.bantam.ch\\\/de\\\/#\\\/schema\\\/logo\\\/image\\\/\"}}]}<\/script>\n<!-- \/ Yoast SEO plugin. -->","yoast_head_json":{"title":"Seitenwand Rain Blocker G2 - Bantam","robots":{"index":"index","follow":"follow","max-snippet":"max-snippet:-1","max-image-preview":"max-image-preview:large","max-video-preview":"max-video-preview:-1"},"canonical":"https:\/\/shop.bantam.ch\/de\/produkt\/seitenwand-rain-blocker-g2\/","og_locale":"de_DE","og_type":"article","og_title":"Seitenwand Rain Blocker G2 - Bantam","og_description":"Seitenwand f\u00fcr Thule Markisen als Sicht-, Wind- und Regenschutz. Verf\u00fcgbar f\u00fcr verschiedenen Markisen, abh\u00e4ngig von Auszug und Montageh\u00f6he\u00a0 Die Seitenplane gleitet in die leicht zu installierende Spannstange aus Aluminium zwischen Markisengeh\u00e4use und Frontprofil\u00a0 Praktische Verbindungen stellen eine einfache Befestigung der Seitenwand am St\u00fctzfu\u00df der Markise sicher\u00a0 Das Seitenteil kann an beiden Seiten der Markise installiert [&hellip;]","og_url":"https:\/\/shop.bantam.ch\/de\/produkt\/seitenwand-rain-blocker-g2\/","og_site_name":"Bantam","article_modified_time":"2026-05-11T20:35:31+00:00","og_image":[{"width":1000,"height":661,"url":"https:\/\/shop.bantam.ch\/wp-content\/uploads\/2023\/03\/9970725100-11.jpg","type":"image\/jpeg"}],"twitter_card":"summary_large_image","schema":{"@context":"https:\/\/schema.org","@graph":[{"@type":"WebPage","@id":"https:\/\/shop.bantam.ch\/de\/produkt\/seitenwand-rain-blocker-g2\/","url":"https:\/\/shop.bantam.ch\/de\/produkt\/seitenwand-rain-blocker-g2\/","name":"Seitenwand Rain Blocker G2 - Bantam","isPartOf":{"@id":"https:\/\/shop.bantam.ch\/de\/#website"},"primaryImageOfPage":{"@id":"https:\/\/shop.bantam.ch\/de\/produkt\/seitenwand-rain-blocker-g2\/#primaryimage"},"image":{"@id":"https:\/\/shop.bantam.ch\/de\/produkt\/seitenwand-rain-blocker-g2\/#primaryimage"},"thumbnailUrl":"https:\/\/shop.bantam.ch\/wp-content\/uploads\/2023\/03\/9970725100-11.jpg","datePublished":"2023-03-22T14:42:03+00:00","dateModified":"2026-05-11T20:35:31+00:00","breadcrumb":{"@id":"https:\/\/shop.bantam.ch\/de\/produkt\/seitenwand-rain-blocker-g2\/#breadcrumb"},"inLanguage":"de","potentialAction":[{"@type":"ReadAction","target":["https:\/\/shop.bantam.ch\/de\/produkt\/seitenwand-rain-blocker-g2\/"]}]},{"@type":"ImageObject","inLanguage":"de","@id":"https:\/\/shop.bantam.ch\/de\/produkt\/seitenwand-rain-blocker-g2\/#primaryimage","url":"https:\/\/shop.bantam.ch\/wp-content\/uploads\/2023\/03\/9970725100-11.jpg","contentUrl":"https:\/\/shop.bantam.ch\/wp-content\/uploads\/2023\/03\/9970725100-11.jpg","width":1000,"height":661},{"@type":"BreadcrumbList","@id":"https:\/\/shop.bantam.ch\/de\/produkt\/seitenwand-rain-blocker-g2\/#breadcrumb","itemListElement":[{"@type":"ListItem","position":1,"name":"Accueil","item":"https:\/\/shop.bantam.ch\/de\/"},{"@type":"ListItem","position":2,"name":"Shop","item":"https:\/\/shop.bantam.ch\/de\/shop\/"},{"@type":"ListItem","position":3,"name":"Seitenwand Rain Blocker G2"}]},{"@type":"WebSite","@id":"https:\/\/shop.bantam.ch\/de\/#website","url":"https:\/\/shop.bantam.ch\/de\/","name":"Bantam","description":"","publisher":{"@id":"https:\/\/shop.bantam.ch\/de\/#organization"},"inLanguage":"de"},{"@type":"Organization","@id":"https:\/\/shop.bantam.ch\/de\/#organization","name":"Bantam","url":"https:\/\/shop.bantam.ch\/de\/","logo":{"@type":"ImageObject","inLanguage":"de","@id":"https:\/\/shop.bantam.ch\/de\/#\/schema\/logo\/image\/","url":"https:\/\/shop.bantam.ch\/wp-content\/uploads\/2022\/12\/bantam-logo.png","contentUrl":"https:\/\/shop.bantam.ch\/wp-content\/uploads\/2022\/12\/bantam-logo.png","width":320,"height":71,"caption":"Bantam"},"image":{"@id":"https:\/\/shop.bantam.ch\/de\/#\/schema\/logo\/image\/"}}]}},"_links":{"self":[{"href":"https:\/\/shop.bantam.ch\/de\/wp-json\/wp\/v2\/product\/154306","targetHints":{"allow":["GET"]}}],"collection":[{"href":"https:\/\/shop.bantam.ch\/de\/wp-json\/wp\/v2\/product"}],"about":[{"href":"https:\/\/shop.bantam.ch\/de\/wp-json\/wp\/v2\/types\/product"}],"wp:featuredmedia":[{"embeddable":true,"href":"https:\/\/shop.bantam.ch\/de\/wp-json\/wp\/v2\/media\/154241"}],"wp:attachment":[{"href":"https:\/\/shop.bantam.ch\/de\/wp-json\/wp\/v2\/media?parent=154306"}],"wp:term":[{"taxonomy":"product_featured_cat","embeddable":true,"href":"https:\/\/shop.bantam.ch\/de\/wp-json\/wp\/v2\/product_featured_cat?post=154306"},{"taxonomy":"product_brand","embeddable":true,"href":"https:\/\/shop.bantam.ch\/de\/wp-json\/wp\/v2\/product_brand?post=154306"},{"taxonomy":"product_cat","embeddable":true,"href":"https:\/\/shop.bantam.ch\/de\/wp-json\/wp\/v2\/product_cat?post=154306"},{"taxonomy":"product_tag","embeddable":true,"href":"https:\/\/shop.bantam.ch\/de\/wp-json\/wp\/v2\/product_tag?post=154306"}],"curies":[{"name":"wp","href":"https:\/\/api.w.org\/{rel}","templated":true}]}}