{"id":153834,"date":"2023-03-22T15:14:00","date_gmt":"2023-03-22T14:14:00","guid":{"rendered":"https:\/\/shop.bantam.ch\/produit\/spezial-caravan-spiegel-mercedes-benz\/"},"modified":"2026-04-18T22:33:59","modified_gmt":"2026-04-18T20:33:59","slug":"spezial-caravan-spiegel-mercedes-benz","status":"publish","type":"product","link":"https:\/\/shop.bantam.ch\/de\/produkt\/spezial-caravan-spiegel-mercedes-benz\/","title":{"rendered":"Spezial Caravan Spiegel Mercedes Benz"},"content":{"rendered":"<p>Die speziell , auf den jeweiligen Fahrzeugspiegel angepasste Halterung oder Spiegel (Aluminium-Guss-Form), erm\u00f6glicht eine passgenaue Montage und gew\u00e4hrleistet einen perfekten Sitz ohne Vibration. Blitzschnelle Montage ohne Werkzeug. Alle Bestandteile der Spiegel sind aus korrosionsbest\u00e4ndigen Materialen gefertigt und gew\u00e4hrleisten eine hohe Langlebigkeit.<\/p>\n<p>Ihre Vorteile:<br \/>EMUK Spiegel sind vom Fahrer- und Beifahrersitz einstellbar, bieten ein klares, vibrations freies Spiegelbild und ein gro\u00dfes Sichtfeld. Sie sind ECE-Typgepr\u00fcft und dadurch sicher und zuverl\u00e4ssig.<\/p>\n<p>Alle aufgef\u00fchrten Spezial-Caravan-Spiegel auch in Wagenfarbe lieferbar (Aupfreis 68,25 \u201a\u00ac). Lieferzeit ca. 15 Werktage. Fragen Sie Ihren Fachh\u00e4ndler<\/p>\n<p>\u00a0<\/p>\n","protected":false},"excerpt":{"rendered":"<p>Die speziell , auf den jeweiligen Fahrzeugspiegel angepasste Halterung oder Spiegel (Aluminium-Guss-Form), erm\u00f6glicht eine passgenaue Montage und gew\u00e4hrleistet einen perfekten Sitz ohne Vibration. Blitzschnelle Montage ohne Werkzeug. Alle Bestandteile der Spiegel sind aus korrosionsbest\u00e4ndigen Materialen gefertigt und gew\u00e4hrleisten eine hohe Langlebigkeit. Ihre Vorteile:EMUK Spiegel sind vom Fahrer- und Beifahrersitz einstellbar, bieten ein klares, vibrations freies [&hellip;]<\/p>\n","protected":false},"featured_media":153822,"template":"","meta":{"_acf_changed":false},"product_featured_cat":[],"product_brand":[3145],"product_cat":[4832],"product_tag":[],"class_list":{"0":"post-153834","1":"product","2":"type-product","3":"status-publish","4":"has-post-thumbnail","6":"product_brand-emuk-de","7":"product_cat-wohnwagenspiegel","9":"first","10":"instock","11":"taxable","12":"shipping-taxable","13":"purchasable","14":"product-type-variable"},"acf":[],"yoast_head":"<!-- This site is optimized with the Yoast SEO plugin v27.4 - https:\/\/yoast.com\/product\/yoast-seo-wordpress\/ -->\n<title>Spezial Caravan Spiegel Mercedes Benz - Bantam Camping AG<\/title>\n<meta name=\"robots\" content=\"index, follow, max-snippet:-1, max-image-preview:large, max-video-preview:-1\" \/>\n<link rel=\"canonical\" href=\"https:\/\/shop.bantam.ch\/de\/produkt\/spezial-caravan-spiegel-mercedes-benz\/\" \/>\n<meta property=\"og:locale\" content=\"de_DE\" \/>\n<meta property=\"og:type\" content=\"article\" \/>\n<meta property=\"og:title\" content=\"Spezial Caravan Spiegel Mercedes Benz - Bantam Camping AG\" \/>\n<meta property=\"og:description\" content=\"Die speziell , auf den jeweiligen Fahrzeugspiegel angepasste Halterung oder Spiegel (Aluminium-Guss-Form), erm\u00f6glicht eine passgenaue Montage und gew\u00e4hrleistet einen perfekten Sitz ohne Vibration. Blitzschnelle Montage ohne Werkzeug. Alle Bestandteile der Spiegel sind aus korrosionsbest\u00e4ndigen Materialen gefertigt und gew\u00e4hrleisten eine hohe Langlebigkeit. Ihre Vorteile:EMUK Spiegel sind vom Fahrer- und Beifahrersitz einstellbar, bieten ein klares, vibrations freies [&hellip;]\" \/>\n<meta property=\"og:url\" content=\"https:\/\/shop.bantam.ch\/de\/produkt\/spezial-caravan-spiegel-mercedes-benz\/\" \/>\n<meta property=\"og:site_name\" content=\"Bantam Camping AG\" \/>\n<meta property=\"article:modified_time\" content=\"2026-04-18T20:33:59+00:00\" \/>\n<meta property=\"og:image\" content=\"https:\/\/shop.bantam.ch\/wp-content\/uploads\/2023\/03\/9982783-Spezialspiegel_MB_C-Klasse_ab_10_08_MB_GLK_ab_Bj_10_08_MB_E-Klasse_ab_BJ_08_B-Klasse_W246_ab_11_2011-Standard-01.jpg\" \/>\n\t<meta property=\"og:image:width\" content=\"1000\" \/>\n\t<meta property=\"og:image:height\" content=\"813\" \/>\n\t<meta property=\"og:image:type\" content=\"image\/jpeg\" \/>\n<meta name=\"twitter:card\" content=\"summary_large_image\" \/>\n<script type=\"application\/ld+json\" class=\"yoast-schema-graph\">{\"@context\":\"https:\\\/\\\/schema.org\",\"@graph\":[{\"@type\":\"WebPage\",\"@id\":\"https:\\\/\\\/shop.bantam.ch\\\/de\\\/produkt\\\/spezial-caravan-spiegel-mercedes-benz\\\/\",\"url\":\"https:\\\/\\\/shop.bantam.ch\\\/de\\\/produkt\\\/spezial-caravan-spiegel-mercedes-benz\\\/\",\"name\":\"Spezial Caravan Spiegel Mercedes Benz - Bantam Camping AG\",\"isPartOf\":{\"@id\":\"https:\\\/\\\/shop.bantam.ch\\\/de\\\/#website\"},\"primaryImageOfPage\":{\"@id\":\"https:\\\/\\\/shop.bantam.ch\\\/de\\\/produkt\\\/spezial-caravan-spiegel-mercedes-benz\\\/#primaryimage\"},\"image\":{\"@id\":\"https:\\\/\\\/shop.bantam.ch\\\/de\\\/produkt\\\/spezial-caravan-spiegel-mercedes-benz\\\/#primaryimage\"},\"thumbnailUrl\":\"https:\\\/\\\/shop.bantam.ch\\\/wp-content\\\/uploads\\\/2023\\\/03\\\/9982783-Spezialspiegel_MB_C-Klasse_ab_10_08_MB_GLK_ab_Bj_10_08_MB_E-Klasse_ab_BJ_08_B-Klasse_W246_ab_11_2011-Standard-01.jpg\",\"datePublished\":\"2023-03-22T14:14:00+00:00\",\"dateModified\":\"2026-04-18T20:33:59+00:00\",\"breadcrumb\":{\"@id\":\"https:\\\/\\\/shop.bantam.ch\\\/de\\\/produkt\\\/spezial-caravan-spiegel-mercedes-benz\\\/#breadcrumb\"},\"inLanguage\":\"de\",\"potentialAction\":[{\"@type\":\"ReadAction\",\"target\":[\"https:\\\/\\\/shop.bantam.ch\\\/de\\\/produkt\\\/spezial-caravan-spiegel-mercedes-benz\\\/\"]}]},{\"@type\":\"ImageObject\",\"inLanguage\":\"de\",\"@id\":\"https:\\\/\\\/shop.bantam.ch\\\/de\\\/produkt\\\/spezial-caravan-spiegel-mercedes-benz\\\/#primaryimage\",\"url\":\"https:\\\/\\\/shop.bantam.ch\\\/wp-content\\\/uploads\\\/2023\\\/03\\\/9982783-Spezialspiegel_MB_C-Klasse_ab_10_08_MB_GLK_ab_Bj_10_08_MB_E-Klasse_ab_BJ_08_B-Klasse_W246_ab_11_2011-Standard-01.jpg\",\"contentUrl\":\"https:\\\/\\\/shop.bantam.ch\\\/wp-content\\\/uploads\\\/2023\\\/03\\\/9982783-Spezialspiegel_MB_C-Klasse_ab_10_08_MB_GLK_ab_Bj_10_08_MB_E-Klasse_ab_BJ_08_B-Klasse_W246_ab_11_2011-Standard-01.jpg\",\"width\":1000,\"height\":813},{\"@type\":\"BreadcrumbList\",\"@id\":\"https:\\\/\\\/shop.bantam.ch\\\/de\\\/produkt\\\/spezial-caravan-spiegel-mercedes-benz\\\/#breadcrumb\",\"itemListElement\":[{\"@type\":\"ListItem\",\"position\":1,\"name\":\"Accueil\",\"item\":\"https:\\\/\\\/shop.bantam.ch\\\/de\\\/\"},{\"@type\":\"ListItem\",\"position\":2,\"name\":\"Shop\",\"item\":\"https:\\\/\\\/shop.bantam.ch\\\/de\\\/shop\\\/\"},{\"@type\":\"ListItem\",\"position\":3,\"name\":\"Spezial Caravan Spiegel Mercedes Benz\"}]},{\"@type\":\"WebSite\",\"@id\":\"https:\\\/\\\/shop.bantam.ch\\\/de\\\/#website\",\"url\":\"https:\\\/\\\/shop.bantam.ch\\\/de\\\/\",\"name\":\"Bantam Camping AG\",\"description\":\"\",\"publisher\":{\"@id\":\"https:\\\/\\\/shop.bantam.ch\\\/de\\\/#organization\"},\"inLanguage\":\"de\"},{\"@type\":\"Organization\",\"@id\":\"https:\\\/\\\/shop.bantam.ch\\\/de\\\/#organization\",\"name\":\"Bantam Camping AG\",\"url\":\"https:\\\/\\\/shop.bantam.ch\\\/de\\\/\",\"logo\":{\"@type\":\"ImageObject\",\"inLanguage\":\"de\",\"@id\":\"https:\\\/\\\/shop.bantam.ch\\\/de\\\/#\\\/schema\\\/logo\\\/image\\\/\",\"url\":\"https:\\\/\\\/shop.bantam.ch\\\/wp-content\\\/uploads\\\/2022\\\/12\\\/bantam-logo.png\",\"contentUrl\":\"https:\\\/\\\/shop.bantam.ch\\\/wp-content\\\/uploads\\\/2022\\\/12\\\/bantam-logo.png\",\"width\":320,\"height\":71,\"caption\":\"Bantam Camping AG\"},\"image\":{\"@id\":\"https:\\\/\\\/shop.bantam.ch\\\/de\\\/#\\\/schema\\\/logo\\\/image\\\/\"}}]}<\/script>\n<!-- \/ Yoast SEO plugin. -->","yoast_head_json":{"title":"Spezial Caravan Spiegel Mercedes Benz - Bantam Camping AG","robots":{"index":"index","follow":"follow","max-snippet":"max-snippet:-1","max-image-preview":"max-image-preview:large","max-video-preview":"max-video-preview:-1"},"canonical":"https:\/\/shop.bantam.ch\/de\/produkt\/spezial-caravan-spiegel-mercedes-benz\/","og_locale":"de_DE","og_type":"article","og_title":"Spezial Caravan Spiegel Mercedes Benz - Bantam Camping AG","og_description":"Die speziell , auf den jeweiligen Fahrzeugspiegel angepasste Halterung oder Spiegel (Aluminium-Guss-Form), erm\u00f6glicht eine passgenaue Montage und gew\u00e4hrleistet einen perfekten Sitz ohne Vibration. Blitzschnelle Montage ohne Werkzeug. Alle Bestandteile der Spiegel sind aus korrosionsbest\u00e4ndigen Materialen gefertigt und gew\u00e4hrleisten eine hohe Langlebigkeit. Ihre Vorteile:EMUK Spiegel sind vom Fahrer- und Beifahrersitz einstellbar, bieten ein klares, vibrations freies [&hellip;]","og_url":"https:\/\/shop.bantam.ch\/de\/produkt\/spezial-caravan-spiegel-mercedes-benz\/","og_site_name":"Bantam Camping AG","article_modified_time":"2026-04-18T20:33:59+00:00","og_image":[{"width":1000,"height":813,"url":"https:\/\/shop.bantam.ch\/wp-content\/uploads\/2023\/03\/9982783-Spezialspiegel_MB_C-Klasse_ab_10_08_MB_GLK_ab_Bj_10_08_MB_E-Klasse_ab_BJ_08_B-Klasse_W246_ab_11_2011-Standard-01.jpg","type":"image\/jpeg"}],"twitter_card":"summary_large_image","schema":{"@context":"https:\/\/schema.org","@graph":[{"@type":"WebPage","@id":"https:\/\/shop.bantam.ch\/de\/produkt\/spezial-caravan-spiegel-mercedes-benz\/","url":"https:\/\/shop.bantam.ch\/de\/produkt\/spezial-caravan-spiegel-mercedes-benz\/","name":"Spezial Caravan Spiegel Mercedes Benz - Bantam Camping AG","isPartOf":{"@id":"https:\/\/shop.bantam.ch\/de\/#website"},"primaryImageOfPage":{"@id":"https:\/\/shop.bantam.ch\/de\/produkt\/spezial-caravan-spiegel-mercedes-benz\/#primaryimage"},"image":{"@id":"https:\/\/shop.bantam.ch\/de\/produkt\/spezial-caravan-spiegel-mercedes-benz\/#primaryimage"},"thumbnailUrl":"https:\/\/shop.bantam.ch\/wp-content\/uploads\/2023\/03\/9982783-Spezialspiegel_MB_C-Klasse_ab_10_08_MB_GLK_ab_Bj_10_08_MB_E-Klasse_ab_BJ_08_B-Klasse_W246_ab_11_2011-Standard-01.jpg","datePublished":"2023-03-22T14:14:00+00:00","dateModified":"2026-04-18T20:33:59+00:00","breadcrumb":{"@id":"https:\/\/shop.bantam.ch\/de\/produkt\/spezial-caravan-spiegel-mercedes-benz\/#breadcrumb"},"inLanguage":"de","potentialAction":[{"@type":"ReadAction","target":["https:\/\/shop.bantam.ch\/de\/produkt\/spezial-caravan-spiegel-mercedes-benz\/"]}]},{"@type":"ImageObject","inLanguage":"de","@id":"https:\/\/shop.bantam.ch\/de\/produkt\/spezial-caravan-spiegel-mercedes-benz\/#primaryimage","url":"https:\/\/shop.bantam.ch\/wp-content\/uploads\/2023\/03\/9982783-Spezialspiegel_MB_C-Klasse_ab_10_08_MB_GLK_ab_Bj_10_08_MB_E-Klasse_ab_BJ_08_B-Klasse_W246_ab_11_2011-Standard-01.jpg","contentUrl":"https:\/\/shop.bantam.ch\/wp-content\/uploads\/2023\/03\/9982783-Spezialspiegel_MB_C-Klasse_ab_10_08_MB_GLK_ab_Bj_10_08_MB_E-Klasse_ab_BJ_08_B-Klasse_W246_ab_11_2011-Standard-01.jpg","width":1000,"height":813},{"@type":"BreadcrumbList","@id":"https:\/\/shop.bantam.ch\/de\/produkt\/spezial-caravan-spiegel-mercedes-benz\/#breadcrumb","itemListElement":[{"@type":"ListItem","position":1,"name":"Accueil","item":"https:\/\/shop.bantam.ch\/de\/"},{"@type":"ListItem","position":2,"name":"Shop","item":"https:\/\/shop.bantam.ch\/de\/shop\/"},{"@type":"ListItem","position":3,"name":"Spezial Caravan Spiegel Mercedes Benz"}]},{"@type":"WebSite","@id":"https:\/\/shop.bantam.ch\/de\/#website","url":"https:\/\/shop.bantam.ch\/de\/","name":"Bantam Camping AG","description":"","publisher":{"@id":"https:\/\/shop.bantam.ch\/de\/#organization"},"inLanguage":"de"},{"@type":"Organization","@id":"https:\/\/shop.bantam.ch\/de\/#organization","name":"Bantam Camping AG","url":"https:\/\/shop.bantam.ch\/de\/","logo":{"@type":"ImageObject","inLanguage":"de","@id":"https:\/\/shop.bantam.ch\/de\/#\/schema\/logo\/image\/","url":"https:\/\/shop.bantam.ch\/wp-content\/uploads\/2022\/12\/bantam-logo.png","contentUrl":"https:\/\/shop.bantam.ch\/wp-content\/uploads\/2022\/12\/bantam-logo.png","width":320,"height":71,"caption":"Bantam Camping AG"},"image":{"@id":"https:\/\/shop.bantam.ch\/de\/#\/schema\/logo\/image\/"}}]}},"_links":{"self":[{"href":"https:\/\/shop.bantam.ch\/de\/wp-json\/wp\/v2\/product\/153834","targetHints":{"allow":["GET"]}}],"collection":[{"href":"https:\/\/shop.bantam.ch\/de\/wp-json\/wp\/v2\/product"}],"about":[{"href":"https:\/\/shop.bantam.ch\/de\/wp-json\/wp\/v2\/types\/product"}],"wp:featuredmedia":[{"embeddable":true,"href":"https:\/\/shop.bantam.ch\/de\/wp-json\/wp\/v2\/media\/153822"}],"wp:attachment":[{"href":"https:\/\/shop.bantam.ch\/de\/wp-json\/wp\/v2\/media?parent=153834"}],"wp:term":[{"taxonomy":"product_featured_cat","embeddable":true,"href":"https:\/\/shop.bantam.ch\/de\/wp-json\/wp\/v2\/product_featured_cat?post=153834"},{"taxonomy":"product_brand","embeddable":true,"href":"https:\/\/shop.bantam.ch\/de\/wp-json\/wp\/v2\/product_brand?post=153834"},{"taxonomy":"product_cat","embeddable":true,"href":"https:\/\/shop.bantam.ch\/de\/wp-json\/wp\/v2\/product_cat?post=153834"},{"taxonomy":"product_tag","embeddable":true,"href":"https:\/\/shop.bantam.ch\/de\/wp-json\/wp\/v2\/product_tag?post=153834"}],"curies":[{"name":"wp","href":"https:\/\/api.w.org\/{rel}","templated":true}]}}