{"id":153798,"date":"2023-03-22T15:12:00","date_gmt":"2023-03-22T14:12:00","guid":{"rendered":"https:\/\/shop.bantam.ch\/produit\/sackmarkise-thule-omnistor-1200\/"},"modified":"2026-04-18T22:32:38","modified_gmt":"2026-04-18T20:32:38","slug":"sackmarkise-thule-omnistor-1200","status":"publish","type":"product","link":"https:\/\/shop.bantam.ch\/de\/produkt\/sackmarkise-thule-omnistor-1200\/","title":{"rendered":"Sackmarkise Thule Omnistor 1200"},"content":{"rendered":"<ul>\n<li>Manuelle Markise speziell f\u00fcr Wohnwagen zur Montage in der Kederschiene<\/li>\n<li>Einfacher und schneller Aufbau, durch gleichzeitiges Ausschwenken der St\u00fctzbeine und Spannarme<\/li>\n<li>Exklusives Tuchspann-System mit Ratschenhebel-Technologie garantiert perfekte Tuchspannung und einfache Bedienung zugleich<\/li>\n<li>Hohe Stabilit\u00e4t dank Tuchrolle mit integrierten Spannarmen und St\u00fctzf\u00fc\u00dfen<\/li>\n<li>Verf\u00fcgt \u00fcber eine integrierte Befestigung f\u00fcr einen optionalen dritten St\u00fctzfu\u00df (9909625, ab 350 cm Markisenl\u00e4nge)<\/li>\n<li>Ab einer Markisenl\u00e4nge von 400 cm wird eine zus\u00e4tzliche mittlere Spannstange mitgeliefert<\/li>\n<\/ul>\n<p>Optionales Zubeh\u00f6r<\/p>\n<ul>\n<li>Windscreen, Rain-, Sun- und View-Blocker, LED, Hold Down Kit, Side Strap Kit, Tension Rafter<\/li>\n<li>Zelt QuickFit (Befestigungsm\u00f6glichkeit ist in der Markise integriert)<\/li>\n<\/ul>\n<p>Material<\/p>\n<ul>\n<li>Tuch PVC<\/li>\n<\/ul>\n","protected":false},"excerpt":{"rendered":"<p>Manuelle Markise speziell f\u00fcr Wohnwagen zur Montage in der Kederschiene Einfacher und schneller Aufbau, durch gleichzeitiges Ausschwenken der St\u00fctzbeine und Spannarme Exklusives Tuchspann-System mit Ratschenhebel-Technologie garantiert perfekte Tuchspannung und einfache Bedienung zugleich Hohe Stabilit\u00e4t dank Tuchrolle mit integrierten Spannarmen und St\u00fctzf\u00fc\u00dfen Verf\u00fcgt \u00fcber eine integrierte Befestigung f\u00fcr einen optionalen dritten St\u00fctzfu\u00df (9909625, ab 350 cm [&hellip;]<\/p>\n","protected":false},"featured_media":153722,"template":"","meta":{"_acf_changed":false},"product_featured_cat":[],"product_brand":[3047],"product_cat":[4216],"product_tag":[],"class_list":{"0":"post-153798","1":"product","2":"type-product","3":"status-publish","4":"has-post-thumbnail","6":"product_brand-thule-de","7":"product_cat-sackmarkisen","9":"first","10":"instock","11":"taxable","12":"shipping-taxable","13":"purchasable","14":"product-type-variable"},"acf":[],"yoast_head":"<!-- This site is optimized with the Yoast SEO plugin v27.4 - https:\/\/yoast.com\/product\/yoast-seo-wordpress\/ -->\n<title>Sackmarkise Thule Omnistor 1200 - Bantam Camping AG<\/title>\n<meta name=\"robots\" content=\"index, follow, max-snippet:-1, max-image-preview:large, max-video-preview:-1\" \/>\n<link rel=\"canonical\" href=\"https:\/\/shop.bantam.ch\/de\/produkt\/sackmarkise-thule-omnistor-1200\/\" \/>\n<meta property=\"og:locale\" content=\"de_DE\" \/>\n<meta property=\"og:type\" content=\"article\" \/>\n<meta property=\"og:title\" content=\"Sackmarkise Thule Omnistor 1200 - Bantam Camping AG\" \/>\n<meta property=\"og:description\" content=\"Manuelle Markise speziell f\u00fcr Wohnwagen zur Montage in der Kederschiene Einfacher und schneller Aufbau, durch gleichzeitiges Ausschwenken der St\u00fctzbeine und Spannarme Exklusives Tuchspann-System mit Ratschenhebel-Technologie garantiert perfekte Tuchspannung und einfache Bedienung zugleich Hohe Stabilit\u00e4t dank Tuchrolle mit integrierten Spannarmen und St\u00fctzf\u00fc\u00dfen Verf\u00fcgt \u00fcber eine integrierte Befestigung f\u00fcr einen optionalen dritten St\u00fctzfu\u00df (9909625, ab 350 cm [&hellip;]\" \/>\n<meta property=\"og:url\" content=\"https:\/\/shop.bantam.ch\/de\/produkt\/sackmarkise-thule-omnistor-1200\/\" \/>\n<meta property=\"og:site_name\" content=\"Bantam Camping AG\" \/>\n<meta property=\"article:modified_time\" content=\"2026-04-18T20:32:38+00:00\" \/>\n<meta property=\"og:image\" content=\"https:\/\/shop.bantam.ch\/wp-content\/uploads\/2023\/03\/9917736-Mark_OMNISTOR_1200_2_30_x_2_20_m_Fb_Saphir_Blau-Farbe-01.jpg\" \/>\n\t<meta property=\"og:image:width\" content=\"357\" \/>\n\t<meta property=\"og:image:height\" content=\"1000\" \/>\n\t<meta property=\"og:image:type\" content=\"image\/jpeg\" \/>\n<meta name=\"twitter:card\" content=\"summary_large_image\" \/>\n<meta name=\"twitter:label1\" content=\"Gesch\u00e4tzte Lesezeit\" \/>\n\t<meta name=\"twitter:data1\" content=\"1\u00a0Minute\" \/>\n<script type=\"application\/ld+json\" class=\"yoast-schema-graph\">{\"@context\":\"https:\\\/\\\/schema.org\",\"@graph\":[{\"@type\":\"WebPage\",\"@id\":\"https:\\\/\\\/shop.bantam.ch\\\/de\\\/produkt\\\/sackmarkise-thule-omnistor-1200\\\/\",\"url\":\"https:\\\/\\\/shop.bantam.ch\\\/de\\\/produkt\\\/sackmarkise-thule-omnistor-1200\\\/\",\"name\":\"Sackmarkise Thule Omnistor 1200 - Bantam Camping AG\",\"isPartOf\":{\"@id\":\"https:\\\/\\\/shop.bantam.ch\\\/de\\\/#website\"},\"primaryImageOfPage\":{\"@id\":\"https:\\\/\\\/shop.bantam.ch\\\/de\\\/produkt\\\/sackmarkise-thule-omnistor-1200\\\/#primaryimage\"},\"image\":{\"@id\":\"https:\\\/\\\/shop.bantam.ch\\\/de\\\/produkt\\\/sackmarkise-thule-omnistor-1200\\\/#primaryimage\"},\"thumbnailUrl\":\"https:\\\/\\\/shop.bantam.ch\\\/wp-content\\\/uploads\\\/2023\\\/03\\\/9917736-Mark_OMNISTOR_1200_2_30_x_2_20_m_Fb_Saphir_Blau-Farbe-01.jpg\",\"datePublished\":\"2023-03-22T14:12:00+00:00\",\"dateModified\":\"2026-04-18T20:32:38+00:00\",\"breadcrumb\":{\"@id\":\"https:\\\/\\\/shop.bantam.ch\\\/de\\\/produkt\\\/sackmarkise-thule-omnistor-1200\\\/#breadcrumb\"},\"inLanguage\":\"de\",\"potentialAction\":[{\"@type\":\"ReadAction\",\"target\":[\"https:\\\/\\\/shop.bantam.ch\\\/de\\\/produkt\\\/sackmarkise-thule-omnistor-1200\\\/\"]}]},{\"@type\":\"ImageObject\",\"inLanguage\":\"de\",\"@id\":\"https:\\\/\\\/shop.bantam.ch\\\/de\\\/produkt\\\/sackmarkise-thule-omnistor-1200\\\/#primaryimage\",\"url\":\"https:\\\/\\\/shop.bantam.ch\\\/wp-content\\\/uploads\\\/2023\\\/03\\\/9917736-Mark_OMNISTOR_1200_2_30_x_2_20_m_Fb_Saphir_Blau-Farbe-01.jpg\",\"contentUrl\":\"https:\\\/\\\/shop.bantam.ch\\\/wp-content\\\/uploads\\\/2023\\\/03\\\/9917736-Mark_OMNISTOR_1200_2_30_x_2_20_m_Fb_Saphir_Blau-Farbe-01.jpg\",\"width\":357,\"height\":1000},{\"@type\":\"BreadcrumbList\",\"@id\":\"https:\\\/\\\/shop.bantam.ch\\\/de\\\/produkt\\\/sackmarkise-thule-omnistor-1200\\\/#breadcrumb\",\"itemListElement\":[{\"@type\":\"ListItem\",\"position\":1,\"name\":\"Accueil\",\"item\":\"https:\\\/\\\/shop.bantam.ch\\\/de\\\/\"},{\"@type\":\"ListItem\",\"position\":2,\"name\":\"Shop\",\"item\":\"https:\\\/\\\/shop.bantam.ch\\\/de\\\/shop\\\/\"},{\"@type\":\"ListItem\",\"position\":3,\"name\":\"Sackmarkise Thule Omnistor 1200\"}]},{\"@type\":\"WebSite\",\"@id\":\"https:\\\/\\\/shop.bantam.ch\\\/de\\\/#website\",\"url\":\"https:\\\/\\\/shop.bantam.ch\\\/de\\\/\",\"name\":\"Bantam Camping AG\",\"description\":\"\",\"publisher\":{\"@id\":\"https:\\\/\\\/shop.bantam.ch\\\/de\\\/#organization\"},\"inLanguage\":\"de\"},{\"@type\":\"Organization\",\"@id\":\"https:\\\/\\\/shop.bantam.ch\\\/de\\\/#organization\",\"name\":\"Bantam Camping AG\",\"url\":\"https:\\\/\\\/shop.bantam.ch\\\/de\\\/\",\"logo\":{\"@type\":\"ImageObject\",\"inLanguage\":\"de\",\"@id\":\"https:\\\/\\\/shop.bantam.ch\\\/de\\\/#\\\/schema\\\/logo\\\/image\\\/\",\"url\":\"https:\\\/\\\/shop.bantam.ch\\\/wp-content\\\/uploads\\\/2022\\\/12\\\/bantam-logo.png\",\"contentUrl\":\"https:\\\/\\\/shop.bantam.ch\\\/wp-content\\\/uploads\\\/2022\\\/12\\\/bantam-logo.png\",\"width\":320,\"height\":71,\"caption\":\"Bantam Camping AG\"},\"image\":{\"@id\":\"https:\\\/\\\/shop.bantam.ch\\\/de\\\/#\\\/schema\\\/logo\\\/image\\\/\"}}]}<\/script>\n<!-- \/ Yoast SEO plugin. -->","yoast_head_json":{"title":"Sackmarkise Thule Omnistor 1200 - Bantam Camping AG","robots":{"index":"index","follow":"follow","max-snippet":"max-snippet:-1","max-image-preview":"max-image-preview:large","max-video-preview":"max-video-preview:-1"},"canonical":"https:\/\/shop.bantam.ch\/de\/produkt\/sackmarkise-thule-omnistor-1200\/","og_locale":"de_DE","og_type":"article","og_title":"Sackmarkise Thule Omnistor 1200 - Bantam Camping AG","og_description":"Manuelle Markise speziell f\u00fcr Wohnwagen zur Montage in der Kederschiene Einfacher und schneller Aufbau, durch gleichzeitiges Ausschwenken der St\u00fctzbeine und Spannarme Exklusives Tuchspann-System mit Ratschenhebel-Technologie garantiert perfekte Tuchspannung und einfache Bedienung zugleich Hohe Stabilit\u00e4t dank Tuchrolle mit integrierten Spannarmen und St\u00fctzf\u00fc\u00dfen Verf\u00fcgt \u00fcber eine integrierte Befestigung f\u00fcr einen optionalen dritten St\u00fctzfu\u00df (9909625, ab 350 cm [&hellip;]","og_url":"https:\/\/shop.bantam.ch\/de\/produkt\/sackmarkise-thule-omnistor-1200\/","og_site_name":"Bantam Camping AG","article_modified_time":"2026-04-18T20:32:38+00:00","og_image":[{"width":357,"height":1000,"url":"https:\/\/shop.bantam.ch\/wp-content\/uploads\/2023\/03\/9917736-Mark_OMNISTOR_1200_2_30_x_2_20_m_Fb_Saphir_Blau-Farbe-01.jpg","type":"image\/jpeg"}],"twitter_card":"summary_large_image","twitter_misc":{"Gesch\u00e4tzte Lesezeit":"1\u00a0Minute"},"schema":{"@context":"https:\/\/schema.org","@graph":[{"@type":"WebPage","@id":"https:\/\/shop.bantam.ch\/de\/produkt\/sackmarkise-thule-omnistor-1200\/","url":"https:\/\/shop.bantam.ch\/de\/produkt\/sackmarkise-thule-omnistor-1200\/","name":"Sackmarkise Thule Omnistor 1200 - Bantam Camping AG","isPartOf":{"@id":"https:\/\/shop.bantam.ch\/de\/#website"},"primaryImageOfPage":{"@id":"https:\/\/shop.bantam.ch\/de\/produkt\/sackmarkise-thule-omnistor-1200\/#primaryimage"},"image":{"@id":"https:\/\/shop.bantam.ch\/de\/produkt\/sackmarkise-thule-omnistor-1200\/#primaryimage"},"thumbnailUrl":"https:\/\/shop.bantam.ch\/wp-content\/uploads\/2023\/03\/9917736-Mark_OMNISTOR_1200_2_30_x_2_20_m_Fb_Saphir_Blau-Farbe-01.jpg","datePublished":"2023-03-22T14:12:00+00:00","dateModified":"2026-04-18T20:32:38+00:00","breadcrumb":{"@id":"https:\/\/shop.bantam.ch\/de\/produkt\/sackmarkise-thule-omnistor-1200\/#breadcrumb"},"inLanguage":"de","potentialAction":[{"@type":"ReadAction","target":["https:\/\/shop.bantam.ch\/de\/produkt\/sackmarkise-thule-omnistor-1200\/"]}]},{"@type":"ImageObject","inLanguage":"de","@id":"https:\/\/shop.bantam.ch\/de\/produkt\/sackmarkise-thule-omnistor-1200\/#primaryimage","url":"https:\/\/shop.bantam.ch\/wp-content\/uploads\/2023\/03\/9917736-Mark_OMNISTOR_1200_2_30_x_2_20_m_Fb_Saphir_Blau-Farbe-01.jpg","contentUrl":"https:\/\/shop.bantam.ch\/wp-content\/uploads\/2023\/03\/9917736-Mark_OMNISTOR_1200_2_30_x_2_20_m_Fb_Saphir_Blau-Farbe-01.jpg","width":357,"height":1000},{"@type":"BreadcrumbList","@id":"https:\/\/shop.bantam.ch\/de\/produkt\/sackmarkise-thule-omnistor-1200\/#breadcrumb","itemListElement":[{"@type":"ListItem","position":1,"name":"Accueil","item":"https:\/\/shop.bantam.ch\/de\/"},{"@type":"ListItem","position":2,"name":"Shop","item":"https:\/\/shop.bantam.ch\/de\/shop\/"},{"@type":"ListItem","position":3,"name":"Sackmarkise Thule Omnistor 1200"}]},{"@type":"WebSite","@id":"https:\/\/shop.bantam.ch\/de\/#website","url":"https:\/\/shop.bantam.ch\/de\/","name":"Bantam Camping AG","description":"","publisher":{"@id":"https:\/\/shop.bantam.ch\/de\/#organization"},"inLanguage":"de"},{"@type":"Organization","@id":"https:\/\/shop.bantam.ch\/de\/#organization","name":"Bantam Camping AG","url":"https:\/\/shop.bantam.ch\/de\/","logo":{"@type":"ImageObject","inLanguage":"de","@id":"https:\/\/shop.bantam.ch\/de\/#\/schema\/logo\/image\/","url":"https:\/\/shop.bantam.ch\/wp-content\/uploads\/2022\/12\/bantam-logo.png","contentUrl":"https:\/\/shop.bantam.ch\/wp-content\/uploads\/2022\/12\/bantam-logo.png","width":320,"height":71,"caption":"Bantam Camping AG"},"image":{"@id":"https:\/\/shop.bantam.ch\/de\/#\/schema\/logo\/image\/"}}]}},"_links":{"self":[{"href":"https:\/\/shop.bantam.ch\/de\/wp-json\/wp\/v2\/product\/153798","targetHints":{"allow":["GET"]}}],"collection":[{"href":"https:\/\/shop.bantam.ch\/de\/wp-json\/wp\/v2\/product"}],"about":[{"href":"https:\/\/shop.bantam.ch\/de\/wp-json\/wp\/v2\/types\/product"}],"wp:featuredmedia":[{"embeddable":true,"href":"https:\/\/shop.bantam.ch\/de\/wp-json\/wp\/v2\/media\/153722"}],"wp:attachment":[{"href":"https:\/\/shop.bantam.ch\/de\/wp-json\/wp\/v2\/media?parent=153798"}],"wp:term":[{"taxonomy":"product_featured_cat","embeddable":true,"href":"https:\/\/shop.bantam.ch\/de\/wp-json\/wp\/v2\/product_featured_cat?post=153798"},{"taxonomy":"product_brand","embeddable":true,"href":"https:\/\/shop.bantam.ch\/de\/wp-json\/wp\/v2\/product_brand?post=153798"},{"taxonomy":"product_cat","embeddable":true,"href":"https:\/\/shop.bantam.ch\/de\/wp-json\/wp\/v2\/product_cat?post=153798"},{"taxonomy":"product_tag","embeddable":true,"href":"https:\/\/shop.bantam.ch\/de\/wp-json\/wp\/v2\/product_tag?post=153798"}],"curies":[{"name":"wp","href":"https:\/\/api.w.org\/{rel}","templated":true}]}}