{"id":153644,"date":"2023-03-22T15:09:09","date_gmt":"2023-03-22T14:09:09","guid":{"rendered":"https:\/\/shop.bantam.ch\/produit\/wandmarkise-f45-s-gehaeusefarbe-titanium\/"},"modified":"2026-04-20T22:31:42","modified_gmt":"2026-04-20T20:31:42","slug":"wandmarkise-f45-s-gehaeusefarbe-titanium","status":"publish","type":"product","link":"https:\/\/shop.bantam.ch\/de\/produkt\/wandmarkise-f45-s-gehaeusefarbe-titanium\/","title":{"rendered":"Wandmarkise F45 S Geh\u00e4usefarbe titanium"},"content":{"rendered":"<p>Klassische Kurbelmarkise f\u00fcr die Wandmontage von Reisemobilen, Caravans, Vans oder Gel\u00e4ndewagen. <\/p>\n<p>Eigenschaften und Funktionen:<\/p>\n<ul>\n<li>Perfekte Tuchspannung, dank Rollenunter\u00adst\u00fctzung<\/li>\n<li>Verst\u00e4rkte Gelenkarme mit doppelter<\/li>\n<li>Seilspannung<\/li>\n<li>Verst\u00e4rkte St\u00fctzfu\u00dfgelenke<\/li>\n<li>Doppelte Kederf\u00fchrung in der Frontblende f\u00fcr die gleichzeitige Benutzung von Markisenvorzelt und z.B. Sun Blocker<\/li>\n<li>Regenrinne in der Frontblende<\/li>\n<li>Umfangreiches Zubeh\u00f6r, wie Markisenvorzelt, Sun- und Rainblocker LED Lichter usw.<\/li>\n<li>Auto-Lock = selbstblockierendes Sicherheitsgetriebe welches ein leises und schnelles \u00d6ffnen und Schlie\u00dfen erm\u00f6glicht<\/li>\n<li>Dual Security zeigt, dass die Frontblende korrekt verschlossen ist. Dual Shock-Absorber System sch\u00fctzt die Gelenkarme.<\/li>\n<li>Spezielle Adapter finden Sie in unserem Katalog<\/li>\n<\/ul>\n<p>Material:<br \/>aus PVC-Tuch<br \/>Geh\u00e4use: Aluminium<\/p>\n<p>\u00a0<\/p>\n<p>Lieferumfang:<br \/>inklusive Wandmontage Kit<\/p>\n","protected":false},"excerpt":{"rendered":"<p>Klassische Kurbelmarkise f\u00fcr die Wandmontage von Reisemobilen, Caravans, Vans oder Gel\u00e4ndewagen. Eigenschaften und Funktionen: Perfekte Tuchspannung, dank Rollenunter\u00adst\u00fctzung Verst\u00e4rkte Gelenkarme mit doppelter Seilspannung Verst\u00e4rkte St\u00fctzfu\u00dfgelenke Doppelte Kederf\u00fchrung in der Frontblende f\u00fcr die gleichzeitige Benutzung von Markisenvorzelt und z.B. Sun Blocker Regenrinne in der Frontblende Umfangreiches Zubeh\u00f6r, wie Markisenvorzelt, Sun- und Rainblocker LED Lichter usw. Auto-Lock [&hellip;]<\/p>\n","protected":false},"featured_media":153598,"template":"","meta":{"_acf_changed":false},"product_featured_cat":[],"product_brand":[3035],"product_cat":[4214],"product_tag":[],"class_list":{"0":"post-153644","1":"product","2":"type-product","3":"status-publish","4":"has-post-thumbnail","6":"product_brand-fiamma-de","7":"product_cat-markisen-dachseitenwand","9":"first","10":"instock","11":"taxable","12":"shipping-taxable","13":"purchasable","14":"product-type-variable"},"acf":[],"yoast_head":"<!-- This site is optimized with the Yoast SEO plugin v27.4 - https:\/\/yoast.com\/product\/yoast-seo-wordpress\/ -->\n<title>Wandmarkise F45 S Geh\u00e4usefarbe titanium - Bantam Camping AG<\/title>\n<meta name=\"robots\" content=\"index, follow, max-snippet:-1, max-image-preview:large, max-video-preview:-1\" \/>\n<link rel=\"canonical\" href=\"https:\/\/shop.bantam.ch\/de\/produkt\/wandmarkise-f45-s-gehaeusefarbe-titanium\/\" \/>\n<meta property=\"og:locale\" content=\"de_DE\" \/>\n<meta property=\"og:type\" content=\"article\" \/>\n<meta property=\"og:title\" content=\"Wandmarkise F45 S Geh\u00e4usefarbe titanium - Bantam Camping AG\" \/>\n<meta property=\"og:description\" content=\"Klassische Kurbelmarkise f\u00fcr die Wandmontage von Reisemobilen, Caravans, Vans oder Gel\u00e4ndewagen. Eigenschaften und Funktionen: Perfekte Tuchspannung, dank Rollenunter\u00adst\u00fctzung Verst\u00e4rkte Gelenkarme mit doppelter Seilspannung Verst\u00e4rkte St\u00fctzfu\u00dfgelenke Doppelte Kederf\u00fchrung in der Frontblende f\u00fcr die gleichzeitige Benutzung von Markisenvorzelt und z.B. Sun Blocker Regenrinne in der Frontblende Umfangreiches Zubeh\u00f6r, wie Markisenvorzelt, Sun- und Rainblocker LED Lichter usw. Auto-Lock [&hellip;]\" \/>\n<meta property=\"og:url\" content=\"https:\/\/shop.bantam.ch\/de\/produkt\/wandmarkise-f45-s-gehaeusefarbe-titanium\/\" \/>\n<meta property=\"og:site_name\" content=\"Bantam Camping AG\" \/>\n<meta property=\"article:modified_time\" content=\"2026-04-20T20:31:42+00:00\" \/>\n<meta property=\"og:image\" content=\"https:\/\/shop.bantam.ch\/wp-content\/uploads\/2023\/03\/992426211.jpg\" \/>\n\t<meta property=\"og:image:width\" content=\"1000\" \/>\n\t<meta property=\"og:image:height\" content=\"343\" \/>\n\t<meta property=\"og:image:type\" content=\"image\/jpeg\" \/>\n<meta name=\"twitter:card\" content=\"summary_large_image\" \/>\n<meta name=\"twitter:label1\" content=\"Gesch\u00e4tzte Lesezeit\" \/>\n\t<meta name=\"twitter:data1\" content=\"1\u00a0Minute\" \/>\n<script type=\"application\/ld+json\" class=\"yoast-schema-graph\">{\"@context\":\"https:\\\/\\\/schema.org\",\"@graph\":[{\"@type\":\"WebPage\",\"@id\":\"https:\\\/\\\/shop.bantam.ch\\\/de\\\/produkt\\\/wandmarkise-f45-s-gehaeusefarbe-titanium\\\/\",\"url\":\"https:\\\/\\\/shop.bantam.ch\\\/de\\\/produkt\\\/wandmarkise-f45-s-gehaeusefarbe-titanium\\\/\",\"name\":\"Wandmarkise F45 S Geh\u00e4usefarbe titanium - Bantam Camping AG\",\"isPartOf\":{\"@id\":\"https:\\\/\\\/shop.bantam.ch\\\/de\\\/#website\"},\"primaryImageOfPage\":{\"@id\":\"https:\\\/\\\/shop.bantam.ch\\\/de\\\/produkt\\\/wandmarkise-f45-s-gehaeusefarbe-titanium\\\/#primaryimage\"},\"image\":{\"@id\":\"https:\\\/\\\/shop.bantam.ch\\\/de\\\/produkt\\\/wandmarkise-f45-s-gehaeusefarbe-titanium\\\/#primaryimage\"},\"thumbnailUrl\":\"https:\\\/\\\/shop.bantam.ch\\\/wp-content\\\/uploads\\\/2023\\\/03\\\/992426211.jpg\",\"datePublished\":\"2023-03-22T14:09:09+00:00\",\"dateModified\":\"2026-04-20T20:31:42+00:00\",\"breadcrumb\":{\"@id\":\"https:\\\/\\\/shop.bantam.ch\\\/de\\\/produkt\\\/wandmarkise-f45-s-gehaeusefarbe-titanium\\\/#breadcrumb\"},\"inLanguage\":\"de\",\"potentialAction\":[{\"@type\":\"ReadAction\",\"target\":[\"https:\\\/\\\/shop.bantam.ch\\\/de\\\/produkt\\\/wandmarkise-f45-s-gehaeusefarbe-titanium\\\/\"]}]},{\"@type\":\"ImageObject\",\"inLanguage\":\"de\",\"@id\":\"https:\\\/\\\/shop.bantam.ch\\\/de\\\/produkt\\\/wandmarkise-f45-s-gehaeusefarbe-titanium\\\/#primaryimage\",\"url\":\"https:\\\/\\\/shop.bantam.ch\\\/wp-content\\\/uploads\\\/2023\\\/03\\\/992426211.jpg\",\"contentUrl\":\"https:\\\/\\\/shop.bantam.ch\\\/wp-content\\\/uploads\\\/2023\\\/03\\\/992426211.jpg\",\"width\":1000,\"height\":343},{\"@type\":\"BreadcrumbList\",\"@id\":\"https:\\\/\\\/shop.bantam.ch\\\/de\\\/produkt\\\/wandmarkise-f45-s-gehaeusefarbe-titanium\\\/#breadcrumb\",\"itemListElement\":[{\"@type\":\"ListItem\",\"position\":1,\"name\":\"Accueil\",\"item\":\"https:\\\/\\\/shop.bantam.ch\\\/de\\\/\"},{\"@type\":\"ListItem\",\"position\":2,\"name\":\"Shop\",\"item\":\"https:\\\/\\\/shop.bantam.ch\\\/de\\\/shop\\\/\"},{\"@type\":\"ListItem\",\"position\":3,\"name\":\"Wandmarkise F45 S Geh\u00e4usefarbe titanium\"}]},{\"@type\":\"WebSite\",\"@id\":\"https:\\\/\\\/shop.bantam.ch\\\/de\\\/#website\",\"url\":\"https:\\\/\\\/shop.bantam.ch\\\/de\\\/\",\"name\":\"Bantam Camping AG\",\"description\":\"\",\"publisher\":{\"@id\":\"https:\\\/\\\/shop.bantam.ch\\\/de\\\/#organization\"},\"inLanguage\":\"de\"},{\"@type\":\"Organization\",\"@id\":\"https:\\\/\\\/shop.bantam.ch\\\/de\\\/#organization\",\"name\":\"Bantam Camping AG\",\"url\":\"https:\\\/\\\/shop.bantam.ch\\\/de\\\/\",\"logo\":{\"@type\":\"ImageObject\",\"inLanguage\":\"de\",\"@id\":\"https:\\\/\\\/shop.bantam.ch\\\/de\\\/#\\\/schema\\\/logo\\\/image\\\/\",\"url\":\"https:\\\/\\\/shop.bantam.ch\\\/wp-content\\\/uploads\\\/2022\\\/12\\\/bantam-logo.png\",\"contentUrl\":\"https:\\\/\\\/shop.bantam.ch\\\/wp-content\\\/uploads\\\/2022\\\/12\\\/bantam-logo.png\",\"width\":320,\"height\":71,\"caption\":\"Bantam Camping AG\"},\"image\":{\"@id\":\"https:\\\/\\\/shop.bantam.ch\\\/de\\\/#\\\/schema\\\/logo\\\/image\\\/\"}}]}<\/script>\n<!-- \/ Yoast SEO plugin. -->","yoast_head_json":{"title":"Wandmarkise F45 S Geh\u00e4usefarbe titanium - Bantam Camping AG","robots":{"index":"index","follow":"follow","max-snippet":"max-snippet:-1","max-image-preview":"max-image-preview:large","max-video-preview":"max-video-preview:-1"},"canonical":"https:\/\/shop.bantam.ch\/de\/produkt\/wandmarkise-f45-s-gehaeusefarbe-titanium\/","og_locale":"de_DE","og_type":"article","og_title":"Wandmarkise F45 S Geh\u00e4usefarbe titanium - Bantam Camping AG","og_description":"Klassische Kurbelmarkise f\u00fcr die Wandmontage von Reisemobilen, Caravans, Vans oder Gel\u00e4ndewagen. Eigenschaften und Funktionen: Perfekte Tuchspannung, dank Rollenunter\u00adst\u00fctzung Verst\u00e4rkte Gelenkarme mit doppelter Seilspannung Verst\u00e4rkte St\u00fctzfu\u00dfgelenke Doppelte Kederf\u00fchrung in der Frontblende f\u00fcr die gleichzeitige Benutzung von Markisenvorzelt und z.B. Sun Blocker Regenrinne in der Frontblende Umfangreiches Zubeh\u00f6r, wie Markisenvorzelt, Sun- und Rainblocker LED Lichter usw. Auto-Lock [&hellip;]","og_url":"https:\/\/shop.bantam.ch\/de\/produkt\/wandmarkise-f45-s-gehaeusefarbe-titanium\/","og_site_name":"Bantam Camping AG","article_modified_time":"2026-04-20T20:31:42+00:00","og_image":[{"width":1000,"height":343,"url":"https:\/\/shop.bantam.ch\/wp-content\/uploads\/2023\/03\/992426211.jpg","type":"image\/jpeg"}],"twitter_card":"summary_large_image","twitter_misc":{"Gesch\u00e4tzte Lesezeit":"1\u00a0Minute"},"schema":{"@context":"https:\/\/schema.org","@graph":[{"@type":"WebPage","@id":"https:\/\/shop.bantam.ch\/de\/produkt\/wandmarkise-f45-s-gehaeusefarbe-titanium\/","url":"https:\/\/shop.bantam.ch\/de\/produkt\/wandmarkise-f45-s-gehaeusefarbe-titanium\/","name":"Wandmarkise F45 S Geh\u00e4usefarbe titanium - Bantam Camping AG","isPartOf":{"@id":"https:\/\/shop.bantam.ch\/de\/#website"},"primaryImageOfPage":{"@id":"https:\/\/shop.bantam.ch\/de\/produkt\/wandmarkise-f45-s-gehaeusefarbe-titanium\/#primaryimage"},"image":{"@id":"https:\/\/shop.bantam.ch\/de\/produkt\/wandmarkise-f45-s-gehaeusefarbe-titanium\/#primaryimage"},"thumbnailUrl":"https:\/\/shop.bantam.ch\/wp-content\/uploads\/2023\/03\/992426211.jpg","datePublished":"2023-03-22T14:09:09+00:00","dateModified":"2026-04-20T20:31:42+00:00","breadcrumb":{"@id":"https:\/\/shop.bantam.ch\/de\/produkt\/wandmarkise-f45-s-gehaeusefarbe-titanium\/#breadcrumb"},"inLanguage":"de","potentialAction":[{"@type":"ReadAction","target":["https:\/\/shop.bantam.ch\/de\/produkt\/wandmarkise-f45-s-gehaeusefarbe-titanium\/"]}]},{"@type":"ImageObject","inLanguage":"de","@id":"https:\/\/shop.bantam.ch\/de\/produkt\/wandmarkise-f45-s-gehaeusefarbe-titanium\/#primaryimage","url":"https:\/\/shop.bantam.ch\/wp-content\/uploads\/2023\/03\/992426211.jpg","contentUrl":"https:\/\/shop.bantam.ch\/wp-content\/uploads\/2023\/03\/992426211.jpg","width":1000,"height":343},{"@type":"BreadcrumbList","@id":"https:\/\/shop.bantam.ch\/de\/produkt\/wandmarkise-f45-s-gehaeusefarbe-titanium\/#breadcrumb","itemListElement":[{"@type":"ListItem","position":1,"name":"Accueil","item":"https:\/\/shop.bantam.ch\/de\/"},{"@type":"ListItem","position":2,"name":"Shop","item":"https:\/\/shop.bantam.ch\/de\/shop\/"},{"@type":"ListItem","position":3,"name":"Wandmarkise F45 S Geh\u00e4usefarbe titanium"}]},{"@type":"WebSite","@id":"https:\/\/shop.bantam.ch\/de\/#website","url":"https:\/\/shop.bantam.ch\/de\/","name":"Bantam Camping AG","description":"","publisher":{"@id":"https:\/\/shop.bantam.ch\/de\/#organization"},"inLanguage":"de"},{"@type":"Organization","@id":"https:\/\/shop.bantam.ch\/de\/#organization","name":"Bantam Camping AG","url":"https:\/\/shop.bantam.ch\/de\/","logo":{"@type":"ImageObject","inLanguage":"de","@id":"https:\/\/shop.bantam.ch\/de\/#\/schema\/logo\/image\/","url":"https:\/\/shop.bantam.ch\/wp-content\/uploads\/2022\/12\/bantam-logo.png","contentUrl":"https:\/\/shop.bantam.ch\/wp-content\/uploads\/2022\/12\/bantam-logo.png","width":320,"height":71,"caption":"Bantam Camping AG"},"image":{"@id":"https:\/\/shop.bantam.ch\/de\/#\/schema\/logo\/image\/"}}]}},"_links":{"self":[{"href":"https:\/\/shop.bantam.ch\/de\/wp-json\/wp\/v2\/product\/153644","targetHints":{"allow":["GET"]}}],"collection":[{"href":"https:\/\/shop.bantam.ch\/de\/wp-json\/wp\/v2\/product"}],"about":[{"href":"https:\/\/shop.bantam.ch\/de\/wp-json\/wp\/v2\/types\/product"}],"wp:featuredmedia":[{"embeddable":true,"href":"https:\/\/shop.bantam.ch\/de\/wp-json\/wp\/v2\/media\/153598"}],"wp:attachment":[{"href":"https:\/\/shop.bantam.ch\/de\/wp-json\/wp\/v2\/media?parent=153644"}],"wp:term":[{"taxonomy":"product_featured_cat","embeddable":true,"href":"https:\/\/shop.bantam.ch\/de\/wp-json\/wp\/v2\/product_featured_cat?post=153644"},{"taxonomy":"product_brand","embeddable":true,"href":"https:\/\/shop.bantam.ch\/de\/wp-json\/wp\/v2\/product_brand?post=153644"},{"taxonomy":"product_cat","embeddable":true,"href":"https:\/\/shop.bantam.ch\/de\/wp-json\/wp\/v2\/product_cat?post=153644"},{"taxonomy":"product_tag","embeddable":true,"href":"https:\/\/shop.bantam.ch\/de\/wp-json\/wp\/v2\/product_tag?post=153644"}],"curies":[{"name":"wp","href":"https:\/\/api.w.org\/{rel}","templated":true}]}}