{"id":153536,"date":"2023-03-22T15:06:21","date_gmt":"2023-03-22T14:06:21","guid":{"rendered":"https:\/\/shop.bantam.ch\/produit\/dachmarkise-omnistor-6300-gehaeuse-silber\/"},"modified":"2026-05-02T22:25:13","modified_gmt":"2026-05-02T20:25:13","slug":"dachmarkise-omnistor-6300-gehaeuse-silber","status":"publish","type":"product","link":"https:\/\/shop.bantam.ch\/de\/produkt\/dachmarkise-omnistor-6300-gehaeuse-silber\/","title":{"rendered":"Dachmarkise Omnistor 6300 Geh\u00e4use silber"},"content":{"rendered":"<ul>\n<li>ohne Motor<\/li>\n<li>Auszug bis zu 2,50 m f\u00fcr einen gr\u00f6\u00dferen privaten Bereich und zum Schutz vor Sonne und Regen\u00a0<\/li>\n<li>Mit praktischem Quick Lock-System zur einfachen Montage und Einstellung der St\u00fctzf\u00fc\u00dfe\u00a0<\/li>\n<li>Ausfallwinkel flexibel einstellbar, so kann die Markise ge\u00f6ffnet und geschlossen werden, selbst wenn die Schiebet\u00fcr ge\u00f6ffnet ist\u00a0<\/li>\n<li>Frontprofil mit Ablaufsystem f\u00fcr Abwasser und Abfall f\u00fcr einfache Reinigung\u00a0<\/li>\n<li>Wenn die Keder-Schiene f\u00fcr den anderweitigen Gebrauch freigehalten werden muss (z. B. ein Vorzelt), ist eine dachmontierte Markise die perfekte L\u00f6sung\u00a0<\/li>\n<li>In verschiedenen Gr\u00f6\u00dfen, Geh\u00e4use- und Tuchfarben erh\u00e4ltlich<\/li>\n<\/ul>\n<p>Material:<\/p>\n<ul>\n<li>Markise PVC<\/li>\n<li>Geh\u00e4use Aluminium<\/li>\n<\/ul>\n","protected":false},"excerpt":{"rendered":"<p>ohne Motor Auszug bis zu 2,50 m f\u00fcr einen gr\u00f6\u00dferen privaten Bereich und zum Schutz vor Sonne und Regen\u00a0 Mit praktischem Quick Lock-System zur einfachen Montage und Einstellung der St\u00fctzf\u00fc\u00dfe\u00a0 Ausfallwinkel flexibel einstellbar, so kann die Markise ge\u00f6ffnet und geschlossen werden, selbst wenn die Schiebet\u00fcr ge\u00f6ffnet ist\u00a0 Frontprofil mit Ablaufsystem f\u00fcr Abwasser und Abfall f\u00fcr [&hellip;]<\/p>\n","protected":false},"featured_media":153490,"template":"","meta":{"_acf_changed":false},"product_featured_cat":[],"product_brand":[3047],"product_cat":[4214],"product_tag":[],"class_list":{"0":"post-153536","1":"product","2":"type-product","3":"status-publish","4":"has-post-thumbnail","6":"product_brand-thule-de","7":"product_cat-markisen-dachseitenwand","9":"first","10":"instock","11":"taxable","12":"shipping-taxable","13":"purchasable","14":"product-type-variable"},"acf":[],"yoast_head":"<!-- This site is optimized with the Yoast SEO plugin v27.5 - https:\/\/yoast.com\/product\/yoast-seo-wordpress\/ -->\n<title>Dachmarkise Omnistor 6300 Geh\u00e4use silber - Bantam<\/title>\n<meta name=\"robots\" content=\"index, follow, max-snippet:-1, max-image-preview:large, max-video-preview:-1\" \/>\n<link rel=\"canonical\" href=\"https:\/\/shop.bantam.ch\/de\/produkt\/dachmarkise-omnistor-6300-gehaeuse-silber\/\" \/>\n<meta property=\"og:locale\" content=\"de_DE\" \/>\n<meta property=\"og:type\" content=\"article\" \/>\n<meta property=\"og:title\" content=\"Dachmarkise Omnistor 6300 Geh\u00e4use silber - Bantam\" \/>\n<meta property=\"og:description\" content=\"ohne Motor Auszug bis zu 2,50 m f\u00fcr einen gr\u00f6\u00dferen privaten Bereich und zum Schutz vor Sonne und Regen\u00a0 Mit praktischem Quick Lock-System zur einfachen Montage und Einstellung der St\u00fctzf\u00fc\u00dfe\u00a0 Ausfallwinkel flexibel einstellbar, so kann die Markise ge\u00f6ffnet und geschlossen werden, selbst wenn die Schiebet\u00fcr ge\u00f6ffnet ist\u00a0 Frontprofil mit Ablaufsystem f\u00fcr Abwasser und Abfall f\u00fcr [&hellip;]\" \/>\n<meta property=\"og:url\" content=\"https:\/\/shop.bantam.ch\/de\/produkt\/dachmarkise-omnistor-6300-gehaeuse-silber\/\" \/>\n<meta property=\"og:site_name\" content=\"Bantam\" \/>\n<meta property=\"article:modified_time\" content=\"2026-05-02T20:25:13+00:00\" \/>\n<meta property=\"og:image\" content=\"https:\/\/shop.bantam.ch\/wp-content\/uploads\/2023\/03\/995479733-15.jpg\" \/>\n\t<meta property=\"og:image:width\" content=\"357\" \/>\n\t<meta property=\"og:image:height\" content=\"1000\" \/>\n\t<meta property=\"og:image:type\" content=\"image\/jpeg\" \/>\n<meta name=\"twitter:card\" content=\"summary_large_image\" \/>\n<meta name=\"twitter:label1\" content=\"Gesch\u00e4tzte Lesezeit\" \/>\n\t<meta name=\"twitter:data1\" content=\"1\u00a0Minute\" \/>\n<script type=\"application\/ld+json\" class=\"yoast-schema-graph\">{\"@context\":\"https:\\\/\\\/schema.org\",\"@graph\":[{\"@type\":\"WebPage\",\"@id\":\"https:\\\/\\\/shop.bantam.ch\\\/de\\\/produkt\\\/dachmarkise-omnistor-6300-gehaeuse-silber\\\/\",\"url\":\"https:\\\/\\\/shop.bantam.ch\\\/de\\\/produkt\\\/dachmarkise-omnistor-6300-gehaeuse-silber\\\/\",\"name\":\"Dachmarkise Omnistor 6300 Geh\u00e4use silber - Bantam\",\"isPartOf\":{\"@id\":\"https:\\\/\\\/shop.bantam.ch\\\/de\\\/#website\"},\"primaryImageOfPage\":{\"@id\":\"https:\\\/\\\/shop.bantam.ch\\\/de\\\/produkt\\\/dachmarkise-omnistor-6300-gehaeuse-silber\\\/#primaryimage\"},\"image\":{\"@id\":\"https:\\\/\\\/shop.bantam.ch\\\/de\\\/produkt\\\/dachmarkise-omnistor-6300-gehaeuse-silber\\\/#primaryimage\"},\"thumbnailUrl\":\"https:\\\/\\\/shop.bantam.ch\\\/wp-content\\\/uploads\\\/2023\\\/03\\\/995479733-15.jpg\",\"datePublished\":\"2023-03-22T14:06:21+00:00\",\"dateModified\":\"2026-05-02T20:25:13+00:00\",\"breadcrumb\":{\"@id\":\"https:\\\/\\\/shop.bantam.ch\\\/de\\\/produkt\\\/dachmarkise-omnistor-6300-gehaeuse-silber\\\/#breadcrumb\"},\"inLanguage\":\"de\",\"potentialAction\":[{\"@type\":\"ReadAction\",\"target\":[\"https:\\\/\\\/shop.bantam.ch\\\/de\\\/produkt\\\/dachmarkise-omnistor-6300-gehaeuse-silber\\\/\"]}]},{\"@type\":\"ImageObject\",\"inLanguage\":\"de\",\"@id\":\"https:\\\/\\\/shop.bantam.ch\\\/de\\\/produkt\\\/dachmarkise-omnistor-6300-gehaeuse-silber\\\/#primaryimage\",\"url\":\"https:\\\/\\\/shop.bantam.ch\\\/wp-content\\\/uploads\\\/2023\\\/03\\\/995479733-15.jpg\",\"contentUrl\":\"https:\\\/\\\/shop.bantam.ch\\\/wp-content\\\/uploads\\\/2023\\\/03\\\/995479733-15.jpg\",\"width\":357,\"height\":1000},{\"@type\":\"BreadcrumbList\",\"@id\":\"https:\\\/\\\/shop.bantam.ch\\\/de\\\/produkt\\\/dachmarkise-omnistor-6300-gehaeuse-silber\\\/#breadcrumb\",\"itemListElement\":[{\"@type\":\"ListItem\",\"position\":1,\"name\":\"Accueil\",\"item\":\"https:\\\/\\\/shop.bantam.ch\\\/de\\\/\"},{\"@type\":\"ListItem\",\"position\":2,\"name\":\"Shop\",\"item\":\"https:\\\/\\\/shop.bantam.ch\\\/de\\\/shop\\\/\"},{\"@type\":\"ListItem\",\"position\":3,\"name\":\"Dachmarkise Omnistor 6300 Geh\u00e4use silber\"}]},{\"@type\":\"WebSite\",\"@id\":\"https:\\\/\\\/shop.bantam.ch\\\/de\\\/#website\",\"url\":\"https:\\\/\\\/shop.bantam.ch\\\/de\\\/\",\"name\":\"Bantam\",\"description\":\"\",\"publisher\":{\"@id\":\"https:\\\/\\\/shop.bantam.ch\\\/de\\\/#organization\"},\"inLanguage\":\"de\"},{\"@type\":\"Organization\",\"@id\":\"https:\\\/\\\/shop.bantam.ch\\\/de\\\/#organization\",\"name\":\"Bantam\",\"url\":\"https:\\\/\\\/shop.bantam.ch\\\/de\\\/\",\"logo\":{\"@type\":\"ImageObject\",\"inLanguage\":\"de\",\"@id\":\"https:\\\/\\\/shop.bantam.ch\\\/de\\\/#\\\/schema\\\/logo\\\/image\\\/\",\"url\":\"https:\\\/\\\/shop.bantam.ch\\\/wp-content\\\/uploads\\\/2022\\\/12\\\/bantam-logo.png\",\"contentUrl\":\"https:\\\/\\\/shop.bantam.ch\\\/wp-content\\\/uploads\\\/2022\\\/12\\\/bantam-logo.png\",\"width\":320,\"height\":71,\"caption\":\"Bantam\"},\"image\":{\"@id\":\"https:\\\/\\\/shop.bantam.ch\\\/de\\\/#\\\/schema\\\/logo\\\/image\\\/\"}}]}<\/script>\n<!-- \/ Yoast SEO plugin. -->","yoast_head_json":{"title":"Dachmarkise Omnistor 6300 Geh\u00e4use silber - Bantam","robots":{"index":"index","follow":"follow","max-snippet":"max-snippet:-1","max-image-preview":"max-image-preview:large","max-video-preview":"max-video-preview:-1"},"canonical":"https:\/\/shop.bantam.ch\/de\/produkt\/dachmarkise-omnistor-6300-gehaeuse-silber\/","og_locale":"de_DE","og_type":"article","og_title":"Dachmarkise Omnistor 6300 Geh\u00e4use silber - Bantam","og_description":"ohne Motor Auszug bis zu 2,50 m f\u00fcr einen gr\u00f6\u00dferen privaten Bereich und zum Schutz vor Sonne und Regen\u00a0 Mit praktischem Quick Lock-System zur einfachen Montage und Einstellung der St\u00fctzf\u00fc\u00dfe\u00a0 Ausfallwinkel flexibel einstellbar, so kann die Markise ge\u00f6ffnet und geschlossen werden, selbst wenn die Schiebet\u00fcr ge\u00f6ffnet ist\u00a0 Frontprofil mit Ablaufsystem f\u00fcr Abwasser und Abfall f\u00fcr [&hellip;]","og_url":"https:\/\/shop.bantam.ch\/de\/produkt\/dachmarkise-omnistor-6300-gehaeuse-silber\/","og_site_name":"Bantam","article_modified_time":"2026-05-02T20:25:13+00:00","og_image":[{"width":357,"height":1000,"url":"https:\/\/shop.bantam.ch\/wp-content\/uploads\/2023\/03\/995479733-15.jpg","type":"image\/jpeg"}],"twitter_card":"summary_large_image","twitter_misc":{"Gesch\u00e4tzte Lesezeit":"1\u00a0Minute"},"schema":{"@context":"https:\/\/schema.org","@graph":[{"@type":"WebPage","@id":"https:\/\/shop.bantam.ch\/de\/produkt\/dachmarkise-omnistor-6300-gehaeuse-silber\/","url":"https:\/\/shop.bantam.ch\/de\/produkt\/dachmarkise-omnistor-6300-gehaeuse-silber\/","name":"Dachmarkise Omnistor 6300 Geh\u00e4use silber - Bantam","isPartOf":{"@id":"https:\/\/shop.bantam.ch\/de\/#website"},"primaryImageOfPage":{"@id":"https:\/\/shop.bantam.ch\/de\/produkt\/dachmarkise-omnistor-6300-gehaeuse-silber\/#primaryimage"},"image":{"@id":"https:\/\/shop.bantam.ch\/de\/produkt\/dachmarkise-omnistor-6300-gehaeuse-silber\/#primaryimage"},"thumbnailUrl":"https:\/\/shop.bantam.ch\/wp-content\/uploads\/2023\/03\/995479733-15.jpg","datePublished":"2023-03-22T14:06:21+00:00","dateModified":"2026-05-02T20:25:13+00:00","breadcrumb":{"@id":"https:\/\/shop.bantam.ch\/de\/produkt\/dachmarkise-omnistor-6300-gehaeuse-silber\/#breadcrumb"},"inLanguage":"de","potentialAction":[{"@type":"ReadAction","target":["https:\/\/shop.bantam.ch\/de\/produkt\/dachmarkise-omnistor-6300-gehaeuse-silber\/"]}]},{"@type":"ImageObject","inLanguage":"de","@id":"https:\/\/shop.bantam.ch\/de\/produkt\/dachmarkise-omnistor-6300-gehaeuse-silber\/#primaryimage","url":"https:\/\/shop.bantam.ch\/wp-content\/uploads\/2023\/03\/995479733-15.jpg","contentUrl":"https:\/\/shop.bantam.ch\/wp-content\/uploads\/2023\/03\/995479733-15.jpg","width":357,"height":1000},{"@type":"BreadcrumbList","@id":"https:\/\/shop.bantam.ch\/de\/produkt\/dachmarkise-omnistor-6300-gehaeuse-silber\/#breadcrumb","itemListElement":[{"@type":"ListItem","position":1,"name":"Accueil","item":"https:\/\/shop.bantam.ch\/de\/"},{"@type":"ListItem","position":2,"name":"Shop","item":"https:\/\/shop.bantam.ch\/de\/shop\/"},{"@type":"ListItem","position":3,"name":"Dachmarkise Omnistor 6300 Geh\u00e4use silber"}]},{"@type":"WebSite","@id":"https:\/\/shop.bantam.ch\/de\/#website","url":"https:\/\/shop.bantam.ch\/de\/","name":"Bantam","description":"","publisher":{"@id":"https:\/\/shop.bantam.ch\/de\/#organization"},"inLanguage":"de"},{"@type":"Organization","@id":"https:\/\/shop.bantam.ch\/de\/#organization","name":"Bantam","url":"https:\/\/shop.bantam.ch\/de\/","logo":{"@type":"ImageObject","inLanguage":"de","@id":"https:\/\/shop.bantam.ch\/de\/#\/schema\/logo\/image\/","url":"https:\/\/shop.bantam.ch\/wp-content\/uploads\/2022\/12\/bantam-logo.png","contentUrl":"https:\/\/shop.bantam.ch\/wp-content\/uploads\/2022\/12\/bantam-logo.png","width":320,"height":71,"caption":"Bantam"},"image":{"@id":"https:\/\/shop.bantam.ch\/de\/#\/schema\/logo\/image\/"}}]}},"_links":{"self":[{"href":"https:\/\/shop.bantam.ch\/de\/wp-json\/wp\/v2\/product\/153536","targetHints":{"allow":["GET"]}}],"collection":[{"href":"https:\/\/shop.bantam.ch\/de\/wp-json\/wp\/v2\/product"}],"about":[{"href":"https:\/\/shop.bantam.ch\/de\/wp-json\/wp\/v2\/types\/product"}],"wp:featuredmedia":[{"embeddable":true,"href":"https:\/\/shop.bantam.ch\/de\/wp-json\/wp\/v2\/media\/153490"}],"wp:attachment":[{"href":"https:\/\/shop.bantam.ch\/de\/wp-json\/wp\/v2\/media?parent=153536"}],"wp:term":[{"taxonomy":"product_featured_cat","embeddable":true,"href":"https:\/\/shop.bantam.ch\/de\/wp-json\/wp\/v2\/product_featured_cat?post=153536"},{"taxonomy":"product_brand","embeddable":true,"href":"https:\/\/shop.bantam.ch\/de\/wp-json\/wp\/v2\/product_brand?post=153536"},{"taxonomy":"product_cat","embeddable":true,"href":"https:\/\/shop.bantam.ch\/de\/wp-json\/wp\/v2\/product_cat?post=153536"},{"taxonomy":"product_tag","embeddable":true,"href":"https:\/\/shop.bantam.ch\/de\/wp-json\/wp\/v2\/product_tag?post=153536"}],"curies":[{"name":"wp","href":"https:\/\/api.w.org\/{rel}","templated":true}]}}