{"id":153392,"date":"2023-03-22T15:02:29","date_gmt":"2023-03-22T14:02:29","guid":{"rendered":"https:\/\/shop.bantam.ch\/produit\/dachmarkise-omnistor-6300-fuer-fiat-ducato-h2-tuchfarbe-mystic-grey\/"},"modified":"2026-05-01T22:24:37","modified_gmt":"2026-05-01T20:24:37","slug":"dachmarkise-omnistor-6300-fuer-fiat-ducato-h2-tuchfarbe-mystic-grey","status":"publish","type":"product","link":"https:\/\/shop.bantam.ch\/de\/produkt\/dachmarkise-omnistor-6300-fuer-fiat-ducato-h2-tuchfarbe-mystic-grey\/","title":{"rendered":"Dachmarkise Omnistor 6300 f\u00fcr Fiat Ducato H2 Tuchfarbe mystic grey"},"content":{"rendered":"<ul>\n<li>Geeignet f\u00fcr Ducato-, Jumper- und Boxer-Vans mit Dachh\u00f6he H2 ab Baujahr 2007\u00a0<\/li>\n<li>Schnelle und einfache Montage ohne Bohren\u00a0<\/li>\n<li>Ausfallwinkel flexibel einstellbar, so kann die Markise ge\u00f6ffnet und geschlossen werden, selbst wenn die Schiebet\u00fcr ge\u00f6ffnet ist\u00a0<\/li>\n<li>Platz f\u00fcr die Thule LED-Beleuchtung ist geschaffen, so ist das Auto im Freien immer beleuchtet, auch wenn die Markise geschlossen ist\u00a0<\/li>\n<li>Ein selbstklebender Schaumstoff-Dichtstreifen zum Schlie\u00dfen des Spalts unter der Markise, damit Wassereintritt vermieden wird, geh\u00f6rt zum Lieferumfang\u00a0<\/li>\n<li>Perfekte Optik und Integration mit dem Fahrzeug dank der Adapterabdeckungen<\/li>\n<li>Nur erh\u00e4ltlich mit der Stofffarbe Mystic Grey<\/li>\n<\/ul>\n<p>Material<\/p>\n<ul>\n<li>Markise PVC<\/li>\n<li>Geh\u00e4use Aluminium<\/li>\n<\/ul>\n<p>Passende Markisenl\u00e4nge f\u00fcr Fiat Ducato H2 ab 07\/2006:<\/p>\n<ul>\n<li>3,25 m = Fahrzeugl\u00e4nge 5,43 m<\/li>\n<li>3,75 m = Fahrzeugl\u00e4nge 5,99 m<\/li>\n<li>4,00 m = Fahrzeugl\u00e4nge 6,36 m<\/li>\n<\/ul>\n<p>\u00a0<\/p>\n","protected":false},"excerpt":{"rendered":"<p>Geeignet f\u00fcr Ducato-, Jumper- und Boxer-Vans mit Dachh\u00f6he H2 ab Baujahr 2007\u00a0 Schnelle und einfache Montage ohne Bohren\u00a0 Ausfallwinkel flexibel einstellbar, so kann die Markise ge\u00f6ffnet und geschlossen werden, selbst wenn die Schiebet\u00fcr ge\u00f6ffnet ist\u00a0 Platz f\u00fcr die Thule LED-Beleuchtung ist geschaffen, so ist das Auto im Freien immer beleuchtet, auch wenn die Markise geschlossen [&hellip;]<\/p>\n","protected":false},"featured_media":153350,"template":"","meta":{"_acf_changed":false},"product_featured_cat":[],"product_brand":[3047],"product_cat":[4214],"product_tag":[],"class_list":{"0":"post-153392","1":"product","2":"type-product","3":"status-publish","4":"has-post-thumbnail","6":"product_brand-thule-de","7":"product_cat-markisen-dachseitenwand","9":"first","10":"instock","11":"taxable","12":"shipping-taxable","13":"purchasable","14":"product-type-variable"},"acf":[],"yoast_head":"<!-- This site is optimized with the Yoast SEO plugin v27.5 - https:\/\/yoast.com\/product\/yoast-seo-wordpress\/ -->\n<title>Dachmarkise Omnistor 6300 f\u00fcr Fiat Ducato H2 Tuchfarbe mystic grey - Bantam<\/title>\n<meta name=\"robots\" content=\"index, follow, max-snippet:-1, max-image-preview:large, max-video-preview:-1\" \/>\n<link rel=\"canonical\" href=\"https:\/\/shop.bantam.ch\/de\/produkt\/dachmarkise-omnistor-6300-fuer-fiat-ducato-h2-tuchfarbe-mystic-grey\/\" \/>\n<meta property=\"og:locale\" content=\"de_DE\" \/>\n<meta property=\"og:type\" content=\"article\" \/>\n<meta property=\"og:title\" content=\"Dachmarkise Omnistor 6300 f\u00fcr Fiat Ducato H2 Tuchfarbe mystic grey - Bantam\" \/>\n<meta property=\"og:description\" content=\"Geeignet f\u00fcr Ducato-, Jumper- und Boxer-Vans mit Dachh\u00f6he H2 ab Baujahr 2007\u00a0 Schnelle und einfache Montage ohne Bohren\u00a0 Ausfallwinkel flexibel einstellbar, so kann die Markise ge\u00f6ffnet und geschlossen werden, selbst wenn die Schiebet\u00fcr ge\u00f6ffnet ist\u00a0 Platz f\u00fcr die Thule LED-Beleuchtung ist geschaffen, so ist das Auto im Freien immer beleuchtet, auch wenn die Markise geschlossen [&hellip;]\" \/>\n<meta property=\"og:url\" content=\"https:\/\/shop.bantam.ch\/de\/produkt\/dachmarkise-omnistor-6300-fuer-fiat-ducato-h2-tuchfarbe-mystic-grey\/\" \/>\n<meta property=\"og:site_name\" content=\"Bantam\" \/>\n<meta property=\"article:modified_time\" content=\"2026-05-01T20:24:37+00:00\" \/>\n<meta property=\"og:image\" content=\"https:\/\/shop.bantam.ch\/wp-content\/uploads\/2023\/03\/995476932.jpg\" \/>\n\t<meta property=\"og:image:width\" content=\"1000\" \/>\n\t<meta property=\"og:image:height\" content=\"750\" \/>\n\t<meta property=\"og:image:type\" content=\"image\/jpeg\" \/>\n<meta name=\"twitter:card\" content=\"summary_large_image\" \/>\n<meta name=\"twitter:label1\" content=\"Gesch\u00e4tzte Lesezeit\" \/>\n\t<meta name=\"twitter:data1\" content=\"1\u00a0Minute\" \/>\n<script type=\"application\/ld+json\" class=\"yoast-schema-graph\">{\"@context\":\"https:\\\/\\\/schema.org\",\"@graph\":[{\"@type\":\"WebPage\",\"@id\":\"https:\\\/\\\/shop.bantam.ch\\\/de\\\/produkt\\\/dachmarkise-omnistor-6300-fuer-fiat-ducato-h2-tuchfarbe-mystic-grey\\\/\",\"url\":\"https:\\\/\\\/shop.bantam.ch\\\/de\\\/produkt\\\/dachmarkise-omnistor-6300-fuer-fiat-ducato-h2-tuchfarbe-mystic-grey\\\/\",\"name\":\"Dachmarkise Omnistor 6300 f\u00fcr Fiat Ducato H2 Tuchfarbe mystic grey - Bantam\",\"isPartOf\":{\"@id\":\"https:\\\/\\\/shop.bantam.ch\\\/de\\\/#website\"},\"primaryImageOfPage\":{\"@id\":\"https:\\\/\\\/shop.bantam.ch\\\/de\\\/produkt\\\/dachmarkise-omnistor-6300-fuer-fiat-ducato-h2-tuchfarbe-mystic-grey\\\/#primaryimage\"},\"image\":{\"@id\":\"https:\\\/\\\/shop.bantam.ch\\\/de\\\/produkt\\\/dachmarkise-omnistor-6300-fuer-fiat-ducato-h2-tuchfarbe-mystic-grey\\\/#primaryimage\"},\"thumbnailUrl\":\"https:\\\/\\\/shop.bantam.ch\\\/wp-content\\\/uploads\\\/2023\\\/03\\\/995476932.jpg\",\"datePublished\":\"2023-03-22T14:02:29+00:00\",\"dateModified\":\"2026-05-01T20:24:37+00:00\",\"breadcrumb\":{\"@id\":\"https:\\\/\\\/shop.bantam.ch\\\/de\\\/produkt\\\/dachmarkise-omnistor-6300-fuer-fiat-ducato-h2-tuchfarbe-mystic-grey\\\/#breadcrumb\"},\"inLanguage\":\"de\",\"potentialAction\":[{\"@type\":\"ReadAction\",\"target\":[\"https:\\\/\\\/shop.bantam.ch\\\/de\\\/produkt\\\/dachmarkise-omnistor-6300-fuer-fiat-ducato-h2-tuchfarbe-mystic-grey\\\/\"]}]},{\"@type\":\"ImageObject\",\"inLanguage\":\"de\",\"@id\":\"https:\\\/\\\/shop.bantam.ch\\\/de\\\/produkt\\\/dachmarkise-omnistor-6300-fuer-fiat-ducato-h2-tuchfarbe-mystic-grey\\\/#primaryimage\",\"url\":\"https:\\\/\\\/shop.bantam.ch\\\/wp-content\\\/uploads\\\/2023\\\/03\\\/995476932.jpg\",\"contentUrl\":\"https:\\\/\\\/shop.bantam.ch\\\/wp-content\\\/uploads\\\/2023\\\/03\\\/995476932.jpg\",\"width\":1000,\"height\":750},{\"@type\":\"BreadcrumbList\",\"@id\":\"https:\\\/\\\/shop.bantam.ch\\\/de\\\/produkt\\\/dachmarkise-omnistor-6300-fuer-fiat-ducato-h2-tuchfarbe-mystic-grey\\\/#breadcrumb\",\"itemListElement\":[{\"@type\":\"ListItem\",\"position\":1,\"name\":\"Accueil\",\"item\":\"https:\\\/\\\/shop.bantam.ch\\\/de\\\/\"},{\"@type\":\"ListItem\",\"position\":2,\"name\":\"Shop\",\"item\":\"https:\\\/\\\/shop.bantam.ch\\\/de\\\/shop\\\/\"},{\"@type\":\"ListItem\",\"position\":3,\"name\":\"Dachmarkise Omnistor 6300 f\u00fcr Fiat Ducato H2 Tuchfarbe mystic grey\"}]},{\"@type\":\"WebSite\",\"@id\":\"https:\\\/\\\/shop.bantam.ch\\\/de\\\/#website\",\"url\":\"https:\\\/\\\/shop.bantam.ch\\\/de\\\/\",\"name\":\"Bantam\",\"description\":\"\",\"publisher\":{\"@id\":\"https:\\\/\\\/shop.bantam.ch\\\/de\\\/#organization\"},\"inLanguage\":\"de\"},{\"@type\":\"Organization\",\"@id\":\"https:\\\/\\\/shop.bantam.ch\\\/de\\\/#organization\",\"name\":\"Bantam\",\"url\":\"https:\\\/\\\/shop.bantam.ch\\\/de\\\/\",\"logo\":{\"@type\":\"ImageObject\",\"inLanguage\":\"de\",\"@id\":\"https:\\\/\\\/shop.bantam.ch\\\/de\\\/#\\\/schema\\\/logo\\\/image\\\/\",\"url\":\"https:\\\/\\\/shop.bantam.ch\\\/wp-content\\\/uploads\\\/2022\\\/12\\\/bantam-logo.png\",\"contentUrl\":\"https:\\\/\\\/shop.bantam.ch\\\/wp-content\\\/uploads\\\/2022\\\/12\\\/bantam-logo.png\",\"width\":320,\"height\":71,\"caption\":\"Bantam\"},\"image\":{\"@id\":\"https:\\\/\\\/shop.bantam.ch\\\/de\\\/#\\\/schema\\\/logo\\\/image\\\/\"}}]}<\/script>\n<!-- \/ Yoast SEO plugin. -->","yoast_head_json":{"title":"Dachmarkise Omnistor 6300 f\u00fcr Fiat Ducato H2 Tuchfarbe mystic grey - Bantam","robots":{"index":"index","follow":"follow","max-snippet":"max-snippet:-1","max-image-preview":"max-image-preview:large","max-video-preview":"max-video-preview:-1"},"canonical":"https:\/\/shop.bantam.ch\/de\/produkt\/dachmarkise-omnistor-6300-fuer-fiat-ducato-h2-tuchfarbe-mystic-grey\/","og_locale":"de_DE","og_type":"article","og_title":"Dachmarkise Omnistor 6300 f\u00fcr Fiat Ducato H2 Tuchfarbe mystic grey - Bantam","og_description":"Geeignet f\u00fcr Ducato-, Jumper- und Boxer-Vans mit Dachh\u00f6he H2 ab Baujahr 2007\u00a0 Schnelle und einfache Montage ohne Bohren\u00a0 Ausfallwinkel flexibel einstellbar, so kann die Markise ge\u00f6ffnet und geschlossen werden, selbst wenn die Schiebet\u00fcr ge\u00f6ffnet ist\u00a0 Platz f\u00fcr die Thule LED-Beleuchtung ist geschaffen, so ist das Auto im Freien immer beleuchtet, auch wenn die Markise geschlossen [&hellip;]","og_url":"https:\/\/shop.bantam.ch\/de\/produkt\/dachmarkise-omnistor-6300-fuer-fiat-ducato-h2-tuchfarbe-mystic-grey\/","og_site_name":"Bantam","article_modified_time":"2026-05-01T20:24:37+00:00","og_image":[{"width":1000,"height":750,"url":"https:\/\/shop.bantam.ch\/wp-content\/uploads\/2023\/03\/995476932.jpg","type":"image\/jpeg"}],"twitter_card":"summary_large_image","twitter_misc":{"Gesch\u00e4tzte Lesezeit":"1\u00a0Minute"},"schema":{"@context":"https:\/\/schema.org","@graph":[{"@type":"WebPage","@id":"https:\/\/shop.bantam.ch\/de\/produkt\/dachmarkise-omnistor-6300-fuer-fiat-ducato-h2-tuchfarbe-mystic-grey\/","url":"https:\/\/shop.bantam.ch\/de\/produkt\/dachmarkise-omnistor-6300-fuer-fiat-ducato-h2-tuchfarbe-mystic-grey\/","name":"Dachmarkise Omnistor 6300 f\u00fcr Fiat Ducato H2 Tuchfarbe mystic grey - Bantam","isPartOf":{"@id":"https:\/\/shop.bantam.ch\/de\/#website"},"primaryImageOfPage":{"@id":"https:\/\/shop.bantam.ch\/de\/produkt\/dachmarkise-omnistor-6300-fuer-fiat-ducato-h2-tuchfarbe-mystic-grey\/#primaryimage"},"image":{"@id":"https:\/\/shop.bantam.ch\/de\/produkt\/dachmarkise-omnistor-6300-fuer-fiat-ducato-h2-tuchfarbe-mystic-grey\/#primaryimage"},"thumbnailUrl":"https:\/\/shop.bantam.ch\/wp-content\/uploads\/2023\/03\/995476932.jpg","datePublished":"2023-03-22T14:02:29+00:00","dateModified":"2026-05-01T20:24:37+00:00","breadcrumb":{"@id":"https:\/\/shop.bantam.ch\/de\/produkt\/dachmarkise-omnistor-6300-fuer-fiat-ducato-h2-tuchfarbe-mystic-grey\/#breadcrumb"},"inLanguage":"de","potentialAction":[{"@type":"ReadAction","target":["https:\/\/shop.bantam.ch\/de\/produkt\/dachmarkise-omnistor-6300-fuer-fiat-ducato-h2-tuchfarbe-mystic-grey\/"]}]},{"@type":"ImageObject","inLanguage":"de","@id":"https:\/\/shop.bantam.ch\/de\/produkt\/dachmarkise-omnistor-6300-fuer-fiat-ducato-h2-tuchfarbe-mystic-grey\/#primaryimage","url":"https:\/\/shop.bantam.ch\/wp-content\/uploads\/2023\/03\/995476932.jpg","contentUrl":"https:\/\/shop.bantam.ch\/wp-content\/uploads\/2023\/03\/995476932.jpg","width":1000,"height":750},{"@type":"BreadcrumbList","@id":"https:\/\/shop.bantam.ch\/de\/produkt\/dachmarkise-omnistor-6300-fuer-fiat-ducato-h2-tuchfarbe-mystic-grey\/#breadcrumb","itemListElement":[{"@type":"ListItem","position":1,"name":"Accueil","item":"https:\/\/shop.bantam.ch\/de\/"},{"@type":"ListItem","position":2,"name":"Shop","item":"https:\/\/shop.bantam.ch\/de\/shop\/"},{"@type":"ListItem","position":3,"name":"Dachmarkise Omnistor 6300 f\u00fcr Fiat Ducato H2 Tuchfarbe mystic grey"}]},{"@type":"WebSite","@id":"https:\/\/shop.bantam.ch\/de\/#website","url":"https:\/\/shop.bantam.ch\/de\/","name":"Bantam","description":"","publisher":{"@id":"https:\/\/shop.bantam.ch\/de\/#organization"},"inLanguage":"de"},{"@type":"Organization","@id":"https:\/\/shop.bantam.ch\/de\/#organization","name":"Bantam","url":"https:\/\/shop.bantam.ch\/de\/","logo":{"@type":"ImageObject","inLanguage":"de","@id":"https:\/\/shop.bantam.ch\/de\/#\/schema\/logo\/image\/","url":"https:\/\/shop.bantam.ch\/wp-content\/uploads\/2022\/12\/bantam-logo.png","contentUrl":"https:\/\/shop.bantam.ch\/wp-content\/uploads\/2022\/12\/bantam-logo.png","width":320,"height":71,"caption":"Bantam"},"image":{"@id":"https:\/\/shop.bantam.ch\/de\/#\/schema\/logo\/image\/"}}]}},"_links":{"self":[{"href":"https:\/\/shop.bantam.ch\/de\/wp-json\/wp\/v2\/product\/153392","targetHints":{"allow":["GET"]}}],"collection":[{"href":"https:\/\/shop.bantam.ch\/de\/wp-json\/wp\/v2\/product"}],"about":[{"href":"https:\/\/shop.bantam.ch\/de\/wp-json\/wp\/v2\/types\/product"}],"wp:featuredmedia":[{"embeddable":true,"href":"https:\/\/shop.bantam.ch\/de\/wp-json\/wp\/v2\/media\/153350"}],"wp:attachment":[{"href":"https:\/\/shop.bantam.ch\/de\/wp-json\/wp\/v2\/media?parent=153392"}],"wp:term":[{"taxonomy":"product_featured_cat","embeddable":true,"href":"https:\/\/shop.bantam.ch\/de\/wp-json\/wp\/v2\/product_featured_cat?post=153392"},{"taxonomy":"product_brand","embeddable":true,"href":"https:\/\/shop.bantam.ch\/de\/wp-json\/wp\/v2\/product_brand?post=153392"},{"taxonomy":"product_cat","embeddable":true,"href":"https:\/\/shop.bantam.ch\/de\/wp-json\/wp\/v2\/product_cat?post=153392"},{"taxonomy":"product_tag","embeddable":true,"href":"https:\/\/shop.bantam.ch\/de\/wp-json\/wp\/v2\/product_tag?post=153392"}],"curies":[{"name":"wp","href":"https:\/\/api.w.org\/{rel}","templated":true}]}}