{"id":153336,"date":"2023-03-22T15:01:11","date_gmt":"2023-03-22T14:01:11","guid":{"rendered":"https:\/\/shop.bantam.ch\/produit\/vorderwand-blocker-pro\/"},"modified":"2026-05-01T22:23:41","modified_gmt":"2026-05-01T20:23:41","slug":"vorderwand-blocker-pro","status":"publish","type":"product","link":"https:\/\/shop.bantam.ch\/de\/produkt\/vorderwand-blocker-pro\/","title":{"rendered":"Vorderwand Blocker Pro"},"content":{"rendered":"<p>Jetzt mit neuen Front &#8211; und Seitenw\u00e4nden<br \/>Vorderwand mit Fenster und Bodensch\u00fcrze. Einfache Montage durch Einziehen in die Kederschiene.<br \/>Um den W\u00e4nden Blocker und Side eine modernere Optik zu verleihen, hat Fiamma das Sortiment komplett \u00fcberarbeitet. Die aufgrund ihrer Vielseitigkeit von Campern und Freiluftliebhabern gleicherma\u00dfen gesch\u00e4tzter W\u00e4nde, werden jetzt noch attraktiver, denn Ihr Look erinnert an das Facelift der Privacy Room Reihe. Das neue Design zeichnet sich durch rundere und weichere Formen des Fensterprofils und die Ton in Ton gehaltene graue Farbgebung aus.<br \/>Zudem sind die \u00fcberarbeiteten Seitenw\u00e4nde mit einem neuen System zur Befestigung an den St\u00fctzf\u00fc\u00dfen ausgestattet &#8211; dies macht die Befestigung noch praktischer. Die Innenseite der Frontwand ist serienm\u00e4\u00dfig mit einem Profil ausgestattet, an dem die Vorh\u00e4nge eingesetzt werden k\u00f6nnen.<\/p>\n<p>Lieferumfang:<br \/>Inklusive Erdn\u00e4gel<\/p>\n<p>Material:<br \/>Tuch: PVC<\/p>\n","protected":false},"excerpt":{"rendered":"<p>Jetzt mit neuen Front &#8211; und Seitenw\u00e4ndenVorderwand mit Fenster und Bodensch\u00fcrze. Einfache Montage durch Einziehen in die Kederschiene.Um den W\u00e4nden Blocker und Side eine modernere Optik zu verleihen, hat Fiamma das Sortiment komplett \u00fcberarbeitet. Die aufgrund ihrer Vielseitigkeit von Campern und Freiluftliebhabern gleicherma\u00dfen gesch\u00e4tzter W\u00e4nde, werden jetzt noch attraktiver, denn Ihr Look erinnert an das [&hellip;]<\/p>\n","protected":false},"featured_media":153296,"template":"","meta":{"_acf_changed":false},"product_featured_cat":[],"product_brand":[3035],"product_cat":[4220],"product_tag":[],"class_list":{"0":"post-153336","1":"product","2":"type-product","3":"status-publish","4":"has-post-thumbnail","6":"product_brand-fiamma-de","7":"product_cat-markisen-vorderwaende","9":"first","10":"instock","11":"taxable","12":"shipping-taxable","13":"purchasable","14":"product-type-variable"},"acf":[],"yoast_head":"<!-- This site is optimized with the Yoast SEO plugin v27.5 - https:\/\/yoast.com\/product\/yoast-seo-wordpress\/ -->\n<title>Vorderwand Blocker Pro - Bantam<\/title>\n<meta name=\"robots\" content=\"index, follow, max-snippet:-1, max-image-preview:large, max-video-preview:-1\" \/>\n<link rel=\"canonical\" href=\"https:\/\/shop.bantam.ch\/de\/produkt\/vorderwand-blocker-pro\/\" \/>\n<meta property=\"og:locale\" content=\"de_DE\" \/>\n<meta property=\"og:type\" content=\"article\" \/>\n<meta property=\"og:title\" content=\"Vorderwand Blocker Pro - Bantam\" \/>\n<meta property=\"og:description\" content=\"Jetzt mit neuen Front &#8211; und Seitenw\u00e4ndenVorderwand mit Fenster und Bodensch\u00fcrze. Einfache Montage durch Einziehen in die Kederschiene.Um den W\u00e4nden Blocker und Side eine modernere Optik zu verleihen, hat Fiamma das Sortiment komplett \u00fcberarbeitet. Die aufgrund ihrer Vielseitigkeit von Campern und Freiluftliebhabern gleicherma\u00dfen gesch\u00e4tzter W\u00e4nde, werden jetzt noch attraktiver, denn Ihr Look erinnert an das [&hellip;]\" \/>\n<meta property=\"og:url\" content=\"https:\/\/shop.bantam.ch\/de\/produkt\/vorderwand-blocker-pro\/\" \/>\n<meta property=\"og:site_name\" content=\"Bantam\" \/>\n<meta property=\"article:modified_time\" content=\"2026-05-01T20:23:41+00:00\" \/>\n<meta property=\"og:image\" content=\"https:\/\/shop.bantam.ch\/wp-content\/uploads\/2023\/03\/995470121-12.jpg\" \/>\n\t<meta property=\"og:image:width\" content=\"1000\" \/>\n\t<meta property=\"og:image:height\" content=\"667\" \/>\n\t<meta property=\"og:image:type\" content=\"image\/jpeg\" \/>\n<meta name=\"twitter:card\" content=\"summary_large_image\" \/>\n<meta name=\"twitter:label1\" content=\"Gesch\u00e4tzte Lesezeit\" \/>\n\t<meta name=\"twitter:data1\" content=\"1\u00a0Minute\" \/>\n<script type=\"application\/ld+json\" class=\"yoast-schema-graph\">{\"@context\":\"https:\\\/\\\/schema.org\",\"@graph\":[{\"@type\":\"WebPage\",\"@id\":\"https:\\\/\\\/shop.bantam.ch\\\/de\\\/produkt\\\/vorderwand-blocker-pro\\\/\",\"url\":\"https:\\\/\\\/shop.bantam.ch\\\/de\\\/produkt\\\/vorderwand-blocker-pro\\\/\",\"name\":\"Vorderwand Blocker Pro - Bantam\",\"isPartOf\":{\"@id\":\"https:\\\/\\\/shop.bantam.ch\\\/de\\\/#website\"},\"primaryImageOfPage\":{\"@id\":\"https:\\\/\\\/shop.bantam.ch\\\/de\\\/produkt\\\/vorderwand-blocker-pro\\\/#primaryimage\"},\"image\":{\"@id\":\"https:\\\/\\\/shop.bantam.ch\\\/de\\\/produkt\\\/vorderwand-blocker-pro\\\/#primaryimage\"},\"thumbnailUrl\":\"https:\\\/\\\/shop.bantam.ch\\\/wp-content\\\/uploads\\\/2023\\\/03\\\/995470121-12.jpg\",\"datePublished\":\"2023-03-22T14:01:11+00:00\",\"dateModified\":\"2026-05-01T20:23:41+00:00\",\"breadcrumb\":{\"@id\":\"https:\\\/\\\/shop.bantam.ch\\\/de\\\/produkt\\\/vorderwand-blocker-pro\\\/#breadcrumb\"},\"inLanguage\":\"de\",\"potentialAction\":[{\"@type\":\"ReadAction\",\"target\":[\"https:\\\/\\\/shop.bantam.ch\\\/de\\\/produkt\\\/vorderwand-blocker-pro\\\/\"]}]},{\"@type\":\"ImageObject\",\"inLanguage\":\"de\",\"@id\":\"https:\\\/\\\/shop.bantam.ch\\\/de\\\/produkt\\\/vorderwand-blocker-pro\\\/#primaryimage\",\"url\":\"https:\\\/\\\/shop.bantam.ch\\\/wp-content\\\/uploads\\\/2023\\\/03\\\/995470121-12.jpg\",\"contentUrl\":\"https:\\\/\\\/shop.bantam.ch\\\/wp-content\\\/uploads\\\/2023\\\/03\\\/995470121-12.jpg\",\"width\":1000,\"height\":667},{\"@type\":\"BreadcrumbList\",\"@id\":\"https:\\\/\\\/shop.bantam.ch\\\/de\\\/produkt\\\/vorderwand-blocker-pro\\\/#breadcrumb\",\"itemListElement\":[{\"@type\":\"ListItem\",\"position\":1,\"name\":\"Accueil\",\"item\":\"https:\\\/\\\/shop.bantam.ch\\\/de\\\/\"},{\"@type\":\"ListItem\",\"position\":2,\"name\":\"Shop\",\"item\":\"https:\\\/\\\/shop.bantam.ch\\\/de\\\/shop\\\/\"},{\"@type\":\"ListItem\",\"position\":3,\"name\":\"Vorderwand Blocker Pro\"}]},{\"@type\":\"WebSite\",\"@id\":\"https:\\\/\\\/shop.bantam.ch\\\/de\\\/#website\",\"url\":\"https:\\\/\\\/shop.bantam.ch\\\/de\\\/\",\"name\":\"Bantam\",\"description\":\"\",\"publisher\":{\"@id\":\"https:\\\/\\\/shop.bantam.ch\\\/de\\\/#organization\"},\"inLanguage\":\"de\"},{\"@type\":\"Organization\",\"@id\":\"https:\\\/\\\/shop.bantam.ch\\\/de\\\/#organization\",\"name\":\"Bantam\",\"url\":\"https:\\\/\\\/shop.bantam.ch\\\/de\\\/\",\"logo\":{\"@type\":\"ImageObject\",\"inLanguage\":\"de\",\"@id\":\"https:\\\/\\\/shop.bantam.ch\\\/de\\\/#\\\/schema\\\/logo\\\/image\\\/\",\"url\":\"https:\\\/\\\/shop.bantam.ch\\\/wp-content\\\/uploads\\\/2022\\\/12\\\/bantam-logo.png\",\"contentUrl\":\"https:\\\/\\\/shop.bantam.ch\\\/wp-content\\\/uploads\\\/2022\\\/12\\\/bantam-logo.png\",\"width\":320,\"height\":71,\"caption\":\"Bantam\"},\"image\":{\"@id\":\"https:\\\/\\\/shop.bantam.ch\\\/de\\\/#\\\/schema\\\/logo\\\/image\\\/\"}}]}<\/script>\n<!-- \/ Yoast SEO plugin. -->","yoast_head_json":{"title":"Vorderwand Blocker Pro - Bantam","robots":{"index":"index","follow":"follow","max-snippet":"max-snippet:-1","max-image-preview":"max-image-preview:large","max-video-preview":"max-video-preview:-1"},"canonical":"https:\/\/shop.bantam.ch\/de\/produkt\/vorderwand-blocker-pro\/","og_locale":"de_DE","og_type":"article","og_title":"Vorderwand Blocker Pro - Bantam","og_description":"Jetzt mit neuen Front &#8211; und Seitenw\u00e4ndenVorderwand mit Fenster und Bodensch\u00fcrze. Einfache Montage durch Einziehen in die Kederschiene.Um den W\u00e4nden Blocker und Side eine modernere Optik zu verleihen, hat Fiamma das Sortiment komplett \u00fcberarbeitet. Die aufgrund ihrer Vielseitigkeit von Campern und Freiluftliebhabern gleicherma\u00dfen gesch\u00e4tzter W\u00e4nde, werden jetzt noch attraktiver, denn Ihr Look erinnert an das [&hellip;]","og_url":"https:\/\/shop.bantam.ch\/de\/produkt\/vorderwand-blocker-pro\/","og_site_name":"Bantam","article_modified_time":"2026-05-01T20:23:41+00:00","og_image":[{"width":1000,"height":667,"url":"https:\/\/shop.bantam.ch\/wp-content\/uploads\/2023\/03\/995470121-12.jpg","type":"image\/jpeg"}],"twitter_card":"summary_large_image","twitter_misc":{"Gesch\u00e4tzte Lesezeit":"1\u00a0Minute"},"schema":{"@context":"https:\/\/schema.org","@graph":[{"@type":"WebPage","@id":"https:\/\/shop.bantam.ch\/de\/produkt\/vorderwand-blocker-pro\/","url":"https:\/\/shop.bantam.ch\/de\/produkt\/vorderwand-blocker-pro\/","name":"Vorderwand Blocker Pro - Bantam","isPartOf":{"@id":"https:\/\/shop.bantam.ch\/de\/#website"},"primaryImageOfPage":{"@id":"https:\/\/shop.bantam.ch\/de\/produkt\/vorderwand-blocker-pro\/#primaryimage"},"image":{"@id":"https:\/\/shop.bantam.ch\/de\/produkt\/vorderwand-blocker-pro\/#primaryimage"},"thumbnailUrl":"https:\/\/shop.bantam.ch\/wp-content\/uploads\/2023\/03\/995470121-12.jpg","datePublished":"2023-03-22T14:01:11+00:00","dateModified":"2026-05-01T20:23:41+00:00","breadcrumb":{"@id":"https:\/\/shop.bantam.ch\/de\/produkt\/vorderwand-blocker-pro\/#breadcrumb"},"inLanguage":"de","potentialAction":[{"@type":"ReadAction","target":["https:\/\/shop.bantam.ch\/de\/produkt\/vorderwand-blocker-pro\/"]}]},{"@type":"ImageObject","inLanguage":"de","@id":"https:\/\/shop.bantam.ch\/de\/produkt\/vorderwand-blocker-pro\/#primaryimage","url":"https:\/\/shop.bantam.ch\/wp-content\/uploads\/2023\/03\/995470121-12.jpg","contentUrl":"https:\/\/shop.bantam.ch\/wp-content\/uploads\/2023\/03\/995470121-12.jpg","width":1000,"height":667},{"@type":"BreadcrumbList","@id":"https:\/\/shop.bantam.ch\/de\/produkt\/vorderwand-blocker-pro\/#breadcrumb","itemListElement":[{"@type":"ListItem","position":1,"name":"Accueil","item":"https:\/\/shop.bantam.ch\/de\/"},{"@type":"ListItem","position":2,"name":"Shop","item":"https:\/\/shop.bantam.ch\/de\/shop\/"},{"@type":"ListItem","position":3,"name":"Vorderwand Blocker Pro"}]},{"@type":"WebSite","@id":"https:\/\/shop.bantam.ch\/de\/#website","url":"https:\/\/shop.bantam.ch\/de\/","name":"Bantam","description":"","publisher":{"@id":"https:\/\/shop.bantam.ch\/de\/#organization"},"inLanguage":"de"},{"@type":"Organization","@id":"https:\/\/shop.bantam.ch\/de\/#organization","name":"Bantam","url":"https:\/\/shop.bantam.ch\/de\/","logo":{"@type":"ImageObject","inLanguage":"de","@id":"https:\/\/shop.bantam.ch\/de\/#\/schema\/logo\/image\/","url":"https:\/\/shop.bantam.ch\/wp-content\/uploads\/2022\/12\/bantam-logo.png","contentUrl":"https:\/\/shop.bantam.ch\/wp-content\/uploads\/2022\/12\/bantam-logo.png","width":320,"height":71,"caption":"Bantam"},"image":{"@id":"https:\/\/shop.bantam.ch\/de\/#\/schema\/logo\/image\/"}}]}},"_links":{"self":[{"href":"https:\/\/shop.bantam.ch\/de\/wp-json\/wp\/v2\/product\/153336","targetHints":{"allow":["GET"]}}],"collection":[{"href":"https:\/\/shop.bantam.ch\/de\/wp-json\/wp\/v2\/product"}],"about":[{"href":"https:\/\/shop.bantam.ch\/de\/wp-json\/wp\/v2\/types\/product"}],"wp:featuredmedia":[{"embeddable":true,"href":"https:\/\/shop.bantam.ch\/de\/wp-json\/wp\/v2\/media\/153296"}],"wp:attachment":[{"href":"https:\/\/shop.bantam.ch\/de\/wp-json\/wp\/v2\/media?parent=153336"}],"wp:term":[{"taxonomy":"product_featured_cat","embeddable":true,"href":"https:\/\/shop.bantam.ch\/de\/wp-json\/wp\/v2\/product_featured_cat?post=153336"},{"taxonomy":"product_brand","embeddable":true,"href":"https:\/\/shop.bantam.ch\/de\/wp-json\/wp\/v2\/product_brand?post=153336"},{"taxonomy":"product_cat","embeddable":true,"href":"https:\/\/shop.bantam.ch\/de\/wp-json\/wp\/v2\/product_cat?post=153336"},{"taxonomy":"product_tag","embeddable":true,"href":"https:\/\/shop.bantam.ch\/de\/wp-json\/wp\/v2\/product_tag?post=153336"}],"curies":[{"name":"wp","href":"https:\/\/api.w.org\/{rel}","templated":true}]}}