{"id":151727,"date":"2023-03-22T11:45:23","date_gmt":"2023-03-22T10:45:23","guid":{"rendered":"https:\/\/shop.bantam.ch\/produit\/rain-outside-seitenwand-universel-links-und-recht\/"},"modified":"2026-05-11T23:54:34","modified_gmt":"2026-05-11T21:54:34","slug":"rain-outside-seitenwand-universel-links-und-recht","status":"publish","type":"product","link":"https:\/\/shop.bantam.ch\/de\/produkt\/rain-outside-seitenwand-universel-links-und-recht\/","title":{"rendered":"Rain Outside: Seitenwand universel Links und Recht"},"content":{"rendered":"<p class=\"MsoNormal\"><span lang=\"FR\">Passend zu den Markisenmodellen der Marken Thule\/ Omnistor (Serie 4900, 5102) und Fiamma (Serie F40 Van).<\/span><\/p>\n<p class=\"MsoNormal\"><strong><span lang=\"FR\">Ausstattung<\/span><\/strong><span lang=\"FR\">:<\/span><\/p>\n<p class=\"MsoNormal\"><span lang=\"FR\">\u2013 Schnitt-optimiert f\u00fcr Campingbusse (VW T5, T6, Ford Nugget, Mercedes V-Klasse, Peugeot Traveller, Campster, Renault Traffic).<br \/><\/span>\u2013 Vorderwand wird \u00fcber Keder in die Kederschiene des Markisen-Ausfallprofils eingezogen.<br \/>\u2013 Vorderwand verf\u00fcgt \u00fcber einen mittig platzierten und senkrecht verlaufenden Rei\u00dfverschluss, die beiden Seiten k\u00f6nnen einzeln oder gemeinsam hochgerollt werden.<br \/>\u2013 Vorderwand ist mit Steckkastenteilen zur Anbringung eines Sicherheitsgurtes (Option) ausgestattet<br \/>\u2013 Die Seitenwand kann rechts oder links montiert und \u00fcber eine Spannstange zwischen Markisenkasten und Ausfallprofil gespannt werden<br \/>\u2013 Die Seitenw\u00e4nde f\u00fcgen sich optimal mit dem serienm\u00e4\u00dfigen Anpressgurt an das Fahrzeug an.<br \/>\u2013 Vorder- und Seitenwand lassen sich \u00fcber einen Verbindungsadapter (Keder und Doppelkederschienen \u2013Option) verbinden. Die vorderen Zeltecken k\u00f6nnen mit Flausch-\/Klettverschl\u00fcssen am Markisenbein fixiert werden.<br \/>\u2013 Alle Wandteile verf\u00fcgen am unteren Ende \u00fcber einen doppelten Erdstreifen mit einer dazwischen vorhandenen flexiblen Bodenabspannung. Die Abspannpunkte sind damit frei w\u00e4hlbar.<br \/>\u2013 Get\u00f6nte Zelt-Fensterfolien reduzieren die Durchsicht ins Innere und verleihen dem Ausblick ein angenehmes Licht.<br \/>\u2013 \u00dcberwiegend hochfrequenz-verschwei\u00dfte N\u00e4hte, robust und wetterresistent.<\/p>\n<p class=\"MsoNormal\">\u00a0<strong><span lang=\"FR\">Material<\/span><\/strong><span lang=\"FR\">: komplett aus beidseitig PVC-beschichtetem Polyestergewebe; abwaschbar und verrottungsfest. <strong>Gest\u00e4nge<\/strong>: Seitenwand ist zur Befestigung (Aufh\u00e4ngung) mit einer Stahl-Spannstange (25 x 1 mm) ausgestattet. <strong>Lieferumfang<\/strong>: Wandteil mit Abspannmaterial, Seitenwand zus\u00e4tzl. mit Spannstange.<\/span><\/p>\n","protected":false},"excerpt":{"rendered":"<p>Passend zu den Markisenmodellen der Marken Thule\/ Omnistor (Serie 4900, 5102) und Fiamma (Serie F40 Van). Ausstattung: \u2013 Schnitt-optimiert f\u00fcr Campingbusse (VW T5, T6, Ford Nugget, Mercedes V-Klasse, Peugeot Traveller, Campster, Renault Traffic).\u2013 Vorderwand wird \u00fcber Keder in die Kederschiene des Markisen-Ausfallprofils eingezogen.\u2013 Vorderwand verf\u00fcgt \u00fcber einen mittig platzierten und senkrecht verlaufenden Rei\u00dfverschluss, die beiden [&hellip;]<\/p>\n","protected":false},"featured_media":151709,"template":"","meta":{"_acf_changed":false},"product_featured_cat":[],"product_brand":[3687],"product_cat":[4222],"product_tag":[],"class_list":{"0":"post-151727","1":"product","2":"type-product","3":"status-publish","4":"has-post-thumbnail","6":"product_brand-dwt-de","7":"product_cat-markisen-seitenwaende","9":"first","10":"instock","11":"sale","12":"taxable","13":"shipping-taxable","14":"purchasable","15":"product-type-variable"},"acf":[],"yoast_head":"<!-- This site is optimized with the Yoast SEO plugin v27.5 - https:\/\/yoast.com\/product\/yoast-seo-wordpress\/ -->\n<title>Rain Outside: Seitenwand universel Links und Recht - Bantam<\/title>\n<meta name=\"robots\" content=\"index, follow, max-snippet:-1, max-image-preview:large, max-video-preview:-1\" \/>\n<link rel=\"canonical\" href=\"https:\/\/shop.bantam.ch\/de\/produkt\/rain-outside-seitenwand-universel-links-und-recht\/\" \/>\n<meta property=\"og:locale\" content=\"de_DE\" \/>\n<meta property=\"og:type\" content=\"article\" \/>\n<meta property=\"og:title\" content=\"Rain Outside: Seitenwand universel Links und Recht - Bantam\" \/>\n<meta property=\"og:description\" content=\"Passend zu den Markisenmodellen der Marken Thule\/ Omnistor (Serie 4900, 5102) und Fiamma (Serie F40 Van). Ausstattung: \u2013 Schnitt-optimiert f\u00fcr Campingbusse (VW T5, T6, Ford Nugget, Mercedes V-Klasse, Peugeot Traveller, Campster, Renault Traffic).\u2013 Vorderwand wird \u00fcber Keder in die Kederschiene des Markisen-Ausfallprofils eingezogen.\u2013 Vorderwand verf\u00fcgt \u00fcber einen mittig platzierten und senkrecht verlaufenden Rei\u00dfverschluss, die beiden [&hellip;]\" \/>\n<meta property=\"og:url\" content=\"https:\/\/shop.bantam.ch\/de\/produkt\/rain-outside-seitenwand-universel-links-und-recht\/\" \/>\n<meta property=\"og:site_name\" content=\"Bantam\" \/>\n<meta property=\"article:modified_time\" content=\"2026-05-11T21:54:34+00:00\" \/>\n<meta property=\"og:image\" content=\"https:\/\/shop.bantam.ch\/wp-content\/uploads\/2023\/03\/Rain-outside-d-s-50022009-A-1.jpg\" \/>\n\t<meta property=\"og:image:width\" content=\"2048\" \/>\n\t<meta property=\"og:image:height\" content=\"1365\" \/>\n\t<meta property=\"og:image:type\" content=\"image\/jpeg\" \/>\n<meta name=\"twitter:card\" content=\"summary_large_image\" \/>\n<meta name=\"twitter:label1\" content=\"Gesch\u00e4tzte Lesezeit\" \/>\n\t<meta name=\"twitter:data1\" content=\"1\u00a0Minute\" \/>\n<script type=\"application\/ld+json\" class=\"yoast-schema-graph\">{\"@context\":\"https:\\\/\\\/schema.org\",\"@graph\":[{\"@type\":\"WebPage\",\"@id\":\"https:\\\/\\\/shop.bantam.ch\\\/de\\\/produkt\\\/rain-outside-seitenwand-universel-links-und-recht\\\/\",\"url\":\"https:\\\/\\\/shop.bantam.ch\\\/de\\\/produkt\\\/rain-outside-seitenwand-universel-links-und-recht\\\/\",\"name\":\"Rain Outside: Seitenwand universel Links und Recht - Bantam\",\"isPartOf\":{\"@id\":\"https:\\\/\\\/shop.bantam.ch\\\/de\\\/#website\"},\"primaryImageOfPage\":{\"@id\":\"https:\\\/\\\/shop.bantam.ch\\\/de\\\/produkt\\\/rain-outside-seitenwand-universel-links-und-recht\\\/#primaryimage\"},\"image\":{\"@id\":\"https:\\\/\\\/shop.bantam.ch\\\/de\\\/produkt\\\/rain-outside-seitenwand-universel-links-und-recht\\\/#primaryimage\"},\"thumbnailUrl\":\"https:\\\/\\\/shop.bantam.ch\\\/wp-content\\\/uploads\\\/2023\\\/03\\\/Rain-outside-d-s-50022009-A-1.jpg\",\"datePublished\":\"2023-03-22T10:45:23+00:00\",\"dateModified\":\"2026-05-11T21:54:34+00:00\",\"breadcrumb\":{\"@id\":\"https:\\\/\\\/shop.bantam.ch\\\/de\\\/produkt\\\/rain-outside-seitenwand-universel-links-und-recht\\\/#breadcrumb\"},\"inLanguage\":\"de\",\"potentialAction\":[{\"@type\":\"ReadAction\",\"target\":[\"https:\\\/\\\/shop.bantam.ch\\\/de\\\/produkt\\\/rain-outside-seitenwand-universel-links-und-recht\\\/\"]}]},{\"@type\":\"ImageObject\",\"inLanguage\":\"de\",\"@id\":\"https:\\\/\\\/shop.bantam.ch\\\/de\\\/produkt\\\/rain-outside-seitenwand-universel-links-und-recht\\\/#primaryimage\",\"url\":\"https:\\\/\\\/shop.bantam.ch\\\/wp-content\\\/uploads\\\/2023\\\/03\\\/Rain-outside-d-s-50022009-A-1.jpg\",\"contentUrl\":\"https:\\\/\\\/shop.bantam.ch\\\/wp-content\\\/uploads\\\/2023\\\/03\\\/Rain-outside-d-s-50022009-A-1.jpg\",\"width\":2048,\"height\":1365},{\"@type\":\"BreadcrumbList\",\"@id\":\"https:\\\/\\\/shop.bantam.ch\\\/de\\\/produkt\\\/rain-outside-seitenwand-universel-links-und-recht\\\/#breadcrumb\",\"itemListElement\":[{\"@type\":\"ListItem\",\"position\":1,\"name\":\"Accueil\",\"item\":\"https:\\\/\\\/shop.bantam.ch\\\/de\\\/\"},{\"@type\":\"ListItem\",\"position\":2,\"name\":\"Shop\",\"item\":\"https:\\\/\\\/shop.bantam.ch\\\/de\\\/shop\\\/\"},{\"@type\":\"ListItem\",\"position\":3,\"name\":\"Rain Outside: Seitenwand universel Links und Recht\"}]},{\"@type\":\"WebSite\",\"@id\":\"https:\\\/\\\/shop.bantam.ch\\\/de\\\/#website\",\"url\":\"https:\\\/\\\/shop.bantam.ch\\\/de\\\/\",\"name\":\"Bantam\",\"description\":\"\",\"publisher\":{\"@id\":\"https:\\\/\\\/shop.bantam.ch\\\/de\\\/#organization\"},\"inLanguage\":\"de\"},{\"@type\":\"Organization\",\"@id\":\"https:\\\/\\\/shop.bantam.ch\\\/de\\\/#organization\",\"name\":\"Bantam\",\"url\":\"https:\\\/\\\/shop.bantam.ch\\\/de\\\/\",\"logo\":{\"@type\":\"ImageObject\",\"inLanguage\":\"de\",\"@id\":\"https:\\\/\\\/shop.bantam.ch\\\/de\\\/#\\\/schema\\\/logo\\\/image\\\/\",\"url\":\"https:\\\/\\\/shop.bantam.ch\\\/wp-content\\\/uploads\\\/2022\\\/12\\\/bantam-logo.png\",\"contentUrl\":\"https:\\\/\\\/shop.bantam.ch\\\/wp-content\\\/uploads\\\/2022\\\/12\\\/bantam-logo.png\",\"width\":320,\"height\":71,\"caption\":\"Bantam\"},\"image\":{\"@id\":\"https:\\\/\\\/shop.bantam.ch\\\/de\\\/#\\\/schema\\\/logo\\\/image\\\/\"}}]}<\/script>\n<!-- \/ Yoast SEO plugin. -->","yoast_head_json":{"title":"Rain Outside: Seitenwand universel Links und Recht - Bantam","robots":{"index":"index","follow":"follow","max-snippet":"max-snippet:-1","max-image-preview":"max-image-preview:large","max-video-preview":"max-video-preview:-1"},"canonical":"https:\/\/shop.bantam.ch\/de\/produkt\/rain-outside-seitenwand-universel-links-und-recht\/","og_locale":"de_DE","og_type":"article","og_title":"Rain Outside: Seitenwand universel Links und Recht - Bantam","og_description":"Passend zu den Markisenmodellen der Marken Thule\/ Omnistor (Serie 4900, 5102) und Fiamma (Serie F40 Van). Ausstattung: \u2013 Schnitt-optimiert f\u00fcr Campingbusse (VW T5, T6, Ford Nugget, Mercedes V-Klasse, Peugeot Traveller, Campster, Renault Traffic).\u2013 Vorderwand wird \u00fcber Keder in die Kederschiene des Markisen-Ausfallprofils eingezogen.\u2013 Vorderwand verf\u00fcgt \u00fcber einen mittig platzierten und senkrecht verlaufenden Rei\u00dfverschluss, die beiden [&hellip;]","og_url":"https:\/\/shop.bantam.ch\/de\/produkt\/rain-outside-seitenwand-universel-links-und-recht\/","og_site_name":"Bantam","article_modified_time":"2026-05-11T21:54:34+00:00","og_image":[{"width":2048,"height":1365,"url":"https:\/\/shop.bantam.ch\/wp-content\/uploads\/2023\/03\/Rain-outside-d-s-50022009-A-1.jpg","type":"image\/jpeg"}],"twitter_card":"summary_large_image","twitter_misc":{"Gesch\u00e4tzte Lesezeit":"1\u00a0Minute"},"schema":{"@context":"https:\/\/schema.org","@graph":[{"@type":"WebPage","@id":"https:\/\/shop.bantam.ch\/de\/produkt\/rain-outside-seitenwand-universel-links-und-recht\/","url":"https:\/\/shop.bantam.ch\/de\/produkt\/rain-outside-seitenwand-universel-links-und-recht\/","name":"Rain Outside: Seitenwand universel Links und Recht - Bantam","isPartOf":{"@id":"https:\/\/shop.bantam.ch\/de\/#website"},"primaryImageOfPage":{"@id":"https:\/\/shop.bantam.ch\/de\/produkt\/rain-outside-seitenwand-universel-links-und-recht\/#primaryimage"},"image":{"@id":"https:\/\/shop.bantam.ch\/de\/produkt\/rain-outside-seitenwand-universel-links-und-recht\/#primaryimage"},"thumbnailUrl":"https:\/\/shop.bantam.ch\/wp-content\/uploads\/2023\/03\/Rain-outside-d-s-50022009-A-1.jpg","datePublished":"2023-03-22T10:45:23+00:00","dateModified":"2026-05-11T21:54:34+00:00","breadcrumb":{"@id":"https:\/\/shop.bantam.ch\/de\/produkt\/rain-outside-seitenwand-universel-links-und-recht\/#breadcrumb"},"inLanguage":"de","potentialAction":[{"@type":"ReadAction","target":["https:\/\/shop.bantam.ch\/de\/produkt\/rain-outside-seitenwand-universel-links-und-recht\/"]}]},{"@type":"ImageObject","inLanguage":"de","@id":"https:\/\/shop.bantam.ch\/de\/produkt\/rain-outside-seitenwand-universel-links-und-recht\/#primaryimage","url":"https:\/\/shop.bantam.ch\/wp-content\/uploads\/2023\/03\/Rain-outside-d-s-50022009-A-1.jpg","contentUrl":"https:\/\/shop.bantam.ch\/wp-content\/uploads\/2023\/03\/Rain-outside-d-s-50022009-A-1.jpg","width":2048,"height":1365},{"@type":"BreadcrumbList","@id":"https:\/\/shop.bantam.ch\/de\/produkt\/rain-outside-seitenwand-universel-links-und-recht\/#breadcrumb","itemListElement":[{"@type":"ListItem","position":1,"name":"Accueil","item":"https:\/\/shop.bantam.ch\/de\/"},{"@type":"ListItem","position":2,"name":"Shop","item":"https:\/\/shop.bantam.ch\/de\/shop\/"},{"@type":"ListItem","position":3,"name":"Rain Outside: Seitenwand universel Links und Recht"}]},{"@type":"WebSite","@id":"https:\/\/shop.bantam.ch\/de\/#website","url":"https:\/\/shop.bantam.ch\/de\/","name":"Bantam","description":"","publisher":{"@id":"https:\/\/shop.bantam.ch\/de\/#organization"},"inLanguage":"de"},{"@type":"Organization","@id":"https:\/\/shop.bantam.ch\/de\/#organization","name":"Bantam","url":"https:\/\/shop.bantam.ch\/de\/","logo":{"@type":"ImageObject","inLanguage":"de","@id":"https:\/\/shop.bantam.ch\/de\/#\/schema\/logo\/image\/","url":"https:\/\/shop.bantam.ch\/wp-content\/uploads\/2022\/12\/bantam-logo.png","contentUrl":"https:\/\/shop.bantam.ch\/wp-content\/uploads\/2022\/12\/bantam-logo.png","width":320,"height":71,"caption":"Bantam"},"image":{"@id":"https:\/\/shop.bantam.ch\/de\/#\/schema\/logo\/image\/"}}]}},"_links":{"self":[{"href":"https:\/\/shop.bantam.ch\/de\/wp-json\/wp\/v2\/product\/151727","targetHints":{"allow":["GET"]}}],"collection":[{"href":"https:\/\/shop.bantam.ch\/de\/wp-json\/wp\/v2\/product"}],"about":[{"href":"https:\/\/shop.bantam.ch\/de\/wp-json\/wp\/v2\/types\/product"}],"wp:featuredmedia":[{"embeddable":true,"href":"https:\/\/shop.bantam.ch\/de\/wp-json\/wp\/v2\/media\/151709"}],"wp:attachment":[{"href":"https:\/\/shop.bantam.ch\/de\/wp-json\/wp\/v2\/media?parent=151727"}],"wp:term":[{"taxonomy":"product_featured_cat","embeddable":true,"href":"https:\/\/shop.bantam.ch\/de\/wp-json\/wp\/v2\/product_featured_cat?post=151727"},{"taxonomy":"product_brand","embeddable":true,"href":"https:\/\/shop.bantam.ch\/de\/wp-json\/wp\/v2\/product_brand?post=151727"},{"taxonomy":"product_cat","embeddable":true,"href":"https:\/\/shop.bantam.ch\/de\/wp-json\/wp\/v2\/product_cat?post=151727"},{"taxonomy":"product_tag","embeddable":true,"href":"https:\/\/shop.bantam.ch\/de\/wp-json\/wp\/v2\/product_tag?post=151727"}],"curies":[{"name":"wp","href":"https:\/\/api.w.org\/{rel}","templated":true}]}}