{"id":151699,"date":"2023-03-22T11:43:10","date_gmt":"2023-03-22T10:43:10","guid":{"rendered":"https:\/\/shop.bantam.ch\/produit\/happy-sun-seitenwand-westfield\/"},"modified":"2026-05-01T23:53:22","modified_gmt":"2026-05-01T21:53:22","slug":"happy-sun-seitenwand-westfield","status":"publish","type":"product","link":"https:\/\/shop.bantam.ch\/de\/produkt\/happy-sun-seitenwand-westfield\/","title":{"rendered":"Happy Sun Seitenwand DWT"},"content":{"rendered":"<p>Ausstattung:<\/p>\n<p>\u2013 Die Vorderwandteile k\u00f6nnen \u00fcber Keder in die Kederschiene des Markisen-Ausfallprofils eingezogen werden.<br \/>\u2013 Die Seitenw\u00e4nde werden \u00fcber eine Spannstange zwischen Markisenkasten und Ausfallprofil gespannt.<br \/>\u2013 Alle Wandteile verf\u00fcgen am unteren Ende \u00fcber \u00d6sen, mit denen die Wandteile schr\u00e4g und nach individuellem Wunsch abgespannt werden k\u00f6nnen.<br \/>\u2013 Farbige Abspannleinen fallen auf.<br \/>\u2013 Das eingesetzte Mesh-Gewebe reduziert den Lichteinfall und die Zugluft und bietet dadurch ein sonnen- und windgesch\u00fctztes Pl\u00e4tzchen unter der Markise.<br \/>\u2013 Die Vorderwand ist hochrollbar.<br \/>\u2013 Die Vorderwand ist mit Steckkastenteilen zur Anbringung eines Sicherheitsgurtes (Option) ausgestattet.<\/p>\n<p>Material: Mesh-Gewebe (PVC-beschichtetes Polyester-Gittergewebe) beschichtet und komplett abwaschbar, der Spritzschutz ist aus beidseitig PVC-beschichtetem Polyestergewebe und ebenfalls komplett abwaschbar. Hochfrequenz-verschwei\u00dfte Abspann\u00f6sen, extrem rei\u00dffest. Gest\u00e4nge: jede Seitenwand ist zur Befestigung (Aufh\u00e4ngung) mit einer Stahl-Spannstange (25 x 1 mm) ausgestattet. Lieferumfang: Wandteil mit Abspannmaterial, Seitenw\u00e4nde mit Spannstange.<\/p>\n","protected":false},"excerpt":{"rendered":"<p>Ausstattung: \u2013 Die Vorderwandteile k\u00f6nnen \u00fcber Keder in die Kederschiene des Markisen-Ausfallprofils eingezogen werden.\u2013 Die Seitenw\u00e4nde werden \u00fcber eine Spannstange zwischen Markisenkasten und Ausfallprofil gespannt.\u2013 Alle Wandteile verf\u00fcgen am unteren Ende \u00fcber \u00d6sen, mit denen die Wandteile schr\u00e4g und nach individuellem Wunsch abgespannt werden k\u00f6nnen.\u2013 Farbige Abspannleinen fallen auf.\u2013 Das eingesetzte Mesh-Gewebe reduziert den Lichteinfall [&hellip;]<\/p>\n","protected":false},"featured_media":151679,"template":"","meta":{"_acf_changed":false},"product_featured_cat":[],"product_brand":[3687],"product_cat":[4222],"product_tag":[],"class_list":{"0":"post-151699","1":"product","2":"type-product","3":"status-publish","4":"has-post-thumbnail","6":"product_brand-dwt-de","7":"product_cat-markisen-seitenwaende","9":"first","10":"instock","11":"taxable","12":"shipping-taxable","13":"purchasable","14":"product-type-variable"},"acf":[],"yoast_head":"<!-- This site is optimized with the Yoast SEO plugin v27.5 - https:\/\/yoast.com\/product\/yoast-seo-wordpress\/ -->\n<title>Happy Sun Seitenwand DWT - Bantam<\/title>\n<meta name=\"robots\" content=\"index, follow, max-snippet:-1, max-image-preview:large, max-video-preview:-1\" \/>\n<link rel=\"canonical\" href=\"https:\/\/shop.bantam.ch\/de\/produkt\/happy-sun-seitenwand-westfield\/\" \/>\n<meta property=\"og:locale\" content=\"de_DE\" \/>\n<meta property=\"og:type\" content=\"article\" \/>\n<meta property=\"og:title\" content=\"Happy Sun Seitenwand DWT - Bantam\" \/>\n<meta property=\"og:description\" content=\"Ausstattung: \u2013 Die Vorderwandteile k\u00f6nnen \u00fcber Keder in die Kederschiene des Markisen-Ausfallprofils eingezogen werden.\u2013 Die Seitenw\u00e4nde werden \u00fcber eine Spannstange zwischen Markisenkasten und Ausfallprofil gespannt.\u2013 Alle Wandteile verf\u00fcgen am unteren Ende \u00fcber \u00d6sen, mit denen die Wandteile schr\u00e4g und nach individuellem Wunsch abgespannt werden k\u00f6nnen.\u2013 Farbige Abspannleinen fallen auf.\u2013 Das eingesetzte Mesh-Gewebe reduziert den Lichteinfall [&hellip;]\" \/>\n<meta property=\"og:url\" content=\"https:\/\/shop.bantam.ch\/de\/produkt\/happy-sun-seitenwand-westfield\/\" \/>\n<meta property=\"og:site_name\" content=\"Bantam\" \/>\n<meta property=\"article:modified_time\" content=\"2026-05-01T21:53:22+00:00\" \/>\n<meta property=\"og:image\" content=\"https:\/\/shop.bantam.ch\/wp-content\/uploads\/2023\/03\/Happy-sun-d-s-50022001-a-1.jpg\" \/>\n\t<meta property=\"og:image:width\" content=\"2048\" \/>\n\t<meta property=\"og:image:height\" content=\"1365\" \/>\n\t<meta property=\"og:image:type\" content=\"image\/jpeg\" \/>\n<meta name=\"twitter:card\" content=\"summary_large_image\" \/>\n<meta name=\"twitter:label1\" content=\"Gesch\u00e4tzte Lesezeit\" \/>\n\t<meta name=\"twitter:data1\" content=\"1\u00a0Minute\" \/>\n<script type=\"application\/ld+json\" class=\"yoast-schema-graph\">{\"@context\":\"https:\\\/\\\/schema.org\",\"@graph\":[{\"@type\":\"WebPage\",\"@id\":\"https:\\\/\\\/shop.bantam.ch\\\/de\\\/produkt\\\/happy-sun-seitenwand-westfield\\\/\",\"url\":\"https:\\\/\\\/shop.bantam.ch\\\/de\\\/produkt\\\/happy-sun-seitenwand-westfield\\\/\",\"name\":\"Happy Sun Seitenwand DWT - Bantam\",\"isPartOf\":{\"@id\":\"https:\\\/\\\/shop.bantam.ch\\\/de\\\/#website\"},\"primaryImageOfPage\":{\"@id\":\"https:\\\/\\\/shop.bantam.ch\\\/de\\\/produkt\\\/happy-sun-seitenwand-westfield\\\/#primaryimage\"},\"image\":{\"@id\":\"https:\\\/\\\/shop.bantam.ch\\\/de\\\/produkt\\\/happy-sun-seitenwand-westfield\\\/#primaryimage\"},\"thumbnailUrl\":\"https:\\\/\\\/shop.bantam.ch\\\/wp-content\\\/uploads\\\/2023\\\/03\\\/Happy-sun-d-s-50022001-a-1.jpg\",\"datePublished\":\"2023-03-22T10:43:10+00:00\",\"dateModified\":\"2026-05-01T21:53:22+00:00\",\"breadcrumb\":{\"@id\":\"https:\\\/\\\/shop.bantam.ch\\\/de\\\/produkt\\\/happy-sun-seitenwand-westfield\\\/#breadcrumb\"},\"inLanguage\":\"de\",\"potentialAction\":[{\"@type\":\"ReadAction\",\"target\":[\"https:\\\/\\\/shop.bantam.ch\\\/de\\\/produkt\\\/happy-sun-seitenwand-westfield\\\/\"]}]},{\"@type\":\"ImageObject\",\"inLanguage\":\"de\",\"@id\":\"https:\\\/\\\/shop.bantam.ch\\\/de\\\/produkt\\\/happy-sun-seitenwand-westfield\\\/#primaryimage\",\"url\":\"https:\\\/\\\/shop.bantam.ch\\\/wp-content\\\/uploads\\\/2023\\\/03\\\/Happy-sun-d-s-50022001-a-1.jpg\",\"contentUrl\":\"https:\\\/\\\/shop.bantam.ch\\\/wp-content\\\/uploads\\\/2023\\\/03\\\/Happy-sun-d-s-50022001-a-1.jpg\",\"width\":2048,\"height\":1365},{\"@type\":\"BreadcrumbList\",\"@id\":\"https:\\\/\\\/shop.bantam.ch\\\/de\\\/produkt\\\/happy-sun-seitenwand-westfield\\\/#breadcrumb\",\"itemListElement\":[{\"@type\":\"ListItem\",\"position\":1,\"name\":\"Accueil\",\"item\":\"https:\\\/\\\/shop.bantam.ch\\\/de\\\/\"},{\"@type\":\"ListItem\",\"position\":2,\"name\":\"Shop\",\"item\":\"https:\\\/\\\/shop.bantam.ch\\\/de\\\/shop\\\/\"},{\"@type\":\"ListItem\",\"position\":3,\"name\":\"Happy Sun Seitenwand DWT\"}]},{\"@type\":\"WebSite\",\"@id\":\"https:\\\/\\\/shop.bantam.ch\\\/de\\\/#website\",\"url\":\"https:\\\/\\\/shop.bantam.ch\\\/de\\\/\",\"name\":\"Bantam\",\"description\":\"\",\"publisher\":{\"@id\":\"https:\\\/\\\/shop.bantam.ch\\\/de\\\/#organization\"},\"inLanguage\":\"de\"},{\"@type\":\"Organization\",\"@id\":\"https:\\\/\\\/shop.bantam.ch\\\/de\\\/#organization\",\"name\":\"Bantam\",\"url\":\"https:\\\/\\\/shop.bantam.ch\\\/de\\\/\",\"logo\":{\"@type\":\"ImageObject\",\"inLanguage\":\"de\",\"@id\":\"https:\\\/\\\/shop.bantam.ch\\\/de\\\/#\\\/schema\\\/logo\\\/image\\\/\",\"url\":\"https:\\\/\\\/shop.bantam.ch\\\/wp-content\\\/uploads\\\/2022\\\/12\\\/bantam-logo.png\",\"contentUrl\":\"https:\\\/\\\/shop.bantam.ch\\\/wp-content\\\/uploads\\\/2022\\\/12\\\/bantam-logo.png\",\"width\":320,\"height\":71,\"caption\":\"Bantam\"},\"image\":{\"@id\":\"https:\\\/\\\/shop.bantam.ch\\\/de\\\/#\\\/schema\\\/logo\\\/image\\\/\"}}]}<\/script>\n<!-- \/ Yoast SEO plugin. -->","yoast_head_json":{"title":"Happy Sun Seitenwand DWT - Bantam","robots":{"index":"index","follow":"follow","max-snippet":"max-snippet:-1","max-image-preview":"max-image-preview:large","max-video-preview":"max-video-preview:-1"},"canonical":"https:\/\/shop.bantam.ch\/de\/produkt\/happy-sun-seitenwand-westfield\/","og_locale":"de_DE","og_type":"article","og_title":"Happy Sun Seitenwand DWT - Bantam","og_description":"Ausstattung: \u2013 Die Vorderwandteile k\u00f6nnen \u00fcber Keder in die Kederschiene des Markisen-Ausfallprofils eingezogen werden.\u2013 Die Seitenw\u00e4nde werden \u00fcber eine Spannstange zwischen Markisenkasten und Ausfallprofil gespannt.\u2013 Alle Wandteile verf\u00fcgen am unteren Ende \u00fcber \u00d6sen, mit denen die Wandteile schr\u00e4g und nach individuellem Wunsch abgespannt werden k\u00f6nnen.\u2013 Farbige Abspannleinen fallen auf.\u2013 Das eingesetzte Mesh-Gewebe reduziert den Lichteinfall [&hellip;]","og_url":"https:\/\/shop.bantam.ch\/de\/produkt\/happy-sun-seitenwand-westfield\/","og_site_name":"Bantam","article_modified_time":"2026-05-01T21:53:22+00:00","og_image":[{"width":2048,"height":1365,"url":"https:\/\/shop.bantam.ch\/wp-content\/uploads\/2023\/03\/Happy-sun-d-s-50022001-a-1.jpg","type":"image\/jpeg"}],"twitter_card":"summary_large_image","twitter_misc":{"Gesch\u00e4tzte Lesezeit":"1\u00a0Minute"},"schema":{"@context":"https:\/\/schema.org","@graph":[{"@type":"WebPage","@id":"https:\/\/shop.bantam.ch\/de\/produkt\/happy-sun-seitenwand-westfield\/","url":"https:\/\/shop.bantam.ch\/de\/produkt\/happy-sun-seitenwand-westfield\/","name":"Happy Sun Seitenwand DWT - Bantam","isPartOf":{"@id":"https:\/\/shop.bantam.ch\/de\/#website"},"primaryImageOfPage":{"@id":"https:\/\/shop.bantam.ch\/de\/produkt\/happy-sun-seitenwand-westfield\/#primaryimage"},"image":{"@id":"https:\/\/shop.bantam.ch\/de\/produkt\/happy-sun-seitenwand-westfield\/#primaryimage"},"thumbnailUrl":"https:\/\/shop.bantam.ch\/wp-content\/uploads\/2023\/03\/Happy-sun-d-s-50022001-a-1.jpg","datePublished":"2023-03-22T10:43:10+00:00","dateModified":"2026-05-01T21:53:22+00:00","breadcrumb":{"@id":"https:\/\/shop.bantam.ch\/de\/produkt\/happy-sun-seitenwand-westfield\/#breadcrumb"},"inLanguage":"de","potentialAction":[{"@type":"ReadAction","target":["https:\/\/shop.bantam.ch\/de\/produkt\/happy-sun-seitenwand-westfield\/"]}]},{"@type":"ImageObject","inLanguage":"de","@id":"https:\/\/shop.bantam.ch\/de\/produkt\/happy-sun-seitenwand-westfield\/#primaryimage","url":"https:\/\/shop.bantam.ch\/wp-content\/uploads\/2023\/03\/Happy-sun-d-s-50022001-a-1.jpg","contentUrl":"https:\/\/shop.bantam.ch\/wp-content\/uploads\/2023\/03\/Happy-sun-d-s-50022001-a-1.jpg","width":2048,"height":1365},{"@type":"BreadcrumbList","@id":"https:\/\/shop.bantam.ch\/de\/produkt\/happy-sun-seitenwand-westfield\/#breadcrumb","itemListElement":[{"@type":"ListItem","position":1,"name":"Accueil","item":"https:\/\/shop.bantam.ch\/de\/"},{"@type":"ListItem","position":2,"name":"Shop","item":"https:\/\/shop.bantam.ch\/de\/shop\/"},{"@type":"ListItem","position":3,"name":"Happy Sun Seitenwand DWT"}]},{"@type":"WebSite","@id":"https:\/\/shop.bantam.ch\/de\/#website","url":"https:\/\/shop.bantam.ch\/de\/","name":"Bantam","description":"","publisher":{"@id":"https:\/\/shop.bantam.ch\/de\/#organization"},"inLanguage":"de"},{"@type":"Organization","@id":"https:\/\/shop.bantam.ch\/de\/#organization","name":"Bantam","url":"https:\/\/shop.bantam.ch\/de\/","logo":{"@type":"ImageObject","inLanguage":"de","@id":"https:\/\/shop.bantam.ch\/de\/#\/schema\/logo\/image\/","url":"https:\/\/shop.bantam.ch\/wp-content\/uploads\/2022\/12\/bantam-logo.png","contentUrl":"https:\/\/shop.bantam.ch\/wp-content\/uploads\/2022\/12\/bantam-logo.png","width":320,"height":71,"caption":"Bantam"},"image":{"@id":"https:\/\/shop.bantam.ch\/de\/#\/schema\/logo\/image\/"}}]}},"_links":{"self":[{"href":"https:\/\/shop.bantam.ch\/de\/wp-json\/wp\/v2\/product\/151699","targetHints":{"allow":["GET"]}}],"collection":[{"href":"https:\/\/shop.bantam.ch\/de\/wp-json\/wp\/v2\/product"}],"about":[{"href":"https:\/\/shop.bantam.ch\/de\/wp-json\/wp\/v2\/types\/product"}],"wp:featuredmedia":[{"embeddable":true,"href":"https:\/\/shop.bantam.ch\/de\/wp-json\/wp\/v2\/media\/151679"}],"wp:attachment":[{"href":"https:\/\/shop.bantam.ch\/de\/wp-json\/wp\/v2\/media?parent=151699"}],"wp:term":[{"taxonomy":"product_featured_cat","embeddable":true,"href":"https:\/\/shop.bantam.ch\/de\/wp-json\/wp\/v2\/product_featured_cat?post=151699"},{"taxonomy":"product_brand","embeddable":true,"href":"https:\/\/shop.bantam.ch\/de\/wp-json\/wp\/v2\/product_brand?post=151699"},{"taxonomy":"product_cat","embeddable":true,"href":"https:\/\/shop.bantam.ch\/de\/wp-json\/wp\/v2\/product_cat?post=151699"},{"taxonomy":"product_tag","embeddable":true,"href":"https:\/\/shop.bantam.ch\/de\/wp-json\/wp\/v2\/product_tag?post=151699"}],"curies":[{"name":"wp","href":"https:\/\/api.w.org\/{rel}","templated":true}]}}