{"id":151614,"date":"2023-03-22T11:39:43","date_gmt":"2023-03-22T10:39:43","guid":{"rendered":"https:\/\/shop.bantam.ch\/produit\/windschutz-schlauch\/"},"modified":"2026-04-17T23:57:57","modified_gmt":"2026-04-17T21:57:57","slug":"windschutz-schlauch","status":"publish","type":"product","link":"https:\/\/shop.bantam.ch\/de\/produkt\/windschutz-schlauch\/","title":{"rendered":"Windschutz-Schlauch"},"content":{"rendered":"<p class=\"MsoNormal\" style=\"margin-bottom: 0cm\"><span lang=\"FR\">Sch\u00fctzt vor Zugluft unterhalb des Fahrzeuges. Erh\u00f6ht durch den damit geschaffenen Windschutz die Standstabilit\u00e4t des Zeltes und bietet eine gesch\u00fctzte Sitzfl\u00e4che. Die Luftpumpe geh\u00f6rt nicht zum Lieferumfang und ist separat zu bestellen.<\/span><\/p>\n","protected":false},"excerpt":{"rendered":"<p>Sch\u00fctzt vor Zugluft unterhalb des Fahrzeuges. Erh\u00f6ht durch den damit geschaffenen Windschutz die Standstabilit\u00e4t des Zeltes und bietet eine gesch\u00fctzte Sitzfl\u00e4che. Die Luftpumpe geh\u00f6rt nicht zum Lieferumfang und ist separat zu bestellen.<\/p>\n","protected":false},"featured_media":151607,"template":"","meta":{"_acf_changed":false},"product_featured_cat":[],"product_brand":[3687],"product_cat":[4226],"product_tag":[],"class_list":{"0":"post-151614","1":"product","2":"type-product","3":"status-publish","4":"has-post-thumbnail","6":"product_brand-dwt-de","7":"product_cat-markisen-adapter","9":"first","10":"instock","11":"taxable","12":"shipping-taxable","13":"purchasable","14":"product-type-variable"},"acf":[],"yoast_head":"<!-- This site is optimized with the Yoast SEO plugin v27.4 - https:\/\/yoast.com\/product\/yoast-seo-wordpress\/ -->\n<title>Windschutz-Schlauch - Bantam Camping AG<\/title>\n<meta name=\"robots\" content=\"index, follow, max-snippet:-1, max-image-preview:large, max-video-preview:-1\" \/>\n<link rel=\"canonical\" href=\"https:\/\/shop.bantam.ch\/de\/produkt\/windschutz-schlauch\/\" \/>\n<meta property=\"og:locale\" content=\"de_DE\" \/>\n<meta property=\"og:type\" content=\"article\" \/>\n<meta property=\"og:title\" content=\"Windschutz-Schlauch - Bantam Camping AG\" \/>\n<meta property=\"og:description\" content=\"Sch\u00fctzt vor Zugluft unterhalb des Fahrzeuges. Erh\u00f6ht durch den damit geschaffenen Windschutz die Standstabilit\u00e4t des Zeltes und bietet eine gesch\u00fctzte Sitzfl\u00e4che. Die Luftpumpe geh\u00f6rt nicht zum Lieferumfang und ist separat zu bestellen.\" \/>\n<meta property=\"og:url\" content=\"https:\/\/shop.bantam.ch\/de\/produkt\/windschutz-schlauch\/\" \/>\n<meta property=\"og:site_name\" content=\"Bantam Camping AG\" \/>\n<meta property=\"article:modified_time\" content=\"2026-04-17T21:57:57+00:00\" \/>\n<meta property=\"og:image\" content=\"https:\/\/shop.bantam.ch\/wp-content\/uploads\/2023\/03\/Windschutz-Schlauch-50022016-50022018-1.jpg\" \/>\n\t<meta property=\"og:image:width\" content=\"2048\" \/>\n\t<meta property=\"og:image:height\" content=\"1365\" \/>\n\t<meta property=\"og:image:type\" content=\"image\/jpeg\" \/>\n<meta name=\"twitter:card\" content=\"summary_large_image\" \/>\n<script type=\"application\/ld+json\" class=\"yoast-schema-graph\">{\"@context\":\"https:\\\/\\\/schema.org\",\"@graph\":[{\"@type\":\"WebPage\",\"@id\":\"https:\\\/\\\/shop.bantam.ch\\\/de\\\/produkt\\\/windschutz-schlauch\\\/\",\"url\":\"https:\\\/\\\/shop.bantam.ch\\\/de\\\/produkt\\\/windschutz-schlauch\\\/\",\"name\":\"Windschutz-Schlauch - Bantam Camping AG\",\"isPartOf\":{\"@id\":\"https:\\\/\\\/shop.bantam.ch\\\/de\\\/#website\"},\"primaryImageOfPage\":{\"@id\":\"https:\\\/\\\/shop.bantam.ch\\\/de\\\/produkt\\\/windschutz-schlauch\\\/#primaryimage\"},\"image\":{\"@id\":\"https:\\\/\\\/shop.bantam.ch\\\/de\\\/produkt\\\/windschutz-schlauch\\\/#primaryimage\"},\"thumbnailUrl\":\"https:\\\/\\\/shop.bantam.ch\\\/wp-content\\\/uploads\\\/2023\\\/03\\\/Windschutz-Schlauch-50022016-50022018-1.jpg\",\"datePublished\":\"2023-03-22T10:39:43+00:00\",\"dateModified\":\"2026-04-17T21:57:57+00:00\",\"breadcrumb\":{\"@id\":\"https:\\\/\\\/shop.bantam.ch\\\/de\\\/produkt\\\/windschutz-schlauch\\\/#breadcrumb\"},\"inLanguage\":\"de\",\"potentialAction\":[{\"@type\":\"ReadAction\",\"target\":[\"https:\\\/\\\/shop.bantam.ch\\\/de\\\/produkt\\\/windschutz-schlauch\\\/\"]}]},{\"@type\":\"ImageObject\",\"inLanguage\":\"de\",\"@id\":\"https:\\\/\\\/shop.bantam.ch\\\/de\\\/produkt\\\/windschutz-schlauch\\\/#primaryimage\",\"url\":\"https:\\\/\\\/shop.bantam.ch\\\/wp-content\\\/uploads\\\/2023\\\/03\\\/Windschutz-Schlauch-50022016-50022018-1.jpg\",\"contentUrl\":\"https:\\\/\\\/shop.bantam.ch\\\/wp-content\\\/uploads\\\/2023\\\/03\\\/Windschutz-Schlauch-50022016-50022018-1.jpg\",\"width\":2048,\"height\":1365},{\"@type\":\"BreadcrumbList\",\"@id\":\"https:\\\/\\\/shop.bantam.ch\\\/de\\\/produkt\\\/windschutz-schlauch\\\/#breadcrumb\",\"itemListElement\":[{\"@type\":\"ListItem\",\"position\":1,\"name\":\"Accueil\",\"item\":\"https:\\\/\\\/shop.bantam.ch\\\/de\\\/\"},{\"@type\":\"ListItem\",\"position\":2,\"name\":\"Shop\",\"item\":\"https:\\\/\\\/shop.bantam.ch\\\/de\\\/shop\\\/\"},{\"@type\":\"ListItem\",\"position\":3,\"name\":\"Windschutz-Schlauch\"}]},{\"@type\":\"WebSite\",\"@id\":\"https:\\\/\\\/shop.bantam.ch\\\/de\\\/#website\",\"url\":\"https:\\\/\\\/shop.bantam.ch\\\/de\\\/\",\"name\":\"Bantam Camping AG\",\"description\":\"\",\"publisher\":{\"@id\":\"https:\\\/\\\/shop.bantam.ch\\\/de\\\/#organization\"},\"inLanguage\":\"de\"},{\"@type\":\"Organization\",\"@id\":\"https:\\\/\\\/shop.bantam.ch\\\/de\\\/#organization\",\"name\":\"Bantam Camping AG\",\"url\":\"https:\\\/\\\/shop.bantam.ch\\\/de\\\/\",\"logo\":{\"@type\":\"ImageObject\",\"inLanguage\":\"de\",\"@id\":\"https:\\\/\\\/shop.bantam.ch\\\/de\\\/#\\\/schema\\\/logo\\\/image\\\/\",\"url\":\"https:\\\/\\\/shop.bantam.ch\\\/wp-content\\\/uploads\\\/2022\\\/12\\\/bantam-logo.png\",\"contentUrl\":\"https:\\\/\\\/shop.bantam.ch\\\/wp-content\\\/uploads\\\/2022\\\/12\\\/bantam-logo.png\",\"width\":320,\"height\":71,\"caption\":\"Bantam Camping AG\"},\"image\":{\"@id\":\"https:\\\/\\\/shop.bantam.ch\\\/de\\\/#\\\/schema\\\/logo\\\/image\\\/\"}}]}<\/script>\n<!-- \/ Yoast SEO plugin. -->","yoast_head_json":{"title":"Windschutz-Schlauch - Bantam Camping AG","robots":{"index":"index","follow":"follow","max-snippet":"max-snippet:-1","max-image-preview":"max-image-preview:large","max-video-preview":"max-video-preview:-1"},"canonical":"https:\/\/shop.bantam.ch\/de\/produkt\/windschutz-schlauch\/","og_locale":"de_DE","og_type":"article","og_title":"Windschutz-Schlauch - Bantam Camping AG","og_description":"Sch\u00fctzt vor Zugluft unterhalb des Fahrzeuges. Erh\u00f6ht durch den damit geschaffenen Windschutz die Standstabilit\u00e4t des Zeltes und bietet eine gesch\u00fctzte Sitzfl\u00e4che. Die Luftpumpe geh\u00f6rt nicht zum Lieferumfang und ist separat zu bestellen.","og_url":"https:\/\/shop.bantam.ch\/de\/produkt\/windschutz-schlauch\/","og_site_name":"Bantam Camping AG","article_modified_time":"2026-04-17T21:57:57+00:00","og_image":[{"width":2048,"height":1365,"url":"https:\/\/shop.bantam.ch\/wp-content\/uploads\/2023\/03\/Windschutz-Schlauch-50022016-50022018-1.jpg","type":"image\/jpeg"}],"twitter_card":"summary_large_image","schema":{"@context":"https:\/\/schema.org","@graph":[{"@type":"WebPage","@id":"https:\/\/shop.bantam.ch\/de\/produkt\/windschutz-schlauch\/","url":"https:\/\/shop.bantam.ch\/de\/produkt\/windschutz-schlauch\/","name":"Windschutz-Schlauch - Bantam Camping AG","isPartOf":{"@id":"https:\/\/shop.bantam.ch\/de\/#website"},"primaryImageOfPage":{"@id":"https:\/\/shop.bantam.ch\/de\/produkt\/windschutz-schlauch\/#primaryimage"},"image":{"@id":"https:\/\/shop.bantam.ch\/de\/produkt\/windschutz-schlauch\/#primaryimage"},"thumbnailUrl":"https:\/\/shop.bantam.ch\/wp-content\/uploads\/2023\/03\/Windschutz-Schlauch-50022016-50022018-1.jpg","datePublished":"2023-03-22T10:39:43+00:00","dateModified":"2026-04-17T21:57:57+00:00","breadcrumb":{"@id":"https:\/\/shop.bantam.ch\/de\/produkt\/windschutz-schlauch\/#breadcrumb"},"inLanguage":"de","potentialAction":[{"@type":"ReadAction","target":["https:\/\/shop.bantam.ch\/de\/produkt\/windschutz-schlauch\/"]}]},{"@type":"ImageObject","inLanguage":"de","@id":"https:\/\/shop.bantam.ch\/de\/produkt\/windschutz-schlauch\/#primaryimage","url":"https:\/\/shop.bantam.ch\/wp-content\/uploads\/2023\/03\/Windschutz-Schlauch-50022016-50022018-1.jpg","contentUrl":"https:\/\/shop.bantam.ch\/wp-content\/uploads\/2023\/03\/Windschutz-Schlauch-50022016-50022018-1.jpg","width":2048,"height":1365},{"@type":"BreadcrumbList","@id":"https:\/\/shop.bantam.ch\/de\/produkt\/windschutz-schlauch\/#breadcrumb","itemListElement":[{"@type":"ListItem","position":1,"name":"Accueil","item":"https:\/\/shop.bantam.ch\/de\/"},{"@type":"ListItem","position":2,"name":"Shop","item":"https:\/\/shop.bantam.ch\/de\/shop\/"},{"@type":"ListItem","position":3,"name":"Windschutz-Schlauch"}]},{"@type":"WebSite","@id":"https:\/\/shop.bantam.ch\/de\/#website","url":"https:\/\/shop.bantam.ch\/de\/","name":"Bantam Camping AG","description":"","publisher":{"@id":"https:\/\/shop.bantam.ch\/de\/#organization"},"inLanguage":"de"},{"@type":"Organization","@id":"https:\/\/shop.bantam.ch\/de\/#organization","name":"Bantam Camping AG","url":"https:\/\/shop.bantam.ch\/de\/","logo":{"@type":"ImageObject","inLanguage":"de","@id":"https:\/\/shop.bantam.ch\/de\/#\/schema\/logo\/image\/","url":"https:\/\/shop.bantam.ch\/wp-content\/uploads\/2022\/12\/bantam-logo.png","contentUrl":"https:\/\/shop.bantam.ch\/wp-content\/uploads\/2022\/12\/bantam-logo.png","width":320,"height":71,"caption":"Bantam Camping AG"},"image":{"@id":"https:\/\/shop.bantam.ch\/de\/#\/schema\/logo\/image\/"}}]}},"_links":{"self":[{"href":"https:\/\/shop.bantam.ch\/de\/wp-json\/wp\/v2\/product\/151614","targetHints":{"allow":["GET"]}}],"collection":[{"href":"https:\/\/shop.bantam.ch\/de\/wp-json\/wp\/v2\/product"}],"about":[{"href":"https:\/\/shop.bantam.ch\/de\/wp-json\/wp\/v2\/types\/product"}],"wp:featuredmedia":[{"embeddable":true,"href":"https:\/\/shop.bantam.ch\/de\/wp-json\/wp\/v2\/media\/151607"}],"wp:attachment":[{"href":"https:\/\/shop.bantam.ch\/de\/wp-json\/wp\/v2\/media?parent=151614"}],"wp:term":[{"taxonomy":"product_featured_cat","embeddable":true,"href":"https:\/\/shop.bantam.ch\/de\/wp-json\/wp\/v2\/product_featured_cat?post=151614"},{"taxonomy":"product_brand","embeddable":true,"href":"https:\/\/shop.bantam.ch\/de\/wp-json\/wp\/v2\/product_brand?post=151614"},{"taxonomy":"product_cat","embeddable":true,"href":"https:\/\/shop.bantam.ch\/de\/wp-json\/wp\/v2\/product_cat?post=151614"},{"taxonomy":"product_tag","embeddable":true,"href":"https:\/\/shop.bantam.ch\/de\/wp-json\/wp\/v2\/product_tag?post=151614"}],"curies":[{"name":"wp","href":"https:\/\/api.w.org\/{rel}","templated":true}]}}